{"id":2507,"date":"2025-10-09T09:37:50","date_gmt":"2025-10-09T09:37:50","guid":{"rendered":"https:\/\/pgvape.com\/?post_type=product&#038;p=2507"},"modified":"2025-12-15T12:58:04","modified_gmt":"2025-12-15T12:58:04","slug":"jnr-falon-16000-16k-zaciagniec-jednorazowy-vape-oryginalna-edycja-akumulatorowy-vape-factory-direct","status":"publish","type":"product","link":"https:\/\/pgvape.com\/pl\/produkt\/jnr-falon-16000-16k-zaciagniec-jednorazowy-vape-oryginalna-edycja-akumulatorowy-vape-factory-direct\/","title":{"rendered":"JNR FALON 16000 16K Puffs Jednorazowy Vape Oryginalna edycja \u0141adowalny Vape Factory Direct"},"content":{"rendered":"<p><strong data-sourcepos=\"8:5-8:31\">Pufy JNR Falcon 16000<\/strong> \u0142\u0105czy <strong data-sourcepos=\"8:41-8:68\">waporyzacja o wysokiej wydajno\u015bci<\/strong> z <strong data-sourcepos=\"8:74-8:104\">elegancki kryszta\u0142owy design<\/strong>, dostarczanie <strong data-sourcepos=\"8:117-8:146\">16 000 ultrag\u0142adkich zaci\u0105gni\u0119\u0107<\/strong> z jego <strong data-sourcepos=\"8:156-8:182\">Pojemno\u015b\u0107 e-liquidu 22 ml<\/strong>. <strong data-sourcepos=\"8:198-8:229\">Akumulator o pojemno\u015bci 850 mAh<\/strong> I <strong data-sourcepos=\"8:234-8:255\">Cewka z podw\u00f3jn\u0105 siatk\u0105 1 \u03a9<\/strong>, produkuje <strong data-sourcepos=\"8:269-8:290\">30% bogatszy smak<\/strong> I <strong data-sourcepos=\"8:295-8:312\">g\u0119stsze chmury<\/strong>. <strong data-sourcepos=\"8:318-8:340\">regulowany przep\u0142yw powietrza<\/strong> umo\u017cliwia niestandardowe losowanie, podczas gdy <strong data-sourcepos=\"8:376-8:401\">najwy\u017cszej jako\u015bci kryszta\u0142owa skorupa<\/strong> dodaje luksusu. <strong data-sourcepos=\"8:420-8:435\">nikotyna 2%<\/strong> I <strong data-sourcepos=\"8:440-8:461\">25 egzotycznych smak\u00f3w<\/strong>, jest idealny dla ceni\u0105cych vaper\u00f3w <strong data-sourcepos=\"8:497-8:506\">styl<\/strong> I <strong data-sourcepos=\"8:511-8:524\">substancja<\/strong><\/p>\n<p>&nbsp;<\/p>\n<h2><span style=\"font-size: 90%;\">Specyfikacja jednorazowego waporyzatora JNR FALON 16K Puffs<\/span><\/h2>\n<p><strong data-sourcepos=\"13:3-13:17\">Liczba puf\u00f3w<\/strong>:\u00a0<strong data-sourcepos=\"13:19-13:35\">16 000 zaci\u0105gni\u0119\u0107<\/strong><\/p>\n<p><strong data-sourcepos=\"14:3-14:15\">E-ciecz<\/strong>:\u00a0<strong data-sourcepos=\"14:17-14:25\">22 ml<\/strong><\/p>\n<p><strong data-sourcepos=\"15:3-15:11\">Cewka<\/strong>:\u00a0<strong data-sourcepos=\"15:13-15:34\">Podw\u00f3jna cewka siatkowa 1 \u03a9<\/strong><\/p>\n<p><strong data-sourcepos=\"16:3-16:14\">Bateria<\/strong>:\u00a0<strong data-sourcepos=\"16:16-16:39\">Akumulator 850 mAh<\/strong><\/p>\n<p><strong data-sourcepos=\"17:3-17:14\">Przep\u0142yw powietrza<\/strong>:\u00a0<strong data-sourcepos=\"17:16-17:40\">Regulowany (MTL\/RDL)<\/strong><\/p>\n<p><strong data-sourcepos=\"18:3-18:13\">Projekt<\/strong>:\u00a0<strong data-sourcepos=\"18:15-18:38\">Kryszta\u0142owa skorupa<\/strong><\/p>\n<p><strong data-sourcepos=\"19:3-19:15\">Nikotyna<\/strong>:\u00a0<strong data-sourcepos=\"19:17-19:23\">2%<\/strong><\/p>\n<p><strong data-sourcepos=\"20:3-20:14\">Smaki<\/strong>:\u00a0<strong data-sourcepos=\"20:16-20:38\">25 opcji premium<\/strong><\/p>\n<p>&nbsp;<\/p>\n<h3><span style=\"font-size: 90%;\">JNR FALON 16K Puffs Lista smak\u00f3w jednorazowego waporyzatora<\/span><\/h3>\n<p><strong data-sourcepos=\"25:4-25:32\">1.Je\u017cyna Czerwona Malina<\/strong><\/p>\n<p><strong data-sourcepos=\"26:4-26:21\">2. Niebieski Razz L\u00f3d<\/strong><\/p>\n<p><strong data-sourcepos=\"27:4-27:33\">3.L\u00f3d z jagodami i granatami<\/strong><\/p>\n<p><strong data-sourcepos=\"28:4-28:31\">4.Jagoda Czerwona Malina<\/strong><\/p>\n<p><strong data-sourcepos=\"29:4-29:27\">5. Mango Marakuja<\/strong><\/p>\n<p><strong data-sourcepos=\"30:4-30:26\">6. Kiwi z marakuji<\/strong><\/p>\n<p><strong data-sourcepos=\"31:4-31:20\">7. Winogrono Sakura<\/strong><\/p>\n<p><strong data-sourcepos=\"32:4-32:23\">8.Truskawkowe Kiwi<\/strong><\/p>\n<p><strong data-sourcepos=\"33:4-33:33\">9.L\u00f3d truskawkowo-arbuzowy<\/strong><\/p>\n<p><strong data-sourcepos=\"34:5-34:31\">10. Arbuz Mango Brzoskwinia<\/strong><\/p>\n<p><strong data-sourcepos=\"35:5-35:23\">11.L\u00f3d arbuzowy<\/strong><\/p>\n<p><strong data-sourcepos=\"36:5-36:20\">12. Wybuch jag\u00f3d<\/strong><\/p>\n<p><strong data-sourcepos=\"37:5-37:25\">13. Bia\u0142a brzoskwinia Razz<\/strong><\/p>\n<p><strong data-sourcepos=\"38:5-38:31\">14.Hubba Bubba Truskawka<\/strong><\/p>\n<p><strong data-sourcepos=\"39:5-39:35\">15.Jagoda Malina Wi\u015bnia<\/strong><\/p>\n<p><strong data-sourcepos=\"40:5-40:21\">16. Wi\u015bniowa Jagoda<\/strong><\/p>\n<p><strong data-sourcepos=\"41:5-41:23\">17.L\u00f3d truskawkowy<\/strong><\/p>\n<p><strong data-sourcepos=\"42:5-42:22\">18. Mieszane jagody<\/strong><\/p>\n<p><strong data-sourcepos=\"43:5-43:29\">19.Arbuzowa guma balonowa<\/strong><\/p>\n<p><strong data-sourcepos=\"44:5-44:26\">20.Truskawkowy Banan<\/strong><\/p>\n<p><strong data-sourcepos=\"45:5-45:17\">21. L\u00f3d z Col\u0105<\/strong><\/p>\n<p><strong data-sourcepos=\"46:5-46:23\">22.Jagodowe Kiwi<\/strong><\/p>\n<p><strong data-sourcepos=\"47:5-47:25\">23. Niebieska wi\u015bnia Razz<\/strong><\/p>\n<p><strong data-sourcepos=\"48:5-48:33\">24. Wi\u015bniowy zamro\u017cony arbuz<\/strong><\/p>\n<p><strong data-sourcepos=\"49:5-49:26\">25. Gazowana cola wi\u015bniowa<\/strong><\/p>\n<p><strong data-sourcepos=\"50:5-50:22\">26. Soczyste brzoskwinie<\/strong><\/p>\n<p><strong data-sourcepos=\"51:5-51:20\">27. Jagoda brzoskwiniowa<\/strong><\/p>\n<p><strong data-sourcepos=\"52:5-52:33\">28.Kiwi Gujawa z marakuji<\/strong><\/p>\n<p>&nbsp;<\/p>\n<p>&nbsp;<\/p>\n<h2 class=\"header-vfC6AV auto-hide-last-sibling-br\">Cz\u0119sto zadawane pytania dotycz\u0105ce jednorazowego waporyzatora JNR FALON 16K Puffs<\/h2>\n<p data-sourcepos=\"57:1-58:92\">\u2753 <strong data-sourcepos=\"57:3-57:50\">Co sprawia, \u017ce \u200b\u200bcewka z podw\u00f3jn\u0105 siatk\u0105 jest lepsza?<\/strong><br \/>\n\u2705 <strong data-sourcepos=\"58:3-58:20\">rezystancja 1 \u03a9<\/strong> optymalizuje <strong data-sourcepos=\"58:31-58:49\">klarowno\u015b\u0107 smaku<\/strong> I <strong data-sourcepos=\"58:54-58:71\">g\u0119sto\u015b\u0107 pary<\/strong> dla g\u0142adszych uderze\u0144.<\/p>\n<p data-sourcepos=\"60:1-61:71\">\u2753 <strong data-sourcepos=\"60:3-60:44\">Jak dzia\u0142a regulowany przep\u0142yw powietrza?<\/strong><br \/>\n\u2705Dokr\u0119\u0107 na <strong data-sourcepos=\"61:15-61:34\">zaci\u0119te remisy MTL<\/strong> lub poluzowa\u0107 <strong data-sourcepos=\"61:49-61:68\">zwiewne chmury RDL<\/strong>.<\/p>\n<p data-sourcepos=\"63:1-64:69\">\u2753 <strong data-sourcepos=\"63:3-63:46\">Czy liczba 16 000 zaci\u0105gni\u0119\u0107 jest realistyczna?<\/strong><br \/>\n\u2705 <strong data-sourcepos=\"64:3-64:20\">Pojemno\u015b\u0107 22 ml<\/strong> + <strong data-sourcepos=\"64:23-64:41\">wydajna cewka<\/strong> zapewnia <strong data-sourcepos=\"64:50-64:66\">tygodnie u\u017cytkowania<\/strong>.<\/p>\n<p data-sourcepos=\"66:1-67:70\">\u2753 <strong data-sourcepos=\"66:3-66:51\">Co jest specjalnego w kryszta\u0142owym projekcie?<\/strong><br \/>\n\u2705 <strong data-sourcepos=\"67:3-67:28\">Wysokiej jako\u015bci akrylowa skorupa<\/strong> z <strong data-sourcepos=\"67:34-67:49\">Akcenty LED<\/strong> dla poczucia luksusu.<\/p>\n<p data-sourcepos=\"69:1-72:50\">\u2753 <strong data-sourcepos=\"69:3-69:38\">Kt\u00f3re smaki ciesz\u0105 si\u0119 najwi\u0119ksz\u0105 popularno\u015bci\u0105?<\/strong><br \/>\n\u2714 <strong data-sourcepos=\"70:3-70:20\">Niebieski Razz L\u00f3d<\/strong> (pikantny i lodowaty) \u2714 <strong data-sourcepos=\"71:3-71:32\">Lody Truskawkowo-Arbuzowe<\/strong> (soczysty i ch\u0142odny) \u2714 <strong data-sourcepos=\"72:3-72:31\">Gujawa z marakuji kiwi<\/strong> (poncz tropikalny)<\/p>\n<p>&nbsp;<\/p>\n<h3 id=\"brxe-najhln\" class=\"brxe-heading\">Cz\u0119sto zadawane pytania (FAQ)<\/h3>\n<div id=\"brxe-rajiac\" class=\"brxe-text\">\n<p><strong>P: Jakie metody p\u0142atno\u015bci akceptujecie?<\/strong><br \/>\nOdp.: Akceptujemy PayPal, Stripe, przelewy bankowe (obs\u0142ugiwane SEPA), g\u0142\u00f3wne karty kredytowe (Visa, MasterCard, American Express) i p\u0142atno\u015bci w kryptowalutach.<\/p>\n<p><strong>P: Jak d\u0142ugo trwa przygotowanie zam\u00f3wienia?<\/strong><br \/>\nOdp.: Przygotowanie zam\u00f3wienia zajmuje 1-3 dni robocze.<\/p>\n<p><strong>P: Jaki jest czas wysy\u0142ki?<\/strong><br \/>\nOdp.: Czas wysy\u0142ki wynosi 7-14 dni roboczych, w zale\u017cno\u015bci od Twojej lokalizacji.<\/p>\n<p><strong>P: Jak mog\u0119 \u015bledzi\u0107 moje zam\u00f3wienie?<\/strong><br \/>\nOdp.: Po wysy\u0142ce otrzymasz wiadomo\u015b\u0107 e-mail z potwierdzeniem i numerem przesy\u0142ki umo\u017cliwiaj\u0105cym \u015bledzenie w czasie rzeczywistym.<\/p>\n<p><strong>P: Jaka jest Twoja polityka zwrot\u00f3w?<\/strong><br \/>\nOdp.: Oferujemy 30-dniow\u0105 polityk\u0119 zwrot\u00f3w lub wymiany. .<\/p>\n<p><strong>P: Czy wyst\u0105pi\u0105 jakie\u015b problemy celne?<br \/>\n<\/strong>Obs\u0142ugujemy wszystkie procedury odprawy celnej, aby zapewni\u0107 Ci bezproblemow\u0105 obs\u0142ug\u0119. .<\/p>\n<p><strong>P: Jakie metody wysy\u0142ki s\u0105 stosowane?<\/strong><br \/>\nWsp\u00f3\u0142pracujemy z firmami UPS\/DHL\/FEDEX\/DPD itp. W zale\u017cno\u015bci od kraju dostawy wybierzemy odpowiedni\u0105 opcj\u0119 wysy\u0142ki, tak aby produkty dotar\u0142y do \u200b\u200bPa\u0144stwa najszybciej jak to mo\u017cliwe.<\/p>\n<p><a href=\"https:\/\/pgvape.com\/pl\/czesto-zadawane-pytania\/\">Kliknij tutaj, aby uzyska\u0107 wi\u0119cej cz\u0119sto zadawanych pyta\u0144<\/a><\/p>\n<p>Szanowni klienci, je\u015bli masz jakiekolwiek pytania dotycz\u0105ce zam\u00f3wienia lub przybycia towaru, skontaktuj si\u0119 z naszym dzia\u0142em obs\u0142ugi klienta. Dzi\u0119kuj\u0119!<\/p>\n<h3 data-sourcepos=\"73:1-73:21\"><strong data-sourcepos=\"73:7-73:21\">Skontaktuj si\u0119 z nami<\/strong><\/h3>\n<div id=\"text-2419739398\" class=\"text\">\n<p><strong data-sourcepos=\"75:3-75:12\">E-mail<\/strong>:\u00a0<a href=\"mailto:support@pgvape.com\"><strong>support@pgvape.com<\/strong><\/a><\/p>\n<p><strong data-sourcepos=\"76:3-76:15\">WhatsApp<\/strong>: <a href=\"https:\/\/wa.me\/+8618128481258\"><strong>+86 18128481258<\/strong><\/a><br \/>\n<strong>(Odpowied\u017a w ci\u0105gu 24 godzin w dni robocze)<\/strong><\/p>\n<\/div>\n<h3><strong>Dzi\u0119kujemy za wybranie pgvape.com! .<\/strong><\/h3>\n<\/div>","protected":false},"excerpt":{"rendered":"<p><strong data-sourcepos=\"77:1-77:224\">\u201cJNR Falcon 16000: Luksusowy jednorazowy waporyzator z 16 tys. zaci\u0105gni\u0119\u0107, kryszta\u0142owym wzorem i 25 smakami. Zawiera podw\u00f3jn\u0105 cewk\u0119 siatkow\u0105 1 \u03a9, regulowany przep\u0142yw powietrza i bateri\u0119 850 mAh zapewniaj\u0105c\u0105 najwy\u017csz\u0105 wydajno\u015b\u0107. \u201d<\/strong><\/p>","protected":false},"featured_media":2510,"comment_status":"open","ping_status":"closed","template":"","meta":{"_seopress_robots_primary_cat":"none","_seopress_titles_title":"%%post_title%% %%sep%% %%sitetitle%%","_seopress_titles_desc":"","_seopress_robots_index":""},"product_brand":[516,228],"product_cat":[229,515,29],"product_tag":[232,233,235,90,231,234,136],"class_list":{"0":"post-2507","1":"product","2":"type-product","3":"status-publish","4":"has-post-thumbnail","6":"product_brand-disposable-vape","7":"product_brand-jnr-vape","8":"product_cat-16k-puffs-vape","9":"product_cat-disposable-vape","10":"product_cat-jnr-vape","11":"product_tag-16k-puffs","12":"product_tag-16k-vape","13":"product_tag-28tastes","14":"product_tag-disposable-vape","15":"product_tag-jnr-falon-16000","16":"product_tag-original-edition-rechargeable","17":"product_tag-smart-screen","19":"first","20":"instock","21":"sale","22":"shipping-taxable","23":"purchasable","24":"product-type-variable"},"_links":{"self":[{"href":"https:\/\/pgvape.com\/pl\/wp-json\/wp\/v2\/product\/2507","targetHints":{"allow":["GET"]}}],"collection":[{"href":"https:\/\/pgvape.com\/pl\/wp-json\/wp\/v2\/product"}],"about":[{"href":"https:\/\/pgvape.com\/pl\/wp-json\/wp\/v2\/types\/product"}],"replies":[{"embeddable":true,"href":"https:\/\/pgvape.com\/pl\/wp-json\/wp\/v2\/comments?post=2507"}],"wp:featuredmedia":[{"embeddable":true,"href":"https:\/\/pgvape.com\/pl\/wp-json\/wp\/v2\/media\/2510"}],"wp:attachment":[{"href":"https:\/\/pgvape.com\/pl\/wp-json\/wp\/v2\/media?parent=2507"}],"wp:term":[{"taxonomy":"product_brand","embeddable":true,"href":"https:\/\/pgvape.com\/pl\/wp-json\/wp\/v2\/product_brand?post=2507"},{"taxonomy":"product_cat","embeddable":true,"href":"https:\/\/pgvape.com\/pl\/wp-json\/wp\/v2\/product_cat?post=2507"},{"taxonomy":"product_tag","embeddable":true,"href":"https:\/\/pgvape.com\/pl\/wp-json\/wp\/v2\/product_tag?post=2507"}],"curies":[{"name":"wp","href":"https:\/\/api.w.org\/{rel}","templated":true}]}}