{"id":2456,"date":"2025-10-09T07:42:52","date_gmt":"2025-10-09T07:42:52","guid":{"rendered":"https:\/\/pgvape.com\/?post_type=product&#038;p=2456"},"modified":"2026-01-27T10:05:16","modified_gmt":"2026-01-27T10:05:16","slug":"jnr-falcon-pro-28000-28k-zaciagniec-jednorazowe-vape-2-nikotyna-20-smakow-podwojne-cewki-z-siatki-inteligentny-ekran-vape-factory-direct","status":"publish","type":"product","link":"https:\/\/pgvape.com\/pl\/produkt\/jnr-falcon-pro-28000-28k-zaciagniec-jednorazowe-vape-2-nikotyna-20-smakow-podwojne-cewki-z-siatki-inteligentny-ekran-vape-factory-direct\/","title":{"rendered":"JNR Falcon Pro 28000 | 28K Puffs Jednorazowy waporyzator | 2% Nikotyna | 20 smak\u00f3w | Podw\u00f3jna cewka siatkowa | Inteligentny ekran | Vape Factory Direct"},"content":{"rendered":"<p><strong data-sourcepos=\"6:5-6:35\">Puffy JNR Falcon Pro 28000<\/strong><span class=\"CustomP_animated_char__m3r9w\">\u00a0<\/span><span class=\"CustomP_animated_char__m3r9w\">redefiniuje<\/span><span class=\"CustomP_animated_char__m3r9w\">\u00a0<\/span><span class=\"CustomP_animated_char__m3r9w\">jednorazowe<\/span><span class=\"CustomP_animated_char__m3r9w\">\u00a0<\/span><span class=\"CustomP_animated_char__m3r9w\">wapowanie<\/span><span class=\"CustomP_animated_char__m3r9w\">\u00a0<\/span><span class=\"CustomP_animated_char__m3r9w\">z<\/span><span class=\"CustomP_animated_char__m3r9w\">\u00a0<\/span><strong data-sourcepos=\"6:69-6:93\">rozszerzona wydajno\u015b\u0107<\/strong><span class=\"CustomP_animated_char__m3r9w\">\u00a0<\/span><span class=\"CustomP_animated_char__m3r9w\">I<\/span><span class=\"CustomP_animated_char__m3r9w\">\u00a0<\/span><strong data-sourcepos=\"6:98-6:125\">intensywne dostarczanie smaku<\/strong>. <strong data-sourcepos=\"6:139-6:179\">wydajny akumulator o pojemno\u015bci 950 mAh<\/strong> I <strong data-sourcepos=\"6:184-6:210\">Pojemno\u015b\u0107 e-liquidu 30 ml<\/strong>, to urz\u0105dzenie zapewnia <strong data-sourcepos=\"6:233-6:262\">do 28 000 g\u0142adkich zaci\u0105gni\u0119\u0107<\/strong>. <strong data-sourcepos=\"6:268-6:293\">system cewek z podw\u00f3jn\u0105 siatk\u0105<\/strong> zapewnia <strong data-sourcepos=\"6:302-6:318\">g\u0119stsza para<\/strong> I <strong data-sourcepos=\"6:323-6:339\">bogatszy smak<\/strong>, podczas gdy <strong data-sourcepos=\"6:351-6:367\">inteligentny ekran<\/strong> informuje Ci\u0119 na bie\u017c\u0105co <strong data-sourcepos=\"6:392-6:433\">monitorowanie stanu baterii i zaci\u0105gni\u0119\u0107 w czasie rzeczywistym<\/strong>. <strong data-sourcepos=\"6:440-6:464\">Szybkie \u0142adowanie typu C<\/strong> I <strong data-sourcepos=\"6:469-6:498\">20 opcji smakowych premium<\/strong>, to idealny wyb\u00f3r dla poszukuj\u0105cych vaper\u00f3w <strong data-sourcepos=\"6:543-6:572\">d\u0142ugotrwa\u0142\u0105 satysfakcj\u0119<\/strong> I <strong data-sourcepos=\"6:577-6:600\">wydajno\u015b\u0107 premium<\/strong><span class=\"CustomP_animated_char__m3r9w\">.<\/span><\/p>\n<p>&nbsp;<\/p>\n<h2><span style=\"font-size: 90%;\">Specyfikacja jednorazowego waporyzatora JNR Falcon Pro28000 | 28K Puffs<\/span><\/h2>\n<p><strong data-sourcepos=\"11:3-11:17\">Liczba puf\u00f3w<\/strong>:\u00a0<strong data-sourcepos=\"11:19-11:35\">28 000 zaci\u0105gni\u0119\u0107<\/strong><\/p>\n<p><strong data-sourcepos=\"12:3-12:24\">Pojemno\u015b\u0107 e-cieczy<\/strong>:\u00a0<strong data-sourcepos=\"12:26-12:34\">30ml<\/strong><\/p>\n<p><strong data-sourcepos=\"13:3-13:11\">Cewka<\/strong>:ml**<\/p>\n<p><strong data-sourcepos=\"14:3-14:11\">Cewka<\/strong>:\u00a0<strong data-sourcepos=\"14:13-14:31\">Podw\u00f3jna cewka siatkowa<\/strong><\/p>\n<p><strong data-sourcepos=\"15:3-15:14\">Bateria<\/strong>:\u00a0<strong data-sourcepos=\"15:16-15:39\">Akumulator 950 mAh<\/strong><\/p>\n<p><strong data-sourcepos=\"16:3-16:15\">\u0141adowanie<\/strong>:\u00a0<strong data-sourcepos=\"16:17-16:41\">Szybkie \u0142adowanie typu C<\/strong><\/p>\n<p><strong data-sourcepos=\"17:3-17:14\">Wy\u015bwietlacz<\/strong>:\u00a0<strong data-sourcepos=\"17:16-17:53\">Inteligentny ekran (liczba baterii\/zaci\u0105gni\u0119\u0107)<\/strong><\/p>\n<p><strong data-sourcepos=\"18:3-18:15\">Nikotyna<\/strong>:\u00a0<strong data-sourcepos=\"18:17-18:23\">2%<\/strong><\/p>\n<p><strong data-sourcepos=\"19:3-19:14\">Smaki<\/strong>:\u00a0<strong data-sourcepos=\"19:16-19:38\">20 opcji premium<\/strong><\/p>\n<p><strong data-sourcepos=\"20:3-20:16\">Opakowanie<\/strong>:\u00a0<strong data-sourcepos=\"20:18-20:36\">5 urz\u0105dze\u0144\/opakowanie<\/strong><\/p>\n<p>&nbsp;<\/p>\n<h3><span style=\"font-size: 90%;\">JNR Falcon Pro28000 | 28K Puffs Jednorazowa lista smak\u00f3w Vape<\/span><\/h3>\n<p><strong data-sourcepos=\"25:4-25:22\">1.L\u00f3d truskawkowy<\/strong><\/p>\n<p><strong data-sourcepos=\"26:4-26:19\">2. Wi\u015bniowa Cola<\/strong><\/p>\n<p><strong data-sourcepos=\"27:4-27:22\">3. L\u00f3d arbuzowy<\/strong><\/p>\n<p><strong data-sourcepos=\"28:4-28:24\">4. Niebieska wi\u015bnia Razz<\/strong><\/p>\n<p><strong data-sourcepos=\"29:4-29:23\">5.Truskawkowe Kiwi<\/strong><\/p>\n<p><strong data-sourcepos=\"30:4-30:34\">6.Jagoda Malina Wi\u015bnia<\/strong><\/p>\n<p><strong data-sourcepos=\"31:4-31:33\">7.L\u00f3d arbuzowo-truskawkowy<\/strong><\/p>\n<p><strong data-sourcepos=\"32:4-32:27\">8.Kiwi Arbuzowy L\u00f3d<\/strong><\/p>\n<p><strong data-sourcepos=\"33:4-33:21\">9. Mieszane jagody<\/strong><\/p>\n<p><strong data-sourcepos=\"34:5-34:22\">10. Soczyste brzoskwinie<\/strong><\/p>\n<p><strong data-sourcepos=\"35:5-35:22\">11.L\u00f3d jagodowy<\/strong><\/p>\n<p><strong data-sourcepos=\"36:5-36:33\">12.Jagoda Kwa\u015bna Malina<\/strong><\/p>\n<p><strong data-sourcepos=\"37:5-37:25\">13. Bia\u0142a brzoskwinia Razz<\/strong><\/p>\n<p><strong data-sourcepos=\"38:5-38:28\">14. Mango Marakuja<\/strong><\/p>\n<p><strong data-sourcepos=\"39:5-39:31\">15. Arbuz brzoskwiniowo-mango<\/strong><\/p>\n<p><strong data-sourcepos=\"40:5-40:29\">16.Arbuzowa guma balonowa<\/strong><\/p>\n<p><strong data-sourcepos=\"41:5-41:26\">17.Truskawkowy Banan<\/strong><\/p>\n<p><strong data-sourcepos=\"42:5-42:21\">18.Podw\u00f3jne jab\u0142ko<\/strong><\/p>\n<p><strong data-sourcepos=\"43:5-43:27\">19.Kiwi Pasja Gujawa<\/strong><\/p>\n<p><strong data-sourcepos=\"44:5-44:21\">20. Wi\u015bniowa Jagoda<\/strong><\/p>\n<p><img loading=\"lazy\" decoding=\"async\" class=\"alignnone wp-image-2476 size-full\" src=\"https:\/\/pgvape.com\/wp-content\/uploads\/2025\/10\/pgvape-pgvape-JNR-Falcon-Pro-28K-Puffs-Disposable-Vape-2-Nicotine-20Tastes-Dual-Mesh-Coils-Smart-Screen-Vape-Factory-Direct-18.png\" alt=\"\" width=\"1920\" height=\"1080\" srcset=\"https:\/\/pgvape.com\/wp-content\/uploads\/2025\/10\/pgvape-pgvape-JNR-Falcon-Pro-28K-Puffs-Disposable-Vape-2-Nicotine-20Tastes-Dual-Mesh-Coils-Smart-Screen-Vape-Factory-Direct-18.png 1920w, https:\/\/pgvape.com\/wp-content\/uploads\/2025\/10\/pgvape-pgvape-JNR-Falcon-Pro-28K-Puffs-Disposable-Vape-2-Nicotine-20Tastes-Dual-Mesh-Coils-Smart-Screen-Vape-Factory-Direct-18-555x312.png 555w, https:\/\/pgvape.com\/wp-content\/uploads\/2025\/10\/pgvape-pgvape-JNR-Falcon-Pro-28K-Puffs-Disposable-Vape-2-Nicotine-20Tastes-Dual-Mesh-Coils-Smart-Screen-Vape-Factory-Direct-18-595x335.png 595w, https:\/\/pgvape.com\/wp-content\/uploads\/2025\/10\/pgvape-pgvape-JNR-Falcon-Pro-28K-Puffs-Disposable-Vape-2-Nicotine-20Tastes-Dual-Mesh-Coils-Smart-Screen-Vape-Factory-Direct-18-400x225.png 400w, https:\/\/pgvape.com\/wp-content\/uploads\/2025\/10\/pgvape-pgvape-JNR-Falcon-Pro-28K-Puffs-Disposable-Vape-2-Nicotine-20Tastes-Dual-Mesh-Coils-Smart-Screen-Vape-Factory-Direct-18-768x432.png 768w, https:\/\/pgvape.com\/wp-content\/uploads\/2025\/10\/pgvape-pgvape-JNR-Falcon-Pro-28K-Puffs-Disposable-Vape-2-Nicotine-20Tastes-Dual-Mesh-Coils-Smart-Screen-Vape-Factory-Direct-18-1536x864.png 1536w, https:\/\/pgvape.com\/wp-content\/uploads\/2025\/10\/pgvape-pgvape-JNR-Falcon-Pro-28K-Puffs-Disposable-Vape-2-Nicotine-20Tastes-Dual-Mesh-Coils-Smart-Screen-Vape-Factory-Direct-18-18x10.png 18w, https:\/\/pgvape.com\/wp-content\/uploads\/2025\/10\/pgvape-pgvape-JNR-Falcon-Pro-28K-Puffs-Disposable-Vape-2-Nicotine-20Tastes-Dual-Mesh-Coils-Smart-Screen-Vape-Factory-Direct-18-600x338.png 600w, https:\/\/pgvape.com\/wp-content\/uploads\/2025\/10\/pgvape-pgvape-JNR-Falcon-Pro-28K-Puffs-Disposable-Vape-2-Nicotine-20Tastes-Dual-Mesh-Coils-Smart-Screen-Vape-Factory-Direct-18-60x34.png 60w\" sizes=\"auto, (max-width: 1920px) 100vw, 1920px\" \/><\/p>\n<h2 class=\"header-vfC6AV auto-hide-last-sibling-br\">Cz\u0119sto zadawane pytania dotycz\u0105ce JNR Falcon Pro28000 | 28K Puffs Jednorazowy waporyzator<\/h2>\n<p data-sourcepos=\"49:1-50:103\">\u2753 <strong data-sourcepos=\"49:3-49:54\">Co wyr\u00f3\u017cnia liczb\u0119 28 000 zaci\u0105gni\u0119\u0107?<br \/>\n<\/strong> \u2705 <strong data-sourcepos=\"50:3-50:30\">Zoptymalizowana pojemno\u015b\u0107 30 ml<\/strong> I <strong data-sourcepos=\"50:35-50:63\">wydajna cewka z podw\u00f3jn\u0105 siatk\u0105<\/strong> dostarcza\u0107 <strong data-sourcepos=\"50:72-50:100\">przed\u0142u\u017cone sesje wapowania<\/strong>.<\/p>\n<p data-sourcepos=\"52:1-53:102\">\u2753 <strong data-sourcepos=\"52:3-52:62\">W jaki spos\u00f3b cewka z podw\u00f3jn\u0105 siatk\u0105 poprawia wra\u017cenia?<\/strong><br \/>\n\u2705 <strong data-sourcepos=\"53:3-53:28\">Podw\u00f3jne elementy grzejne<\/strong> dostarcza\u0107 <strong data-sourcepos=\"53:37-53:56\">40% wi\u0119cej smaku<\/strong> I <strong data-sourcepos=\"53:61-53:79\">grubsze chmury<\/strong> ni\u017c standardowe cewki.<\/p>\n<p data-sourcepos=\"55:1-56:78\">\u2753 <strong data-sourcepos=\"55:3-55:44\">Czy bateria 950 mAh wystarczy?<\/strong><br \/>\n\u2705 <strong data-sourcepos=\"56:3-56:11\">Tak!<\/strong> Oferty <strong data-sourcepos=\"56:19-56:42\">ca\u0142odzienna wydajno\u015b\u0107<\/strong> z <strong data-sourcepos=\"56:48-56:75\">szybkie \u0142adowanie typu C<\/strong>.<\/p>\n<p data-sourcepos=\"58:1-59:29\">\u2753 <strong data-sourcepos=\"58:3-58:30\">Czy mog\u0119 monitorowa\u0107 swoje wykorzystanie?<\/strong><br \/>\n\u2705 <strong data-sourcepos=\"59:3-59:20\">Inteligentny wy\u015bwietlacz<\/strong> wida\u0107:<strong data-sourcepos=\"60:3-60:24\">Pozosta\u0142a bateria <\/strong><strong data-sourcepos=\"61:3-61:17\">Liczba zaci\u0105gni\u0119\u0107 <\/strong><strong data-sourcepos=\"62:3-62:20\">Stan wapowania<\/strong><\/p>\n<p data-sourcepos=\"64:1-67:42\">\u2753 <strong data-sourcepos=\"64:3-64:34\">Dla kogo ten waporyzator jest idealny?<\/strong><br \/>\n\u2714 <strong data-sourcepos=\"65:3-65:28\">Vapery skoncentrowane na smaku<\/strong> \u2714 <strong data-sourcepos=\"66:3-66:18\">Ci\u0119\u017ccy u\u017cytkownicy<\/strong> wymagaj\u0105cy d\u0142ugiego czasu pracy baterii \u2714 <strong data-sourcepos=\"67:3-67:20\">\u0141owcy chmur<\/strong> chc\u0105c g\u0119stej pary<\/p>\n<p>&nbsp;<\/p>\n<h3 id=\"brxe-najhln\" class=\"brxe-heading\">Cz\u0119sto zadawane pytania (FAQ)<\/h3>\n<div id=\"brxe-rajiac\" class=\"brxe-text\">\n<p><strong>P: Jakie metody p\u0142atno\u015bci akceptujecie?<\/strong><br \/>\nOdp.: Akceptujemy PayPal, Stripe, przelewy bankowe (obs\u0142ugiwane SEPA), g\u0142\u00f3wne karty kredytowe (Visa, MasterCard, American Express) i p\u0142atno\u015bci w kryptowalutach.<\/p>\n<p><strong>P: Jak d\u0142ugo trwa przygotowanie zam\u00f3wienia?<\/strong><br \/>\nOdp.: Przygotowanie zam\u00f3wienia zajmuje 1-3 dni robocze.<\/p>\n<p><strong>P: Jaki jest czas wysy\u0142ki?<\/strong><br \/>\nOdp.: Czas wysy\u0142ki wynosi 7-14 dni roboczych, w zale\u017cno\u015bci od Twojej lokalizacji.<\/p>\n<p><strong>P: Jak mog\u0119 \u015bledzi\u0107 moje zam\u00f3wienie?<\/strong><br \/>\nOdp.: Po wysy\u0142ce otrzymasz wiadomo\u015b\u0107 e-mail z potwierdzeniem i numerem przesy\u0142ki umo\u017cliwiaj\u0105cym \u015bledzenie w czasie rzeczywistym.<\/p>\n<p><strong>P: Jaka jest Twoja polityka zwrot\u00f3w?<\/strong><br \/>\nOdp.: Oferujemy 30-dniow\u0105 polityk\u0119 zwrot\u00f3w lub wymiany. .<\/p>\n<p><strong>P: Czy wyst\u0105pi\u0105 jakie\u015b problemy celne?<br \/>\n<\/strong>Obs\u0142ugujemy wszystkie procedury odprawy celnej, aby zapewni\u0107 Ci bezproblemow\u0105 obs\u0142ug\u0119. .<\/p>\n<p><strong>P: Jakie metody wysy\u0142ki s\u0105 stosowane?<\/strong><br \/>\nWsp\u00f3\u0142pracujemy z firmami UPS\/DHL\/FEDEX\/DPD itp. W zale\u017cno\u015bci od kraju dostawy wybierzemy odpowiedni\u0105 opcj\u0119 wysy\u0142ki, tak aby produkty dotar\u0142y do \u200b\u200bPa\u0144stwa najszybciej jak to mo\u017cliwe.<\/p>\n<p><a href=\"https:\/\/pgvape.com\/pl\/czesto-zadawane-pytania\/\">Kliknij tutaj, aby uzyska\u0107 wi\u0119cej cz\u0119sto zadawanych pyta\u0144<\/a><\/p>\n<p>Szanowni klienci, je\u015bli masz jakiekolwiek pytania dotycz\u0105ce zam\u00f3wienia lub przybycia towaru, skontaktuj si\u0119 z naszym dzia\u0142em obs\u0142ugi klienta. Dzi\u0119kuj\u0119!<\/p>\n<h3 data-sourcepos=\"73:1-73:21\"><strong data-sourcepos=\"73:7-73:21\">Skontaktuj si\u0119 z nami<\/strong><\/h3>\n<div id=\"text-2419739398\" class=\"text\">\n<p><strong data-sourcepos=\"75:3-75:12\">E-mail<\/strong>:\u00a0<a href=\"mailto:support@pgvape.com\"><strong>support@pgvape.com<\/strong><\/a><\/p>\n<p><strong data-sourcepos=\"76:3-76:15\">WhatsApp<\/strong>: <a href=\"https:\/\/wa.me\/+8618128481258\"><strong>+86 18128481258<\/strong><\/a><br \/>\n<strong>(Odpowied\u017a w ci\u0105gu 24 godzin w dni robocze)<\/strong><\/p>\n<\/div>\n<h3><strong>Dzi\u0119kujemy za wybranie pgvape.com! .<\/strong><\/h3>\n<\/div>","protected":false},"excerpt":{"rendered":"<p><strong data-sourcepos=\"72:1-72:234\">\u201cJNR Falcon Pro 28000: Wysokowydajny jednorazowy aparat z zaci\u0105gni\u0119ciami 28 tys., pojemno\u015bci\u0105 30 ml i podw\u00f3jn\u0105 cewk\u0105 siatkow\u0105. Wyposa\u017cony w inteligentny wy\u015bwietlacz, \u0142adowanie typu C i 20 smak\u00f3w zapewniaj\u0105cych najwy\u017csz\u0105 satysfakcj\u0119 z wapowania. \u201d<\/strong><\/p>","protected":false},"featured_media":2483,"comment_status":"open","ping_status":"closed","template":"","meta":{"_seopress_robots_primary_cat":"none","_seopress_titles_title":"%%post_title%% %%sep%% %%sitetitle%%","_seopress_titles_desc":"","_seopress_robots_index":""},"product_brand":[516,228],"product_cat":[227,515,29],"product_tag":[187,225,226,90,179,224,136],"class_list":{"0":"post-2456","1":"product","2":"type-product","3":"status-publish","4":"has-post-thumbnail","6":"product_brand-disposable-vape","7":"product_brand-jnr-vape","8":"product_cat-28k-puffs-vape","9":"product_cat-disposable-vape","10":"product_cat-jnr-vape","11":"product_tag-20tastes","12":"product_tag-28k-puffs","13":"product_tag-28k-vape","14":"product_tag-disposable-vape","15":"product_tag-dual-mesh-coils","16":"product_tag-jnr-falcon-pro","17":"product_tag-smart-screen","19":"first","20":"instock","21":"sale","22":"shipping-taxable","23":"purchasable","24":"product-type-variable"},"_links":{"self":[{"href":"https:\/\/pgvape.com\/pl\/wp-json\/wp\/v2\/product\/2456","targetHints":{"allow":["GET"]}}],"collection":[{"href":"https:\/\/pgvape.com\/pl\/wp-json\/wp\/v2\/product"}],"about":[{"href":"https:\/\/pgvape.com\/pl\/wp-json\/wp\/v2\/types\/product"}],"replies":[{"embeddable":true,"href":"https:\/\/pgvape.com\/pl\/wp-json\/wp\/v2\/comments?post=2456"}],"wp:featuredmedia":[{"embeddable":true,"href":"https:\/\/pgvape.com\/pl\/wp-json\/wp\/v2\/media\/2483"}],"wp:attachment":[{"href":"https:\/\/pgvape.com\/pl\/wp-json\/wp\/v2\/media?parent=2456"}],"wp:term":[{"taxonomy":"product_brand","embeddable":true,"href":"https:\/\/pgvape.com\/pl\/wp-json\/wp\/v2\/product_brand?post=2456"},{"taxonomy":"product_cat","embeddable":true,"href":"https:\/\/pgvape.com\/pl\/wp-json\/wp\/v2\/product_cat?post=2456"},{"taxonomy":"product_tag","embeddable":true,"href":"https:\/\/pgvape.com\/pl\/wp-json\/wp\/v2\/product_tag?post=2456"}],"curies":[{"name":"wp","href":"https:\/\/api.w.org\/{rel}","templated":true}]}}