{"id":2428,"date":"2025-10-09T05:33:50","date_gmt":"2025-10-09T05:33:50","guid":{"rendered":"https:\/\/pgvape.com\/?post_type=product&#038;p=2428"},"modified":"2025-12-15T12:59:06","modified_gmt":"2025-12-15T12:59:06","slug":"vopk-ultra-40000-40-tys-zaciagniec-podwojny-smak-jednorazowy-vape-ekran-rgd-vape-factory-direct","status":"publish","type":"product","link":"https:\/\/pgvape.com\/pl\/produkt\/vopk-ultra-40000-40-tys-zaciagniec-podwojny-smak-jednorazowy-vape-ekran-rgd-vape-factory-direct\/","title":{"rendered":"VOPK ULTRA 40000 40k Ptysi Podw\u00f3jny smak Jednorazowy wy\u015bwietlacz Vape RGD Ekran Vape Factory Direct"},"content":{"rendered":"<p><strong data-sourcepos=\"4:5-4:47\">Jednorazowy waporyzator VOPK ULTRA 40000 Puffs<\/strong> Dostarcza <strong data-sourcepos=\"4:57-4:84\">Niezr\u00f3wnana personalizacja<\/strong> Z <strong data-sourcepos=\"4:90-4:118\">Przedzia\u0142y o podw\u00f3jnym smaku<\/strong> I <strong data-sourcepos=\"4:123-4:150\">40 000 bardzo d\u0142ugich zaci\u0105gni\u0119\u0107<\/strong>. <strong data-sourcepos=\"4:162-4:181\">Cztery cewki siatkowe<\/strong> Dla <strong data-sourcepos=\"4:186-4:204\">Maksymalny smak<\/strong> I <strong data-sourcepos=\"4:209-4:229\">Produkcja pary<\/strong>, To zaawansowane urz\u0105dzenie oferuje <strong data-sourcepos=\"4:259-4:285\">Pojemno\u015b\u0107 36 ml e-p\u0142ynu<\/strong>, <strong data-sourcepos=\"4:287-4:318\">Akumulator 850 mAh<\/strong>, I <strong data-sourcepos=\"4:324-4:353\">Regulowane ustawienia mocy<\/strong>. <strong data-sourcepos=\"4:359-4:383\">Du\u017cy dynamiczny ekran<\/strong> Wy\u015bwietla <strong data-sourcepos=\"4:393-4:417\">Poziomy oleju w czasie rzeczywistym<\/strong>, Chwila <strong data-sourcepos=\"4:425-4:457\">0%\/2%\/3%\/5% Opcje nikotynowe<\/strong> Zaspok\u00f3j wszystkie preferencje. <strong data-sourcepos=\"4:489-4:515\">10 kombinacji smakowych<\/strong> I <strong data-sourcepos=\"4:520-4:539\">Tryby podw\u00f3jnego losowania<\/strong>, To najlepszy wyb\u00f3r dla <strong data-sourcepos=\"4:570-4:591\">Wymagaj\u0105cy waperzy<\/strong>.<\/p>\n<p>&nbsp;<\/p>\n<h2><span style=\"font-size: 90%;\">Specyfikacja jednorazowego waporyzatora VOPK ULTRA 40k Puffs Double Taste<\/span><\/h2>\n<p><strong data-sourcepos=\"9:3-9:17\">Liczba puf\u00f3w<\/strong>:\u00a0<strong data-sourcepos=\"9:19-9:35\">40 000 zaci\u0105gni\u0119\u0107<\/strong><\/p>\n<p><strong data-sourcepos=\"10:3-10:24\">Pojemno\u015b\u0107 e-cieczy<\/strong>:\u00a0<strong data-sourcepos=\"10:26-10:54\">36 ml (podw\u00f3jne przegr\u00f3dki)<\/strong><\/p>\n<p><strong data-sourcepos=\"11:3-11:11\">Cewka<\/strong>:\u00a0<strong data-sourcepos=\"11:13-11:45\">System cewek z poczw\u00f3rn\u0105 siatk\u0105 (1,0 \u03a9)<\/strong><\/p>\n<p><strong data-sourcepos=\"12:3-12:14\">Bateria<\/strong>:\u00a0<strong data-sourcepos=\"12:16-12:39\">Akumulator 850 mAh<\/strong><\/p>\n<p><strong data-sourcepos=\"13:3-13:15\">Nikotyna<\/strong>:\u00a0<strong data-sourcepos=\"13:17-13:38\">0% \/ 2% \/ 3% \/ 5%<\/strong><\/p>\n<p><strong data-sourcepos=\"14:3-14:14\">Wy\u015bwietlacz<\/strong>:\u00a0<strong data-sourcepos=\"14:16-14:46\">Podw\u00f3jny monitor oleju i akumulatora<\/strong><\/p>\n<p><strong data-sourcepos=\"15:3-15:12\">Tryby<\/strong>:\u00a0<strong data-sourcepos=\"15:14-15:53\">Pojedynczy\/podw\u00f3jny pob\u00f3r i regulowana moc<\/strong><\/p>\n<p><strong data-sourcepos=\"16:3-16:13\">Bezpiecze\u0144stwo<\/strong>:\u00a0<strong data-sourcepos=\"16:15-16:37\">Funkcja blokady rodzicielskiej<\/strong><\/p>\n<p><strong data-sourcepos=\"17:3-17:14\">Smaki<\/strong>:\u00a0<strong data-sourcepos=\"17:16-17:43\">10 kombinacji premium<\/strong><\/p>\n<p>&nbsp;<\/p>\n<h3><span style=\"font-size: 90%;\">VOPK ULTRA 40k Puffs Double Taste Jednorazowa lista smak\u00f3w Vape<\/span><\/h3>\n<p><strong data-sourcepos=\"22:4-22:56\">1. Arbuz truskawkowy \/ Gujawa z marakuji kiwi<\/strong><\/p>\n<p><strong data-sourcepos=\"23:4-23:52\">2.Jagoda Malina \/ Mango Brzoskwinia Arbuz<\/strong><\/p>\n<p><strong data-sourcepos=\"24:4-24:46\">3.Niebieski \u017belek Razz \/ Truskawkowy Kiwi<\/strong><\/p>\n<p><strong data-sourcepos=\"25:4-25:47\">4.Niebieska Razz Wi\u015bnia\/Truskawka Malina<\/strong><\/p>\n<p><strong data-sourcepos=\"26:4-26:50\">5.Fizzy Cytryna i Limonka \/ Arbuz \u015awie\u017ca Mi\u0119ta<\/strong><\/p>\n<p><strong data-sourcepos=\"27:4-27:38\">6. L\u00f3d arbuzowy \/ L\u00f3d niebieski Razz<\/strong><\/p>\n<p><strong data-sourcepos=\"28:4-28:42\">7. Niebieski Razz Ananas \/ Potr\u00f3jne Mango<\/strong><\/p>\n<p><strong data-sourcepos=\"29:4-29:48\">8. Winogrona Burst \/ Gruszka Jab\u0142ko Malina<\/strong><\/p>\n<p><strong data-sourcepos=\"30:4-30:60\">9.Truskawka \u017burawina Wi\u015bnia \/ Ananas Passion Limonka<\/strong><\/p>\n<p><strong data-sourcepos=\"31:5-31:67\">10. Mentol z jagodami i truskawkami \/ Mentol z jagodami i malinami<\/strong><\/p>\n<p><img loading=\"lazy\" decoding=\"async\" class=\"alignnone wp-image-2433 size-full\" src=\"https:\/\/pgvape.com\/wp-content\/uploads\/2025\/10\/pgvape-VOPK-ULTRA-40000-40k-Puffs-Double-Taste-Disposable-Vape-0-2-3-5-Nicotine-10Tastes-RGD-Screen-Display-Vape-Factory-Direct-3.png\" alt=\"Reklama VOPK Ultra 40000 przedstawiaj\u0105ca rz\u0105d kolorowych prostok\u0105tnych urz\u0105dze\u0144 do waporyzacji ze \u015bwiec\u0105cymi okr\u0105g\u0142ymi wy\u015bwietlaczami cyfrowymi i ustnikami w r\u00f3\u017cnych kolorach, pogrubiony tekst &#039;40000 PUFFS&#039; i &#039;VOPK ULTRA 40000&#039; na tle kosmicznego krajobrazu science fiction oraz zbli\u017cenie ustnika 2 w 1.\" width=\"1500\" height=\"1500\" srcset=\"https:\/\/pgvape.com\/wp-content\/uploads\/2025\/10\/pgvape-VOPK-ULTRA-40000-40k-Puffs-Double-Taste-Disposable-Vape-0-2-3-5-Nicotine-10Tastes-RGD-Screen-Display-Vape-Factory-Direct-3.png 1500w, https:\/\/pgvape.com\/wp-content\/uploads\/2025\/10\/pgvape-VOPK-ULTRA-40000-40k-Puffs-Double-Taste-Disposable-Vape-0-2-3-5-Nicotine-10Tastes-RGD-Screen-Display-Vape-Factory-Direct-3-360x360.png 360w, https:\/\/pgvape.com\/wp-content\/uploads\/2025\/10\/pgvape-VOPK-ULTRA-40000-40k-Puffs-Double-Taste-Disposable-Vape-0-2-3-5-Nicotine-10Tastes-RGD-Screen-Display-Vape-Factory-Direct-3-595x595.png 595w, https:\/\/pgvape.com\/wp-content\/uploads\/2025\/10\/pgvape-VOPK-ULTRA-40000-40k-Puffs-Double-Taste-Disposable-Vape-0-2-3-5-Nicotine-10Tastes-RGD-Screen-Display-Vape-Factory-Direct-3-400x400.png 400w, https:\/\/pgvape.com\/wp-content\/uploads\/2025\/10\/pgvape-VOPK-ULTRA-40000-40k-Puffs-Double-Taste-Disposable-Vape-0-2-3-5-Nicotine-10Tastes-RGD-Screen-Display-Vape-Factory-Direct-3-768x768.png 768w, https:\/\/pgvape.com\/wp-content\/uploads\/2025\/10\/pgvape-VOPK-ULTRA-40000-40k-Puffs-Double-Taste-Disposable-Vape-0-2-3-5-Nicotine-10Tastes-RGD-Screen-Display-Vape-Factory-Direct-3-12x12.png 12w, https:\/\/pgvape.com\/wp-content\/uploads\/2025\/10\/pgvape-VOPK-ULTRA-40000-40k-Puffs-Double-Taste-Disposable-Vape-0-2-3-5-Nicotine-10Tastes-RGD-Screen-Display-Vape-Factory-Direct-3-300x300.png 300w, https:\/\/pgvape.com\/wp-content\/uploads\/2025\/10\/pgvape-VOPK-ULTRA-40000-40k-Puffs-Double-Taste-Disposable-Vape-0-2-3-5-Nicotine-10Tastes-RGD-Screen-Display-Vape-Factory-Direct-3-600x600.png 600w, https:\/\/pgvape.com\/wp-content\/uploads\/2025\/10\/pgvape-VOPK-ULTRA-40000-40k-Puffs-Double-Taste-Disposable-Vape-0-2-3-5-Nicotine-10Tastes-RGD-Screen-Display-Vape-Factory-Direct-3-100x100.png 100w, https:\/\/pgvape.com\/wp-content\/uploads\/2025\/10\/pgvape-VOPK-ULTRA-40000-40k-Puffs-Double-Taste-Disposable-Vape-0-2-3-5-Nicotine-10Tastes-RGD-Screen-Display-Vape-Factory-Direct-3-40x40.png 40w\" sizes=\"auto, (max-width: 1500px) 100vw, 1500px\" \/><\/p>\n<h2 class=\"header-vfC6AV auto-hide-last-sibling-br\">Cz\u0119sto zadawane pytania dotycz\u0105ce jednorazowego waporyzatora VOPK ULTRA 40k Puffs Double Taste<\/h2>\n<p><iframe loading=\"lazy\" title=\"VOPK ULTRA 40k Puffs Jednorazowy Vape o podw\u00f3jnym smaku | Wy\u015bwietlacz RGD | Vape Factory Direct pgvape\" width=\"563\" height=\"1000\" src=\"https:\/\/www.youtube.com\/embed\/VIZLvOAGAPI?feature=oembed\" frameborder=\"0\" allow=\"accelerometer; autoplay; clipboard-write; encrypted-media; gyroscope; picture-in-picture; web-share\" referrerpolicy=\"strict-origin-when-cross-origin\" allowfullscreen><\/iframe><\/p>\n<p>&nbsp;<\/p>\n<p data-sourcepos=\"36:1-37:72\">\u2753 <strong data-sourcepos=\"36:3-36:52\">Co sprawia, \u017ce \u200b\u200bsystem Dual Flavour jest wyj\u0105tkowy?<\/strong><br \/>\n\u2705 <strong data-sourcepos=\"37:3-37:40\">Prze\u0142\u0105czaj si\u0119 mi\u0119dzy lub mieszaj dwa smaki<\/strong> Dla <strong data-sourcepos=\"37:45-37:70\">Nieko\u0144cz\u0105ca si\u0119 personalizacja<\/strong><\/p>\n<p data-sourcepos=\"39:1-40:65\">\u2753 <strong data-sourcepos=\"39:3-39:59\">W jaki spos\u00f3b cewka Quad Mesh zwi\u0119ksza wydajno\u015b\u0107?<\/strong><br \/>\n\u2705 <strong data-sourcepos=\"40:3-40:41\">Cztery cewki zapewniaj\u0105 40% wi\u0119cej smaku<\/strong> I <strong data-sourcepos=\"40:46-40:63\">G\u0119stsze chmury<\/strong><\/p>\n<p data-sourcepos=\"42:1-43:76\">\u2753 <strong data-sourcepos=\"42:3-42:46\">Czy mog\u0119 dostosowa\u0107 do\u015bwiadczenie wapowania?<\/strong><br \/>\n\u2705 <strong data-sourcepos=\"43:3-43:11\">Tak!<\/strong> Kontrola <strong data-sourcepos=\"43:20-43:36\">Moc wyj\u015bciowa<\/strong> I wybierz <strong data-sourcepos=\"43:48-43:74\">Tryby pojedynczego\/podw\u00f3jnego losowania<\/strong><\/p>\n<p data-sourcepos=\"45:1-46:72\">\u2753 <strong data-sourcepos=\"45:3-45:42\">Czy \u017cywotno\u015b\u0107 baterii jest wystarczaj\u0105ca?<\/strong><br \/>\n\u2705 <strong data-sourcepos=\"46:3-46:22\">Pojemno\u015b\u0107 850 mAh<\/strong> Zapewnia <strong data-sourcepos=\"46:32-46:47\">Do u\u017cytku przez ca\u0142y dzie\u0144<\/strong> Z <strong data-sourcepos=\"46:53-46:70\">Szybkie \u0142adowanie<\/strong><\/p>\n<p data-sourcepos=\"48:1-49:50\">\u2753 <strong data-sourcepos=\"48:3-48:41\">Jakie funkcje bezpiecze\u0144stwa s\u0105 uwzgl\u0119dnione?<\/strong><br \/>\n\u2705 <strong data-sourcepos=\"49:3-49:17\">Blokada dzieci\u0119ca<\/strong> Zapobiega przypadkowej aktywacji<\/p>\n<p data-sourcepos=\"51:1-52:71\">\u2753 <strong data-sourcepos=\"51:3-51:49\">Jak dok\u0142adna jest liczba 40 000 zaci\u0105gni\u0119\u0107?<br \/>\n<\/strong> \u2705 <strong data-sourcepos=\"52:3-52:23\">Zoptymalizowany system<\/strong> Zapewnia <strong data-sourcepos=\"52:32-52:50\">Rozszerzone u\u017cytkowanie<\/strong> Bez kompromis\u00f3w<\/p>\n<p>&nbsp;<\/p>\n<h2>Cz\u0119sto zadawane pytania (FAQ)<\/h2>\n<div id=\"brxe-rajiac\" class=\"brxe-text\">\n<p><strong>P: Jakie metody p\u0142atno\u015bci akceptujecie?<\/strong><br \/>\nOdp.: Akceptujemy PayPal, Stripe, przelewy bankowe (obs\u0142ugiwane SEPA), g\u0142\u00f3wne karty kredytowe (Visa, MasterCard, American Express) i p\u0142atno\u015bci w kryptowalutach.<\/p>\n<p><strong>P: Jak d\u0142ugo trwa przygotowanie zam\u00f3wienia?<\/strong><br \/>\nOdp.: Przygotowanie zam\u00f3wienia zajmuje 1-3 dni robocze.<\/p>\n<p><strong>P: Jaki jest czas wysy\u0142ki?<\/strong><br \/>\nOdp.: Czas wysy\u0142ki wynosi 7-14 dni roboczych, w zale\u017cno\u015bci od Twojej lokalizacji.<\/p>\n<p><strong>P: Jak mog\u0119 \u015bledzi\u0107 moje zam\u00f3wienie?<\/strong><br \/>\nOdp.: Po wysy\u0142ce otrzymasz wiadomo\u015b\u0107 e-mail z potwierdzeniem i numerem przesy\u0142ki umo\u017cliwiaj\u0105cym \u015bledzenie w czasie rzeczywistym.<\/p>\n<p><strong>P: Jaka jest Twoja polityka zwrot\u00f3w?<\/strong><br \/>\nOdp.: Oferujemy 30-dniow\u0105 polityk\u0119 zwrot\u00f3w lub wymiany. .<\/p>\n<p><strong>P: Czy wyst\u0105pi\u0105 jakie\u015b problemy celne?<br \/>\n<\/strong>Obs\u0142ugujemy wszystkie procedury odprawy celnej, aby zapewni\u0107 Ci bezproblemow\u0105 obs\u0142ug\u0119. .<\/p>\n<p><strong>P: Jakie metody wysy\u0142ki s\u0105 stosowane?<\/strong><br \/>\nWsp\u00f3\u0142pracujemy z firmami UPS\/DHL\/FEDEX\/DPD itp. W zale\u017cno\u015bci od kraju dostawy wybierzemy odpowiedni\u0105 opcj\u0119 wysy\u0142ki, tak aby produkty dotar\u0142y do \u200b\u200bPa\u0144stwa najszybciej jak to mo\u017cliwe.<\/p>\n<p><a href=\"https:\/\/pgvape.com\/pl\/czesto-zadawane-pytania\/\">Kliknij tutaj, aby uzyska\u0107 wi\u0119cej cz\u0119sto zadawanych pyta\u0144<\/a><\/p>\n<p>Szanowni klienci, je\u015bli masz jakiekolwiek pytania dotycz\u0105ce zam\u00f3wienia lub przybycia towaru, skontaktuj si\u0119 z naszym dzia\u0142em obs\u0142ugi klienta. Dzi\u0119kuj\u0119!<\/p>\n<h3 data-sourcepos=\"73:1-73:21\"><strong data-sourcepos=\"73:7-73:21\">Skontaktuj si\u0119 z nami<\/strong><\/h3>\n<div id=\"text-2419739398\" class=\"text\">\n<p><strong data-sourcepos=\"75:3-75:12\">E-mail<\/strong>:\u00a0<a href=\"mailto:support@pgvape.com\"><strong>support@pgvape.com<\/strong><\/a><\/p>\n<p><strong data-sourcepos=\"76:3-76:15\">WhatsApp<\/strong>: <a href=\"https:\/\/wa.me\/+8618128481258\"><strong>+86 18128481258<\/strong><\/a><br \/>\n<strong>(Odpowied\u017a w ci\u0105gu 24 godzin w dni robocze)<\/strong><\/p>\n<\/div>\n<h3><strong>Dzi\u0119kujemy za wybranie pgvape.com! .<\/strong><\/h3>\n<\/div>","protected":false},"excerpt":{"rendered":"<p><strong data-sourcepos=\"57:1-57:234\">\u201cVOPK ULTRA 40000: Najbardziej zaawansowany jednorazowy waporyzator z podw\u00f3jnymi smakami, zaci\u0105gni\u0119ciami 40 tys. i cewkami z poczw\u00f3rn\u0105 siatk\u0105. Pojemno\u015b\u0107 36 ml, regulowane ustawienia i 10 par smak\u00f3w dla maksymalnej personalizacji.\u201d<\/strong><\/p>","protected":false},"featured_media":2431,"comment_status":"open","ping_status":"closed","template":"","meta":{"_seopress_robots_primary_cat":"none","_seopress_titles_title":"%%post_title%% %%sep%% %%sitetitle%%","_seopress_titles_desc":"","_seopress_robots_index":""},"product_brand":[516,218],"product_cat":[103,515,31],"product_tag":[106,107,90,68,223,222],"class_list":{"0":"post-2428","1":"product","2":"type-product","3":"status-publish","4":"has-post-thumbnail","6":"product_brand-disposable-vape","7":"product_brand-vopk-vape","8":"product_cat-40k-puffs-vape","9":"product_cat-disposable-vape","10":"product_cat-vopk-vape","11":"product_tag-40k-puffs","12":"product_tag-40k-vape","13":"product_tag-disposable-vape","14":"product_tag-double-taste","15":"product_tag-rgd-screen-display","16":"product_tag-vopk-ultra-40000","18":"first","19":"instock","20":"sale","21":"shipping-taxable","22":"purchasable","23":"product-type-variable"},"_links":{"self":[{"href":"https:\/\/pgvape.com\/pl\/wp-json\/wp\/v2\/product\/2428","targetHints":{"allow":["GET"]}}],"collection":[{"href":"https:\/\/pgvape.com\/pl\/wp-json\/wp\/v2\/product"}],"about":[{"href":"https:\/\/pgvape.com\/pl\/wp-json\/wp\/v2\/types\/product"}],"replies":[{"embeddable":true,"href":"https:\/\/pgvape.com\/pl\/wp-json\/wp\/v2\/comments?post=2428"}],"wp:featuredmedia":[{"embeddable":true,"href":"https:\/\/pgvape.com\/pl\/wp-json\/wp\/v2\/media\/2431"}],"wp:attachment":[{"href":"https:\/\/pgvape.com\/pl\/wp-json\/wp\/v2\/media?parent=2428"}],"wp:term":[{"taxonomy":"product_brand","embeddable":true,"href":"https:\/\/pgvape.com\/pl\/wp-json\/wp\/v2\/product_brand?post=2428"},{"taxonomy":"product_cat","embeddable":true,"href":"https:\/\/pgvape.com\/pl\/wp-json\/wp\/v2\/product_cat?post=2428"},{"taxonomy":"product_tag","embeddable":true,"href":"https:\/\/pgvape.com\/pl\/wp-json\/wp\/v2\/product_tag?post=2428"}],"curies":[{"name":"wp","href":"https:\/\/api.w.org\/{rel}","templated":true}]}}