{"id":2397,"date":"2025-10-08T12:11:43","date_gmt":"2025-10-08T12:11:43","guid":{"rendered":"https:\/\/pgvape.com\/?post_type=product&#038;p=2397"},"modified":"2025-12-29T11:22:02","modified_gmt":"2025-12-29T11:22:02","slug":"vopk-triple-60000-60-tys-zaciagniec-3-w-1-smaki-jednorazowy-vape-inteligentny-wyswietlacz-led-vape-factory-direct","status":"publish","type":"product","link":"https:\/\/pgvape.com\/pl\/produkt\/vopk-triple-60000-60-tys-zaciagniec-3-w-1-smaki-jednorazowy-vape-inteligentny-wyswietlacz-led-vape-factory-direct\/","title":{"rendered":"Vopk Triple 60000 60K Puffs 3 w 1 Smaki Jednorazowy Vape Inteligentny wy\u015bwietlacz LED Vape Factory Direct"},"content":{"rendered":"<div class=\"auto-hide-last-sibling-br paragraph-JOTKXA paragraph-element br-paragraph-space\">\n<p><strong data-sourcepos=\"4:5-4:43\">Jednorazowy waporyzator Triple 60000 Puffs<\/strong> Na nowo definiuje d\u0142ugotrwa\u0142e wapowanie <strong data-sourcepos=\"4:79-4:109\">60 000 zaci\u0105gni\u0119\u0107 Ultra-Premium<\/strong> I <strong data-sourcepos=\"4:114-4:140\">Pojemno\u015b\u0107 54 ml e-p\u0142ynu<\/strong>. <strong data-sourcepos=\"4:152-4:178\">Potr\u00f3jne cewki siatkowe 0,9 \u03a9<\/strong> Dla <strong data-sourcepos=\"4:183-4:201\">Intensywny smak<\/strong> I <strong data-sourcepos=\"4:206-4:221\">G\u0119sta para<\/strong>, To innowacyjne urz\u0105dzenie oferuje <strong data-sourcepos=\"4:253-4:279\">Rotacja smak\u00f3w 3 w 1<\/strong> Dla ci\u0105g\u0142ej r\u00f3\u017cnorodno\u015bci. <strong data-sourcepos=\"4:308-4:339\">Akumulator 650 mAh<\/strong> Z <strong data-sourcepos=\"4:345-4:369\">Szybkie \u0142adowanie typu C<\/strong> I <strong data-sourcepos=\"4:374-4:395\">Inteligentny wy\u015bwietlacz LED<\/strong> Zapewnia wygodne i \u015bwiadome wapowanie. <strong data-sourcepos=\"4:446-4:467\">Nikotyna 2% lub 5%<\/strong> I <strong data-sourcepos=\"4:472-4:498\">10 kombinacji smakowych<\/strong>, To najlepszy wyb\u00f3r dla wymagaj\u0105cych waper\u00f3w <strong data-sourcepos=\"4:547-4:562\">Wydajno\u015b\u0107<\/strong> I <strong data-sourcepos=\"4:567-4:582\">Wszechstronno\u015b\u0107<\/strong>.<\/p>\n<\/div>\n<p>&nbsp;<\/p>\n<h2><span style=\"font-size: 90%;\">Specyfikacja jednorazowego waporyzatora Vopk Triple 60K Puffs 3 w 1 o smaku<\/span><\/h2>\n<p><strong data-sourcepos=\"9:3-9:17\">Liczba puf\u00f3w<\/strong>:\u00a0<strong data-sourcepos=\"9:19-9:35\">60 000 zaci\u0105gni\u0119\u0107<\/strong><\/p>\n<p><strong data-sourcepos=\"10:3-10:24\">Pojemno\u015b\u0107 e-cieczy<\/strong>:\u00a0<strong data-sourcepos=\"10:26-10:52\">54 ml (system 3 smak\u00f3w)<\/strong><\/p>\n<p><strong data-sourcepos=\"11:3-11:11\">Cewka<\/strong>:\u00a0<strong data-sourcepos=\"11:13-11:39\">Potr\u00f3jne cewki siatkowe 0,9 \u03a9<\/strong><\/p>\n<p><strong data-sourcepos=\"12:3-12:14\">Bateria<\/strong>:\u00a0<strong data-sourcepos=\"12:16-12:39\">Akumulator 650 mAh<\/strong><\/p>\n<p><strong data-sourcepos=\"13:3-13:15\">\u0141adowanie<\/strong>:\u00a0<strong data-sourcepos=\"13:17-13:41\">Szybkie \u0142adowanie typu C<\/strong><\/p>\n<p><strong data-sourcepos=\"14:3-14:14\">Wy\u015bwietlacz<\/strong>:\u00a0<strong data-sourcepos=\"14:16-14:51\">Ekran LED (bateria i p\u0142yn elektroniczny)<\/strong><\/p>\n<p><strong data-sourcepos=\"15:3-15:15\">Nikotyna<\/strong>:\u00a0<strong data-sourcepos=\"15:17-15:28\">2% \/ 5%<\/strong><\/p>\n<p><strong data-sourcepos=\"16:3-16:20\">System smakowy<\/strong>:\u00a0<strong data-sourcepos=\"16:22-16:41\">Obr\u00f3t 3 w 1<\/strong><\/p>\n<p><strong data-sourcepos=\"17:3-17:21\">Opcje smakowe<\/strong>:\u00a0<strong data-sourcepos=\"17:23-17:50\">10 kombinacji premium<\/strong><\/p>\n<p>&nbsp;<\/p>\n<h3><span style=\"font-size: 90%;\">Vopk Triple 60K Puffs 3 w 1 Smaki Jednorazowa lista smak\u00f3w Vape<\/span><\/h3>\n<p><strong>1. Lody arbuzowe i potr\u00f3jne lody melonowe i lody truskawkowe<\/strong><\/p>\n<p><strong>2.Truskawka Banan i Malina Arbuz i Ananas Kokos<\/strong><\/p>\n<p><strong>3.Brzoskwiniowa jagoda i niebieski Razz Ice i arbuz, brzoskwinia, mango<\/strong><\/p>\n<p><strong>4. Kwa\u015bny ananas z mango, truskawka Red Bull i l\u00f3d z czarnej porzeczki<\/strong><\/p>\n<p><strong>5.Kiwi Marakuja &amp; Truskawka Wi\u015bnia &amp; Mi\u0142o\u015b\u0107 66<\/strong><\/p>\n<p><strong>6. Podw\u00f3jna guma balonowa z lodem jab\u0142kowym i owocami tropikalnymi i truskawk\u0105 arbuzow\u0105<\/strong><\/p>\n<p><strong>7. Lody winogronowe i truskawki, kiwi i arbuz Red Bull<\/strong><\/p>\n<p><strong>8.Truskawkowy Arbuz i Jagoda Malina i Cytryna Limonka<\/strong><\/p>\n<p><strong>9.Banan Ananas i Red Bull Ice i Truskawka Mango<\/strong><\/p>\n<p><strong>10.Gummy Bear &amp; Truskawkowa Waniliowa Coca-Cola i Jagodowa Wata Cukrowa<\/strong><\/p>\n<p><img loading=\"lazy\" decoding=\"async\" class=\"alignnone wp-image-2404 size-full\" src=\"https:\/\/pgvape.com\/wp-content\/uploads\/2025\/10\/pgvape-vopk-triple-60000-60k-puffs-disposable-vape-3-in-1-flavors-2-5-nicotine-10tastes-smart-led-display-factory-direct-4.png\" alt=\"Szereg kolorowych jednorazowych urz\u0105dze\u0144 do waporyzacji VOPK TRIPLE z ilustrowanymi maskotkami zwierz\u0105t, pr\u00f3bkami smak\u00f3w i etykietami, widocznym napisem \u201c60000 zaci\u0105gni\u0119\u0107\u201d i obja\u015bnieniem o regulowanym smaku \u201c3 w 1\u201d ustawionym na p\u0142ynnym br\u0105zowym tle.\" width=\"1920\" height=\"1198\" srcset=\"https:\/\/pgvape.com\/wp-content\/uploads\/2025\/10\/pgvape-vopk-triple-60000-60k-puffs-disposable-vape-3-in-1-flavors-2-5-nicotine-10tastes-smart-led-display-factory-direct-4.png 1920w, https:\/\/pgvape.com\/wp-content\/uploads\/2025\/10\/pgvape-vopk-triple-60000-60k-puffs-disposable-vape-3-in-1-flavors-2-5-nicotine-10tastes-smart-led-display-factory-direct-4-555x346.png 555w, https:\/\/pgvape.com\/wp-content\/uploads\/2025\/10\/pgvape-vopk-triple-60000-60k-puffs-disposable-vape-3-in-1-flavors-2-5-nicotine-10tastes-smart-led-display-factory-direct-4-595x371.png 595w, https:\/\/pgvape.com\/wp-content\/uploads\/2025\/10\/pgvape-vopk-triple-60000-60k-puffs-disposable-vape-3-in-1-flavors-2-5-nicotine-10tastes-smart-led-display-factory-direct-4-400x250.png 400w, https:\/\/pgvape.com\/wp-content\/uploads\/2025\/10\/pgvape-vopk-triple-60000-60k-puffs-disposable-vape-3-in-1-flavors-2-5-nicotine-10tastes-smart-led-display-factory-direct-4-768x479.png 768w, https:\/\/pgvape.com\/wp-content\/uploads\/2025\/10\/pgvape-vopk-triple-60000-60k-puffs-disposable-vape-3-in-1-flavors-2-5-nicotine-10tastes-smart-led-display-factory-direct-4-1536x958.png 1536w, https:\/\/pgvape.com\/wp-content\/uploads\/2025\/10\/pgvape-vopk-triple-60000-60k-puffs-disposable-vape-3-in-1-flavors-2-5-nicotine-10tastes-smart-led-display-factory-direct-4-18x12.png 18w, https:\/\/pgvape.com\/wp-content\/uploads\/2025\/10\/pgvape-vopk-triple-60000-60k-puffs-disposable-vape-3-in-1-flavors-2-5-nicotine-10tastes-smart-led-display-factory-direct-4-600x374.png 600w, https:\/\/pgvape.com\/wp-content\/uploads\/2025\/10\/pgvape-vopk-triple-60000-60k-puffs-disposable-vape-3-in-1-flavors-2-5-nicotine-10tastes-smart-led-display-factory-direct-4-60x37.png 60w\" sizes=\"auto, (max-width: 1920px) 100vw, 1920px\" \/><\/p>\n<p>&nbsp;<\/p>\n<h3><span style=\"font-size: 90%;\">Vopk Triple 60K Puffs 3 w 1 Smaki Jednorazowe wideo Vape:<\/span><\/h3>\n<p><iframe loading=\"lazy\" title=\"Vopk Triple 60K Puffs 3 w 1 Smaki Jednorazowy inteligentny wy\u015bwietlacz LED Vape | Vape Factory Direct pgvape\" width=\"563\" height=\"1000\" src=\"https:\/\/www.youtube.com\/embed\/6KTqiw1ZjoY?feature=oembed\" frameborder=\"0\" allow=\"accelerometer; autoplay; clipboard-write; encrypted-media; gyroscope; picture-in-picture; web-share\" referrerpolicy=\"strict-origin-when-cross-origin\" allowfullscreen><\/iframe><\/p>\n<p>&nbsp;<\/p>\n<h2 class=\"header-vfC6AV auto-hide-last-sibling-br\">Cz\u0119sto zadawane pytania dotycz\u0105ce jednorazowego waporyzatora Vopk Triple 60K Puffs 3 w 1 o smaku<\/h2>\n<p data-sourcepos=\"36:1-37:75\">\u2753 <strong data-sourcepos=\"36:3-36:54\">Co sprawia, \u017ce \u200b\u200bsystem smakowy 3 w 1 jest wyj\u0105tkowy?<\/strong><br \/>\n\u2705 <strong data-sourcepos=\"37:3-37:35\">Obracaj si\u0119 pomi\u0119dzy trzema smakami<\/strong> W jednym urz\u0105dzeniu dla <strong data-sourcepos=\"37:54-37:73\">Niesko\u0144czona r\u00f3\u017cnorodno\u015b\u0107<\/strong><\/p>\n<p data-sourcepos=\"39:1-40:87\">\u2753 <strong data-sourcepos=\"39:3-39:56\">W jaki spos\u00f3b cewka z potr\u00f3jn\u0105 siatk\u0105 poprawia waporyzacj\u0119?<\/strong><br \/>\n\u2705 <strong data-sourcepos=\"40:3-40:42\">Trzy cewki zapewniaj\u0105 50% wi\u0119cej smaku<\/strong> I <strong data-sourcepos=\"40:47-40:65\">Grubsze chmury<\/strong> Ni\u017c standardowe waporyzatory<\/p>\n<p data-sourcepos=\"42:1-43:88\">\u2753 <strong data-sourcepos=\"42:3-42:46\">Czy liczba 60 000 zaci\u0105gni\u0119\u0107 jest realistyczna?<\/strong><br \/>\n\u2705 <strong data-sourcepos=\"43:3-43:30\">Zoptymalizowana pojemno\u015b\u0107 54 ml<\/strong> I <strong data-sourcepos=\"43:35-43:60\">Wydajny system cewek<\/strong> Zapewni\u0107 <strong data-sourcepos=\"43:68-43:86\">Rozszerzone u\u017cytkowanie<\/strong><\/p>\n<p data-sourcepos=\"45:1-46:57\">\u2753 <strong data-sourcepos=\"45:3-45:50\">Czy mog\u0119 monitorowa\u0107 bateri\u0119 i e-liquid?<\/strong><br \/>\n\u2705 <strong data-sourcepos=\"46:3-46:18\">Wy\u015bwietlacz LED<\/strong> Wida\u0107 <strong data-sourcepos=\"46:25-46:46\">Aktualizacje w czasie rzeczywistym<\/strong> Dla obojga<\/p>\n<p data-sourcepos=\"48:1-49:65\">\u2753 <strong data-sourcepos=\"48:3-48:43\">Jakie opcje nikotyny s\u0105 dost\u0119pne?<br \/>\n<\/strong> \u2705 <strong data-sourcepos=\"49:3-49:27\">2% dla p\u0142ynnego wapowania<\/strong> Lub <strong data-sourcepos=\"49:31-49:63\">5% dla wi\u0119kszej satysfakcji<\/strong><\/p>\n<p>&nbsp;<\/p>\n<h3 id=\"brxe-najhln\" class=\"brxe-heading\">Cz\u0119sto zadawane pytania (FAQ)<\/h3>\n<div id=\"brxe-rajiac\" class=\"brxe-text\">\n<p><strong>P: Jakie metody p\u0142atno\u015bci akceptujecie?<\/strong><br \/>\nOdp.: Akceptujemy PayPal, Stripe, przelewy bankowe (obs\u0142ugiwane SEPA), g\u0142\u00f3wne karty kredytowe (Visa, MasterCard, American Express) i p\u0142atno\u015bci w kryptowalutach.<\/p>\n<p><strong>P: Jak d\u0142ugo trwa przygotowanie zam\u00f3wienia?<\/strong><br \/>\nOdp.: Przygotowanie zam\u00f3wienia zajmuje 1-3 dni robocze.<\/p>\n<p><strong>P: Jaki jest czas wysy\u0142ki?<\/strong><br \/>\nOdp.: Czas wysy\u0142ki wynosi 7-14 dni roboczych, w zale\u017cno\u015bci od Twojej lokalizacji.<\/p>\n<p><strong>P: Jak mog\u0119 \u015bledzi\u0107 moje zam\u00f3wienie?<\/strong><br \/>\nOdp.: Po wysy\u0142ce otrzymasz wiadomo\u015b\u0107 e-mail z potwierdzeniem i numerem przesy\u0142ki umo\u017cliwiaj\u0105cym \u015bledzenie w czasie rzeczywistym.<\/p>\n<p><strong>P: Jaka jest Twoja polityka zwrot\u00f3w?<\/strong><br \/>\nOdp.: Oferujemy 30-dniow\u0105 polityk\u0119 zwrot\u00f3w lub wymiany. .<\/p>\n<p><strong>P: Czy wyst\u0105pi\u0105 jakie\u015b problemy celne?<br \/>\n<\/strong>Obs\u0142ugujemy wszystkie procedury odprawy celnej, aby zapewni\u0107 Ci bezproblemow\u0105 obs\u0142ug\u0119. .<\/p>\n<p><strong>P: Jakie metody wysy\u0142ki s\u0105 stosowane?<\/strong><br \/>\nWsp\u00f3\u0142pracujemy z firmami UPS\/DHL\/FEDEX\/DPD itp. W zale\u017cno\u015bci od kraju dostawy wybierzemy odpowiedni\u0105 opcj\u0119 wysy\u0142ki, tak aby produkty dotar\u0142y do \u200b\u200bPa\u0144stwa najszybciej jak to mo\u017cliwe.<\/p>\n<p><a href=\"https:\/\/pgvape.com\/pl\/czesto-zadawane-pytania\/\">Kliknij tutaj, aby uzyska\u0107 wi\u0119cej cz\u0119sto zadawanych pyta\u0144<\/a><\/p>\n<p>Szanowni klienci, je\u015bli masz jakiekolwiek pytania dotycz\u0105ce zam\u00f3wienia lub przybycia towaru, skontaktuj si\u0119 z naszym dzia\u0142em obs\u0142ugi klienta. Dzi\u0119kuj\u0119!<\/p>\n<h3 data-sourcepos=\"73:1-73:21\"><strong data-sourcepos=\"73:7-73:21\">Skontaktuj si\u0119 z nami<\/strong><\/h3>\n<div id=\"text-2419739398\" class=\"text\">\n<p><strong data-sourcepos=\"75:3-75:12\">E-mail<\/strong>:\u00a0<a href=\"mailto:support@pgvape.com\"><strong>support@pgvape.com<\/strong><\/a><\/p>\n<p><strong data-sourcepos=\"76:3-76:15\">WhatsApp<\/strong>: <a href=\"https:\/\/wa.me\/+8618128481258\"><strong>+86 18128481258<\/strong><\/a><br \/>\n<strong>(Odpowied\u017a w ci\u0105gu 24 godzin w dni robocze)<\/strong><\/p>\n<\/div>\n<h3><strong>Dzi\u0119kujemy za wybranie pgvape.com! .<\/strong><\/h3>\n<\/div>","protected":false},"excerpt":{"rendered":"<p><strong data-sourcepos=\"54:1-54:226\">\u201cPotr\u00f3jne 60000 zaci\u0105gni\u0119\u0107: najlepszy waporyzator 3 w 1 z 60 tys. zaci\u0105gni\u0119\u0107, pojemno\u015bci\u0105 54 ml i cewkami z potr\u00f3jn\u0105 siatk\u0105. Zawiera rotacj\u0119 smak\u00f3w, inteligentny wy\u015bwietlacz i 10 tri\u00f3w smakowych zapewniaj\u0105cych r\u00f3\u017cnorodno\u015b\u0107 wapowania bez przerwy.\u201d<\/strong><\/p>","protected":false},"featured_media":2403,"comment_status":"open","ping_status":"closed","template":"","meta":{"_seopress_robots_primary_cat":"none","_seopress_titles_title":"%%post_title%% %%sep%% %%sitetitle%%","_seopress_titles_desc":"","_seopress_robots_index":""},"product_brand":[516,218],"product_cat":[48,515,31],"product_tag":[24,51,52,90,143,221],"class_list":{"0":"post-2397","1":"product","2":"type-product","3":"status-publish","4":"has-post-thumbnail","6":"product_brand-disposable-vape","7":"product_brand-vopk-vape","8":"product_cat-60k-puffs-vape","9":"product_cat-disposable-vape","10":"product_cat-vopk-vape","11":"product_tag-3-in-1-flavors","12":"product_tag-60k-puffs","13":"product_tag-60k-vape","14":"product_tag-disposable-vape","15":"product_tag-smart-led-display","16":"product_tag-vopk-triple","18":"first","19":"instock","20":"sale","21":"shipping-taxable","22":"purchasable","23":"product-type-variable"},"_links":{"self":[{"href":"https:\/\/pgvape.com\/pl\/wp-json\/wp\/v2\/product\/2397","targetHints":{"allow":["GET"]}}],"collection":[{"href":"https:\/\/pgvape.com\/pl\/wp-json\/wp\/v2\/product"}],"about":[{"href":"https:\/\/pgvape.com\/pl\/wp-json\/wp\/v2\/types\/product"}],"replies":[{"embeddable":true,"href":"https:\/\/pgvape.com\/pl\/wp-json\/wp\/v2\/comments?post=2397"}],"wp:featuredmedia":[{"embeddable":true,"href":"https:\/\/pgvape.com\/pl\/wp-json\/wp\/v2\/media\/2403"}],"wp:attachment":[{"href":"https:\/\/pgvape.com\/pl\/wp-json\/wp\/v2\/media?parent=2397"}],"wp:term":[{"taxonomy":"product_brand","embeddable":true,"href":"https:\/\/pgvape.com\/pl\/wp-json\/wp\/v2\/product_brand?post=2397"},{"taxonomy":"product_cat","embeddable":true,"href":"https:\/\/pgvape.com\/pl\/wp-json\/wp\/v2\/product_cat?post=2397"},{"taxonomy":"product_tag","embeddable":true,"href":"https:\/\/pgvape.com\/pl\/wp-json\/wp\/v2\/product_tag?post=2397"}],"curies":[{"name":"wp","href":"https:\/\/api.w.org\/{rel}","templated":true}]}}