{"id":2365,"date":"2025-10-08T10:58:01","date_gmt":"2025-10-08T10:58:01","guid":{"rendered":"https:\/\/pgvape.com\/?post_type=product&#038;p=2365"},"modified":"2026-01-27T10:09:32","modified_gmt":"2026-01-27T10:09:32","slug":"vopk-cztery-smaki-80000-80-tys-zaciagniec-4-w-1-smaki-jednorazowy-waporyzator-z-wyswietlaczem-led-vape-factory-direct","status":"publish","type":"product","link":"https:\/\/pgvape.com\/pl\/produkt\/vopk-cztery-smaki-80000-80-tys-zaciagniec-4-w-1-smaki-jednorazowy-waporyzator-z-wyswietlaczem-led-vape-factory-direct\/","title":{"rendered":"Vopk Cztery Smaki 80000 80K Puffs 4 w 1 Smaki Jednorazowy Vape Z Wy\u015bwietlaczem LED Vape Factory Direct"},"content":{"rendered":"<p><strong data-sourcepos=\"4:5-4:54\">Jednorazowy waporyzator Vopk Four Flavours 80000 Puffs<\/strong> rewolucjonizuje wapowanie <strong data-sourcepos=\"4:82-4:123\">wiod\u0105ca w bran\u017cy pojemno\u015b\u0107 80 000 zaci\u0105gni\u0119\u0107<\/strong> I <strong data-sourcepos=\"4:128-4:157\">Regulowane smaki 4 w 1<\/strong> w jednym urz\u0105dzeniu. <strong data-sourcepos=\"4:191-4:209\">Cewka siatkowa 0,9 \u03a9<\/strong> Do <strong data-sourcepos=\"4:214-4:230\">g\u0142adka para<\/strong> I <strong data-sourcepos=\"4:235-4:250\">bogaty smak<\/strong>, posiada <strong data-sourcepos=\"4:266-4:297\">Akumulator o pojemno\u015bci 650 mAh<\/strong> z <strong data-sourcepos=\"4:303-4:327\">Szybkie \u0142adowanie typu C<\/strong> I <strong data-sourcepos=\"4:332-4:355\">cyfrowy wy\u015bwietlacz LED<\/strong>. <strong data-sourcepos=\"4:370-4:401\">Moc nikotyny 2% lub 5%<\/strong> I <strong data-sourcepos=\"4:406-4:440\">10 doskona\u0142ych kombinacji smakowych<\/strong>, zapewnia ten waporyzator o du\u017cej pojemno\u015bci <strong data-sourcepos=\"4:475-4:496\">niezr\u00f3wnana odmiana<\/strong> I <strong data-sourcepos=\"4:501-4:525\">rozszerzona wydajno\u015b\u0107<\/strong> dla wymagaj\u0105cych u\u017cytkownik\u00f3w.<\/p>\n<p>&nbsp;<\/p>\n<h2><span style=\"font-size: 90%;\">Vopk Four Flavours\u00a0 80K Puffs 4 w 1 smaki Jednorazowy waporyzator Specyfikacja<\/span><\/h2>\n<p><strong data-sourcepos=\"9:3-9:17\">Liczba puf\u00f3w<\/strong>:\u00a0<strong data-sourcepos=\"9:19-9:35\">80 000 zaci\u0105gni\u0119\u0107<\/strong><\/p>\n<p><strong data-sourcepos=\"10:3-10:20\">System smakowy<\/strong>:\u00a0<strong data-sourcepos=\"10:22-10:46\">4 regulowane smaki<\/strong><\/p>\n<p><strong data-sourcepos=\"11:3-11:11\">Cewka<\/strong>:\u00a0<strong data-sourcepos=\"11:13-11:31\">Cewka siatkowa 0,9 \u03a9<\/strong><\/p>\n<p><strong data-sourcepos=\"12:3-12:14\">Bateria<\/strong>:\u00a0<strong data-sourcepos=\"12:16-12:39\">Akumulator 650 mAh<\/strong><\/p>\n<p><strong data-sourcepos=\"13:3-13:15\">\u0141adowanie<\/strong>:\u00a0<strong data-sourcepos=\"13:17-13:41\">Szybkie \u0142adowanie typu C<\/strong><\/p>\n<p><strong data-sourcepos=\"14:3-14:14\">Wy\u015bwietlacz<\/strong>:\u00a0<strong data-sourcepos=\"14:16-14:38\">Cyfrowy ekran LED<\/strong><\/p>\n<p><strong data-sourcepos=\"15:3-15:15\">Nikotyna<\/strong>:\u00a0<strong data-sourcepos=\"15:17-15:28\">2% \/ 5%<\/strong><\/p>\n<p><strong data-sourcepos=\"16:3-16:16\">Opakowanie<\/strong>:\u00a0<strong data-sourcepos=\"16:18-16:36\">10 urz\u0105dze\u0144\/pude\u0142ko<\/strong><\/p>\n<p><strong data-sourcepos=\"17:3-17:21\">Opcje smakowe<\/strong>:\u00a0<strong data-sourcepos=\"17:23-17:46\">10 kwartet\u00f3w premium<\/strong><\/p>\n<p>&nbsp;<\/p>\n<h3><span style=\"font-size: 90%;\">Vopk Cztery Smaki\u00a0 80 tys. Ptysi\u00f3w Smaki 4 w 1 Jednorazowa lista smak\u00f3w Vape<\/span><\/h3>\n<p><strong>1. Tropikalny mr\u00f3z<\/strong>: L\u00f3d Arbuzowy + L\u00f3d Potr\u00f3jny Melon + L\u00f3d Niebieski Razz + Lody Truskawkowe<\/p>\n<p><strong>2. Fuzja jag\u00f3d<\/strong>: Jagoda Malina + Lody Fuji + Mieszane Jagody + Jagodowe Cukierki Kokosowe<\/p>\n<p><strong>3. Mieszanka czerwonych owoc\u00f3w<\/strong>: Truskawkowy Arbuz + Winogrona \u017burawinowe + L\u00f3d Mango + Truskawkowe Cukierki Malinowe<\/p>\n<p><strong>4. Wybuch energii<\/strong>: Red Bull Ice + Marakuja Kiwi Limonka + Kwa\u015bne Jab\u0142ko Malina + Truskawkowa Arbuzowa Guma Balonowa<\/p>\n<p><strong>5. Owoce Arktyki<\/strong>: L\u00f3d jagodowy + Arbuz brzoskwiniowo-mango + Jab\u0142ko melonowe + L\u00f3d musuj\u0105cy wi\u015bniowy<\/p>\n<p><strong>6. Mieszanka egzotyczna<\/strong>: Truskawka Mango + Truskawka Kiwi + Arbuz Smoczy Owoc + \u017belek Mi\u015b<\/p>\n<p><strong>7.Jagodowy karnawa\u0142<\/strong>: Love 66 + Malinowy Arbuz + Truskawkowy Malinowy Wi\u015bniowy + Wi\u015bniowy Cukierek Ice<\/p>\n<p><strong>8.Tropikalny koktajl<\/strong>: Truskawkowy Banan + Ananasowy L\u00f3d Kokosowy + Mango Brzoskwiniowa Morela + Aloes Mango Melon<\/p>\n<p><strong>9. Cytrusowa t\u0119cza<\/strong>: T\u0119czowe Cukierki + Lody Brzoskwiniowe + Cytryna Kwa\u015bna Pomara\u0144cza + \u017burawina Cytryna<\/p>\n<p><strong>10. S\u0142odko-cierpkie<\/strong>: Kiwi Marakuja Gujawa + Wi\u015bnia Truskawkowa + L\u00f3d Winogronowy + Cukierki Truskawkowe<\/p>\n<p><img loading=\"lazy\" decoding=\"async\" class=\"alignnone wp-image-2369 size-full\" src=\"https:\/\/pgvape.com\/wp-content\/uploads\/2025\/10\/pgvape-Vopk-Four-Flavors-80K-Puffs-4-in-1-Flavors-Disposable-Vape-With-LED-Display-Vape-14.png\" alt=\"Kolorowy plakat promocyjny jednorazowych urz\u0105dze\u0144 do waporyzacji VOPK Four Flavours przedstawiaj\u0105cy dwie du\u017ce jednostki z gradientowym wyko\u0144czeniem na pierwszym planie oraz rz\u0119dy mniejszych, wielokolorowych jednostek ozdobionych stylizowanymi ilustracjami zwierz\u0105t, etykietami smakowymi i ikonami \u0142adowania 650 mAh, 0,9 \u03a9, typem C i wy\u015bwietlaczem cyfrowym, na tle fioletowo-r\u00f3\u017cowego kosmicznego t\u0142a z wyra\u017anym obja\u015bnieniem &quot;4w1 80000 puff\u00f3w&quot; i logo marki.\" width=\"2048\" height=\"1199\" srcset=\"https:\/\/pgvape.com\/wp-content\/uploads\/2025\/10\/pgvape-Vopk-Four-Flavors-80K-Puffs-4-in-1-Flavors-Disposable-Vape-With-LED-Display-Vape-14.png 2048w, https:\/\/pgvape.com\/wp-content\/uploads\/2025\/10\/pgvape-Vopk-Four-Flavors-80K-Puffs-4-in-1-Flavors-Disposable-Vape-With-LED-Display-Vape-14-555x325.png 555w, https:\/\/pgvape.com\/wp-content\/uploads\/2025\/10\/pgvape-Vopk-Four-Flavors-80K-Puffs-4-in-1-Flavors-Disposable-Vape-With-LED-Display-Vape-14-595x348.png 595w, https:\/\/pgvape.com\/wp-content\/uploads\/2025\/10\/pgvape-Vopk-Four-Flavors-80K-Puffs-4-in-1-Flavors-Disposable-Vape-With-LED-Display-Vape-14-400x234.png 400w, https:\/\/pgvape.com\/wp-content\/uploads\/2025\/10\/pgvape-Vopk-Four-Flavors-80K-Puffs-4-in-1-Flavors-Disposable-Vape-With-LED-Display-Vape-14-768x450.png 768w, https:\/\/pgvape.com\/wp-content\/uploads\/2025\/10\/pgvape-Vopk-Four-Flavors-80K-Puffs-4-in-1-Flavors-Disposable-Vape-With-LED-Display-Vape-14-1536x899.png 1536w, https:\/\/pgvape.com\/wp-content\/uploads\/2025\/10\/pgvape-Vopk-Four-Flavors-80K-Puffs-4-in-1-Flavors-Disposable-Vape-With-LED-Display-Vape-14-18x12.png 18w, https:\/\/pgvape.com\/wp-content\/uploads\/2025\/10\/pgvape-Vopk-Four-Flavors-80K-Puffs-4-in-1-Flavors-Disposable-Vape-With-LED-Display-Vape-14-600x351.png 600w, https:\/\/pgvape.com\/wp-content\/uploads\/2025\/10\/pgvape-Vopk-Four-Flavors-80K-Puffs-4-in-1-Flavors-Disposable-Vape-With-LED-Display-Vape-14-60x35.png 60w\" sizes=\"auto, (max-width: 2048px) 100vw, 2048px\" \/><\/p>\n<p>&nbsp;<\/p>\n<h3><span style=\"font-size: 90%;\">Vopk Four Flavours\u00a0 80K Puffs 4 w 1 Smaki Jednorazowy Vape Wideo:<\/span><\/h3>\n<p><iframe loading=\"lazy\" title=\"Vopk Cztery Smaki 80000 | 80K Puffs 4 w 1 Smaki Jednorazowy Vape | Vape Factory Direct pgvape\" width=\"563\" height=\"1000\" src=\"https:\/\/www.youtube.com\/embed\/ZEWjz35NBuE?feature=oembed\" frameborder=\"0\" allow=\"accelerometer; autoplay; clipboard-write; encrypted-media; gyroscope; picture-in-picture; web-share\" referrerpolicy=\"strict-origin-when-cross-origin\" allowfullscreen><\/iframe><\/p>\n<p>&nbsp;<\/p>\n<h2 class=\"header-vfC6AV auto-hide-last-sibling-br\">Cz\u0119sto zadawane pytania na temat Vopk Four Flavours\u00a0 80K Puffs Jednorazowy waporyzator o smakach 4 w 1<\/h2>\n<p data-sourcepos=\"36:1-37:76\">\u2753 <strong data-sourcepos=\"36:3-36:56\">Co sprawia, \u017ce \u200b\u200bliczba 80 000 zaci\u0105gni\u0119\u0107 jest wyj\u0105tkowa?<\/strong><br \/>\n\u2705 <strong data-sourcepos=\"37:3-37:23\">Zoptymalizowany projekt<\/strong> dostarcza <strong data-sourcepos=\"37:33-37:53\">miesi\u0105ce wapowania<\/strong> bez zamiennik\u00f3w<\/p>\n<p data-sourcepos=\"39:1-40:67\">\u2753 <strong data-sourcepos=\"39:3-39:45\">Jak dzia\u0142a system 4 smak\u00f3w?<\/strong><br \/>\n\u2705 <strong data-sourcepos=\"40:3-40:34\">Prze\u0142\u0105czaj si\u0119 pomi\u0119dzy czterema smakami<\/strong> lub cieszy\u0107 si\u0119 nimi <strong data-sourcepos=\"40:49-40:65\">sekwencyjnie<\/strong><\/p>\n<p data-sourcepos=\"42:1-43:62\">\u2753 <strong data-sourcepos=\"42:3-42:44\">Czy bateria 650 mAh wystarczy?<br \/>\n<\/strong> \u2705 <strong data-sourcepos=\"43:3-43:11\">Tak!<\/strong> Trwa <strong data-sourcepos=\"43:18-43:30\">2-3 dni<\/strong> z <strong data-sourcepos=\"43:36-43:60\">Szybkie \u0142adowanie typu C<\/strong><\/p>\n<p data-sourcepos=\"45:1-46:69\">\u2753 <strong data-sourcepos=\"45:3-45:37\">Dlaczego warto wybra\u0107 cewk\u0119 siatkow\u0105 0,9 \u03a9?<\/strong><br \/>\n\u2705 <strong data-sourcepos=\"46:3-46:22\">Idealna r\u00f3wnowaga<\/strong> z <strong data-sourcepos=\"46:26-46:46\">intensywno\u015b\u0107 smaku<\/strong> I <strong data-sourcepos=\"46:51-46:67\">g\u0142adka para<\/strong><\/p>\n<p data-sourcepos=\"48:1-49:64\">\u2753 <strong data-sourcepos=\"48:3-48:49\">Czy kwartety smakowe s\u0105 dobrze zbilansowane?<br \/>\n<\/strong> \u2705 <strong data-sourcepos=\"49:3-49:36\">Fachowo dobrane kombinacje<\/strong> Do <strong data-sourcepos=\"49:41-49:62\">maksymalna przyjemno\u015b\u0107<\/strong><\/p>\n<p>&nbsp;<\/p>\n<h3 id=\"brxe-najhln\" class=\"brxe-heading\">Cz\u0119sto zadawane pytania (FAQ)<\/h3>\n<div id=\"brxe-rajiac\" class=\"brxe-text\">\n<p><strong>P: Jakie metody p\u0142atno\u015bci akceptujecie?<\/strong><br \/>\nOdp.: Akceptujemy PayPal, Stripe, przelewy bankowe (obs\u0142ugiwane SEPA), g\u0142\u00f3wne karty kredytowe (Visa, MasterCard, American Express) i p\u0142atno\u015bci w kryptowalutach.<\/p>\n<p><strong>P: Jak d\u0142ugo trwa przygotowanie zam\u00f3wienia?<\/strong><br \/>\nOdp.: Przygotowanie zam\u00f3wienia zajmuje 1-3 dni robocze.<\/p>\n<p><strong>P: Jaki jest czas wysy\u0142ki?<\/strong><br \/>\nOdp.: Czas wysy\u0142ki wynosi 7-14 dni roboczych, w zale\u017cno\u015bci od Twojej lokalizacji.<\/p>\n<p><strong>P: Jak mog\u0119 \u015bledzi\u0107 moje zam\u00f3wienie?<\/strong><br \/>\nOdp.: Po wysy\u0142ce otrzymasz wiadomo\u015b\u0107 e-mail z potwierdzeniem i numerem przesy\u0142ki umo\u017cliwiaj\u0105cym \u015bledzenie w czasie rzeczywistym.<\/p>\n<p><strong>P: Jaka jest Twoja polityka zwrot\u00f3w?<\/strong><br \/>\nOdp.: Oferujemy 30-dniow\u0105 polityk\u0119 zwrot\u00f3w lub wymiany. .<\/p>\n<p><strong>P: Czy wyst\u0105pi\u0105 jakie\u015b problemy celne?<br \/>\n<\/strong>Obs\u0142ugujemy wszystkie procedury odprawy celnej, aby zapewni\u0107 Ci bezproblemow\u0105 obs\u0142ug\u0119. .<\/p>\n<p><strong>P: Jakie metody wysy\u0142ki s\u0105 stosowane?<\/strong><br \/>\nWsp\u00f3\u0142pracujemy z firmami UPS\/DHL\/FEDEX\/DPD itp. W zale\u017cno\u015bci od kraju dostawy wybierzemy odpowiedni\u0105 opcj\u0119 wysy\u0142ki, tak aby produkty dotar\u0142y do \u200b\u200bPa\u0144stwa najszybciej jak to mo\u017cliwe.<\/p>\n<p><a href=\"https:\/\/pgvape.com\/pl\/czesto-zadawane-pytania\/\">Kliknij tutaj, aby uzyska\u0107 wi\u0119cej cz\u0119sto zadawanych pyta\u0144<\/a><\/p>\n<p>Szanowni klienci, je\u015bli masz jakiekolwiek pytania dotycz\u0105ce zam\u00f3wienia lub przybycia towaru, skontaktuj si\u0119 z naszym dzia\u0142em obs\u0142ugi klienta. Dzi\u0119kuj\u0119!<\/p>\n<h3 data-sourcepos=\"73:1-73:21\"><strong data-sourcepos=\"73:7-73:21\">Skontaktuj si\u0119 z nami<\/strong><\/h3>\n<div id=\"text-2419739398\" class=\"text\">\n<p><strong data-sourcepos=\"75:3-75:12\">E-mail<\/strong>:\u00a0<a href=\"mailto:support@pgvape.com\"><strong>support@pgvape.com<\/strong><\/a><\/p>\n<p><strong data-sourcepos=\"76:3-76:15\">WhatsApp<\/strong>: <a href=\"https:\/\/wa.me\/+8618128481258\"><strong>+86 18128481258<\/strong><\/a><br \/>\n<strong>(Odpowied\u017a w ci\u0105gu 24 godzin w dni robocze)<\/strong><\/p>\n<\/div>\n<h3><strong>Dzi\u0119kujemy za wybranie pgvape.com! .<\/strong><\/h3>\n<\/div>","protected":false},"excerpt":{"rendered":"<p><strong data-sourcepos=\"54:1-54:253\">\u201cVopk Four Flavours 80000: Najlepszy jednorazowy pojemnik wielosmakowy z 80 tys. zaci\u0105gni\u0119\u0107, 4 regulowanymi smakami i 10 kwartetami premium. Zawiera cewk\u0119 siatkow\u0105 0,9 \u03a9, wy\u015bwietlacz cyfrowy i \u0142adowanie typu C, co zapewnia niesko\u0144czon\u0105 r\u00f3\u017cnorodno\u015b\u0107 wapowania. \u201d<\/strong><\/p>","protected":false},"featured_media":2381,"comment_status":"open","ping_status":"closed","template":"","meta":{"_seopress_robots_primary_cat":"none","_seopress_titles_title":"%%post_title%% %%sep%% %%sitetitle%%","_seopress_titles_desc":"","_seopress_robots_index":""},"product_brand":[516,218],"product_cat":[41,515,31],"product_tag":[159,53,44,45,90,219,220],"class_list":{"0":"post-2365","1":"product","2":"type-product","3":"status-publish","4":"has-post-thumbnail","6":"product_brand-disposable-vape","7":"product_brand-vopk-vape","8":"product_cat-80k-puffs-vape","9":"product_cat-disposable-vape","10":"product_cat-vopk-vape","11":"product_tag-10-tastes","12":"product_tag-4-in-1-flavors","13":"product_tag-80k-puffs","14":"product_tag-80k-vape","15":"product_tag-disposable-vape","16":"product_tag-vopk-four-flavors","17":"product_tag-with-led-display","19":"first","20":"instock","21":"sale","22":"shipping-taxable","23":"purchasable","24":"product-type-variable"},"_links":{"self":[{"href":"https:\/\/pgvape.com\/pl\/wp-json\/wp\/v2\/product\/2365","targetHints":{"allow":["GET"]}}],"collection":[{"href":"https:\/\/pgvape.com\/pl\/wp-json\/wp\/v2\/product"}],"about":[{"href":"https:\/\/pgvape.com\/pl\/wp-json\/wp\/v2\/types\/product"}],"replies":[{"embeddable":true,"href":"https:\/\/pgvape.com\/pl\/wp-json\/wp\/v2\/comments?post=2365"}],"wp:featuredmedia":[{"embeddable":true,"href":"https:\/\/pgvape.com\/pl\/wp-json\/wp\/v2\/media\/2381"}],"wp:attachment":[{"href":"https:\/\/pgvape.com\/pl\/wp-json\/wp\/v2\/media?parent=2365"}],"wp:term":[{"taxonomy":"product_brand","embeddable":true,"href":"https:\/\/pgvape.com\/pl\/wp-json\/wp\/v2\/product_brand?post=2365"},{"taxonomy":"product_cat","embeddable":true,"href":"https:\/\/pgvape.com\/pl\/wp-json\/wp\/v2\/product_cat?post=2365"},{"taxonomy":"product_tag","embeddable":true,"href":"https:\/\/pgvape.com\/pl\/wp-json\/wp\/v2\/product_tag?post=2365"}],"curies":[{"name":"wp","href":"https:\/\/api.w.org\/{rel}","templated":true}]}}