{"id":2335,"date":"2025-10-03T07:30:10","date_gmt":"2025-10-03T07:30:10","guid":{"rendered":"https:\/\/pgvape.com\/?post_type=product&#038;p=2335"},"modified":"2025-12-15T13:01:10","modified_gmt":"2025-12-15T13:01:10","slug":"uwin-crystal-twins-40000-40k-zaciagniec-podwojne-smaki-jednorazowy-vape-inteligentny-ekran-vape-factory-direct","status":"publish","type":"product","link":"https:\/\/pgvape.com\/pl\/produkt\/uwin-crystal-twins-40000-40k-zaciagniec-podwojne-smaki-jednorazowy-vape-inteligentny-ekran-vape-factory-direct\/","title":{"rendered":"Uwin Crystal Twins 40000 40K Puffs Podw\u00f3jne smaki Jednorazowy ekran inteligentnego Vape Vape Factory Direct"},"content":{"rendered":"<p><strong data-sourcepos=\"2:5-2:55\">Jednorazowy waporyzator Uwin Crystal Twins 40000 Puffs<\/strong> \u0141\u0105czy <strong data-sourcepos=\"2:65-2:85\">Wysoka wydajno\u015b\u0107<\/strong> Z <strong data-sourcepos=\"2:91-2:109\">Elegancki wygl\u0105d<\/strong>, Zawiera <strong data-sourcepos=\"2:121-2:148\">40 000 bardzo d\u0142ugich zaci\u0105gni\u0119\u0107<\/strong> I <strong data-sourcepos=\"2:153-2:179\">Technologia podw\u00f3jnego smaku<\/strong>. <strong data-sourcepos=\"2:185-2:211\">Pojemno\u015b\u0107 32 ml e-p\u0142ynu<\/strong> I <strong data-sourcepos=\"2:216-2:239\">Podw\u00f3jna cewka siatkowa 0,6 \u03a9<\/strong> Dostarcza\u0107 <strong data-sourcepos=\"2:248-2:263\">Bogaty smak<\/strong> I <strong data-sourcepos=\"2:268-2:283\">G\u0119sta para<\/strong>, Podczas gdy <strong data-sourcepos=\"2:295-2:326\">Akumulator 850 mAh<\/strong> Z <strong data-sourcepos=\"2:332-2:356\">Szybkie \u0142adowanie typu C<\/strong> Zapewnia <strong data-sourcepos=\"2:365-2:381\">Rozszerzone u\u017cytkowanie<\/strong>. <strong data-sourcepos=\"2:387-2:411\">Inteligentny ekran wy\u015bwietlacza<\/strong> Utwory <strong data-sourcepos=\"2:419-2:430\">Bateria<\/strong> I <strong data-sourcepos=\"2:435-2:454\">Poziomy e-p\u0142ynu<\/strong>, I Jego <strong data-sourcepos=\"2:464-2:486\">Eleganckie kryszta\u0142owe cia\u0142o<\/strong> Dodaje A <strong data-sourcepos=\"2:494-2:513\">Luksusowy dotyk<\/strong>. <strong data-sourcepos=\"2:528-2:554\">10 kombinacji smakowych<\/strong> Z <strong data-sourcepos=\"2:560-2:592\">0%\/2%\/3%\/5% Opcje nikotynowe<\/strong>, Pakowane <strong data-sourcepos=\"2:603-2:616\">10 sztuk\/pud\u0142o<\/strong> Do sprzeda\u017cy detalicznej\/hurtowej<\/p>\n<p>&nbsp;<\/p>\n<h2><span style=\"font-size: 90%;\">Specyfikacja jednorazowego waporyzatora Uwin Crystal Twins 40K Puffs Dual Favours<\/span><\/h2>\n<p><strong data-sourcepos=\"7:3-7:17\">Liczba puf\u00f3w<\/strong>:\u00a0<strong data-sourcepos=\"7:19-7:35\">40 000 zaci\u0105gni\u0119\u0107<\/strong><\/p>\n<p><strong data-sourcepos=\"8:3-8:15\">Nikotyna<\/strong>:\u00a0<strong data-sourcepos=\"8:17-8:46\">Opcje 0% \/ 2% \/ 3% \/ 5%<\/strong><\/p>\n<p><strong data-sourcepos=\"9:3-9:15\">E-ciecz<\/strong>:\u00a0<strong data-sourcepos=\"9:17-9:50\">Pojemno\u015b\u0107 32 ml (podw\u00f3jne komory)<\/strong><\/p>\n<p><strong data-sourcepos=\"10:3-10:11\">Cewka<\/strong>:\u00a0<strong data-sourcepos=\"10:13-10:36\">Podw\u00f3jna cewka siatkowa 0,6 \u03a9<\/strong><\/p>\n<p><strong data-sourcepos=\"11:3-11:14\">Bateria<\/strong>:\u00a0<strong data-sourcepos=\"11:16-11:39\">Akumulator 850 mAh<\/strong><\/p>\n<p><strong data-sourcepos=\"12:3-12:15\">\u0141adowanie<\/strong>:\u00a0<strong data-sourcepos=\"12:17-12:41\">Szybkie \u0142adowanie typu C<\/strong><\/p>\n<p><strong data-sourcepos=\"13:3-13:14\">Wy\u015bwietlacz<\/strong>:\u00a0<strong data-sourcepos=\"13:16-13:51\">Inteligentny ekran (bateria\/p\u0142yn elektroniczny)<\/strong><\/p>\n<p><strong data-sourcepos=\"14:3-14:13\">Projekt<\/strong>:\u00a0<strong data-sourcepos=\"14:15-14:43\">Przezroczysty kryszta\u0142owy korpus<\/strong><\/p>\n<p><strong data-sourcepos=\"15:3-15:14\">Pakiet<\/strong>:\u00a0<strong data-sourcepos=\"15:16-15:34\">10 urz\u0105dze\u0144\/pude\u0142ko<\/strong><\/p>\n<p>&nbsp;<\/p>\n<h3><span style=\"font-size: 90%;\">Uwin Crystal Twins 40K Puffs Podw\u00f3jne smaki Jednorazowa lista smak\u00f3w Vape<\/span><\/h3>\n<p><strong>1. Jagoda na lodzie i letni l\u00f3d brzoskwiniowy<\/strong><\/p>\n<p><strong>2.Kiwi, marakuja, gujawa i jagoda, malina<\/strong><\/p>\n<p><strong>3. Truskawkowe kiwi i l\u00f3d winogronowy<\/strong><\/p>\n<p><strong>4.Truskawkowy arbuz i limonka cytrynowa<\/strong><\/p>\n<p><strong>5. L\u00f3d jagodowy, malinowy i wi\u015bniowy<\/strong><\/p>\n<p><strong>6.Truskawka Malina Wi\u015bnia i Mr Blue<\/strong><\/p>\n<p><strong>7.Brzoskwiniowo-mango-ananasowy i Red Bull<\/strong><\/p>\n<p><strong>8. Arbuz z lodem i mieszanymi jagodami<\/strong><\/p>\n<p><strong>9.Truskawkowy Banan i Mi\u0142o\u015b\u0107 66 (Melon Marakui)<\/strong><\/p>\n<p><strong>10. Smoczy owoc, banan, wi\u015bnia i r\u00f3\u017cowa lemoniada<\/strong><\/p>\n<h2><img loading=\"lazy\" decoding=\"async\" class=\"alignnone wp-image-2340 size-full\" src=\"https:\/\/pgvape.com\/wp-content\/uploads\/2025\/10\/pgvape-Uwin-Crystal-Twins-40K-Puffs-Dual-Flavors-Disposable-Vape-0-2-3-5-Nicotine-10Tastes-Smart-Display-Screen-Vape-Factory-Direct-2.png\" alt=\"Plakat reklamuj\u0105cy jednorazowe waporyzatory o podw\u00f3jnym smaku Uwin Crystal Twins 40 tys. z pogrubionym tekstem CRYSTAL TWINS 40K i 40 000 PUFFS, siatk\u0105 kolorowych obraz\u00f3w urz\u0105dzenia z ilustracjami owoc\u00f3w, ikonami informuj\u0105cymi o \u0142adowaniu typu C, baterii 850 mAh, pojemno\u015bci 32 ml i opcjach nikotynowych (0%, 2%, 3%, 5%) na czarnym tle z czerwonym .\" width=\"1767\" height=\"2000\" srcset=\"https:\/\/pgvape.com\/wp-content\/uploads\/2025\/10\/pgvape-Uwin-Crystal-Twins-40K-Puffs-Dual-Flavors-Disposable-Vape-0-2-3-5-Nicotine-10Tastes-Smart-Display-Screen-Vape-Factory-Direct-2.png 1767w, https:\/\/pgvape.com\/wp-content\/uploads\/2025\/10\/pgvape-Uwin-Crystal-Twins-40K-Puffs-Dual-Flavors-Disposable-Vape-0-2-3-5-Nicotine-10Tastes-Smart-Display-Screen-Vape-Factory-Direct-2-318x360.png 318w, https:\/\/pgvape.com\/wp-content\/uploads\/2025\/10\/pgvape-Uwin-Crystal-Twins-40K-Puffs-Dual-Flavors-Disposable-Vape-0-2-3-5-Nicotine-10Tastes-Smart-Display-Screen-Vape-Factory-Direct-2-595x673.png 595w, https:\/\/pgvape.com\/wp-content\/uploads\/2025\/10\/pgvape-Uwin-Crystal-Twins-40K-Puffs-Dual-Flavors-Disposable-Vape-0-2-3-5-Nicotine-10Tastes-Smart-Display-Screen-Vape-Factory-Direct-2-353x400.png 353w, https:\/\/pgvape.com\/wp-content\/uploads\/2025\/10\/pgvape-Uwin-Crystal-Twins-40K-Puffs-Dual-Flavors-Disposable-Vape-0-2-3-5-Nicotine-10Tastes-Smart-Display-Screen-Vape-Factory-Direct-2-768x869.png 768w, https:\/\/pgvape.com\/wp-content\/uploads\/2025\/10\/pgvape-Uwin-Crystal-Twins-40K-Puffs-Dual-Flavors-Disposable-Vape-0-2-3-5-Nicotine-10Tastes-Smart-Display-Screen-Vape-Factory-Direct-2-1357x1536.png 1357w, https:\/\/pgvape.com\/wp-content\/uploads\/2025\/10\/pgvape-Uwin-Crystal-Twins-40K-Puffs-Dual-Flavors-Disposable-Vape-0-2-3-5-Nicotine-10Tastes-Smart-Display-Screen-Vape-Factory-Direct-2-11x12.png 11w, https:\/\/pgvape.com\/wp-content\/uploads\/2025\/10\/pgvape-Uwin-Crystal-Twins-40K-Puffs-Dual-Flavors-Disposable-Vape-0-2-3-5-Nicotine-10Tastes-Smart-Display-Screen-Vape-Factory-Direct-2-600x679.png 600w, https:\/\/pgvape.com\/wp-content\/uploads\/2025\/10\/pgvape-Uwin-Crystal-Twins-40K-Puffs-Dual-Flavors-Disposable-Vape-0-2-3-5-Nicotine-10Tastes-Smart-Display-Screen-Vape-Factory-Direct-2-35x40.png 35w\" sizes=\"auto, (max-width: 1767px) 100vw, 1767px\" \/><\/h2>\n<h3><span style=\"font-size: 90%;\">Uwin Crystal Twins 40K Dual Favours Puffs Wideo Vape:<\/span><\/h3>\n<p><iframe loading=\"lazy\" title=\"Uwin Crystal Twins 40K Puffs Podw\u00f3jny smak Jednorazowy ekran wy\u015bwietlacza Vape |Vape Factory Direct pgvape\" width=\"563\" height=\"1000\" src=\"https:\/\/www.youtube.com\/embed\/KtBwGnKIiJE?feature=oembed\" frameborder=\"0\" allow=\"accelerometer; autoplay; clipboard-write; encrypted-media; gyroscope; picture-in-picture; web-share\" referrerpolicy=\"strict-origin-when-cross-origin\" allowfullscreen><\/iframe><\/p>\n<p>&nbsp;<\/p>\n<h2><span style=\"font-size: 90%;\">Cz\u0119sto zadawane pytania dotycz\u0105ce jednorazowego waporyzatora Uwin Crystal Twins 40K Puffs Dual Flavours<\/span><\/h2>\n<p data-sourcepos=\"39:1-40:78\">\u2753 <strong data-sourcepos=\"39:3-39:54\">Co wyr\u00f3\u017cnia liczb\u0119 40 000 zaci\u0105gni\u0119\u0107?<\/strong><br \/>\n\u2705 <strong data-sourcepos=\"40:3-40:25\">Wyd\u0142u\u017cona trwa\u0142o\u015b\u0107<\/strong> \u2013 Trwa <strong data-sourcepos=\"40:34-40:49\">4-5 razy d\u0142u\u017cej<\/strong> Ni\u017c standardowe artyku\u0142y jednorazowe.<\/p>\n<p data-sourcepos=\"42:1-43:73\">\u2753 <strong data-sourcepos=\"42:3-42:48\">Jak dzia\u0142a system podw\u00f3jnego smaku?<\/strong><br \/>\n\u2705 <strong data-sourcepos=\"43:3-43:71\">B\u0142yskawicznie prze\u0142\u0105czaj si\u0119 pomi\u0119dzy dwoma smakami premium, bez mieszania.<\/strong><\/p>\n<p data-sourcepos=\"45:1-46:86\">\u2753 <strong data-sourcepos=\"45:3-45:43\">Czy cewka siatkowa 0,6 \u03a9 jest skuteczna?<\/strong><br \/>\n\u2705 <strong data-sourcepos=\"46:3-46:11\">Tak!<\/strong> Zoptymalizowany dla <strong data-sourcepos=\"46:26-46:42\">G\u0142adkie losowania<\/strong>, <strong data-sourcepos=\"46:44-46:58\">Bogaty smak<\/strong>, I <strong data-sourcepos=\"46:64-46:81\">G\u0119stsze chmury<\/strong>.**<\/p>\n<p data-sourcepos=\"48:1-49:86\">\u2753 <strong data-sourcepos=\"48:3-48:50\">Czy mog\u0119 monitorowa\u0107 bateri\u0119 i e-liquid?<\/strong><br \/>\n\u2705 <strong data-sourcepos=\"49:3-49:20\">Inteligentny wy\u015bwietlacz<\/strong> Zapewnia <strong data-sourcepos=\"49:30-49:51\">Aktualizacje w czasie rzeczywistym<\/strong> Dla wygodnego \u015bledzenia u\u017cytkowania.**<\/p>\n<p data-sourcepos=\"51:1-52:92\">\u2753 <strong data-sourcepos=\"51:3-51:37\">Dlaczego warto wybra\u0107 projekt kryszta\u0142owy?<\/strong><br \/>\n\u2705 <strong data-sourcepos=\"52:3-52:31\">Elegancki i przezroczysty korpus<\/strong> Wzmacnia <strong data-sourcepos=\"52:41-52:50\">Styl<\/strong> Podczas prezentacji <strong data-sourcepos=\"52:68-52:87\">Poziomy e-p\u0142ynu<\/strong>.**<\/p>\n<p data-sourcepos=\"54:1-55:75\">\u2753 <strong data-sourcepos=\"54:3-54:43\">Czy istniej\u0105 opcje bez nikotyny?<\/strong><br \/>\n\u2705 <strong data-sourcepos=\"55:3-55:11\">Tak!<\/strong> Dost\u0119pne w <strong data-sourcepos=\"55:25-55:40\">0% Nikotyna<\/strong> Dla <strong data-sourcepos=\"55:45-55:70\">Przyjemno\u015b\u0107 wy\u0142\u0105cznie smakowa<\/strong>.*<\/p>\n<p>&nbsp;<\/p>\n<h3 id=\"brxe-najhln\" class=\"brxe-heading\">Cz\u0119sto zadawane pytania (FAQ)<\/h3>\n<div id=\"brxe-rajiac\" class=\"brxe-text\">\n<p><strong>P: Jakie metody p\u0142atno\u015bci akceptujecie?<\/strong><br \/>\nOdp.: Akceptujemy PayPal, Stripe, przelewy bankowe (obs\u0142ugiwane SEPA), g\u0142\u00f3wne karty kredytowe (Visa, MasterCard, American Express) i p\u0142atno\u015bci w kryptowalutach.<\/p>\n<p><strong>P: Jak d\u0142ugo trwa przygotowanie zam\u00f3wienia?<\/strong><br \/>\nOdp.: Przygotowanie zam\u00f3wienia zajmuje 1-3 dni robocze.<\/p>\n<p><strong>P: Jaki jest czas wysy\u0142ki?<\/strong><br \/>\nOdp.: Czas wysy\u0142ki wynosi 7-14 dni roboczych, w zale\u017cno\u015bci od Twojej lokalizacji.<\/p>\n<p><strong>P: Jak mog\u0119 \u015bledzi\u0107 moje zam\u00f3wienie?<\/strong><br \/>\nOdp.: Po wysy\u0142ce otrzymasz wiadomo\u015b\u0107 e-mail z potwierdzeniem i numerem przesy\u0142ki umo\u017cliwiaj\u0105cym \u015bledzenie w czasie rzeczywistym.<\/p>\n<p><strong>P: Jaka jest Twoja polityka zwrot\u00f3w?<\/strong><br \/>\nOdp.: Oferujemy 30-dniow\u0105 polityk\u0119 zwrot\u00f3w lub wymiany. .<\/p>\n<p><strong>P: Czy wyst\u0105pi\u0105 jakie\u015b problemy celne?<br \/>\n<\/strong>Obs\u0142ugujemy wszystkie procedury odprawy celnej, aby zapewni\u0107 Ci bezproblemow\u0105 obs\u0142ug\u0119. .<\/p>\n<p><strong>P: Jakie metody wysy\u0142ki s\u0105 stosowane?<\/strong><br \/>\nWsp\u00f3\u0142pracujemy z firmami UPS\/DHL\/FEDEX\/DPD itp. W zale\u017cno\u015bci od kraju dostawy wybierzemy odpowiedni\u0105 opcj\u0119 wysy\u0142ki, tak aby produkty dotar\u0142y do \u200b\u200bPa\u0144stwa najszybciej jak to mo\u017cliwe.<\/p>\n<p><a href=\"https:\/\/pgvape.com\/pl\/czesto-zadawane-pytania\/\">Kliknij tutaj, aby uzyska\u0107 wi\u0119cej cz\u0119sto zadawanych pyta\u0144<\/a><\/p>\n<p>Szanowni klienci, je\u015bli masz jakiekolwiek pytania dotycz\u0105ce zam\u00f3wienia lub przybycia towaru, skontaktuj si\u0119 z naszym dzia\u0142em obs\u0142ugi klienta. Dzi\u0119kuj\u0119!<\/p>\n<h3 data-sourcepos=\"73:1-73:21\"><strong data-sourcepos=\"73:7-73:21\">Skontaktuj si\u0119 z nami<\/strong><\/h3>\n<div id=\"text-2419739398\" class=\"text\">\n<p><strong data-sourcepos=\"75:3-75:12\">E-mail<\/strong>:\u00a0<a href=\"mailto:support@pgvape.com\"><strong>support@pgvape.com<\/strong><\/a><\/p>\n<p><strong data-sourcepos=\"76:3-76:15\">WhatsApp<\/strong>: <a href=\"https:\/\/wa.me\/+8618128481258\"><strong>+86 18128481258<\/strong><\/a><br \/>\n<strong>(Odpowied\u017a w ci\u0105gu 24 godzin w dni robocze)<\/strong><\/p>\n<\/div>\n<h3><strong>Dzi\u0119kujemy za wybranie pgvape.com! .<\/strong><\/h3>\n<\/div>","protected":false},"excerpt":{"rendered":"<p><strong data-sourcepos=\"60:1-60:242\">\u201cUwin Crystal Twins 40000: Elegancki jednorazowy waporyzator o dw\u00f3ch smakach, zapewniaj\u0105cy 40 tys. zaci\u0105gni\u0119\u0107, pojemno\u015b\u0107 32 ml i 15 kombinacji smak\u00f3w \u2013 wyposa\u017cony w inteligentny wy\u015bwietlacz, kryszta\u0142ow\u0105 konstrukcj\u0119 i cewki siatkowe 0,6 \u03a9 zapewniaj\u0105ce najwy\u017csz\u0105 wydajno\u015b\u0107.\u201d<\/strong><\/p>","protected":false},"featured_media":2347,"comment_status":"open","ping_status":"closed","template":"","meta":{"_seopress_robots_primary_cat":"none","_seopress_titles_title":"%%post_title%% %%sep%% %%sitetitle%%","_seopress_titles_desc":"","_seopress_robots_index":""},"product_brand":[516,207],"product_cat":[103,515,205],"product_tag":[106,107,90,66,217,216],"class_list":{"0":"post-2335","1":"product","2":"type-product","3":"status-publish","4":"has-post-thumbnail","6":"product_brand-disposable-vape","7":"product_brand-uwin-vape","8":"product_cat-40k-puffs-vape","9":"product_cat-disposable-vape","10":"product_cat-uwin-vape","11":"product_tag-40k-puffs","12":"product_tag-40k-vape","13":"product_tag-disposable-vape","14":"product_tag-dual-flavors","15":"product_tag-smart-display-screen","16":"product_tag-uwin-crystal-twins-40000","18":"first","19":"instock","20":"sale","21":"shipping-taxable","22":"purchasable","23":"product-type-variable"},"_links":{"self":[{"href":"https:\/\/pgvape.com\/pl\/wp-json\/wp\/v2\/product\/2335","targetHints":{"allow":["GET"]}}],"collection":[{"href":"https:\/\/pgvape.com\/pl\/wp-json\/wp\/v2\/product"}],"about":[{"href":"https:\/\/pgvape.com\/pl\/wp-json\/wp\/v2\/types\/product"}],"replies":[{"embeddable":true,"href":"https:\/\/pgvape.com\/pl\/wp-json\/wp\/v2\/comments?post=2335"}],"wp:featuredmedia":[{"embeddable":true,"href":"https:\/\/pgvape.com\/pl\/wp-json\/wp\/v2\/media\/2347"}],"wp:attachment":[{"href":"https:\/\/pgvape.com\/pl\/wp-json\/wp\/v2\/media?parent=2335"}],"wp:term":[{"taxonomy":"product_brand","embeddable":true,"href":"https:\/\/pgvape.com\/pl\/wp-json\/wp\/v2\/product_brand?post=2335"},{"taxonomy":"product_cat","embeddable":true,"href":"https:\/\/pgvape.com\/pl\/wp-json\/wp\/v2\/product_cat?post=2335"},{"taxonomy":"product_tag","embeddable":true,"href":"https:\/\/pgvape.com\/pl\/wp-json\/wp\/v2\/product_tag?post=2335"}],"curies":[{"name":"wp","href":"https:\/\/api.w.org\/{rel}","templated":true}]}}