{"id":2302,"date":"2025-10-03T06:06:11","date_gmt":"2025-10-03T06:06:11","guid":{"rendered":"https:\/\/pgvape.com\/?post_type=product&#038;p=2302"},"modified":"2026-01-27T10:11:46","modified_gmt":"2026-01-27T10:11:46","slug":"uwin-tornado-triple-60000-60-tys-zaciagniec-3-w-1-smaki-jednorazowe-vape-3-regulowane-smaki-inteligentny-wyswietlacz-led-vape-factory-direct","status":"publish","type":"product","link":"https:\/\/pgvape.com\/pl\/produkt\/uwin-tornado-triple-60000-60-tys-zaciagniec-3-w-1-smaki-jednorazowe-vape-3-regulowane-smaki-inteligentny-wyswietlacz-led-vape-factory-direct\/","title":{"rendered":"Uwin Tornado Triple 60000 60K Ptysi 3 w 1 Smaki Jednorazowe Vape 3 Regulowane Smaki Inteligentny Wy\u015bwietlacz LED Vape Factory Direct"},"content":{"rendered":"<p class=\"header-vfC6AV auto-hide-last-sibling-br\"><strong data-sourcepos=\"2:5-2:56\">Jednorazowy waporyzator Uwin Tornado Triple 60000 Puffs<\/strong> Ustanawia nowy standard dzi\u0119ki <strong data-sourcepos=\"2:82-2:109\">60 000 bardzo d\u0142ugich zaci\u0105gni\u0119\u0107<\/strong> I <strong data-sourcepos=\"2:114-2:138\">3 regulowane smaki<\/strong> W jednym urz\u0105dzeniu. <strong data-sourcepos=\"2:164-2:193\">Opcje nikotyny 2%\/3%\/5%<\/strong>, A <strong data-sourcepos=\"2:197-2:228\">Akumulator 650 mAh<\/strong>, I <strong data-sourcepos=\"2:234-2:254\">Potr\u00f3jna cewka siatkowa<\/strong>, Dostarcza <strong data-sourcepos=\"2:268-2:283\">G\u0119sta para<\/strong> I <strong data-sourcepos=\"2:288-2:303\">Czysty smak<\/strong>. <strong data-sourcepos=\"2:309-2:330\">Inteligentny wy\u015bwietlacz LED<\/strong> Utwory <strong data-sourcepos=\"2:338-2:354\">\u017bywotno\u015b\u0107 baterii<\/strong> I <strong data-sourcepos=\"2:359-2:374\">Tryb smakowy<\/strong>, Chwila <strong data-sourcepos=\"2:382-2:406\">Szybkie \u0142adowanie typu C<\/strong> Zapewnia szybkie do\u0142adowania. <strong data-sourcepos=\"2:445-2:479\">12 doskona\u0142ych kombinacji smakowych<\/strong>, Pakowane <strong data-sourcepos=\"2:490-2:503\">10 sztuk\/pud\u0142o<\/strong> Do sprzeda\u017cy detalicznej\/hurtowej.<\/p>\n<p>&nbsp;<\/p>\n<h2><span style=\"font-size: 90%;\">Uwin Tornado Triple 60K Puffs 3 w 1 Smaki Jednorazowy Vape Specyfikacja<\/span><\/h2>\n<p><strong data-sourcepos=\"7:3-7:17\">Liczba puf\u00f3w<\/strong>:\u00a0<strong data-sourcepos=\"7:19-7:35\">60 000 zaci\u0105gni\u0119\u0107<\/strong><\/p>\n<p><strong data-sourcepos=\"8:3-8:15\">Nikotyna<\/strong>:\u00a0<strong data-sourcepos=\"8:17-8:41\">Opcje 2% \/ 3% \/ 5%<\/strong><\/p>\n<p><strong data-sourcepos=\"9:3-9:15\">E-ciecz<\/strong>:\u00a0<strong data-sourcepos=\"9:17-9:43\">Potr\u00f3jne komory smakowe<\/strong><\/p>\n<p><strong data-sourcepos=\"10:3-10:11\">Cewka<\/strong>:\u00a0<strong data-sourcepos=\"10:13-10:33\">Potr\u00f3jna cewka siatkowa<\/strong><\/p>\n<p><strong data-sourcepos=\"11:3-11:14\">Bateria<\/strong>:\u00a0<strong data-sourcepos=\"11:16-11:39\">Akumulator 650 mAh<\/strong><\/p>\n<p><strong data-sourcepos=\"12:3-12:15\">\u0141adowanie<\/strong>:\u00a0<strong data-sourcepos=\"12:17-12:41\">Szybkie \u0142adowanie typu C<\/strong><\/p>\n<p><strong data-sourcepos=\"13:3-13:14\">Wy\u015bwietlacz<\/strong>:\u00a0<strong data-sourcepos=\"13:16-13:52\">Ekran LED (tryb baterii\/smaku)<\/strong><\/p>\n<p><strong data-sourcepos=\"14:3-14:20\">System smakowy<\/strong>:\u00a0<strong data-sourcepos=\"14:22-14:51\">Regulowane smaki 3 w 1<\/strong><\/p>\n<p><strong data-sourcepos=\"15:3-15:14\">Pakiet<\/strong>:\u00a0<strong data-sourcepos=\"15:16-15:34\">10 urz\u0105dze\u0144\/pude\u0142ko<\/strong><\/p>\n<p>&nbsp;<\/p>\n<h3><span style=\"font-size: 90%;\">Uwin Tornado Triple 60K Puffs 3 w 1 Smaki Jednorazowa lista smak\u00f3w Vape<\/span><\/h3>\n<p><strong data-sourcepos=\"20:4-20:62\">1.L\u00f3d Wi\u015bniowy + Red Bull Truskawkowy + Malina Jagodowa<\/strong><\/p>\n<p><strong data-sourcepos=\"21:4-21:79\">2.L\u00f3d Jagodowy + Arbuz Truskawkowy + L\u00f3d Truskawkowo-Malinowy Wi\u015bniowy<\/strong><\/p>\n<p><strong data-sourcepos=\"22:4-22:64\">3.R\u00f3\u017cowa lemoniada + l\u00f3d waniliowy + cukierek truskawkowo-malinowy<\/strong><\/p>\n<p><strong data-sourcepos=\"23:4-23:71\">4.Truskawkowe Kiwi + Love 66 (Melon z Marakui) + Blue Razz Ice<\/strong><\/p>\n<p><strong data-sourcepos=\"24:4-24:52\">5.Limonka Cytrynowa + Truskawka Banan + Mieszanka Owoc\u00f3w<\/strong><\/p>\n<p><strong data-sourcepos=\"25:4-25:43\">6.L\u00f3d Arbuzowy + L\u00f3d Coca-Cola + Mr Blue<\/strong><\/p>\n<p><strong data-sourcepos=\"26:4-26:68\">7. Letni l\u00f3d brzoskwiniowy + jagodowa malina + truskawkowy red bull<\/strong><\/p>\n<p><strong data-sourcepos=\"27:4-27:69\">8.Kiwi Gujawa z marakuji + Brzoskwinia Mango + Malinowy Arbuz<\/strong><\/p>\n<p><strong data-sourcepos=\"28:4-28:42\">9.Red Bull + l\u00f3d wi\u015bniowy + limonka cytrynowa<\/strong><\/p>\n<p><strong data-sourcepos=\"29:5-29:54\">10. L\u00f3d truskawkowy + letni l\u00f3d brzoskwiniowy + l\u00f3d winogronowy<\/strong><\/p>\n<p><strong data-sourcepos=\"30:5-30:73\">11. Mieszanka jag\u00f3d + l\u00f3d ze smoczych owoc\u00f3w + guma balonowa o smaku truskawkowo-arbuzowym<\/strong><\/p>\n<p><strong data-sourcepos=\"31:5-31:60\">12.Wi\u015bniowa Cola + Truskawkowo-Waniliowa Cola + Jagody Winogronowy<\/strong><\/p>\n<p>&nbsp;<\/p>\n<h3 class=\"brxe-heading\"><span style=\"font-size: 90%;\">Uwin Tornado Triple 60K Puffs 3 w 1 Smaki Jednorazowe wideo Vape:<br \/>\n<\/span><\/h3>\n<p><iframe loading=\"lazy\" title=\"Uwin Tornado Triple 60K Puffs 3w1 Smaki Jednorazowe Vape 3 Regulowane Smaki Factory Direct pgvape\" width=\"563\" height=\"1000\" src=\"https:\/\/www.youtube.com\/embed\/9Mn3oeU0jVg?feature=oembed\" frameborder=\"0\" allow=\"accelerometer; autoplay; clipboard-write; encrypted-media; gyroscope; picture-in-picture; web-share\" referrerpolicy=\"strict-origin-when-cross-origin\" allowfullscreen><\/iframe><\/p>\n<p>&nbsp;<\/p>\n<h2 class=\"header-vfC6AV auto-hide-last-sibling-br\">Cz\u0119sto zadawane pytania na temat jednorazowego waporyzatora Uwin Tornado Triple 60K Puffs 3 w 1 o smaku<\/h2>\n<p data-sourcepos=\"36:1-37:85\">\u2753 <strong data-sourcepos=\"36:3-36:52\">Co sprawia, \u017ce \u200b\u200bliczba 60 000 zaci\u0105gni\u0119\u0107 jest wyj\u0105tkowa?<\/strong><br \/>\n\u2705 <strong data-sourcepos=\"37:3-37:32\">Wiod\u0105ca w bran\u017cy pojemno\u015b\u0107<\/strong> \u2013 Trwa <strong data-sourcepos=\"37:41-37:56\">5-6x d\u0142u\u017cej<\/strong> Ni\u017c standardowe artyku\u0142y jednorazowe.<\/p>\n<p data-sourcepos=\"39:1-40:88\">\u2753 <strong data-sourcepos=\"39:3-39:50\">Jak dzia\u0142a system potr\u00f3jnego smaku?<\/strong><br \/>\n\u2705 <strong data-sourcepos=\"40:3-40:86\">B\u0142yskawicznie prze\u0142\u0105czaj si\u0119 pomi\u0119dzy trzema smakami premium za pomoc\u0105 prostych przycisk\u00f3w.<\/strong><\/p>\n<p data-sourcepos=\"42:1-43:94\">\u2753 <strong data-sourcepos=\"42:3-42:58\">Czy cewka z potr\u00f3jn\u0105 siatk\u0105 jest lepsza ni\u017c cewka z podw\u00f3jn\u0105 siatk\u0105?<\/strong><br \/>\n\u2705 <strong data-sourcepos=\"43:3-43:11\">Tak!<\/strong> Zapewnia <strong data-sourcepos=\"43:21-43:43\">30% Szybsze ogrzewanie<\/strong> I <strong data-sourcepos=\"43:48-43:68\">50% G\u0119stsza para<\/strong> Dla <strong data-sourcepos=\"43:73-43:89\">Bogatszy smak<\/strong>.**<\/p>\n<p data-sourcepos=\"45:1-46:85\">\u2753 <strong data-sourcepos=\"45:3-45:45\">Czy mog\u0119 \u0142atwo monitorowa\u0107 \u017cywotno\u015b\u0107 baterii?<br \/>\n<\/strong> \u2705 <strong data-sourcepos=\"46:3-46:18\">Wy\u015bwietlacz LED<\/strong> Wida\u0107 <strong data-sourcepos=\"46:25-46:53\">Stan baterii w czasie rzeczywistym<\/strong> I <strong data-sourcepos=\"46:58-46:80\">Aktywny tryb smakowy<\/strong>.**<\/p>\n<p data-sourcepos=\"48:1-49:86\">\u2753 <strong data-sourcepos=\"48:3-48:37\">Dlaczego warto wybra\u0107 bateri\u0119 650 mAh?<\/strong><br \/>\n\u2705 <strong data-sourcepos=\"49:3-49:31\">Zoptymalizowany pod k\u0105tem wydajno\u015bci<\/strong> \u2013 Trwa <strong data-sourcepos=\"49:40-49:51\">Ponad 2 dni<\/strong> Z <strong data-sourcepos=\"49:57-49:81\">Szybkie \u0142adowanie typu C<\/strong>.**<\/p>\n<p data-sourcepos=\"51:1-52:95\">\u2753 <strong data-sourcepos=\"51:3-51:44\">Czy 12 smak\u00f3w jest owocowych czy lodowych?<br \/>\n<\/strong> \u2705 <strong data-sourcepos=\"52:3-52:12\">Obydwa!<\/strong> Zawiera <strong data-sourcepos=\"52:22-52:38\">Mieszanki Owocowe<\/strong>, <strong data-sourcepos=\"52:40-52:57\">Napoje energetyczne<\/strong>, I <strong data-sourcepos=\"52:63-52:90\">Od\u015bwie\u017caj\u0105ce warianty lodu<\/strong>.**<\/p>\n<p>&nbsp;<\/p>\n<h3 id=\"brxe-najhln\" class=\"brxe-heading\">Cz\u0119sto zadawane pytania (FAQ)<\/h3>\n<div id=\"brxe-rajiac\" class=\"brxe-text\">\n<p><strong>P: Jakie metody p\u0142atno\u015bci akceptujecie?<\/strong><br \/>\nOdp.: Akceptujemy PayPal, Stripe, przelewy bankowe (obs\u0142ugiwane SEPA), g\u0142\u00f3wne karty kredytowe (Visa, MasterCard, American Express) i p\u0142atno\u015bci w kryptowalutach.<\/p>\n<p><strong>P: Jak d\u0142ugo trwa przygotowanie zam\u00f3wienia?<\/strong><br \/>\nOdp.: Przygotowanie zam\u00f3wienia zajmuje 1-3 dni robocze.<\/p>\n<p><strong>P: Jaki jest czas wysy\u0142ki?<\/strong><br \/>\nOdp.: Czas wysy\u0142ki wynosi 7-14 dni roboczych, w zale\u017cno\u015bci od Twojej lokalizacji.<\/p>\n<p><strong>P: Jak mog\u0119 \u015bledzi\u0107 moje zam\u00f3wienie?<\/strong><br \/>\nOdp.: Po wysy\u0142ce otrzymasz wiadomo\u015b\u0107 e-mail z potwierdzeniem i numerem przesy\u0142ki umo\u017cliwiaj\u0105cym \u015bledzenie w czasie rzeczywistym.<\/p>\n<p><strong>P: Jaka jest Twoja polityka zwrot\u00f3w?<\/strong><br \/>\nOdp.: Oferujemy 30-dniow\u0105 polityk\u0119 zwrot\u00f3w lub wymiany. .<\/p>\n<p><strong>P: Czy wyst\u0105pi\u0105 jakie\u015b problemy celne?<br \/>\n<\/strong>Obs\u0142ugujemy wszystkie procedury odprawy celnej, aby zapewni\u0107 Ci bezproblemow\u0105 obs\u0142ug\u0119. .<\/p>\n<p><strong>P: Jakie metody wysy\u0142ki s\u0105 stosowane?<\/strong><br \/>\nWsp\u00f3\u0142pracujemy z firmami UPS\/DHL\/FEDEX\/DPD itp. W zale\u017cno\u015bci od kraju dostawy wybierzemy odpowiedni\u0105 opcj\u0119 wysy\u0142ki, tak aby produkty dotar\u0142y do \u200b\u200bPa\u0144stwa najszybciej jak to mo\u017cliwe.<\/p>\n<p><a href=\"https:\/\/pgvape.com\/pl\/czesto-zadawane-pytania\/\">Kliknij tutaj, aby uzyska\u0107 wi\u0119cej cz\u0119sto zadawanych pyta\u0144<\/a><\/p>\n<p>Szanowni klienci, je\u015bli masz jakiekolwiek pytania dotycz\u0105ce zam\u00f3wienia lub przybycia towaru, skontaktuj si\u0119 z naszym dzia\u0142em obs\u0142ugi klienta. Dzi\u0119kuj\u0119!<\/p>\n<h3 data-sourcepos=\"73:1-73:21\"><strong data-sourcepos=\"73:7-73:21\">Skontaktuj si\u0119 z nami<\/strong><\/h3>\n<div id=\"text-2419739398\" class=\"text\">\n<p><strong data-sourcepos=\"75:3-75:12\">E-mail<\/strong>:\u00a0<a href=\"mailto:support@pgvape.com\"><strong>support@pgvape.com<\/strong><\/a><\/p>\n<p><strong data-sourcepos=\"76:3-76:15\">WhatsApp<\/strong>: <a href=\"https:\/\/wa.me\/+8618128481258\"><strong>+86 18128481258<\/strong><\/a><br \/>\n<strong>(Odpowied\u017a w ci\u0105gu 24 godzin w dni robocze)<\/strong><\/p>\n<\/div>\n<h3><strong>Dzi\u0119kujemy za wybranie pgvape.com! .<\/strong><\/h3>\n<\/div>","protected":false},"excerpt":{"rendered":"<p><strong data-sourcepos=\"57:1-57:264\">\u201cUwin Tornado Triple 60000: Najlepszy jednorazowy waporyzator smakowy 3 w 1 z 60 tys. zaci\u0105gni\u0119\u0107, cewkami z potr\u00f3jn\u0105 siatk\u0105 i 12 kombinacjami smak\u00f3w \u2013 wyposa\u017cony w inteligentny wy\u015bwietlacz LED, \u0142adowanie typu C i 3 dawki nikotyny dla indywidualnej satysfakcji.\u201d<\/strong><\/p>","protected":false},"featured_media":2307,"comment_status":"open","ping_status":"closed","template":"","meta":{"_seopress_robots_primary_cat":"none","_seopress_titles_title":"%%post_title%% %%sep%% %%sitetitle%%","_seopress_titles_desc":"","_seopress_robots_index":""},"product_brand":[516,207],"product_cat":[48,515,205],"product_tag":[78,215,24,51,52,90,143,214,204],"class_list":{"0":"post-2302","1":"product","2":"type-product","3":"status-publish","4":"has-post-thumbnail","6":"product_brand-disposable-vape","7":"product_brand-uwin-vape","8":"product_cat-60k-puffs-vape","9":"product_cat-disposable-vape","10":"product_cat-uwin-vape","11":"product_tag-12tastes","12":"product_tag-3-adjustable-flavors","13":"product_tag-3-in-1-flavors","14":"product_tag-60k-puffs","15":"product_tag-60k-vape","16":"product_tag-disposable-vape","17":"product_tag-smart-led-display","18":"product_tag-uwin-tornado-triple-60000","19":"product_tag-vape-factory-direct","21":"first","22":"instock","23":"sale","24":"shipping-taxable","25":"purchasable","26":"product-type-variable"},"_links":{"self":[{"href":"https:\/\/pgvape.com\/pl\/wp-json\/wp\/v2\/product\/2302","targetHints":{"allow":["GET"]}}],"collection":[{"href":"https:\/\/pgvape.com\/pl\/wp-json\/wp\/v2\/product"}],"about":[{"href":"https:\/\/pgvape.com\/pl\/wp-json\/wp\/v2\/types\/product"}],"replies":[{"embeddable":true,"href":"https:\/\/pgvape.com\/pl\/wp-json\/wp\/v2\/comments?post=2302"}],"wp:featuredmedia":[{"embeddable":true,"href":"https:\/\/pgvape.com\/pl\/wp-json\/wp\/v2\/media\/2307"}],"wp:attachment":[{"href":"https:\/\/pgvape.com\/pl\/wp-json\/wp\/v2\/media?parent=2302"}],"wp:term":[{"taxonomy":"product_brand","embeddable":true,"href":"https:\/\/pgvape.com\/pl\/wp-json\/wp\/v2\/product_brand?post=2302"},{"taxonomy":"product_cat","embeddable":true,"href":"https:\/\/pgvape.com\/pl\/wp-json\/wp\/v2\/product_cat?post=2302"},{"taxonomy":"product_tag","embeddable":true,"href":"https:\/\/pgvape.com\/pl\/wp-json\/wp\/v2\/product_tag?post=2302"}],"curies":[{"name":"wp","href":"https:\/\/api.w.org\/{rel}","templated":true}]}}