{"id":2270,"date":"2025-10-02T13:21:31","date_gmt":"2025-10-02T13:21:31","guid":{"rendered":"https:\/\/pgvape.com\/?post_type=product&#038;p=2270"},"modified":"2026-01-27T10:14:41","modified_gmt":"2026-01-27T10:14:41","slug":"uwin-tornado-35000-35k-zaciagniec-muzyka-jednorazowe-vape-muzyka-zsynchronizowane-swiatla-led-vape-factory-direct","status":"publish","type":"product","link":"https:\/\/pgvape.com\/pl\/produkt\/uwin-tornado-35000-35k-zaciagniec-muzyka-jednorazowe-vape-muzyka-zsynchronizowane-swiatla-led-vape-factory-direct\/","title":{"rendered":"Uwin Tornado 35000 35K Puffs Muzyka Jednorazowe Vape Muzyka Zsynchronizowane \u015bwiat\u0142a LED Vape Factory Direct"},"content":{"rendered":"<p id=\"brxe-najhln\" class=\"brxe-heading\"><strong data-sourcepos=\"2:5-2:53\">Uwin Tornado 35K Puffs Music Jednorazowy Vape<\/strong> \u0141\u0105czy <strong data-sourcepos=\"2:63-2:87\">Rozszerzona wydajno\u015b\u0107<\/strong> Z <strong data-sourcepos=\"2:93-2:120\">Wci\u0105gaj\u0105ca rozrywka<\/strong>, Dostarczanie <strong data-sourcepos=\"2:133-2:160\">35 000 bardzo d\u0142ugich zaci\u0105gni\u0119\u0107<\/strong> Z <strong data-sourcepos=\"2:166-2:193\">\u015awiat\u0142a LED synchronizowane z muzyk\u0105<\/strong>. <strong data-sourcepos=\"2:208-2:239\">Akumulator 600 mAh<\/strong> I <strong data-sourcepos=\"2:244-2:262\">Cewka siatkowa 1,0 \u03a9<\/strong>, Produkuje <strong data-sourcepos=\"2:276-2:292\">G\u0142adka para<\/strong> I <strong data-sourcepos=\"2:297-2:312\">Bogaty smak<\/strong>. <strong data-sourcepos=\"2:318-2:351\">Dynamiczne \u015bwiat\u0142a zmieniaj\u0105ce kolor<\/strong> Synchronizuj z muzyk\u0105 dla A <strong data-sourcepos=\"2:379-2:408\">Unikalne wra\u017cenia zmys\u0142owe<\/strong>. <strong data-sourcepos=\"2:423-2:448\">12 orze\u017awiaj\u0105cych smak\u00f3w<\/strong> Z <strong data-sourcepos=\"2:454-2:486\">0%\/2%\/3%\/5% Opcje nikotynowe<\/strong>, Pakowane <strong data-sourcepos=\"2:497-2:510\">10 sztuk\/pud\u0142o<\/strong> Do sprzeda\u017cy detalicznej\/hurtowej.<\/p>\n<p>&nbsp;<\/p>\n<h2><span style=\"font-size: 90%;\">Uwin Tornado 35000 | 35K Puffs Music Specyfikacja jednorazowego waporyzatora<\/span><\/h2>\n<p><strong data-sourcepos=\"7:3-7:17\">Liczba puf\u00f3w<\/strong>:\u00a0<strong data-sourcepos=\"7:19-7:35\">35 000 zaci\u0105gni\u0119\u0107<\/strong><\/p>\n<p><strong data-sourcepos=\"8:3-8:15\">Nikotyna<\/strong>:\u00a0<strong data-sourcepos=\"8:17-8:46\">Opcje 0% \/ 2% \/ 3% \/ 5%<\/strong><\/p>\n<p><strong data-sourcepos=\"9:3-9:14\">Bateria<\/strong>:\u00a0<strong data-sourcepos=\"9:16-9:39\">Akumulator 600 mAh<\/strong><\/p>\n<p><strong data-sourcepos=\"10:3-10:15\">\u0141adowanie<\/strong>:\u00a0<strong data-sourcepos=\"10:17-10:41\">Szybkie \u0142adowanie typu C<\/strong><\/p>\n<p><strong data-sourcepos=\"11:3-11:11\">Cewka<\/strong>:\u00a0<strong data-sourcepos=\"11:13-11:31\">Cewka siatkowa 1,0 \u03a9<\/strong><\/p>\n<p><strong data-sourcepos=\"12:3-12:13\">\u015alepia<\/strong>:\u00a0<strong data-sourcepos=\"12:15-12:43\">Efekty LED synchronizowane z muzyk\u0105<\/strong><\/p>\n<p><strong data-sourcepos=\"13:3-13:13\">Projekt<\/strong>:\u00a0<strong data-sourcepos=\"13:15-13:41\">Lekki i przeno\u015bny<\/strong><\/p>\n<p><strong data-sourcepos=\"14:3-14:14\">Pakiet<\/strong>:\u00a0<strong data-sourcepos=\"14:16-14:34\">10 urz\u0105dze\u0144\/Bo<\/strong><\/p>\n<p>&nbsp;<\/p>\n<h3><span style=\"font-size: 90%;\">Uwin Tornado 35000 | 35K Puffs Music Jednorazowa lista smak\u00f3w Vape<\/span><\/h3>\n<p><strong>1.Malina jagodowa<\/strong><\/p>\n<p><strong>2. Arbuz truskawkowy<\/strong><\/p>\n<p><strong>3. Bor\u00f3wka na lodzie<\/strong><\/p>\n<p><strong>4. L\u00f3d arbuzowy<\/strong><\/p>\n<p><strong>5. Wi\u015bniowy l\u00f3d<\/strong><\/p>\n<p><strong>6.L\u00f3d Truskawkowo-Malinowo-Wi\u015bniowy<\/strong><\/p>\n<p><strong>7.Kiwi Gujawa z marakuji<\/strong><\/p>\n<p><strong>8. L\u00f3d Truskawkowy<\/strong><\/p>\n<p><strong>9. Wi\u015bniowa Cola<\/strong><\/p>\n<p><strong>10. Mieszane jagody<\/strong><\/p>\n<p><strong>11. Pan Niebieski<\/strong><\/p>\n<p><strong>12. Letni l\u00f3d brzoskwiniowy<\/strong><\/p>\n<p>&nbsp;<\/p>\n<p><img loading=\"lazy\" decoding=\"async\" class=\"alignnone wp-image-2280 size-full\" src=\"https:\/\/pgvape.com\/wp-content\/uploads\/2025\/10\/PG-Uwin-Tornado-35000-35K-Puffs-Music-Disposable-Vape-0-2-3-5-Nicotine-12Tastes-Music-Synced-LED-Lights-Factory-Direct-8.png\" alt=\"Baner z motywem muzyki neonowej dla Uwin Tornado 35K Music przedstawiaj\u0105cy rz\u0105d kolorowych jednorazowych urz\u0105dze\u0144 do waporyzacji z ilustrowanymi grafikami czaszek i postaci oraz etykietami smakowymi, ustawionych na \u015bwiec\u0105cym tle sceny z neonow\u0105 gitar\u0105 elektryczn\u0105, s\u0142uchawkami i has\u0142em &quot;Tryb muzyczny \u2014 \u015bwiat\u0142a ta\u0144cz\u0105 z muzyk\u0105&quot;.\" width=\"2000\" height=\"1332\" srcset=\"https:\/\/pgvape.com\/wp-content\/uploads\/2025\/10\/PG-Uwin-Tornado-35000-35K-Puffs-Music-Disposable-Vape-0-2-3-5-Nicotine-12Tastes-Music-Synced-LED-Lights-Factory-Direct-8.png 2000w, https:\/\/pgvape.com\/wp-content\/uploads\/2025\/10\/PG-Uwin-Tornado-35000-35K-Puffs-Music-Disposable-Vape-0-2-3-5-Nicotine-12Tastes-Music-Synced-LED-Lights-Factory-Direct-8-541x360.png 541w, https:\/\/pgvape.com\/wp-content\/uploads\/2025\/10\/PG-Uwin-Tornado-35000-35K-Puffs-Music-Disposable-Vape-0-2-3-5-Nicotine-12Tastes-Music-Synced-LED-Lights-Factory-Direct-8-595x396.png 595w, https:\/\/pgvape.com\/wp-content\/uploads\/2025\/10\/PG-Uwin-Tornado-35000-35K-Puffs-Music-Disposable-Vape-0-2-3-5-Nicotine-12Tastes-Music-Synced-LED-Lights-Factory-Direct-8-400x266.png 400w, https:\/\/pgvape.com\/wp-content\/uploads\/2025\/10\/PG-Uwin-Tornado-35000-35K-Puffs-Music-Disposable-Vape-0-2-3-5-Nicotine-12Tastes-Music-Synced-LED-Lights-Factory-Direct-8-768x511.png 768w, https:\/\/pgvape.com\/wp-content\/uploads\/2025\/10\/PG-Uwin-Tornado-35000-35K-Puffs-Music-Disposable-Vape-0-2-3-5-Nicotine-12Tastes-Music-Synced-LED-Lights-Factory-Direct-8-1536x1023.png 1536w, https:\/\/pgvape.com\/wp-content\/uploads\/2025\/10\/PG-Uwin-Tornado-35000-35K-Puffs-Music-Disposable-Vape-0-2-3-5-Nicotine-12Tastes-Music-Synced-LED-Lights-Factory-Direct-8-18x12.png 18w, https:\/\/pgvape.com\/wp-content\/uploads\/2025\/10\/PG-Uwin-Tornado-35000-35K-Puffs-Music-Disposable-Vape-0-2-3-5-Nicotine-12Tastes-Music-Synced-LED-Lights-Factory-Direct-8-600x400.png 600w, https:\/\/pgvape.com\/wp-content\/uploads\/2025\/10\/PG-Uwin-Tornado-35000-35K-Puffs-Music-Disposable-Vape-0-2-3-5-Nicotine-12Tastes-Music-Synced-LED-Lights-Factory-Direct-8-60x40.png 60w\" sizes=\"auto, (max-width: 2000px) 100vw, 2000px\" \/><\/p>\n<h3><span style=\"font-size: 90%;\">Uwin Tornado 35000 | 35K Puffs Muzyka Jednorazowe wideo Vape:<\/span><\/h3>\n<p><iframe loading=\"lazy\" title=\"Uwin Tornado 35000 | 35K Puffs Muzyka Jednorazowy Vape | Vape Factory Direct pgvape\" width=\"563\" height=\"1000\" src=\"https:\/\/www.youtube.com\/embed\/vRCYIZmvGQE?feature=oembed\" frameborder=\"0\" allow=\"accelerometer; autoplay; clipboard-write; encrypted-media; gyroscope; picture-in-picture; web-share\" referrerpolicy=\"strict-origin-when-cross-origin\" allowfullscreen><\/iframe><\/p>\n<p>&nbsp;<\/p>\n<h2 class=\"header-vfC6AV auto-hide-last-sibling-br\">Cz\u0119sto zadawane pytania na temat Uwin Tornado 35000 | 35K Puffs Music Jednorazowy Vape<\/h2>\n<p data-sourcepos=\"35:1-36:101\">\u2753 <strong data-sourcepos=\"35:3-35:58\">Co sprawia, \u017ce \u200b\u200bsynchronizowane z muzyk\u0105 \u015bwiat\u0142a LED s\u0105 wyj\u0105tkowe?<\/strong><br \/>\n\u2705 <strong data-sourcepos=\"36:3-36:28\">Dynamiczne efekty kolorystyczne<\/strong> To <strong data-sourcepos=\"36:34-36:57\">Pulsuj do Twojej muzyki<\/strong> Dla An <strong data-sourcepos=\"36:65-36:96\">Wci\u0105gaj\u0105ce do\u015bwiadczenie wapowania<\/strong>.**<\/p>\n<p data-sourcepos=\"38:1-39:101\">\u2753 <strong data-sourcepos=\"38:3-38:54\">W jaki spos\u00f3b cewka siatkowa 1,0 \u03a9 poprawia waporyzacj\u0119?<br \/>\n<\/strong> \u2705 <strong data-sourcepos=\"39:3-39:96\">Zoptymalizowany pod k\u0105tem p\u0142ynnego zaci\u0105gania i zwi\u0119kszonej przejrzysto\u015bci smaku w por\u00f3wnaniu do standardowych grza\u0142ek<\/strong>.**<\/p>\n<p data-sourcepos=\"41:1-42:85\">\u2753 <strong data-sourcepos=\"41:3-41:44\">Czy bateria 600 mAh wystarczy?<br \/>\n<\/strong> \u2705 <strong data-sourcepos=\"42:3-42:11\">Tak!<\/strong> Trwa <strong data-sourcepos=\"42:18-42:30\">1-2 dni<\/strong> Z <strong data-sourcepos=\"42:36-42:60\">Szybkie \u0142adowanie typu C<\/strong> Do szybkiego do\u0142adowania.**<\/p>\n<p data-sourcepos=\"44:1-45:79\">\u2753 <strong data-sourcepos=\"44:3-44:38\">Czy mog\u0119 go u\u017cywa\u0107 bez nikotyny?<\/strong><br \/>\n\u2705 <strong data-sourcepos=\"45:3-45:11\">Tak!<\/strong> <strong data-sourcepos=\"45:12-45:34\">0% Opcja nikotynowa<\/strong> Dost\u0119pne dla <strong data-sourcepos=\"45:49-45:74\">Przyjemno\u015b\u0107 wy\u0142\u0105cznie smakowa<\/strong>.**<\/p>\n<p data-sourcepos=\"47:1-48:91\">\u2753 <strong data-sourcepos=\"47:3-47:35\">Dlaczego warto wybra\u0107 35 000 zaci\u0105gni\u0119\u0107?<\/strong><br \/>\n\u2705 <strong data-sourcepos=\"48:3-48:25\">Zr\u00f3wnowa\u017cona trwa\u0142o\u015b\u0107<\/strong> \u2013 Idealny dla <strong data-sourcepos=\"48:40-48:56\">Tygodnie u\u017cytkowania<\/strong> Bez cz\u0119stych wymian.**<\/p>\n<p data-sourcepos=\"50:1-51:92\">\u2753 <strong data-sourcepos=\"50:3-50:43\">Czy 12 smak\u00f3w jest lodowych czy s\u0142odkich?<br \/>\n<\/strong> \u2705 <strong data-sourcepos=\"51:3-51:12\">Obydwa!<\/strong> Zawiera <strong data-sourcepos=\"51:22-51:32\">Owocowy<\/strong>, <strong data-sourcepos=\"51:34-51:45\">Mentol<\/strong>, I <strong data-sourcepos=\"51:51-51:87\">Unikalne mieszanki (takie jak wi\u015bniowa cola)<\/strong>.**<\/p>\n<p>&nbsp;<\/p>\n<h3 id=\"brxe-najhln\" class=\"brxe-heading\">Cz\u0119sto zadawane pytania (FAQ)<\/h3>\n<div id=\"brxe-rajiac\" class=\"brxe-text\">\n<p><strong>P: Jakie metody p\u0142atno\u015bci akceptujecie?<\/strong><br \/>\nOdp.: Akceptujemy PayPal, Stripe, przelewy bankowe (obs\u0142ugiwane SEPA), g\u0142\u00f3wne karty kredytowe (Visa, MasterCard, American Express) i p\u0142atno\u015bci w kryptowalutach.<\/p>\n<p><strong>P: Jak d\u0142ugo trwa przygotowanie zam\u00f3wienia?<\/strong><br \/>\nOdp.: Przygotowanie zam\u00f3wienia zajmuje 1-3 dni robocze.<\/p>\n<p><strong>P: Jaki jest czas wysy\u0142ki?<\/strong><br \/>\nOdp.: Czas wysy\u0142ki wynosi 7-14 dni roboczych, w zale\u017cno\u015bci od Twojej lokalizacji.<\/p>\n<p><strong>P: Jak mog\u0119 \u015bledzi\u0107 moje zam\u00f3wienie?<\/strong><br \/>\nOdp.: Po wysy\u0142ce otrzymasz wiadomo\u015b\u0107 e-mail z potwierdzeniem i numerem przesy\u0142ki umo\u017cliwiaj\u0105cym \u015bledzenie w czasie rzeczywistym.<\/p>\n<p><strong>P: Jaka jest Twoja polityka zwrot\u00f3w?<\/strong><br \/>\nOdp.: Oferujemy 30-dniow\u0105 polityk\u0119 zwrot\u00f3w lub wymiany. .<\/p>\n<p><strong>P: Czy wyst\u0105pi\u0105 jakie\u015b problemy celne?<br \/>\n<\/strong>Obs\u0142ugujemy wszystkie procedury odprawy celnej, aby zapewni\u0107 Ci bezproblemow\u0105 obs\u0142ug\u0119. .<\/p>\n<p><strong>P: Jakie metody wysy\u0142ki s\u0105 stosowane?<\/strong><br \/>\nWsp\u00f3\u0142pracujemy z firmami UPS\/DHL\/FEDEX\/DPD itp. W zale\u017cno\u015bci od kraju dostawy wybierzemy odpowiedni\u0105 opcj\u0119 wysy\u0142ki, tak aby produkty dotar\u0142y do \u200b\u200bPa\u0144stwa najszybciej jak to mo\u017cliwe.<\/p>\n<p><a href=\"https:\/\/pgvape.com\/pl\/czesto-zadawane-pytania\/\">Kliknij tutaj, aby uzyska\u0107 wi\u0119cej cz\u0119sto zadawanych pyta\u0144<\/a><\/p>\n<p>Szanowni klienci, je\u015bli masz jakiekolwiek pytania dotycz\u0105ce zam\u00f3wienia lub przybycia towaru, skontaktuj si\u0119 z naszym dzia\u0142em obs\u0142ugi klienta. Dzi\u0119kuj\u0119!<\/p>\n<h3 data-sourcepos=\"73:1-73:21\"><strong data-sourcepos=\"73:7-73:21\">Skontaktuj si\u0119 z nami<\/strong><\/h3>\n<div id=\"text-2419739398\" class=\"text\">\n<p><strong data-sourcepos=\"75:3-75:12\">E-mail<\/strong>:\u00a0<a href=\"mailto:support@pgvape.com\"><strong>support@pgvape.com<\/strong><\/a><\/p>\n<p><strong data-sourcepos=\"76:3-76:15\">WhatsApp<\/strong>: <a href=\"https:\/\/wa.me\/+8618128481258\"><strong>+86 18128481258<\/strong><\/a><br \/>\n<strong>(Odpowied\u017a w ci\u0105gu 24 godzin w dni robocze)<\/strong><\/p>\n<\/div>\n<h3><strong>Dzi\u0119kujemy za wybranie pgvape.com! .<\/strong><\/h3>\n<\/div>","protected":false},"excerpt":{"rendered":"<p><strong data-sourcepos=\"56:1-56:238\">\u201cUwin Tornado 35K: Jednorazowy waporyzator pe\u0142en rozrywki, z 35 tys. zaci\u0105gni\u0119\u0107, muzycznymi diodami LED i 12 smakami \u2013 wyposa\u017cony w cewk\u0119 siatkow\u0105 1,0 \u03a9, bateri\u0119 600 mAh i 4 dawki nikotyny do spersonalizowanego wapowania.\u201d<\/strong><\/p>","protected":false},"featured_media":2278,"comment_status":"open","ping_status":"closed","template":"","meta":{"_seopress_robots_primary_cat":"none","_seopress_titles_title":"%%post_title%% %%sep%% %%sitetitle%%","_seopress_titles_desc":"","_seopress_robots_index":""},"product_brand":[516,207],"product_cat":[197,515,205],"product_tag":[78,199,200,212,213,211,204],"class_list":{"0":"post-2270","1":"product","2":"type-product","3":"status-publish","4":"has-post-thumbnail","6":"product_brand-disposable-vape","7":"product_brand-uwin-vape","8":"product_cat-35k-puffs-vape","9":"product_cat-disposable-vape","10":"product_cat-uwin-vape","11":"product_tag-12tastes","12":"product_tag-35k-puffs","13":"product_tag-35k-vape","14":"product_tag-music-disposable-vape","15":"product_tag-music-synced-led-lights","16":"product_tag-uwin-tornado-35000","17":"product_tag-vape-factory-direct","19":"first","20":"instock","21":"sale","22":"shipping-taxable","23":"purchasable","24":"product-type-variable"},"_links":{"self":[{"href":"https:\/\/pgvape.com\/pl\/wp-json\/wp\/v2\/product\/2270","targetHints":{"allow":["GET"]}}],"collection":[{"href":"https:\/\/pgvape.com\/pl\/wp-json\/wp\/v2\/product"}],"about":[{"href":"https:\/\/pgvape.com\/pl\/wp-json\/wp\/v2\/types\/product"}],"replies":[{"embeddable":true,"href":"https:\/\/pgvape.com\/pl\/wp-json\/wp\/v2\/comments?post=2270"}],"wp:featuredmedia":[{"embeddable":true,"href":"https:\/\/pgvape.com\/pl\/wp-json\/wp\/v2\/media\/2278"}],"wp:attachment":[{"href":"https:\/\/pgvape.com\/pl\/wp-json\/wp\/v2\/media?parent=2270"}],"wp:term":[{"taxonomy":"product_brand","embeddable":true,"href":"https:\/\/pgvape.com\/pl\/wp-json\/wp\/v2\/product_brand?post=2270"},{"taxonomy":"product_cat","embeddable":true,"href":"https:\/\/pgvape.com\/pl\/wp-json\/wp\/v2\/product_cat?post=2270"},{"taxonomy":"product_tag","embeddable":true,"href":"https:\/\/pgvape.com\/pl\/wp-json\/wp\/v2\/product_tag?post=2270"}],"curies":[{"name":"wp","href":"https:\/\/api.w.org\/{rel}","templated":true}]}}