{"id":2177,"date":"2025-10-02T08:40:48","date_gmt":"2025-10-02T08:40:48","guid":{"rendered":"https:\/\/pgvape.com\/?post_type=product&#038;p=2177"},"modified":"2026-01-27T11:05:55","modified_gmt":"2026-01-27T11:05:55","slug":"stag-bar-impuls-35000-35k-zaciagniec-jednorazowy-vape-regulowany-przeplyw-powietrza-2-nikotyna-16-smakow-inteligentny-wyswietlacz-led-vape-factory-direct","status":"publish","type":"product","link":"https:\/\/pgvape.com\/pl\/produkt\/stag-bar-impuls-35000-35k-zaciagniec-jednorazowy-vape-regulowany-przeplyw-powietrza-2-nikotyna-16-smakow-inteligentny-wyswietlacz-led-vape-factory-direct\/","title":{"rendered":"Stag Bar Pulse 35000 | 35K Puffs Jednorazowy Vape | Regulowany przep\u0142yw powietrza | 2%-Nikotyna | 16 Smak\u00f3w | Inteligentny Wy\u015bwietlacz LED | Vape Factory Direct"},"content":{"rendered":"<p><strong data-sourcepos=\"2:5-2:51\">Jednorazowy Vape Stag Bar Pulse 35000 Puffs<\/strong> oferty <strong data-sourcepos=\"2:59-2:86\">wyj\u0105tkowa wydajno\u015b\u0107<\/strong> z <strong data-sourcepos=\"2:92-2:119\">35 000 bardzo d\u0142ugich zaci\u0105gni\u0119\u0107<\/strong> I <strong data-sourcepos=\"2:124-2:150\">Pojemno\u015b\u0107 e-liquidu 30 ml<\/strong>. <strong data-sourcepos=\"2:164-2:195\">Akumulator o pojemno\u015bci 750 mAh<\/strong> z <strong data-sourcepos=\"2:201-2:225\">Szybkie \u0142adowanie typu C<\/strong>, to urz\u0105dzenie wykorzystuje <strong data-sourcepos=\"2:250-2:268\">Cewka siatkowa 1,0 \u03a9<\/strong> Do <strong data-sourcepos=\"2:273-2:300\">p\u0142ynna produkcja pary<\/strong> I <strong data-sourcepos=\"2:305-2:329\">bogata dostawa smaku<\/strong>. <strong data-sourcepos=\"2:335-2:356\">inteligentny wy\u015bwietlacz LED<\/strong> zapewnia <strong data-sourcepos=\"2:366-2:390\">monitorowanie w czasie rzeczywistym<\/strong> z <strong data-sourcepos=\"2:394-2:412\">poziom e-p\u0142ynu<\/strong> I <strong data-sourcepos=\"2:417-2:435\">stan baterii<\/strong>, chwila <strong data-sourcepos=\"2:443-2:465\">regulowany przep\u0142yw powietrza<\/strong> umo\u017cliwia <strong data-sourcepos=\"2:474-2:506\">spersonalizowane do\u015bwiadczenie wapowania<\/strong>. <strong data-sourcepos=\"2:521-2:543\">16 smak\u00f3w premium<\/strong> z <strong data-sourcepos=\"2:549-2:573\">Si\u0142a nikotyny 2%<\/strong>, jest przeznaczony <strong data-sourcepos=\"2:593-2:614\">wymagaj\u0105cy vaperzy<\/strong> kt\u00f3rzy \u017c\u0105daj\u0105 <strong data-sourcepos=\"2:626-2:637\">jako\u015b\u0107<\/strong> I <strong data-sourcepos=\"2:642-2:655\">d\u0142ugowieczno\u015b\u0107<\/strong>.<\/p>\n<p>&nbsp;<\/p>\n<h2><span style=\"font-size: 90%;\">Stag Bar Pulse 35000 | 35K Puffs Specyfikacja jednorazowego waporyzatora<\/span><\/h2>\n<p><strong data-sourcepos=\"7:3-7:17\">Liczba zaci\u0105gni\u0119\u0107<\/strong>:\u00a0<strong data-sourcepos=\"7:19-7:35\">35 000 zaci\u0105gni\u0119\u0107<\/strong><\/p>\n<p><strong data-sourcepos=\"8:3-8:24\">Si\u0142a nikotyny<\/strong>:\u00a0<strong data-sourcepos=\"8:26-8:32\">2%<\/strong><\/p>\n<p><strong data-sourcepos=\"9:3-9:24\">Pojemno\u015b\u0107 e-cieczy<\/strong>:\u00a0<strong data-sourcepos=\"9:26-9:34\">30ml<\/strong><\/p>\n<p><strong data-sourcepos=\"10:3-10:16\">Typ cewki<\/strong>:\u00a0<strong data-sourcepos=\"10:18-10:36\">Cewka siatkowa 1,0 \u03a9<\/strong><\/p>\n<p><strong data-sourcepos=\"11:3-11:23\">Pojemno\u015b\u0107 baterii<\/strong>:\u00a0<strong data-sourcepos=\"11:25-11:48\">Akumulator 750 mAh<\/strong><\/p>\n<p><strong data-sourcepos=\"12:3-12:20\">Port \u0142adowania<\/strong>:\u00a0<strong data-sourcepos=\"12:22-12:46\">Szybkie \u0142adowanie typu C<\/strong><\/p>\n<p><strong data-sourcepos=\"13:3-13:14\">Wy\u015bwietlacz<\/strong>:\u00a0<strong data-sourcepos=\"13:16-13:59\">Ekran LED (wska\u017anik e-p\u0142ynu\/baterii)<\/strong><\/p>\n<p><strong data-sourcepos=\"14:3-14:22\">Kontrola przep\u0142ywu powietrza<\/strong>:\u00a0<strong data-sourcepos=\"14:24-14:38\">Nastawny<\/strong><\/p>\n<p><strong data-sourcepos=\"15:3-15:21\">Opcje smakowe<\/strong>:\u00a0<strong data-sourcepos=\"15:23-15:39\">16 odmian<\/strong><\/p>\n<p>&nbsp;<\/p>\n<h3><span style=\"font-size: 90%;\">Stag Bar Pulse 35000 | 35 tys. puszek Jednorazowa lista smak\u00f3w Vape<\/span><\/h3>\n<p><strong data-sourcepos=\"20:4-20:22\">1.L\u00f3d arbuzowy<\/strong><\/p>\n<p><strong data-sourcepos=\"21:4-21:27\">2.Malina jagodowa<\/strong><\/p>\n<p><strong data-sourcepos=\"22:4-22:21\">3.L\u00f3d jagodowy<\/strong><\/p>\n<p><strong data-sourcepos=\"23:4-23:21\">4. Lody z czerwonych jab\u0142ek<\/strong><\/p>\n<p><strong data-sourcepos=\"24:4-24:22\">5.L\u00f3d truskawkowy<\/strong><\/p>\n<p><strong data-sourcepos=\"25:4-25:23\">6.Truskawkowe Kiwi<\/strong><\/p>\n<p><strong data-sourcepos=\"26:4-26:21\">7. Niebieski Razz L\u00f3d<\/strong><\/p>\n<p><strong data-sourcepos=\"27:4-27:20\">8. Musuj\u0105ca wi\u015bnia<\/strong><\/p>\n<p><strong data-sourcepos=\"28:4-28:29\">9. Arbuz Truskawkowy<\/strong><\/p>\n<p><strong data-sourcepos=\"29:5-29:31\">10. Arbuz brzoskwiniowo-mango<\/strong><\/p>\n<p><strong data-sourcepos=\"30:5-30:19\">11. Cytryna Limonka<\/strong><\/p>\n<p><strong data-sourcepos=\"31:5-31:17\">12. L\u00f3d z Col\u0105<\/strong><\/p>\n<p><strong data-sourcepos=\"32:5-32:20\">13. Bia\u0142a Mamba<\/strong><\/p>\n<p><strong data-sourcepos=\"33:5-33:25\">14. L\u00f3d Czarnego Smoka<\/strong><\/p>\n<p><strong data-sourcepos=\"34:5-34:15\">15.Hawaje<\/strong><\/p>\n<p><strong data-sourcepos=\"35:5-35:27\">16. Lemoniada z niebiesk\u0105 zgrzyt\u0105<\/strong><\/p>\n<p><img loading=\"lazy\" decoding=\"async\" class=\"alignnone wp-image-2184 size-full\" src=\"https:\/\/pgvape.com\/wp-content\/uploads\/2025\/10\/Pgvape-Stag-Bar-Pulse-35000-35K-Puffs-Disposable-Vape-Ajustable-Airflow-2-Nicotine-16Tastes-Smart-LED-Display-Vape-Factory-Direct-5.png\" alt=\"Kola\u017c promocyjny sk\u0142adaj\u0105cy si\u0119 z dwunastu kolorowych jednorazowych urz\u0105dze\u0144 do waporyzacji ustawionych na owocowym tle i oznaczonych nazwami smak\u00f3w, skupionych wok\u00f3\u0142 du\u017cego o\u015bwiadczenia &quot;35 000 PUFFS&quot; i ikon przedstawiaj\u0105cych 30 ml, cewk\u0119 siatkow\u0105, \u0142adowanie przez USB-C i wysy\u0142k\u0119 do magazynu UE w ci\u0105gu 3\u20137 dni.\" width=\"1600\" height=\"1600\" srcset=\"https:\/\/pgvape.com\/wp-content\/uploads\/2025\/10\/Pgvape-Stag-Bar-Pulse-35000-35K-Puffs-Disposable-Vape-Ajustable-Airflow-2-Nicotine-16Tastes-Smart-LED-Display-Vape-Factory-Direct-5.png 1600w, https:\/\/pgvape.com\/wp-content\/uploads\/2025\/10\/Pgvape-Stag-Bar-Pulse-35000-35K-Puffs-Disposable-Vape-Ajustable-Airflow-2-Nicotine-16Tastes-Smart-LED-Display-Vape-Factory-Direct-5-360x360.png 360w, https:\/\/pgvape.com\/wp-content\/uploads\/2025\/10\/Pgvape-Stag-Bar-Pulse-35000-35K-Puffs-Disposable-Vape-Ajustable-Airflow-2-Nicotine-16Tastes-Smart-LED-Display-Vape-Factory-Direct-5-595x595.png 595w, https:\/\/pgvape.com\/wp-content\/uploads\/2025\/10\/Pgvape-Stag-Bar-Pulse-35000-35K-Puffs-Disposable-Vape-Ajustable-Airflow-2-Nicotine-16Tastes-Smart-LED-Display-Vape-Factory-Direct-5-400x400.png 400w, https:\/\/pgvape.com\/wp-content\/uploads\/2025\/10\/Pgvape-Stag-Bar-Pulse-35000-35K-Puffs-Disposable-Vape-Ajustable-Airflow-2-Nicotine-16Tastes-Smart-LED-Display-Vape-Factory-Direct-5-768x768.png 768w, https:\/\/pgvape.com\/wp-content\/uploads\/2025\/10\/Pgvape-Stag-Bar-Pulse-35000-35K-Puffs-Disposable-Vape-Ajustable-Airflow-2-Nicotine-16Tastes-Smart-LED-Display-Vape-Factory-Direct-5-1536x1536.png 1536w, https:\/\/pgvape.com\/wp-content\/uploads\/2025\/10\/Pgvape-Stag-Bar-Pulse-35000-35K-Puffs-Disposable-Vape-Ajustable-Airflow-2-Nicotine-16Tastes-Smart-LED-Display-Vape-Factory-Direct-5-12x12.png 12w, https:\/\/pgvape.com\/wp-content\/uploads\/2025\/10\/Pgvape-Stag-Bar-Pulse-35000-35K-Puffs-Disposable-Vape-Ajustable-Airflow-2-Nicotine-16Tastes-Smart-LED-Display-Vape-Factory-Direct-5-300x300.png 300w, https:\/\/pgvape.com\/wp-content\/uploads\/2025\/10\/Pgvape-Stag-Bar-Pulse-35000-35K-Puffs-Disposable-Vape-Ajustable-Airflow-2-Nicotine-16Tastes-Smart-LED-Display-Vape-Factory-Direct-5-600x600.png 600w, https:\/\/pgvape.com\/wp-content\/uploads\/2025\/10\/Pgvape-Stag-Bar-Pulse-35000-35K-Puffs-Disposable-Vape-Ajustable-Airflow-2-Nicotine-16Tastes-Smart-LED-Display-Vape-Factory-Direct-5-100x100.png 100w, https:\/\/pgvape.com\/wp-content\/uploads\/2025\/10\/Pgvape-Stag-Bar-Pulse-35000-35K-Puffs-Disposable-Vape-Ajustable-Airflow-2-Nicotine-16Tastes-Smart-LED-Display-Vape-Factory-Direct-5-40x40.png 40w\" sizes=\"auto, (max-width: 1600px) 100vw, 1600px\" \/><\/p>\n<p>&nbsp;<\/p>\n<h3 class=\"brxe-heading\"><span style=\"font-size: 90%;\">Stag Bar Pulse 35000 | 35K Puffs Jednorazowe wideo Vape:<br \/>\n<iframe loading=\"lazy\" title=\"Stag Bar Pulse 35000 | 35K Puffs Jednorazowy Vape | Regulowany przep\u0142yw powietrza Vape Factory Direct pgvape\" width=\"563\" height=\"1000\" src=\"https:\/\/www.youtube.com\/embed\/IS-RnTHphIg?feature=oembed\" frameborder=\"0\" allow=\"accelerometer; autoplay; clipboard-write; encrypted-media; gyroscope; picture-in-picture; web-share\" referrerpolicy=\"strict-origin-when-cross-origin\" allowfullscreen><\/iframe><br \/>\n<\/span><\/h3>\n<p>&nbsp;<\/p>\n<h2 class=\"header-vfC6AV auto-hide-last-sibling-br\">Cz\u0119sto zadawane pytania dotycz\u0105ce Stag Bar Pulse 35000 | 35K Puffs Jednorazowy waporyzator<\/h2>\n<p data-sourcepos=\"40:1-41:86\">\u2753 <strong data-sourcepos=\"40:3-40:52\">Co sprawia, \u017ce \u200b\u200bliczba 35 000 zaci\u0105gni\u0119\u0107 jest wyj\u0105tkowa?<\/strong><br \/>\n\u2705 <strong data-sourcepos=\"41:3-41:25\">Wyd\u0142u\u017cona \u017cywotno\u015b\u0107<\/strong> \u2013 zapewnia <strong data-sourcepos=\"41:37-41:53\">tygodnie u\u017cytkowania<\/strong> bez cz\u0119stych wymian.<\/p>\n<p data-sourcepos=\"43:1-44:93\">\u2753 <strong data-sourcepos=\"43:3-43:59\">W jaki spos\u00f3b wy\u015bwietlacz LED poprawia wra\u017cenia?<br \/>\n<\/strong> \u2705 <strong data-sourcepos=\"44:3-44:25\">\u015aledzenie w czasie rzeczywistym<\/strong> z <strong data-sourcepos=\"44:29-44:41\">e-p\u0142yn<\/strong> I <strong data-sourcepos=\"44:46-44:64\">poziom na\u0142adowania baterii<\/strong> Do <strong data-sourcepos=\"44:69-44:90\">bezproblemowe wapowanie<\/strong>.<\/p>\n<p data-sourcepos=\"46:1-47:85\">\u2753 <strong data-sourcepos=\"46:3-46:41\">Czy mog\u0119 dostosowa\u0107 styl wapowania?<\/strong><br \/>\n\u2705 <strong data-sourcepos=\"47:3-47:11\">Tak!<\/strong> <strong data-sourcepos=\"47:12-47:34\">Regulowany przep\u0142yw powietrza<\/strong> pozwala <strong data-sourcepos=\"47:42-47:58\">g\u0142adszy MTL<\/strong> Lub <strong data-sourcepos=\"47:62-47:76\">bardziej przewiewny DTL<\/strong> rysuje.<\/p>\n<p data-sourcepos=\"49:1-50:75\">\u2753 <strong data-sourcepos=\"49:3-49:60\">Czy cewka z siatk\u0105 1,0 \u03a9 jest lepsza ni\u017c cewki standardowe?<br \/>\n<\/strong> \u2705 <strong data-sourcepos=\"50:3-50:11\">Tak!<\/strong> Dostarcza <strong data-sourcepos=\"50:21-50:40\">20% wi\u0119cej smaku<\/strong> I <strong data-sourcepos=\"50:45-50:61\">g\u0119stsza para<\/strong> produkcja.<\/p>\n<p data-sourcepos=\"52:1-53:91\">\u2753 <strong data-sourcepos=\"52:3-52:45\">Czy istnieje wiele opcji smakowych?<\/strong><br \/>\n\u2705 <strong data-sourcepos=\"53:3-53:25\">16 smak\u00f3w premium<\/strong> pasowa\u0107 <strong data-sourcepos=\"53:35-53:45\">owocowy<\/strong>, <strong data-sourcepos=\"53:47-53:54\">lodowaty<\/strong>, I <strong data-sourcepos=\"53:60-53:88\">unikalne preferencje smakowe<\/strong><\/p>\n<p>&nbsp;<\/p>\n<h3 id=\"brxe-najhln\" class=\"brxe-heading\">Cz\u0119sto zadawane pytania (FAQ)<\/h3>\n<div id=\"brxe-rajiac\" class=\"brxe-text\">\n<p><strong>P: Jakie metody p\u0142atno\u015bci akceptujecie?<\/strong><br \/>\nOdp.: Akceptujemy PayPal, Stripe, przelewy bankowe (obs\u0142ugiwane SEPA), g\u0142\u00f3wne karty kredytowe (Visa, MasterCard, American Express) i p\u0142atno\u015bci w kryptowalutach.<\/p>\n<p><strong>P: Jak d\u0142ugo trwa przygotowanie zam\u00f3wienia?<\/strong><br \/>\nOdp.: Przygotowanie zam\u00f3wienia zajmuje 1-3 dni robocze.<\/p>\n<p><strong>P: Jaki jest czas wysy\u0142ki?<\/strong><br \/>\nOdp.: Czas wysy\u0142ki wynosi 7-14 dni roboczych, w zale\u017cno\u015bci od Twojej lokalizacji.<\/p>\n<p><strong>P: Jak mog\u0119 \u015bledzi\u0107 moje zam\u00f3wienie?<\/strong><br \/>\nOdp.: Po wysy\u0142ce otrzymasz wiadomo\u015b\u0107 e-mail z potwierdzeniem i numerem przesy\u0142ki umo\u017cliwiaj\u0105cym \u015bledzenie w czasie rzeczywistym.<\/p>\n<p><strong>P: Jaka jest Twoja polityka zwrot\u00f3w?<\/strong><br \/>\nOdp.: Oferujemy 30-dniow\u0105 polityk\u0119 zwrot\u00f3w lub wymiany. .<\/p>\n<p><strong>P: Czy wyst\u0105pi\u0105 jakie\u015b problemy celne?<br \/>\n<\/strong>Obs\u0142ugujemy wszystkie procedury odprawy celnej, aby zapewni\u0107 Ci bezproblemow\u0105 obs\u0142ug\u0119. .<\/p>\n<p><strong>P: Jakie metody wysy\u0142ki s\u0105 stosowane?<\/strong><br \/>\nWsp\u00f3\u0142pracujemy z firmami UPS\/DHL\/FEDEX\/DPD itp. W zale\u017cno\u015bci od kraju dostawy wybierzemy odpowiedni\u0105 opcj\u0119 wysy\u0142ki, tak aby produkty dotar\u0142y do \u200b\u200bPa\u0144stwa najszybciej jak to mo\u017cliwe.<\/p>\n<p><a href=\"https:\/\/pgvape.com\/pl\/czesto-zadawane-pytania\/\">Kliknij tutaj, aby uzyska\u0107 wi\u0119cej cz\u0119sto zadawanych pyta\u0144<\/a><\/p>\n<p>Szanowni klienci, je\u015bli masz jakiekolwiek pytania dotycz\u0105ce zam\u00f3wienia lub przybycia towaru, skontaktuj si\u0119 z naszym dzia\u0142em obs\u0142ugi klienta. Dzi\u0119kuj\u0119!<\/p>\n<h3 data-sourcepos=\"73:1-73:21\"><strong data-sourcepos=\"73:7-73:21\">Skontaktuj si\u0119 z nami<\/strong><\/h3>\n<div id=\"text-2419739398\" class=\"text\">\n<p><strong data-sourcepos=\"75:3-75:12\">E-mail<\/strong>:\u00a0<a href=\"mailto:support@pgvape.com\"><strong>support@pgvape.com<\/strong><\/a><\/p>\n<p><strong data-sourcepos=\"76:3-76:15\">WhatsApp<\/strong>: <a href=\"https:\/\/wa.me\/+8618128481258\"><strong>+86 18128481258<\/strong><\/a><br \/>\n<strong>(Odpowied\u017a w ci\u0105gu 24 godzin w dni robocze)<\/strong><\/p>\n<\/div>\n<h3><strong>Dzi\u0119kujemy za wybranie pgvape.com! .<\/strong><\/h3>\n<\/div>","protected":false},"excerpt":{"rendered":"<p><strong data-sourcepos=\"58:1-58:234\">\u201cStag Bar Pulse 35000: Jednorazowy waporyzator o du\u017cej pojemno\u015bci z 35 tys. zaci\u0105gni\u0119\u0107, inteligentnym wy\u015bwietlaczem LED i 16 smakami \u2013 wyposa\u017cony w cewk\u0119 siatkow\u0105 1,0 \u03a9, bateri\u0119 750 mAh i regulowany przep\u0142yw powietrza dla spersonalizowanego wapowania.\u201d<\/strong><\/p>","protected":false},"featured_media":2180,"comment_status":"open","ping_status":"closed","template":"","meta":{"_seopress_robots_primary_cat":"none","_seopress_titles_title":"%%post_title%% %%sep%% %%sitetitle%%","_seopress_titles_desc":"","_seopress_robots_index":""},"product_brand":[516,193],"product_cat":[197,515,192],"product_tag":[202,199,200,201,203,143,198,204],"class_list":{"0":"post-2177","1":"product","2":"type-product","3":"status-publish","4":"has-post-thumbnail","6":"product_brand-disposable-vape","7":"product_brand-stag-bar-vape","8":"product_cat-35k-puffs-vape","9":"product_cat-disposable-vape","10":"product_cat-stag-bar-vape","11":"product_tag-16tastes","12":"product_tag-35k-puffs","13":"product_tag-35k-vape","14":"product_tag-ajustable-airflow","15":"product_tag-shipment-from-eu","16":"product_tag-smart-led-display","17":"product_tag-stag-bar-pulse-35000","18":"product_tag-vape-factory-direct","20":"first","21":"outofstock","22":"sale","23":"shipping-taxable","24":"purchasable","25":"product-type-variable"},"_links":{"self":[{"href":"https:\/\/pgvape.com\/pl\/wp-json\/wp\/v2\/product\/2177","targetHints":{"allow":["GET"]}}],"collection":[{"href":"https:\/\/pgvape.com\/pl\/wp-json\/wp\/v2\/product"}],"about":[{"href":"https:\/\/pgvape.com\/pl\/wp-json\/wp\/v2\/types\/product"}],"replies":[{"embeddable":true,"href":"https:\/\/pgvape.com\/pl\/wp-json\/wp\/v2\/comments?post=2177"}],"wp:featuredmedia":[{"embeddable":true,"href":"https:\/\/pgvape.com\/pl\/wp-json\/wp\/v2\/media\/2180"}],"wp:attachment":[{"href":"https:\/\/pgvape.com\/pl\/wp-json\/wp\/v2\/media?parent=2177"}],"wp:term":[{"taxonomy":"product_brand","embeddable":true,"href":"https:\/\/pgvape.com\/pl\/wp-json\/wp\/v2\/product_brand?post=2177"},{"taxonomy":"product_cat","embeddable":true,"href":"https:\/\/pgvape.com\/pl\/wp-json\/wp\/v2\/product_cat?post=2177"},{"taxonomy":"product_tag","embeddable":true,"href":"https:\/\/pgvape.com\/pl\/wp-json\/wp\/v2\/product_tag?post=2177"}],"curies":[{"name":"wp","href":"https:\/\/api.w.org\/{rel}","templated":true}]}}