{"id":2144,"date":"2025-10-01T12:12:06","date_gmt":"2025-10-01T12:12:06","guid":{"rendered":"https:\/\/pgvape.com\/?post_type=product&#038;p=2144"},"modified":"2025-12-23T07:54:11","modified_gmt":"2025-12-23T07:54:11","slug":"bar-jelen-80000-80-tys-zaciagniec-4-w-1-cztery-smaki-jednorazowe-vape-2-nikotyna-10-smakow-inteligentny-wyswietlacz-led-vape-factory-direct","status":"publish","type":"product","link":"https:\/\/pgvape.com\/pl\/produkt\/bar-jelen-80000-80-tys-zaciagniec-4-w-1-cztery-smaki-jednorazowe-vape-2-nikotyna-10-smakow-inteligentny-wyswietlacz-led-vape-factory-direct\/","title":{"rendered":"Stag Bar 80000 | 80 tys. zaci\u0105gni\u0119\u0107 4 w 1 jednorazowy waporyzator o czterech smakach | 2% nikotyna | 10 smak\u00f3w | Inteligentny wy\u015bwietlacz LED | Vape Factory Direct"},"content":{"rendered":"<div class=\"auto-hide-last-sibling-br paragraph-JOTKXA paragraph-element br-paragraph-space\">\n<p><strong data-sourcepos=\"4:5-4:50\">Jednorazowy Vape Stag Bar 4 w 1 80 tys. Puff\u00f3w<\/strong> na nowo definiuje wapowanie <strong data-sourcepos=\"4:73-4:99\">niespotykana pojemno\u015b\u0107<\/strong> \u2013 dostarczanie <strong data-sourcepos=\"4:113-4:129\">80 000 zaci\u0105gni\u0119\u0107<\/strong> z jego <strong data-sourcepos=\"4:139-4:158\">cztery zbiorniki o pojemno\u015bci 18 ml<\/strong> (\u0142\u0105cznie 72 ml). <strong data-sourcepos=\"4:186-4:218\">Akumulator o pojemno\u015bci 1000 mAh<\/strong><span class=\"CustomP_animated_char__m3r9w\">\u00a0<\/span><span class=\"CustomP_animated_char__m3r9w\">z<\/span><span class=\"CustomP_animated_char__m3r9w\">\u00a0<\/span><strong data-sourcepos=\"4:224-4:248\">Szybkie \u0142adowanie typu C<\/strong><span class=\"CustomP_animated_char__m3r9w\">,<\/span><span class=\"CustomP_animated_char__m3r9w\">\u00a0<\/span><span class=\"CustomP_animated_char__m3r9w\">To<\/span><span class=\"CustomP_animated_char__m3r9w\">\u00a0<\/span><span class=\"CustomP_animated_char__m3r9w\">cechy<\/span><span class=\"CustomP_animated_char__m3r9w\">\u00a0<\/span><span class=\"CustomP_animated_char__m3r9w\">jaki\u015b<\/span><span class=\"CustomP_animated_char__m3r9w\">\u00a0<\/span><strong data-sourcepos=\"4:265-4:280\">Wy\u015bwietlacz LED<\/strong><span class=\"CustomP_animated_char__m3r9w\">\u00a0<\/span><span class=\"CustomP_animated_char__m3r9w\">Do<\/span><span class=\"CustomP_animated_char__m3r9w\">\u00a0<\/span><span class=\"CustomP_animated_char__m3r9w\">prawdziwy<\/span><span class=\"CustomP_animated_char__m3r9w\">\u2013<\/span><span class=\"CustomP_animated_char__m3r9w\">czas<\/span><span class=\"CustomP_animated_char__m3r9w\">\u00a0<\/span><span class=\"CustomP_animated_char__m3r9w\">monitorowanie<\/span><span class=\"CustomP_animated_char__m3r9w\">\u00a0<\/span><span class=\"CustomP_animated_char__m3r9w\">z<\/span><span class=\"CustomP_animated_char__m3r9w\">\u00a0<\/span><strong data-sourcepos=\"4:309-4:320\">bateria<\/strong><span class=\"CustomP_animated_char__m3r9w\">\u00a0<\/span><span class=\"CustomP_animated_char__m3r9w\">I<\/span><span class=\"CustomP_animated_char__m3r9w\">\u00a0<\/span><strong data-sourcepos=\"4:325-4:344\">poziom e-p\u0142ynu<\/strong>. <strong data-sourcepos=\"4:350-4:368\">Cewka siatkowa 1,1 \u03a9<\/strong><span class=\"CustomP_animated_char__m3r9w\">\u00a0<\/span><span class=\"CustomP_animated_char__m3r9w\">zapewnia<\/span><span class=\"CustomP_animated_char__m3r9w\">\u00a0<\/span><strong data-sourcepos=\"4:377-4:393\">g\u0142adkie rysy<\/strong> I <strong data-sourcepos=\"4:398-4:424\">bogata produkcja smaku<\/strong>. <strong data-sourcepos=\"4:431-4:465\">10 doskona\u0142ych kombinacji smakowych<\/strong> (4 smaki na urz\u0105dzenie) i <strong data-sourcepos=\"4:493-4:517\">Si\u0142a nikotyny 2%<\/strong><span class=\"CustomP_animated_char__m3r9w\">,<\/span><span class=\"CustomP_animated_char__m3r9w\">\u00a0<\/span><span class=\"CustomP_animated_char__m3r9w\">To<\/span><span class=\"CustomP_animated_char__m3r9w\">\u2018<\/span><span class=\"CustomP_animated_char__m3r9w\">S<\/span><span class=\"CustomP_animated_char__m3r9w\">\u00a0<\/span><span class=\"CustomP_animated_char__m3r9w\">the<\/span><span class=\"CustomP_animated_char__m3r9w\">\u00a0<\/span><span class=\"CustomP_animated_char__m3r9w\">ostateczny<\/span><span class=\"CustomP_animated_char__m3r9w\">\u00a0<\/span><span class=\"CustomP_animated_char__m3r9w\">wyb\u00f3r<\/span><span class=\"CustomP_animated_char__m3r9w\">\u00a0<\/span><span class=\"CustomP_animated_char__m3r9w\">Do<\/span><span class=\"CustomP_animated_char__m3r9w\">\u00a0<\/span><span class=\"CustomP_animated_char__m3r9w\">w<\/span><span class=\"CustomP_animated_char__m3r9w\">apers<\/span><span class=\"CustomP_animated_char__m3r9w\">\u00a0<\/span><span class=\"CustomP_animated_char__m3r9w\">szukaj\u0105c<\/span><span class=\"CustomP_animated_char__m3r9w\">\u00a0<\/span><strong data-sourcepos=\"4:563-4:576\">d\u0142ugowieczno\u015b\u0107<\/strong> I <strong data-sourcepos=\"4:581-4:592\">r\u00f3\u017cnorodno\u015b\u0107<\/strong><span class=\"CustomP_animated_char__m3r9w\">.<\/span><\/p>\n<p>&nbsp;<\/p>\n<\/div>\n<h2><span style=\"font-size: 90%;\">Stag Bar 4 w 1 80000 | 80K Puffs Cztery smaki Jednorazowy waporyzator Specyfikacja<\/span><\/h2>\n<p><strong data-sourcepos=\"9:3-9:17\">Liczba puf\u00f3w<\/strong>:\u00a0<strong data-sourcepos=\"9:19-9:35\">80 000 zaci\u0105gni\u0119\u0107<\/strong><\/p>\n<p><strong data-sourcepos=\"10:3-10:15\">Nikotyna<\/strong>:\u00a0<strong data-sourcepos=\"10:17-10:32\">Si\u0142a 2%<\/strong><\/p>\n<p><strong data-sourcepos=\"11:3-11:15\">E-ciecz<\/strong>:\u00a0<strong data-sourcepos=\"11:17-11:46\">4 \u00d7 zbiorniki 18 ml (\u0142\u0105cznie 72 ml)<\/strong><\/p>\n<p><strong data-sourcepos=\"12:3-12:11\">Cewka<\/strong>:\u00a0<strong data-sourcepos=\"12:13-12:31\">Cewka siatkowa 1,1 \u03a9<\/strong><\/p>\n<p><strong data-sourcepos=\"13:3-13:14\">Bateria<\/strong>:\u00a0<strong data-sourcepos=\"13:16-13:40\">Akumulator o pojemno\u015bci 1000 mAh<\/strong><\/p>\n<p><strong data-sourcepos=\"14:3-14:15\">\u0141adowanie<\/strong>:\u00a0<strong data-sourcepos=\"14:17-14:41\">Szybkie \u0142adowanie typu C<\/strong><\/p>\n<p><strong data-sourcepos=\"15:3-15:14\">Wy\u015bwietlacz<\/strong>:\u00a0<strong data-sourcepos=\"15:16-15:50\">LED (monitor baterii\/e-liquidu)<\/strong><\/p>\n<p><strong data-sourcepos=\"16:3-16:14\">Pakiet<\/strong>:\u00a0<strong data-sourcepos=\"16:16-16:34\">10 urz\u0105dze\u0144\/pude\u0142ko<\/strong><\/p>\n<p>&nbsp;<\/p>\n<h3><span style=\"font-size: 90%;\">Stag Bar 4 w 1 80000 | 80 tys. Ptysi\u00f3w Cztery smaki Jednorazowa lista smak\u00f3w Vape<\/span><\/h3>\n<div>1 l\u00f3d jagodowy i mieszane jagody oraz niebieski l\u00f3d Razz i jagodowy l\u00f3d malinowy<\/div>\n<div>2 L\u00f3d arbuzowy i truskawka Arbuz i guma balonowa arbuzowa i arbuzowy l\u00f3d malinowy<\/div>\n<div>3 L\u00f3d Truskawkowy &amp; Truskawka Kiwi &amp; Truskawka Winogrono i Truskawka Malina Wi\u015bnia L\u00f3d<\/div>\n<div>4 Cherry Ice &amp; Blue Razz Cherry &amp; Cherry Pech Lemoniada i Wi\u015bniowa Cola<\/div>\n<div>5 L\u00f3d jagodowy i l\u00f3d truskawkowy i l\u00f3d arbuzowy i l\u00f3d wi\u015bniowy<\/div>\n<div>6 Truskawek Malina Wi\u015bnia L\u00f3d &amp; Potr\u00f3jny Melon i Ananas Banan Truskawka i Kiwi Marakuja Gujawa<\/div>\n<div>7 Blue Razz Fusion &amp; Ananasowy Kokosowy L\u00f3d &amp; R\u00f3\u017cowa Lemoniada &amp; Truskawkowy Arbuzowy Fusion<\/div>\n<div>8 Brzoskwinia Mango Ananas i Soczysta Brzoskwinia i Cytryna Limonka i Potr\u00f3jne Mango<\/div>\n<div>9 Mr Blue &amp; Blueberry Malina L\u00f3d i Truskawka Kiwi i Jagoda Wi\u015bnia \u017burawina<\/div>\n<div>10 Banan Truskawka i Truskawka Winogrono i Red Bull &amp; Podw\u00f3jne Jab\u0142ko<\/div>\n<div>11 Cytryna Limonka i Truskawka Kiwi i Mi\u0119ta L\u00f3d i Smoczy Owoc Banan Wi\u015bnia<\/div>\n<div>12 Coco Loco &amp; Ananas Banan Melon &amp; Wi\u015bnia Chupachups &amp; Wi\u015bniowy Banan<\/div>\n<div>13 Seks na pla\u017cy i Coco Loco i smoczy owoc, banan, wi\u015bnia i cytryna, limonka<\/div>\n<div>14 Love 66 &amp; Wi\u015bniowe Chupachups &amp; Arbuz Malinowy L\u00f3d &amp; Truskawkowy Kiwi<\/div>\n<div>15 Cola Ice i Red Bull, Seks na pla\u017cy i ananasowo-bananowy melon<\/div>\n<p><img loading=\"lazy\" decoding=\"async\" class=\"alignnone wp-image-2147 size-full\" src=\"https:\/\/pgvape.com\/wp-content\/uploads\/2025\/10\/Pg-Stag-Bar-80000-80K-Puffs-4-In-1-Four-Flavors-Disposable-Vape-2-Nicotine-10Tastes-Smart-LED-Display-Vape-Factory-Direct-1.png\" alt=\"Kolorowy obraz promocyjny vape 4 w 1 Stagbar przedstawiaj\u0105cy du\u017ce urz\u0105dzenie z gradientowym wyko\u0144czeniem z logo jelenia i cyfrowym wy\u015bwietlaczem LED na pierwszym planie oraz dziesi\u0119\u0107 mniejszych oznaczonych edycji smakowych (Jagoda, Arbuz, Truskawka, Wi\u015bnia, Owoce, Mieszane Owoce, Lato, Soczysty, Niebieski, Egzotyczny) umieszczonych z ty\u0142u oraz pogrubiony tekst &#039;4 SMAK\u00d3W W 1 URZ\u0104DZENIU&#039;, grafika selektora smak\u00f3w, ikony funkcji (cewka z siatki, wy\u015bwietlacz LED, smak .\" width=\"1500\" height=\"1500\" srcset=\"https:\/\/pgvape.com\/wp-content\/uploads\/2025\/10\/Pg-Stag-Bar-80000-80K-Puffs-4-In-1-Four-Flavors-Disposable-Vape-2-Nicotine-10Tastes-Smart-LED-Display-Vape-Factory-Direct-1.png 1500w, https:\/\/pgvape.com\/wp-content\/uploads\/2025\/10\/Pg-Stag-Bar-80000-80K-Puffs-4-In-1-Four-Flavors-Disposable-Vape-2-Nicotine-10Tastes-Smart-LED-Display-Vape-Factory-Direct-1-360x360.png 360w, https:\/\/pgvape.com\/wp-content\/uploads\/2025\/10\/Pg-Stag-Bar-80000-80K-Puffs-4-In-1-Four-Flavors-Disposable-Vape-2-Nicotine-10Tastes-Smart-LED-Display-Vape-Factory-Direct-1-595x595.png 595w, https:\/\/pgvape.com\/wp-content\/uploads\/2025\/10\/Pg-Stag-Bar-80000-80K-Puffs-4-In-1-Four-Flavors-Disposable-Vape-2-Nicotine-10Tastes-Smart-LED-Display-Vape-Factory-Direct-1-400x400.png 400w, https:\/\/pgvape.com\/wp-content\/uploads\/2025\/10\/Pg-Stag-Bar-80000-80K-Puffs-4-In-1-Four-Flavors-Disposable-Vape-2-Nicotine-10Tastes-Smart-LED-Display-Vape-Factory-Direct-1-768x768.png 768w, https:\/\/pgvape.com\/wp-content\/uploads\/2025\/10\/Pg-Stag-Bar-80000-80K-Puffs-4-In-1-Four-Flavors-Disposable-Vape-2-Nicotine-10Tastes-Smart-LED-Display-Vape-Factory-Direct-1-12x12.png 12w, https:\/\/pgvape.com\/wp-content\/uploads\/2025\/10\/Pg-Stag-Bar-80000-80K-Puffs-4-In-1-Four-Flavors-Disposable-Vape-2-Nicotine-10Tastes-Smart-LED-Display-Vape-Factory-Direct-1-300x300.png 300w, https:\/\/pgvape.com\/wp-content\/uploads\/2025\/10\/Pg-Stag-Bar-80000-80K-Puffs-4-In-1-Four-Flavors-Disposable-Vape-2-Nicotine-10Tastes-Smart-LED-Display-Vape-Factory-Direct-1-600x600.png 600w, https:\/\/pgvape.com\/wp-content\/uploads\/2025\/10\/Pg-Stag-Bar-80000-80K-Puffs-4-In-1-Four-Flavors-Disposable-Vape-2-Nicotine-10Tastes-Smart-LED-Display-Vape-Factory-Direct-1-100x100.png 100w, https:\/\/pgvape.com\/wp-content\/uploads\/2025\/10\/Pg-Stag-Bar-80000-80K-Puffs-4-In-1-Four-Flavors-Disposable-Vape-2-Nicotine-10Tastes-Smart-LED-Display-Vape-Factory-Direct-1-40x40.png 40w\" sizes=\"auto, (max-width: 1500px) 100vw, 1500px\" \/><\/p>\n<p>&nbsp;<\/p>\n<h3><span style=\"font-size: 90%;\">Stag Bar 4 w 1 80000 | 80K Puffs Cztery smaki Jednorazowe wideo Vape:<br \/>\n<iframe loading=\"lazy\" title=\"Stag Bar 80K Puffs 4 w 1 Cztery smaki Jednorazowy Vape Inteligentny wy\u015bwietlacz LED Vape Factory Direct pgvape\" width=\"1020\" height=\"574\" src=\"https:\/\/www.youtube.com\/embed\/rgA4zoeOX7c?feature=oembed\" frameborder=\"0\" allow=\"accelerometer; autoplay; clipboard-write; encrypted-media; gyroscope; picture-in-picture; web-share\" referrerpolicy=\"strict-origin-when-cross-origin\" allowfullscreen><\/iframe><br \/>\n<\/span><\/h3>\n<p>&nbsp;<\/p>\n<h2 class=\"header-vfC6AV auto-hide-last-sibling-br\">Cz\u0119sto zadawane pytania dotycz\u0105ce Stag Bar 4 w 1 80000 | 80K Puffs Cztery smaki Jednorazowy Vape<\/h2>\n<p data-sourcepos=\"35:1-36:95\">\u2753 <strong data-sourcepos=\"35:3-35:58\">Co sprawia, \u017ce \u200b\u200bliczba 80 000 zaci\u0105gni\u0119\u0107 jest rewolucyjna?<\/strong><br \/>\n\u2705 <strong data-sourcepos=\"36:3-36:32\">Wiod\u0105ca w bran\u017cy wydajno\u015b\u0107<\/strong> \u2013 zapewniaj\u0105 cztery zbiorniki <strong data-sourcepos=\"36:54-36:74\">miesi\u0105ce wapowania<\/strong> bez zamiennik\u00f3w<\/p>\n<p data-sourcepos=\"38:1-39:89\">\u2753 <strong data-sourcepos=\"38:3-38:48\">Jak dzia\u0142a system czterech smak\u00f3w?<\/strong><br \/>\n\u2705 Ka\u017cde urz\u0105dzenie zawiera <strong data-sourcepos=\"39:24-39:49\">4 oddzielne zbiorniki o pojemno\u015bci 18 ml<\/strong> Do <strong data-sourcepos=\"39:54-39:77\">prawdziwa r\u00f3\u017cnorodno\u015b\u0107 smak\u00f3w<\/strong> w jednej jednostce<\/p>\n<p data-sourcepos=\"41:1-42:81\">\u2753 <strong data-sourcepos=\"41:3-41:45\">Czy bateria 1000 mAh wystarczy?<\/strong><br \/>\n\u2705 <strong data-sourcepos=\"42:3-42:24\">Za du\u017co!<\/strong> Trwa <strong data-sourcepos=\"42:31-42:43\">3-4 dni<\/strong> z <strong data-sourcepos=\"42:49-42:73\">Szybkie \u0142adowanie typu C<\/strong> wsparcie<\/p>\n<p data-sourcepos=\"44:1-45:78\">\u2753 <strong data-sourcepos=\"44:3-44:37\">Dlaczego warto wybra\u0107 cewk\u0119 siatkow\u0105 1,1 \u03a9?<\/strong><br \/>\n\u2705 <strong data-sourcepos=\"45:3-45:22\">Idealna r\u00f3wnowaga<\/strong> z <strong data-sourcepos=\"45:26-45:46\">intensywno\u015b\u0107 smaku<\/strong> I <strong data-sourcepos=\"45:51-45:78\">p\u0142ynna produkcja pary<\/strong><\/p>\n<p data-sourcepos=\"47:1-48:74\">\u2753 <strong data-sourcepos=\"47:3-47:47\">Czy sprzedawcy detaliczni mog\u0105 skorzysta\u0107 z tego produktu?<br \/>\n<\/strong>\u2705 <strong data-sourcepos=\"48:3-48:22\">Pude\u0142ka na 10 urz\u0105dze\u0144<\/strong> Czy <strong data-sourcepos=\"48:27-48:46\">hurtownia gotowa<\/strong> z <strong data-sourcepos=\"48:52-48:74\">wysoka atrakcyjno\u015b\u0107 detaliczna<\/strong><\/p>\n<p>&nbsp;<\/p>\n<h3 id=\"brxe-najhln\" class=\"brxe-heading\">Cz\u0119sto zadawane pytania (FAQ)<\/h3>\n<div id=\"brxe-rajiac\" class=\"brxe-text\">\n<p><strong>P: Jakie metody p\u0142atno\u015bci akceptujecie?<\/strong><br \/>\nOdp.: Akceptujemy PayPal, Stripe, przelewy bankowe (obs\u0142ugiwane SEPA), g\u0142\u00f3wne karty kredytowe (Visa, MasterCard, American Express) i p\u0142atno\u015bci w kryptowalutach.<\/p>\n<p><strong>P: Jak d\u0142ugo trwa przygotowanie zam\u00f3wienia?<\/strong><br \/>\nOdp.: Przygotowanie zam\u00f3wienia zajmuje 1-3 dni robocze.<\/p>\n<p><strong>P: Jaki jest czas wysy\u0142ki?<\/strong><br \/>\nOdp.: Czas wysy\u0142ki wynosi 7-14 dni roboczych, w zale\u017cno\u015bci od Twojej lokalizacji.<\/p>\n<p><strong>P: Jak mog\u0119 \u015bledzi\u0107 moje zam\u00f3wienie?<\/strong><br \/>\nOdp.: Po wysy\u0142ce otrzymasz wiadomo\u015b\u0107 e-mail z potwierdzeniem i numerem przesy\u0142ki umo\u017cliwiaj\u0105cym \u015bledzenie w czasie rzeczywistym.<\/p>\n<p><strong>P: Jaka jest Twoja polityka zwrot\u00f3w?<\/strong><br \/>\nOdp.: Oferujemy 30-dniow\u0105 polityk\u0119 zwrot\u00f3w lub wymiany. .<\/p>\n<p><strong>P: Czy wyst\u0105pi\u0105 jakie\u015b problemy celne?<br \/>\n<\/strong>Obs\u0142ugujemy wszystkie procedury odprawy celnej, aby zapewni\u0107 Ci bezproblemow\u0105 obs\u0142ug\u0119. .<\/p>\n<p><strong>P: Jakie metody wysy\u0142ki s\u0105 stosowane?<\/strong><br \/>\nWsp\u00f3\u0142pracujemy z firmami UPS\/DHL\/FEDEX\/DPD itp. W zale\u017cno\u015bci od kraju dostawy wybierzemy odpowiedni\u0105 opcj\u0119 wysy\u0142ki, tak aby produkty dotar\u0142y do \u200b\u200bPa\u0144stwa najszybciej jak to mo\u017cliwe.<\/p>\n<p><a href=\"https:\/\/pgvape.com\/pl\/czesto-zadawane-pytania\/\">Kliknij tutaj, aby uzyska\u0107 wi\u0119cej cz\u0119sto zadawanych pyta\u0144<\/a><\/p>\n<p>Szanowni klienci, je\u015bli masz jakiekolwiek pytania dotycz\u0105ce zam\u00f3wienia lub przybycia towaru, skontaktuj si\u0119 z naszym dzia\u0142em obs\u0142ugi klienta. Dzi\u0119kuj\u0119!<\/p>\n<h3 data-sourcepos=\"73:1-73:21\"><strong data-sourcepos=\"73:7-73:21\">Skontaktuj si\u0119 z nami<\/strong><\/h3>\n<div id=\"text-2419739398\" class=\"text\">\n<p><strong data-sourcepos=\"75:3-75:12\">E-mail<\/strong>:\u00a0<a href=\"mailto:support@pgvape.com\"><strong>support@pgvape.com<\/strong><\/a><\/p>\n<p><strong data-sourcepos=\"76:3-76:15\">WhatsApp<\/strong>: <a href=\"https:\/\/wa.me\/+8618128481258\"><strong>+86 18128481258<\/strong><\/a><br \/>\n<strong>(Odpowied\u017a w ci\u0105gu 24 godzin w dni robocze)<\/strong><\/p>\n<\/div>\n<h3><strong>Dzi\u0119kujemy za wybranie pgvape.com! .<\/strong><\/h3>\n<\/div>","protected":false},"excerpt":{"rendered":"<p>\u201c<strong data-sourcepos=\"53:2-53:25\">Stag Bar 4 w 1 80 tys<\/strong>: <strong data-sourcepos=\"53:31-53:67\">ostateczny wielosmakowy jednorazowy<\/strong> z <strong data-sourcepos=\"53:73-53:89\">80 000 zaci\u0105gni\u0119\u0107<\/strong>, <strong data-sourcepos=\"53:91-53:110\">cztery zbiorniki o pojemno\u015bci 18 ml<\/strong>, I <strong data-sourcepos=\"53:116-53:136\">10 kombinacji smakowych<\/strong>. <strong data-sourcepos=\"53:147-53:166\">Bateria 1000 mAh<\/strong>, <strong data-sourcepos=\"53:168-53:186\">Cewka siatkowa 1,1 \u03a9<\/strong>, I <strong data-sourcepos=\"53:192-53:213\">inteligentny wy\u015bwietlacz LED<\/strong> Do <strong data-sourcepos=\"53:218-53:248\">niezr\u00f3wnana wytrzyma\u0142o\u015b\u0107 podczas wapowania<\/strong>.\u201d<\/p>","protected":false},"featured_media":2148,"comment_status":"open","ping_status":"closed","template":"","meta":{"_seopress_robots_primary_cat":"none","_seopress_titles_title":"%%post_title%% %%sep%% %%sitetitle%%","_seopress_titles_desc":"","_seopress_robots_index":""},"product_brand":[516,193],"product_cat":[41,515,192],"product_tag":[169,195,44,45,90,196,203,143,194],"class_list":{"0":"post-2144","1":"product","2":"type-product","3":"status-publish","4":"has-post-thumbnail","6":"product_brand-disposable-vape","7":"product_brand-stag-bar-vape","8":"product_cat-80k-puffs-vape","9":"product_cat-disposable-vape","10":"product_cat-stag-bar-vape","11":"product_tag-10tastes","12":"product_tag-4-in-1","13":"product_tag-80k-puffs","14":"product_tag-80k-vape","15":"product_tag-disposable-vape","16":"product_tag-four-flavors","17":"product_tag-shipment-from-eu","18":"product_tag-smart-led-display","19":"product_tag-stag-bar","21":"first","22":"instock","23":"sale","24":"shipping-taxable","25":"purchasable","26":"product-type-variable"},"_links":{"self":[{"href":"https:\/\/pgvape.com\/pl\/wp-json\/wp\/v2\/product\/2144","targetHints":{"allow":["GET"]}}],"collection":[{"href":"https:\/\/pgvape.com\/pl\/wp-json\/wp\/v2\/product"}],"about":[{"href":"https:\/\/pgvape.com\/pl\/wp-json\/wp\/v2\/types\/product"}],"replies":[{"embeddable":true,"href":"https:\/\/pgvape.com\/pl\/wp-json\/wp\/v2\/comments?post=2144"}],"wp:featuredmedia":[{"embeddable":true,"href":"https:\/\/pgvape.com\/pl\/wp-json\/wp\/v2\/media\/2148"}],"wp:attachment":[{"href":"https:\/\/pgvape.com\/pl\/wp-json\/wp\/v2\/media?parent=2144"}],"wp:term":[{"taxonomy":"product_brand","embeddable":true,"href":"https:\/\/pgvape.com\/pl\/wp-json\/wp\/v2\/product_brand?post=2144"},{"taxonomy":"product_cat","embeddable":true,"href":"https:\/\/pgvape.com\/pl\/wp-json\/wp\/v2\/product_cat?post=2144"},{"taxonomy":"product_tag","embeddable":true,"href":"https:\/\/pgvape.com\/pl\/wp-json\/wp\/v2\/product_tag?post=2144"}],"curies":[{"name":"wp","href":"https:\/\/api.w.org\/{rel}","templated":true}]}}