{"id":2065,"date":"2025-10-01T08:31:49","date_gmt":"2025-10-01T08:31:49","guid":{"rendered":"https:\/\/pgvape.com\/?post_type=product&#038;p=2065"},"modified":"2025-12-15T13:17:58","modified_gmt":"2025-12-15T13:17:58","slug":"gazzbar-ice-god-50000-50k-zaciagniec-jednorazowe-vape-5-stopniowe-regulowane-chlodzenie-inteligentny-wyswietlacz-led-vape-factory-direct","status":"publish","type":"product","link":"https:\/\/pgvape.com\/pl\/produkt\/gazzbar-ice-god-50000-50k-zaciagniec-jednorazowe-vape-5-stopniowe-regulowane-chlodzenie-inteligentny-wyswietlacz-led-vape-factory-direct\/","title":{"rendered":"Gazzbar Ice God 50000 50K Puffs Jednorazowy Vape 5 Poziom Regulowany Ch\u0142odzenie Inteligentny Wy\u015bwietlacz LED Vape Factory Direct"},"content":{"rendered":"<div class=\"auto-hide-last-sibling-br paragraph-JOTKXA paragraph-element br-paragraph-space\">\n<div class=\"auto-hide-last-sibling-br paragraph-JOTKXA paragraph-element br-paragraph-space\"><strong data-sourcepos=\"2:5-2:52\">Gazzbar Ice God 50000 Puffs Jednorazowy Vape<\/strong> Dostarcza <strong data-sourcepos=\"2:62-2:87\">Niezr\u00f3wnana wydajno\u015b\u0107<\/strong> Z <strong data-sourcepos=\"2:93-2:120\">50 000 bardzo d\u0142ugich zaci\u0105gni\u0119\u0107<\/strong> I <strong data-sourcepos=\"2:125-2:151\">5-stopniowa regulacja lodu<\/strong>. <strong data-sourcepos=\"2:165-2:185\">Potr\u00f3jna cewka siatkowa<\/strong>, Produkuje <strong data-sourcepos=\"2:199-2:214\">Bogaty smak<\/strong> I <strong data-sourcepos=\"2:219-2:234\">G\u0119sta para<\/strong>. <strong data-sourcepos=\"2:240-2:271\">Akumulator 850 mAh<\/strong> Z <strong data-sourcepos=\"2:277-2:301\">Szybkie \u0142adowanie typu C<\/strong> Zapewnia <strong data-sourcepos=\"2:310-2:326\">Rozszerzone u\u017cytkowanie<\/strong>, Podczas gdy <strong data-sourcepos=\"2:338-2:359\">Inteligentny wy\u015bwietlacz LED<\/strong> Utwory <strong data-sourcepos=\"2:367-2:379\">E-ciecz<\/strong> I <strong data-sourcepos=\"2:384-2:402\">Poziomy baterii<\/strong>. <strong data-sourcepos=\"2:417-2:439\">20 smak\u00f3w premium<\/strong>, Pakowane <strong data-sourcepos=\"2:450-2:462\">5 sztuk\/pud\u0142o<\/strong> Do sprzeda\u017cy detalicznej\/hurtowej.<\/div>\n<\/div>\n<p>&nbsp;<\/p>\n<h2><span style=\"font-size: 90%;\">Gazzbar Ice God 50000 | 50K Puffs Jednorazowy Vape <\/span><strong data-sourcepos=\"6:5-6:31\">Dane techniczne<\/strong><\/h2>\n<p><strong data-sourcepos=\"7:3-7:17\">Liczba puf\u00f3w<\/strong>:\u00a0<strong data-sourcepos=\"7:19-7:35\">50 000 zaci\u0105gni\u0119\u0107<\/strong><\/p>\n<p><strong data-sourcepos=\"8:3-8:15\">Nikotyna<\/strong>:\u00a0<strong data-sourcepos=\"8:17-8:23\">5%<\/strong><\/p>\n<p><strong data-sourcepos=\"9:3-9:11\">Cewka<\/strong>:\u00a0<strong data-sourcepos=\"9:13-9:35\">Potr\u00f3jna siatka (0,6 \u03a9)<\/strong><\/p>\n<p><strong data-sourcepos=\"10:3-10:14\">Bateria<\/strong>:\u00a0<strong data-sourcepos=\"10:16-10:39\">Akumulator 850 mAh<\/strong><\/p>\n<p><strong data-sourcepos=\"11:3-11:15\">\u0141adowanie<\/strong>:\u00a0<strong data-sourcepos=\"11:17-11:41\">Szybkie \u0142adowanie typu C<\/strong><\/p>\n<p><strong data-sourcepos=\"12:3-12:14\">Ch\u0142odzenie<\/strong>:\u00a0<strong data-sourcepos=\"12:16-12:42\">5-stopniowa regulacja lodu<\/strong><\/p>\n<p><strong data-sourcepos=\"13:3-13:14\">Wy\u015bwietlacz<\/strong>:\u00a0<strong data-sourcepos=\"13:16-13:49\">Ekran LED (Bateria\/E-Liquid)<\/strong><\/p>\n<p><strong data-sourcepos=\"14:3-14:14\">Pakiet<\/strong>:\u00a0<strong data-sourcepos=\"14:16-14:33\">5 urz\u0105dze\u0144\/pude\u0142ko<\/strong><\/p>\n<h3><span style=\"font-size: 90%;\">Gazzbar Ice God 50000 | 50 tys. ptysi\u00f3w Jednorazowa lista smak\u00f3w Vape<\/span><\/h3>\n<p><strong data-sourcepos=\"19:4-19:22\">1.L\u00f3d arbuzowy<\/strong><\/p>\n<p><strong data-sourcepos=\"20:4-20:21\">2. Niebieski Razz L\u00f3d<\/strong><\/p>\n<p><strong data-sourcepos=\"21:4-21:27\">3. L\u00f3d Truskawkowy Kiwi<\/strong><\/p>\n<p><strong data-sourcepos=\"22:4-22:19\">4. Mieszane jagody<\/strong><\/p>\n<p><strong data-sourcepos=\"23:4-23:30\">5. Arbuz Mango Brzoskwiniowy<\/strong><\/p>\n<p><strong data-sourcepos=\"24:4-24:32\">6.Kiwi Gujawa z marakuji<\/strong><\/p>\n<p><strong data-sourcepos=\"25:4-25:17\">7. L\u00f3d winogronowy<\/strong><\/p>\n<p><strong data-sourcepos=\"26:4-26:20\">8.Podw\u00f3jne mango<\/strong><\/p>\n<p><strong data-sourcepos=\"27:4-27:17\">9. Brzoskwiniowy l\u00f3d<\/strong><\/p>\n<p><strong data-sourcepos=\"28:5-28:30\">10. Arbuz truskawkowy<\/strong><\/p>\n<p><strong data-sourcepos=\"29:5-29:19\">11. Mennica w Miami<\/strong><\/p>\n<p><strong data-sourcepos=\"30:5-30:29\">12.Je\u017cyna \u017burawinowa<\/strong><\/p>\n<p><strong data-sourcepos=\"31:5-31:37\">13.Wi\u015bniowy Granat \u017burawinowy<\/strong><\/p>\n<p><strong data-sourcepos=\"32:5-32:17\">14. Czerwony Byk<\/strong><\/p>\n<p><strong data-sourcepos=\"33:5-33:21\">15.Podw\u00f3jne jab\u0142ko<\/strong><\/p>\n<p><strong data-sourcepos=\"34:5-34:22\">16.L\u00f3d jagodowy<\/strong><\/p>\n<p><strong data-sourcepos=\"35:5-35:19\">17. Guma balonowa<\/strong><\/p>\n<p><strong data-sourcepos=\"36:5-36:26\">18. Wi\u015bniowy arbuz<\/strong><\/p>\n<p><strong data-sourcepos=\"37:5-37:32\">19. L\u00f3d z marakui i mango<\/strong><\/p>\n<p><strong data-sourcepos=\"38:5-38:30\">20. Arbuzowa guma balonowa<\/strong><\/p>\n<p><img loading=\"lazy\" decoding=\"async\" class=\"alignnone wp-image-2076 size-full\" src=\"https:\/\/pgvape.com\/wp-content\/uploads\/2025\/10\/PG-Vape-Gazzbar-Ice-God-50000-50K-Puffs-Disposable-Vape-5-Level-Adjustable-Cooling-Flavor-List.png\" alt=\"Kolorowa siatka p\u0142ytek Gazzbar Ice God 50K Puffs o smaku vape na jasnoniebieskim tle, ka\u017cda przedstawia ma\u0142e bia\u0142e urz\u0105dzenie vape oraz owoce lub lodowe obrazy o nazwach takich jak Watermelon Ice, Strawberry Watermelon, Cherry Pomegranate Cranberry, Blue Razz Ice, Blueberry Ice, Bubble Gum, Miami Mint, Strawberry Kiwi Ice, Kiwi Passion Fruit Guava, Double Apple, Arbuzowa guma balonowa, mieszane .\" width=\"2000\" height=\"2000\" srcset=\"https:\/\/pgvape.com\/wp-content\/uploads\/2025\/10\/PG-Vape-Gazzbar-Ice-God-50000-50K-Puffs-Disposable-Vape-5-Level-Adjustable-Cooling-Flavor-List.png 2000w, https:\/\/pgvape.com\/wp-content\/uploads\/2025\/10\/PG-Vape-Gazzbar-Ice-God-50000-50K-Puffs-Disposable-Vape-5-Level-Adjustable-Cooling-Flavor-List-360x360.png 360w, https:\/\/pgvape.com\/wp-content\/uploads\/2025\/10\/PG-Vape-Gazzbar-Ice-God-50000-50K-Puffs-Disposable-Vape-5-Level-Adjustable-Cooling-Flavor-List-595x595.png 595w, https:\/\/pgvape.com\/wp-content\/uploads\/2025\/10\/PG-Vape-Gazzbar-Ice-God-50000-50K-Puffs-Disposable-Vape-5-Level-Adjustable-Cooling-Flavor-List-400x400.png 400w, https:\/\/pgvape.com\/wp-content\/uploads\/2025\/10\/PG-Vape-Gazzbar-Ice-God-50000-50K-Puffs-Disposable-Vape-5-Level-Adjustable-Cooling-Flavor-List-768x768.png 768w, https:\/\/pgvape.com\/wp-content\/uploads\/2025\/10\/PG-Vape-Gazzbar-Ice-God-50000-50K-Puffs-Disposable-Vape-5-Level-Adjustable-Cooling-Flavor-List-1536x1536.png 1536w, https:\/\/pgvape.com\/wp-content\/uploads\/2025\/10\/PG-Vape-Gazzbar-Ice-God-50000-50K-Puffs-Disposable-Vape-5-Level-Adjustable-Cooling-Flavor-List-12x12.png 12w, https:\/\/pgvape.com\/wp-content\/uploads\/2025\/10\/PG-Vape-Gazzbar-Ice-God-50000-50K-Puffs-Disposable-Vape-5-Level-Adjustable-Cooling-Flavor-List-300x300.png 300w, https:\/\/pgvape.com\/wp-content\/uploads\/2025\/10\/PG-Vape-Gazzbar-Ice-God-50000-50K-Puffs-Disposable-Vape-5-Level-Adjustable-Cooling-Flavor-List-600x600.png 600w, https:\/\/pgvape.com\/wp-content\/uploads\/2025\/10\/PG-Vape-Gazzbar-Ice-God-50000-50K-Puffs-Disposable-Vape-5-Level-Adjustable-Cooling-Flavor-List-100x100.png 100w, https:\/\/pgvape.com\/wp-content\/uploads\/2025\/10\/PG-Vape-Gazzbar-Ice-God-50000-50K-Puffs-Disposable-Vape-5-Level-Adjustable-Cooling-Flavor-List-40x40.png 40w\" sizes=\"auto, (max-width: 2000px) 100vw, 2000px\" \/><\/p>\n<h3><\/h3>\n<h3><span style=\"font-size: 90%;\">Gazzbar Ice God 50000 | 50K Puffs Jednorazowe wideo:<\/span><\/h3>\n<p><iframe loading=\"lazy\" title=\"Gazzbar Ice God 50K Puffs Jednorazowy Vape |\" width=\"563\" height=\"1000\" src=\"https:\/\/www.youtube.com\/embed\/1-JHS8vQVBo?feature=oembed\" frameborder=\"0\" allow=\"accelerometer; autoplay; clipboard-write; encrypted-media; gyroscope; picture-in-picture; web-share\" referrerpolicy=\"strict-origin-when-cross-origin\" allowfullscreen><\/iframe><\/p>\n<p>&nbsp;<\/p>\n<h2 class=\"header-vfC6AV auto-hide-last-sibling-br\">Cz\u0119sto zadawane pytania dotycz\u0105ce Gazzbar Ice God 50000 | 50K Puffs Jednorazowy Vape<\/h2>\n<p data-sourcepos=\"43:1-44:85\">\u2753 <strong data-sourcepos=\"43:3-43:52\">Co sprawia, \u017ce \u200b\u200bliczba 50 000 zaci\u0105gni\u0119\u0107 jest wyj\u0105tkowa?<br \/>\n<\/strong> \u2705 <strong data-sourcepos=\"44:3-44:32\">Wiod\u0105ca w bran\u017cy pojemno\u015b\u0107<\/strong> \u2013 Trwa <strong data-sourcepos=\"44:41-44:56\">5-6x d\u0142u\u017cej<\/strong> Ni\u017c standardowe artyku\u0142y jednorazowe.<\/p>\n<p data-sourcepos=\"46:1-47:79\">\u2753 <strong data-sourcepos=\"46:3-46:44\">Jak dzia\u0142a regulowany l\u00f3d?<br \/>\n<\/strong>\u2705 <strong data-sourcepos=\"47:3-47:34\">Dostosuj intensywno\u015b\u0107 ch\u0142odzenia<\/strong> Z <strong data-sourcepos=\"47:40-47:55\">Lekki ch\u0142\u00f3d<\/strong> Do <strong data-sourcepos=\"47:59-47:76\">Arktyczny mr\u00f3z<\/strong>.<\/p>\n<p data-sourcepos=\"49:1-50:81\">\u2753 <strong data-sourcepos=\"49:3-49:42\">Czy cewka z potr\u00f3jn\u0105 siatk\u0105 jest lepsza?<br \/>\n<\/strong> \u2705 <strong data-sourcepos=\"50:3-50:11\">Tak!<\/strong> Dostarcza <strong data-sourcepos=\"50:21-50:40\">30% Wi\u0119cej smaku<\/strong> I <strong data-sourcepos=\"50:45-50:62\">G\u0119stsze chmury<\/strong> Ni\u017c podw\u00f3jne cewki.<\/p>\n<p data-sourcepos=\"52:1-53:73\">\u2753 <strong data-sourcepos=\"52:3-52:50\">Czy mog\u0119 monitorowa\u0107 bateri\u0119 i e-liquid?<\/strong><br \/>\n\u2705 <strong data-sourcepos=\"53:3-53:18\">Wy\u015bwietlacz LED<\/strong> Wida\u0107 <strong data-sourcepos=\"53:25-53:46\">Aktualizacje w czasie rzeczywistym<\/strong> Dla wygodnego \u015bledzenia.<\/p>\n<p data-sourcepos=\"55:1-56:56\">\u2753 <strong data-sourcepos=\"55:3-55:34\">Dlaczego warto wybra\u0107 nikotyn\u0119 5%?<br \/>\n<\/strong> \u2705 <strong data-sourcepos=\"56:3-56:26\">Silna satysfakcja<\/strong> Dla <strong data-sourcepos=\"56:31-56:53\">Do\u015bwiadczeni waperzy<\/strong>.<\/p>\n<p>&nbsp;<\/p>\n<h3 id=\"brxe-najhln\" class=\"brxe-heading\">Cz\u0119sto zadawane pytania (FAQ)<\/h3>\n<div id=\"brxe-rajiac\" class=\"brxe-text\">\n<p><strong>P: Jakie metody p\u0142atno\u015bci akceptujecie?<\/strong><br \/>\nOdp.: Akceptujemy PayPal, Stripe, przelewy bankowe (obs\u0142ugiwane SEPA), g\u0142\u00f3wne karty kredytowe (Visa, MasterCard, American Express) i p\u0142atno\u015bci w kryptowalutach.<\/p>\n<p><strong>P: Jak d\u0142ugo trwa przygotowanie zam\u00f3wienia?<\/strong><br \/>\nOdp.: Przygotowanie zam\u00f3wienia zajmuje 1-3 dni robocze.<\/p>\n<p><strong>P: Jaki jest czas wysy\u0142ki?<\/strong><br \/>\nOdp.: Czas wysy\u0142ki wynosi 7-14 dni roboczych, w zale\u017cno\u015bci od Twojej lokalizacji.<\/p>\n<p><strong>P: Jak mog\u0119 \u015bledzi\u0107 moje zam\u00f3wienie?<\/strong><br \/>\nOdp.: Po wysy\u0142ce otrzymasz wiadomo\u015b\u0107 e-mail z potwierdzeniem i numerem przesy\u0142ki umo\u017cliwiaj\u0105cym \u015bledzenie w czasie rzeczywistym.<\/p>\n<p><strong>P: Jaka jest Twoja polityka zwrot\u00f3w?<\/strong><br \/>\nOdp.: Oferujemy 30-dniow\u0105 polityk\u0119 zwrot\u00f3w lub wymiany. .<\/p>\n<p><strong>P: Czy wyst\u0105pi\u0105 jakie\u015b problemy celne?<br \/>\n<\/strong>Obs\u0142ugujemy wszystkie procedury odprawy celnej, aby zapewni\u0107 Ci bezproblemow\u0105 obs\u0142ug\u0119. .<\/p>\n<p><strong>P: Jakie metody wysy\u0142ki s\u0105 stosowane?<\/strong><br \/>\nWsp\u00f3\u0142pracujemy z firmami UPS\/DHL\/FEDEX\/DPD itp. W zale\u017cno\u015bci od kraju dostawy wybierzemy odpowiedni\u0105 opcj\u0119 wysy\u0142ki, tak aby produkty dotar\u0142y do \u200b\u200bPa\u0144stwa najszybciej jak to mo\u017cliwe.<\/p>\n<p><a href=\"https:\/\/pgvape.com\/pl\/czesto-zadawane-pytania\/\">Kliknij tutaj, aby uzyska\u0107 wi\u0119cej cz\u0119sto zadawanych pyta\u0144<\/a><\/p>\n<p>Szanowni klienci, je\u015bli masz jakiekolwiek pytania dotycz\u0105ce zam\u00f3wienia lub przybycia towaru, skontaktuj si\u0119 z naszym dzia\u0142em obs\u0142ugi klienta. Dzi\u0119kuj\u0119!<\/p>\n<h3 data-sourcepos=\"73:1-73:21\"><strong data-sourcepos=\"73:7-73:21\">Skontaktuj si\u0119 z nami<\/strong><\/h3>\n<div id=\"text-2419739398\" class=\"text\">\n<p><strong data-sourcepos=\"75:3-75:12\">E-mail<\/strong>:\u00a0<a href=\"mailto:support@pgvape.com\"><strong>support@pgvape.com<\/strong><\/a><\/p>\n<p><strong data-sourcepos=\"76:3-76:15\">WhatsApp<\/strong>: <a href=\"https:\/\/wa.me\/+8618128481258\"><strong>+86 18128481258<\/strong><\/a><br \/>\n<strong>(Odpowied\u017a w ci\u0105gu 24 godzin w dni robocze)<\/strong><\/p>\n<\/div>\n<h3><strong>Dzi\u0119kujemy za wybranie pgvape.com! .<\/strong><\/h3>\n<\/div>","protected":false},"excerpt":{"rendered":"<p><strong data-sourcepos=\"61:1-61:226\">\u201cGazzbar Ice God 50000: Najlepszy jednorazowy waporyzator z 50 tys. zaci\u0105gni\u0119\u0107, regulowanym lodem i 20 smakami \u2013 wyposa\u017cony w cewki z potr\u00f3jn\u0105 siatk\u0105, inteligentny wy\u015bwietlacz i \u0142adowanie typu C zapewniaj\u0105ce najwy\u017csz\u0105 wydajno\u015b\u0107.\u201d<\/strong><\/p>","protected":false},"featured_media":2068,"comment_status":"open","ping_status":"closed","template":"","meta":{"_seopress_robots_primary_cat":"none","_seopress_titles_title":"%%post_title%% %%sep%% %%sitetitle%%","_seopress_titles_desc":"","_seopress_robots_index":""},"product_brand":[516,181],"product_cat":[61,515,180],"product_tag":[187,186,64,65,90,185,490,188],"class_list":{"0":"post-2065","1":"product","2":"type-product","3":"status-publish","4":"has-post-thumbnail","6":"product_brand-disposable-vape","7":"product_brand-gazzbar-vape","8":"product_cat-50k-puffs-vape","9":"product_cat-disposable-vape","10":"product_cat-gazzbar-vape","11":"product_tag-20tastes","12":"product_tag-5-level-adjustable-cooling","13":"product_tag-50k-puffs","14":"product_tag-50k-vape","15":"product_tag-disposable-vape","16":"product_tag-gazzbar-ice-god","17":"product_tag-minimum-2-pieces","18":"product_tag-smart-led","20":"first","21":"instock","22":"sale","23":"shipping-taxable","24":"purchasable","25":"product-type-variable"},"_links":{"self":[{"href":"https:\/\/pgvape.com\/pl\/wp-json\/wp\/v2\/product\/2065","targetHints":{"allow":["GET"]}}],"collection":[{"href":"https:\/\/pgvape.com\/pl\/wp-json\/wp\/v2\/product"}],"about":[{"href":"https:\/\/pgvape.com\/pl\/wp-json\/wp\/v2\/types\/product"}],"replies":[{"embeddable":true,"href":"https:\/\/pgvape.com\/pl\/wp-json\/wp\/v2\/comments?post=2065"}],"wp:featuredmedia":[{"embeddable":true,"href":"https:\/\/pgvape.com\/pl\/wp-json\/wp\/v2\/media\/2068"}],"wp:attachment":[{"href":"https:\/\/pgvape.com\/pl\/wp-json\/wp\/v2\/media?parent=2065"}],"wp:term":[{"taxonomy":"product_brand","embeddable":true,"href":"https:\/\/pgvape.com\/pl\/wp-json\/wp\/v2\/product_brand?post=2065"},{"taxonomy":"product_cat","embeddable":true,"href":"https:\/\/pgvape.com\/pl\/wp-json\/wp\/v2\/product_cat?post=2065"},{"taxonomy":"product_tag","embeddable":true,"href":"https:\/\/pgvape.com\/pl\/wp-json\/wp\/v2\/product_tag?post=2065"}],"curies":[{"name":"wp","href":"https:\/\/api.w.org\/{rel}","templated":true}]}}