{"id":2023,"date":"2025-10-01T06:39:42","date_gmt":"2025-10-01T06:39:42","guid":{"rendered":"https:\/\/pgvape.com\/?post_type=product&#038;p=2023"},"modified":"2025-12-15T13:18:37","modified_gmt":"2025-12-15T13:18:37","slug":"gazzbar-30000-30-tys-zaciagniec-jednorazowy-vape-3d-gwiazdziste-niebo-ekran-vape-factory-direct","status":"publish","type":"product","link":"https:\/\/pgvape.com\/pl\/produkt\/gazzbar-30000-30-tys-zaciagniec-jednorazowy-vape-3d-gwiazdziste-niebo-ekran-vape-factory-direct\/","title":{"rendered":"Gazzbar 30000 30K Puffs Jednorazowy Vape Ekran 3D Starry Sky Vape Factory Direct"},"content":{"rendered":"<p><strong data-sourcepos=\"2:5-2:38\">Gazzbar 30000 Jednorazowy Vape<\/strong> Zwi\u0119ksza wapowanie dzi\u0119ki swojemu <strong data-sourcepos=\"2:64-2:97\">Osza\u0142amiaj\u0105cy ekran 3D gwia\u017adzistego nieba<\/strong> \u015awieci si\u0119 podczas u\u017cytkowania. <strong data-sourcepos=\"2:135-2:154\">Podw\u00f3jne cewki siatkowe<\/strong> Dla <strong data-sourcepos=\"2:159-2:176\">Bogatszy smak<\/strong> I <strong data-sourcepos=\"2:181-2:197\">G\u0119stsza para<\/strong>, to urz\u0105dzenie oferuje technologi\u0119 A <strong data-sourcepos=\"2:220-2:246\">Pojemno\u015b\u0107 28 ml e-p\u0142ynu<\/strong> I <strong data-sourcepos=\"2:251-2:282\">Akumulator 800 mAh<\/strong> Z <strong data-sourcepos=\"2:288-2:312\">Szybkie \u0142adowanie typu C<\/strong>. <strong data-sourcepos=\"2:327-2:348\">15 wyj\u0105tkowych smak\u00f3w<\/strong> I <strong data-sourcepos=\"2:353-2:385\">0%\/2%\/3%\/5% Opcje nikotynowe<\/strong>, Jest idealny dla wymagaj\u0105cych waper\u00f3w <strong data-sourcepos=\"2:422-2:437\">Wydajno\u015b\u0107<\/strong> I <strong data-sourcepos=\"2:442-2:451\">Styl<\/strong>.<\/p>\n<p>&nbsp;<\/p>\n<h2><span style=\"font-size: 90%;\">Gazzbar 30000 | 30K Puffs Specyfikacja jednorazowego waporyzatora<\/span><\/h2>\n<p><strong data-sourcepos=\"7:3-7:17\">Liczba puf\u00f3w<\/strong>:\u00a0<strong data-sourcepos=\"7:19-7:35\">30 000 zaci\u0105gni\u0119\u0107<\/strong><\/p>\n<p><strong data-sourcepos=\"8:3-8:15\">Nikotyna<\/strong>:\u00a0<strong data-sourcepos=\"8:17-8:46\">Opcje 0% \/ 2% \/ 3% \/ 5%<\/strong><\/p>\n<p><strong data-sourcepos=\"9:3-9:15\">E-ciecz<\/strong>:\u00a0<strong data-sourcepos=\"9:17-9:34\">Pojemno\u015b\u0107 28 ml<\/strong><\/p>\n<p><strong data-sourcepos=\"10:3-10:11\">Cewka<\/strong>:\u00a0<strong data-sourcepos=\"10:13-10:31\">Podw\u00f3jna cewka siatkowa<\/strong><\/p>\n<p><strong data-sourcepos=\"11:3-11:14\">Bateria<\/strong>:\u00a0<strong data-sourcepos=\"11:16-11:39\">Akumulator 800 mAh<\/strong><\/p>\n<p><strong data-sourcepos=\"12:3-12:15\">\u0141adowanie<\/strong>:\u00a0<strong data-sourcepos=\"12:17-12:41\">Szybkie \u0142adowanie typu C<\/strong><\/p>\n<p><strong data-sourcepos=\"13:3-13:14\">Wy\u015bwietlacz<\/strong>:\u00a0<strong data-sourcepos=\"13:16-13:40\">Ekran 3D gwia\u017adzistego nieba<\/strong><\/p>\n<p><strong data-sourcepos=\"14:3-14:14\">Pakiet<\/strong>:\u00a0<strong data-sourcepos=\"14:16-14:35\">Jednostka indywidualna<\/strong><\/p>\n<p>&nbsp;<\/p>\n<h3><span style=\"font-size: 90%;\">Gazzbar 30000 | 30 tys. ptysi\u00f3w Jednorazowa lista smak\u00f3w Vape<\/span><\/h3>\n<p>1.Truskawkowy B-pop<\/p>\n<p>2. Niebieski farmer<\/p>\n<p>3. L\u00f3d malinowo-brzoskwiniowy<\/p>\n<p>4. Kwa\u015bny Ananas Mango<\/p>\n<p>5. Niebieski Razz L\u00f3d<\/p>\n<p>6. Pomara\u0144cza z jagodami limonkowymi<\/p>\n<p>7. G\u0142owy cytryny<\/p>\n<p>8. L\u00f3d arbuzowy<\/p>\n<p>9. Blackberry B-pop<\/p>\n<p>10. Mennica w Miami<\/p>\n<p>11. Kwa\u015bny l\u00f3d jab\u0142kowy<\/p>\n<p>12. Od\u015bwie\u017caj\u0105cy grejpfrut<\/p>\n<p>13.Zamro\u017cone ciasto bananowe<\/p>\n<p>14. Meksyka\u0144skie mango<\/p>\n<p>15. Jasne<\/p>\n<p><img loading=\"lazy\" decoding=\"async\" class=\"alignnone wp-image-2026 size-full\" src=\"https:\/\/pgvape.com\/wp-content\/uploads\/2025\/10\/Pgvape-Gazzbar-30000-30K-Puffs-Disposable-Vape-0-2-3-5-Nicotine-15Tastes-3D-Starry-Sky-screen-Vape-Factory-Direct-1.png\" alt=\"Plakat promocyjny jednorazowych waporyzator\u00f3w GAZZBAR Turbo przedstawiaj\u0105cy 15 oznaczonych kolorami urz\u0105dze\u0144 oznaczonych nazwami smak\u00f3w, ikony specyfikacji ptysi\u00f3w, e-liquid o pojemno\u015bci 28 ml, bateri\u0119 800 mAh, podw\u00f3jn\u0105 siatk\u0119 i typ C, rozmiary opakowa\u0144 oraz logo marki.\" width=\"1357\" height=\"1920\" srcset=\"https:\/\/pgvape.com\/wp-content\/uploads\/2025\/10\/Pgvape-Gazzbar-30000-30K-Puffs-Disposable-Vape-0-2-3-5-Nicotine-15Tastes-3D-Starry-Sky-screen-Vape-Factory-Direct-1.png 1357w, https:\/\/pgvape.com\/wp-content\/uploads\/2025\/10\/Pgvape-Gazzbar-30000-30K-Puffs-Disposable-Vape-0-2-3-5-Nicotine-15Tastes-3D-Starry-Sky-screen-Vape-Factory-Direct-1-254x360.png 254w, https:\/\/pgvape.com\/wp-content\/uploads\/2025\/10\/Pgvape-Gazzbar-30000-30K-Puffs-Disposable-Vape-0-2-3-5-Nicotine-15Tastes-3D-Starry-Sky-screen-Vape-Factory-Direct-1-595x842.png 595w, https:\/\/pgvape.com\/wp-content\/uploads\/2025\/10\/Pgvape-Gazzbar-30000-30K-Puffs-Disposable-Vape-0-2-3-5-Nicotine-15Tastes-3D-Starry-Sky-screen-Vape-Factory-Direct-1-283x400.png 283w, https:\/\/pgvape.com\/wp-content\/uploads\/2025\/10\/Pgvape-Gazzbar-30000-30K-Puffs-Disposable-Vape-0-2-3-5-Nicotine-15Tastes-3D-Starry-Sky-screen-Vape-Factory-Direct-1-768x1087.png 768w, https:\/\/pgvape.com\/wp-content\/uploads\/2025\/10\/Pgvape-Gazzbar-30000-30K-Puffs-Disposable-Vape-0-2-3-5-Nicotine-15Tastes-3D-Starry-Sky-screen-Vape-Factory-Direct-1-1086x1536.png 1086w, https:\/\/pgvape.com\/wp-content\/uploads\/2025\/10\/Pgvape-Gazzbar-30000-30K-Puffs-Disposable-Vape-0-2-3-5-Nicotine-15Tastes-3D-Starry-Sky-screen-Vape-Factory-Direct-1-8x12.png 8w, https:\/\/pgvape.com\/wp-content\/uploads\/2025\/10\/Pgvape-Gazzbar-30000-30K-Puffs-Disposable-Vape-0-2-3-5-Nicotine-15Tastes-3D-Starry-Sky-screen-Vape-Factory-Direct-1-600x849.png 600w, https:\/\/pgvape.com\/wp-content\/uploads\/2025\/10\/Pgvape-Gazzbar-30000-30K-Puffs-Disposable-Vape-0-2-3-5-Nicotine-15Tastes-3D-Starry-Sky-screen-Vape-Factory-Direct-1-28x40.png 28w\" sizes=\"auto, (max-width: 1357px) 100vw, 1357px\" \/><\/p>\n<h3><span style=\"font-size: 90%;\">Gazzbar 30000 | 30K Puffs Jednorazowe wideo:<br \/>\n<iframe loading=\"lazy\" title=\"Gazzbar 30000 | 30K Puffs Jednorazowy Vape | Ekran 3D Starry Sky | Vape Factory Direct pgvape\" width=\"563\" height=\"1000\" src=\"https:\/\/www.youtube.com\/embed\/wQEMZIVju50?feature=oembed\" frameborder=\"0\" allow=\"accelerometer; autoplay; clipboard-write; encrypted-media; gyroscope; picture-in-picture; web-share\" referrerpolicy=\"strict-origin-when-cross-origin\" allowfullscreen><\/iframe><br \/>\n<\/span><\/h3>\n<p>&nbsp;<\/p>\n<h2 class=\"header-vfC6AV auto-hide-last-sibling-br\">Cz\u0119sto zadawane pytania dotycz\u0105ce Gazzbar 30000 | Jednorazowy waporyzator 30K Puffs<\/h2>\n<p data-sourcepos=\"38:1-39:105\">\u2753 <strong data-sourcepos=\"38:3-38:54\">Co sprawia, \u017ce \u200b\u200bekran 3D Starry Sky jest wyj\u0105tkowy?<\/strong><br \/>\n\u2705 <strong data-sourcepos=\"39:3-39:28\">Dynamiczny wy\u015bwietlacz \u015bwietlny<\/strong> To <strong data-sourcepos=\"39:34-39:63\">Roz\u015bwietla przy ka\u017cdym u\u017cyciu<\/strong> Dla A <strong data-sourcepos=\"39:70-39:102\">Osza\u0142amiaj\u0105ce wizualnie wra\u017cenia<\/strong>.<\/p>\n<p data-sourcepos=\"41:1-42:85\">\u2753 <strong data-sourcepos=\"41:3-41:54\">W jaki spos\u00f3b cewka z podw\u00f3jn\u0105 siatk\u0105 poprawia waporyzacj\u0119?<\/strong><br \/>\n\u2705 <strong data-sourcepos=\"42:3-42:82\">Zapewnia 30% wi\u0119cej smaku i g\u0119stsze chmury w por\u00f3wnaniu do pojedynczych cewek<\/strong>.<\/p>\n<p data-sourcepos=\"44:1-45:89\">\u2753 <strong data-sourcepos=\"44:3-44:44\">Czy bateria 800 mAh wystarczy?<\/strong><br \/>\n\u2705 <strong data-sourcepos=\"45:3-45:11\">Tak!<\/strong> Zapewnia <strong data-sourcepos=\"45:21-45:36\">Do u\u017cytku przez ca\u0142y dzie\u0144<\/strong> Z <strong data-sourcepos=\"45:42-45:66\">Szybkie \u0142adowanie typu C<\/strong> Do szybkiego zwi\u0119kszania mocy.<\/p>\n<p data-sourcepos=\"47:1-48:68\">\u2753 <strong data-sourcepos=\"47:3-47:43\">Czy istniej\u0105 opcje bez nikotyny?<\/strong><br \/>\n\u2705 **Tak! <strong data-sourcepos=\"48:10-48:25\">0% Nikotyna<\/strong> Dost\u0119pne dla <strong data-sourcepos=\"48:40-48:65\">Przyjemno\u015b\u0107 wy\u0142\u0105cznie smakowa<\/strong>.<\/p>\n<p data-sourcepos=\"50:1-51:52\">\u2753 <strong data-sourcepos=\"50:3-50:45\">Dlaczego warto wybra\u0107 pojemno\u015b\u0107 28 ml e-liquidu?<\/strong><br \/>\n\u2705 <strong data-sourcepos=\"51:3-51:19\">Rozszerzone u\u017cytkowanie<\/strong> Bez cz\u0119stych wymian.<\/p>\n<p>&nbsp;<\/p>\n<h3 id=\"brxe-najhln\" class=\"brxe-heading\">Cz\u0119sto zadawane pytania (FAQ)<\/h3>\n<div id=\"brxe-rajiac\" class=\"brxe-text\">\n<p><strong>P: Jakie metody p\u0142atno\u015bci akceptujecie?<\/strong><br \/>\nOdp.: Akceptujemy PayPal, Stripe, przelewy bankowe (obs\u0142ugiwane SEPA), g\u0142\u00f3wne karty kredytowe (Visa, MasterCard, American Express) i p\u0142atno\u015bci w kryptowalutach.<\/p>\n<p><strong>P: Jak d\u0142ugo trwa przygotowanie zam\u00f3wienia?<\/strong><br \/>\nOdp.: Przygotowanie zam\u00f3wienia zajmuje 1-3 dni robocze.<\/p>\n<p><strong>P: Jaki jest czas wysy\u0142ki?<\/strong><br \/>\nOdp.: Czas wysy\u0142ki wynosi 7-14 dni roboczych, w zale\u017cno\u015bci od Twojej lokalizacji.<\/p>\n<p><strong>P: Jak mog\u0119 \u015bledzi\u0107 moje zam\u00f3wienie?<\/strong><br \/>\nOdp.: Po wysy\u0142ce otrzymasz wiadomo\u015b\u0107 e-mail z potwierdzeniem i numerem przesy\u0142ki umo\u017cliwiaj\u0105cym \u015bledzenie w czasie rzeczywistym.<\/p>\n<p><strong>P: Jaka jest Twoja polityka zwrot\u00f3w?<\/strong><br \/>\nOdp.: Oferujemy 30-dniow\u0105 polityk\u0119 zwrot\u00f3w lub wymiany. .<\/p>\n<p><strong>P: Czy wyst\u0105pi\u0105 jakie\u015b problemy celne?<br \/>\n<\/strong>Obs\u0142ugujemy wszystkie procedury odprawy celnej, aby zapewni\u0107 Ci bezproblemow\u0105 obs\u0142ug\u0119. .<\/p>\n<p><strong>P: Jakie metody wysy\u0142ki s\u0105 stosowane?<\/strong><br \/>\nWsp\u00f3\u0142pracujemy z firmami UPS\/DHL\/FEDEX\/DPD itp. W zale\u017cno\u015bci od kraju dostawy wybierzemy odpowiedni\u0105 opcj\u0119 wysy\u0142ki, tak aby produkty dotar\u0142y do \u200b\u200bPa\u0144stwa najszybciej jak to mo\u017cliwe.<\/p>\n<p><a href=\"https:\/\/pgvape.com\/pl\/czesto-zadawane-pytania\/\">Kliknij tutaj, aby uzyska\u0107 wi\u0119cej cz\u0119sto zadawanych pyta\u0144<\/a><\/p>\n<p>Szanowni klienci, je\u015bli masz jakiekolwiek pytania dotycz\u0105ce zam\u00f3wienia lub przybycia towaru, skontaktuj si\u0119 z naszym dzia\u0142em obs\u0142ugi klienta. Dzi\u0119kuj\u0119!<\/p>\n<h3 data-sourcepos=\"73:1-73:21\"><strong data-sourcepos=\"73:7-73:21\">Skontaktuj si\u0119 z nami<\/strong><\/h3>\n<div id=\"text-2419739398\" class=\"text\">\n<p><strong data-sourcepos=\"75:3-75:12\">E-mail<\/strong>:\u00a0<a href=\"mailto:support@pgvape.com\"><strong>support@pgvape.com<\/strong><\/a><\/p>\n<p><strong data-sourcepos=\"76:3-76:15\">WhatsApp<\/strong>: <a href=\"https:\/\/wa.me\/+8618128481258\"><strong>+86 18128481258<\/strong><\/a><br \/>\n<strong>(Odpowied\u017a w ci\u0105gu 24 godzin w dni robocze)<\/strong><\/p>\n<\/div>\n<h3><strong>Dzi\u0119kujemy za wybranie pgvape.com! .<\/strong><\/h3>\n<\/div>","protected":false},"excerpt":{"rendered":"<p><strong data-sourcepos=\"56:1-56:228\">\u201cGazzbar 30000: Jednorazowy waporyzator klasy premium z 30 tys. zaci\u0105gni\u0119\u0107, ekranem 3D Starry Sky i 15 smakami \u2013 wyposa\u017cony w podw\u00f3jn\u0105 cewk\u0119 siatkow\u0105, bateri\u0119 800 mAh i 4 dawki nikotyny zapewniaj\u0105ce najwy\u017csz\u0105 wydajno\u015b\u0107.\u201d<\/strong><\/p>","protected":false},"featured_media":2029,"comment_status":"open","ping_status":"closed","template":"","meta":{"_seopress_robots_primary_cat":"none","_seopress_titles_title":"%%post_title%% %%sep%% %%sitetitle%%","_seopress_titles_desc":"","_seopress_robots_index":""},"product_brand":[516,181],"product_cat":[35,515,180],"product_tag":[183,38,184,90,182],"class_list":{"0":"post-2023","1":"product","2":"type-product","3":"status-publish","4":"has-post-thumbnail","6":"product_brand-disposable-vape","7":"product_brand-gazzbar-vape","8":"product_cat-30k-puffs-vape","9":"product_cat-disposable-vape","10":"product_cat-gazzbar-vape","11":"product_tag-15tastes","12":"product_tag-30k-puffs","13":"product_tag-3d-starry-sky-screen","14":"product_tag-disposable-vape","15":"product_tag-gazzbar","17":"first","18":"instock","19":"sale","20":"shipping-taxable","21":"purchasable","22":"product-type-variable"},"_links":{"self":[{"href":"https:\/\/pgvape.com\/pl\/wp-json\/wp\/v2\/product\/2023","targetHints":{"allow":["GET"]}}],"collection":[{"href":"https:\/\/pgvape.com\/pl\/wp-json\/wp\/v2\/product"}],"about":[{"href":"https:\/\/pgvape.com\/pl\/wp-json\/wp\/v2\/types\/product"}],"replies":[{"embeddable":true,"href":"https:\/\/pgvape.com\/pl\/wp-json\/wp\/v2\/comments?post=2023"}],"wp:featuredmedia":[{"embeddable":true,"href":"https:\/\/pgvape.com\/pl\/wp-json\/wp\/v2\/media\/2029"}],"wp:attachment":[{"href":"https:\/\/pgvape.com\/pl\/wp-json\/wp\/v2\/media?parent=2023"}],"wp:term":[{"taxonomy":"product_brand","embeddable":true,"href":"https:\/\/pgvape.com\/pl\/wp-json\/wp\/v2\/product_brand?post=2023"},{"taxonomy":"product_cat","embeddable":true,"href":"https:\/\/pgvape.com\/pl\/wp-json\/wp\/v2\/product_cat?post=2023"},{"taxonomy":"product_tag","embeddable":true,"href":"https:\/\/pgvape.com\/pl\/wp-json\/wp\/v2\/product_tag?post=2023"}],"curies":[{"name":"wp","href":"https:\/\/api.w.org\/{rel}","templated":true}]}}