{"id":2006,"date":"2025-09-30T15:21:26","date_gmt":"2025-09-30T15:21:26","guid":{"rendered":"https:\/\/pgvape.com\/?post_type=product&#038;p=2006"},"modified":"2026-01-27T10:20:18","modified_gmt":"2026-01-27T10:20:18","slug":"bang-blaze-50000-50k-zaciagniec-gwiazdzisty-ekran-jednorazowe-vape-podwojna-cewka-cesh-vape-factory-direct","status":"publish","type":"product","link":"https:\/\/pgvape.com\/pl\/produkt\/bang-blaze-50000-50k-zaciagniec-gwiazdzisty-ekran-jednorazowe-vape-podwojna-cewka-cesh-vape-factory-direct\/","title":{"rendered":"Bang Blaze 50000 50K Puffs Starry Screen Jednorazowy Vape Podw\u00f3jna cewka Cesh Vape Factory Direct"},"content":{"rendered":"<div class=\"auto-hide-last-sibling-br paragraph-JOTKXA paragraph-element br-paragraph-space\">\n<p><strong data-sourcepos=\"6:5-6:54\">Bang Blaze 50000 Puffs Starry Jednorazowy Vape<\/strong> na nowo definiuje wszechstronno\u015b\u0107 <strong data-sourcepos=\"6:82-6:109\">3 innowacyjne tryby zaci\u0105gania<\/strong> (50 tys. regularne\/25 tys. impuls\u00f3w\/zabezpieczenie przed dzie\u0107mi) i <strong data-sourcepos=\"6:149-6:168\">podw\u00f3jne cewki siatkowe<\/strong> z <strong data-sourcepos=\"6:174-6:192\">Technologia VPU<\/strong> dla wyj\u0105tkowo g\u0142adkiej pary. <strong data-sourcepos=\"6:229-6:260\">Akumulator o pojemno\u015bci 550 mAh<\/strong>, <strong data-sourcepos=\"6:262-6:286\">Szybkie \u0142adowanie typu C<\/strong>, I <strong data-sourcepos=\"6:292-6:317\">wy\u015bwietlacz LED w czasie rzeczywistym<\/strong>, dostarcza <strong data-sourcepos=\"6:331-6:347\">50 000 zaci\u0105gni\u0119\u0107<\/strong> w trybie zwyk\u0142ym. <strong data-sourcepos=\"6:377-6:399\">12 smak\u00f3w premium<\/strong> I <strong data-sourcepos=\"6:404-6:435\">Moc nikotyny 2%\/3%\/5%<\/strong> dla spersonalizowanego do\u015bwiadczenia. <strong data-sourcepos=\"6:474-6:495\">10 sztuk w pude\u0142ku<\/strong>, jest idealny dla sprzedawc\u00f3w detalicznych i waper\u00f3w poszukuj\u0105cych wydajno\u015bci i bezpiecze\u0144stwa.<\/p>\n<\/div>\n<p>&nbsp;<\/p>\n<h2><span style=\"font-size: 90%;\">Bang Blaze 50000 | 50K Puffs Starry Screen Jednorazowy Vape Specyfikacja<\/span><\/h2>\n<p><strong data-sourcepos=\"11:3-11:18\">Tryby zaci\u0105gni\u0119cia:<\/strong><strong data-sourcepos=\"12:5-12:22\">Tryb zwyk\u0142y:<\/strong>\u00a0<strong data-sourcepos=\"12:23-12:39\">50 000 zaci\u0105gni\u0119\u0107 <\/strong><strong data-sourcepos=\"13:5-13:20\">Tryb impulsowy:<\/strong>\u00a0<strong data-sourcepos=\"13:21-13:37\">25 000 zaci\u0105gni\u0119\u0107<\/strong> (Wi\u0119ksza intensywno\u015b\u0107)<\/p>\n<p><strong data-sourcepos=\"14:5-14:24\">Tryb zabezpieczenia przed dzie\u0107mi<\/strong>\u00a0(Blokada bezpiecze\u0144stwa)<\/p>\n<p><strong data-sourcepos=\"15:3-15:16\">Nikotyna:<\/strong>\u00a0<strong data-sourcepos=\"15:17-15:33\">2% \/ 3% \/ 5%<\/strong>\u00a0(Dostosowane uderzenie w gard\u0142o)<\/p>\n<p><strong data-sourcepos=\"16:3-16:12\">Cewka:<\/strong>\u00a0<strong data-sourcepos=\"16:13-16:37\">Podw\u00f3jna siatka + technologia VPU<\/strong>\u00a0(30% szybsze nagrzewanie, bogatszy smak)<\/p>\n<p><strong data-sourcepos=\"17:3-17:15\">Bateria:<\/strong>\u00a0<strong data-sourcepos=\"17:16-17:39\">Akumulator 550 mAh<\/strong>\u00a0+\u00a0<strong data-sourcepos=\"17:42-17:61\">\u0141adowanie typu C<\/strong><\/p>\n<p><strong data-sourcepos=\"18:3-18:15\">Wy\u015bwietlacz:<\/strong>\u00a0<strong data-sourcepos=\"18:16-18:30\">Ekran LED<\/strong>\u00a0(Wska\u017anik poziomu baterii i trybu)<\/p>\n<p><strong data-sourcepos=\"19:3-19:15\">Smaki:<\/strong>\u00a0<strong data-sourcepos=\"19:16-19:38\">12 opcji premium<\/strong>\u00a0(Od owocowego do lodowego)<\/p>\n<p><strong data-sourcepos=\"20:3-20:17\">Opakowanie:<\/strong>\u00a0<strong data-sourcepos=\"20:18-20:32\">10 sztuk\/pude\u0142ko<\/strong>\u00a0(Gotowy do sprzeda\u017cy detalicznej)<\/p>\n<p>&nbsp;<\/p>\n<h3><span style=\"font-size: 90%;\">Bang Blaze 50000 | 50K Puffs Starry Screen Jednorazowa lista smak\u00f3w Vape<\/span><\/h3>\n<p>1.Arbuz<\/p>\n<p>2. Arbuz truskawkowy<\/p>\n<p>3.L\u00f3d jagodowy<\/p>\n<p>4.Malina jagodowa<\/p>\n<p>5. Mi\u0142o\u015b\u0107 66<\/p>\n<p>6. L\u00f3d winogronowy \u017curawinowy<\/p>\n<p>7. Brzoskwiniowy l\u00f3d<\/p>\n<p>8. Truskawkowe Mango<\/p>\n<p>9.Potr\u00f3jna jagoda<\/p>\n<p>10.Brzoskwinia Mango<\/p>\n<p>11. Czas letni<\/p>\n<p>12. Kokos ananasowy<\/p>\n<p><img loading=\"lazy\" decoding=\"async\" class=\"wp-image-2005 size-large alignnone\" src=\"https:\/\/pgvape.com\/wp-content\/uploads\/2025\/09\/Pgvape-Bang-Blaze-50000-50K-Puffs-Starry-Screen-Disposable-Vape-Dual-Cesh-Coil-0-2-3-5-Nicotine-12Tastes-Vape-Factory-Direct-13-595x877.png\" alt=\"Plakat zatytu\u0142owany &quot;12 smak\u00f3w&quot; przedstawiaj\u0105cy siatk\u0119 3x4 kolorowych urz\u0105dze\u0144 do waporyzacji na 50 000 zaci\u0105gni\u0119\u0107 z etykietami z postaciami z kresk\u00f3wek i nazwami smak\u00f3w: Arbuz; .\" width=\"595\" height=\"877\" srcset=\"https:\/\/pgvape.com\/wp-content\/uploads\/2025\/09\/Pgvape-Bang-Blaze-50000-50K-Puffs-Starry-Screen-Disposable-Vape-Dual-Cesh-Coil-0-2-3-5-Nicotine-12Tastes-Vape-Factory-Direct-13-595x877.png 595w, https:\/\/pgvape.com\/wp-content\/uploads\/2025\/09\/Pgvape-Bang-Blaze-50000-50K-Puffs-Starry-Screen-Disposable-Vape-Dual-Cesh-Coil-0-2-3-5-Nicotine-12Tastes-Vape-Factory-Direct-13-244x360.png 244w, https:\/\/pgvape.com\/wp-content\/uploads\/2025\/09\/Pgvape-Bang-Blaze-50000-50K-Puffs-Starry-Screen-Disposable-Vape-Dual-Cesh-Coil-0-2-3-5-Nicotine-12Tastes-Vape-Factory-Direct-13-271x400.png 271w, https:\/\/pgvape.com\/wp-content\/uploads\/2025\/09\/Pgvape-Bang-Blaze-50000-50K-Puffs-Starry-Screen-Disposable-Vape-Dual-Cesh-Coil-0-2-3-5-Nicotine-12Tastes-Vape-Factory-Direct-13-768x1132.png 768w, https:\/\/pgvape.com\/wp-content\/uploads\/2025\/09\/Pgvape-Bang-Blaze-50000-50K-Puffs-Starry-Screen-Disposable-Vape-Dual-Cesh-Coil-0-2-3-5-Nicotine-12Tastes-Vape-Factory-Direct-13-1043x1536.png 1043w, https:\/\/pgvape.com\/wp-content\/uploads\/2025\/09\/Pgvape-Bang-Blaze-50000-50K-Puffs-Starry-Screen-Disposable-Vape-Dual-Cesh-Coil-0-2-3-5-Nicotine-12Tastes-Vape-Factory-Direct-13-8x12.png 8w, https:\/\/pgvape.com\/wp-content\/uploads\/2025\/09\/Pgvape-Bang-Blaze-50000-50K-Puffs-Starry-Screen-Disposable-Vape-Dual-Cesh-Coil-0-2-3-5-Nicotine-12Tastes-Vape-Factory-Direct-13-600x884.png 600w, https:\/\/pgvape.com\/wp-content\/uploads\/2025\/09\/Pgvape-Bang-Blaze-50000-50K-Puffs-Starry-Screen-Disposable-Vape-Dual-Cesh-Coil-0-2-3-5-Nicotine-12Tastes-Vape-Factory-Direct-13-27x40.png 27w, https:\/\/pgvape.com\/wp-content\/uploads\/2025\/09\/Pgvape-Bang-Blaze-50000-50K-Puffs-Starry-Screen-Disposable-Vape-Dual-Cesh-Coil-0-2-3-5-Nicotine-12Tastes-Vape-Factory-Direct-13.png 1200w\" sizes=\"auto, (max-width: 595px) 100vw, 595px\" \/><\/p>\n<p>&nbsp;<\/p>\n<h3><span style=\"font-size: 90%;\">Bang Blaze 50000 50K Puffs Starry Screen Jednorazowe wideo Vape:<br \/>\n<iframe loading=\"lazy\" title=\"Bang Blaze 50K Puffs Jednorazowy Vape Starry Screen |\" width=\"1020\" height=\"574\" src=\"https:\/\/www.youtube.com\/embed\/a3F2dYTnb7w?feature=oembed\" frameborder=\"0\" allow=\"accelerometer; autoplay; clipboard-write; encrypted-media; gyroscope; picture-in-picture; web-share\" referrerpolicy=\"strict-origin-when-cross-origin\" allowfullscreen><\/iframe><br \/>\n<\/span><\/h3>\n<p>&nbsp;<\/p>\n<h2 class=\"header-vfC6AV auto-hide-last-sibling-br\"><span style=\"font-size: 90%;\">Cz\u0119sto zadawane pytania dotycz\u0105ce Bang Blaze 50000 | 50K Puffs Starry Screen Jednorazowy Vape<\/span><\/h2>\n<p data-sourcepos=\"46:1-47:20\">\u2753 <strong data-sourcepos=\"46:3-46:36\">Jak dzia\u0142aj\u0105 3 tryby zaci\u0105gania?<br \/>\n<\/strong> \u2705 Prze\u0142\u0105cz pomi\u0119dzy:<strong data-sourcepos=\"48:3-48:14\">Regularny<\/strong>\u00a0(50 tys. zaci\u0105gni\u0119\u0107, zr\u00f3wnowa\u017cone)<strong data-sourcepos=\"49:3-49:12\">Puls<\/strong>\u00a0(25 tys. zaci\u0105gni\u0119\u0107, zintensyfikowana para)<strong data-sourcepos=\"50:3-50:17\">Zabezpieczenie przed dzie\u0107mi<\/strong>\u00a0(Blokada bezpiecze\u0144stwa)<\/p>\n<p data-sourcepos=\"52:1-53:94\">\u2753 <strong data-sourcepos=\"52:3-52:40\">Co sprawia, \u017ce \u200b\u200bpara jest wyj\u0105tkowa?<\/strong><br \/>\n\u2705 <strong data-sourcepos=\"53:3-53:33\">Podw\u00f3jne cewki siatkowe + technologia VPU<\/strong> zapewni\u0107 <strong data-sourcepos=\"53:41-53:59\">grubsze chmury<\/strong> I <strong data-sourcepos=\"53:64-53:91\">40% wi\u0119ksza klarowno\u015b\u0107 smaku<\/strong>.<\/p>\n<p data-sourcepos=\"55:1-56:74\">\u2753 <strong data-sourcepos=\"55:3-55:29\">Czy jest przyjazny w podr\u00f3\u017cy?<br \/>\n<\/strong> \u2705 <strong data-sourcepos=\"56:7-56:26\">tryb zabezpieczenia przed dzie\u0107mi<\/strong> spe\u0142nia normy bezpiecze\u0144stwa w zakresie przechowywania\/transportu.<\/p>\n<p data-sourcepos=\"58:1-59:93\">\u2753 <strong data-sourcepos=\"58:3-58:38\">Jak d\u0142ugo wytrzymuje bateria?<br \/>\n<\/strong> \u2705 <strong data-sourcepos=\"59:3-59:21\">Bateria 550 mAh<\/strong> trwa 2-3 dni w Trybie Zwyk\u0142ym; <strong data-sourcepos=\"59:54-59:64\">Typ C<\/strong> \u0142aduje si\u0119 <strong data-sourcepos=\"59:78-59:90\">~35 minut<\/strong>.<\/p>\n<p data-sourcepos=\"61:1-62:94\">\u2753 <strong data-sourcepos=\"61:3-61:27\">Dla kogo jest idealny?<br \/>\n<\/strong> \u2705 <strong data-sourcepos=\"62:3-62:22\">Waperzy na co dzie\u0144<\/strong> chc\u0105cych elastyczno\u015bci + <strong data-sourcepos=\"62:45-62:58\">detali\u015bci<\/strong> poszukuj\u0105cych wielofunkcyjnych urz\u0105dze\u0144 jednorazowego u\u017cytku.<\/p>\n<p>&nbsp;<\/p>\n<h3 id=\"brxe-najhln\" class=\"brxe-heading\">Cz\u0119sto zadawane pytania (FAQ)<\/h3>\n<div id=\"brxe-rajiac\" class=\"brxe-text\">\n<p><strong>P: Jakie metody p\u0142atno\u015bci akceptujecie?<\/strong><br \/>\nOdp.: Akceptujemy PayPal, Stripe, przelewy bankowe (obs\u0142ugiwane SEPA), g\u0142\u00f3wne karty kredytowe (Visa, MasterCard, American Express) i p\u0142atno\u015bci w kryptowalutach.<\/p>\n<p><strong>P: Jak d\u0142ugo trwa przygotowanie zam\u00f3wienia?<\/strong><br \/>\nOdp.: Przygotowanie zam\u00f3wienia zajmuje 1-3 dni robocze.<\/p>\n<p><strong>P: Jaki jest czas wysy\u0142ki?<\/strong><br \/>\nOdp.: Czas wysy\u0142ki wynosi 7-14 dni roboczych, w zale\u017cno\u015bci od Twojej lokalizacji.<\/p>\n<p><strong>P: Jak mog\u0119 \u015bledzi\u0107 moje zam\u00f3wienie?<\/strong><br \/>\nOdp.: Po wysy\u0142ce otrzymasz wiadomo\u015b\u0107 e-mail z potwierdzeniem i numerem przesy\u0142ki umo\u017cliwiaj\u0105cym \u015bledzenie w czasie rzeczywistym.<\/p>\n<p><strong>P: Jaka jest Twoja polityka zwrot\u00f3w?<\/strong><br \/>\nOdp.: Oferujemy 30-dniow\u0105 polityk\u0119 zwrot\u00f3w lub wymiany. .<\/p>\n<p><strong>P: Czy wyst\u0105pi\u0105 jakie\u015b problemy celne?<br \/>\n<\/strong>Obs\u0142ugujemy wszystkie procedury odprawy celnej, aby zapewni\u0107 Ci bezproblemow\u0105 obs\u0142ug\u0119. .<\/p>\n<p><strong>P: Jakie metody wysy\u0142ki s\u0105 stosowane?<\/strong><br \/>\nWsp\u00f3\u0142pracujemy z firmami UPS\/DHL\/FEDEX\/DPD itp. W zale\u017cno\u015bci od kraju dostawy wybierzemy odpowiedni\u0105 opcj\u0119 wysy\u0142ki, tak aby produkty dotar\u0142y do \u200b\u200bPa\u0144stwa najszybciej jak to mo\u017cliwe.<\/p>\n<p><a href=\"https:\/\/pgvape.com\/pl\/czesto-zadawane-pytania\/\"><span style=\"font-size: 100%;\">Kliknij tutaj, aby uzyska\u0107 wi\u0119cej cz\u0119sto zadawanych pyta\u0144<\/span><\/a><\/p>\n<p>Szanowni klienci, je\u015bli masz jakiekolwiek pytania dotycz\u0105ce zam\u00f3wienia lub przybycia towaru, skontaktuj si\u0119 z naszym dzia\u0142em obs\u0142ugi klienta. Dzi\u0119kuj\u0119!<\/p>\n<h3 data-sourcepos=\"73:1-73:21\"><span style=\"font-size: 90%;\"><strong data-sourcepos=\"73:7-73:21\">Skontaktuj si\u0119 z nami<\/strong><\/span><\/h3>\n<div id=\"text-2419739398\" class=\"text\">\n<p><strong data-sourcepos=\"75:3-75:12\">E-mail<\/strong>:\u00a0<a href=\"mailto:support@pgvape.com\"><strong>support@pgvape.com<\/strong><\/a><\/p>\n<p><strong data-sourcepos=\"76:3-76:15\">WhatsApp<\/strong>: <a href=\"https:\/\/wa.me\/+8618128481258\"><strong>+86 18128481258<\/strong><\/a><br \/>\n<strong>(Odpowied\u017a w ci\u0105gu 24 godzin w dni robocze)<\/strong><\/p>\n<\/div>\n<h3><strong><span style=\"font-size: 80%;\">Dzi\u0119kujemy za wybranie pgvape.com! .<\/span><\/strong><\/h3>\n<\/div>","protected":false},"excerpt":{"rendered":"<p>Z <strong data-sourcepos=\"67:6-67:19\">50 tys. zaci\u0105gni\u0119\u0107<\/strong>, <strong data-sourcepos=\"67:21-67:38\">3 inteligentne tryby<\/strong>, I <strong data-sourcepos=\"67:44-67:66\">Cewki wzmocnione VPU<\/strong>, , <strong data-sourcepos=\"67:72-67:99\">Bang Blaze 50000 Starry<\/strong> zapewnia niezr\u00f3wnan\u0105 personalizacj\u0119. <strong data-sourcepos=\"67:134-67:148\">12 smak\u00f3w<\/strong> I <strong data-sourcepos=\"67:153-67:169\">\u015aledzenie LED<\/strong> sprawiaj\u0105, \u017ce jest to wyb\u00f3r najwy\u017cszej klasy.<\/p>","protected":false},"featured_media":1995,"comment_status":"open","ping_status":"closed","template":"","meta":{"_seopress_robots_primary_cat":"none","_seopress_titles_title":"%%post_title%% %%sep%% %%sitetitle%%","_seopress_titles_desc":"","_seopress_robots_index":""},"product_brand":[49,516],"product_cat":[61,33,515],"product_tag":[78,64,178,163,90,179,176],"class_list":{"0":"post-2006","1":"product","2":"type-product","3":"status-publish","4":"has-post-thumbnail","6":"product_brand-bang-blaze-vape","7":"product_brand-disposable-vape","8":"product_cat-50k-puffs-vape","9":"product_cat-bang-blaze-vape","10":"product_cat-disposable-vape","11":"product_tag-12tastes","12":"product_tag-50k-puffs","13":"product_tag-550mah-rechargeable-battery","14":"product_tag-bang-blaze","15":"product_tag-disposable-vape","16":"product_tag-dual-mesh-coils","17":"product_tag-starry-screen","19":"first","20":"instock","21":"sale","22":"shipping-taxable","23":"purchasable","24":"product-type-variable"},"_links":{"self":[{"href":"https:\/\/pgvape.com\/pl\/wp-json\/wp\/v2\/product\/2006","targetHints":{"allow":["GET"]}}],"collection":[{"href":"https:\/\/pgvape.com\/pl\/wp-json\/wp\/v2\/product"}],"about":[{"href":"https:\/\/pgvape.com\/pl\/wp-json\/wp\/v2\/types\/product"}],"replies":[{"embeddable":true,"href":"https:\/\/pgvape.com\/pl\/wp-json\/wp\/v2\/comments?post=2006"}],"wp:featuredmedia":[{"embeddable":true,"href":"https:\/\/pgvape.com\/pl\/wp-json\/wp\/v2\/media\/1995"}],"wp:attachment":[{"href":"https:\/\/pgvape.com\/pl\/wp-json\/wp\/v2\/media?parent=2006"}],"wp:term":[{"taxonomy":"product_brand","embeddable":true,"href":"https:\/\/pgvape.com\/pl\/wp-json\/wp\/v2\/product_brand?post=2006"},{"taxonomy":"product_cat","embeddable":true,"href":"https:\/\/pgvape.com\/pl\/wp-json\/wp\/v2\/product_cat?post=2006"},{"taxonomy":"product_tag","embeddable":true,"href":"https:\/\/pgvape.com\/pl\/wp-json\/wp\/v2\/product_tag?post=2006"}],"curies":[{"name":"wp","href":"https:\/\/api.w.org\/{rel}","templated":true}]}}