{"id":1941,"date":"2025-09-30T08:30:26","date_gmt":"2025-09-30T08:30:26","guid":{"rendered":"https:\/\/pgvape.com\/?post_type=product&#038;p=1941"},"modified":"2026-04-06T07:40:49","modified_gmt":"2026-04-06T07:40:49","slug":"bang-de-60000-60-tys-zaciagniec-3-w-1-potrojne-smaki-jednorazowy-vape-inteligentny-ekran-vape-factory-direct","status":"publish","type":"product","link":"https:\/\/pgvape.com\/pl\/produkt\/bang-de-60000-60-tys-zaciagniec-3-w-1-potrojne-smaki-jednorazowy-vape-inteligentny-ekran-vape-factory-direct\/","title":{"rendered":"Bang DE 60000 60k Ptysi 3 w 1 Potr\u00f3jne Smaki Jednorazowy Vape Inteligentny Ekran Wy\u015bwietlacz Vape Factory Direct"},"content":{"rendered":"<p class=\"brxe-heading\"><strong data-sourcepos=\"6:5-6:44\">Jednorazowy waporyzator Bang DE 60000 Puffs<\/strong> dostarcza <strong data-sourcepos=\"6:54-6:81\">60 000 bardzo d\u0142ugich zaci\u0105gni\u0119\u0107<\/strong> z <strong data-sourcepos=\"6:87-6:115\">Technologia smaku 3 w 1<\/strong><span class=\"CustomP_animated_char__m3r9w\">\u00a0<\/span><span class=\"CustomP_animated_char__m3r9w\">(<\/span><span class=\"CustomP_animated_char__m3r9w\">A<\/span><span class=\"CustomP_animated_char__m3r9w\">\/<\/span><span class=\"CustomP_animated_char__m3r9w\">B<\/span><span class=\"CustomP_animated_char__m3r9w\">\/<\/span><span class=\"CustomP_animated_char__m3r9w\">AB<\/span><span class=\"CustomP_animated_char__m3r9w\">\u00a0<\/span><span class=\"CustomP_animated_char__m3r9w\">tryby<\/span><span class=\"CustomP_animated_char__m3r9w\">)<\/span><span class=\"CustomP_animated_char__m3r9w\">\u00a0<\/span><span class=\"CustomP_animated_char__m3r9w\">Do<\/span><span class=\"CustomP_animated_char__m3r9w\">\u00a0<\/span><span class=\"CustomP_animated_char__m3r9w\">konfigurowalny<\/span><span class=\"CustomP_animated_char__m3r9w\">\u00a0<\/span><span class=\"CustomP_animated_char__m3r9w\">smak<\/span><span class=\"CustomP_animated_char__m3r9w\">\u00a0<\/span><span class=\"CustomP_animated_char__m3r9w\">wzruszenie religijne<\/span><span class=\"CustomP_animated_char__m3r9w\">.<\/span><span class=\"CustomP_animated_char__m3r9w\">\u00a0<\/span><span class=\"CustomP_animated_char__m3r9w\">Nap\u0119dzany<\/span><span class=\"CustomP_animated_char__m3r9w\">\u00a0<\/span><span class=\"CustomP_animated_char__m3r9w\">przez<\/span><span class=\"CustomP_animated_char__m3r9w\">\u00a0<\/span><strong data-sourcepos=\"6:178-6:192\">podw\u00f3jne cewki<\/strong> i <strong data-sourcepos=\"6:200-6:231\">Akumulator o pojemno\u015bci 850 mAh<\/strong><span class=\"CustomP_animated_char__m3r9w\">\u00a0<\/span><span class=\"CustomP_animated_char__m3r9w\">z<\/span><span class=\"CustomP_animated_char__m3r9w\">\u00a0<\/span><strong data-sourcepos=\"6:237-6:261\">Szybkie \u0142adowanie typu C<\/strong>, posiada <strong data-sourcepos=\"6:277-6:302\">inteligentny wy\u015bwietlacz cyfrowy<\/strong><span class=\"CustomP_animated_char__m3r9w\">\u00a0<\/span><span class=\"CustomP_animated_char__m3r9w\">seans<\/span><span class=\"CustomP_animated_char__m3r9w\">\u00a0<\/span><span class=\"CustomP_animated_char__m3r9w\">prawdziwy<\/span><span class=\"CustomP_animated_char__m3r9w\">\u2013<\/span><span class=\"CustomP_animated_char__m3r9w\">czas<\/span><span class=\"CustomP_animated_char__m3r9w\">\u00a0<\/span><span class=\"CustomP_animated_char__m3r9w\">pty\u015b<\/span><span class=\"CustomP_animated_char__m3r9w\">\u00a0<\/span><span class=\"CustomP_animated_char__m3r9w\">liczy\u0107<\/span><span class=\"CustomP_animated_char__m3r9w\">,<\/span><span class=\"CustomP_animated_char__m3r9w\">\u00a0<\/span><span class=\"CustomP_animated_char__m3r9w\">mi<\/span><span class=\"CustomP_animated_char__m3r9w\">\u2013<\/span><span class=\"CustomP_animated_char__m3r9w\">p\u0142yn<\/span><span class=\"CustomP_animated_char__m3r9w\">\u00a0<\/span><span class=\"CustomP_animated_char__m3r9w\">poziom<\/span><span class=\"CustomP_animated_char__m3r9w\">,<\/span><span class=\"CustomP_animated_char__m3r9w\">\u00a0<\/span><span class=\"CustomP_animated_char__m3r9w\">I<\/span><span class=\"CustomP_animated_char__m3r9w\">\u00a0<\/span><span class=\"CustomP_animated_char__m3r9w\">bateria<\/span><span class=\"CustomP_animated_char__m3r9w\">\u00a0<\/span><span class=\"CustomP_animated_char__m3r9w\">status<\/span><span class=\"CustomP_animated_char__m3r9w\">.<\/span><span class=\"CustomP_animated_char__m3r9w\">\u00a0<\/span><span class=\"CustomP_animated_char__m3r9w\">Z<\/span><span class=\"CustomP_animated_char__m3r9w\">\u00a0<\/span><strong data-sourcepos=\"6:374-6:408\">12 doskona\u0142ych kombinacji smakowych<\/strong> I <strong data-sourcepos=\"6:413-6:445\">0%\/2%\/3%\/5% opcje nikotynowe<\/strong><span class=\"CustomP_animated_char__m3r9w\">,<\/span><span class=\"CustomP_animated_char__m3r9w\">\u00a0<\/span><span class=\"CustomP_animated_char__m3r9w\">Ten<\/span><span class=\"CustomP_animated_char__m3r9w\">\u00a0<\/span><span class=\"CustomP_animated_char__m3r9w\">urz\u0105dzenie<\/span><span class=\"CustomP_animated_char__m3r9w\">\u00a0<\/span><span class=\"CustomP_animated_char__m3r9w\">obs\u0142uguje<\/span><span class=\"CustomP_animated_char__m3r9w\">\u00a0<\/span><span class=\"CustomP_animated_char__m3r9w\">Do<\/span><span class=\"CustomP_animated_char__m3r9w\">\u00a0<\/span><span class=\"CustomP_animated_char__m3r9w\">Wszystko<\/span><span class=\"CustomP_animated_char__m3r9w\">\u00a0<\/span><span class=\"CustomP_animated_char__m3r9w\">waperzy<\/span><span class=\"CustomP_animated_char__m3r9w\">\u00a0<\/span><span class=\"CustomP_animated_char__m3r9w\">szukaj\u0105c<\/span><span class=\"CustomP_animated_char__m3r9w\">\u00a0<\/span><span class=\"CustomP_animated_char__m3r9w\">wydajno\u015b\u0107<\/span><span class=\"CustomP_animated_char__m3r9w\">\u00a0<\/span><span class=\"CustomP_animated_char__m3r9w\">I<\/span><span class=\"CustomP_animated_char__m3r9w\">\u00a0<\/span><span class=\"CustomP_animated_char__m3r9w\">wszechstronno\u015b\u0107<\/span><span class=\"CustomP_animated_char__m3r9w\">.<\/span><\/p>\n<p>&nbsp;<\/p>\n<h2><span style=\"font-size: 90%;\">Bang DE 60000 | 60k Ptysi 3 w 1 Potr\u00f3jne Smaki Jednorazowy Vape Specyfikacja produktu<\/span><\/h2>\n<p><strong data-sourcepos=\"11:3-11:18\">Liczba zaci\u0105gni\u0119\u0107:<\/strong>\u00a0<strong data-sourcepos=\"11:19-11:35\">60 000 zaci\u0105gni\u0119\u0107<\/strong>\u00a0(Wiod\u0105ca w bran\u017cy wydajno\u015b\u0107)<\/p>\n<p><strong data-sourcepos=\"12:3-12:26\">Mocne strony nikotyny:<\/strong>\u00a0<strong data-sourcepos=\"12:27-12:48\">0% \/ 2% \/ 3% \/ 5%<\/strong>\u00a0(Od zera do silnego trafienia)<\/p>\n<p><strong data-sourcepos=\"13:3-13:21\">System smakowy:<\/strong><strong data-sourcepos=\"14:5-14:17\">3 tryby:<\/strong>\u00a0<strong data-sourcepos=\"14:18-14:34\">A (smak 1)<\/strong>,\u00a0<strong data-sourcepos=\"14:36-14:52\">B (smak 2)<\/strong>,\u00a0<strong data-sourcepos=\"14:54-14:66\">AB (mieszanka)<\/strong><\/p>\n<p><strong data-sourcepos=\"15:5-15:30\">12 kombinacji o dw\u00f3ch smakach<\/strong>\u00a0(Zmieniaj lub mieszaj smaki)<\/p>\n<p><strong data-sourcepos=\"16:3-16:12\">Cewka:<\/strong>\u00a0<strong data-sourcepos=\"16:13-16:26\">Podw\u00f3jna cewka<\/strong>\u00a0(G\u0119stsza para i wzmocniony smak)<\/p>\n<p><strong data-sourcepos=\"17:3-17:15\">Bateria:<\/strong>\u00a0<strong data-sourcepos=\"17:16-17:39\">Akumulator 850 mAh<\/strong>\u00a0+\u00a0<strong data-sourcepos=\"17:42-17:61\">\u0141adowanie typu C<\/strong><\/p>\n<p><strong data-sourcepos=\"18:3-18:15\">Wy\u015bwietlacz:<\/strong>\u00a0<strong data-sourcepos=\"18:16-18:32\">Inteligentny ekran<\/strong>\u00a0(Poziom oleju, akumulator, liczba zaci\u0105gni\u0119\u0107)<\/p>\n<p><strong data-sourcepos=\"19:3-19:17\">Opakowanie:<\/strong>\u00a0<strong data-sourcepos=\"19:18-19:32\">10 sztuk\/pude\u0142ko<\/strong>\u00a0(gotowo\u015b\u0107 do sprzeda\u017cy detalicznej\/hurtowej)<\/p>\n<p>&nbsp;<\/p>\n<h3><span style=\"font-size: 90%;\">Bang DE 60000 | 60 tys. zaci\u0105gni\u0119\u0107 3 w 1 potr\u00f3jne smaki Jednorazowa lista smak\u00f3w Vape<\/span><\/h3>\n<p>1. Lodowy arbuz i mi\u0119ta jagodowa<\/p>\n<p>2.L\u00f3d arbuzowy i wi\u015bnia jagodowa<\/p>\n<p>3. Arbuz z lodem jagodowym i brzoskwiniowo-mango<\/p>\n<p>4. L\u00f3d jagodowy i l\u00f3d brzoskwiniowy<\/p>\n<p>5. Jagoda, malina i mieszanka jag\u00f3d<\/p>\n<p>6. L\u00f3d jagodowy, malinowy i winogronowy<\/p>\n<p>7. Red Bull i truskawkowy banan<\/p>\n<p>8. Arbuz Red Bull i Bor\u00f3wka<\/p>\n<p>9. Guma balonowa truskawkowo-mango-arbuzowa<\/p>\n<p>10.Truskawkowe Mango i Truskawkowe Kiwi<\/p>\n<p>11. Truskawkowy arbuz i l\u00f3d czarnego smoka<\/p>\n<p>12. Truskawkowy arbuz i kiwi marakuja Gujawa<\/p>\n<p><img loading=\"lazy\" decoding=\"async\" class=\"alignnone wp-image-1948 size-full\" src=\"https:\/\/pgvape.com\/wp-content\/uploads\/2025\/09\/Pgvape-Bang-DE-60k-Puffs-Disposable-Vape-3-in-1-Triple-Flavors-0-2-3-5-Nicotine-12Tastes-Smart-Screen-Display-Vape-Factory-Direct-2.png\" alt=\"Dwana\u015bcie kolorowych jednorazowych urz\u0105dze\u0144 do waporyzacji Bang DE wystawionych pod fioletowym banerem z napisem &quot;12 OPCJI SMAK\u00d3W&quot;, ka\u017cde oznaczone r\u00f3\u017cnymi nazwami i ikonami smak\u00f3w na bazie owoc\u00f3w, z brandingiem reklamuj\u0105cym 60 000 zaci\u0105gni\u0119\u0107 i funkcj\u0119 3 w 1 z mo\u017cliwo\u015bci\u0105 regulacji smak\u00f3w.\" width=\"1900\" height=\"1900\" srcset=\"https:\/\/pgvape.com\/wp-content\/uploads\/2025\/09\/Pgvape-Bang-DE-60k-Puffs-Disposable-Vape-3-in-1-Triple-Flavors-0-2-3-5-Nicotine-12Tastes-Smart-Screen-Display-Vape-Factory-Direct-2.png 1900w, https:\/\/pgvape.com\/wp-content\/uploads\/2025\/09\/Pgvape-Bang-DE-60k-Puffs-Disposable-Vape-3-in-1-Triple-Flavors-0-2-3-5-Nicotine-12Tastes-Smart-Screen-Display-Vape-Factory-Direct-2-360x360.png 360w, https:\/\/pgvape.com\/wp-content\/uploads\/2025\/09\/Pgvape-Bang-DE-60k-Puffs-Disposable-Vape-3-in-1-Triple-Flavors-0-2-3-5-Nicotine-12Tastes-Smart-Screen-Display-Vape-Factory-Direct-2-595x595.png 595w, https:\/\/pgvape.com\/wp-content\/uploads\/2025\/09\/Pgvape-Bang-DE-60k-Puffs-Disposable-Vape-3-in-1-Triple-Flavors-0-2-3-5-Nicotine-12Tastes-Smart-Screen-Display-Vape-Factory-Direct-2-400x400.png 400w, https:\/\/pgvape.com\/wp-content\/uploads\/2025\/09\/Pgvape-Bang-DE-60k-Puffs-Disposable-Vape-3-in-1-Triple-Flavors-0-2-3-5-Nicotine-12Tastes-Smart-Screen-Display-Vape-Factory-Direct-2-768x768.png 768w, https:\/\/pgvape.com\/wp-content\/uploads\/2025\/09\/Pgvape-Bang-DE-60k-Puffs-Disposable-Vape-3-in-1-Triple-Flavors-0-2-3-5-Nicotine-12Tastes-Smart-Screen-Display-Vape-Factory-Direct-2-1536x1536.png 1536w, https:\/\/pgvape.com\/wp-content\/uploads\/2025\/09\/Pgvape-Bang-DE-60k-Puffs-Disposable-Vape-3-in-1-Triple-Flavors-0-2-3-5-Nicotine-12Tastes-Smart-Screen-Display-Vape-Factory-Direct-2-12x12.png 12w, https:\/\/pgvape.com\/wp-content\/uploads\/2025\/09\/Pgvape-Bang-DE-60k-Puffs-Disposable-Vape-3-in-1-Triple-Flavors-0-2-3-5-Nicotine-12Tastes-Smart-Screen-Display-Vape-Factory-Direct-2-300x300.png 300w, https:\/\/pgvape.com\/wp-content\/uploads\/2025\/09\/Pgvape-Bang-DE-60k-Puffs-Disposable-Vape-3-in-1-Triple-Flavors-0-2-3-5-Nicotine-12Tastes-Smart-Screen-Display-Vape-Factory-Direct-2-600x600.png 600w, https:\/\/pgvape.com\/wp-content\/uploads\/2025\/09\/Pgvape-Bang-DE-60k-Puffs-Disposable-Vape-3-in-1-Triple-Flavors-0-2-3-5-Nicotine-12Tastes-Smart-Screen-Display-Vape-Factory-Direct-2-100x100.png 100w, https:\/\/pgvape.com\/wp-content\/uploads\/2025\/09\/Pgvape-Bang-DE-60k-Puffs-Disposable-Vape-3-in-1-Triple-Flavors-0-2-3-5-Nicotine-12Tastes-Smart-Screen-Display-Vape-Factory-Direct-2-40x40.png 40w\" sizes=\"auto, (max-width: 1900px) 100vw, 1900px\" \/><\/p>\n<p>&nbsp;<\/p>\n<h3 id=\"brxe-najhln\" class=\"brxe-heading\">Bang DE 60000 | 60 tys. zaci\u0105gni\u0119\u0107 3 w 1 potr\u00f3jne smaki Jednorazowe wideo Vape:<\/h3>\n<p><iframe loading=\"lazy\" title=\"Bang DE 60000 | 60k Ptysi 3 w 1 Potr\u00f3jne Smaki Jednorazowe Vape 12 Smak\u00f3w Inteligentny Ekran Wy\u015bwietlacz pgvape\" width=\"563\" height=\"1000\" src=\"https:\/\/www.youtube.com\/embed\/Vc5XxnhXQzw?feature=oembed\" frameborder=\"0\" allow=\"accelerometer; autoplay; clipboard-write; encrypted-media; gyroscope; picture-in-picture; web-share\" referrerpolicy=\"strict-origin-when-cross-origin\" allowfullscreen><\/iframe><\/p>\n<p>&nbsp;<\/p>\n<h2 class=\"header-vfC6AV auto-hide-last-sibling-br\">Cz\u0119sto zadawane pytania dotycz\u0105ce Bang DE 60000 | 60 tys. Puff\u00f3w Jednorazowy waporyzator 3 w 1 o potr\u00f3jnych smakach<\/h2>\n<p data-sourcepos=\"40:1-41:119\">\u2753 <strong data-sourcepos=\"40:3-40:46\">Jak dzia\u0142a system smakowy 3 w 1?<\/strong><br \/>\n\u2705 Prze\u0142\u0105cz pomi\u0119dzy <strong data-sourcepos=\"41:18-41:30\">Smak A<\/strong>, <strong data-sourcepos=\"41:32-41:44\">Smak B<\/strong>, Lub <strong data-sourcepos=\"41:49-41:59\">Mieszanka AB<\/strong> (np., <strong data-sourcepos=\"41:67-41:115\">Mieszanka lodu jagodowego i arbuza brzoskwiniowo-mango<\/strong>).<\/p>\n<p data-sourcepos=\"43:1-44:86\">\u2753 <strong data-sourcepos=\"43:3-43:41\">Co zapewnia p\u0142ynn\u0105 jako\u015b\u0107 pary?<\/strong><br \/>\n\u2705 <strong data-sourcepos=\"44:3-44:17\">Podw\u00f3jne cewki<\/strong> dostarcza\u0107 <strong data-sourcepos=\"44:26-44:55\">20% wi\u0119ksza intensywno\u015b\u0107 smaku<\/strong> w por\u00f3wnaniu z jednorazowymi urz\u0105dzeniami z pojedyncz\u0105 cewk\u0105.<\/p>\n<p data-sourcepos=\"46:1-47:96\">\u2753 <strong data-sourcepos=\"46:3-46:36\">Czy \u017cywotno\u015b\u0107 baterii jest niezawodna?<br \/>\n<\/strong> \u2705 <strong data-sourcepos=\"47:7-47:25\">Bateria 850 mAh<\/strong> wystarcza na kilka dni na jednym \u0142adowaniu, z <strong data-sourcepos=\"47:54-47:64\">Typ C<\/strong> tankowanie w <strong data-sourcepos=\"47:78-47:93\">~30 minut<\/strong>.<\/p>\n<p data-sourcepos=\"49:1-50:95\">\u2753 <strong data-sourcepos=\"49:3-49:29\">Dla kogo jest to idealne rozwi\u0105zanie?<\/strong><br \/>\n\u2705 <strong data-sourcepos=\"50:3-50:28\">Waperzy poszukuj\u0105cy smaku<\/strong> chc\u0105c odmiany + <strong data-sourcepos=\"50:47-50:60\">detali\u015bci<\/strong> poszukuj\u0105cych wysokomar\u017cowych artyku\u0142\u00f3w jednorazowego u\u017cytku.<\/p>\n<p>&nbsp;<\/p>\n<h3 id=\"brxe-najhln\" class=\"brxe-heading\">Cz\u0119sto zadawane pytania (FAQ)<\/h3>\n<div id=\"brxe-rajiac\" class=\"brxe-text\">\n<p><strong>P: Jakie metody p\u0142atno\u015bci akceptujecie?<\/strong><br \/>\nOdp.: Akceptujemy PayPal, Stripe, przelewy bankowe (obs\u0142ugiwane SEPA), g\u0142\u00f3wne karty kredytowe (Visa, MasterCard, American Express) i p\u0142atno\u015bci w kryptowalutach.<\/p>\n<p><strong>P: Jak d\u0142ugo trwa przygotowanie zam\u00f3wienia?<\/strong><br \/>\nOdp.: Przygotowanie zam\u00f3wienia zajmuje 1-3 dni robocze.<\/p>\n<p><strong>P: Jaki jest czas wysy\u0142ki?<\/strong><br \/>\nOdp.: Czas wysy\u0142ki wynosi 7-14 dni roboczych, w zale\u017cno\u015bci od Twojej lokalizacji.<\/p>\n<p><strong>P: Jak mog\u0119 \u015bledzi\u0107 moje zam\u00f3wienie?<\/strong><br \/>\nOdp.: Po wysy\u0142ce otrzymasz wiadomo\u015b\u0107 e-mail z potwierdzeniem i numerem przesy\u0142ki umo\u017cliwiaj\u0105cym \u015bledzenie w czasie rzeczywistym.<\/p>\n<p><strong>P: Jaka jest Twoja polityka zwrot\u00f3w?<\/strong><br \/>\nOdp.: Oferujemy 30-dniow\u0105 polityk\u0119 zwrot\u00f3w lub wymiany. .<\/p>\n<p><strong>P: Czy wyst\u0105pi\u0105 jakie\u015b problemy celne?<br \/>\n<\/strong>Obs\u0142ugujemy wszystkie procedury odprawy celnej, aby zapewni\u0107 Ci bezproblemow\u0105 obs\u0142ug\u0119. .<\/p>\n<p><strong>P: Jakie metody wysy\u0142ki s\u0105 stosowane?<\/strong><br \/>\nWsp\u00f3\u0142pracujemy z firmami UPS\/DHL\/FEDEX\/DPD itp. W zale\u017cno\u015bci od kraju dostawy wybierzemy odpowiedni\u0105 opcj\u0119 wysy\u0142ki, tak aby produkty dotar\u0142y do \u200b\u200bPa\u0144stwa najszybciej jak to mo\u017cliwe.<\/p>\n<p><a href=\"https:\/\/pgvape.com\/pl\/czesto-zadawane-pytania\/\">Kliknij tutaj, aby uzyska\u0107 wi\u0119cej cz\u0119sto zadawanych pyta\u0144<\/a><\/p>\n<p>Szanowni klienci, je\u015bli masz jakiekolwiek pytania dotycz\u0105ce zam\u00f3wienia lub przybycia towaru, skontaktuj si\u0119 z naszym dzia\u0142em obs\u0142ugi klienta. Dzi\u0119kuj\u0119!<\/p>\n<h3 data-sourcepos=\"73:1-73:21\"><strong data-sourcepos=\"73:7-73:21\">Skontaktuj si\u0119 z nami<\/strong><\/h3>\n<div id=\"text-2419739398\" class=\"text\">\n<p><strong data-sourcepos=\"75:3-75:12\">E-mail<\/strong>:\u00a0<a href=\"mailto:support@pgvape.com\"><strong>support@pgvape.com<\/strong><\/a><\/p>\n<p><strong data-sourcepos=\"76:3-76:15\">WhatsApp<\/strong>: <a href=\"https:\/\/wa.me\/+8618128481258\"><strong>+86 18128481258<\/strong><\/a><br \/>\n<strong>(Odpowied\u017a w ci\u0105gu 24 godzin w dni robocze)<\/strong><\/p>\n<\/div>\n<h3><strong>Dzi\u0119kujemy za wybranie pgvape.com! .<\/strong><\/h3>\n<\/div>","protected":false},"excerpt":{"rendered":"<p>Z <strong data-sourcepos=\"55:6-55:19\">60 tys. zaci\u0105gni\u0119\u0107<\/strong>, <strong data-sourcepos=\"55:21-55:50\">elastyczno\u015b\u0107 potr\u00f3jnego smaku<\/strong>, I <strong data-sourcepos=\"55:56-55:82\">inteligentne \u015bledzenie cyfrowe<\/strong>, , <strong data-sourcepos=\"55:88-55:105\">Bang DE 60000<\/strong> dominuje na rynku jednorazowych produkt\u00f3w premium. <strong data-sourcepos=\"55:147-55:166\">12 par smakowych<\/strong> I <strong data-sourcepos=\"55:171-55:197\">personalizacja nikotyny<\/strong> zaspokoi\u0107 wszystkie preferencje.<\/p>","protected":false},"featured_media":1947,"comment_status":"open","ping_status":"closed","template":"","meta":{"_seopress_robots_primary_cat":"none","_seopress_titles_title":"%%post_title%% %%sep%% %%sitetitle%%","_seopress_titles_desc":"","_seopress_robots_index":""},"product_brand":[42,516],"product_cat":[48,34,515],"product_tag":[78,46,146,51,174,108,77,60,175,109],"class_list":{"0":"post-1941","1":"product","2":"type-product","3":"status-publish","4":"has-post-thumbnail","6":"product_brand-bang-de-vape","7":"product_brand-disposable-vape","8":"product_cat-60k-puffs-vape","9":"product_cat-bang-de-vape","10":"product_cat-disposable-vape","11":"product_tag-12tastes","12":"product_tag-3-in-1","13":"product_tag-146","14":"product_tag-60k-puffs","15":"product_tag-bang-de","16":"product_tag-disposable","17":"product_tag-flavors","18":"product_tag-smart-screen-display","19":"product_tag-triple","20":"product_tag-vape","22":"first","23":"instock","24":"sale","25":"shipping-taxable","26":"purchasable","27":"product-type-variable"},"_links":{"self":[{"href":"https:\/\/pgvape.com\/pl\/wp-json\/wp\/v2\/product\/1941","targetHints":{"allow":["GET"]}}],"collection":[{"href":"https:\/\/pgvape.com\/pl\/wp-json\/wp\/v2\/product"}],"about":[{"href":"https:\/\/pgvape.com\/pl\/wp-json\/wp\/v2\/types\/product"}],"replies":[{"embeddable":true,"href":"https:\/\/pgvape.com\/pl\/wp-json\/wp\/v2\/comments?post=1941"}],"wp:featuredmedia":[{"embeddable":true,"href":"https:\/\/pgvape.com\/pl\/wp-json\/wp\/v2\/media\/1947"}],"wp:attachment":[{"href":"https:\/\/pgvape.com\/pl\/wp-json\/wp\/v2\/media?parent=1941"}],"wp:term":[{"taxonomy":"product_brand","embeddable":true,"href":"https:\/\/pgvape.com\/pl\/wp-json\/wp\/v2\/product_brand?post=1941"},{"taxonomy":"product_cat","embeddable":true,"href":"https:\/\/pgvape.com\/pl\/wp-json\/wp\/v2\/product_cat?post=1941"},{"taxonomy":"product_tag","embeddable":true,"href":"https:\/\/pgvape.com\/pl\/wp-json\/wp\/v2\/product_tag?post=1941"}],"curies":[{"name":"wp","href":"https:\/\/api.w.org\/{rel}","templated":true}]}}