{"id":1912,"date":"2025-09-29T14:18:33","date_gmt":"2025-09-29T14:18:33","guid":{"rendered":"https:\/\/pgvape.com\/?post_type=product&#038;p=1912"},"modified":"2025-12-31T16:11:05","modified_gmt":"2025-12-31T16:11:05","slug":"bang-blaze-100000-100-tys-zaciagniec-6-w-1-smaki-jednorazowe-vape-6-regulowanych-smakow-led-inteligentny-ekran-vape-factory-direct","status":"publish","type":"product","link":"https:\/\/pgvape.com\/pl\/produkt\/bang-blaze-100000-100-tys-zaciagniec-6-w-1-smaki-jednorazowe-vape-6-regulowanych-smakow-led-inteligentny-ekran-vape-factory-direct\/","title":{"rendered":"Bang Blaze 100000 100k Puffs 6 w 1 Smaki Jednorazowe Vape 6 Regulowanych Smak\u00f3w LED Inteligentny Ekran Vape Factory Direct"},"content":{"rendered":"<p class=\"auto-hide-last-sibling-br paragraph-JOTKXA paragraph-element br-paragraph-space\"><strong data-sourcepos=\"6:5-6:46\">Jednorazowy Vape Bang Blaze 100K Puffs<\/strong> wyznacza nowy standard bran\u017cowy z niespotykan\u0105 dotychczas technologi\u0105 <strong data-sourcepos=\"6:98-6:120\">Liczba zaci\u0105gni\u0119\u0107 100 000<\/strong>, nap\u0119dzany innowacyjnym rozwi\u0105zaniem <strong data-sourcepos=\"6:147-6:169\">system potr\u00f3jny<\/strong> I <strong data-sourcepos=\"6:174-6:194\">cewka z potr\u00f3jn\u0105 siatk\u0105<\/strong> technologia. <strong data-sourcepos=\"6:217-6:248\">6 konfigurowalnych tryb\u00f3w smakowych<\/strong> (smaki indywidualne lub \u0142\u0105czone), <strong data-sourcepos=\"6:283-6:312\">Opcje nikotynowe 2%\/3%\/5%<\/strong>, i <strong data-sourcepos=\"6:321-6:352\">Akumulator o pojemno\u015bci 850 mAh<\/strong> z <strong data-sourcepos=\"6:358-6:382\">Szybkie \u0142adowanie typu C<\/strong>, to urz\u0105dzenie zapewnia najwy\u017csz\u0105 wszechstronno\u015b\u0107. <strong data-sourcepos=\"6:431-6:452\">jasny ekran LED<\/strong> zapewnia monitorowanie w czasie rzeczywistym stanu baterii, liczby zaci\u0105gni\u0119\u0107 i trybu smaku <strong data-sourcepos=\"6:530-6:564\">10 doskona\u0142ych kombinacji smakowych<\/strong> zaspokoi ka\u017cde podniebienie. <strong data-sourcepos=\"6:597-6:618\">10 sztuk w pude\u0142ku<\/strong>, jest idealny dla sprzedawc\u00f3w detalicznych i entuzjast\u00f3w waporyzacji<\/p>\n<p>&nbsp;<\/p>\n<h2><span style=\"font-size: 90%;\">Bang Blaze 100000 | 100k Puffs 6 w 1 Smaki Jednorazowy Vape Specyfikacja produktu<\/span><\/h2>\n<p><strong data-sourcepos=\"11:3-11:18\">Liczba zaci\u0105gni\u0119\u0107:<\/strong>\u00a0<strong data-sourcepos=\"11:19-11:36\">100 000 zaci\u0105gni\u0119\u0107<\/strong>\u00a0(Niezr\u00f3wnana trwa\u0142o\u015b\u0107)<\/p>\n<p><strong data-sourcepos=\"12:3-12:16\">Nikotyna:<\/strong>\u00a0<strong data-sourcepos=\"12:17-12:33\">2% \/ 3% \/ 5%<\/strong>\u00a0(Konfigurowalna intensywno\u015b\u0107)<\/p>\n<p><strong data-sourcepos=\"13:3-13:21\">System smakowy: <\/strong><strong data-sourcepos=\"14:5-14:17\">6 tryb\u00f3w:<\/strong>\u00a0<strong data-sourcepos=\"14:18-14:44\">A, B, C, A+B, A+C, B+C<\/strong>\u00a0(Mieszaj i dopasowuj smaki)<\/p>\n<p><strong data-sourcepos=\"15:5-15:25\">Potr\u00f3jne zbiorniki na olej<\/strong>\u00a0(Obs\u0142uguje kombinacje wielu smak\u00f3w)<\/p>\n<p><strong data-sourcepos=\"16:3-16:12\">Cewka:<\/strong>\u00a0<strong data-sourcepos=\"16:13-16:28\">Potr\u00f3jna siatka<\/strong>\u00a0(Szybsze ogrzewanie, 30% wi\u0119ksza intensywno\u015b\u0107 smaku)<\/p>\n<p><strong data-sourcepos=\"17:3-17:15\">Bateria:<\/strong>\u00a0<strong data-sourcepos=\"17:16-17:39\">Akumulator 850 mAh<\/strong>\u00a0+\u00a0<strong data-sourcepos=\"17:42-17:66\">Szybkie \u0142adowanie typu C<\/strong><\/p>\n<p><strong data-sourcepos=\"18:3-18:15\">Wy\u015bwietlacz:<\/strong>\u00a0<strong data-sourcepos=\"18:16-18:30\">Ekran LED<\/strong>\u00a0(\u015aledzenie u\u017cycia w czasie rzeczywistym)<\/p>\n<p><strong data-sourcepos=\"19:3-19:17\">Opakowanie:<\/strong>\u00a0<strong data-sourcepos=\"19:18-19:32\">10 sztuk\/pude\u0142ko<\/strong>\u00a0(Gotowy do sprzeda\u017cy detalicznej)<\/p>\n<h3><span style=\"font-size: 90%;\"><br \/>\nBang Blaze 100000 | 100 tys. Ptysi\u00f3w 6 w 1 Smaki Jednorazowa lista smak\u00f3w Vape<\/span><\/h3>\n<p data-start=\"2919\" data-end=\"3091\">1.<strong>Arbuzowy l\u00f3d i truskawkowa mamba i truskawkowy arbuz<\/strong><br data-start=\"2978\" data-end=\"2981\" \/>Arbuz L\u00f3d Truskawka Mamba i Truskawka Arbuz Truskawka Mamba i Truskawka Arbuz Truskawka Mamba<\/p>\n<p data-start=\"3096\" data-end=\"3248\"><strong>2.Fuji Ice &amp; Apple Grape &amp; Cherry Granat<\/strong><br data-start=\"3141\" data-end=\"3144\" \/>Fuji Ice Apple Winogrona i Wi\u015bniowy Granat Fuji Ice &amp; Cherry Granat Jab\u0142ko Winogrono<\/p>\n<p data-start=\"3253\" data-end=\"3401\"><strong>3. L\u00f3d jagodowy i guma balonowa z malin\u0105, cytryn\u0105 i arbuzem<\/strong><br data-start=\"3309\" data-end=\"3312\" \/>L\u00f3d jagodowy Malina Cytryna i arbuz Guma balonowa L\u00f3d jagodowy i arbuz Guma balonowa Malina Cytryna<\/p>\n<p data-start=\"3406\" data-end=\"3572\"><strong>4.Jagody Maliny i Kwa\u015bne Ananasy Pomara\u0144cze i Maliny Arbuzy<\/strong><br data-start=\"3483\" data-end=\"3486\" \/>Bor\u00f3wki Maliny Kwa\u015bne Ananasy Pomara\u0144cze i Bor\u00f3wki Maliny Maliny Arbuzy i Kwa\u015bne Ananasy Pomara\u0144cze Maliny Arbuz<\/p>\n<p data-start=\"3577\" data-end=\"3717\"><strong>5. Lody winogronowe i brzoskwinia z mango i arbuz jagodowy<\/strong><br data-start=\"3625\" data-end=\"3628\" \/>L\u00f3d winogronowy Mango Brzoskwinia i jagoda Arbuz L\u00f3d winogronowy i jagoda Arbuz i brzoskwinia mango<\/p>\n<p data-start=\"3722\" data-end=\"3874\"><strong>6. Gujawa z lodem truskawkowym i brzoskwini\u0105, cytryn\u0105 i kiwi z marakuji<\/strong><br data-start=\"3779\" data-end=\"3782\" \/>L\u00f3d truskawkowy Brzoskwinia Cytryna i kiwi Marakuja Gujawa L\u00f3d truskawkowy i kiwi Marakuja Gujawa i brzoskwinia Cytryna<\/p>\n<p data-start=\"3879\" data-end=\"4025\"><strong>7. Ananasowy kokos i jagoda Red Bull i l\u00f3d arbuzowy<\/strong><br \/>\nAnanas Kokos Jagoda Red Bull &amp; Arbuz L\u00f3d Ananas Kokos &amp; Arbuz L\u00f3d Jagoda Red Bull<\/p>\n<p data-start=\"4030\" data-end=\"4162\"><strong>8.Truskawka, Kiwi i Jagoda, Kokos i Mieszane Jagody<\/strong><br \/>\nTruskawka Kiwi Jagoda Kokos i mieszanka jag\u00f3d Truskawka Kiwi i mieszanka jag\u00f3d Jagoda Kokos<\/p>\n<p data-start=\"4167\" data-end=\"4306\"><strong>9. Cytrynowy romans i jagoda, malina i brzoskwinia Mentol<\/strong><br \/>\nLemon Romance Jagoda Malina i Brzoskwinia Mentol Cytryna Romance i Brzoskwinia Mentol Jagoda Malina<\/p>\n<p data-start=\"4312\" data-end=\"4462\"><strong>10. L\u00f3d brzoskwiniowy i ananas z czarnej porzeczki i kiwi z zielonego jab\u0142ka<\/strong><br \/>\nBrzoskwiniowy l\u00f3d z czarn\u0105 porzeczk\u0105 i ananasem i zielonym jab\u0142kiem Kiwi Brzoskwiniowy l\u00f3d i zielone jab\u0142ko Kiwi i czarna porzeczka z ananasem<\/p>\n<p><img loading=\"lazy\" decoding=\"async\" class=\"alignnone wp-image-1919 size-full\" src=\"https:\/\/pgvape.com\/wp-content\/uploads\/2025\/09\/Bang-Blaze-100k-Puffs-6-in-1-Flavors-Disposable-Vape-6-Adjustable-Flavors-0-2-3-5-Nicotine-10Tastes-LED-Smart-Screen-Vape-Factory-Direct-5.png\" alt=\"Plakatowa siatka dwunastu kolorowych, gradientowych jednorazowych urz\u0105dze\u0144 do waporyzacji na jasnoniebieskim tle, ka\u017cde ze stylizowan\u0105 g\u0142ow\u0105 ma\u0142py z kresk\u00f3wek, wyra\u017an\u0105 etykiet\u0105 &quot;6 w 1&quot;, cyfrowymi ikonami wska\u017anik\u00f3w w pobli\u017cu podstawy oraz ma\u0142ymi drukowanymi listami sze\u015bciu nazw smak\u00f3w pod ka\u017cdym urz\u0105dzeniem.\" width=\"1400\" height=\"1900\" srcset=\"https:\/\/pgvape.com\/wp-content\/uploads\/2025\/09\/Bang-Blaze-100k-Puffs-6-in-1-Flavors-Disposable-Vape-6-Adjustable-Flavors-0-2-3-5-Nicotine-10Tastes-LED-Smart-Screen-Vape-Factory-Direct-5.png 1400w, https:\/\/pgvape.com\/wp-content\/uploads\/2025\/09\/Bang-Blaze-100k-Puffs-6-in-1-Flavors-Disposable-Vape-6-Adjustable-Flavors-0-2-3-5-Nicotine-10Tastes-LED-Smart-Screen-Vape-Factory-Direct-5-265x360.png 265w, https:\/\/pgvape.com\/wp-content\/uploads\/2025\/09\/Bang-Blaze-100k-Puffs-6-in-1-Flavors-Disposable-Vape-6-Adjustable-Flavors-0-2-3-5-Nicotine-10Tastes-LED-Smart-Screen-Vape-Factory-Direct-5-595x808.png 595w, https:\/\/pgvape.com\/wp-content\/uploads\/2025\/09\/Bang-Blaze-100k-Puffs-6-in-1-Flavors-Disposable-Vape-6-Adjustable-Flavors-0-2-3-5-Nicotine-10Tastes-LED-Smart-Screen-Vape-Factory-Direct-5-295x400.png 295w, https:\/\/pgvape.com\/wp-content\/uploads\/2025\/09\/Bang-Blaze-100k-Puffs-6-in-1-Flavors-Disposable-Vape-6-Adjustable-Flavors-0-2-3-5-Nicotine-10Tastes-LED-Smart-Screen-Vape-Factory-Direct-5-768x1042.png 768w, https:\/\/pgvape.com\/wp-content\/uploads\/2025\/09\/Bang-Blaze-100k-Puffs-6-in-1-Flavors-Disposable-Vape-6-Adjustable-Flavors-0-2-3-5-Nicotine-10Tastes-LED-Smart-Screen-Vape-Factory-Direct-5-1132x1536.png 1132w, https:\/\/pgvape.com\/wp-content\/uploads\/2025\/09\/Bang-Blaze-100k-Puffs-6-in-1-Flavors-Disposable-Vape-6-Adjustable-Flavors-0-2-3-5-Nicotine-10Tastes-LED-Smart-Screen-Vape-Factory-Direct-5-9x12.png 9w, https:\/\/pgvape.com\/wp-content\/uploads\/2025\/09\/Bang-Blaze-100k-Puffs-6-in-1-Flavors-Disposable-Vape-6-Adjustable-Flavors-0-2-3-5-Nicotine-10Tastes-LED-Smart-Screen-Vape-Factory-Direct-5-600x814.png 600w, https:\/\/pgvape.com\/wp-content\/uploads\/2025\/09\/Bang-Blaze-100k-Puffs-6-in-1-Flavors-Disposable-Vape-6-Adjustable-Flavors-0-2-3-5-Nicotine-10Tastes-LED-Smart-Screen-Vape-Factory-Direct-5-29x40.png 29w\" sizes=\"auto, (max-width: 1400px) 100vw, 1400px\" \/><\/p>\n<p>&nbsp;<\/p>\n<h3><span style=\"font-size: 90%;\">Bang Blaze 100000 | 100 tys. zaci\u0105gni\u0119\u0107 6 w 1 smakach Jednorazowe wideo Vape:<br \/>\n<iframe loading=\"lazy\" title=\"Bang Blaze 100000 | 100 tys. Puff\u00f3w Jednorazowy Vape o smakach 6 w 1 | 6 regulowanych smak\u00f3w pgvape\" width=\"563\" height=\"1000\" src=\"https:\/\/www.youtube.com\/embed\/snQfI0OQlIA?feature=oembed\" frameborder=\"0\" allow=\"accelerometer; autoplay; clipboard-write; encrypted-media; gyroscope; picture-in-picture; web-share\" referrerpolicy=\"strict-origin-when-cross-origin\" allowfullscreen><\/iframe><br \/>\n<\/span><\/h3>\n<p>&nbsp;<\/p>\n<h2 class=\"header-vfC6AV auto-hide-last-sibling-br\">Cz\u0119sto zadawane pytania dotycz\u0105ce Bang Blaze 100000 | 100 tys. Puff\u00f3w 6 w 1 smakach Jednorazowy waporyzator<\/h2>\n<p data-sourcepos=\"38:1-39:82\">\u2753 <strong data-sourcepos=\"38:3-38:38\">Jak osi\u0105ga 100 tys. zaci\u0105gni\u0119\u0107?<\/strong><br \/>\n\u2705 <strong data-sourcepos=\"39:3-39:27\">Pojemno\u015b\u0107 potr\u00f3jnego zbiornika<\/strong> + <strong data-sourcepos=\"39:30-39:61\">wydajne cewki z potr\u00f3jn\u0105 siatk\u0105<\/strong> zmaksymalizowa\u0107 \u017cywotno\u015b\u0107.<\/p>\n<p data-sourcepos=\"41:1-42:93\">\u2753 <strong data-sourcepos=\"41:3-41:41\">Czy mog\u0119 tworzy\u0107 niestandardowe mieszanki smakowe?<\/strong><br \/>\n\u2705Wymieszaj <strong data-sourcepos=\"42:7-42:26\">dowolne 2-3 smaki<\/strong> ze zbiornik\u00f3w (np., <strong data-sourcepos=\"42:49-42:89\">L\u00f3d jagodowy + guma balonowa arbuzowa<\/strong>).<\/p>\n<p data-sourcepos=\"44:1-45:102\">\u2753 <strong data-sourcepos=\"44:3-44:43\">Czy produkcja pary jest wyj\u0105tkowa?<\/strong><br \/>\n\u2705 <strong data-sourcepos=\"45:3-45:24\">Cewki z potr\u00f3jn\u0105 siatk\u0105<\/strong> dostarcza\u0107 <strong data-sourcepos=\"45:33-45:50\">g\u0119stsze chmury<\/strong> I <strong data-sourcepos=\"45:55-45:74\">40% wi\u0119cej smaku<\/strong> w por\u00f3wnaniu ze standardowymi produktami jednorazowego u\u017cytku.<\/p>\n<p data-sourcepos=\"47:1-48:71\">\u2753 <strong data-sourcepos=\"47:3-47:31\">Jak szybko si\u0119 \u0142aduje?<\/strong><br \/>\n\u2705 <strong data-sourcepos=\"48:3-48:18\">Port typu C<\/strong> tankuje <strong data-sourcepos=\"48:31-48:49\">Bateria 850 mAh<\/strong> W <strong data-sourcepos=\"48:53-48:68\">~40 minut<\/strong>.<\/p>\n<p data-sourcepos=\"50:1-51:93\">\u2753 <strong data-sourcepos=\"50:3-50:26\">Dla kogo jest to najlepsze rozwi\u0105zanie?<br \/>\n<\/strong> \u2705 <strong data-sourcepos=\"51:3-51:20\">\u0141owcy chmur<\/strong> chc\u0105c ekstremalnej d\u0142ugowieczno\u015bci + <strong data-sourcepos=\"51:49-51:62\">detali\u015bci<\/strong> poszukuje artyku\u0142\u00f3w jednorazowego u\u017cytku klasy premium<\/p>\n<p>&nbsp;<\/p>\n<h3 id=\"brxe-najhln\" class=\"brxe-heading\">Cz\u0119sto zadawane pytania (FAQ)<\/h3>\n<div id=\"brxe-rajiac\" class=\"brxe-text\">\n<p><strong>P: Jakie metody p\u0142atno\u015bci akceptujecie?<\/strong><br \/>\nOdp.: Akceptujemy PayPal, Stripe, przelewy bankowe (obs\u0142ugiwane SEPA), g\u0142\u00f3wne karty kredytowe (Visa, MasterCard, American Express) i p\u0142atno\u015bci w kryptowalutach.<\/p>\n<p><strong>P: Jak d\u0142ugo trwa przygotowanie zam\u00f3wienia?<\/strong><br \/>\nOdp.: Przygotowanie zam\u00f3wienia zajmuje 1-3 dni robocze.<\/p>\n<p><strong>P: Jaki jest czas wysy\u0142ki?<\/strong><br \/>\nOdp.: Czas wysy\u0142ki wynosi 7-14 dni roboczych, w zale\u017cno\u015bci od Twojej lokalizacji.<\/p>\n<p><strong>P: Jak mog\u0119 \u015bledzi\u0107 moje zam\u00f3wienie?<\/strong><br \/>\nOdp.: Po wysy\u0142ce otrzymasz wiadomo\u015b\u0107 e-mail z potwierdzeniem i numerem przesy\u0142ki umo\u017cliwiaj\u0105cym \u015bledzenie w czasie rzeczywistym.<\/p>\n<p><strong>P: Jaka jest Twoja polityka zwrot\u00f3w?<\/strong><br \/>\nOdp.: Oferujemy 30-dniow\u0105 polityk\u0119 zwrot\u00f3w lub wymiany. .<\/p>\n<p><strong>P: Czy wyst\u0105pi\u0105 jakie\u015b problemy celne?<br \/>\n<\/strong>Obs\u0142ugujemy wszystkie procedury odprawy celnej, aby zapewni\u0107 Ci bezproblemow\u0105 obs\u0142ug\u0119. .<\/p>\n<p><strong>P: Jakie metody wysy\u0142ki s\u0105 stosowane?<\/strong><br \/>\nWsp\u00f3\u0142pracujemy z firmami UPS\/DHL\/FEDEX\/DPD itp. W zale\u017cno\u015bci od kraju dostawy wybierzemy odpowiedni\u0105 opcj\u0119 wysy\u0142ki, tak aby produkty dotar\u0142y do \u200b\u200bPa\u0144stwa najszybciej jak to mo\u017cliwe.<\/p>\n<p><a href=\"https:\/\/pgvape.com\/pl\/czesto-zadawane-pytania\/\">Kliknij tutaj, aby uzyska\u0107 wi\u0119cej cz\u0119sto zadawanych pyta\u0144<\/a><\/p>\n<p>Szanowni klienci, je\u015bli masz jakiekolwiek pytania dotycz\u0105ce zam\u00f3wienia lub przybycia towaru, skontaktuj si\u0119 z naszym dzia\u0142em obs\u0142ugi klienta. Dzi\u0119kuj\u0119!<\/p>\n<h3 data-sourcepos=\"73:1-73:21\"><strong data-sourcepos=\"73:7-73:21\">Skontaktuj si\u0119 z nami<\/strong><\/h3>\n<div id=\"text-2419739398\" class=\"text\">\n<p><strong data-sourcepos=\"75:3-75:12\">E-mail<\/strong>:\u00a0<a href=\"mailto:support@pgvape.com\"><strong>support@pgvape.com<\/strong><\/a><\/p>\n<p><strong data-sourcepos=\"76:3-76:15\">WhatsApp<\/strong>: <a href=\"https:\/\/wa.me\/+8618128481258\"><strong>+86 18128481258<\/strong><\/a><br \/>\n<strong>(Odpowied\u017a w ci\u0105gu 24 godzin w dni robocze)<\/strong><\/p>\n<\/div>\n<h3><strong>Dzi\u0119kujemy za wybranie pgvape.com! .<\/strong><\/h3>\n<\/div>","protected":false},"excerpt":{"rendered":"<p>Z <strong data-sourcepos=\"56:6-56:20\">100 tys. zaci\u0105gni\u0119\u0107<\/strong>, <strong data-sourcepos=\"56:22-56:40\">6 tryb\u00f3w smakowych<\/strong>, I <strong data-sourcepos=\"56:46-56:72\">technologia potr\u00f3jnego zbiornika<\/strong>, , <strong data-sourcepos=\"56:78-56:97\">Bang Blaze 100 tys<\/strong> dominuje na rynku wysokiej klasy wyrob\u00f3w jednorazowego u\u017cytku. <strong data-sourcepos=\"56:140-56:159\">10 trio smakowych<\/strong> I <strong data-sourcepos=\"56:164-56:186\">inteligentne \u015bledzenie LED<\/strong> oferuj\u0105 niezr\u00f3wnan\u0105 personalizacj\u0119.<\/p>","protected":false},"featured_media":1915,"comment_status":"open","ping_status":"closed","template":"","meta":{"_seopress_robots_primary_cat":"none","_seopress_titles_title":"%%post_title%% %%sep%% %%sitetitle%%","_seopress_titles_desc":"","_seopress_robots_index":""},"product_brand":[49,516],"product_cat":[170,33,515],"product_tag":[171,169,172,122,163,108,77,173,167,109],"class_list":{"0":"post-1912","1":"product","2":"type-product","3":"status-publish","4":"has-post-thumbnail","6":"product_brand-bang-blaze-vape","7":"product_brand-disposable-vape","8":"product_cat-100k-puffs-vape","9":"product_cat-bang-blaze-vape","10":"product_cat-disposable-vape","11":"product_tag-100k","12":"product_tag-10tastes","13":"product_tag-6-adjustable-flavors","14":"product_tag-6-in-1","15":"product_tag-bang-blaze","16":"product_tag-disposable","17":"product_tag-flavors","18":"product_tag-led-smart-screen","19":"product_tag-puffs","20":"product_tag-vape","22":"first","23":"instock","24":"sale","25":"shipping-taxable","26":"purchasable","27":"product-type-variable"},"_links":{"self":[{"href":"https:\/\/pgvape.com\/pl\/wp-json\/wp\/v2\/product\/1912","targetHints":{"allow":["GET"]}}],"collection":[{"href":"https:\/\/pgvape.com\/pl\/wp-json\/wp\/v2\/product"}],"about":[{"href":"https:\/\/pgvape.com\/pl\/wp-json\/wp\/v2\/types\/product"}],"replies":[{"embeddable":true,"href":"https:\/\/pgvape.com\/pl\/wp-json\/wp\/v2\/comments?post=1912"}],"wp:featuredmedia":[{"embeddable":true,"href":"https:\/\/pgvape.com\/pl\/wp-json\/wp\/v2\/media\/1915"}],"wp:attachment":[{"href":"https:\/\/pgvape.com\/pl\/wp-json\/wp\/v2\/media?parent=1912"}],"wp:term":[{"taxonomy":"product_brand","embeddable":true,"href":"https:\/\/pgvape.com\/pl\/wp-json\/wp\/v2\/product_brand?post=1912"},{"taxonomy":"product_cat","embeddable":true,"href":"https:\/\/pgvape.com\/pl\/wp-json\/wp\/v2\/product_cat?post=1912"},{"taxonomy":"product_tag","embeddable":true,"href":"https:\/\/pgvape.com\/pl\/wp-json\/wp\/v2\/product_tag?post=1912"}],"curies":[{"name":"wp","href":"https:\/\/api.w.org\/{rel}","templated":true}]}}