{"id":1882,"date":"2025-09-29T12:44:24","date_gmt":"2025-09-29T12:44:24","guid":{"rendered":"https:\/\/pgvape.com\/?post_type=product&#038;p=1882"},"modified":"2026-03-16T18:16:13","modified_gmt":"2026-03-16T18:16:13","slug":"bang-blaze-60000-60-tys-zaciagniec-jednorazowy-wyswietlacz-ledowy-do-vape-vape-factory-direct","status":"publish","type":"product","link":"https:\/\/pgvape.com\/pl\/produkt\/bang-blaze-60000-60-tys-zaciagniec-jednorazowy-wyswietlacz-ledowy-do-vape-vape-factory-direct\/","title":{"rendered":"Bang Blaze 60000 60K Puffs Jednorazowy wy\u015bwietlacz LED Vape Vape Factory Direct"},"content":{"rendered":"<div class=\"auto-hide-last-sibling-br paragraph-JOTKXA paragraph-element br-paragraph-space\">\n<p><strong data-sourcepos=\"6:5-6:51\">Jednorazowy d\u0142ugopis Vape Bang Blaze 60000 Puffs<\/strong> ustanawia nowy standard waporyzacji o du\u017cej pojemno\u015bci <strong data-sourcepos=\"6:102-6:118\">60 000 zaci\u0105gni\u0119\u0107<\/strong>, masywny <strong data-sourcepos=\"6:130-6:156\">Pojemno\u015b\u0107 e-liquidu 40 ml<\/strong>, oraz <strong data-sourcepos=\"6:164-6:196\">Akumulator o pojemno\u015bci 1000 mAh<\/strong>. <strong data-sourcepos=\"6:211-6:242\">Waporyzacja DTL (bezpo\u015brednio do p\u0142uc).<\/strong>, jego <strong data-sourcepos=\"6:248-6:266\">Cewka siatkowa 0,6 \u03a9<\/strong> dostarcza <strong data-sourcepos=\"6:276-6:291\">odwa\u017cny smak<\/strong> I <strong data-sourcepos=\"6:296-6:312\">g\u0119ste chmury<\/strong>. <strong data-sourcepos=\"6:345-6:377\">0%\/2%\/3%\/5% opcje nikotynowe<\/strong> I <strong data-sourcepos=\"6:382-6:404\">10 smak\u00f3w premium<\/strong>. <strong data-sourcepos=\"6:410-6:425\">Wy\u015bwietlacz LED<\/strong> \u015bledzi poziom e-p\u0142ynu i baterii w czasie rzeczywistym, podczas gdy <strong data-sourcepos=\"6:481-6:507\">Opakowanie zbiorcze 8 sztuk<\/strong> oferuje niezr\u00f3wnan\u0105 warto\u015b\u0107 zar\u00f3wno dla sprzedawc\u00f3w detalicznych, jak i entuzjast\u00f3w.<\/p>\n<p>&nbsp;<\/p>\n<\/div>\n<h2 class=\"auto-hide-last-sibling-br paragraph-JOTKXA paragraph-element br-paragraph-space\"><span style=\"font-size: 90%;\">Bang Blaze 60000 | 60K Puffs Jednorazowy d\u0142ugopis Vape Specyfikacja produktu<\/span><\/h2>\n<p><strong data-sourcepos=\"11:3-11:18\">Liczba zaci\u0105gni\u0119\u0107:<\/strong>\u00a0<strong data-sourcepos=\"11:19-11:35\">60 000 zaci\u0105gni\u0119\u0107<\/strong>\u00a0(Niezr\u00f3wnana trwa\u0142o\u015b\u0107)<\/p>\n<p><strong data-sourcepos=\"12:3-12:16\">Nikotyna:<\/strong>\u00a0<strong data-sourcepos=\"12:17-12:38\">0% \/ 2% \/ 3% \/ 5%<\/strong>\u00a0(Od zera do silnego uderzenia w gard\u0142o)<\/p>\n<p><strong data-sourcepos=\"13:3-13:25\">Pojemno\u015b\u0107 e-cieczy:<\/strong>\u00a0<strong data-sourcepos=\"13:26-13:34\">40ml<\/strong>\u00a0(Wiod\u0105cy w bran\u017cy wolumen)<\/p>\n<p><strong data-sourcepos=\"14:3-14:15\">Bateria:<\/strong>\u00a0<strong data-sourcepos=\"14:16-14:40\">Akumulator 1000 mAh<\/strong>\u00a0(Moc na ca\u0142y dzie\u0144)<\/p>\n<p><strong data-sourcepos=\"15:3-15:12\">Cewka:<\/strong>\u00a0<strong data-sourcepos=\"15:13-15:26\">Siatka 0,6 \u03a9<\/strong>\u00a0(30% wi\u0119ksza intensywno\u015b\u0107 smaku w por\u00f3wnaniu ze standardowymi grza\u0142kami)<\/p>\n<p><strong data-sourcepos=\"16:3-16:18\">Inhalacja:<\/strong>\u00a0<strong data-sourcepos=\"16:19-16:43\">DTL (bezpo\u015brednio do p\u0142uc)<\/strong>\u00a0(Dla g\u0119stych chmur i intensywnego smaku)<\/p>\n<p><strong data-sourcepos=\"17:3-17:15\">Wy\u015bwietlacz:<\/strong>\u00a0<strong data-sourcepos=\"17:16-17:30\">Ekran LED<\/strong>\u00a0(Monitorowanie baterii i e-liquidu w czasie rzeczywistym)<\/p>\n<p><strong data-sourcepos=\"18:3-18:17\">Opakowanie:<\/strong>\u00a0<strong data-sourcepos=\"18:18-18:32\">8 szt.\/opak<\/strong>\u00a0(optymalizacja sprzeda\u017cy detalicznej\/hurtowej)<\/p>\n<p>&nbsp;<\/p>\n<h3><span style=\"font-size: 90%;\">Bang Blaze 60000 | 60K Puffs Jednorazowa lista smak\u00f3w Vape Pen<\/span><\/h3>\n<p>1. Fajna mi\u0119ta<\/p>\n<p>2.Br\u0105zowe Ale<\/p>\n<p>3.Podw\u00f3jne jab\u0142ko<\/p>\n<p>4. Wi\u015bniowa Mi\u0119ta<\/p>\n<p>5.Truskawkowe Kiwi<\/p>\n<p>6. Arbuz brzoskwiniowo-mango<\/p>\n<p>7. Arbuz Truskawkowy Melon<\/p>\n<p>8.Niebieski Razz<\/p>\n<p>9. Mieszane jagody<\/p>\n<p>10. Marakuja<\/p>\n<p>&nbsp;<\/p>\n<h2 class=\"header-vfC6AV auto-hide-last-sibling-br\">Cz\u0119sto zadawane pytania dotycz\u0105ce Bang Blaze 60000 | 60K Puffs Jednorazowy d\u0142ugopis Vape<\/h2>\n<p data-sourcepos=\"37:1-38:90\">\u2753 <strong data-sourcepos=\"37:3-37:37\">Jak osi\u0105ga 60 tys. zaci\u0105gni\u0119\u0107?<\/strong><br \/>\n\u2705 <strong data-sourcepos=\"38:3-38:20\">40ml e-p\u0142ynu<\/strong> + <strong data-sourcepos=\"38:23-38:46\">wydajna cewka siatkowa<\/strong> + <strong data-sourcepos=\"38:49-38:68\">Bateria 1000 mAh<\/strong> = <strong data-sourcepos=\"38:71-38:87\">Tygodnie u\u017cytkowania<\/strong>.<\/p>\n<p data-sourcepos=\"40:1-41:92\">\u2753 <strong data-sourcepos=\"40:3-40:36\">Czy nadaje si\u0119 do \u015bcigania w chmurze?<\/strong><br \/>\n\u2705 <strong data-sourcepos=\"41:3-41:21\">Cewka siatkowa 0,6 \u03a9<\/strong> I <strong data-sourcepos=\"41:26-41:40\">Projekt DTL<\/strong> wytwarza\u0107 <strong data-sourcepos=\"41:49-41:67\">grubsze chmury<\/strong> I <strong data-sourcepos=\"41:72-41:89\">pe\u0142niejszy smak<\/strong>.<\/p>\n<p data-sourcepos=\"43:1-44:59\">\u2753 <strong data-sourcepos=\"43:3-43:32\">Czy mog\u0119 wapowa\u0107 bez nikotyny?<br \/>\n<\/strong> \u2705 Tak! <strong data-sourcepos=\"44:8-44:30\">Opcja nikotynowa 0%<\/strong> dla czystej przyjemno\u015bci smaku.<\/p>\n<p data-sourcepos=\"46:1-47:81\">\u2753 <strong data-sourcepos=\"46:3-46:31\">Jak szybko si\u0119 \u0142aduje?<br \/>\n<\/strong> \u2705 <strong data-sourcepos=\"47:3-47:22\">Bateria 1000 mAh<\/strong> szybko tankuje przez USB-C (pe\u0142ne \u0142adowanie w <strong data-sourcepos=\"47:65-47:77\">~50 minut<\/strong>).<\/p>\n<p data-sourcepos=\"49:1-50:88\">\u2753 <strong data-sourcepos=\"49:3-49:27\">Dla kogo jest idealny?<\/strong><br \/>\n\u2705 <strong data-sourcepos=\"50:3-50:24\">Mi\u0142o\u015bnicy chmur<\/strong> + <strong data-sourcepos=\"50:27-50:40\">detali\u015bci<\/strong> poszukuj\u0105cych wysokomar\u017cowych artyku\u0142\u00f3w jednorazowego u\u017cytku o wysokim popycie.<\/p>\n<p>&nbsp;<\/p>\n<h3 id=\"brxe-najhln\" class=\"brxe-heading\">Cz\u0119sto zadawane pytania (FAQ)<\/h3>\n<div id=\"brxe-rajiac\" class=\"brxe-text\">\n<p><strong>P: Jakie metody p\u0142atno\u015bci akceptujecie?<\/strong><br \/>\nOdp.: Akceptujemy PayPal, Stripe, przelewy bankowe (obs\u0142ugiwane SEPA), g\u0142\u00f3wne karty kredytowe (Visa, MasterCard, American Express) i p\u0142atno\u015bci w kryptowalutach.<\/p>\n<p><strong>P: Jak d\u0142ugo trwa przygotowanie zam\u00f3wienia?<\/strong><br \/>\nOdp.: Przygotowanie zam\u00f3wienia zajmuje 1-3 dni robocze.<\/p>\n<p><strong>P: Jaki jest czas wysy\u0142ki?<\/strong><br \/>\nOdp.: Czas wysy\u0142ki wynosi 7-14 dni roboczych, w zale\u017cno\u015bci od Twojej lokalizacji.<\/p>\n<p><strong>P: Jak mog\u0119 \u015bledzi\u0107 moje zam\u00f3wienie?<\/strong><br \/>\nOdp.: Po wysy\u0142ce otrzymasz wiadomo\u015b\u0107 e-mail z potwierdzeniem i numerem przesy\u0142ki umo\u017cliwiaj\u0105cym \u015bledzenie w czasie rzeczywistym.<\/p>\n<p><strong>P: Jaka jest Twoja polityka zwrot\u00f3w?<\/strong><br \/>\nOdp.: Oferujemy 30-dniow\u0105 polityk\u0119 zwrot\u00f3w lub wymiany. .<\/p>\n<p><strong>P: Czy wyst\u0105pi\u0105 jakie\u015b problemy celne?<br \/>\n<\/strong>Obs\u0142ugujemy wszystkie procedury odprawy celnej, aby zapewni\u0107 Ci bezproblemow\u0105 obs\u0142ug\u0119. .<\/p>\n<p><strong>P: Jakie metody wysy\u0142ki s\u0105 stosowane?<\/strong><br \/>\nWsp\u00f3\u0142pracujemy z firmami UPS\/DHL\/FEDEX\/DPD itp. W zale\u017cno\u015bci od kraju dostawy wybierzemy odpowiedni\u0105 opcj\u0119 wysy\u0142ki, tak aby produkty dotar\u0142y do \u200b\u200bPa\u0144stwa najszybciej jak to mo\u017cliwe.<\/p>\n<p><a href=\"https:\/\/pgvape.com\/pl\/czesto-zadawane-pytania\/\">Kliknij tutaj, aby uzyska\u0107 wi\u0119cej cz\u0119sto zadawanych pyta\u0144<\/a><\/p>\n<p>Szanowni klienci, je\u015bli masz jakiekolwiek pytania dotycz\u0105ce zam\u00f3wienia lub przybycia towaru, skontaktuj si\u0119 z naszym dzia\u0142em obs\u0142ugi klienta. Dzi\u0119kuj\u0119!<\/p>\n<h3 data-sourcepos=\"73:1-73:21\"><strong data-sourcepos=\"73:7-73:21\">Skontaktuj si\u0119 z nami<\/strong><\/h3>\n<div id=\"text-2419739398\" class=\"text\">\n<p><strong data-sourcepos=\"75:3-75:12\">E-mail<\/strong>:\u00a0<a href=\"mailto:support@pgvape.com\"><strong>support@pgvape.com<\/strong><\/a><\/p>\n<p><strong data-sourcepos=\"76:3-76:15\">WhatsApp<\/strong>: <a href=\"https:\/\/wa.me\/+8618128481258\"><strong>+86 18128481258<\/strong><\/a><br \/>\n<strong>(Odpowied\u017a w ci\u0105gu 24 godzin w dni robocze)<\/strong><\/p>\n<\/div>\n<h3><strong>Dzi\u0119kujemy za wybranie pgvape.com! .<\/strong><\/h3>\n<\/div>","protected":false},"excerpt":{"rendered":"<p>Z <strong data-sourcepos=\"55:6-55:19\">60 tys. zaci\u0105gni\u0119\u0107<\/strong>, <strong data-sourcepos=\"55:21-55:38\">Pojemno\u015b\u0107 40ml<\/strong>, I <strong data-sourcepos=\"55:44-55:63\">Wydajno\u015b\u0107 DTL<\/strong>, , <strong data-sourcepos=\"55:69-55:89\">Bang Blaze 60000<\/strong> dominuje na rynku wyrob\u00f3w jednorazowych. <strong data-sourcepos=\"55:123-55:137\">10 smak\u00f3w<\/strong>, <strong data-sourcepos=\"55:139-55:163\">elastyczno\u015b\u0107 nikotynowa<\/strong>, I <strong data-sourcepos=\"55:169-55:187\">opakowanie zbiorcze<\/strong> niech stanie si\u0119 marzeniem sprzedawcy.<\/p>","protected":false},"featured_media":1887,"comment_status":"open","ping_status":"closed","template":"","meta":{"_seopress_robots_primary_cat":"none","_seopress_titles_title":"%%post_title%% %%sep%% %%sitetitle%%","_seopress_titles_desc":"","_seopress_robots_index":""},"product_brand":[49,516],"product_cat":[48,33,515],"product_tag":[169,166,163,108,79,167,168],"class_list":{"0":"post-1882","1":"product","2":"type-product","3":"status-publish","4":"has-post-thumbnail","6":"product_brand-bang-blaze-vape","7":"product_brand-disposable-vape","8":"product_cat-60k-puffs-vape","9":"product_cat-bang-blaze-vape","10":"product_cat-disposable-vape","11":"product_tag-10tastes","12":"product_tag-60k","13":"product_tag-bang-blaze","14":"product_tag-disposable","15":"product_tag-led-display","16":"product_tag-puffs","17":"product_tag-vape-pen","19":"first","20":"instock","21":"sale","22":"shipping-taxable","23":"purchasable","24":"product-type-variable"},"_links":{"self":[{"href":"https:\/\/pgvape.com\/pl\/wp-json\/wp\/v2\/product\/1882","targetHints":{"allow":["GET"]}}],"collection":[{"href":"https:\/\/pgvape.com\/pl\/wp-json\/wp\/v2\/product"}],"about":[{"href":"https:\/\/pgvape.com\/pl\/wp-json\/wp\/v2\/types\/product"}],"replies":[{"embeddable":true,"href":"https:\/\/pgvape.com\/pl\/wp-json\/wp\/v2\/comments?post=1882"}],"wp:featuredmedia":[{"embeddable":true,"href":"https:\/\/pgvape.com\/pl\/wp-json\/wp\/v2\/media\/1887"}],"wp:attachment":[{"href":"https:\/\/pgvape.com\/pl\/wp-json\/wp\/v2\/media?parent=1882"}],"wp:term":[{"taxonomy":"product_brand","embeddable":true,"href":"https:\/\/pgvape.com\/pl\/wp-json\/wp\/v2\/product_brand?post=1882"},{"taxonomy":"product_cat","embeddable":true,"href":"https:\/\/pgvape.com\/pl\/wp-json\/wp\/v2\/product_cat?post=1882"},{"taxonomy":"product_tag","embeddable":true,"href":"https:\/\/pgvape.com\/pl\/wp-json\/wp\/v2\/product_tag?post=1882"}],"curies":[{"name":"wp","href":"https:\/\/api.w.org\/{rel}","templated":true}]}}