{"id":1829,"date":"2025-09-29T11:39:10","date_gmt":"2025-09-29T11:39:10","guid":{"rendered":"https:\/\/pgvape.com\/?post_type=product&#038;p=1829"},"modified":"2026-03-24T18:07:54","modified_gmt":"2026-03-24T18:07:54","slug":"bang-blaze-40000-40k-zaciagniec-podwojne-smaki-jednorazowe-vape-typu-c-ladowanie-vape-factory-direct","status":"publish","type":"product","link":"https:\/\/pgvape.com\/pl\/produkt\/bang-blaze-40000-40k-zaciagniec-podwojne-smaki-jednorazowe-vape-typu-c-ladowanie-vape-factory-direct\/","title":{"rendered":"Bang Blaze 40000 40k Puffs Podw\u00f3jne smaki Jednorazowe Vape Type-C \u0141aduj\u0105ce Vape Factory Direct"},"content":{"rendered":"<div class=\"auto-hide-last-sibling-br paragraph-JOTKXA paragraph-element br-paragraph-space\">\n<div class=\"auto-hide-last-sibling-br paragraph-JOTKXA paragraph-element br-paragraph-space\">\n<p><strong data-sourcepos=\"6:5-6:45\">Jednorazowy Vape Bang Blaze 40K Puffs<\/strong> na nowo definiuje wszechstronno\u015b\u0107 <strong data-sourcepos=\"6:73-6:89\">40 000 zaci\u0105gni\u0119\u0107<\/strong>, A <strong data-sourcepos=\"6:93-6:119\">Pojemno\u015b\u0107 e-liquidu 40 ml<\/strong>, i innowacyjny <strong data-sourcepos=\"6:139-6:177\">system podw\u00f3jnego smaku typu slide-to-switch<\/strong>. <strong data-sourcepos=\"6:192-6:215\">Cewka z podw\u00f3jn\u0105 siatk\u0105 1,2 \u03a9<\/strong> I <strong data-sourcepos=\"6:220-6:251\">Akumulator o pojemno\u015bci 650 mAh<\/strong>, dostarcza <strong data-sourcepos=\"6:265-6:292\">g\u0142adka, aromatyczna para<\/strong> z <strong data-sourcepos=\"6:298-6:330\">0%\/2%\/3%\/5% opcje nikotynowe<\/strong>. <strong data-sourcepos=\"6:344-6:378\">32 najwy\u017cszej jako\u015bci kombinacje smakowe<\/strong>, Cieszy\u0107 si\u0119 <strong data-sourcepos=\"6:386-6:410\">Szybkie \u0142adowanie typu C<\/strong>, i ciesz si\u0119 d\u0142ugotrwa\u0142\u0105 wydajno\u015bci\u0105 w eleganckiej, przeno\u015bnej obudowie. .<\/p>\n<p>&nbsp;<\/p>\n<\/div>\n<\/div>\n<h2><span style=\"font-size: 90%;\">Bang Blaze 40000 | 40k Puffs Dual Favours Jednorazowy Vape Specyfikacja produktu<\/span><\/h2>\n<p><strong data-sourcepos=\"11:3-11:18\">Liczba zaci\u0105gni\u0119\u0107:<\/strong>\u00a0<strong data-sourcepos=\"11:19-11:35\">40 000 zaci\u0105gni\u0119\u0107<\/strong>\u00a0(D\u0142ugotrwa\u0142e u\u017cytkowanie)<\/p>\n<p><strong data-sourcepos=\"12:3-12:16\">Nikotyna:<\/strong>\u00a0<strong data-sourcepos=\"12:17-12:38\">0% \/ 2% \/ 3% \/ 5%<\/strong>\u00a0(Dostosowana intensywno\u015b\u0107)<\/p>\n<p><strong data-sourcepos=\"13:3-13:21\">System smakowy:<\/strong><strong data-sourcepos=\"14:5-14:37\">Podw\u00f3jne smaki poprzez przesuwanie i prze\u0142\u0105czanie<\/strong>\u00a0(Natychmiastowe prze\u0142\u0105czanie mi\u0119dzy 2 smakami)<\/p>\n<p><strong data-sourcepos=\"15:5-15:24\">32 pary smak\u00f3w<\/strong>\u00a0(Mieszanki owocowe, lodowe, deserowe i egzotyczne)<\/p>\n<p><strong data-sourcepos=\"16:3-16:25\">Pojemno\u015b\u0107 e-cieczy:<\/strong>\u00a0<strong data-sourcepos=\"16:26-16:34\">40ml<\/strong>\u00a0(Masywny zbiornik umo\u017cliwiaj\u0105cy rzadsze uzupe\u0142nianie)<\/p>\n<p><strong data-sourcepos=\"17:3-17:12\">Cewka:<\/strong>\u00a0<strong data-sourcepos=\"17:13-17:31\">Podw\u00f3jna siatka 1,2 \u03a9<\/strong>\u00a0(Zr\u00f3wnowa\u017cony smak i produkcja chmur)<\/p>\n<p><strong data-sourcepos=\"18:3-18:15\">Bateria:<\/strong>\u00a0<strong data-sourcepos=\"18:16-18:39\">Akumulator 650 mAh<\/strong>\u00a0+\u00a0<strong data-sourcepos=\"18:42-18:61\">\u0141adowanie typu C<\/strong><\/p>\n<p><strong data-sourcepos=\"19:3-19:17\">Opakowanie:<\/strong>\u00a0<strong data-sourcepos=\"19:18-19:32\">10 sztuk\/pude\u0142ko<\/strong>\u00a0(Gotowy do sprzeda\u017cy detalicznej)<\/p>\n<p>&nbsp;<\/p>\n<h3><span style=\"font-size: 90%;\">Bang Blaze 40000 | 40 tys. Ptysi\u00f3w Podw\u00f3jne smaki Jednorazowa lista smak\u00f3w Vape<\/span><\/h3>\n<p>1. Arbuz \/ Arbuz Truskawkowy<\/p>\n<p>2.L\u00f3d jagodowy \/Malina jagodowa<\/p>\n<p>3.L\u00f3d Mango \/ Mango Truskawkowe<\/p>\n<p>4. Arbuz \/ Arbuzowa Guma Balonowa<\/p>\n<p>5. L\u00f3d Ananasowy \/ Kokos Ananasowy<\/p>\n<p>6. Mieszanka owoc\u00f3w \/ potr\u00f3jna jagoda<\/p>\n<p>7. L\u00f3d Brzoskwiniowy \/ Brzoskwinia Mango<\/p>\n<p>8.Koks wi\u015bniowy\/wi\u015bniowy<\/p>\n<p>9. Winogrono \/ Bor\u00f3wka Jagodowa<\/p>\n<p>10.Mi\u0119ta \/ Jagoda Mi\u0119ta<\/p>\n<p>11.Czarny Smok L\u00f3d \/ Red Bull<\/p>\n<p>12.L\u00f3d Truskawkowy \/ Kiwi Truskawkowe<\/p>\n<p>13. Owoce tropikalne \/ Potr\u00f3jny arbuz<\/p>\n<p>14. Kwa\u015bny Ananas Mango \/ Cytryna Limonka<\/p>\n<p>15. Czas letni \/ Lody jab\u0142kowe<\/p>\n<p>16. T\u0119czowe cukierki \/ Arktyczne zamro\u017cenie<\/p>\n<p>17. Arbuz malinowy \/ Jieshuang<\/p>\n<p>18. Cytrynowy romans \/ Wi\u015bnia kalifornijska<\/p>\n<p>19.Mango Peach Morela \/ Bia\u0142e \u017celki<\/p>\n<p>20. Sen Maryi \/ Aloe Mango Melon Ice<\/p>\n<p>21.Kiwi Gujawa z marakuji \/ wi\u015bnia jagodowa<\/p>\n<p>22.Ananasowo-Mango \/ Ananasowo-Kokosowy L\u00f3d<\/p>\n<p>23. Arbuz malinowy \/ winogrono Aloe Vera<\/p>\n<p>24. L\u00f3d z liczi \/ Liczi truskawkowe<\/p>\n<p>25.Seks na pla\u017cy \/ Arbuz malinowy<\/p>\n<p>26.Gummy Mi\u015b \/ Malinowy Czarny Brokat<\/p>\n<p>27.Jagody Ch\u0142odny Arbuz \/ Kwa\u015bna Brzoskwinia<\/p>\n<p>28.Truskawka Banan \/ Kiwi Marakuja<\/p>\n<p>29. Acai Burza L\u00f3d \/ Mi\u0142o\u015b\u0107 66<\/p>\n<p>30.R\u00f3\u017cowa Lemoniada \/ Bor\u00f3wka Wi\u015bniowa Cytryna<\/p>\n<p>31.Lody truskawkowe \/ Truskawkowa wanilia<\/p>\n<p>32. Bor\u00f3wka \u017burawinowa Wi\u015bnia \/ Arbuz Wi\u015bnia<\/p>\n<p>&nbsp;<\/p>\n<h3><span style=\"font-size: 90%;\">Bang Blaze 40000 | 40k Ptysi\u00f3w Jednorazowe Vape o podw\u00f3jnych smakach Wideo:<br \/>\n<iframe loading=\"lazy\" title=\"Bang Blaze 40000 | 40k Ptysi Podw\u00f3jne Smaki Jednorazowy Vape | 0% 2% 3% 5% Nikotyna | 32 Smaki pgvape\" width=\"563\" height=\"1000\" src=\"https:\/\/www.youtube.com\/embed\/vCJqrdH4c2M?feature=oembed\" frameborder=\"0\" allow=\"accelerometer; autoplay; clipboard-write; encrypted-media; gyroscope; picture-in-picture; web-share\" referrerpolicy=\"strict-origin-when-cross-origin\" allowfullscreen><\/iframe><br \/>\n<\/span><\/h3>\n<p>&nbsp;<\/p>\n<h2><span style=\"font-size: 90%;\">Cz\u0119sto zadawane pytania dotycz\u0105ce Bang Blaze 40000 | 40k Puffs Dual Favours Jednorazowy waporyzator<\/span><\/h2>\n<p data-sourcepos=\"55:1-56:128\">\u2753 <strong data-sourcepos=\"55:3-55:44\">Jak dzia\u0142a system podw\u00f3jnego smaku?<\/strong><br \/>\n\u2705 <strong data-sourcepos=\"56:3-56:23\">Przesu\u0144 prze\u0142\u0105cznik<\/strong> aby natychmiast prze\u0142\u0105cza\u0107 si\u0119 mi\u0119dzy nimi <strong data-sourcepos=\"56:55-56:67\">Smak A<\/strong> I <strong data-sourcepos=\"56:72-56:84\">Smak B<\/strong> (np., <strong data-sourcepos=\"56:92-56:124\">L\u00f3d Mango \u2194 Mango Truskawkowe<\/strong>).<\/p>\n<p data-sourcepos=\"58:1-59:100\">\u2753 <strong data-sourcepos=\"58:3-58:35\">Czy jako\u015b\u0107 pary jest p\u0142ynna?<\/strong><br \/>\n\u2705 <strong data-sourcepos=\"59:3-59:27\">Cewki z podw\u00f3jn\u0105 siatk\u0105 1,2 \u03a9<\/strong> dostarcza\u0107 <strong data-sourcepos=\"59:36-59:63\">20% wi\u0119ksza klarowno\u015b\u0107 smaku<\/strong> I <strong data-sourcepos=\"59:68-59:97\">zr\u00f3wnowa\u017cona produkcja w chmurze<\/strong>.<\/p>\n<p data-sourcepos=\"61:1-62:59\">\u2753 <strong data-sourcepos=\"61:3-61:32\">Czy mog\u0119 wapowa\u0107 bez nikotyny?<\/strong><br \/>\n\u2705 Tak! <strong data-sourcepos=\"62:8-62:30\">Opcja nikotynowa 0%<\/strong> dla czystej przyjemno\u015bci smaku.<\/p>\n<p data-sourcepos=\"64:1-65:90\">\u2753 <strong data-sourcepos=\"64:3-64:38\">Jak d\u0142ugo wytrzymuje bateria?<\/strong><br \/>\n\u2705 <strong data-sourcepos=\"65:3-65:21\">Bateria 650 mAh<\/strong> obs\u0142uguje <strong data-sourcepos=\"65:31-65:46\">dni u\u017cytkowania<\/strong>; <strong data-sourcepos=\"65:48-65:58\">Typ C<\/strong> \u0142aduje si\u0119 <strong data-sourcepos=\"65:72-65:87\">~40 minut<\/strong>.<\/p>\n<p data-sourcepos=\"67:1-68:88\">\u2753 <strong data-sourcepos=\"67:3-67:26\">Dla kogo jest to najlepsze rozwi\u0105zanie?<\/strong><br \/>\n\u2705 <strong data-sourcepos=\"68:3-68:23\">Odkrywcy smak\u00f3w<\/strong> + <strong data-sourcepos=\"68:26-68:39\">detali\u015bci<\/strong> poszukuj\u0105cych ciesz\u0105cych si\u0119 du\u017cym popytem, \u200b\u200bbogatych w funkcje urz\u0105dze\u0144 jednorazowego u\u017cytku.<\/p>\n<p>&nbsp;<\/p>\n<h3 id=\"brxe-najhln\" class=\"brxe-heading\">Cz\u0119sto zadawane pytania (FAQ)<\/h3>\n<div id=\"brxe-rajiac\" class=\"brxe-text\">\n<p><strong>P: Jakie metody p\u0142atno\u015bci akceptujecie?<\/strong><br \/>\nOdp.: Akceptujemy PayPal, Stripe, przelewy bankowe (obs\u0142ugiwane SEPA), g\u0142\u00f3wne karty kredytowe (Visa, MasterCard, American Express) i p\u0142atno\u015bci w kryptowalutach.<\/p>\n<p><strong>P: Jak d\u0142ugo trwa przygotowanie zam\u00f3wienia?<\/strong><br \/>\nOdp.: Przygotowanie zam\u00f3wienia zajmuje 1-3 dni robocze.<\/p>\n<p><strong>P: Jaki jest czas wysy\u0142ki?<\/strong><br \/>\nOdp.: Czas wysy\u0142ki wynosi 7-14 dni roboczych, w zale\u017cno\u015bci od Twojej lokalizacji.<\/p>\n<p><strong>P: Jak mog\u0119 \u015bledzi\u0107 moje zam\u00f3wienie?<\/strong><br \/>\nOdp.: Po wysy\u0142ce otrzymasz wiadomo\u015b\u0107 e-mail z potwierdzeniem i numerem przesy\u0142ki umo\u017cliwiaj\u0105cym \u015bledzenie w czasie rzeczywistym.<\/p>\n<p><strong>P: Jaka jest Twoja polityka zwrot\u00f3w?<\/strong><br \/>\nOdp.: Oferujemy 30-dniow\u0105 polityk\u0119 zwrot\u00f3w lub wymiany. .<\/p>\n<p><strong>P: Czy wyst\u0105pi\u0105 jakie\u015b problemy celne?<br \/>\n<\/strong>Obs\u0142ugujemy wszystkie procedury odprawy celnej, aby zapewni\u0107 Ci bezproblemow\u0105 obs\u0142ug\u0119. .<\/p>\n<p><strong>P: Jakie metody wysy\u0142ki s\u0105 stosowane?<\/strong><br \/>\nWsp\u00f3\u0142pracujemy z firmami UPS\/DHL\/FEDEX\/DPD itp. W zale\u017cno\u015bci od kraju dostawy wybierzemy odpowiedni\u0105 opcj\u0119 wysy\u0142ki, tak aby produkty dotar\u0142y do \u200b\u200bPa\u0144stwa najszybciej jak to mo\u017cliwe.<\/p>\n<p><a href=\"https:\/\/pgvape.com\/pl\/czesto-zadawane-pytania\/\">Kliknij tutaj, aby uzyska\u0107 wi\u0119cej cz\u0119sto zadawanych pyta\u0144<\/a><\/p>\n<p>Szanowni klienci, je\u015bli masz jakiekolwiek pytania dotycz\u0105ce zam\u00f3wienia lub przybycia towaru, skontaktuj si\u0119 z naszym dzia\u0142em obs\u0142ugi klienta. Dzi\u0119kuj\u0119!<\/p>\n<h3 data-sourcepos=\"73:1-73:21\"><strong data-sourcepos=\"73:7-73:21\">Skontaktuj si\u0119 z nami<\/strong><\/h3>\n<div id=\"text-2419739398\" class=\"text\">\n<p><strong data-sourcepos=\"75:3-75:12\">E-mail<\/strong>:\u00a0<a href=\"mailto:support@pgvape.com\"><strong>support@pgvape.com<\/strong><\/a><\/p>\n<p><strong data-sourcepos=\"76:3-76:15\">WhatsApp<\/strong>: <a href=\"https:\/\/wa.me\/+8618128481258\"><strong>+86 18128481258<\/strong><\/a><br \/>\n<strong>(Odpowied\u017a w ci\u0105gu 24 godzin w dni robocze)<\/strong><\/p>\n<\/div>\n<h3><strong>Dzi\u0119kujemy za wybranie pgvape.com! .<\/strong><\/h3>\n<\/div>","protected":false},"excerpt":{"rendered":"<p>Z <strong data-sourcepos=\"73:6-73:19\">40 tys. zaci\u0105gni\u0119\u0107<\/strong>, <strong data-sourcepos=\"73:21-73:48\">elastyczno\u015b\u0107 w dw\u00f3ch smakach<\/strong>, I <strong data-sourcepos=\"73:54-73:71\">Pojemno\u015b\u0107 40ml<\/strong>, , <strong data-sourcepos=\"73:77-73:95\">Bang Blaze 40K<\/strong> to prze\u0142om. <strong data-sourcepos=\"73:115-73:134\">32 pary smak\u00f3w<\/strong> I <strong data-sourcepos=\"73:139-73:165\">personalizacja nikotyny<\/strong> zaspokoi potrzeby ka\u017cdego vapera.<\/p>","protected":false},"featured_media":1832,"comment_status":"open","ping_status":"closed","template":"","meta":{"_seopress_robots_primary_cat":"none","_seopress_titles_title":"%%post_title%% %%sep%% %%sitetitle%%","_seopress_titles_desc":"","_seopress_robots_index":""},"product_brand":[49,516],"product_cat":[103,33,515],"product_tag":[164,106,107,163,90,66,165],"class_list":{"0":"post-1829","1":"product","2":"type-product","3":"status-publish","4":"has-post-thumbnail","6":"product_brand-bang-blaze-vape","7":"product_brand-disposable-vape","8":"product_cat-40k-puffs-vape","9":"product_cat-bang-blaze-vape","10":"product_cat-disposable-vape","11":"product_tag-32-tastes","12":"product_tag-40k-puffs","13":"product_tag-40k-vape","14":"product_tag-bang-blaze","15":"product_tag-disposable-vape","16":"product_tag-dual-flavors","17":"product_tag-type-c-charging","19":"first","20":"instock","21":"sale","22":"shipping-taxable","23":"purchasable","24":"product-type-variable"},"_links":{"self":[{"href":"https:\/\/pgvape.com\/pl\/wp-json\/wp\/v2\/product\/1829","targetHints":{"allow":["GET"]}}],"collection":[{"href":"https:\/\/pgvape.com\/pl\/wp-json\/wp\/v2\/product"}],"about":[{"href":"https:\/\/pgvape.com\/pl\/wp-json\/wp\/v2\/types\/product"}],"replies":[{"embeddable":true,"href":"https:\/\/pgvape.com\/pl\/wp-json\/wp\/v2\/comments?post=1829"}],"wp:featuredmedia":[{"embeddable":true,"href":"https:\/\/pgvape.com\/pl\/wp-json\/wp\/v2\/media\/1832"}],"wp:attachment":[{"href":"https:\/\/pgvape.com\/pl\/wp-json\/wp\/v2\/media?parent=1829"}],"wp:term":[{"taxonomy":"product_brand","embeddable":true,"href":"https:\/\/pgvape.com\/pl\/wp-json\/wp\/v2\/product_brand?post=1829"},{"taxonomy":"product_cat","embeddable":true,"href":"https:\/\/pgvape.com\/pl\/wp-json\/wp\/v2\/product_cat?post=1829"},{"taxonomy":"product_tag","embeddable":true,"href":"https:\/\/pgvape.com\/pl\/wp-json\/wp\/v2\/product_tag?post=1829"}],"curies":[{"name":"wp","href":"https:\/\/api.w.org\/{rel}","templated":true}]}}