{"id":1799,"date":"2025-09-29T09:55:39","date_gmt":"2025-09-29T09:55:39","guid":{"rendered":"https:\/\/pgvape.com\/?post_type=product&#038;p=1799"},"modified":"2026-03-26T16:32:55","modified_gmt":"2026-03-26T16:32:55","slug":"airmez-fox-80000-80k-zaciagniec-2-w-1-podwojne-smaki-jednorazowy-vape-inteligentny-wyswietlacz-led-vape-factory-direct","status":"publish","type":"product","link":"https:\/\/pgvape.com\/pl\/produkt\/airmez-fox-80000-80k-zaciagniec-2-w-1-podwojne-smaki-jednorazowy-vape-inteligentny-wyswietlacz-led-vape-factory-direct\/","title":{"rendered":"Airmez Fox 80000 80k Puffs 2 w 1 Podw\u00f3jne smaki Jednorazowy Vape Inteligentny wy\u015bwietlacz LED Vape Factory Direct"},"content":{"rendered":"<div class=\"auto-hide-last-sibling-br paragraph-JOTKXA paragraph-element br-paragraph-space\"><\/div>\n<div class=\"auto-hide-last-sibling-br paragraph-JOTKXA paragraph-element br-paragraph-space\"><strong data-sourcepos=\"2:5-2:52\">Jednorazowy waporyzator Airmez Fox 2 w 1 80 tys<\/strong> Oferty <strong data-sourcepos=\"2:60-2:83\">Niezr\u00f3wnana trwa\u0142o\u015b\u0107<\/strong> Z <strong data-sourcepos=\"2:89-2:116\">80 000 bardzo d\u0142ugich zaci\u0105gni\u0119\u0107<\/strong> I <strong data-sourcepos=\"2:121-2:150\">Podw\u00f3jne komory smakowe o pojemno\u015bci 15 ml<\/strong> (\u0142\u0105cznie 30 ml). <strong data-sourcepos=\"2:176-2:195\">Podw\u00f3jne cewki siatkowe<\/strong> i A <strong data-sourcepos=\"2:202-2:233\">Akumulator 650 mAh<\/strong>, Dostarcza <strong data-sourcepos=\"2:247-2:263\">G\u0142adka para<\/strong> I <strong data-sourcepos=\"2:268-2:283\">Bogaty smak<\/strong>. <strong data-sourcepos=\"2:302-2:326\">Szybkie \u0142adowanie typu C<\/strong>, <strong data-sourcepos=\"2:328-2:349\">Inteligentny wy\u015bwietlacz LED<\/strong>, I <strong data-sourcepos=\"2:355-2:388\">Natychmiastowa zmiana dw\u00f3ch smak\u00f3w<\/strong>. <strong data-sourcepos=\"2:403-2:437\">10 doskona\u0142ych kombinacji smakowych<\/strong> Dla najwy\u017cszej r\u00f3\u017cnorodno\u015bci.<\/div>\n<h2><span style=\"font-size: 90%;\"><br \/>\nAirmez Fox 80000 | 80k Ptysi 2 w 1 Podw\u00f3jne Smaki Jednorazowy Vape Specyfikacja produktu<\/span><\/h2>\n<p><strong data-sourcepos=\"7:3-7:17\">Liczba puf\u00f3w<\/strong>:\u00a0<strong data-sourcepos=\"7:19-7:35\">80 000 zaci\u0105gni\u0119\u0107<\/strong><\/p>\n<p><strong data-sourcepos=\"8:3-8:15\">Nikotyna<\/strong>:\u00a0<strong data-sourcepos=\"8:17-8:32\">Si\u0142a 2%<\/strong><\/p>\n<p><strong data-sourcepos=\"9:3-9:15\">E-ciecz<\/strong>:\u00a0<strong data-sourcepos=\"9:17-9:48\">30 ml (15 ml \u00d7 2 podw\u00f3jne komory)<\/strong><\/p>\n<p><strong data-sourcepos=\"10:3-10:11\">Cewka<\/strong>:\u00a0<strong data-sourcepos=\"10:13-10:32\">Podw\u00f3jne cewki siatkowe<\/strong><\/p>\n<p><strong data-sourcepos=\"11:3-11:14\">Bateria<\/strong>:\u00a0<strong data-sourcepos=\"11:16-11:39\">Akumulator 650 mAh<\/strong><\/p>\n<p><strong data-sourcepos=\"12:3-12:15\">\u0141adowanie<\/strong>:\u00a0<strong data-sourcepos=\"12:17-12:41\">Szybkie \u0142adowanie typu C<\/strong><\/p>\n<p><strong data-sourcepos=\"13:3-13:14\">Wy\u015bwietlacz<\/strong>:\u00a0<strong data-sourcepos=\"13:16-13:49\">Ekran LED (Bateria\/E-Liquid)<\/strong><\/p>\n<p><strong data-sourcepos=\"14:3-14:20\">System smakowy<\/strong>:\u00a0<strong data-sourcepos=\"14:22-14:47\">Podw\u00f3jne prze\u0142\u0105czanie smak\u00f3w<\/strong><\/p>\n<h3><span style=\"font-size: 90%;\"><br \/>\nAirmez Fox 80000 | 80k Puffs 2 w 1 Podw\u00f3jne smaki Jednorazowa lista smak\u00f3w Vape<\/span><\/h3>\n<p>1.Truskawkowy Arbuz i Truskawkowa Malina<\/p>\n<p>2.Niebieska lemoniada Razz i Blue Razz<\/p>\n<p>3. Jagoda na lodzie i jagoda malina<\/p>\n<p>4.Truskawkowe kiwi i l\u00f3d truskawkowy<\/p>\n<p>5. Arbuz lodowy i malinowy arbuz<\/p>\n<p>6.Lemoniada jagodowa i limonka cytrynowa<\/p>\n<p>7. Owoce tropikalne i mi\u0142o\u015b\u0107 66<\/p>\n<p>8. Brzoskwiniowy l\u00f3d i brzoskwinia z mango<\/p>\n<p>9. Mieszane jagody i Dr Blue<\/p>\n<p>10. L\u00f3d winogronowy i czarny l\u00f3d<\/p>\n<p>&nbsp;<\/p>\n<h3><span style=\"font-size: 90%;\">Airmez Fox 80000 | 80k Ptysi 2 w 1 Podw\u00f3jne Smaki Jednorazowe Wideo Vape:<br \/>\n<iframe loading=\"lazy\" title=\"Airmez Fox 80000 | 80k Ptysi 2 w 1 Podw\u00f3jne Smaki Jednorazowy Vape | Vape Factory Direct pgvape\" width=\"1020\" height=\"574\" src=\"https:\/\/www.youtube.com\/embed\/wPpbJCsTXZs?feature=oembed\" frameborder=\"0\" allow=\"accelerometer; autoplay; clipboard-write; encrypted-media; gyroscope; picture-in-picture; web-share\" referrerpolicy=\"strict-origin-when-cross-origin\" allowfullscreen><\/iframe><br \/>\n<\/span><\/h3>\n<p>&nbsp;<\/p>\n<h2 class=\"header-vfC6AV auto-hide-last-sibling-br\"><span style=\"font-size: 90%;\">Cz\u0119sto zadawane pytania dotycz\u0105ce Airmez Fox 80000 | 80k Puffs Jednorazowy waporyzator 2 w 1 o podw\u00f3jnych smakach<\/span><\/h2>\n<p data-sourcepos=\"33:1-34:85\">\u2753 <strong data-sourcepos=\"33:3-33:52\">Co sprawia, \u017ce \u200b\u200bliczba 80 000 zaci\u0105gni\u0119\u0107 jest wyj\u0105tkowa?<\/strong><br \/>\n\u2705 <strong data-sourcepos=\"34:3-34:32\">Wiod\u0105ca w bran\u017cy pojemno\u015b\u0107<\/strong> \u2013 Trwa <strong data-sourcepos=\"34:41-34:56\">4-5 razy d\u0142u\u017cej<\/strong> Ni\u017c standardowe artyku\u0142y jednorazowe.<\/p>\n<p data-sourcepos=\"36:1-37:85\">\u2753 <strong data-sourcepos=\"36:3-36:48\">Jak dzia\u0142a system podw\u00f3jnego smaku?<\/strong><br \/>\n\u2705 <strong data-sourcepos=\"37:3-37:83\">B\u0142yskawicznie prze\u0142\u0105czaj si\u0119 pomi\u0119dzy dwoma smakami premium za pomoc\u0105 prostego naci\u015bni\u0119cia przycisku.<\/strong><\/p>\n<p data-sourcepos=\"39:1-40:97\">\u2753 <strong data-sourcepos=\"39:3-39:49\">Czy bateria 650 mAh jest wystarczaj\u0105co mocna?<\/strong><br \/>\n\u2705 <strong data-sourcepos=\"40:3-40:31\">Zoptymalizowany pod k\u0105tem wydajno\u015bci<\/strong> \u2013 Trwa <strong data-sourcepos=\"40:40-40:51\">Ponad 2 dni<\/strong> Za op\u0142at\u0105 z <strong data-sourcepos=\"40:68-40:92\">Szybkie \u0142adowanie typu C<\/strong>.**<\/p>\n<p data-sourcepos=\"42:1-43:89\">\u2753 <strong data-sourcepos=\"42:3-42:40\">Czy pokazuje poziom e-liquidu?<\/strong><br \/>\n\u2705 <strong data-sourcepos=\"43:3-43:29\">Tak!<\/strong> Utwory <strong data-sourcepos=\"43:37-43:61\">Obie komory smakowe<\/strong> I <strong data-sourcepos=\"43:66-43:84\">Stan baterii<\/strong>.**<\/p>\n<p data-sourcepos=\"45:1-46:82\">\u2753 <strong data-sourcepos=\"45:3-45:42\">Dlaczego warto wybra\u0107 konstrukcj\u0119 dwukomorow\u0105?<\/strong><br \/>\n\u2705 <strong data-sourcepos=\"46:3-46:29\">Zapobiega mieszaniu smak\u00f3w<\/strong> Podczas oferowania <strong data-sourcepos=\"46:45-46:77\">Rozszerzona ca\u0142kowita pojemno\u015b\u0107 30 ml<\/strong>.**<\/p>\n<p>&nbsp;<\/p>\n<h3 id=\"brxe-najhln\" class=\"brxe-heading\">Cz\u0119sto zadawane pytania (FAQ)<\/h3>\n<div id=\"brxe-rajiac\" class=\"brxe-text\">\n<p><strong>P: Jakie metody p\u0142atno\u015bci akceptujecie?<\/strong><br \/>\nOdp.: Akceptujemy PayPal, Stripe, przelewy bankowe (obs\u0142ugiwane SEPA), g\u0142\u00f3wne karty kredytowe (Visa, MasterCard, American Express) i p\u0142atno\u015bci w kryptowalutach.<\/p>\n<p><strong>P: Jak d\u0142ugo trwa przygotowanie zam\u00f3wienia?<\/strong><br \/>\nOdp.: Przygotowanie zam\u00f3wienia zajmuje 1-3 dni robocze.<\/p>\n<p><strong>P: Jaki jest czas wysy\u0142ki?<\/strong><br \/>\nOdp.: Czas wysy\u0142ki wynosi 7-14 dni roboczych, w zale\u017cno\u015bci od Twojej lokalizacji.<\/p>\n<p><strong>P: Jak mog\u0119 \u015bledzi\u0107 moje zam\u00f3wienie?<\/strong><br \/>\nOdp.: Po wysy\u0142ce otrzymasz wiadomo\u015b\u0107 e-mail z potwierdzeniem i numerem przesy\u0142ki umo\u017cliwiaj\u0105cym \u015bledzenie w czasie rzeczywistym.<\/p>\n<p><strong>P: Jaka jest Twoja polityka zwrot\u00f3w?<\/strong><br \/>\nOdp.: Oferujemy 30-dniow\u0105 polityk\u0119 zwrot\u00f3w lub wymiany. .<\/p>\n<p><strong>P: Czy wyst\u0105pi\u0105 jakie\u015b problemy celne?<br \/>\n<\/strong>Obs\u0142ugujemy wszystkie procedury odprawy celnej, aby zapewni\u0107 Ci bezproblemow\u0105 obs\u0142ug\u0119. .<\/p>\n<p><strong>P: Jakie metody wysy\u0142ki s\u0105 stosowane?<\/strong><br \/>\nWsp\u00f3\u0142pracujemy z firmami UPS\/DHL\/FEDEX\/DPD itp. W zale\u017cno\u015bci od kraju dostawy wybierzemy odpowiedni\u0105 opcj\u0119 wysy\u0142ki, tak aby produkty dotar\u0142y do \u200b\u200bPa\u0144stwa najszybciej jak to mo\u017cliwe.<\/p>\n<p><a href=\"https:\/\/pgvape.com\/pl\/czesto-zadawane-pytania\/\">Kliknij tutaj, aby uzyska\u0107 wi\u0119cej cz\u0119sto zadawanych pyta\u0144<\/a><\/p>\n<p>Szanowni klienci, je\u015bli masz jakiekolwiek pytania dotycz\u0105ce zam\u00f3wienia lub przybycia towaru, skontaktuj si\u0119 z naszym dzia\u0142em obs\u0142ugi klienta. Dzi\u0119kuj\u0119!<\/p>\n<h3 data-sourcepos=\"73:1-73:21\"><strong data-sourcepos=\"73:7-73:21\">Skontaktuj si\u0119 z nami<\/strong><\/h3>\n<div id=\"text-2419739398\" class=\"text\">\n<p><strong data-sourcepos=\"75:3-75:12\">E-mail<\/strong>:\u00a0<a href=\"mailto:support@pgvape.com\"><strong>support@pgvape.com<\/strong><\/a><\/p>\n<p><strong data-sourcepos=\"76:3-76:15\">WhatsApp<\/strong>: <a href=\"https:\/\/wa.me\/+8618128481258\"><strong>+86 18128481258<\/strong><\/a><br \/>\n<strong>(Odpowied\u017a w ci\u0105gu 24 godzin w dni robocze)<\/strong><\/p>\n<\/div>\n<h3><strong>Dzi\u0119kujemy za wybranie pgvape.com! .<\/strong><\/h3>\n<\/div>","protected":false},"excerpt":{"rendered":"<p><strong data-sourcepos=\"51:1-51:216\">\u201cAirmez Fox 2-w-1: najlepszy jednorazowy waporyzator o dw\u00f3ch smakach, z 80 tys. zaci\u0105gni\u0119\u0107, pojemno\u015bci\u0105 30 ml i 10 kombinacjami smak\u00f3w \u2013 zasilany bateri\u0105 650 mAh i podw\u00f3jn\u0105 cewk\u0105 siatkow\u0105 zapewniaj\u0105c\u0105 bogat\u0105, g\u0142adk\u0105 par\u0119.\u201d<\/strong><\/p>","protected":false},"featured_media":1803,"comment_status":"open","ping_status":"closed","template":"","meta":{"_seopress_robots_primary_cat":"none","_seopress_titles_title":"%%post_title%% %%sep%% %%sitetitle%%","_seopress_titles_desc":"","_seopress_robots_index":""},"product_brand":[154,516],"product_cat":[41,155,515],"product_tag":[159,161,160,44,156,108,66,157,203,143,109],"class_list":{"0":"post-1799","1":"product","2":"type-product","3":"status-publish","4":"has-post-thumbnail","6":"product_brand-airmez-fox-vape","7":"product_brand-disposable-vape","8":"product_cat-80k-puffs-vape","9":"product_cat-airmez-fox-vape","10":"product_cat-disposable-vape","11":"product_tag-10-tastes","12":"product_tag-2-in-1","13":"product_tag-160","14":"product_tag-80k-puffs","15":"product_tag-airmez","16":"product_tag-disposable","17":"product_tag-dual-flavors","18":"product_tag-fox","19":"product_tag-shipment-from-eu","20":"product_tag-smart-led-display","21":"product_tag-vape","23":"first","24":"instock","25":"sale","26":"shipping-taxable","27":"purchasable","28":"product-type-variable"},"_links":{"self":[{"href":"https:\/\/pgvape.com\/pl\/wp-json\/wp\/v2\/product\/1799","targetHints":{"allow":["GET"]}}],"collection":[{"href":"https:\/\/pgvape.com\/pl\/wp-json\/wp\/v2\/product"}],"about":[{"href":"https:\/\/pgvape.com\/pl\/wp-json\/wp\/v2\/types\/product"}],"replies":[{"embeddable":true,"href":"https:\/\/pgvape.com\/pl\/wp-json\/wp\/v2\/comments?post=1799"}],"wp:featuredmedia":[{"embeddable":true,"href":"https:\/\/pgvape.com\/pl\/wp-json\/wp\/v2\/media\/1803"}],"wp:attachment":[{"href":"https:\/\/pgvape.com\/pl\/wp-json\/wp\/v2\/media?parent=1799"}],"wp:term":[{"taxonomy":"product_brand","embeddable":true,"href":"https:\/\/pgvape.com\/pl\/wp-json\/wp\/v2\/product_brand?post=1799"},{"taxonomy":"product_cat","embeddable":true,"href":"https:\/\/pgvape.com\/pl\/wp-json\/wp\/v2\/product_cat?post=1799"},{"taxonomy":"product_tag","embeddable":true,"href":"https:\/\/pgvape.com\/pl\/wp-json\/wp\/v2\/product_tag?post=1799"}],"curies":[{"name":"wp","href":"https:\/\/api.w.org\/{rel}","templated":true}]}}