{"id":1763,"date":"2025-09-29T08:59:08","date_gmt":"2025-09-29T08:59:08","guid":{"rendered":"https:\/\/pgvape.com\/?post_type=product&#038;p=1763"},"modified":"2026-03-23T09:43:26","modified_gmt":"2026-03-23T09:43:26","slug":"airmez-fox-120000-120-tys-zaciagniec-4-w-1-smaki-jednorazowy-vape-4-regulowane-smaki-0-5-nikotyna-10-smakow-wyswietlacz-led-vape-factory-direct","status":"publish","type":"product","link":"https:\/\/pgvape.com\/pl\/produkt\/airmez-fox-120000-120-tys-zaciagniec-4-w-1-smaki-jednorazowy-vape-4-regulowane-smaki-0-5-nikotyna-10-smakow-wyswietlacz-led-vape-factory-direct\/","title":{"rendered":"Airmez Fox 120000 | 120 tys. Puff\u00f3w 4 w 1 Smaki Jednorazowy Vape | 4 regulowane smaki | 0%-5% Nikotyna | 10 smak\u00f3w | Wy\u015bwietlacz LED | Vape Factory-Direct"},"content":{"rendered":"<div class=\"auto-hide-last-sibling-br paragraph-JOTKXA paragraph-element br-paragraph-space\">\n<p><strong data-sourcepos=\"2:5-2:53\">Jednorazowy waporyzator Airmez Fox 120K Puffs 4 w 1<\/strong> Ustanawia nowy standard dzi\u0119ki <strong data-sourcepos=\"2:79-2:107\">120 000 bardzo d\u0142ugich zaci\u0105gni\u0119\u0107<\/strong> I <strong data-sourcepos=\"2:112-2:138\">Pojemno\u015b\u0107 60 ml e-p\u0142ynu<\/strong> (15 ml\u00d74). <strong data-sourcepos=\"2:159-2:183\">4 regulowane smaki<\/strong>, <strong data-sourcepos=\"2:185-2:203\">Cewka siatkowa 1,0 \u03a9<\/strong>, I <strong data-sourcepos=\"2:209-2:240\">Akumulator 650 mAh<\/strong>, Dostarcza <strong data-sourcepos=\"2:254-2:269\">G\u0119sta para<\/strong> I <strong data-sourcepos=\"2:274-2:289\">Bogaty smak<\/strong>. <strong data-sourcepos=\"2:295-2:316\">Inteligentny wy\u015bwietlacz LED<\/strong> Utwory <strong data-sourcepos=\"2:324-2:340\">\u017bywotno\u015b\u0107 baterii<\/strong>, <strong data-sourcepos=\"2:342-2:356\">Liczba puf\u00f3w<\/strong>, I <strong data-sourcepos=\"2:362-2:377\">Tryb smakowy<\/strong>, Chwila <strong data-sourcepos=\"2:385-2:409\">Szybkie \u0142adowanie typu C<\/strong> Zapewnia szybkie do\u0142adowania. <strong data-sourcepos=\"2:448-2:482\">10 doskona\u0142ych kombinacji smakowych<\/strong> Dla maksymalnej personalizacji.<\/p>\n<\/div>\n<p>&nbsp;<\/p>\n<h2><span style=\"font-size: 90%;\">Airmez Fox 120000 | 120k Puffs 4 w 1 Smaki Jednorazowy Vape Specyfikacja produktu<\/span><\/h2>\n<p><strong data-sourcepos=\"7:3-7:17\">Liczba puf\u00f3w<\/strong>:\u00a0<strong data-sourcepos=\"7:19-7:36\">120 000 zaci\u0105gni\u0119\u0107<\/strong><\/p>\n<p><strong data-sourcepos=\"8:3-8:15\">Nikotyna<\/strong>:\u00a0<strong data-sourcepos=\"8:17-8:41\">Opcje 2% \/ 3% \/ 5%<\/strong><\/p>\n<p><strong data-sourcepos=\"9:3-9:15\">E-ciecz<\/strong>:\u00a0<strong data-sourcepos=\"9:17-9:43\">60 ml (15 ml x 4 komory)<\/strong><\/p>\n<p><strong data-sourcepos=\"10:3-10:11\">Cewka<\/strong>:\u00a0<strong data-sourcepos=\"10:13-10:31\">Cewka siatkowa 1,0 \u03a9<\/strong><\/p>\n<p><strong data-sourcepos=\"11:3-11:14\">Bateria<\/strong>:\u00a0<strong data-sourcepos=\"11:16-11:39\">Akumulator 650 mAh<\/strong><\/p>\n<p><strong data-sourcepos=\"12:3-12:15\">\u0141adowanie<\/strong>:\u00a0<strong data-sourcepos=\"12:17-12:41\">Szybkie \u0142adowanie typu C<\/strong><\/p>\n<p><strong data-sourcepos=\"13:3-13:14\">Wy\u015bwietlacz<\/strong>:\u00a0<strong data-sourcepos=\"13:16-13:63\">Ekran LED (bateria\/liczba zaci\u0105gni\u0119\u0107\/tryb smakowy)<\/strong><\/p>\n<p><strong data-sourcepos=\"14:3-14:20\">System smakowy<\/strong>:\u00a0<strong data-sourcepos=\"14:22-14:51\">Regulowane smaki 4 w 1<\/strong><\/p>\n<p><strong data-sourcepos=\"15:3-15:14\">Pakiet<\/strong>:\u00a0<strong data-sourcepos=\"15:16-15:34\">10 urz\u0105dze\u0144\/pude\u0142ko<\/strong><\/p>\n<p>&nbsp;<\/p>\n<h3><span style=\"font-size: 90%;\">Airmez Fox 120000 | 120k Puffs 4 w 1 Smaki Jednorazowa lista smak\u00f3w Vape<\/span><\/h3>\n<p>1.Truskawka Malina i Truskawka Kiwi i Lody Truskawkowe i Arbuz Brzoskwiniowo-Mango<\/p>\n<p>2. Arbuz L\u00f3d i Truskawka Arbuz i Malina Arbuz i Malina Jagodowa<\/p>\n<p>3. R\u00f3\u017cowa lemoniada i nami\u0119tny poca\u0142unek oraz mieszane jagody i potr\u00f3jne jagody<\/p>\n<p>4.Cherry &amp; Love 66, lemoniada jagodowa i l\u00f3d winogronowy<\/p>\n<p>5.Brzoskwinia z mango i owoce tropikalne oraz l\u00f3d brzoskwiniowy i ananas z kwa\u015bnego mango<\/p>\n<p>6. Lody winogronowe i mi\u0142o\u015b\u0107 66, jagody na lodzie i lody ze smoczych owoc\u00f3w<\/p>\n<p>7.Love 66, wi\u015bnia, jagoda na lodzie i kiwi, marakuja, gujawa<\/p>\n<p>8. L\u00f3d brzoskwiniowy i r\u00f3\u017cowa lemoniada oraz l\u00f3d arbuzowy i Dr Blue<\/p>\n<p>9. Czerwone Mojito i Love 66 oraz Mieszane Jagody i Truskawkowy Arbuz<\/p>\n<p>10.Brzoskwinia Mango Arbuz i Bor\u00f3wka Wi\u015bnia i Arbuz Smoczy Owoc i Poca\u0142unek M\u0119ki Pa\u0144skiej<\/p>\n<p><img loading=\"lazy\" decoding=\"async\" class=\"alignnone wp-image-1774 size-full\" src=\"https:\/\/pgvape.com\/wp-content\/uploads\/2025\/09\/Pgvape-Airmez-Fox-120k-Puffs-4-in-1-Flavors-Disposable-Vape-4-Adjustable-Flavors-0-2-3-5-Nicotin-10-Tastes-LED-DisplayVape-Factory-Direct-9.png\" alt=\"Siatka dwunastu kolorowych jednorazowych urz\u0105dze\u0144 do waporyzacji AirMez w pastelowych odcieniach, ka\u017cde z nadrukiem stylizowanej postaci antropomorficznego lisa i po\u0142\u0105czone z u\u0142o\u017conymi w stos etykietami poni\u017cej przedstawiaj\u0105cymi r\u00f3\u017cne nazwy smak\u00f3w owoc\u00f3w i lod\u00f3w (np. truskawka malina, mango brzoskwinia, l\u00f3d jagodowy).\" width=\"1920\" height=\"1286\" srcset=\"https:\/\/pgvape.com\/wp-content\/uploads\/2025\/09\/Pgvape-Airmez-Fox-120k-Puffs-4-in-1-Flavors-Disposable-Vape-4-Adjustable-Flavors-0-2-3-5-Nicotin-10-Tastes-LED-DisplayVape-Factory-Direct-9.png 1920w, https:\/\/pgvape.com\/wp-content\/uploads\/2025\/09\/Pgvape-Airmez-Fox-120k-Puffs-4-in-1-Flavors-Disposable-Vape-4-Adjustable-Flavors-0-2-3-5-Nicotin-10-Tastes-LED-DisplayVape-Factory-Direct-9-537x360.png 537w, https:\/\/pgvape.com\/wp-content\/uploads\/2025\/09\/Pgvape-Airmez-Fox-120k-Puffs-4-in-1-Flavors-Disposable-Vape-4-Adjustable-Flavors-0-2-3-5-Nicotin-10-Tastes-LED-DisplayVape-Factory-Direct-9-595x399.png 595w, https:\/\/pgvape.com\/wp-content\/uploads\/2025\/09\/Pgvape-Airmez-Fox-120k-Puffs-4-in-1-Flavors-Disposable-Vape-4-Adjustable-Flavors-0-2-3-5-Nicotin-10-Tastes-LED-DisplayVape-Factory-Direct-9-400x268.png 400w, https:\/\/pgvape.com\/wp-content\/uploads\/2025\/09\/Pgvape-Airmez-Fox-120k-Puffs-4-in-1-Flavors-Disposable-Vape-4-Adjustable-Flavors-0-2-3-5-Nicotin-10-Tastes-LED-DisplayVape-Factory-Direct-9-768x514.png 768w, https:\/\/pgvape.com\/wp-content\/uploads\/2025\/09\/Pgvape-Airmez-Fox-120k-Puffs-4-in-1-Flavors-Disposable-Vape-4-Adjustable-Flavors-0-2-3-5-Nicotin-10-Tastes-LED-DisplayVape-Factory-Direct-9-1536x1029.png 1536w, https:\/\/pgvape.com\/wp-content\/uploads\/2025\/09\/Pgvape-Airmez-Fox-120k-Puffs-4-in-1-Flavors-Disposable-Vape-4-Adjustable-Flavors-0-2-3-5-Nicotin-10-Tastes-LED-DisplayVape-Factory-Direct-9-18x12.png 18w, https:\/\/pgvape.com\/wp-content\/uploads\/2025\/09\/Pgvape-Airmez-Fox-120k-Puffs-4-in-1-Flavors-Disposable-Vape-4-Adjustable-Flavors-0-2-3-5-Nicotin-10-Tastes-LED-DisplayVape-Factory-Direct-9-600x402.png 600w, https:\/\/pgvape.com\/wp-content\/uploads\/2025\/09\/Pgvape-Airmez-Fox-120k-Puffs-4-in-1-Flavors-Disposable-Vape-4-Adjustable-Flavors-0-2-3-5-Nicotin-10-Tastes-LED-DisplayVape-Factory-Direct-9-60x40.png 60w\" sizes=\"auto, (max-width: 1920px) 100vw, 1920px\" \/><\/p>\n<p>&nbsp;<\/p>\n<h3><span style=\"font-size: 90%;\">Airmez Fox 120000 | 120 tys. zaci\u0105gni\u0119\u0107 4 w 1 smaki Jednorazowe wideo Vape:<\/span><\/h3>\n<div style=\"width: 1020px;\" class=\"wp-video\"><video class=\"wp-video-shortcode\" id=\"video-1763-1\" width=\"1020\" height=\"1813\" preload=\"metadata\" controls=\"controls\"><source type=\"video\/mp4\" src=\"https:\/\/pgvape.com\/wp-content\/uploads\/2025\/09\/pgvape-Airmez-Fox-120000-120k-Puffs-4-in-1-Flavors-Disposable-Vape-Video\uff1a.mp4?_=1\" \/><a href=\"https:\/\/pgvape.com\/wp-content\/uploads\/2025\/09\/pgvape-Airmez-Fox-120000-120k-Puffs-4-in-1-Flavors-Disposable-Vape-Video: .mp4\">https:\/\/pgvape.com\/wp-content\/uploads\/2025\/09\/pgvape-Airmez-Fox-120000-120k-Puffs-4-in-1-Flavors-Disposable-Vape-Video: .mp4<\/a><\/video><\/div>\n<p>&nbsp;<\/p>\n<h2><span style=\"font-size: 90%;\">Cz\u0119sto zadawane pytania na temat Airmez Fox 120000 | 120k Puffs 4 w 1 Smaki Jednorazowy Vape<\/span><\/h2>\n<p data-sourcepos=\"34:1-35:85\">\u2753 <strong data-sourcepos=\"34:3-34:52\">Co sprawia, \u017ce \u200b\u200bliczba 120 000 zaci\u0105gni\u0119\u0107 jest wyj\u0105tkowa?<br \/>\n<\/strong> \u2705 <strong data-sourcepos=\"35:3-35:32\">Wiod\u0105ca w bran\u017cy pojemno\u015b\u0107<\/strong> \u2013 Trwa <strong data-sourcepos=\"35:41-35:56\">5-6x d\u0142u\u017cej<\/strong> Ni\u017c standardowe artyku\u0142y jednorazowe.<\/p>\n<p data-sourcepos=\"37:1-38:87\">\u2753 <strong data-sourcepos=\"37:3-37:50\">Jak dzia\u0142a system smakowy 4 w 1?<br \/>\n<\/strong> \u2705 <strong data-sourcepos=\"38:3-38:85\">B\u0142yskawicznie prze\u0142\u0105czaj si\u0119 pomi\u0119dzy czterema smakami premium za pomoc\u0105 prostych przycisk\u00f3w.<\/strong><\/p>\n<p data-sourcepos=\"40:1-41:97\">\u2753 <strong data-sourcepos=\"40:3-40:43\">Czy cewka siatkowa 1,0 \u03a9 jest skuteczna?<\/strong><br \/>\n\u2705 <strong data-sourcepos=\"41:3-41:95\">Tak! .<\/strong><\/p>\n<p data-sourcepos=\"43:1-44:100\">\u2753 <strong data-sourcepos=\"43:3-43:42\">Czy mog\u0119 monitorowa\u0107 statystyki u\u017cytkowania?<\/strong><br \/>\n\u2705 <strong data-sourcepos=\"44:3-44:18\">Wy\u015bwietlacz LED<\/strong> Wida\u0107 <strong data-sourcepos=\"44:25-44:49\">Liczba zaci\u0105gni\u0119\u0107 w czasie rzeczywistym<\/strong>, <strong data-sourcepos=\"44:51-44:67\">\u017bywotno\u015b\u0107 baterii<\/strong>, I <strong data-sourcepos=\"44:73-44:95\">Aktywny tryb smakowy<\/strong>.**<\/p>\n<p data-sourcepos=\"46:1-47:88\">\u2753 <strong data-sourcepos=\"46:3-46:36\">Dlaczego warto wybra\u0107 pojemno\u015b\u0107 60 ml?<br \/>\n<\/strong> \u2705 <strong data-sourcepos=\"47:3-47:29\">Cztery oddzielne komory<\/strong> Zapobiegaj mieszaniu si\u0119 smak\u00f3w podczas oferowania <strong data-sourcepos=\"47:67-47:83\">Rozszerzone u\u017cytkowanie<\/strong>.**<\/p>\n<p>&nbsp;<\/p>\n<h3 id=\"brxe-najhln\" class=\"brxe-heading\">Cz\u0119sto zadawane pytania (FAQ)<\/h3>\n<div id=\"brxe-rajiac\" class=\"brxe-text\">\n<p><strong>P: Jakie metody p\u0142atno\u015bci akceptujecie?<\/strong><br \/>\nOdp.: Akceptujemy PayPal, Stripe, przelewy bankowe (obs\u0142ugiwane SEPA), g\u0142\u00f3wne karty kredytowe (Visa, MasterCard, American Express) i p\u0142atno\u015bci w kryptowalutach.<\/p>\n<p><strong>P: Jak d\u0142ugo trwa przygotowanie zam\u00f3wienia?<\/strong><br \/>\nOdp.: Przygotowanie zam\u00f3wienia zajmuje 1-3 dni robocze.<\/p>\n<p><strong>P: Jaki jest czas wysy\u0142ki?<\/strong><br \/>\nOdp.: Czas wysy\u0142ki wynosi 7-14 dni roboczych, w zale\u017cno\u015bci od Twojej lokalizacji.<\/p>\n<p><strong>P: Jak mog\u0119 \u015bledzi\u0107 moje zam\u00f3wienie?<\/strong><br \/>\nOdp.: Po wysy\u0142ce otrzymasz wiadomo\u015b\u0107 e-mail z potwierdzeniem i numerem przesy\u0142ki umo\u017cliwiaj\u0105cym \u015bledzenie w czasie rzeczywistym.<\/p>\n<p><strong>P: Jaka jest Twoja polityka zwrot\u00f3w?<\/strong><br \/>\nOdp.: Oferujemy 30-dniow\u0105 polityk\u0119 zwrot\u00f3w lub wymiany. .<\/p>\n<p><strong>P: Czy wyst\u0105pi\u0105 jakie\u015b problemy celne?<br \/>\n<\/strong>Obs\u0142ugujemy wszystkie procedury odprawy celnej, aby zapewni\u0107 Ci bezproblemow\u0105 obs\u0142ug\u0119. .<\/p>\n<p><strong>P: Jakie metody wysy\u0142ki s\u0105 stosowane?<\/strong><br \/>\nWsp\u00f3\u0142pracujemy z firmami UPS\/DHL\/FEDEX\/DPD itp. W zale\u017cno\u015bci od kraju dostawy wybierzemy odpowiedni\u0105 opcj\u0119 wysy\u0142ki, tak aby produkty dotar\u0142y do \u200b\u200bPa\u0144stwa najszybciej jak to mo\u017cliwe.<\/p>\n<p><a href=\"https:\/\/pgvape.com\/pl\/czesto-zadawane-pytania\/\">Kliknij tutaj, aby uzyska\u0107 wi\u0119cej cz\u0119sto zadawanych pyta\u0144<\/a><\/p>\n<p>Szanowni klienci, je\u015bli masz jakiekolwiek pytania dotycz\u0105ce zam\u00f3wienia lub przybycia towaru, skontaktuj si\u0119 z naszym dzia\u0142em obs\u0142ugi klienta. Dzi\u0119kuj\u0119!<\/p>\n<h3 data-sourcepos=\"73:1-73:21\"><strong data-sourcepos=\"73:7-73:21\">Skontaktuj si\u0119 z nami<\/strong><\/h3>\n<div id=\"text-2419739398\" class=\"text\">\n<p><strong data-sourcepos=\"75:3-75:12\">E-mail<\/strong>:\u00a0<a href=\"mailto:support@pgvape.com\"><strong>support@pgvape.com<\/strong><\/a><\/p>\n<p><strong data-sourcepos=\"76:3-76:15\">WhatsApp<\/strong>: <a href=\"https:\/\/wa.me\/+8618128481258\"><strong>+86 18128481258<\/strong><\/a><br \/>\n<strong>(Odpowied\u017a w ci\u0105gu 24 godzin w dni robocze)<\/strong><\/p>\n<\/div>\n<h3><strong>Dzi\u0119kujemy za wybranie pgvape.com! .<\/strong><\/h3>\n<\/div>","protected":false},"excerpt":{"rendered":"<p><strong data-sourcepos=\"52:1-52:241\">\u201cAirmez Fox 120K: najlepszy jednorazowy waporyzator smakowy 4 w 1 z 120 tys. zaci\u0105gni\u0119\u0107, pojemno\u015bci\u0105 60 ml i 10 kombinacjami smak\u00f3w \u2013 wyposa\u017cony w inteligentny wy\u015bwietlacz LED, \u0142adowanie typu C i cewk\u0119 siatkow\u0105 1,0 \u03a9 zapewniaj\u0105c\u0105 najwy\u017csz\u0105 wydajno\u015b\u0107.\u201d<\/strong><\/p>","protected":false},"featured_media":1768,"comment_status":"open","ping_status":"closed","template":"","meta":{"_seopress_robots_primary_cat":"none","_seopress_titles_title":"%%post_title%% %%sep%% %%sitetitle%%","_seopress_titles_desc":"","_seopress_robots_index":""},"product_brand":[154,516],"product_cat":[69,155,515],"product_tag":[159,74,75,82,158,53,156,108,157,79,203],"class_list":{"0":"post-1763","1":"product","2":"type-product","3":"status-publish","4":"has-post-thumbnail","6":"product_brand-airmez-fox-vape","7":"product_brand-disposable-vape","8":"product_cat-120k-puffs-vape","9":"product_cat-airmez-fox-vape","10":"product_cat-disposable-vape","11":"product_tag-10-tastes","12":"product_tag-74","13":"product_tag-120k-puffs","14":"product_tag-120k-vape","15":"product_tag-4-adjustable-flavors","16":"product_tag-4-in-1-flavors","17":"product_tag-airmez","18":"product_tag-disposable","19":"product_tag-fox","20":"product_tag-led-display","21":"product_tag-shipment-from-eu","23":"first","24":"instock","25":"sale","26":"shipping-taxable","27":"purchasable","28":"product-type-variable"},"_links":{"self":[{"href":"https:\/\/pgvape.com\/pl\/wp-json\/wp\/v2\/product\/1763","targetHints":{"allow":["GET"]}}],"collection":[{"href":"https:\/\/pgvape.com\/pl\/wp-json\/wp\/v2\/product"}],"about":[{"href":"https:\/\/pgvape.com\/pl\/wp-json\/wp\/v2\/types\/product"}],"replies":[{"embeddable":true,"href":"https:\/\/pgvape.com\/pl\/wp-json\/wp\/v2\/comments?post=1763"}],"wp:featuredmedia":[{"embeddable":true,"href":"https:\/\/pgvape.com\/pl\/wp-json\/wp\/v2\/media\/1768"}],"wp:attachment":[{"href":"https:\/\/pgvape.com\/pl\/wp-json\/wp\/v2\/media?parent=1763"}],"wp:term":[{"taxonomy":"product_brand","embeddable":true,"href":"https:\/\/pgvape.com\/pl\/wp-json\/wp\/v2\/product_brand?post=1763"},{"taxonomy":"product_cat","embeddable":true,"href":"https:\/\/pgvape.com\/pl\/wp-json\/wp\/v2\/product_cat?post=1763"},{"taxonomy":"product_tag","embeddable":true,"href":"https:\/\/pgvape.com\/pl\/wp-json\/wp\/v2\/product_tag?post=1763"}],"curies":[{"name":"wp","href":"https:\/\/api.w.org\/{rel}","templated":true}]}}