{"id":1650,"date":"2025-09-28T14:42:20","date_gmt":"2025-09-28T14:42:20","guid":{"rendered":"https:\/\/pgvape.com\/?post_type=product&#038;p=1650"},"modified":"2025-12-15T13:23:31","modified_gmt":"2025-12-15T13:23:31","slug":"randm-digital-box-12000-12k-zaciagniec-jednorazowy-wyswietlacz-led-vape-vape-factory-direct","status":"publish","type":"product","link":"https:\/\/pgvape.com\/pl\/produkt\/randm-digital-box-12000-12k-zaciagniec-jednorazowy-wyswietlacz-led-vape-vape-factory-direct\/","title":{"rendered":"RandM Digital Box 12000 12K Puffs Jednorazowy wy\u015bwietlacz LED Vape Vape Factory Direct"},"content":{"rendered":"<div class=\"auto-hide-last-sibling-br paragraph-JOTKXA paragraph-element br-paragraph-space\"><strong data-sourcepos=\"6:5-6:32\">RandM Digital Box 12000<\/strong> na nowo definiuje wapowanie <strong data-sourcepos=\"6:55-6:71\">12 000 zaci\u0105gni\u0119\u0107<\/strong>, A <strong data-sourcepos=\"6:75-6:101\">Pojemno\u015b\u0107 e-liquidu 20 ml<\/strong>, I <strong data-sourcepos=\"6:107-6:147\">Monitorowanie baterii\/e-soku w czasie rzeczywistym<\/strong> poprzez swoje <strong data-sourcepos=\"6:156-6:175\">cyfrowy wy\u015bwietlacz<\/strong>. <strong data-sourcepos=\"6:213-6:242\">0%\/2%\/3%\/5% s\u00f3l nikotynowa<\/strong> opcje i <strong data-sourcepos=\"6:255-6:269\">40 smak\u00f3w<\/strong>, zasilany przez <strong data-sourcepos=\"6:285-6:316\">Akumulator o pojemno\u015bci 850 mAh<\/strong> z <strong data-sourcepos=\"6:322-6:341\">\u0141adowanie typu C<\/strong>. <strong data-sourcepos=\"6:355-6:381\">10-cz\u0119\u015bciowe pude\u0142ka ekspozycyjne<\/strong> (Lub <strong data-sourcepos=\"6:386-6:406\">Kartony po 200 sztuk<\/strong><span class=\"CustomP_animated_char__m3r9w\">)<\/span><span class=\"CustomP_animated_char__m3r9w\">,<\/span><span class=\"CustomP_animated_char__m3r9w\">\u00a0<\/span><span class=\"CustomP_animated_char__m3r9w\">To<\/span><span class=\"CustomP_animated_char__m3r9w\">\u2019<\/span><span class=\"CustomP_animated_char__m3r9w\">S<\/span><span class=\"CustomP_animated_char__m3r9w\">\u00a0<\/span><span class=\"CustomP_animated_char__m3r9w\">idea\u0142<\/span><span class=\"CustomP_animated_char__m3r9w\">\u00a0<\/span><span class=\"CustomP_animated_char__m3r9w\">Do<\/span><span class=\"CustomP_animated_char__m3r9w\">\u00a0<\/span><span class=\"CustomP_animated_char__m3r9w\">Zar\u00f3wno<\/span><span class=\"CustomP_animated_char__m3r9w\">\u00a0<\/span><span class=\"CustomP_animated_char__m3r9w\">osobisty<\/span><span class=\"CustomP_animated_char__m3r9w\">\u00a0<\/span><span class=\"CustomP_animated_char__m3r9w\">u\u017cywa\u0107<\/span><span class=\"CustomP_animated_char__m3r9w\">\u00a0<\/span><span class=\"CustomP_animated_char__m3r9w\">I<\/span><span class=\"CustomP_animated_char__m3r9w\">\u00a0<\/span><span class=\"CustomP_animated_char__m3r9w\">cielsko<\/span><span class=\"CustomP_animated_char__m3r9w\">\u00a0<\/span><span class=\"CustomP_animated_char__m3r9w\">obroty<\/span><span class=\"CustomP_animated_char__m3r9w\">.<\/span><\/div>\n<p>&nbsp;<\/p>\n<h2><span style=\"font-size: 90%;\">RandM Digital Box 12000 | 12K zaci\u0105gni\u0119\u0107 Jednorazowy Vape Specyfikacja produktu<\/span><\/h2>\n<p><strong data-sourcepos=\"11:3-11:25\">Si\u0142a nikotyny:<\/strong>\u00a0<strong data-sourcepos=\"11:26-11:47\">0% \/ 2% \/ 3% \/ 5%<\/strong>\u00a0(Od zera do silnego uderzenia w gard\u0142o)<\/p>\n<p><strong data-sourcepos=\"12:3-12:25\">Pojemno\u015b\u0107 e-cieczy:<\/strong>\u00a0<strong data-sourcepos=\"12:26-12:34\">20ml<\/strong>\u00a0(D\u0142u\u017csze u\u017cytkowanie pomi\u0119dzy uzupe\u0142nieniami)<\/p>\n<p><strong data-sourcepos=\"13:3-13:18\">Liczba zaci\u0105gni\u0119\u0107:<\/strong>\u00a0<strong data-sourcepos=\"13:19-13:35\">12 000 zaci\u0105gni\u0119\u0107<\/strong>\u00a0(D\u0142u\u017csza \u017cywotno\u015b\u0107 w por\u00f3wnaniu ze standardowymi produktami jednorazowymi)<\/p>\n<p><strong data-sourcepos=\"14:3-14:15\">Wy\u015bwietlacz:<\/strong>\u00a0<strong data-sourcepos=\"14:16-14:54\">Wska\u017aniki poziomu baterii i e-soku<\/strong>\u00a0(\u015aledzenie precyzyjne)<\/p>\n<p><strong data-sourcepos=\"15:3-15:15\">Bateria:<\/strong>\u00a0<strong data-sourcepos=\"15:16-15:39\">Akumulator 850 mAh<\/strong>\u00a0(Szybko\u00a0<strong data-sourcepos=\"15:46-15:56\">Typ C<\/strong>\u00a0\u0142adowanie)<\/p>\n<p><strong data-sourcepos=\"16:3-16:22\">Opcje smakowe:<\/strong>\u00a0<strong data-sourcepos=\"16:23-16:39\">40 odmian<\/strong>\u00a0(Mieszanki owocowe, lodowe, deserowe i egzotyczne)<\/p>\n<p><strong data-sourcepos=\"17:3-17:17\">Opakowanie:<\/strong>Sprzeda\u017c detaliczna:\u00a0<strong data-sourcepos=\"18:13-18:34\">10 sztuk\/pude\u0142ko wystawowe <\/strong>Hurtowy:\u00a0<strong data-sourcepos=\"19:16-19:33\">200 sztuk\/karton<\/strong><\/p>\n<p>&nbsp;<\/p>\n<h3><span style=\"font-size: 90%;\">RandM Digital Box 12000 | 12 tys. puszek Jednorazowa lista smak\u00f3w Vape<\/span><\/h3>\n<p>1. Fajna mi\u0119ta<\/p>\n<p>2. L\u00f3d arbuzowy<\/p>\n<p>3. L\u00f3d winogronowy<\/p>\n<p>4.Malina jagodowa<\/p>\n<p>5. Arbuz truskawkowy<\/p>\n<p>6. Truskawkowy Banan<\/p>\n<p>7. Bujny l\u00f3d<\/p>\n<p>8.Wi\u015bnia<\/p>\n<p>9. L\u00f3d truskawkowy<\/p>\n<p>10. Lody<\/p>\n<p>11. R\u00f3\u017cowa lemoniada<\/p>\n<p>12.Mango na lodzie<\/p>\n<p>13. Mieszane jagody<\/p>\n<p>14. P\u0105czek z truskawkami<\/p>\n<p>15. Winogrono truskawkowe<\/p>\n<p>16. Wi\u015bniowa Cola<\/p>\n<p>17. Doktor Niebieski<\/p>\n<p>18. Bor\u00f3wka na lodzie<\/p>\n<p>19.Kiwi Gujawa z marakuji<\/p>\n<p>20.Truskawkowe Kiwi<\/p>\n<p>21.Brzoskwiniowe Mango<\/p>\n<p>22. L\u00f3d brzoskwiniowy<\/p>\n<p>23. L\u00f3d z czerwonych jab\u0142ek<\/p>\n<p>24.Jagodowa guma balonowa<\/p>\n<p>25.Lemoniada jagodowa<\/p>\n<p>26. Niebieska lemoniada Razz<\/p>\n<p>27.Niebieska Kwa\u015bna Malina<\/p>\n<p>28.Truskawkowy Red Bull<\/p>\n<p>29. Wybuch jag\u00f3d jab\u0142kowych<\/p>\n<p>30. Arbuzowa guma balonowa<\/p>\n<p>31. Arbuz malinowy<\/p>\n<p>32. Czarny l\u00f3d<\/p>\n<p>33. Bor\u00f3wka Wi\u015bnia \u017burawina<\/p>\n<p>34. Pompka truskawkowa<\/p>\n<p>35.Wimto<\/p>\n<p>36. Wi\u015bniowa Jagoda<\/p>\n<p>37. Cytryna i limonka<\/p>\n<p>38.Zauroczenie w bingo<\/p>\n<p>39.Jagodowe Kiwi<\/p>\n<p>40.Jab\u0142kowy Cynamon<\/p>\n<p>&nbsp;<\/p>\n<p><img loading=\"lazy\" decoding=\"async\" class=\"alignnone wp-image-1670 size-full\" src=\"https:\/\/pgvape.com\/wp-content\/uploads\/2025\/09\/Pgvape-RandM-Digital-Box-12K-puffs-Disposable-Vape-0-2-3-5-Nicotin-LED-Display-Vape-Factory-Direct-18.png\" alt=\"Siatka jednorazowych saszetek do vape w jaskrawych kolorach na delikatnym pastelowym tle, ka\u017cda kapsu\u0142ka przedstawia stylizowany portret ma\u0142py z kresk\u00f3wek i nadrukowane nazwy smak\u00f3w, takie jak Lush Ice, Strawberry Banana, Blueberry Raspberry, Cherry Cola i Peach Mango.\" width=\"2000\" height=\"1041\" srcset=\"https:\/\/pgvape.com\/wp-content\/uploads\/2025\/09\/Pgvape-RandM-Digital-Box-12K-puffs-Disposable-Vape-0-2-3-5-Nicotin-LED-Display-Vape-Factory-Direct-18.png 2000w, https:\/\/pgvape.com\/wp-content\/uploads\/2025\/09\/Pgvape-RandM-Digital-Box-12K-puffs-Disposable-Vape-0-2-3-5-Nicotin-LED-Display-Vape-Factory-Direct-18-555x289.png 555w, https:\/\/pgvape.com\/wp-content\/uploads\/2025\/09\/Pgvape-RandM-Digital-Box-12K-puffs-Disposable-Vape-0-2-3-5-Nicotin-LED-Display-Vape-Factory-Direct-18-595x310.png 595w, https:\/\/pgvape.com\/wp-content\/uploads\/2025\/09\/Pgvape-RandM-Digital-Box-12K-puffs-Disposable-Vape-0-2-3-5-Nicotin-LED-Display-Vape-Factory-Direct-18-400x208.png 400w, https:\/\/pgvape.com\/wp-content\/uploads\/2025\/09\/Pgvape-RandM-Digital-Box-12K-puffs-Disposable-Vape-0-2-3-5-Nicotin-LED-Display-Vape-Factory-Direct-18-768x400.png 768w, https:\/\/pgvape.com\/wp-content\/uploads\/2025\/09\/Pgvape-RandM-Digital-Box-12K-puffs-Disposable-Vape-0-2-3-5-Nicotin-LED-Display-Vape-Factory-Direct-18-1536x799.png 1536w, https:\/\/pgvape.com\/wp-content\/uploads\/2025\/09\/Pgvape-RandM-Digital-Box-12K-puffs-Disposable-Vape-0-2-3-5-Nicotin-LED-Display-Vape-Factory-Direct-18-18x9.png 18w, https:\/\/pgvape.com\/wp-content\/uploads\/2025\/09\/Pgvape-RandM-Digital-Box-12K-puffs-Disposable-Vape-0-2-3-5-Nicotin-LED-Display-Vape-Factory-Direct-18-600x312.png 600w, https:\/\/pgvape.com\/wp-content\/uploads\/2025\/09\/Pgvape-RandM-Digital-Box-12K-puffs-Disposable-Vape-0-2-3-5-Nicotin-LED-Display-Vape-Factory-Direct-18-60x31.png 60w\" sizes=\"auto, (max-width: 2000px) 100vw, 2000px\" \/><\/p>\n<p>&nbsp;<\/p>\n<h3><span style=\"font-size: 90%;\">RandM Digital Box 12000 | 12K zaci\u0105gni\u0119\u0107 Jednorazowy Vape <\/span><strong>Wideo:<br \/>\n<iframe loading=\"lazy\" title=\"RandM Digital Box 12000 | 12K zaci\u0105gni\u0119\u0107 jednorazowy Vape | 40 smak\u00f3w | Vape Factory Direct pgvape\" width=\"1020\" height=\"574\" src=\"https:\/\/www.youtube.com\/embed\/7AnaUnaG0uQ?feature=oembed\" frameborder=\"0\" allow=\"accelerometer; autoplay; clipboard-write; encrypted-media; gyroscope; picture-in-picture; web-share\" referrerpolicy=\"strict-origin-when-cross-origin\" allowfullscreen><\/iframe><br \/>\n<\/strong><\/h3>\n<p>&nbsp;<\/p>\n<h2 class=\"header-vfC6AV auto-hide-last-sibling-br\"><span style=\"font-size: 90%;\">Cz\u0119sto zadawane pytania dotycz\u0105ce RandM Digital Box 12000 | 12 tys. zaci\u0105gni\u0119\u0107 Jednorazowy waporyzator<\/span><\/h2>\n<p data-sourcepos=\"82:1-83:90\">\u2753 <strong data-sourcepos=\"82:3-82:48\">W jaki spos\u00f3b wy\u015bwietlacz zwi\u0119ksza wygod\u0119?<\/strong><br \/>\n\u2705 <strong data-sourcepos=\"83:7-83:25\">cyfrowy ekran<\/strong> pokazuje dok\u0142adnie <strong data-sourcepos=\"83:38-83:64\">poziom e-soku\/baterii<\/strong>, eliminuj\u0105c domys\u0142y.<\/p>\n<p data-sourcepos=\"85:1-86:51\">\u2753 <strong data-sourcepos=\"85:3-85:46\">Jaka opcja bez nikotyny jest dost\u0119pna?<\/strong><br \/>\n\u2705 Wybierz <strong data-sourcepos=\"86:10-86:25\">nikotyna 0%<\/strong> do wapowania wy\u0142\u0105cznie smakowego.<\/p>\n<p data-sourcepos=\"88:1-89:73\">\u2753 <strong data-sourcepos=\"88:3-88:37\">Jak d\u0142ugo dzia\u0142a urz\u0105dzenie?<\/strong><br \/>\n\u2705 <strong data-sourcepos=\"89:3-89:19\">12 000 zaci\u0105gni\u0119\u0107<\/strong> I <strong data-sourcepos=\"89:24-89:41\">Pojemno\u015b\u0107 20ml<\/strong> zapewni\u0107 tygodnie umiarkowanego u\u017cytkowania.<\/p>\n<p data-sourcepos=\"91:1-92:104\">\u2753 <strong data-sourcepos=\"91:3-91:46\">Czy smaki odpowiadaj\u0105 ka\u017cdemu upodobaniu?<\/strong><br \/>\n\u2705 <strong data-sourcepos=\"92:3-92:18\">Ponad 40 opcji<\/strong> prz\u0119s\u0142o <strong data-sourcepos=\"92:24-92:34\">owoce<\/strong>, <strong data-sourcepos=\"92:36-92:47\">mentol<\/strong>, <strong data-sourcepos=\"92:49-92:61\">desery<\/strong>, I <strong data-sourcepos=\"92:67-92:84\">unikalne mieszanki<\/strong> tak jak <strong data-sourcepos=\"92:90-92:101\">Mi\u0142o\u015b\u0107 66<\/strong>.<\/p>\n<p data-sourcepos=\"94:1-95:69\">\u2753 <strong data-sourcepos=\"94:3-94:39\">Czy zakup hurtowy jest op\u0142acalny?<\/strong><br \/>\n\u2705 Tak! <strong data-sourcepos=\"95:8-95:28\">Kartony po 200 sztuk<\/strong> oferuj\u0105 hurtowe oszcz\u0119dno\u015bci sprzedawcom detalicznym.<\/p>\n<p data-sourcepos=\"97:1-98:71\">\u2753 <strong data-sourcepos=\"97:3-97:42\">Jak szybko \u0142aduje si\u0119 akumulator?<br \/>\n<\/strong> \u2705 <strong data-sourcepos=\"98:3-98:18\">Port typu C<\/strong> tankuje <strong data-sourcepos=\"98:31-98:49\">Bateria 850 mAh<\/strong> W <strong data-sourcepos=\"98:53-98:68\">~45 minut<\/strong>.<\/p>\n<p>&nbsp;<\/p>\n<h3 id=\"brxe-najhln\" class=\"brxe-heading\">Cz\u0119sto zadawane pytania (FAQ)<\/h3>\n<div id=\"brxe-rajiac\" class=\"brxe-text\">\n<p><strong>P: Jakie metody p\u0142atno\u015bci akceptujecie?<\/strong><br \/>\nOdp.: Akceptujemy PayPal, Stripe, przelewy bankowe (obs\u0142ugiwane SEPA), g\u0142\u00f3wne karty kredytowe (Visa, MasterCard, American Express) i p\u0142atno\u015bci w kryptowalutach.<\/p>\n<p><strong>P: Jak d\u0142ugo trwa przygotowanie zam\u00f3wienia?<\/strong><br \/>\nOdp.: Przygotowanie zam\u00f3wienia zajmuje 1-3 dni robocze.<\/p>\n<p><strong>P: Jaki jest czas wysy\u0142ki?<\/strong><br \/>\nOdp.: Czas wysy\u0142ki wynosi 7-14 dni roboczych, w zale\u017cno\u015bci od Twojej lokalizacji.<\/p>\n<p><strong>P: Jak mog\u0119 \u015bledzi\u0107 moje zam\u00f3wienie?<\/strong><br \/>\nOdp.: Po wysy\u0142ce otrzymasz wiadomo\u015b\u0107 e-mail z potwierdzeniem i numerem przesy\u0142ki umo\u017cliwiaj\u0105cym \u015bledzenie w czasie rzeczywistym.<\/p>\n<p><strong>P: Jaka jest Twoja polityka zwrot\u00f3w?<\/strong><br \/>\nOdp.: Oferujemy 30-dniow\u0105 polityk\u0119 zwrot\u00f3w lub wymiany. .<\/p>\n<p><strong>P: Czy wyst\u0105pi\u0105 jakie\u015b problemy celne?<br \/>\n<\/strong>Obs\u0142ugujemy wszystkie procedury odprawy celnej, aby zapewni\u0107 Ci bezproblemow\u0105 obs\u0142ug\u0119. .<\/p>\n<p><strong>P: Jakie metody wysy\u0142ki s\u0105 stosowane?<\/strong><br \/>\nWsp\u00f3\u0142pracujemy z firmami UPS\/DHL\/FEDEX\/DPD itp. W zale\u017cno\u015bci od kraju dostawy wybierzemy odpowiedni\u0105 opcj\u0119 wysy\u0142ki, tak aby produkty dotar\u0142y do \u200b\u200bPa\u0144stwa najszybciej jak to mo\u017cliwe.<\/p>\n<p><a href=\"https:\/\/pgvape.com\/pl\/czesto-zadawane-pytania\/\">Kliknij tutaj, aby uzyska\u0107 wi\u0119cej cz\u0119sto zadawanych pyta\u0144<\/a><\/p>\n<p>Szanowni klienci, je\u015bli masz jakiekolwiek pytania dotycz\u0105ce zam\u00f3wienia lub przybycia towaru, skontaktuj si\u0119 z naszym dzia\u0142em obs\u0142ugi klienta. Dzi\u0119kuj\u0119!<\/p>\n<h3 data-sourcepos=\"73:1-73:21\"><strong data-sourcepos=\"73:7-73:21\">Skontaktuj si\u0119 z nami<\/strong><\/h3>\n<div id=\"text-2419739398\" class=\"text\">\n<p><strong data-sourcepos=\"75:3-75:12\">E-mail<\/strong>:\u00a0<a href=\"mailto:support@pgvape.com\"><strong>support@pgvape.com<\/strong><\/a><\/p>\n<p><strong data-sourcepos=\"76:3-76:15\">WhatsApp<\/strong>: <a href=\"https:\/\/wa.me\/+8618128481258\"><strong>+86 18128481258<\/strong><\/a><br \/>\n<strong>(Odpowied\u017a w ci\u0105gu 24 godzin w dni robocze)<\/strong><\/p>\n<\/div>\n<h3><strong>Dzi\u0119kujemy za wybranie pgvape.com! .<\/strong><\/h3>\n<\/div>","protected":false},"excerpt":{"rendered":"<p><strong data-sourcepos=\"103:5-103:32\">RandM Digital Box 12000<\/strong> \u0142\u0105czy si\u0119 <strong data-sourcepos=\"103:40-103:64\">waporyzacja o du\u017cej pojemno\u015bci<\/strong> (12 tys. zaci\u0105gni\u0119\u0107, 20 ml) z <strong data-sourcepos=\"103:88-103:108\">inteligentna technologia<\/strong> (wy\u015bwietlacz cyfrowy, \u0142adowanie typu C). <strong data-sourcepos=\"103:150-103:174\">0%\/2%\/3%\/5% nikotyna<\/strong> I <strong data-sourcepos=\"103:179-103:194\">Ponad 40 smak\u00f3w<\/strong>, zaspokaja potrzeby ka\u017cdego vapera.<strong data-sourcepos=\"103:250-103:269\">10 sztuk lub 200 sztuk<\/strong>) sprawia, \u017ce \u200b\u200bjest to obiekt wyr\u00f3\u017cniaj\u0105cy si\u0119 pod wzgl\u0119dem komercyjnym.<\/p>","protected":false},"featured_media":1653,"comment_status":"open","ping_status":"closed","template":"","meta":{"_seopress_robots_primary_cat":"none","_seopress_titles_title":"%%post_title%% %%sep%% %%sitetitle%%","_seopress_titles_desc":"","_seopress_robots_index":""},"product_brand":[516,148],"product_cat":[147,515,26],"product_tag":[151,152,153,150,108,79,490,149,109],"class_list":{"0":"post-1650","1":"product","2":"type-product","3":"status-publish","4":"has-post-thumbnail","6":"product_brand-disposable-vape","7":"product_brand-randm-digital-vape","8":"product_cat-12k-puffs-vape","9":"product_cat-disposable-vape","10":"product_cat-fumot-vape","11":"product_tag-12k-puffs","12":"product_tag-12k-vape","13":"product_tag-40-flavors-for","14":"product_tag-digital-box","15":"product_tag-disposable","16":"product_tag-led-display","17":"product_tag-minimum-2-pieces","18":"product_tag-randm","19":"product_tag-vape","21":"first","22":"instock","23":"sale","24":"shipping-taxable","25":"purchasable","26":"product-type-variable"},"_links":{"self":[{"href":"https:\/\/pgvape.com\/pl\/wp-json\/wp\/v2\/product\/1650","targetHints":{"allow":["GET"]}}],"collection":[{"href":"https:\/\/pgvape.com\/pl\/wp-json\/wp\/v2\/product"}],"about":[{"href":"https:\/\/pgvape.com\/pl\/wp-json\/wp\/v2\/types\/product"}],"replies":[{"embeddable":true,"href":"https:\/\/pgvape.com\/pl\/wp-json\/wp\/v2\/comments?post=1650"}],"wp:featuredmedia":[{"embeddable":true,"href":"https:\/\/pgvape.com\/pl\/wp-json\/wp\/v2\/media\/1653"}],"wp:attachment":[{"href":"https:\/\/pgvape.com\/pl\/wp-json\/wp\/v2\/media?parent=1650"}],"wp:term":[{"taxonomy":"product_brand","embeddable":true,"href":"https:\/\/pgvape.com\/pl\/wp-json\/wp\/v2\/product_brand?post=1650"},{"taxonomy":"product_cat","embeddable":true,"href":"https:\/\/pgvape.com\/pl\/wp-json\/wp\/v2\/product_cat?post=1650"},{"taxonomy":"product_tag","embeddable":true,"href":"https:\/\/pgvape.com\/pl\/wp-json\/wp\/v2\/product_tag?post=1650"}],"curies":[{"name":"wp","href":"https:\/\/api.w.org\/{rel}","templated":true}]}}