{"id":1578,"date":"2025-09-28T11:44:57","date_gmt":"2025-09-28T11:44:57","guid":{"rendered":"https:\/\/pgvape.com\/?post_type=product&#038;p=1578"},"modified":"2026-04-13T10:43:19","modified_gmt":"2026-04-13T10:43:19","slug":"uzy-triple-favour-60000-60-tys-zaciagniec-jednorazowy-waporyzator-3-w-1-z-inteligentnym-wyswietlaczem-led-vape-factory-direct","status":"publish","type":"product","link":"https:\/\/pgvape.com\/pl\/produkt\/uzy-triple-favour-60000-60-tys-zaciagniec-jednorazowy-waporyzator-3-w-1-z-inteligentnym-wyswietlaczem-led-vape-factory-direct\/","title":{"rendered":"UZY Triple Flavour 60000 60K Puffs 3 w 1 Jednorazowy Vape Z Inteligentnym Wy\u015bwietlaczem LED Vape Factory Direct"},"content":{"rendered":"<div class=\"auto-hide-last-sibling-br paragraph-JOTKXA paragraph-element br-paragraph-space\">\n<p><strong data-sourcepos=\"6:5-6:38\">UZY Potr\u00f3jny Smak 60000 Ptysi\u00f3w<\/strong> na nowo definiuje waporyzacj\u0119 <strong data-sourcepos=\"6:65-6:100\">innowacyjny system smakowy 3 w 1<\/strong> I <strong data-sourcepos=\"6:105-6:132\">60 000 bardzo d\u0142ugich zaci\u0105gni\u0119\u0107<\/strong>. <strong data-sourcepos=\"6:144-6:186\">trzy oddzielne zbiorniki o pojemno\u015bci 18 ml (\u0142\u0105cznie 54 ml)<\/strong>, jakie oferuje to urz\u0105dzenie <strong data-sourcepos=\"6:207-6:235\">przed\u0142u\u017cone sesje wapowania<\/strong> z <strong data-sourcepos=\"6:241-6:261\">zerowa konserwacja<\/strong>. <strong data-sourcepos=\"6:267-6:287\">cewka z potr\u00f3jn\u0105 siatk\u0105<\/strong> dostarcza <strong data-sourcepos=\"6:297-6:316\">40% wi\u0119cej smaku<\/strong><span class=\"CustomP_animated_char__m3r9w\">\u00a0<\/span><span class=\"CustomP_animated_char__m3r9w\">I<\/span><span class=\"CustomP_animated_char__m3r9w\">\u00a0<\/span><strong data-sourcepos=\"6:321-6:337\">g\u0119stsza para<\/strong>, podczas gdy <strong data-sourcepos=\"6:349-6:380\">Akumulator o pojemno\u015bci 850 mAh<\/strong> z <strong data-sourcepos=\"6:386-6:410\">Szybkie \u0142adowanie typu C<\/strong> zapewnia <strong data-sourcepos=\"6:419-6:436\">moc na ca\u0142y dzie\u0144<\/strong>. <strong data-sourcepos=\"6:450-6:484\">0%\/2%\/3%\/5% moc nikotyny<\/strong> I <strong data-sourcepos=\"6:489-6:516\">10 tri\u00f3w smakowych premium<\/strong><span class=\"CustomP_animated_char__m3r9w\">\u00a0<\/span><span class=\"CustomP_animated_char__m3r9w\">Do<\/span><span class=\"CustomP_animated_char__m3r9w\">\u00a0<\/span><span class=\"CustomP_animated_char__m3r9w\">the<\/span><span class=\"CustomP_animated_char__m3r9w\">\u00a0<\/span><strong data-sourcepos=\"6:525-6:561\">maksymalne mo\u017cliwo\u015bci dostosowania<\/strong><span class=\"CustomP_animated_char__m3r9w\">.<\/span><\/p>\n<p>&nbsp;<\/p>\n<\/div>\n<h2><span style=\"font-size: 90%;\">UZY Triple Flavour 60000 | 60K Puffs Jednorazowy Vape 3 w 1 Specyfikacja produktu<\/span><\/h2>\n<p><strong data-sourcepos=\"11:3-11:17\">Liczba puf\u00f3w<\/strong>: 60 000 zaci\u0105gni\u0119\u0107<\/p>\n<p><strong data-sourcepos=\"12:3-12:24\">Pojemno\u015b\u0107 e-cieczy<\/strong>: 54 ml (18 ml \u00d7 3 smaki)<\/p>\n<p><strong data-sourcepos=\"13:3-13:11\">Cewka<\/strong>: Potr\u00f3jna cewka siatkowa<\/p>\n<p><strong data-sourcepos=\"14:3-14:14\">Bateria<\/strong>: Akumulator 850 mAh<\/p>\n<p><strong data-sourcepos=\"15:3-15:15\">\u0141adowanie<\/strong>: Szybkie \u0142adowanie typu C<\/p>\n<p><strong data-sourcepos=\"16:3-16:14\">Wy\u015bwietlacz<\/strong>: Inteligentna dioda LED (bateria i p\u0142yn elektroniczny)<\/p>\n<p><strong data-sourcepos=\"17:3-17:15\">Nikotyna<\/strong>: 0% \/ 2% \/ 3% \/ 5%<\/p>\n<p><strong data-sourcepos=\"18:3-18:12\">Tryby<\/strong>: Ustawienia mocy profesjonalnej i maksymalnej<\/p>\n<p><strong data-sourcepos=\"19:3-19:14\">Smaki<\/strong>: 10 profesjonalnie wybranych trio<\/p>\n<h3><span style=\"font-size: 90%;\"><br \/>\nUZY Triple Flavour 60000 | 60K Puffs 3 w 1 Jednorazowa lista smak\u00f3w Vape<\/span><\/h3>\n<p>1. Jagoda Malina i Truskawka Kiwi i Cytryna Limonka<\/p>\n<p>2.Kiwi, marakuja, gujawa, l\u00f3d jagodowy i brzoskwinia, mango<\/p>\n<p>3. Truskawkowy arbuz i cola Lodowa i wi\u015bniowa cola<\/p>\n<p>4. L\u00f3d brzoskwiniowy i truskawkowo-malinowo-wi\u015bniowy i dwa lody jab\u0142kowe<\/p>\n<p>5. Grape Ice &amp; Love 666 i Truskawkowy Red Bull<\/p>\n<p>6. Pan Niebieski i Gummy Mi\u015b oraz Red Bull Ice<\/p>\n<p>7.Peach Mango Ananas i Blue Razz Ice i Malinowy Arbuz<\/p>\n<p>8. L\u00f3d arbuzowy i potr\u00f3jny l\u00f3d melonowy i truskawkowo-bananowy<\/p>\n<p>9. Letni l\u00f3d brzoskwiniowy i truskawkowy oraz niebieski l\u00f3d Razz<\/p>\n<p>10. L\u00f3d wi\u015bniowy i mieszane jagody oraz l\u00f3d czarnego smoka<\/p>\n<p><img loading=\"lazy\" decoding=\"async\" class=\"alignnone wp-image-1591 size-full\" src=\"https:\/\/pgvape.com\/wp-content\/uploads\/2025\/09\/Pgvape-UZY-Triple-Flavor-60000-Puff-3-in-Disposable-Vape-Cigarette-With-Smart-LED-Display-10.png\" alt=\"Dziesi\u0119\u0107 jednorazowych urz\u0105dze\u0144 do waporyzacji w jaskrawych kolorach, rozmieszczonych w dw\u00f3ch rz\u0119dach, ka\u017cdy z logo ma\u0142py z kresk\u00f3wek i charakterystycznymi blokami kolor\u00f3w, z oznakowanymi etykietami smakowymi i \u017cywymi t\u0142ami z plamami owoc\u00f3w przedstawiaj\u0105cymi jagody, cytrusy, arbuzy i inne owoce.\" width=\"1920\" height=\"1920\" srcset=\"https:\/\/pgvape.com\/wp-content\/uploads\/2025\/09\/Pgvape-UZY-Triple-Flavor-60000-Puff-3-in-Disposable-Vape-Cigarette-With-Smart-LED-Display-10.png 1920w, https:\/\/pgvape.com\/wp-content\/uploads\/2025\/09\/Pgvape-UZY-Triple-Flavor-60000-Puff-3-in-Disposable-Vape-Cigarette-With-Smart-LED-Display-10-360x360.png 360w, https:\/\/pgvape.com\/wp-content\/uploads\/2025\/09\/Pgvape-UZY-Triple-Flavor-60000-Puff-3-in-Disposable-Vape-Cigarette-With-Smart-LED-Display-10-595x595.png 595w, https:\/\/pgvape.com\/wp-content\/uploads\/2025\/09\/Pgvape-UZY-Triple-Flavor-60000-Puff-3-in-Disposable-Vape-Cigarette-With-Smart-LED-Display-10-400x400.png 400w, https:\/\/pgvape.com\/wp-content\/uploads\/2025\/09\/Pgvape-UZY-Triple-Flavor-60000-Puff-3-in-Disposable-Vape-Cigarette-With-Smart-LED-Display-10-768x768.png 768w, https:\/\/pgvape.com\/wp-content\/uploads\/2025\/09\/Pgvape-UZY-Triple-Flavor-60000-Puff-3-in-Disposable-Vape-Cigarette-With-Smart-LED-Display-10-1536x1536.png 1536w, https:\/\/pgvape.com\/wp-content\/uploads\/2025\/09\/Pgvape-UZY-Triple-Flavor-60000-Puff-3-in-Disposable-Vape-Cigarette-With-Smart-LED-Display-10-12x12.png 12w, https:\/\/pgvape.com\/wp-content\/uploads\/2025\/09\/Pgvape-UZY-Triple-Flavor-60000-Puff-3-in-Disposable-Vape-Cigarette-With-Smart-LED-Display-10-300x300.png 300w, https:\/\/pgvape.com\/wp-content\/uploads\/2025\/09\/Pgvape-UZY-Triple-Flavor-60000-Puff-3-in-Disposable-Vape-Cigarette-With-Smart-LED-Display-10-600x600.png 600w, https:\/\/pgvape.com\/wp-content\/uploads\/2025\/09\/Pgvape-UZY-Triple-Flavor-60000-Puff-3-in-Disposable-Vape-Cigarette-With-Smart-LED-Display-10-100x100.png 100w, https:\/\/pgvape.com\/wp-content\/uploads\/2025\/09\/Pgvape-UZY-Triple-Flavor-60000-Puff-3-in-Disposable-Vape-Cigarette-With-Smart-LED-Display-10-40x40.png 40w\" sizes=\"auto, (max-width: 1920px) 100vw, 1920px\" \/><\/p>\n<p>&nbsp;<\/p>\n<h3><span style=\"font-size: 90%;\">UZY 60000 60K Puffs Jednorazowy d\u0142ugopis Vape\u00a0<strong>Wideo:<\/strong><\/span><\/h3>\n<p><iframe loading=\"lazy\" title=\"UZY Triple Flavour 60000 | 60 tys. zaci\u0105gni\u0119\u0107 Jednorazowy Vape 3 w 1 | Z inteligentnym wy\u015bwietlaczem LED | pgvape\" width=\"1020\" height=\"574\" src=\"https:\/\/www.youtube.com\/embed\/gjWi4IFq9Y8?feature=oembed\" frameborder=\"0\" allow=\"accelerometer; autoplay; clipboard-write; encrypted-media; gyroscope; picture-in-picture; web-share\" referrerpolicy=\"strict-origin-when-cross-origin\" allowfullscreen><\/iframe><\/p>\n<p>&nbsp;<\/p>\n<h2 class=\"header-vfC6AV auto-hide-last-sibling-br\"><span style=\"font-size: 90%;\">Cz\u0119sto zadawane pytania dotycz\u0105ce UZY Triple Flavour 60000 | 60K Puffs Jednorazowy waporyzator 3 w 1<\/span><\/h2>\n<p data-sourcepos=\"38:1-39:86\">\u2753 <strong data-sourcepos=\"38:3-38:39\">Jak dzia\u0142a system 3 w 1?<\/strong><br \/>\n\u2705 <strong data-sourcepos=\"39:3-39:35\">Obracaj si\u0119 pomi\u0119dzy trzema smakami<\/strong> lub ciesz si\u0119 nimi sekwencyjnie <strong data-sourcepos=\"39:67-39:86\">niesko\u0144czona r\u00f3\u017cnorodno\u015b\u0107<\/strong><\/p>\n<p data-sourcepos=\"41:1-42:85\">\u2753 <strong data-sourcepos=\"41:3-41:45\">Co sprawia, \u017ce \u200b\u200bjako\u015b\u0107 pary jest doskona\u0142a?<\/strong><br \/>\n\u2705 <strong data-sourcepos=\"42:3-42:24\">Cewki z potr\u00f3jn\u0105 siatk\u0105<\/strong> dostarcza\u0107 <strong data-sourcepos=\"42:33-42:51\">g\u0142adsze rysunki<\/strong> I <strong data-sourcepos=\"42:56-42:85\">50% wi\u0119ksza intensywno\u015b\u0107 smaku<\/strong><\/p>\n<p data-sourcepos=\"44:1-45:82\">\u2753 <strong data-sourcepos=\"44:3-44:42\">Czy liczba 60 000 zaci\u0105gni\u0119\u0107 jest realistyczna?<\/strong><\/p>\n<p data-sourcepos=\"44:1-45:82\">\u2705 <strong data-sourcepos=\"45:3-45:30\">Zoptymalizowana pojemno\u015b\u0107 54 ml<\/strong> zapewnia <strong data-sourcepos=\"45:39-45:63\">tygodnie regularnego stosowania<\/strong> bez kompromis\u00f3w<\/p>\n<p data-sourcepos=\"47:1-48:29\">\u2753 <strong data-sourcepos=\"47:3-47:42\">Czy mog\u0119 dostosowa\u0107 do\u015bwiadczenie waporyzacji?<\/strong><br \/>\n\u2705 <strong data-sourcepos=\"48:3-48:11\">Tak!<\/strong> Prze\u0142\u0105cz pomi\u0119dzy:<strong data-sourcepos=\"49:3-49:15\">Tryb profesjonalny<\/strong>: Zr\u00f3wnowa\u017cony smak i para <strong data-sourcepos=\"50:3-50:15\">Tryb maksymalny<\/strong>: Intensywne chmury i mocniejsze uderzenie w gard\u0142o<\/p>\n<p data-sourcepos=\"52:1-55:51\">\u2753 <strong data-sourcepos=\"52:3-52:36\">Dla kogo ten waporyzator jest idealny?<br \/>\n<\/strong>\u2705 Mi\u0142o\u015bnicy smak\u00f3w chc\u0105cy <strong data-sourcepos=\"53:30-53:56\">wiele opcji smakowych<\/strong>\u00a0 Poszukiwani \u0142owcy chmur <strong data-sourcepos=\"54:25-54:51\">g\u0119sta produkcja pary <\/strong>Ci\u0119\u017ccy u\u017cytkownicy potrzebuj\u0105 <strong data-sourcepos=\"55:23-55:51\">d\u0142ugotrwa\u0142e dzia\u0142anie<\/strong><\/p>\n<p>&nbsp;<\/p>\n<h3 id=\"brxe-najhln\" class=\"brxe-heading\">Cz\u0119sto zadawane pytania (FAQ)<\/h3>\n<div id=\"brxe-rajiac\" class=\"brxe-text\">\n<p><strong>P: Jakie metody p\u0142atno\u015bci akceptujecie?<\/strong><br \/>\nOdp.: Akceptujemy PayPal, Stripe, przelewy bankowe (obs\u0142ugiwane SEPA), g\u0142\u00f3wne karty kredytowe (Visa, MasterCard, American Express) i p\u0142atno\u015bci w kryptowalutach.<\/p>\n<p><strong>P: Jak d\u0142ugo trwa przygotowanie zam\u00f3wienia?<\/strong><br \/>\nOdp.: Przygotowanie zam\u00f3wienia zajmuje 1-3 dni robocze.<\/p>\n<p><strong>P: Jaki jest czas wysy\u0142ki?<\/strong><br \/>\nOdp.: Czas wysy\u0142ki wynosi 7-14 dni roboczych, w zale\u017cno\u015bci od Twojej lokalizacji.<\/p>\n<p><strong>P: Jak mog\u0119 \u015bledzi\u0107 moje zam\u00f3wienie?<\/strong><br \/>\nOdp.: Po wysy\u0142ce otrzymasz wiadomo\u015b\u0107 e-mail z potwierdzeniem i numerem przesy\u0142ki umo\u017cliwiaj\u0105cym \u015bledzenie w czasie rzeczywistym.<\/p>\n<p><strong>P: Jaka jest Twoja polityka zwrot\u00f3w?<\/strong><br \/>\nOdp.: Oferujemy 30-dniow\u0105 polityk\u0119 zwrot\u00f3w lub wymiany. .<\/p>\n<p><strong>P: Czy wyst\u0105pi\u0105 jakie\u015b problemy celne?<br \/>\n<\/strong>Obs\u0142ugujemy wszystkie procedury odprawy celnej, aby zapewni\u0107 Ci bezproblemow\u0105 obs\u0142ug\u0119. .<\/p>\n<p><strong>P: Jakie metody wysy\u0142ki s\u0105 stosowane?<\/strong><br \/>\nWsp\u00f3\u0142pracujemy z firmami UPS\/DHL\/FEDEX\/DPD itp. W zale\u017cno\u015bci od kraju dostawy wybierzemy odpowiedni\u0105 opcj\u0119 wysy\u0142ki, tak aby produkty dotar\u0142y do \u200b\u200bPa\u0144stwa najszybciej jak to mo\u017cliwe.<\/p>\n<p><a href=\"https:\/\/pgvape.com\/pl\/czesto-zadawane-pytania\/\">Kliknij tutaj, aby uzyska\u0107 wi\u0119cej cz\u0119sto zadawanych pyta\u0144<\/a><\/p>\n<p>Szanowni klienci, je\u015bli masz jakiekolwiek pytania dotycz\u0105ce zam\u00f3wienia lub przybycia towaru, skontaktuj si\u0119 z naszym dzia\u0142em obs\u0142ugi klienta. Dzi\u0119kuj\u0119!<\/p>\n<h3 data-sourcepos=\"73:1-73:21\"><strong data-sourcepos=\"73:7-73:21\">Skontaktuj si\u0119 z nami<\/strong><\/h3>\n<div id=\"text-2419739398\" class=\"text\">\n<p><strong data-sourcepos=\"75:3-75:12\">E-mail<\/strong>:\u00a0<a href=\"mailto:support@pgvape.com\"><strong>support@pgvape.com<\/strong><\/a><\/p>\n<p><strong data-sourcepos=\"76:3-76:15\">WhatsApp<\/strong>: <a href=\"https:\/\/wa.me\/+8618128481258\"><strong>+86 18128481258<\/strong><\/a><br \/>\n<strong>(Odpowied\u017a w ci\u0105gu 24 godzin w dni robocze)<\/strong><\/p>\n<\/div>\n<h3><strong>Dzi\u0119kujemy za wybranie pgvape.com! .<\/strong><\/h3>\n<\/div>","protected":false},"excerpt":{"rendered":"<p>\u201c<strong data-sourcepos=\"60:2-60:27\">UZY Potr\u00f3jny Smak 60K<\/strong>: <strong data-sourcepos=\"60:33-60:69\">ostateczny wielosmakowy jednorazowy<\/strong> z <strong data-sourcepos=\"60:75-60:91\">60 000 zaci\u0105gni\u0119\u0107<\/strong>, <strong data-sourcepos=\"60:93-60:110\">Pojemno\u015b\u0107 54 ml<\/strong>, I <strong data-sourcepos=\"60:116-60:135\">10 trio smakowych<\/strong>. <strong data-sourcepos=\"60:146-60:167\">cewki z potr\u00f3jn\u0105 siatk\u0105<\/strong>, <strong data-sourcepos=\"60:169-60:189\">regulowane tryby<\/strong>, I <strong data-sourcepos=\"60:195-60:212\">inteligentny wy\u015bwietlacz<\/strong> Do <strong data-sourcepos=\"60:217-60:238\">spersonalizowane wapowanie<\/strong>.\u201d<\/p>","protected":false},"featured_media":1592,"comment_status":"open","ping_status":"closed","template":"","meta":{"_seopress_robots_primary_cat":"none","_seopress_titles_title":"%%post_title%% %%sep%% %%sitetitle%%","_seopress_titles_desc":"","_seopress_robots_index":""},"product_brand":[516,144],"product_cat":[48,515,27],"product_tag":[46,146,51,52,108,143,47,145,109],"class_list":{"0":"post-1578","1":"product","2":"type-product","3":"status-publish","4":"has-post-thumbnail","6":"product_brand-disposable-vape","7":"product_brand-uzy-triple-flavor-vape","8":"product_cat-60k-puffs-vape","9":"product_cat-disposable-vape","10":"product_cat-uzy-vape","11":"product_tag-3-in-1","12":"product_tag-146","13":"product_tag-60k-puffs","14":"product_tag-60k-vape","15":"product_tag-disposable","16":"product_tag-smart-led-display","17":"product_tag-triple-flavor","18":"product_tag-uzy","19":"product_tag-vape","21":"first","22":"instock","23":"sale","24":"shipping-taxable","25":"purchasable","26":"product-type-variable"},"_links":{"self":[{"href":"https:\/\/pgvape.com\/pl\/wp-json\/wp\/v2\/product\/1578","targetHints":{"allow":["GET"]}}],"collection":[{"href":"https:\/\/pgvape.com\/pl\/wp-json\/wp\/v2\/product"}],"about":[{"href":"https:\/\/pgvape.com\/pl\/wp-json\/wp\/v2\/types\/product"}],"replies":[{"embeddable":true,"href":"https:\/\/pgvape.com\/pl\/wp-json\/wp\/v2\/comments?post=1578"}],"wp:featuredmedia":[{"embeddable":true,"href":"https:\/\/pgvape.com\/pl\/wp-json\/wp\/v2\/media\/1592"}],"wp:attachment":[{"href":"https:\/\/pgvape.com\/pl\/wp-json\/wp\/v2\/media?parent=1578"}],"wp:term":[{"taxonomy":"product_brand","embeddable":true,"href":"https:\/\/pgvape.com\/pl\/wp-json\/wp\/v2\/product_brand?post=1578"},{"taxonomy":"product_cat","embeddable":true,"href":"https:\/\/pgvape.com\/pl\/wp-json\/wp\/v2\/product_cat?post=1578"},{"taxonomy":"product_tag","embeddable":true,"href":"https:\/\/pgvape.com\/pl\/wp-json\/wp\/v2\/product_tag?post=1578"}],"curies":[{"name":"wp","href":"https:\/\/api.w.org\/{rel}","templated":true}]}}