{"id":1555,"date":"2025-09-28T10:14:05","date_gmt":"2025-09-28T10:14:05","guid":{"rendered":"https:\/\/pgvape.com\/?post_type=product&#038;p=1555"},"modified":"2026-03-05T09:54:20","modified_gmt":"2026-03-05T09:54:20","slug":"uzy-crystal-twin-50000-50-tys-zaciagniec-podwojny-smak-jednorazowe-vape-inteligentny-wyswietlacz-led-vape-factory-direct","status":"publish","type":"product","link":"https:\/\/pgvape.com\/pl\/produkt\/uzy-crystal-twin-50000-50-tys-zaciagniec-podwojny-smak-jednorazowe-vape-inteligentny-wyswietlacz-led-vape-factory-direct\/","title":{"rendered":"UZY Crystal Twin 50000 50K Puffs Podw\u00f3jny smak Jednorazowy Vape Inteligentny wy\u015bwietlacz LED Vape Factory Direct"},"content":{"rendered":"<div class=\"auto-hide-last-sibling-br paragraph-JOTKXA paragraph-element br-paragraph-space\">\n<p><strong data-sourcepos=\"6:5-6:37\">UZY Crystal Twin 50000 zaci\u0105gni\u0119\u0107<\/strong> na nowo definiuje waporyzacj\u0119 premium za pomoc\u0105 swojego produktu <strong data-sourcepos=\"6:72-6:105\">innowacyjny system podw\u00f3jnego smaku<\/strong> I <strong data-sourcepos=\"6:110-6:137\">50 000 bardzo d\u0142ugich zaci\u0105gni\u0119\u0107<\/strong>. <strong data-sourcepos=\"6:149-6:173\">podw\u00f3jne cewki siatkowe 0,9 \u03a9<\/strong> Do <strong data-sourcepos=\"6:178-6:196\">g\u0142adsza para<\/strong> I <strong data-sourcepos=\"6:201-6:220\">wzmocniony smak<\/strong>, to urz\u0105dzenie \u0142\u0105czy <strong data-sourcepos=\"6:243-6:269\">Pojemno\u015b\u0107 e-liquidu 40 ml<\/strong> (20 ml\u00d72) z <strong data-sourcepos=\"6:287-6:318\">Akumulator o pojemno\u015bci 850 mAh<\/strong> Do <strong data-sourcepos=\"6:323-6:347\">rozszerzona wydajno\u015b\u0107<\/strong>. <strong data-sourcepos=\"6:353-6:377\">krystalicznie czysty design<\/strong> domy A <strong data-sourcepos=\"6:387-6:408\">inteligentny wy\u015bwietlacz LED<\/strong> to \u015bledzi <strong data-sourcepos=\"6:421-6:435\">liczba zaci\u0105gni\u0119\u0107<\/strong>, <strong data-sourcepos=\"6:437-6:453\">\u017cywotno\u015b\u0107 baterii<\/strong>, I <strong data-sourcepos=\"6:459-6:473\">poziom oleju<\/strong> w czasie rzeczywistym. <strong data-sourcepos=\"6:501-6:535\">0%\/2%\/3%\/5% moc nikotyny<\/strong> I <strong data-sourcepos=\"6:540-6:558\">10 duet\u00f3w smakowych<\/strong>, jest idealny dla wymagaj\u0105cych vaper\u00f3w <strong data-sourcepos=\"6:595-6:604\">styl<\/strong> I <strong data-sourcepos=\"6:609-6:622\">substancja<\/strong>.<\/p>\n<p>&nbsp;<\/p>\n<\/div>\n<h2><span style=\"font-size: 90%;\">UZY Crystal Twin 50000 | 50K Puffs Jednorazowy Vape o podw\u00f3jnym smaku Specyfikacja produktu<\/span><\/h2>\n<p><strong data-sourcepos=\"11:3-11:17\">Liczba puf\u00f3w<\/strong>: 50 000 zaci\u0105gni\u0119\u0107<\/p>\n<p><strong data-sourcepos=\"12:3-12:15\">E-ciecz<\/strong>: 40 ml (20 ml \u00d7 2 smaki)<\/p>\n<p><strong data-sourcepos=\"13:3-13:11\">Cewka<\/strong>: Podw\u00f3jne cewki siatkowe 0,9 \u03a9<\/p>\n<p><strong data-sourcepos=\"14:3-14:14\">Bateria<\/strong>: Akumulator 850 mAh<\/p>\n<p><strong data-sourcepos=\"15:3-15:15\">\u0141adowanie<\/strong>: Szybkie \u0142adowanie typu C<\/p>\n<p><strong data-sourcepos=\"16:3-16:14\">Wy\u015bwietlacz<\/strong>: Inteligentna dioda LED (Puff\/Bateria\/Olej)<\/p>\n<p><strong data-sourcepos=\"17:3-17:15\">Nikotyna<\/strong>: 0% \/ 2% \/ 3% \/ 5%<\/p>\n<p><strong data-sourcepos=\"18:3-18:13\">Projekt<\/strong>: Kryszta\u0142owa skorupa z o\u015bwietleniem RGB<\/p>\n<p><strong data-sourcepos=\"19:3-19:13\">Waga<\/strong>: 105g |\u00a0<strong data-sourcepos=\"19:22-19:30\">Rozmiar<\/strong>: 61\u00d731\u00d7115 mm<\/p>\n<p><strong data-sourcepos=\"20:3-20:16\">Opakowanie<\/strong>: 10 sztuk\/opakowanie, 200 sztuk\/szt<\/p>\n<p>&nbsp;<\/p>\n<h3><span style=\"font-size: 90%;\">UZY Crystal Twin 50000 | 50K Puffs Double Flavour Jednorazowa lista smak\u00f3w Vape<br \/>\n<\/span><span style=\"color: #555555; font-size: 14.4px;\">1. Jagoda na lodzie \/ Letni l\u00f3d brzoskwiniowy<\/span><\/h3>\n<p>2.Kiwi Marakuja Gujawa \/ Jagoda Malina<\/p>\n<p>3.Truskawkowe Kiwi \/ L\u00f3d winogronowy<\/p>\n<p>4.Kiwi Marakuja Gujawa \/ Dwa Jab\u0142ka<\/p>\n<p>5. Arbuz Truskawkowy \/ Limonka Cytrynowa<\/p>\n<p>6.Malina Jagodowa\/L\u00f3d Wi\u015bniowy<\/p>\n<p>7.Truskawka Malina Wi\u015bnia \/ Mr Blue<\/p>\n<p>8.Peach Mango Ananas \/ Red Bull<\/p>\n<p>9. L\u00f3d arbuzowy \/ Mieszane jagody<\/p>\n<p>10.Truskawkowy Banan \/ Mi\u0142o\u015b\u0107 66<\/p>\n<p><img loading=\"lazy\" decoding=\"async\" class=\"alignnone wp-image-1566 size-full\" src=\"https:\/\/pgvape.com\/wp-content\/uploads\/2025\/09\/Pgvape-UZY-Crystal-Twin-50000-Puffs-Double-Flavor-Disposable-Vape-9.png\" alt=\"\" width=\"1900\" height=\"1900\" srcset=\"https:\/\/pgvape.com\/wp-content\/uploads\/2025\/09\/Pgvape-UZY-Crystal-Twin-50000-Puffs-Double-Flavor-Disposable-Vape-9.png 1900w, https:\/\/pgvape.com\/wp-content\/uploads\/2025\/09\/Pgvape-UZY-Crystal-Twin-50000-Puffs-Double-Flavor-Disposable-Vape-9-360x360.png 360w, https:\/\/pgvape.com\/wp-content\/uploads\/2025\/09\/Pgvape-UZY-Crystal-Twin-50000-Puffs-Double-Flavor-Disposable-Vape-9-595x595.png 595w, https:\/\/pgvape.com\/wp-content\/uploads\/2025\/09\/Pgvape-UZY-Crystal-Twin-50000-Puffs-Double-Flavor-Disposable-Vape-9-400x400.png 400w, https:\/\/pgvape.com\/wp-content\/uploads\/2025\/09\/Pgvape-UZY-Crystal-Twin-50000-Puffs-Double-Flavor-Disposable-Vape-9-768x768.png 768w, https:\/\/pgvape.com\/wp-content\/uploads\/2025\/09\/Pgvape-UZY-Crystal-Twin-50000-Puffs-Double-Flavor-Disposable-Vape-9-1536x1536.png 1536w, https:\/\/pgvape.com\/wp-content\/uploads\/2025\/09\/Pgvape-UZY-Crystal-Twin-50000-Puffs-Double-Flavor-Disposable-Vape-9-12x12.png 12w, https:\/\/pgvape.com\/wp-content\/uploads\/2025\/09\/Pgvape-UZY-Crystal-Twin-50000-Puffs-Double-Flavor-Disposable-Vape-9-300x300.png 300w, https:\/\/pgvape.com\/wp-content\/uploads\/2025\/09\/Pgvape-UZY-Crystal-Twin-50000-Puffs-Double-Flavor-Disposable-Vape-9-600x600.png 600w, https:\/\/pgvape.com\/wp-content\/uploads\/2025\/09\/Pgvape-UZY-Crystal-Twin-50000-Puffs-Double-Flavor-Disposable-Vape-9-100x100.png 100w, https:\/\/pgvape.com\/wp-content\/uploads\/2025\/09\/Pgvape-UZY-Crystal-Twin-50000-Puffs-Double-Flavor-Disposable-Vape-9-40x40.png 40w\" sizes=\"auto, (max-width: 1900px) 100vw, 1900px\" \/><\/p>\n<p>&nbsp;<\/p>\n<h3><span style=\"font-size: 90%;\">UZY Cryatal Twin 50000 50k Puffs Jednorazowy Vape o podw\u00f3jnych smakach\u00a0<strong>Wideo:<br \/>\n<iframe loading=\"lazy\" title=\"UZY Crystal Twin 50K Puffs Podw\u00f3jny smak Jednorazowy Vape Inteligentny wy\u015bwietlacz LED Vape Factory Direct pgvape\" width=\"1020\" height=\"574\" src=\"https:\/\/www.youtube.com\/embed\/13IbE4xLGEo?feature=oembed\" frameborder=\"0\" allow=\"accelerometer; autoplay; clipboard-write; encrypted-media; gyroscope; picture-in-picture; web-share\" referrerpolicy=\"strict-origin-when-cross-origin\" allowfullscreen><\/iframe><br \/>\n<\/strong><\/span><\/h3>\n<p>&nbsp;<\/p>\n<h2><span style=\"font-size: 90%;\">Cz\u0119sto zadawane pytania na temat UZY Crystal Twin 50000 | 50K Puffs Jednorazowy waporyzator o podw\u00f3jnym smaku<\/span><\/h2>\n<p data-sourcepos=\"39:1-40:76\">\u2753 <strong data-sourcepos=\"39:3-39:48\">Jak dzia\u0142a system podw\u00f3jnego smaku?<br \/>\n<\/strong> \u2705 <strong data-sourcepos=\"40:3-40:23\">Prze\u0142\u0105cz natychmiast<\/strong> mi\u0119dzy dwoma smakami lub ciesz si\u0119 nimi <strong data-sourcepos=\"40:58-40:74\">sekwencyjnie<\/strong><\/p>\n<p data-sourcepos=\"42:1-43:77\">\u2753 <strong data-sourcepos=\"42:3-42:50\">Co sprawia, \u017ce \u200b\u200bcewki siatkowe 0,9 \u03a9 s\u0105 wyj\u0105tkowe?<br \/>\n<\/strong> \u2705 <strong data-sourcepos=\"43:3-43:23\">Konstrukcja z podw\u00f3jn\u0105 cewk\u0105<\/strong> dostarcza <strong data-sourcepos=\"43:33-43:54\">30% g\u0142adsze uderzenia<\/strong> I <strong data-sourcepos=\"43:59-43:75\">bogatszy smak<\/strong><\/p>\n<p data-sourcepos=\"45:1-46:65\">\u2753 <strong data-sourcepos=\"45:3-45:45\">Czy liczba 50 000 zaci\u0105gni\u0119\u0107 jest dok\u0142adna?<\/strong><br \/>\n\u2705 <strong data-sourcepos=\"46:3-46:30\">Zoptymalizowana pojemno\u015b\u0107 40 ml<\/strong> zapewnia <strong data-sourcepos=\"46:39-46:63\">tygodnie regularnego stosowania<\/strong><\/p>\n<p data-sourcepos=\"48:1-49:29\">\u2753 <strong data-sourcepos=\"48:3-48:27\">Czy mog\u0119 monitorowa\u0107 wykorzystanie?<\/strong><br \/>\n\u2705 <strong data-sourcepos=\"49:3-49:20\">Inteligentny wy\u015bwietlacz<\/strong> pokazuje: Pozosta\u0142o\u00a0<strong data-sourcepos=\"50:13-50:22\">zaci\u0105gni\u0119cia si\u0119 <\/strong><strong data-sourcepos=\"51:3-51:25\">Procent baterii <\/strong><strong data-sourcepos=\"52:3-52:22\">Poziomy e-p\u0142ynu<\/strong>\u00a0dla obu smak\u00f3w<\/p>\n<p data-sourcepos=\"54:1-57:31\">\u2753 <strong data-sourcepos=\"54:3-54:34\">Dla kogo ten waporyzator jest idealny?<br \/>\n<\/strong>\u2705 <strong data-sourcepos=\"55:3-55:21\">\u0141owcy smak\u00f3w<\/strong> pragn\u0105c r\u00f3\u017cnorodno\u015bci\u00a0 \u00a0<strong data-sourcepos=\"56:3-56:18\">Ci\u0119\u017ccy u\u017cytkownicy<\/strong> wymagaj\u0105ca wytrzyma\u0142o\u015bci\u00a0 \u00a0<strong data-sourcepos=\"57:3-57:22\">\u015awiadomy stylu<\/strong> waporyzator<\/p>\n<p>&nbsp;<\/p>\n<h3><span style=\"font-size: 90%;\">Cz\u0119sto zadawane pytania (FAQ)<\/span><\/h3>\n<div id=\"brxe-rajiac\" class=\"brxe-text\">\n<p><strong>P: Jakie metody p\u0142atno\u015bci akceptujecie?<\/strong><br \/>\nOdp.: Akceptujemy PayPal, Stripe, przelewy bankowe (obs\u0142ugiwane SEPA), g\u0142\u00f3wne karty kredytowe (Visa, MasterCard, American Express) i p\u0142atno\u015bci w kryptowalutach.<\/p>\n<p><strong>P: Jak d\u0142ugo trwa przygotowanie zam\u00f3wienia?<\/strong><br \/>\nOdp.: Przygotowanie zam\u00f3wienia zajmuje 1-3 dni robocze.<\/p>\n<p><strong>P: Jaki jest czas wysy\u0142ki?<\/strong><br \/>\nOdp.: Czas wysy\u0142ki wynosi 7-14 dni roboczych, w zale\u017cno\u015bci od Twojej lokalizacji.<\/p>\n<p><strong>P: Jak mog\u0119 \u015bledzi\u0107 moje zam\u00f3wienie?<\/strong><br \/>\nOdp.: Po wysy\u0142ce otrzymasz wiadomo\u015b\u0107 e-mail z potwierdzeniem i numerem przesy\u0142ki umo\u017cliwiaj\u0105cym \u015bledzenie w czasie rzeczywistym.<\/p>\n<p><strong>P: Jaka jest Twoja polityka zwrot\u00f3w?<\/strong><br \/>\nOdp.: Oferujemy 30-dniow\u0105 polityk\u0119 zwrot\u00f3w lub wymiany. .<\/p>\n<p><strong>P: Czy wyst\u0105pi\u0105 jakie\u015b problemy celne?<br \/>\n<\/strong>Obs\u0142ugujemy wszystkie procedury odprawy celnej, aby zapewni\u0107 Ci bezproblemow\u0105 obs\u0142ug\u0119. .<\/p>\n<p><strong>P: Jakie metody wysy\u0142ki s\u0105 stosowane?<\/strong><br \/>\nWsp\u00f3\u0142pracujemy z firmami UPS\/DHL\/FEDEX\/DPD itp. W zale\u017cno\u015bci od kraju dostawy wybierzemy odpowiedni\u0105 opcj\u0119 wysy\u0142ki, tak aby produkty dotar\u0142y do \u200b\u200bPa\u0144stwa najszybciej jak to mo\u017cliwe.<\/p>\n<p><a href=\"https:\/\/pgvape.com\/pl\/czesto-zadawane-pytania\/\">Kliknij tutaj, aby uzyska\u0107 wi\u0119cej cz\u0119sto zadawanych pyta\u0144<\/a><\/p>\n<p>Szanowni klienci, je\u015bli masz jakiekolwiek pytania dotycz\u0105ce zam\u00f3wienia lub przybycia towaru, skontaktuj si\u0119 z naszym dzia\u0142em obs\u0142ugi klienta. Dzi\u0119kuj\u0119!<\/p>\n<h3 data-sourcepos=\"73:1-73:21\"><strong data-sourcepos=\"73:7-73:21\">Skontaktuj si\u0119 z nami<\/strong><\/h3>\n<div id=\"text-2419739398\" class=\"text\">\n<p><strong data-sourcepos=\"75:3-75:12\">E-mail<\/strong>:\u00a0<a href=\"mailto:support@pgvape.com\"><strong>support@pgvape.com<\/strong><\/a><\/p>\n<p><strong data-sourcepos=\"76:3-76:15\">WhatsApp<\/strong>: <a href=\"https:\/\/wa.me\/+8618128481258\"><strong>+86 18128481258<\/strong><\/a><br \/>\n<strong>(Odpowied\u017a w ci\u0105gu 24 godzin w dni robocze)<\/strong><\/p>\n<\/div>\n<h3><strong>Dzi\u0119kujemy za wybranie pgvape.com! .<\/strong><\/h3>\n<\/div>","protected":false},"excerpt":{"rendered":"<p>\u201c<strong data-sourcepos=\"62:2-62:26\">UZY Crystal Twin 50K<\/strong>: <strong data-sourcepos=\"62:32-62:64\">elegancki, jednorazowy, o podw\u00f3jnym smaku<\/strong> z <strong data-sourcepos=\"62:70-62:86\">50 000 zaci\u0105gni\u0119\u0107<\/strong>, <strong data-sourcepos=\"62:88-62:105\">Pojemno\u015b\u0107 40ml<\/strong>, I <strong data-sourcepos=\"62:111-62:130\">10 par smakowych<\/strong>. <strong data-sourcepos=\"62:141-62:160\">podw\u00f3jne cewki siatkowe<\/strong>, <strong data-sourcepos=\"62:162-62:180\">kryszta\u0142owy projekt<\/strong>, I <strong data-sourcepos=\"62:186-62:203\">inteligentny wy\u015bwietlacz<\/strong> Do <strong data-sourcepos=\"62:208-62:236\">stylowe i \u015bwiadome wapowanie<\/strong>.\u201d<\/p>","protected":false},"featured_media":1558,"comment_status":"open","ping_status":"closed","template":"","meta":{"_seopress_robots_primary_cat":"none","_seopress_titles_title":"%%post_title%% %%sep%% %%sitetitle%%","_seopress_titles_desc":"","_seopress_robots_index":""},"product_brand":[516,138],"product_cat":[61,515,27],"product_tag":[140,64,65,108,141,142,143,139,109],"class_list":{"0":"post-1555","1":"product","2":"type-product","3":"status-publish","4":"has-post-thumbnail","6":"product_brand-disposable-vape","7":"product_brand-uzy-crystal-twin-vape","8":"product_cat-50k-puffs-vape","9":"product_cat-disposable-vape","10":"product_cat-uzy-vape","11":"product_tag-140","12":"product_tag-50k-puffs","13":"product_tag-50k-vape","14":"product_tag-disposable","15":"product_tag-double","16":"product_tag-flavor","17":"product_tag-smart-led-display","18":"product_tag-uzy-crystal-twin","19":"product_tag-vape","21":"first","22":"instock","23":"sale","24":"shipping-taxable","25":"purchasable","26":"product-type-variable"},"_links":{"self":[{"href":"https:\/\/pgvape.com\/pl\/wp-json\/wp\/v2\/product\/1555","targetHints":{"allow":["GET"]}}],"collection":[{"href":"https:\/\/pgvape.com\/pl\/wp-json\/wp\/v2\/product"}],"about":[{"href":"https:\/\/pgvape.com\/pl\/wp-json\/wp\/v2\/types\/product"}],"replies":[{"embeddable":true,"href":"https:\/\/pgvape.com\/pl\/wp-json\/wp\/v2\/comments?post=1555"}],"wp:featuredmedia":[{"embeddable":true,"href":"https:\/\/pgvape.com\/pl\/wp-json\/wp\/v2\/media\/1558"}],"wp:attachment":[{"href":"https:\/\/pgvape.com\/pl\/wp-json\/wp\/v2\/media?parent=1555"}],"wp:term":[{"taxonomy":"product_brand","embeddable":true,"href":"https:\/\/pgvape.com\/pl\/wp-json\/wp\/v2\/product_brand?post=1555"},{"taxonomy":"product_cat","embeddable":true,"href":"https:\/\/pgvape.com\/pl\/wp-json\/wp\/v2\/product_cat?post=1555"},{"taxonomy":"product_tag","embeddable":true,"href":"https:\/\/pgvape.com\/pl\/wp-json\/wp\/v2\/product_tag?post=1555"}],"curies":[{"name":"wp","href":"https:\/\/api.w.org\/{rel}","templated":true}]}}