{"id":1481,"date":"2025-09-28T08:37:16","date_gmt":"2025-09-28T08:37:16","guid":{"rendered":"https:\/\/pgvape.com\/?post_type=product&#038;p=1481"},"modified":"2026-03-16T07:55:04","modified_gmt":"2026-03-16T07:55:04","slug":"uzy-tornado-30000-30k-zaciagniec-podwojne-smaki-jednorazowy-vape-regulowany-przeplyw-powietrza-0-2-3-5-nikotyna-inteligentny-ekran-vape-factory-direct","status":"publish","type":"product","link":"https:\/\/pgvape.com\/pl\/produkt\/uzy-tornado-30000-30k-zaciagniec-podwojne-smaki-jednorazowy-vape-regulowany-przeplyw-powietrza-0-2-3-5-nikotyna-inteligentny-ekran-vape-factory-direct\/","title":{"rendered":"UZY Tornado 30000 | 30K Puffs Dual Favours Jednorazowy Vape | Regulowany przep\u0142yw powietrza | 0% 2% 3% 5% Nikotyna | Inteligentny ekran | Vape Factory Direct"},"content":{"rendered":"<div class=\"auto-hide-last-sibling-br paragraph-JOTKXA paragraph-element br-paragraph-space\"><strong data-sourcepos=\"4:5-4:32\">UZY Tornado 30000 zaci\u0105gni\u0119\u0107<\/strong> dostarcza <strong data-sourcepos=\"4:42-4:72\">Waporyzacja premium o dw\u00f3ch smakach<\/strong> z <strong data-sourcepos=\"4:78-4:105\">30 000 bardzo d\u0142ugich zaci\u0105gni\u0119\u0107<\/strong> I <strong data-sourcepos=\"4:110-4:136\">Pojemno\u015b\u0107 e-liquidu 40 ml<\/strong> (20 ml \u00d7 2). <strong data-sourcepos=\"4:159-4:178\">podw\u00f3jne cewki siatkowe<\/strong> Do <strong data-sourcepos=\"4:183-4:200\">bogatszy smak<\/strong> I <strong data-sourcepos=\"4:205-4:223\">g\u0142adsza para<\/strong>, to urz\u0105dzenie jest zasilane przez <strong data-sourcepos=\"4:254-4:285\">Akumulator o pojemno\u015bci 850 mAh<\/strong> z <strong data-sourcepos=\"4:291-4:315\">Szybkie \u0142adowanie typu C<\/strong>. <strong data-sourcepos=\"4:321-4:337\">inteligentny ekran<\/strong> wy\u015bwietla <strong data-sourcepos=\"4:347-4:394\">poziom na\u0142adowania baterii, e-liquidu i liczby zaci\u0105gni\u0119\u0107 w czasie rzeczywistym<\/strong>, chwila <strong data-sourcepos=\"4:402-4:424\">regulowany przep\u0142yw powietrza<\/strong> pozwala dostosowa\u0107 losowanie. <strong data-sourcepos=\"4:468-4:492\">0%\/2%\/3%\/5% nikotyna<\/strong> I <strong data-sourcepos=\"4:497-4:527\">10 fachowo dobranych smak\u00f3w<\/strong>, jest idealny dla vaper\u00f3w, kt\u00f3rzy chc\u0105 <strong data-sourcepos=\"4:562-4:577\">wszechstronno\u015b\u0107<\/strong> I <strong data-sourcepos=\"4:582-4:597\">wydajno\u015b\u0107<\/strong>.<\/div>\n<p>&nbsp;<\/p>\n<h2><span style=\"font-size: 90%;\">UZY Tornado 30000 | 30K Puffs Dual Favours Jednorazowy Vape Specyfikacja produktu<\/span><\/h2>\n<p><strong data-sourcepos=\"9:3-9:17\">Liczba puf\u00f3w<\/strong>:\u00a0<strong data-sourcepos=\"9:19-9:35\">30 000 zaci\u0105gni\u0119\u0107<\/strong><\/p>\n<p><strong data-sourcepos=\"10:3-10:24\">Pojemno\u015b\u0107 e-cieczy<\/strong>:\u00a0<strong data-sourcepos=\"10:26-10:53\">40 ml (20 ml \u00d7 2 smaki)<\/strong><\/p>\n<p><strong data-sourcepos=\"11:3-11:11\">Cewka<\/strong>:\u00a0<strong data-sourcepos=\"11:13-11:31\">Podw\u00f3jna cewka siatkowa<\/strong><\/p>\n<p><strong data-sourcepos=\"12:3-12:14\">Bateria<\/strong>:\u00a0<strong data-sourcepos=\"12:16-12:39\">Akumulator 850 mAh<\/strong><\/p>\n<p><strong data-sourcepos=\"13:3-13:15\">\u0141adowanie<\/strong>:\u00a0<strong data-sourcepos=\"13:17-13:41\">Szybkie \u0142adowanie typu C<\/strong><\/p>\n<p><strong data-sourcepos=\"14:3-14:14\">Wy\u015bwietlacz<\/strong>:\u00a0<strong data-sourcepos=\"14:16-14:62\">Inteligentny ekran (liczba baterii \/ e-liquidu \/ zaci\u0105gni\u0119\u0107)<\/strong><\/p>\n<p><strong data-sourcepos=\"15:3-15:14\">Przep\u0142yw powietrza<\/strong>:\u00a0<strong data-sourcepos=\"15:16-15:30\">Nastawny<\/strong><\/p>\n<p><strong data-sourcepos=\"16:3-16:15\">Nikotyna<\/strong>:\u00a0<strong data-sourcepos=\"16:17-16:38\">0% \/ 2% \/ 3% \/ 5%<\/strong><\/p>\n<p><strong data-sourcepos=\"17:3-17:14\">Smaki<\/strong>:\u00a0<strong data-sourcepos=\"17:16-17:35\">10 duet\u00f3w premium<\/strong><\/p>\n<p>&nbsp;<\/p>\n<h3><span style=\"font-size: 90%;\">UZY Tornado 30000 | 30K Puffs Podw\u00f3jne smaki Jednorazowa lista smak\u00f3w Vape<\/span><\/h3>\n<p>1. L\u00f3d Arbuzowy \/ Limonka Cytrynowa<\/p>\n<p>2. Musuj\u0105cy l\u00f3d wi\u015bniowy \/ wata cukrowa jagodowa<\/p>\n<p>3. Arbuz Truskawkowy \/ Malina Jagodowa<\/p>\n<p>4.Red Bull Ice \/ Truskawkowe Mango<\/p>\n<p>5. L\u00f3d Brzoskwiniowy \/ Ananas Mango Brzoskwinia<\/p>\n<p>6. L\u00f3d winogronowy \/ Kiwi truskawkowe<\/p>\n<p>7. Mieszane jagody \/ podw\u00f3jne lody jab\u0142kowe<\/p>\n<p>8.Niebieska lemoniada Razz \/ guma balonowa arbuzowa<\/p>\n<p>9.Brzoskwiniowa Jagoda \/ Arbuz Mango Brzoskwinia<\/p>\n<p>10.L\u00f3d jagodowy \/ l\u00f3d czarnego smoka<\/p>\n<p><img loading=\"lazy\" decoding=\"async\" class=\"alignnone wp-image-1494 size-full\" src=\"https:\/\/pgvape.com\/wp-content\/uploads\/2025\/09\/Pgvape-UZY-Tornado-30K-Puffs-Dual-Flavors-Disposable-Vape-Smart-Screen-Aadjustable-Airflow-9-1.png\" alt=\"\" width=\"1900\" height=\"1900\" srcset=\"https:\/\/pgvape.com\/wp-content\/uploads\/2025\/09\/Pgvape-UZY-Tornado-30K-Puffs-Dual-Flavors-Disposable-Vape-Smart-Screen-Aadjustable-Airflow-9-1.png 1900w, https:\/\/pgvape.com\/wp-content\/uploads\/2025\/09\/Pgvape-UZY-Tornado-30K-Puffs-Dual-Flavors-Disposable-Vape-Smart-Screen-Aadjustable-Airflow-9-1-360x360.png 360w, https:\/\/pgvape.com\/wp-content\/uploads\/2025\/09\/Pgvape-UZY-Tornado-30K-Puffs-Dual-Flavors-Disposable-Vape-Smart-Screen-Aadjustable-Airflow-9-1-595x595.png 595w, https:\/\/pgvape.com\/wp-content\/uploads\/2025\/09\/Pgvape-UZY-Tornado-30K-Puffs-Dual-Flavors-Disposable-Vape-Smart-Screen-Aadjustable-Airflow-9-1-400x400.png 400w, https:\/\/pgvape.com\/wp-content\/uploads\/2025\/09\/Pgvape-UZY-Tornado-30K-Puffs-Dual-Flavors-Disposable-Vape-Smart-Screen-Aadjustable-Airflow-9-1-768x768.png 768w\" sizes=\"auto, (max-width: 1900px) 100vw, 1900px\" \/><\/p>\n<p>&nbsp;<\/p>\n<h3><span style=\"font-size: 90%;\">UZY Tornado 30000 30K Puffs Jednorazowy Vape o podw\u00f3jnych smakach\u00a0<\/span><strong><span style=\"font-size: 90%;\">Wideo:<\/span><\/strong><\/h3>\n<p>&nbsp;<\/p>\n<h2 class=\"header-vfC6AV auto-hide-last-sibling-br\">Cz\u0119sto zadawane pytania dotycz\u0105ce UZY Tornado 30000 | 30K Puffs Dual Favours Jednorazowy Vape<\/h2>\n<p data-sourcepos=\"36:1-37:89\">\u2753 <strong data-sourcepos=\"36:3-36:48\">Jak dzia\u0142a system podw\u00f3jnego smaku?<\/strong><br \/>\n\u2705 <strong data-sourcepos=\"37:3-37:43\">B\u0142yskawicznie prze\u0142\u0105czaj si\u0119 mi\u0119dzy dwoma smakami<\/strong> lub cieszy\u0107 si\u0119 nimi <strong data-sourcepos=\"37:58-37:74\">sekwencyjnie<\/strong> dla odmiany.<\/p>\n<p data-sourcepos=\"39:1-40:83\">\u2753 <strong data-sourcepos=\"39:3-39:48\">Co sprawia, \u017ce \u200b\u200bcewka z podw\u00f3jn\u0105 siatk\u0105 jest lepsza?<\/strong><br \/>\n\u2705 <strong data-sourcepos=\"40:3-40:30\">Zwi\u0119kszona klarowno\u015b\u0107 smaku<\/strong> I <strong data-sourcepos=\"40:35-40:53\">g\u0142adsza para<\/strong> w por\u00f3wnaniu do standardowych cewek.<\/p>\n<p data-sourcepos=\"42:1-43:88\">\u2753 <strong data-sourcepos=\"42:3-42:46\">Czy liczba 30 000 zaci\u0105gni\u0119\u0107 jest realistyczna?<\/strong><br \/>\n\u2705 <strong data-sourcepos=\"43:3-43:30\">Zoptymalizowana pojemno\u015b\u0107 40 ml<\/strong> zapewnia <strong data-sourcepos=\"43:39-43:55\">tygodnie u\u017cytkowania<\/strong> bez cz\u0119stych wymian.<\/p>\n<p data-sourcepos=\"45:1-46:83\">\u2753 <strong data-sourcepos=\"45:3-45:36\">Czy mog\u0119 regulowa\u0107 przep\u0142yw powietrza?<\/strong><br \/>\n\u2705 <strong data-sourcepos=\"46:3-46:11\">Tak!<\/strong> Dokr\u0119ci\u0107 dla <strong data-sourcepos=\"46:24-46:47\">ograniczone hity MTL<\/strong> lub poluzowa\u0107 <strong data-sourcepos=\"46:62-46:80\">przewiewne rysunki RDL<\/strong>.<\/p>\n<p data-sourcepos=\"48:1-49:71\">\u2753 <strong data-sourcepos=\"48:3-48:49\">Jak d\u0142ugo wytrzymuje bateria 850 mAh?<br \/>\n<\/strong> \u2705 <strong data-sourcepos=\"49:3-49:30\">2-3 dni regularnego stosowania<\/strong> z <strong data-sourcepos=\"49:36-49:60\">Szybkie \u0142adowanie typu C<\/strong> wsparcie.<\/p>\n<p data-sourcepos=\"51:1-54:45\">\u2753 <strong data-sourcepos=\"51:3-51:33\">Dla kogo ten waporyzator jest najlepszy?<\/strong><br \/>\n\u2705 <strong data-sourcepos=\"52:3-52:25\">Mi\u0142o\u015bnicy smak\u00f3w<\/strong> kt\u00f3rzy kochaj\u0105 r\u00f3\u017cnorodno\u015b\u0107\u00a0 \u00a0<strong data-sourcepos=\"53:3-53:20\">\u0141owcy chmur<\/strong> chc\u0105c g\u0119stej pary\u00a0 \u00a0<strong data-sourcepos=\"54:3-54:24\">Waperzy znaj\u0105cy si\u0119 na technologii<\/strong> kt\u00f3rzy wol\u0105 kontrol\u0119<\/p>\n<p>&nbsp;<\/p>\n<h3 class=\"auto-hide-last-sibling-br paragraph-JOTKXA paragraph-element br-paragraph-space\"><span style=\"font-size: 90%;\">Cz\u0119sto zadawane pytania (FAQ)<\/span><\/h3>\n<div id=\"brxe-rajiac\" class=\"brxe-text\">\n<p><strong>P: Jakie metody p\u0142atno\u015bci akceptujecie?<\/strong><br \/>\nOdp.: Akceptujemy PayPal, Stripe, przelewy bankowe (obs\u0142ugiwane SEPA), g\u0142\u00f3wne karty kredytowe (Visa, MasterCard, American Express) i p\u0142atno\u015bci w kryptowalutach.<\/p>\n<p><strong>P: Jak d\u0142ugo trwa przygotowanie zam\u00f3wienia?<\/strong><br \/>\nOdp.: Przygotowanie zam\u00f3wienia zajmuje 1-3 dni robocze.<\/p>\n<p><strong>P: Jaki jest czas wysy\u0142ki?<\/strong><br \/>\nOdp.: Czas wysy\u0142ki wynosi 7-14 dni roboczych, w zale\u017cno\u015bci od Twojej lokalizacji.<\/p>\n<p><strong>P: Jak mog\u0119 \u015bledzi\u0107 moje zam\u00f3wienie?<\/strong><br \/>\nOdp.: Po wysy\u0142ce otrzymasz wiadomo\u015b\u0107 e-mail z potwierdzeniem i numerem przesy\u0142ki umo\u017cliwiaj\u0105cym \u015bledzenie w czasie rzeczywistym.<\/p>\n<p><strong>P: Jaka jest Twoja polityka zwrot\u00f3w?<\/strong><br \/>\nOdp.: Oferujemy 30-dniow\u0105 polityk\u0119 zwrot\u00f3w lub wymiany. .<\/p>\n<p><strong>P: Czy wyst\u0105pi\u0105 jakie\u015b problemy celne?<br \/>\n<\/strong>Obs\u0142ugujemy wszystkie procedury odprawy celnej, aby zapewni\u0107 Ci bezproblemow\u0105 obs\u0142ug\u0119. .<\/p>\n<p><strong>P: Jakie metody wysy\u0142ki s\u0105 stosowane?<\/strong><br \/>\nWsp\u00f3\u0142pracujemy z firmami UPS\/DHL\/FEDEX\/DPD itp. W zale\u017cno\u015bci od kraju dostawy wybierzemy odpowiedni\u0105 opcj\u0119 wysy\u0142ki, tak aby produkty dotar\u0142y do \u200b\u200bPa\u0144stwa najszybciej jak to mo\u017cliwe.<\/p>\n<p><a href=\"https:\/\/pgvape.com\/pl\/czesto-zadawane-pytania\/\">Kliknij tutaj, aby uzyska\u0107 wi\u0119cej cz\u0119sto zadawanych pyta\u0144<\/a><\/p>\n<p>Szanowni klienci, je\u015bli masz jakiekolwiek pytania dotycz\u0105ce zam\u00f3wienia lub przybycia towaru, skontaktuj si\u0119 z naszym dzia\u0142em obs\u0142ugi klienta. Dzi\u0119kuj\u0119!<\/p>\n<h3 data-sourcepos=\"73:1-73:21\"><strong data-sourcepos=\"73:7-73:21\">Skontaktuj si\u0119 z nami<\/strong><\/h3>\n<div id=\"text-2419739398\" class=\"text\">\n<p><strong data-sourcepos=\"75:3-75:12\">E-mail<\/strong>:\u00a0<a href=\"mailto:support@pgvape.com\"><strong>support@pgvape.com<\/strong><\/a><\/p>\n<p><strong data-sourcepos=\"76:3-76:15\">WhatsApp<\/strong>: <a href=\"https:\/\/wa.me\/+8618128481258\"><strong>+86 18128481258<\/strong><\/a><br \/>\n<strong>(Odpowied\u017a w ci\u0105gu 24 godzin w dni robocze)<\/strong><\/p>\n<\/div>\n<h3><strong>Dzi\u0119kujemy za wybranie pgvape.com! .<\/strong><\/h3>\n<\/div>","protected":false},"excerpt":{"rendered":"<p><strong data-sourcepos=\"59:1-59:231\">\u201cUZY Tornado 30000: Najlepszy jednorazowy produkt o dw\u00f3ch smakach, z 30 tys. zaci\u0105gni\u0119\u0107, pojemno\u015bci\u0105 40 ml i regulowanym przep\u0142ywem powietrza. Wyposa\u017cony w inteligentny wy\u015bwietlacz, podw\u00f3jn\u0105 cewk\u0119 siatkow\u0105 i 10 duet\u00f3w smakowych do spersonalizowanego wapowania. \u201d<\/strong><\/p>","protected":false},"featured_media":1484,"comment_status":"open","ping_status":"closed","template":"","meta":{"_seopress_robots_primary_cat":"none","_seopress_titles_title":"%%post_title%% %%sep%% %%sitetitle%%","_seopress_titles_desc":"","_seopress_robots_index":""},"product_brand":[516,132],"product_cat":[35,515,27],"product_tag":[137,38,134,135,108,66,490,136,133,109],"class_list":{"0":"post-1481","1":"product","2":"type-product","3":"status-publish","4":"has-post-thumbnail","6":"product_brand-disposable-vape","7":"product_brand-uzy-tornado-vape","8":"product_cat-30k-puffs-vape","9":"product_cat-disposable-vape","10":"product_cat-uzy-vape","11":"product_tag-0-2-3-5-nicotine","12":"product_tag-30k-puffs","13":"product_tag-30k-vape","14":"product_tag-adjustable-airflow","15":"product_tag-disposable","16":"product_tag-dual-flavors","17":"product_tag-minimum-2-pieces","18":"product_tag-smart-screen","19":"product_tag-uzy-tornado","20":"product_tag-vape","22":"first","23":"instock","24":"sale","25":"shipping-taxable","26":"purchasable","27":"product-type-variable"},"_links":{"self":[{"href":"https:\/\/pgvape.com\/pl\/wp-json\/wp\/v2\/product\/1481","targetHints":{"allow":["GET"]}}],"collection":[{"href":"https:\/\/pgvape.com\/pl\/wp-json\/wp\/v2\/product"}],"about":[{"href":"https:\/\/pgvape.com\/pl\/wp-json\/wp\/v2\/types\/product"}],"replies":[{"embeddable":true,"href":"https:\/\/pgvape.com\/pl\/wp-json\/wp\/v2\/comments?post=1481"}],"wp:featuredmedia":[{"embeddable":true,"href":"https:\/\/pgvape.com\/pl\/wp-json\/wp\/v2\/media\/1484"}],"wp:attachment":[{"href":"https:\/\/pgvape.com\/pl\/wp-json\/wp\/v2\/media?parent=1481"}],"wp:term":[{"taxonomy":"product_brand","embeddable":true,"href":"https:\/\/pgvape.com\/pl\/wp-json\/wp\/v2\/product_brand?post=1481"},{"taxonomy":"product_cat","embeddable":true,"href":"https:\/\/pgvape.com\/pl\/wp-json\/wp\/v2\/product_cat?post=1481"},{"taxonomy":"product_tag","embeddable":true,"href":"https:\/\/pgvape.com\/pl\/wp-json\/wp\/v2\/product_tag?post=1481"}],"curies":[{"name":"wp","href":"https:\/\/api.w.org\/{rel}","templated":true}]}}