{"id":1451,"date":"2025-09-28T07:18:59","date_gmt":"2025-09-28T07:18:59","guid":{"rendered":"https:\/\/pgvape.com\/?post_type=product&#038;p=1451"},"modified":"2025-12-15T13:25:37","modified_gmt":"2025-12-15T13:25:37","slug":"elf-box-25000-impulsow-x-25-tys-zaciagniec-jednorazowy-wyswietlacz-led-vape-vape-factory-direct","status":"publish","type":"product","link":"https:\/\/pgvape.com\/pl\/produkt\/elf-box-25000-impulsow-x-25-tys-zaciagniec-jednorazowy-wyswietlacz-led-vape-vape-factory-direct\/","title":{"rendered":"ELF Box 25000 Pulse X 25K Puffs Jednorazowy wy\u015bwietlacz LED Vape Vape Factory Direct"},"content":{"rendered":"<div class=\"auto-hide-last-sibling-br paragraph-JOTKXA paragraph-element br-paragraph-space\"><strong data-sourcepos=\"2:5-2:52\">Jednorazowy waporyzator Elf Box Pulse X 25000 Puffs<\/strong> Dzi\u0119ki swojemu rozwi\u0105zaniu wyznacza nowy standard <strong data-sourcepos=\"2:82-2:109\">25 000 bardzo d\u0142ugich zaci\u0105gni\u0119\u0107<\/strong> I <strong data-sourcepos=\"2:114-2:140\">Pojemno\u015b\u0107 18 ml e-p\u0142ynu<\/strong>. <strong data-sourcepos=\"2:154-2:183\">Osza\u0142amiaj\u0105cy zakrzywiony ekran 3D<\/strong> Z <strong data-sourcepos=\"2:189-2:213\">Gwia\u017adziste efekty \u015bwietlne<\/strong>, To urz\u0105dzenie \u0142\u0105czy <strong data-sourcepos=\"2:236-2:259\">Najnowocze\u015bniejszy projekt<\/strong> Z <strong data-sourcepos=\"2:265-2:292\">Wyj\u0105tkowa wydajno\u015b\u0107<\/strong>. <strong data-sourcepos=\"2:298-2:327\">Technologia podw\u00f3jnej cewki siatkowej<\/strong> Zapewnia <strong data-sourcepos=\"2:336-2:351\">Bogaty smak<\/strong> I <strong data-sourcepos=\"2:356-2:382\">Produkcja g\u0119stej pary<\/strong>, Podczas gdy <strong data-sourcepos=\"2:394-2:418\">Akumulator<\/strong> Zapewnia <strong data-sourcepos=\"2:428-2:446\">Rozszerzone u\u017cytkowanie<\/strong>. <strong data-sourcepos=\"2:461-2:483\">10 smak\u00f3w premium<\/strong>, Jest idealny dla wymagaj\u0105cych waper\u00f3w <strong data-sourcepos=\"2:520-2:529\">Styl<\/strong> I <strong data-sourcepos=\"2:534-2:547\">Substancja<\/strong>.<\/div>\n<p>&nbsp;<\/p>\n<h2><span style=\"font-size: 90%;\">ELF Box 25000 | Pulse X 25K Puffs Jednorazowy Vape Specyfikacja produktu<\/span><\/h2>\n<p><strong data-sourcepos=\"7:3-7:17\">Liczba puf\u00f3w<\/strong>:\u00a0<strong data-sourcepos=\"7:19-7:35\">25 000 zaci\u0105gni\u0119\u0107<\/strong><\/p>\n<p><strong data-sourcepos=\"8:3-8:24\">Pojemno\u015b\u0107 e-cieczy<\/strong>:\u00a0<strong data-sourcepos=\"8:26-8:34\">18 ml<\/strong><\/p>\n<p><strong data-sourcepos=\"9:3-9:11\">Cewka<\/strong>:\u00a0<strong data-sourcepos=\"9:13-9:31\">Podw\u00f3jna cewka siatkowa<\/strong><\/p>\n<p><strong data-sourcepos=\"10:3-10:14\">Bateria<\/strong>:\u00a0<strong data-sourcepos=\"10:16-10:32\">Mo\u017cliwo\u015b\u0107 \u0142adowania<\/strong><\/p>\n<p><strong data-sourcepos=\"11:3-11:14\">Wy\u015bwietlacz<\/strong>:\u00a0<strong data-sourcepos=\"11:16-11:36\">Zakrzywiony ekran 3D<\/strong><\/p>\n<p><strong data-sourcepos=\"12:3-12:24\">Si\u0142a nikotyny<\/strong>:\u00a0<strong data-sourcepos=\"12:26-12:32\">5%<\/strong><\/p>\n<p><strong data-sourcepos=\"13:3-13:14\">Smaki<\/strong>:\u00a0<strong data-sourcepos=\"13:16-13:30\">10 opcji<\/strong><\/p>\n<p>&nbsp;<\/p>\n<h3><span style=\"font-size: 90%;\">ELF Box 25000 | Pulse X 25K Puffs Jednorazowa lista smak\u00f3w Vape<\/span><\/h3>\n<p><strong>1. Arbuz truskawkowy<\/strong><\/p>\n<p><strong>2. Soda Wi\u015bniowa<\/strong><\/p>\n<p><strong>3.Brzoskwiniowy l\u00f3d<\/strong><\/p>\n<p><strong>4. Kiwi marakuja<\/strong><\/p>\n<p><strong>5. Bujny l\u00f3d<\/strong><\/p>\n<p><strong>6. Czerwony Byk<\/strong><\/p>\n<p><strong>7. L\u00f3d winogronowy<\/strong><\/p>\n<p><strong>8. Niebieski Razz L\u00f3d<\/strong><\/p>\n<p><strong>9.Truskawkowy Banan<\/strong><\/p>\n<p><strong>10.L\u00f3d truskawkowy<\/strong><\/p>\n<p><img loading=\"lazy\" decoding=\"async\" class=\"alignnone wp-image-1469 size-full\" src=\"https:\/\/pgvape.com\/wp-content\/uploads\/2025\/09\/Pgvape-ELF-Box-25K-PulseX-25000-Puffs-Disposable-Vape-0-5-Nicotin-10Tastes-Gypsophila-LED-Display-Vape-Factory-Direct-16.png\" alt=\"Logo ELF BOX w lewym g\u00f3rnym rogu nad o\u015bmioma kompaktowymi prostok\u0105tnymi urz\u0105dzeniami vape Pulse X w kolorze neonowej zieleni, gradientowego \u017c\u00f3\u0142to-r\u00f3\u017cowego, pomara\u0144czowego i magenty, u\u0142o\u017conych w dw\u00f3ch rz\u0119dach, ka\u017cdy z czarnym panelem przednim z wzorem LED przypominaj\u0105cym konstelacj\u0119, bocznym brandingiem i g\u00f3rnym ustnikiem.\" width=\"1500\" height=\"1500\" srcset=\"https:\/\/pgvape.com\/wp-content\/uploads\/2025\/09\/Pgvape-ELF-Box-25K-PulseX-25000-Puffs-Disposable-Vape-0-5-Nicotin-10Tastes-Gypsophila-LED-Display-Vape-Factory-Direct-16.png 1500w, https:\/\/pgvape.com\/wp-content\/uploads\/2025\/09\/Pgvape-ELF-Box-25K-PulseX-25000-Puffs-Disposable-Vape-0-5-Nicotin-10Tastes-Gypsophila-LED-Display-Vape-Factory-Direct-16-360x360.png 360w, https:\/\/pgvape.com\/wp-content\/uploads\/2025\/09\/Pgvape-ELF-Box-25K-PulseX-25000-Puffs-Disposable-Vape-0-5-Nicotin-10Tastes-Gypsophila-LED-Display-Vape-Factory-Direct-16-595x595.png 595w, https:\/\/pgvape.com\/wp-content\/uploads\/2025\/09\/Pgvape-ELF-Box-25K-PulseX-25000-Puffs-Disposable-Vape-0-5-Nicotin-10Tastes-Gypsophila-LED-Display-Vape-Factory-Direct-16-400x400.png 400w, https:\/\/pgvape.com\/wp-content\/uploads\/2025\/09\/Pgvape-ELF-Box-25K-PulseX-25000-Puffs-Disposable-Vape-0-5-Nicotin-10Tastes-Gypsophila-LED-Display-Vape-Factory-Direct-16-768x768.png 768w, https:\/\/pgvape.com\/wp-content\/uploads\/2025\/09\/Pgvape-ELF-Box-25K-PulseX-25000-Puffs-Disposable-Vape-0-5-Nicotin-10Tastes-Gypsophila-LED-Display-Vape-Factory-Direct-16-12x12.png 12w, https:\/\/pgvape.com\/wp-content\/uploads\/2025\/09\/Pgvape-ELF-Box-25K-PulseX-25000-Puffs-Disposable-Vape-0-5-Nicotin-10Tastes-Gypsophila-LED-Display-Vape-Factory-Direct-16-300x300.png 300w, https:\/\/pgvape.com\/wp-content\/uploads\/2025\/09\/Pgvape-ELF-Box-25K-PulseX-25000-Puffs-Disposable-Vape-0-5-Nicotin-10Tastes-Gypsophila-LED-Display-Vape-Factory-Direct-16-600x600.png 600w, https:\/\/pgvape.com\/wp-content\/uploads\/2025\/09\/Pgvape-ELF-Box-25K-PulseX-25000-Puffs-Disposable-Vape-0-5-Nicotin-10Tastes-Gypsophila-LED-Display-Vape-Factory-Direct-16-100x100.png 100w, https:\/\/pgvape.com\/wp-content\/uploads\/2025\/09\/Pgvape-ELF-Box-25K-PulseX-25000-Puffs-Disposable-Vape-0-5-Nicotin-10Tastes-Gypsophila-LED-Display-Vape-Factory-Direct-16-40x40.png 40w\" sizes=\"auto, (max-width: 1500px) 100vw, 1500px\" \/><\/p>\n<p>&nbsp;<\/p>\n<h3><span style=\"font-size: 90%;\">ELF Box 25000 | Pulse X 25K Puffs Jednorazowy Vape <\/span><strong>Wideo:<\/strong><\/h3>\n<p><iframe loading=\"lazy\" title=\"ELF Box 25000 | Pulse X 25K Puffs Jednorazowy Vape 0% 2% 3% 5% Nikotyna | Vape Factory Direct pgvape\" width=\"563\" height=\"1000\" src=\"https:\/\/www.youtube.com\/embed\/SzjffAzip28?feature=oembed\" frameborder=\"0\" allow=\"accelerometer; autoplay; clipboard-write; encrypted-media; gyroscope; picture-in-picture; web-share\" referrerpolicy=\"strict-origin-when-cross-origin\" allowfullscreen><\/iframe><\/p>\n<p>&nbsp;<\/p>\n<h2 class=\"header-vfC6AV auto-hide-last-sibling-br\">Cz\u0119sto zadawane pytania dotycz\u0105ce ELF Box 25000 | Pulse X 25K Puffs Jednorazowy waporyzator<\/h2>\n<p data-sourcepos=\"32:1-33:87\">\u2753 <strong data-sourcepos=\"32:3-32:51\">Co sprawia, \u017ce \u200b\u200bzakrzywiony ekran 3D jest wyj\u0105tkowy?<\/strong><br \/>\n\u2705 <strong data-sourcepos=\"33:3-33:30\">Interaktywny wy\u015bwietlacz LED<\/strong> \u015aledzi u\u017cycie podczas tworzenia <strong data-sourcepos=\"33:59-33:84\">Wci\u0105gaj\u0105ce pokazy \u015bwietlne<\/strong>.<\/p>\n<p data-sourcepos=\"35:1-36:79\">\u2753 <strong data-sourcepos=\"35:3-35:54\">W jaki spos\u00f3b cewka z podw\u00f3jn\u0105 siatk\u0105 poprawia smak?<\/strong><br \/>\n\u2705 <strong data-sourcepos=\"36:3-36:28\">Podw\u00f3jne elementy grzejne<\/strong> Dostarcza\u0107 <strong data-sourcepos=\"36:37-36:56\">30% Wi\u0119cej smaku<\/strong> Ni\u017c standardowe cewki.<\/p>\n<p data-sourcepos=\"38:1-39:79\">\u2753 <strong data-sourcepos=\"38:3-38:45\">Czy liczba 25 000 zaci\u0105gni\u0119\u0107 jest dok\u0142adna?<\/strong><br \/>\n\u2705 <strong data-sourcepos=\"39:3-39:23\">Zoptymalizowany system<\/strong> Dostarcza <strong data-sourcepos=\"39:33-39:57\">Tygodnie regularnego stosowania<\/strong> Bez kompromis\u00f3w.<\/p>\n<p data-sourcepos=\"41:1-42:71\">\u2753 <strong data-sourcepos=\"41:3-41:51\">Czy dost\u0119pne s\u0105 opcje ch\u0142odzenia\/lodzenia?<\/strong><br \/>\n\u2705 <strong data-sourcepos=\"42:3-42:11\">Tak!<\/strong> Funkcja wielu smak\u00f3w <strong data-sourcepos=\"42:37-42:68\">Od\u015bwie\u017caj\u0105ce mentolowe wyko\u0144czenia<\/strong>.<\/p>\n<p data-sourcepos=\"44:1-45:69\">\u2753 <strong data-sourcepos=\"44:3-44:35\">Dla kogo jest to urz\u0105dzenie najlepsze?<\/strong><br \/>\n\u2705 <strong data-sourcepos=\"45:3-45:21\">\u0141owcy smak\u00f3w<\/strong>, <strong data-sourcepos=\"45:23-45:39\">Mi\u0142o\u015bnicy chmur<\/strong>, I <strong data-sourcepos=\"45:45-45:66\">Zaawansowani technologicznie waperzy<\/strong>.<\/p>\n<p>&nbsp;<\/p>\n<h3><span style=\"font-size: 90%;\">Cz\u0119sto zadawane pytania (FAQ)<\/span><\/h3>\n<div id=\"brxe-rajiac\" class=\"brxe-text\">\n<p><strong>P: Jakie metody p\u0142atno\u015bci akceptujecie?<\/strong><br \/>\nOdp.: Akceptujemy PayPal, Stripe, przelewy bankowe (obs\u0142ugiwane SEPA), g\u0142\u00f3wne karty kredytowe (Visa, MasterCard, American Express) i p\u0142atno\u015bci w kryptowalutach.<\/p>\n<p><strong>P: Jak d\u0142ugo trwa przygotowanie zam\u00f3wienia?<\/strong><br \/>\nOdp.: Przygotowanie zam\u00f3wienia zajmuje 1-3 dni robocze.<\/p>\n<p><strong>P: Jaki jest czas wysy\u0142ki?<\/strong><br \/>\nOdp.: Czas wysy\u0142ki wynosi 7-14 dni roboczych, w zale\u017cno\u015bci od Twojej lokalizacji.<\/p>\n<p><strong>P: Jak mog\u0119 \u015bledzi\u0107 moje zam\u00f3wienie?<\/strong><br \/>\nOdp.: Po wysy\u0142ce otrzymasz wiadomo\u015b\u0107 e-mail z potwierdzeniem i numerem przesy\u0142ki umo\u017cliwiaj\u0105cym \u015bledzenie w czasie rzeczywistym.<\/p>\n<p><strong>P: Jaka jest Twoja polityka zwrot\u00f3w?<\/strong><br \/>\nOdp.: Oferujemy 30-dniow\u0105 polityk\u0119 zwrot\u00f3w lub wymiany. .<\/p>\n<p><strong>P: Czy wyst\u0105pi\u0105 jakie\u015b problemy celne?<br \/>\n<\/strong>Obs\u0142ugujemy wszystkie procedury odprawy celnej, aby zapewni\u0107 Ci bezproblemow\u0105 obs\u0142ug\u0119. .<\/p>\n<p><strong>P: Jakie metody wysy\u0142ki s\u0105 stosowane?<\/strong><br \/>\nWsp\u00f3\u0142pracujemy z firmami UPS\/DHL\/FEDEX\/DPD itp. W zale\u017cno\u015bci od kraju dostawy wybierzemy odpowiedni\u0105 opcj\u0119 wysy\u0142ki, tak aby produkty dotar\u0142y do \u200b\u200bPa\u0144stwa najszybciej jak to mo\u017cliwe.<\/p>\n<p><a href=\"https:\/\/pgvape.com\/pl\/czesto-zadawane-pytania\/\">Kliknij tutaj, aby uzyska\u0107 wi\u0119cej cz\u0119sto zadawanych pyta\u0144<\/a><\/p>\n<p>Szanowni klienci, je\u015bli masz jakiekolwiek pytania dotycz\u0105ce zam\u00f3wienia lub przybycia towaru, skontaktuj si\u0119 z naszym dzia\u0142em obs\u0142ugi klienta. Dzi\u0119kuj\u0119!<\/p>\n<h3 data-sourcepos=\"73:1-73:21\"><strong data-sourcepos=\"73:7-73:21\">Skontaktuj si\u0119 z nami<\/strong><\/h3>\n<div id=\"text-2419739398\" class=\"text\">\n<p><strong data-sourcepos=\"75:3-75:12\">E-mail<\/strong>:\u00a0<a href=\"mailto:support@pgvape.com\"><strong>support@pgvape.com<\/strong><\/a><\/p>\n<p><strong data-sourcepos=\"76:3-76:15\">WhatsApp<\/strong>: <a href=\"https:\/\/wa.me\/+8618128481258\"><strong>+86 18128481258<\/strong><\/a><br \/>\n<strong>(Odpowied\u017a w ci\u0105gu 24 godzin w dni robocze)<\/strong><\/p>\n<\/div>\n<h3><strong>Dzi\u0119kujemy za wybranie pgvape.com! .<\/strong><\/h3>\n<\/div>","protected":false},"excerpt":{"rendered":"<p><strong data-sourcepos=\"50:1-50:202\">\u201cElf Box Pulse X 25000: Najlepszy jednorazowy waporyzator z 25 tys. zaci\u0105gni\u0119\u0107, zakrzywionym ekranem 3D i 10 smakami \u2013 wyposa\u017cony w podw\u00f3jn\u0105 cewk\u0119 siatkow\u0105 zapewniaj\u0105c\u0105 maksymaln\u0105 produkcj\u0119 smaku i pary.\u201d<\/strong><\/p>","protected":false},"featured_media":1454,"comment_status":"open","ping_status":"closed","template":"","meta":{"_seopress_robots_primary_cat":"none","_seopress_titles_title":"%%post_title%% %%sep%% %%sitetitle%%","_seopress_titles_desc":"","_seopress_robots_index":""},"product_brand":[516,126],"product_cat":[94,515,30],"product_tag":[130,131,96,101,128,108,127,79,129,109],"class_list":{"0":"post-1451","1":"product","2":"type-product","3":"status-publish","4":"has-post-thumbnail","6":"product_brand-disposable-vape","7":"product_brand-elf-box-vape","8":"product_cat-25k-puffs-vape","9":"product_cat-disposable-vape","10":"product_cat-elf-box-vape","11":"product_tag-0-5-nicotine","12":"product_tag-10tastes-gypsophila","13":"product_tag-25k-puffs","14":"product_tag-25k-vape","15":"product_tag-box","16":"product_tag-disposable","17":"product_tag-elf","18":"product_tag-led-display","19":"product_tag-pulse-x","20":"product_tag-vape","22":"first","23":"instock","24":"sale","25":"shipping-taxable","26":"purchasable","27":"product-type-variable"},"_links":{"self":[{"href":"https:\/\/pgvape.com\/pl\/wp-json\/wp\/v2\/product\/1451","targetHints":{"allow":["GET"]}}],"collection":[{"href":"https:\/\/pgvape.com\/pl\/wp-json\/wp\/v2\/product"}],"about":[{"href":"https:\/\/pgvape.com\/pl\/wp-json\/wp\/v2\/types\/product"}],"replies":[{"embeddable":true,"href":"https:\/\/pgvape.com\/pl\/wp-json\/wp\/v2\/comments?post=1451"}],"wp:featuredmedia":[{"embeddable":true,"href":"https:\/\/pgvape.com\/pl\/wp-json\/wp\/v2\/media\/1454"}],"wp:attachment":[{"href":"https:\/\/pgvape.com\/pl\/wp-json\/wp\/v2\/media?parent=1451"}],"wp:term":[{"taxonomy":"product_brand","embeddable":true,"href":"https:\/\/pgvape.com\/pl\/wp-json\/wp\/v2\/product_brand?post=1451"},{"taxonomy":"product_cat","embeddable":true,"href":"https:\/\/pgvape.com\/pl\/wp-json\/wp\/v2\/product_cat?post=1451"},{"taxonomy":"product_tag","embeddable":true,"href":"https:\/\/pgvape.com\/pl\/wp-json\/wp\/v2\/product_tag?post=1451"}],"curies":[{"name":"wp","href":"https:\/\/api.w.org\/{rel}","templated":true}]}}