{"id":1251,"date":"2025-09-27T10:16:42","date_gmt":"2025-09-27T10:16:42","guid":{"rendered":"https:\/\/pgvape.com\/?post_type=product&#038;p=1251"},"modified":"2025-12-15T13:26:20","modified_gmt":"2025-12-15T13:26:20","slug":"randm-tornado-15000-15k-zaciagniec-jednorazowy-wyswietlacz-led-vape-vape-factory-direct","status":"publish","type":"product","link":"https:\/\/pgvape.com\/pl\/produkt\/randm-tornado-15000-15k-zaciagniec-jednorazowy-wyswietlacz-led-vape-vape-factory-direct\/","title":{"rendered":"RandM Tornado 15000 15K Puffs Jednorazowy wy\u015bwietlacz LED Vape Vape Factory Direct"},"content":{"rendered":"<div class=\"auto-hide-last-sibling-br paragraph-JOTKXA paragraph-element br-paragraph-space\"><strong data-sourcepos=\"6:5-6:69\">RandM Tornado 15000 Puffs Wy\u015bwietlacz LED Jednorazowy e-papieros<\/strong> dostarcza <strong data-sourcepos=\"6:82-6:112\">d\u0142u\u017csze wra\u017cenia z wapowania<\/strong> z <strong data-sourcepos=\"6:118-6:134\">15 000 zaci\u0105gni\u0119\u0107<\/strong> z <strong data-sourcepos=\"6:142-6:168\">Pojemno\u015b\u0107 e-liquidu 25 ml<\/strong><span class=\"CustomP_animated_char__m3r9w\">.<\/span><span class=\"CustomP_animated_char__m3r9w\">\u00a0<\/span><span class=\"CustomP_animated_char__m3r9w\">Zawiera<\/span><span class=\"CustomP_animated_char__m3r9w\">\u00a0<\/span><span class=\"CustomP_animated_char__m3r9w\">A<\/span><span class=\"CustomP_animated_char__m3r9w\">\u00a0<\/span><strong data-sourcepos=\"6:182-6:195\">cewka siatkowa<\/strong> Aby zapewni\u0107 bogaty smak i par\u0119, to urz\u0105dzenie zawiera: <strong data-sourcepos=\"6:247-6:278\">Akumulator o pojemno\u015bci 850 mAh<\/strong><span class=\"CustomP_animated_char__m3r9w\">\u00a0<\/span><span class=\"CustomP_animated_char__m3r9w\">I<\/span><span class=\"CustomP_animated_char__m3r9w\">\u00a0<\/span><strong data-sourcepos=\"6:283-6:298\">Wy\u015bwietlacz LED<\/strong> do monitorowania w czasie rzeczywistym. <strong data-sourcepos=\"6:356-6:382\">S\u00f3l nikotynowa 2% lub 5%<\/strong><span class=\"CustomP_animated_char__m3r9w\">\u00a0<\/span><span class=\"CustomP_animated_char__m3r9w\">opcje<\/span><span class=\"CustomP_animated_char__m3r9w\">\u00a0<\/span><span class=\"CustomP_animated_char__m3r9w\">I<\/span><span class=\"CustomP_animated_char__m3r9w\">\u00a0<\/span><span class=\"CustomP_animated_char__m3r9w\">wybiera\u0107<\/span><span class=\"CustomP_animated_char__m3r9w\">\u00a0<\/span><span class=\"CustomP_animated_char__m3r9w\">z<\/span><span class=\"CustomP_animated_char__m3r9w\">\u00a0<\/span><strong data-sourcepos=\"6:407-6:429\">41 smak\u00f3w premium<\/strong>. <strong data-sourcepos=\"6:440-6:469\">10 sztuk w pude\u0142ku ekspozycyjnym<\/strong><span class=\"CustomP_animated_char__m3r9w\">,<\/span><span class=\"CustomP_animated_char__m3r9w\">\u00a0<\/span><span class=\"CustomP_animated_char__m3r9w\">To<\/span><span class=\"CustomP_animated_char__m3r9w\">\u2018<\/span><span class=\"CustomP_animated_char__m3r9w\">S<\/span><span class=\"CustomP_animated_char__m3r9w\">\u00a0<\/span><span class=\"CustomP_animated_char__m3r9w\">doskona\u0142y<\/span><span class=\"CustomP_animated_char__m3r9w\">\u00a0<\/span><span class=\"CustomP_animated_char__m3r9w\">Do<\/span><span class=\"CustomP_animated_char__m3r9w\">\u00a0<\/span><span class=\"CustomP_animated_char__m3r9w\">Zar\u00f3wno<\/span><span class=\"CustomP_animated_char__m3r9w\">\u00a0<\/span><span class=\"CustomP_animated_char__m3r9w\">osobisty<\/span><span class=\"CustomP_animated_char__m3r9w\">\u00a0<\/span><span class=\"CustomP_animated_char__m3r9w\">u\u017cywa\u0107<\/span><span class=\"CustomP_animated_char__m3r9w\">\u00a0<\/span><span class=\"CustomP_animated_char__m3r9w\">I<\/span><span class=\"CustomP_animated_char__m3r9w\">\u00a0<\/span><span class=\"CustomP_animated_char__m3r9w\">sprzeda\u017c detaliczna<\/span><span class=\"CustomP_animated_char__m3r9w\">.<\/span><\/div>\n<p>&nbsp;<\/p>\n<h2><span style=\"font-size: 90%;\">RandM Tornado 15000 | 15K Puffs Jednorazowy Vape Specyfikacja produktu<\/span><\/h2>\n<p><strong data-sourcepos=\"11:3-11:13\">Marka:<\/strong>\u00a0<strong data-sourcepos=\"11:14-11:23\">RandM<\/strong><\/p>\n<p><strong data-sourcepos=\"12:3-12:25\">Si\u0142a nikotyny:<\/strong>\u00a0<strong data-sourcepos=\"12:26-12:37\">2% \/ 5%<\/strong><span class=\"CustomP_animated_char__m3r9w\">\u00a0<\/span><span class=\"CustomP_animated_char__m3r9w\">(<\/span><span class=\"CustomP_animated_char__m3r9w\">S\u00f3l<\/span><span class=\"CustomP_animated_char__m3r9w\">\u00a0<\/span><span class=\"CustomP_animated_char__m3r9w\">nikotyna<\/span><span class=\"CustomP_animated_char__m3r9w\">\u00a0<\/span><span class=\"CustomP_animated_char__m3r9w\">Do<\/span><span class=\"CustomP_animated_char__m3r9w\">\u00a0<\/span><span class=\"CustomP_animated_char__m3r9w\">g\u0142adki<\/span><span class=\"CustomP_animated_char__m3r9w\">\u00a0<\/span><span class=\"CustomP_animated_char__m3r9w\">Lub<\/span><span class=\"CustomP_animated_char__m3r9w\">\u00a0<\/span><span class=\"CustomP_animated_char__m3r9w\">mocny<\/span><span class=\"CustomP_animated_char__m3r9w\">\u00a0<\/span><span class=\"CustomP_animated_char__m3r9w\">trafienia<\/span><span class=\"CustomP_animated_char__m3r9w\">)<\/span><\/p>\n<p><strong data-sourcepos=\"13:3-13:25\">Pojemno\u015b\u0107 e-cieczy:<\/strong>\u00a0<strong data-sourcepos=\"13:26-13:34\">25ml<\/strong><span class=\"CustomP_animated_char__m3r9w\">\u00a0<\/span><span class=\"CustomP_animated_char__m3r9w\">(<\/span><span class=\"CustomP_animated_char__m3r9w\">Przemys\u0142<\/span><span class=\"CustomP_animated_char__m3r9w\">\u2013<\/span><span class=\"CustomP_animated_char__m3r9w\">prowadz\u0105cy<\/span><span class=\"CustomP_animated_char__m3r9w\">\u00a0<\/span><span class=\"CustomP_animated_char__m3r9w\">tom<\/span><span class=\"CustomP_animated_char__m3r9w\">\u00a0<\/span><span class=\"CustomP_animated_char__m3r9w\">Do<\/span><span class=\"CustomP_animated_char__m3r9w\">\u00a0<\/span><span class=\"CustomP_animated_char__m3r9w\">mniej<\/span><span class=\"CustomP_animated_char__m3r9w\">\u00a0<\/span><span class=\"CustomP_animated_char__m3r9w\">uzupe\u0142nia<\/span><span class=\"CustomP_animated_char__m3r9w\">)<\/span><\/p>\n<p><strong data-sourcepos=\"14:3-14:23\">Technologia cewki:<\/strong>\u00a0<strong data-sourcepos=\"14:24-14:37\">Cewka siatkowa<\/strong><span class=\"CustomP_animated_char__m3r9w\">\u00a0<\/span><span class=\"CustomP_animated_char__m3r9w\">(<\/span><span class=\"CustomP_animated_char__m3r9w\">Wzmocniony<\/span><span class=\"CustomP_animated_char__m3r9w\">\u00a0<\/span><span class=\"CustomP_animated_char__m3r9w\">smak<\/span><span class=\"CustomP_animated_char__m3r9w\">\u00a0<\/span><span class=\"CustomP_animated_char__m3r9w\">&amp;<\/span><span class=\"CustomP_animated_char__m3r9w\">\u00a0<\/span><span class=\"CustomP_animated_char__m3r9w\">para<\/span><span class=\"CustomP_animated_char__m3r9w\">\u00a0<\/span><span class=\"CustomP_animated_char__m3r9w\">produkcja<\/span><span class=\"CustomP_animated_char__m3r9w\">)<\/span><\/p>\n<p><strong data-sourcepos=\"15:3-15:15\">Bateria:<\/strong>\u00a0<strong data-sourcepos=\"15:16-15:39\">Akumulator 850 mAh<\/strong><span class=\"CustomP_animated_char__m3r9w\">\u00a0<\/span><span class=\"CustomP_animated_char__m3r9w\">(<\/span><span class=\"CustomP_animated_char__m3r9w\">D\u0142ugi<\/span><span class=\"CustomP_animated_char__m3r9w\">\u2013<\/span><span class=\"CustomP_animated_char__m3r9w\">trwa\u0142y<\/span><span class=\"CustomP_animated_char__m3r9w\">\u00a0<\/span><span class=\"CustomP_animated_char__m3r9w\">moc<\/span><span class=\"CustomP_animated_char__m3r9w\">\u00a0<\/span><span class=\"CustomP_animated_char__m3r9w\">z<\/span><span class=\"CustomP_animated_char__m3r9w\">\u00a0<\/span><span class=\"CustomP_animated_char__m3r9w\">USB<\/span><span class=\"CustomP_animated_char__m3r9w\">\u00a0<\/span><span class=\"CustomP_animated_char__m3r9w\">\u0142adowanie<\/span><span class=\"CustomP_animated_char__m3r9w\">)<\/span><\/p>\n<p><strong data-sourcepos=\"16:3-16:15\">Wy\u015bwietlacz:<\/strong>\u00a0<strong data-sourcepos=\"16:16-16:30\">Ekran LED<\/strong><span class=\"CustomP_animated_char__m3r9w\">\u00a0<\/span><span class=\"CustomP_animated_char__m3r9w\">(<\/span><span class=\"CustomP_animated_char__m3r9w\">Prawdziwy<\/span><span class=\"CustomP_animated_char__m3r9w\">\u2013<\/span><span class=\"CustomP_animated_char__m3r9w\">czas<\/span><span class=\"CustomP_animated_char__m3r9w\">\u00a0<\/span><span class=\"CustomP_animated_char__m3r9w\">stosowanie<\/span><span class=\"CustomP_animated_char__m3r9w\">\u00a0<\/span><span class=\"CustomP_animated_char__m3r9w\">\u015bledzenie<\/span><span class=\"CustomP_animated_char__m3r9w\">)<\/span><\/p>\n<p><strong data-sourcepos=\"17:3-17:17\">Opakowanie:<\/strong>\u00a0<strong data-sourcepos=\"17:18-17:39\">10 sztuk\/pude\u0142ko wystawowe<\/strong><span class=\"CustomP_animated_char__m3r9w\">\u00a0<\/span><span class=\"CustomP_animated_char__m3r9w\">(<\/span><span class=\"CustomP_animated_char__m3r9w\">Sprzeda\u017c detaliczna<\/span><span class=\"CustomP_animated_char__m3r9w\">\u2013<\/span><span class=\"CustomP_animated_char__m3r9w\">gotowy<\/span><span class=\"CustomP_animated_char__m3r9w\">\u00a0<\/span><span class=\"CustomP_animated_char__m3r9w\">cielsko<\/span><span class=\"CustomP_animated_char__m3r9w\">\u00a0<\/span><span class=\"CustomP_animated_char__m3r9w\">opakowanie<\/span><span class=\"CustomP_animated_char__m3r9w\">)<\/span><\/p>\n<p><strong data-sourcepos=\"18:3-18:22\">Opcje smakowe:<\/strong>\u00a0<strong data-sourcepos=\"18:23-18:39\">41 odmian<\/strong><span class=\"CustomP_animated_char__m3r9w\">\u00a0<\/span><span class=\"CustomP_animated_char__m3r9w\">(<\/span><span class=\"CustomP_animated_char__m3r9w\">Z<\/span><span class=\"CustomP_animated_char__m3r9w\">\u00a0<\/span><span class=\"CustomP_animated_char__m3r9w\">owocowy<\/span><span class=\"CustomP_animated_char__m3r9w\">\u00a0<\/span><span class=\"CustomP_animated_char__m3r9w\">Do<\/span><span class=\"CustomP_animated_char__m3r9w\">\u00a0<\/span><span class=\"CustomP_animated_char__m3r9w\">lodowaty<\/span><span class=\"CustomP_animated_char__m3r9w\">\u00a0<\/span><span class=\"CustomP_animated_char__m3r9w\">mieszanki<\/span><span class=\"CustomP_animated_char__m3r9w\">)<\/span><\/p>\n<p>&nbsp;<\/p>\n<h3><span style=\"font-size: 90%;\">RandM Tornado 15000 | 15 tys. puszek Jednorazowa lista smak\u00f3w Vape<\/span><\/h3>\n<p>1. Lemoniada Blue Razz<\/p>\n<p>2. L\u00f3d brzoskwiniowy<\/p>\n<p>3. Kwa\u015bne jab\u0142ko<\/p>\n<p>4. L\u00f3d arbuzowy<\/p>\n<p>5. Bor\u00f3wka na lodzie<\/p>\n<p>6. Jagoda Malina<\/p>\n<p>7. L\u00f3d ananasowy<\/p>\n<p>8. Wi\u015bnia<\/p>\n<p>9. L\u00f3d truskawkowy<\/p>\n<p>10. Vimto<\/p>\n<p>11. L\u00f3d winogronowy<\/p>\n<p>12. L\u00f3d z coli<\/p>\n<p>13. Arbuz truskawkowy<\/p>\n<p>14. R\u00f3\u017cowa lemoniada<\/p>\n<p>15. Mieszane jagody<\/p>\n<p>16. Brzoskwiniowe mango<\/p>\n<p>17. Smoczy owoc<\/p>\n<p>18. Winogrono truskawkowe<\/p>\n<p>19. Pan Niebieski<\/p>\n<p>20. Bujny l\u00f3d<\/p>\n<p>21. Lody<\/p>\n<p>22. Truskawkowe Kiwi<\/p>\n<p>23. Gujawa z marakuji i kiwi<\/p>\n<p>24. Potr\u00f3jna jagoda<\/p>\n<p>25. L\u00f3d bananowy<\/p>\n<p>26. Cukierki brzoskwiniowo-jagodowe<\/p>\n<p>27. Jab\u0142ko Brzoskwinia Gruszka<\/p>\n<p>28. Lemoniada jagodowa<\/p>\n<p>29. Niebieska wi\u015bnia Razz<\/p>\n<p>30. Jagodowa guma balonowa<\/p>\n<p>31. Bor\u00f3wka Wi\u015bnia \u017burawina<\/p>\n<p>32. Granat jagodowy<\/p>\n<p>33. Malina Bluesour<\/p>\n<p>34. Wi\u015bniowa Cola<\/p>\n<p>35. Gumowy Mi\u015b<\/p>\n<p>36. Cytryna i limonka<\/p>\n<p>37. Mango na lodzie<\/p>\n<p>38. Czerwony l\u00f3d energetyczny<\/p>\n<p>39. Truskawkowy Banan<\/p>\n<p>40. Truskawkowy Red Bull<\/p>\n<p>41. Truskawkowa lemoniada arbuzowa<\/p>\n<p>42. Mro\u017cona herbata z lodem cytrynowym<\/p>\n<p>43. Mro\u017cona herbata brzoskwiniowa<\/p>\n<p>44. Musuj\u0105ca Wi\u015bnia<\/p>\n<p>45. Kr\u0119gle<\/p>\n<p>46. \u200b\u200bFajna mi\u0119ta<\/p>\n<p>47.Pina Colada<\/p>\n<p><img loading=\"lazy\" decoding=\"async\" class=\"alignnone wp-image-1258 size-full\" src=\"https:\/\/pgvape.com\/wp-content\/uploads\/2025\/09\/Pgvape-RandM-Tornad-15k-Puffs-Disposable-Vape-5.png\" alt=\"Plakat promocyjny jednorazowych waporyzator\u00f3w Fumot Tornado 15000 PUFF przedstawiaj\u0105cy rz\u0119dy kolorowych urz\u0105dze\u0144, ka\u017cde z postaci\u0105 z kresk\u00f3wki, blok specyfikacji produktu (15000 zaci\u0105gni\u0119\u0107, pojemno\u015b\u0107 25 ml, opcje nikotyny 0\u20135%, akumulator 850 mAh, cewka z siatk\u0105 0,9 \u03a9) oraz numerowan\u0105 list\u0119 wielu nazw smak\u00f3w, takich jak Blue Razz Lemonade, Peach Ice, Watermelon .\" width=\"1080\" height=\"1080\" srcset=\"https:\/\/pgvape.com\/wp-content\/uploads\/2025\/09\/Pgvape-RandM-Tornad-15k-Puffs-Disposable-Vape-5.png 1080w, https:\/\/pgvape.com\/wp-content\/uploads\/2025\/09\/Pgvape-RandM-Tornad-15k-Puffs-Disposable-Vape-5-360x360.png 360w, https:\/\/pgvape.com\/wp-content\/uploads\/2025\/09\/Pgvape-RandM-Tornad-15k-Puffs-Disposable-Vape-5-595x595.png 595w, https:\/\/pgvape.com\/wp-content\/uploads\/2025\/09\/Pgvape-RandM-Tornad-15k-Puffs-Disposable-Vape-5-400x400.png 400w, https:\/\/pgvape.com\/wp-content\/uploads\/2025\/09\/Pgvape-RandM-Tornad-15k-Puffs-Disposable-Vape-5-768x768.png 768w, https:\/\/pgvape.com\/wp-content\/uploads\/2025\/09\/Pgvape-RandM-Tornad-15k-Puffs-Disposable-Vape-5-12x12.png 12w, https:\/\/pgvape.com\/wp-content\/uploads\/2025\/09\/Pgvape-RandM-Tornad-15k-Puffs-Disposable-Vape-5-300x300.png 300w, https:\/\/pgvape.com\/wp-content\/uploads\/2025\/09\/Pgvape-RandM-Tornad-15k-Puffs-Disposable-Vape-5-600x600.png 600w, https:\/\/pgvape.com\/wp-content\/uploads\/2025\/09\/Pgvape-RandM-Tornad-15k-Puffs-Disposable-Vape-5-100x100.png 100w, https:\/\/pgvape.com\/wp-content\/uploads\/2025\/09\/Pgvape-RandM-Tornad-15k-Puffs-Disposable-Vape-5-40x40.png 40w\" sizes=\"auto, (max-width: 1080px) 100vw, 1080px\" \/><\/p>\n<p>&nbsp;<\/p>\n<h3><span style=\"font-size: 90%;\">RandM Tornado 15000 | 15K Puffs Jednorazowy Vape <\/span><strong>Wideo:<br \/>\n<iframe loading=\"lazy\" title=\"RandM Tornado 15000 | 15K Puffs Jednorazowy Vape | Wy\u015bwietlacz LED | Vape Factory Direct pgvape\" width=\"1020\" height=\"574\" src=\"https:\/\/www.youtube.com\/embed\/9Fr-KmfWr1Q?feature=oembed\" frameborder=\"0\" allow=\"accelerometer; autoplay; clipboard-write; encrypted-media; gyroscope; picture-in-picture; web-share\" referrerpolicy=\"strict-origin-when-cross-origin\" allowfullscreen><\/iframe><br \/>\n<\/strong><\/h3>\n<p>&nbsp;<\/p>\n<h2 class=\"header-vfC6AV auto-hide-last-sibling-br\">Cz\u0119sto zadawane pytania dotycz\u0105ce RandM Tornado 15000 | 15K Puffs Jednorazowy waporyzator<\/h2>\n<p data-sourcepos=\"74:1-75:94\">\u2753 <strong data-sourcepos=\"74:3-74:44\">Jak d\u0142ugo wytrzymuje Tornado 15000?<\/strong><br \/>\n\u2705Z <strong data-sourcepos=\"75:8-75:24\">15 000 zaci\u0105gni\u0119\u0107<\/strong> I <strong data-sourcepos=\"75:29-75:46\">25ml e-p\u0142ynu<\/strong>, przewy\u017csza standardowe produkty jednorazowego u\u017cytku 3-5 razy.<\/p>\n<p data-sourcepos=\"77:1-78:105\">\u2753 <strong data-sourcepos=\"77:3-77:48\">Co wyr\u00f3\u017cnia jako\u015b\u0107 pary?<\/strong><br \/>\n\u2705 <strong data-sourcepos=\"78:7-78:20\">cewka siatkowa<\/strong> zapewnia <strong data-sourcepos=\"78:29-78:58\">30% wi\u0119ksza intensywno\u015b\u0107 smaku<\/strong> I <strong data-sourcepos=\"78:63-78:80\">g\u0119stsze chmury<\/strong> w por\u00f3wnaniu z tradycyjnymi cewkami.<\/p>\n<p data-sourcepos=\"80:1-81:79\">\u2753 <strong data-sourcepos=\"80:3-80:43\">Czy mog\u0119 \u015bledzi\u0107 poziom baterii\/p\u0142ynu e-liquid?<\/strong><br \/>\n\u2705 <strong data-sourcepos=\"81:7-81:22\">Wy\u015bwietlacz LED<\/strong> pokazuje dok\u0142adn\u0105 pozosta\u0142\u0105 pojemno\u015b\u0107 \u2013 nie trzeba zgadywa\u0107.<\/p>\n<p data-sourcepos=\"83:1-84:77\">\u2753 <strong data-sourcepos=\"83:3-83:51\">Czy jest odpowiedni dla u\u017cytkownik\u00f3w wra\u017cliwych na nikotyn\u0119?<\/strong><br \/>\n\u2705 Wybierz <strong data-sourcepos=\"84:10-84:16\">2%<\/strong> dla \u0142agodnego do\u015bwiadczenia lub <strong data-sourcepos=\"84:42-84:48\">5%<\/strong> dla silniejszej satysfakcji.<\/p>\n<p data-sourcepos=\"86:1-87:81\">\u2753 <strong data-sourcepos=\"86:3-86:42\">Ile urz\u0105dze\u0144 znajduje si\u0119 w opakowaniu?<\/strong><br \/>\n\u2705 <strong data-sourcepos=\"87:3-87:31\">10 sztuk w pude\u0142ku ekspozycyjnym<\/strong> \u2013 idealne dla sprzedawc\u00f3w detalicznych lub os\u00f3b gromadz\u0105cych zapasy ulubionych produkt\u00f3w.<\/p>\n<p data-sourcepos=\"89:1-90:221\">\u2753 <strong data-sourcepos=\"89:3-89:44\">Jakie kategorie smakowe s\u0105 dost\u0119pne?<\/strong><br \/>\n\u2705 <strong data-sourcepos=\"90:3-90:24\">6 profili smakowych<\/strong>: Owocowy (np., <strong data-sourcepos=\"90:40-90:68\">Gujawa z marakuji kiwi<\/strong>), lodowaty (<strong data-sourcepos=\"90:76-90:94\">Arbuzowy l\u00f3d<\/strong>), napoje (<strong data-sourcepos=\"90:107-90:122\">Pina Colada<\/strong>), Cukierki (<strong data-sourcepos=\"90:132-90:146\">Gumowy Mi\u015b<\/strong>), Tropikalny (<strong data-sourcepos=\"90:159-90:175\">Smoczy Owoc<\/strong>) i Unikalne Mieszanki (<strong data-sourcepos=\"90:197-90:217\">Niebieska wi\u015bnia Razz<\/strong>).<\/p>\n<p data-sourcepos=\"92:1-93:76\">\u2753 <strong data-sourcepos=\"92:3-92:35\">Czy wymaga konserwacji?<\/strong><br \/>\n\u2705 <strong data-sourcepos=\"93:3-93:23\">Zero konserwacji<\/strong> \u2013 konstrukcja jednorazowa z <strong data-sourcepos=\"93:49-93:73\">aktywacja automatycznego losowania<\/strong>.<\/p>\n<p data-sourcepos=\"95:1-96:77\">\u2753 <strong data-sourcepos=\"95:3-95:40\">Jak szybko \u0142aduje si\u0119 akumulator?<\/strong><br \/>\n\u2705 <strong data-sourcepos=\"96:7-96:25\">Bateria 850 mAh<\/strong> ca\u0142kowicie si\u0119 \u0142aduje <strong data-sourcepos=\"96:45-96:60\">~60 minut<\/strong> poprzez micro-USB.<\/p>\n<p>&nbsp;<\/p>\n<h3 id=\"brxe-najhln\" class=\"brxe-heading\"><span style=\"font-size: 90%;\">Cz\u0119sto zadawane pytania (FAQ)<\/span><\/h3>\n<div id=\"brxe-rajiac\" class=\"brxe-text\">\n<p><strong>P: Jakie metody p\u0142atno\u015bci akceptujecie?<\/strong><br \/>\nOdp.: Akceptujemy PayPal, Stripe, przelewy bankowe (obs\u0142ugiwane SEPA), g\u0142\u00f3wne karty kredytowe (Visa, MasterCard, American Express) i p\u0142atno\u015bci w kryptowalutach.<\/p>\n<p><strong>P: Jak d\u0142ugo trwa przygotowanie zam\u00f3wienia?<\/strong><br \/>\nOdp.: Przygotowanie zam\u00f3wienia zajmuje 1-3 dni robocze.<\/p>\n<p><strong>P: Jaki jest czas wysy\u0142ki?<\/strong><br \/>\nOdp.: Czas wysy\u0142ki wynosi 7-14 dni roboczych, w zale\u017cno\u015bci od Twojej lokalizacji.<\/p>\n<p><strong>P: Jak mog\u0119 \u015bledzi\u0107 moje zam\u00f3wienie?<\/strong><br \/>\nOdp.: Po wysy\u0142ce otrzymasz wiadomo\u015b\u0107 e-mail z potwierdzeniem i numerem przesy\u0142ki umo\u017cliwiaj\u0105cym \u015bledzenie w czasie rzeczywistym.<\/p>\n<p><strong>P: Jaka jest Twoja polityka zwrot\u00f3w?<\/strong><br \/>\nOdp.: Oferujemy 30-dniow\u0105 polityk\u0119 zwrot\u00f3w lub wymiany. .<\/p>\n<p><strong>P: Czy wyst\u0105pi\u0105 jakie\u015b problemy celne?<br \/>\n<\/strong>Obs\u0142ugujemy wszystkie procedury odprawy celnej, aby zapewni\u0107 Ci bezproblemow\u0105 obs\u0142ug\u0119. .<\/p>\n<p><strong>P: Jakie metody wysy\u0142ki s\u0105 stosowane?<\/strong><br \/>\nWsp\u00f3\u0142pracujemy z firmami UPS\/DHL\/FEDEX\/DPD itp. W zale\u017cno\u015bci od kraju dostawy wybierzemy odpowiedni\u0105 opcj\u0119 wysy\u0142ki, tak aby produkty dotar\u0142y do \u200b\u200bPa\u0144stwa najszybciej jak to mo\u017cliwe.<\/p>\n<p><a href=\"https:\/\/pgvape.com\/pl\/czesto-zadawane-pytania\/\">Kliknij tutaj, aby uzyska\u0107 wi\u0119cej cz\u0119sto zadawanych pyta\u0144<\/a><\/p>\n<p>Szanowni klienci, je\u015bli masz jakiekolwiek pytania dotycz\u0105ce zam\u00f3wienia lub przybycia towaru, skontaktuj si\u0119 z naszym dzia\u0142em obs\u0142ugi klienta. Dzi\u0119kuj\u0119!<\/p>\n<h3 data-sourcepos=\"73:1-73:21\"><strong data-sourcepos=\"73:7-73:21\">Skontaktuj si\u0119 z nami<\/strong><\/h3>\n<div id=\"text-2419739398\" class=\"text\">\n<p><strong data-sourcepos=\"75:3-75:12\">E-mail<\/strong>:\u00a0<a href=\"mailto:support@pgvape.com\"><strong>support@pgvape.com<\/strong><\/a><\/p>\n<p><strong data-sourcepos=\"76:3-76:15\">WhatsApp<\/strong>: <a href=\"https:\/\/wa.me\/+8618128481258\"><strong>+86 18128481258<\/strong><\/a><br \/>\n<strong>(Odpowied\u017a w ci\u0105gu 24 godzin w dni robocze)<\/strong><\/p>\n<\/div>\n<h3><strong>Dzi\u0119kujemy za wybranie pgvape.com! .<\/strong><\/h3>\n<\/div>","protected":false},"excerpt":{"rendered":"<p><strong data-sourcepos=\"101:5-101:28\">RandM Tornado 15000<\/strong> ustawia poprzeczk\u0119 z <strong data-sourcepos=\"101:47-101:63\">15 000 zaci\u0105gni\u0119\u0107<\/strong>, <strong data-sourcepos=\"101:65-101:82\">Pojemno\u015b\u0107 25 ml<\/strong>, I <strong data-sourcepos=\"101:88-101:112\">technologia cewek siatkowych<\/strong>. <strong data-sourcepos=\"101:118-101:133\">Wy\u015bwietlacz LED<\/strong> I <strong data-sourcepos=\"101:138-101:164\">Opcje nikotyny 2%\/5%<\/strong> zaspokoi\u0107 potrzeby wszystkich vaper\u00f3w, podczas gdy <strong data-sourcepos=\"101:192-101:206\">41 smak\u00f3w<\/strong> I <strong data-sourcepos=\"101:211-101:237\">opakowania gotowe do sprzeda\u017cy detalicznej<\/strong> uczyni\u0107 go komercyjnym wyr\u00f3\u017cnikiem.<\/p>","protected":false},"featured_media":1271,"comment_status":"open","ping_status":"closed","template":"","meta":{"_seopress_robots_primary_cat":"none","_seopress_titles_title":"%%post_title%% %%sep%% %%sitetitle%%","_seopress_titles_desc":"","_seopress_robots_index":""},"product_brand":[516,162],"product_cat":[113,515,26],"product_tag":[115,116,117,118,108,79,490,59,114,109],"class_list":{"0":"post-1251","1":"product","2":"type-product","3":"status-publish","4":"has-post-thumbnail","6":"product_brand-disposable-vape","7":"product_brand-fumot-vape","8":"product_cat-15k-puffs-vape","9":"product_cat-disposable-vape","10":"product_cat-fumot-vape","11":"product_tag-115","12":"product_tag-15k-puffs","13":"product_tag-15k-vape","14":"product_tag-2-5-nicotine","15":"product_tag-disposable","16":"product_tag-led-display","17":"product_tag-minimum-2-pieces","18":"product_tag-mouth-to-lung-mtl","19":"product_tag-randm-tornado","20":"product_tag-vape","22":"first","23":"instock","24":"sale","25":"shipping-taxable","26":"purchasable","27":"product-type-variable"},"_links":{"self":[{"href":"https:\/\/pgvape.com\/pl\/wp-json\/wp\/v2\/product\/1251","targetHints":{"allow":["GET"]}}],"collection":[{"href":"https:\/\/pgvape.com\/pl\/wp-json\/wp\/v2\/product"}],"about":[{"href":"https:\/\/pgvape.com\/pl\/wp-json\/wp\/v2\/types\/product"}],"replies":[{"embeddable":true,"href":"https:\/\/pgvape.com\/pl\/wp-json\/wp\/v2\/comments?post=1251"}],"wp:featuredmedia":[{"embeddable":true,"href":"https:\/\/pgvape.com\/pl\/wp-json\/wp\/v2\/media\/1271"}],"wp:attachment":[{"href":"https:\/\/pgvape.com\/pl\/wp-json\/wp\/v2\/media?parent=1251"}],"wp:term":[{"taxonomy":"product_brand","embeddable":true,"href":"https:\/\/pgvape.com\/pl\/wp-json\/wp\/v2\/product_brand?post=1251"},{"taxonomy":"product_cat","embeddable":true,"href":"https:\/\/pgvape.com\/pl\/wp-json\/wp\/v2\/product_cat?post=1251"},{"taxonomy":"product_tag","embeddable":true,"href":"https:\/\/pgvape.com\/pl\/wp-json\/wp\/v2\/product_tag?post=1251"}],"curies":[{"name":"wp","href":"https:\/\/api.w.org\/{rel}","templated":true}]}}