{"id":1155,"date":"2025-09-27T07:42:46","date_gmt":"2025-09-27T07:42:46","guid":{"rendered":"https:\/\/pgvape.com\/?post_type=product&#038;p=1155"},"modified":"2026-01-27T09:27:43","modified_gmt":"2026-01-27T09:27:43","slug":"fumot-leopard-40000-40k-zaciagniec-jednorazowy-vape-swiatlo-rgb-cyfrowy-wyswietlacz-2-5-nikotyna-16-smakow-z-vape-factory-direct","status":"publish","type":"product","link":"https:\/\/pgvape.com\/pl\/produkt\/fumot-leopard-40000-40k-zaciagniec-jednorazowy-vape-swiatlo-rgb-cyfrowy-wyswietlacz-2-5-nikotyna-16-smakow-z-vape-factory-direct\/","title":{"rendered":"Fumot Leopard 40000 | 40K Puffs Jednorazowy Vape | Cyfrowy wy\u015bwietlacz RGB Light | 2% 5% Nikotyna | 16 smak\u00f3w z | Vape Factory Direct"},"content":{"rendered":"<div class=\"auto-hide-last-sibling-br paragraph-JOTKXA paragraph-element br-paragraph-space\"><strong data-sourcepos=\"6:5-6:54\">Jednorazowy Vape RandM Fumot Leopard 40K Puffs<\/strong> na nowo definiuje d\u0142ugotrwa\u0142e wapowanie <strong data-sourcepos=\"6:90-6:112\">do 40 000 zaci\u0105gni\u0119\u0107<\/strong><span class=\"CustomP_animated_char__m3r9w\">\u00a0<\/span><span class=\"CustomP_animated_char__m3r9w\">nap\u0119dzany<\/span><span class=\"CustomP_animated_char__m3r9w\">\u00a0<\/span><span class=\"CustomP_animated_char__m3r9w\">przez<\/span><span class=\"CustomP_animated_char__m3r9w\">\u00a0<\/span><strong data-sourcepos=\"6:124-6:143\">podw\u00f3jne cewki siatkowe<\/strong> dla wyj\u0105tkowo g\u0142adkiego smaku. <strong data-sourcepos=\"6:173-6:209\">przezroczysty wz\u00f3r w panterk\u0119<\/strong> posiada <strong data-sourcepos=\"6:222-6:239\">Wska\u017anik LED<\/strong><span class=\"CustomP_animated_char__m3r9w\">\u00a0<\/span><span class=\"CustomP_animated_char__m3r9w\">I<\/span><span class=\"CustomP_animated_char__m3r9w\">\u00a0<\/span><strong data-sourcepos=\"6:244-6:267\">Obrotowe \u015bwiat\u0142a RGB<\/strong><span class=\"CustomP_animated_char__m3r9w\">\u00a0<\/span><span class=\"CustomP_animated_char__m3r9w\">Do<\/span><span class=\"CustomP_animated_char__m3r9w\">\u00a0<\/span><span class=\"CustomP_animated_char__m3r9w\">zachwycaj\u0105cy<\/span><span class=\"CustomP_animated_char__m3r9w\">\u00a0<\/span><span class=\"CustomP_animated_char__m3r9w\">wizualizacje<\/span><span class=\"CustomP_animated_char__m3r9w\">,<\/span><span class=\"CustomP_animated_char__m3r9w\">\u00a0<\/span><span class=\"CustomP_animated_char__m3r9w\">chwila<\/span><span class=\"CustomP_animated_char__m3r9w\">\u00a0<\/span><span class=\"CustomP_animated_char__m3r9w\">the<\/span><span class=\"CustomP_animated_char__m3r9w\">\u00a0<\/span><strong data-sourcepos=\"6:300-6:319\">cyfrowy wy\u015bwietlacz<\/strong> \u015bledzi poziom e-p\u0142ynu i baterii w czasie rzeczywistym. <strong data-sourcepos=\"6:376-6:407\">Akumulator o pojemno\u015bci 750 mAh<\/strong><span class=\"CustomP_animated_char__m3r9w\">,<\/span><span class=\"CustomP_animated_char__m3r9w\">\u00a0<\/span><strong data-sourcepos=\"6:409-6:428\">\u0141adowanie typu C<\/strong><span class=\"CustomP_animated_char__m3r9w\">,<\/span><span class=\"CustomP_animated_char__m3r9w\">\u00a0<\/span><span class=\"CustomP_animated_char__m3r9w\">I<\/span><span class=\"CustomP_animated_char__m3r9w\">\u00a0<\/span><strong data-sourcepos=\"6:434-6:455\">16 opcji smakowych<\/strong> Na <strong data-sourcepos=\"6:459-6:490\">Moc nikotyny 2%\/3%\/5%<\/strong><span class=\"CustomP_animated_char__m3r9w\">,<\/span><span class=\"CustomP_animated_char__m3r9w\">\u00a0<\/span><span class=\"CustomP_animated_char__m3r9w\">To<\/span><span class=\"CustomP_animated_char__m3r9w\">\u2018<\/span><span class=\"CustomP_animated_char__m3r9w\">S<\/span><span class=\"CustomP_animated_char__m3r9w\">\u00a0<\/span><span class=\"CustomP_animated_char__m3r9w\">the<\/span><span class=\"CustomP_animated_char__m3r9w\">\u00a0<\/span><span class=\"CustomP_animated_char__m3r9w\">doskona\u0142y<\/span><span class=\"CustomP_animated_char__m3r9w\">\u00a0<\/span><span class=\"CustomP_animated_char__m3r9w\">mieszanka<\/span><span class=\"CustomP_animated_char__m3r9w\">\u00a0<\/span><span class=\"CustomP_animated_char__m3r9w\">z<\/span><span class=\"CustomP_animated_char__m3r9w\">\u00a0<\/span><span class=\"CustomP_animated_char__m3r9w\">wydajno\u015b\u0107<\/span><span class=\"CustomP_animated_char__m3r9w\">\u00a0<\/span><span class=\"CustomP_animated_char__m3r9w\">I<\/span><span class=\"CustomP_animated_char__m3r9w\">\u00a0<\/span><span class=\"CustomP_animated_char__m3r9w\">styl<\/span><span class=\"CustomP_animated_char__m3r9w\">.<\/span><\/div>\n<p>&nbsp;<\/p>\n<h2><span style=\"font-size: 90%;\">Fumot Leopard 40000 | 40K Puffs Jednorazowy Vape Specyfikacja produktu<\/span><\/h2>\n<p><strong data-sourcepos=\"11:3-11:25\">Si\u0142a nikotyny:<\/strong>\u00a0<strong data-sourcepos=\"11:26-11:42\">2% \/ 3% \/ 5%<\/strong>\u00a0(Konfigurowalna intensywno\u015b\u0107 uderzenia w gard\u0142o)<\/p>\n<p><strong data-sourcepos=\"12:3-12:18\">Liczba zaci\u0105gni\u0119\u0107:<\/strong>\u00a0<strong data-sourcepos=\"12:19-12:35\">40 000 zaci\u0105gni\u0119\u0107<\/strong>\u00a0(Wiod\u0105ca w bran\u017cy trwa\u0142o\u015b\u0107)<\/p>\n<p><strong data-sourcepos=\"13:3-13:24\">Pojemno\u015b\u0107 baterii:<\/strong>\u00a0<strong data-sourcepos=\"13:25-13:48\">Akumulator 750 mAh<\/strong>\u00a0(D\u0142ugotrwa\u0142e codzienne u\u017cytkowanie)<\/p>\n<p><strong data-sourcepos=\"14:3-14:23\">Technologia cewki:<\/strong>\u00a0<strong data-sourcepos=\"14:24-14:42\">Podw\u00f3jna cewka siatkowa<\/strong>\u00a0(Szybsze nagrzewanie, bogatszy smak)<\/p>\n<p><strong data-sourcepos=\"15:3-15:16\">\u0141adowanie:<\/strong>\u00a0<strong data-sourcepos=\"15:17-15:32\">Port typu C<\/strong>\u00a0(Szybka i uniwersalna kompatybilno\u015b\u0107)<\/p>\n<p><strong data-sourcepos=\"16:3-16:23\">Cechy wizualne:<\/strong><\/p>\n<p><strong data-sourcepos=\"17:5-17:35\">Efekty obrotowego \u015bwiat\u0142a RGB<\/strong>\u00a0(Dynamiczna atmosfera)<\/p>\n<p><strong data-sourcepos=\"18:5-18:29\">Cyfrowy wy\u015bwietlacz lampowy<\/strong>\u00a0(Monitorowanie oleju\/mocy w czasie rzeczywistym)<\/p>\n<p><strong data-sourcepos=\"19:3-19:17\">Opakowanie:<\/strong>\u00a0<strong data-sourcepos=\"19:18-19:33\">10 szt.\/opak<\/strong>\u00a0(Przyjazny dla sprzedawc\u00f3w masowych)<\/p>\n<p><strong data-sourcepos=\"20:3-20:22\">Opcje smakowe:<\/strong>\u00a0<strong data-sourcepos=\"20:23-20:48\">16 r\u00f3\u017cnych odmian<\/strong><\/p>\n<p>&nbsp;<\/p>\n<h3><span style=\"font-size: 90%;\">Fumot Leopard 40000 | 40 tys. ptysi\u00f3w Jednorazowa lista smak\u00f3w Vape<\/span><\/h3>\n<p>1. Mieszane jagody<\/p>\n<p>2.Malina jagodowa<\/p>\n<p>3. Arbuz Truskawkowy<\/p>\n<p>4.L\u00f3d truskawkowy<\/p>\n<p>5. Wi\u015bniowy l\u00f3d<\/p>\n<p>6. L\u00f3d arbuzowy<\/p>\n<p>7.Kiwi Gujawa z marakuji<\/p>\n<p>8. Doktor Niebieski<\/p>\n<p>9. Bor\u00f3wka na lodzie<\/p>\n<p>10. Jagoda brzoskwiniowa<\/p>\n<p>11. R\u00f3\u017cowa lemoniada<\/p>\n<p>12.Truskawkowy Banan<\/p>\n<p>13.Arbuzowa guma balonowa<\/p>\n<p>14.Brzoskwiniowy ananas mango<\/p>\n<p>15. L\u00f3d Czarnego Smoka<\/p>\n<p>16. Bor\u00f3wka Wi\u015bnia \u017burawina<\/p>\n<p><img loading=\"lazy\" decoding=\"async\" class=\"alignnone wp-image-1160 size-full\" src=\"https:\/\/pgvape.com\/wp-content\/uploads\/2025\/09\/Pgvape-Fumot-Leopard-40000-40K-Puffs-Disposable-Vape-Dual-Mesh-CoilFactory-Direct-3-scaled.png\" alt=\"Karta produktu przedstawiaj\u0105ca 16 kolorowych jednorazowych urz\u0105dze\u0144 do waporyzacji FUMOT Leopard 40 tys. z grafik\u0105 neonowego lamparta i etykietami smakowymi u\u0142o\u017conymi w siatk\u0119 cztery na cztery, z nag\u0142\u00f3wkiem zawieraj\u0105cym specyfikacje: pojemno\u015b\u0107 akumulatora 700 mAh, podw\u00f3jny rdze\u0144 siatkowy, zaci\u0105gni\u0119cia 40 tys. i \u0142adowanie typu C.\" width=\"1642\" height=\"2560\" srcset=\"https:\/\/pgvape.com\/wp-content\/uploads\/2025\/09\/Pgvape-Fumot-Leopard-40000-40K-Puffs-Disposable-Vape-Dual-Mesh-CoilFactory-Direct-3-scaled.png 1642w, https:\/\/pgvape.com\/wp-content\/uploads\/2025\/09\/Pgvape-Fumot-Leopard-40000-40K-Puffs-Disposable-Vape-Dual-Mesh-CoilFactory-Direct-3-231x360.png 231w, https:\/\/pgvape.com\/wp-content\/uploads\/2025\/09\/Pgvape-Fumot-Leopard-40000-40K-Puffs-Disposable-Vape-Dual-Mesh-CoilFactory-Direct-3-595x928.png 595w, https:\/\/pgvape.com\/wp-content\/uploads\/2025\/09\/Pgvape-Fumot-Leopard-40000-40K-Puffs-Disposable-Vape-Dual-Mesh-CoilFactory-Direct-3-257x400.png 257w, https:\/\/pgvape.com\/wp-content\/uploads\/2025\/09\/Pgvape-Fumot-Leopard-40000-40K-Puffs-Disposable-Vape-Dual-Mesh-CoilFactory-Direct-3-768x1197.png 768w, https:\/\/pgvape.com\/wp-content\/uploads\/2025\/09\/Pgvape-Fumot-Leopard-40000-40K-Puffs-Disposable-Vape-Dual-Mesh-CoilFactory-Direct-3-985x1536.png 985w, https:\/\/pgvape.com\/wp-content\/uploads\/2025\/09\/Pgvape-Fumot-Leopard-40000-40K-Puffs-Disposable-Vape-Dual-Mesh-CoilFactory-Direct-3-1314x2048.png 1314w, https:\/\/pgvape.com\/wp-content\/uploads\/2025\/09\/Pgvape-Fumot-Leopard-40000-40K-Puffs-Disposable-Vape-Dual-Mesh-CoilFactory-Direct-3-8x12.png 8w, https:\/\/pgvape.com\/wp-content\/uploads\/2025\/09\/Pgvape-Fumot-Leopard-40000-40K-Puffs-Disposable-Vape-Dual-Mesh-CoilFactory-Direct-3-600x935.png 600w, https:\/\/pgvape.com\/wp-content\/uploads\/2025\/09\/Pgvape-Fumot-Leopard-40000-40K-Puffs-Disposable-Vape-Dual-Mesh-CoilFactory-Direct-3-26x40.png 26w\" sizes=\"auto, (max-width: 1642px) 100vw, 1642px\" \/><\/p>\n<p>&nbsp;<\/p>\n<h3><span style=\"font-size: 90%;\">Fumot Leopard 40000 | 40K Puffs Jednorazowy Vape <\/span><strong>Wideo:<br \/>\n<\/strong><\/h3>\n<p><iframe loading=\"lazy\" title=\"Fumot Leopard 40K Puffs Jednorazowy Vape | \u015awiat\u0142o Rgb Cyfrowy wy\u015bwietlacz | Vape Factory Direct pgvape\" width=\"1020\" height=\"574\" src=\"https:\/\/www.youtube.com\/embed\/yxuv8K7_08M?feature=oembed\" frameborder=\"0\" allow=\"accelerometer; autoplay; clipboard-write; encrypted-media; gyroscope; picture-in-picture; web-share\" referrerpolicy=\"strict-origin-when-cross-origin\" allowfullscreen><\/iframe><\/p>\n<p>&nbsp;<\/p>\n<h2><span style=\"font-size: 90%;\">Cz\u0119sto zadawane pytania dotycz\u0105ce Fumot Leopard 40000 | 40K Puffs Jednorazowy waporyzator<\/span><\/h2>\n<p data-sourcepos=\"45:1-46:85\">\u2753 <strong data-sourcepos=\"45:3-45:46\">Dlaczego warto wybra\u0107 ten waporyzator do d\u0142ugotrwa\u0142ego stosowania?<\/strong><br \/>\n\u2705 <strong data-sourcepos=\"46:3-46:19\">40 000 zaci\u0105gni\u0119\u0107<\/strong> ogranicz liczb\u0119 wymian \u2013 co odpowiada tygodniom ci\u0105g\u0142ego wapowania.<\/p>\n<p data-sourcepos=\"48:1-49:78\">\u2753 <strong data-sourcepos=\"48:3-48:40\">W jaki spos\u00f3b cewka poprawia smak?<\/strong><br \/>\n\u2705 <strong data-sourcepos=\"49:3-49:22\">Podw\u00f3jne cewki siatkowe<\/strong> r\u00f3wnomiernie podgrzewa\u0107 <strong data-sourcepos=\"49:39-49:55\">odwa\u017cniejszy smak<\/strong> I <strong data-sourcepos=\"49:60-49:75\">jedwabista para<\/strong>.<\/p>\n<p data-sourcepos=\"51:1-52:86\">\u2753 <strong data-sourcepos=\"51:3-51:34\">Czy mog\u0119 \u0142atwo monitorowa\u0107 wykorzystanie?<\/strong><br \/>\n\u2705 <strong data-sourcepos=\"52:7-52:31\">cyfrowy wy\u015bwietlacz lampowy<\/strong> pokazuje dok\u0142adnie <strong data-sourcepos=\"52:44-52:71\">poziom e-p\u0142ynu\/baterii<\/strong> na pierwszy rzut oka.<\/p>\n<p data-sourcepos=\"54:1-55:80\">\u2753 <strong data-sourcepos=\"54:3-54:36\">Co sprawia, \u017ce \u200b\u200bjego projekt jest wyj\u0105tkowy?<\/strong><br \/>\n\u2705 <strong data-sourcepos=\"55:3-55:45\">Przezroczysty nadruk w panterk\u0119 + \u015bwiat\u0142a RGB<\/strong> stworzy\u0107 przyci\u0105gaj\u0105c\u0105 wzrok estetyk\u0119.<\/p>\n<p data-sourcepos=\"57:1-58:85\">\u2753 <strong data-sourcepos=\"57:3-57:35\">Jakie istniej\u0105 opcje nikotyny?<br \/>\n<\/strong> \u2705 Wybierz <strong data-sourcepos=\"58:10-58:24\">2% (lekki)<\/strong>, <strong data-sourcepos=\"58:26-58:43\">3% (zbalansowany)<\/strong>, Lub <strong data-sourcepos=\"58:48-58:63\">5% (silny)<\/strong> dla Twojego idealnego trafienia.<\/p>\n<p data-sourcepos=\"60:1-61:96\">\u2753 <strong data-sourcepos=\"60:3-60:27\">Czy smaki s\u0105 r\u00f3\u017cnorodne?<\/strong><br \/>\n\u2705 <strong data-sourcepos=\"61:3-61:17\">16 opcji<\/strong> obejmuj\u0105 owoce, mieszanki lodowe i mieszanki egzotyczne, takie jak <strong data-sourcepos=\"61:65-61:93\">Gujawa z marakuji kiwi<\/strong>.<\/p>\n<p data-sourcepos=\"63:1-64:75\">\u2753 <strong data-sourcepos=\"63:3-63:33\">Jak szybko si\u0119 \u0142aduje?<\/strong><br \/>\n\u2705 <strong data-sourcepos=\"64:3-64:22\">\u0141adowanie typu C<\/strong> tankuje <strong data-sourcepos=\"64:35-64:53\">Bateria 750 mAh<\/strong> szybko i bezpiecznie.<\/p>\n<p data-sourcepos=\"66:1-67:69\">\u2753 <strong data-sourcepos=\"66:3-66:34\">Czy istnieje mo\u017cliwo\u015b\u0107 zakupu hurtowego?<br \/>\n<\/strong> \u2705 Tak! <strong data-sourcepos=\"67:8-67:31\">10 urz\u0105dze\u0144 w opakowaniu<\/strong> zaspokoi\u0107 potrzeby sprzedawc\u00f3w detalicznych i intensywnych u\u017cytkownik\u00f3w.<\/p>\n<p>&nbsp;<\/p>\n<h3 id=\"brxe-najhln\" class=\"brxe-heading\"><span style=\"font-size: 90%;\">Cz\u0119sto zadawane pytania (FAQ)<\/span><\/h3>\n<div id=\"brxe-rajiac\" class=\"brxe-text\">\n<p><strong>P: Jakie metody p\u0142atno\u015bci akceptujecie?<\/strong><br \/>\nOdp.: Akceptujemy PayPal, Stripe, przelewy bankowe (obs\u0142ugiwane SEPA), g\u0142\u00f3wne karty kredytowe (Visa, MasterCard, American Express) i p\u0142atno\u015bci w kryptowalutach.<\/p>\n<p><strong>P: Jak d\u0142ugo trwa przygotowanie zam\u00f3wienia?<\/strong><br \/>\nOdp.: Przygotowanie zam\u00f3wienia zajmuje 1-3 dni robocze.<\/p>\n<p><strong>P: Jaki jest czas wysy\u0142ki?<\/strong><br \/>\nOdp.: Czas wysy\u0142ki wynosi 7-14 dni roboczych, w zale\u017cno\u015bci od Twojej lokalizacji.<\/p>\n<p><strong>P: Jak mog\u0119 \u015bledzi\u0107 moje zam\u00f3wienie?<\/strong><br \/>\nOdp.: Po wysy\u0142ce otrzymasz wiadomo\u015b\u0107 e-mail z potwierdzeniem i numerem przesy\u0142ki umo\u017cliwiaj\u0105cym \u015bledzenie w czasie rzeczywistym.<\/p>\n<p><strong>P: Jaka jest Twoja polityka zwrot\u00f3w?<\/strong><br \/>\nOdp.: Oferujemy 30-dniow\u0105 polityk\u0119 zwrot\u00f3w lub wymiany. .<\/p>\n<p><strong>P: Czy wyst\u0105pi\u0105 jakie\u015b problemy celne?<br \/>\n<\/strong>Obs\u0142ugujemy wszystkie procedury odprawy celnej, aby zapewni\u0107 Ci bezproblemow\u0105 obs\u0142ug\u0119. .<\/p>\n<p><strong>P: Jakie metody wysy\u0142ki s\u0105 stosowane?<\/strong><br \/>\nWsp\u00f3\u0142pracujemy z firmami UPS\/DHL\/FEDEX\/DPD itp. W zale\u017cno\u015bci od kraju dostawy wybierzemy odpowiedni\u0105 opcj\u0119 wysy\u0142ki, tak aby produkty dotar\u0142y do \u200b\u200bPa\u0144stwa najszybciej jak to mo\u017cliwe.<\/p>\n<p><a href=\"https:\/\/pgvape.com\/pl\/czesto-zadawane-pytania\/\">Kliknij tutaj, aby uzyska\u0107 wi\u0119cej cz\u0119sto zadawanych pyta\u0144<\/a><\/p>\n<p>Szanowni klienci, je\u015bli masz jakiekolwiek pytania dotycz\u0105ce zam\u00f3wienia lub przybycia towaru, skontaktuj si\u0119 z naszym dzia\u0142em obs\u0142ugi klienta. Dzi\u0119kuj\u0119!<\/p>\n<h3 data-sourcepos=\"73:1-73:21\"><strong data-sourcepos=\"73:7-73:21\">Skontaktuj si\u0119 z nami<\/strong><\/h3>\n<div id=\"text-2419739398\" class=\"text\">\n<p><strong data-sourcepos=\"75:3-75:12\">E-mail<\/strong>:\u00a0<a href=\"mailto:support@pgvape.com\"><strong>support@pgvape.com<\/strong><\/a><\/p>\n<p><strong data-sourcepos=\"76:3-76:15\">WhatsApp<\/strong>: <a href=\"https:\/\/wa.me\/+8618128481258\"><strong>+86 18128481258<\/strong><\/a><br \/>\n<strong>(Odpowied\u017a w ci\u0105gu 24 godzin w dni robocze)<\/strong><\/p>\n<\/div>\n<h3><strong>Dzi\u0119kujemy za wybranie pgvape.com! .<\/strong><\/h3>\n<\/div>","protected":false},"excerpt":{"rendered":"<p>Z <strong data-sourcepos=\"72:6-72:22\">40 000 zaci\u0105gni\u0119\u0107<\/strong>, <strong data-sourcepos=\"72:24-72:43\">podw\u00f3jne cewki siatkowe<\/strong>, oraz <strong data-sourcepos=\"72:51-72:69\">Bateria 750 mAh<\/strong>, , <strong data-sourcepos=\"72:75-72:98\">RandM Fumot Leopard<\/strong> dominuje d\u0142ugowieczno\u015b\u0107. <strong data-sourcepos=\"72:124-72:154\">przezroczysta konstrukcja z pod\u015bwietleniem RGB<\/strong> I <strong data-sourcepos=\"72:159-72:178\">cyfrowy wy\u015bwietlacz<\/strong> Po\u0142\u0105cz styl z funkcjonalno\u015bci\u0105, a **16 styl z funkcjonalno\u015bci\u0105, a <strong data-sourcepos=\"72:254-72:268\">16 smak\u00f3w<\/strong> I <strong data-sourcepos=\"72:273-72:297\">3 mocne strony nikotyny<\/strong> oferuj\u0105 niezr\u00f3wnan\u0105 personalizacj\u0119. .<\/p>","protected":false},"featured_media":1177,"comment_status":"open","ping_status":"closed","template":"","meta":{"_seopress_robots_primary_cat":"none","_seopress_titles_title":"%%post_title%% %%sep%% %%sitetitle%%","_seopress_titles_desc":"","_seopress_robots_index":""},"product_brand":[516,162],"product_cat":[103,515,26],"product_tag":[112,106,107,111,108,105,110,109],"class_list":{"0":"post-1155","1":"product","2":"type-product","3":"status-publish","4":"has-post-thumbnail","6":"product_brand-disposable-vape","7":"product_brand-fumot-vape","8":"product_cat-40k-puffs-vape","9":"product_cat-disposable-vape","10":"product_cat-fumot-vape","11":"product_tag-16-flavors","12":"product_tag-40k-puffs","13":"product_tag-40k-vape","14":"product_tag-digital-display","15":"product_tag-disposable","16":"product_tag-fumot-leopard","17":"product_tag-rgb-lights","18":"product_tag-vape","20":"first","21":"instock","22":"sale","23":"shipping-taxable","24":"purchasable","25":"product-type-variable"},"_links":{"self":[{"href":"https:\/\/pgvape.com\/pl\/wp-json\/wp\/v2\/product\/1155","targetHints":{"allow":["GET"]}}],"collection":[{"href":"https:\/\/pgvape.com\/pl\/wp-json\/wp\/v2\/product"}],"about":[{"href":"https:\/\/pgvape.com\/pl\/wp-json\/wp\/v2\/types\/product"}],"replies":[{"embeddable":true,"href":"https:\/\/pgvape.com\/pl\/wp-json\/wp\/v2\/comments?post=1155"}],"wp:featuredmedia":[{"embeddable":true,"href":"https:\/\/pgvape.com\/pl\/wp-json\/wp\/v2\/media\/1177"}],"wp:attachment":[{"href":"https:\/\/pgvape.com\/pl\/wp-json\/wp\/v2\/media?parent=1155"}],"wp:term":[{"taxonomy":"product_brand","embeddable":true,"href":"https:\/\/pgvape.com\/pl\/wp-json\/wp\/v2\/product_brand?post=1155"},{"taxonomy":"product_cat","embeddable":true,"href":"https:\/\/pgvape.com\/pl\/wp-json\/wp\/v2\/product_cat?post=1155"},{"taxonomy":"product_tag","embeddable":true,"href":"https:\/\/pgvape.com\/pl\/wp-json\/wp\/v2\/product_tag?post=1155"}],"curies":[{"name":"wp","href":"https:\/\/api.w.org\/{rel}","templated":true}]}}