{"id":1044,"date":"2025-09-26T15:14:13","date_gmt":"2025-09-26T15:14:13","guid":{"rendered":"https:\/\/pgvape.com\/?post_type=product&#038;p=1044"},"modified":"2025-12-15T13:30:59","modified_gmt":"2025-12-15T13:30:59","slug":"fumot-tornado-25000-25k-zaciagniec-disponibel-vape-ekran-tft-vape-factory-direct","status":"publish","type":"product","link":"https:\/\/pgvape.com\/pl\/produkt\/fumot-tornado-25000-25k-zaciagniec-disponibel-vape-ekran-tft-vape-factory-direct\/","title":{"rendered":"Fumot Tornado 25000 25k Puffs Disponibel Vape Ekran TFT Vape Factory Direct"},"content":{"rendered":"<div class=\"auto-hide-last-sibling-br paragraph-JOTKXA paragraph-element br-paragraph-space\">\n<div class=\"auto-hide-last-sibling-br paragraph-JOTKXA paragraph-element br-paragraph-space\"><strong data-sourcepos=\"6:5-6:65\">RandM Fumot Tornado 25K Puffs Ekran TFT Jednorazowy Vape<\/strong> oferuje imponuj\u0105ce <strong data-sourcepos=\"6:87-6:103\">25 000 zaci\u0105gni\u0119\u0107<\/strong>, zasilany przez A <strong data-sourcepos=\"6:118-6:149\">Akumulator o pojemno\u015bci 700 mAh<\/strong> i a <strong data-sourcepos=\"6:156-6:182\">Pojemno\u015b\u0107 e-liquidu 20 ml<\/strong>. <strong data-sourcepos=\"6:188-6:208\">Ekran TFT o przek\u0105tnej 1,77 cala<\/strong> zapewnia wyra\u017an\u0105 widoczno\u015b\u0107 poziomu oleju i akumulatora, podczas gdy <strong data-sourcepos=\"6:272-6:290\">cewka z podw\u00f3jn\u0105 siatk\u0105<\/strong> zapewnia bogate, g\u0142adkie chmury. <strong data-sourcepos=\"6:328-6:344\">prze\u0142\u0105cznik dotykowy<\/strong>, <strong data-sourcepos=\"6:346-6:378\">regulacja mocy trzema naci\u015bni\u0119ciami<\/strong>, I <strong data-sourcepos=\"6:384-6:408\">szybkie \u0142adowanie typu C<\/strong>, to urz\u0105dzenie \u0142\u0105czy w sobie wygod\u0119 i wydajno\u015b\u0107. <strong data-sourcepos=\"6:473-6:487\">26 smak\u00f3w<\/strong> I <strong data-sourcepos=\"6:492-6:514\">Opakowanie 10 sztuk<\/strong>, jest idealny zar\u00f3wno dla sprzedawc\u00f3w detalicznych, jak i vaper\u00f3w.<\/div>\n<p>&nbsp;<\/p>\n<\/div>\n<h2>Fumot Tornado 25000 | 25k Puffs Disponibel Specyfikacja produktu Vape<\/h2>\n<p><strong data-sourcepos=\"11:3-11:25\">Si\u0142a nikotyny:<\/strong>\u00a0<strong data-sourcepos=\"11:26-11:42\">2% \/ 3% \/ 5%<\/strong>\u00a0(Wiele opcji dla r\u00f3\u017cnych preferencji)<\/p>\n<p><strong data-sourcepos=\"12:3-12:18\">Liczba zaci\u0105gni\u0119\u0107:<\/strong>\u00a0<strong data-sourcepos=\"12:19-12:41\">Do 25 000 zaci\u0105gni\u0119\u0107<\/strong>\u00a0(D\u0142ugotrwa\u0142e wra\u017cenia z wapowania)<\/p>\n<p><strong data-sourcepos=\"13:3-13:25\">Pojemno\u015b\u0107 e-cieczy:<\/strong>\u00a0<strong data-sourcepos=\"13:26-13:34\">20ml<\/strong>\u00a0(Minimalizuje cz\u0119ste uzupe\u0142nianie)<\/p>\n<p><strong data-sourcepos=\"14:3-14:24\">Pojemno\u015b\u0107 baterii:<\/strong>\u00a0<strong data-sourcepos=\"14:25-14:48\">Akumulator 700 mAh<\/strong>\u00a0(Moc na ca\u0142y dzie\u0144)<\/p>\n<p><strong data-sourcepos=\"15:3-15:17\">Typ cewki:<\/strong>\u00a0<strong data-sourcepos=\"15:18-15:36\">Podw\u00f3jna cewka siatkowa<\/strong>\u00a0(Wzmocniony smak i produkcja pary)<\/p>\n<p><strong data-sourcepos=\"16:3-16:20\">Prze\u0142\u0105cznik dotykowy:<\/strong>\u00a0Intuicyjna aktywacja jednym dotkni\u0119ciem<\/p>\n<p><strong data-sourcepos=\"17:3-17:15\">Wy\u015bwietlacz:<\/strong>\u00a0<strong data-sourcepos=\"17:16-17:36\">Ekran TFT o przek\u0105tnej 1,77 cala<\/strong>\u00a0(Monitorowanie w czasie rzeczywistym)<\/p>\n<p><strong data-sourcepos=\"18:3-18:18\">Wska\u017aniki:<\/strong>\u00a0<strong data-sourcepos=\"18:19-18:53\">Wska\u017aniki poziomu oleju i akumulatora<\/strong><\/p>\n<p><strong data-sourcepos=\"19:3-19:24\">Regulacja mocy:<\/strong>\u00a0<strong data-sourcepos=\"19:25-19:55\">Sterowanie trzema naci\u015bni\u0119ciami przycisku<\/strong><\/p>\n<p><strong data-sourcepos=\"20:3-20:21\">Port \u0142adowania:<\/strong>\u00a0<strong data-sourcepos=\"20:22-20:32\">Typ C<\/strong>\u00a0(Szybki i wydajny)<\/p>\n<p><strong data-sourcepos=\"21:3-21:17\">Opakowanie:<\/strong>\u00a0<strong data-sourcepos=\"21:18-21:33\">10 szt.\/opak<\/strong>\u00a0(Idealny dla odbiorc\u00f3w hurtowych)<\/p>\n<p><strong data-sourcepos=\"22:3-22:22\">Opcje smakowe:<\/strong>\u00a0<strong data-sourcepos=\"22:23-22:39\">26 odmian<\/strong><\/p>\n<p>&nbsp;<\/p>\n<h3>Fumot Tornado 25000 | 25k Ptysi Lista smak\u00f3w Disponibel Vape:<\/h3>\n<p>1. L\u00f3d bananowy<\/p>\n<p>2. Arbuz truskawkowy<\/p>\n<p>3. Mennica w Miami<\/p>\n<p>4. Jagoda Malina<\/p>\n<p>5. Czarny l\u00f3d<\/p>\n<p>6. Bia\u0142y \u017celkowy l\u00f3d<\/p>\n<p>7. L\u00f3d arbuzowy<\/p>\n<p>8. Soczysty l\u00f3d brzoskwiniowy<\/p>\n<p>9. R\u00f3\u017cowa lemoniada<\/p>\n<p>10. Truskawkowe Mango<\/p>\n<p>11. Arbuz brzoskwiniowo-mango<\/p>\n<p>12. Cytryna winogronowa<\/p>\n<p>13. Wybuch tropikalnej t\u0119czy<\/p>\n<p>14. Wi\u015bniowa bomba<\/p>\n<p>15. Cukierki truskawkowo-mi\u0119towe<\/p>\n<p>16. Podw\u00f3jne jab\u0142ko<\/p>\n<p>17. Bor\u00f3wka na lodzie<\/p>\n<p>18. L\u00f3d truskawkowy<\/p>\n<p>19. Bujny l\u00f3d<\/p>\n<p>20. L\u00f3d ananasowy<\/p>\n<p>21. L\u00f3d winogronowy<\/p>\n<p>22. Doktor Niebieski<\/p>\n<p>23. Gujawa z marakuji i kiwi<\/p>\n<p>24. Wi\u015bniowa Cola<\/p>\n<p>25. Fajna mi\u0119ta<\/p>\n<p>26. Truskawkowy Red Bull<\/p>\n<p>&nbsp;<\/p>\n<p><img loading=\"lazy\" decoding=\"async\" class=\"alignnone wp-image-1057 size-full\" src=\"https:\/\/pgvape.com\/wp-content\/uploads\/2025\/09\/Pgvape-MOVKIN-Tornado-25000-25k-Puffs-Disposable-Vape-pen-touch-screen-Fumot-Original-E-cigarett-FDVAP-12.png\" alt=\"Fumot Tornado 25000 Aktualna wersja 1,77 TFT\" width=\"2500\" height=\"1614\" srcset=\"https:\/\/pgvape.com\/wp-content\/uploads\/2025\/09\/Pgvape-MOVKIN-Tornado-25000-25k-Puffs-Disposable-Vape-pen-touch-screen-Fumot-Original-E-cigarett-FDVAP-12.png 2500w, https:\/\/pgvape.com\/wp-content\/uploads\/2025\/09\/Pgvape-MOVKIN-Tornado-25000-25k-Puffs-Disposable-Vape-pen-touch-screen-Fumot-Original-E-cigarett-FDVAP-12-555x358.png 555w, https:\/\/pgvape.com\/wp-content\/uploads\/2025\/09\/Pgvape-MOVKIN-Tornado-25000-25k-Puffs-Disposable-Vape-pen-touch-screen-Fumot-Original-E-cigarett-FDVAP-12-595x384.png 595w, https:\/\/pgvape.com\/wp-content\/uploads\/2025\/09\/Pgvape-MOVKIN-Tornado-25000-25k-Puffs-Disposable-Vape-pen-touch-screen-Fumot-Original-E-cigarett-FDVAP-12-400x258.png 400w, https:\/\/pgvape.com\/wp-content\/uploads\/2025\/09\/Pgvape-MOVKIN-Tornado-25000-25k-Puffs-Disposable-Vape-pen-touch-screen-Fumot-Original-E-cigarett-FDVAP-12-768x496.png 768w, https:\/\/pgvape.com\/wp-content\/uploads\/2025\/09\/Pgvape-MOVKIN-Tornado-25000-25k-Puffs-Disposable-Vape-pen-touch-screen-Fumot-Original-E-cigarett-FDVAP-12-1536x992.png 1536w, https:\/\/pgvape.com\/wp-content\/uploads\/2025\/09\/Pgvape-MOVKIN-Tornado-25000-25k-Puffs-Disposable-Vape-pen-touch-screen-Fumot-Original-E-cigarett-FDVAP-12-2048x1322.png 2048w, https:\/\/pgvape.com\/wp-content\/uploads\/2025\/09\/Pgvape-MOVKIN-Tornado-25000-25k-Puffs-Disposable-Vape-pen-touch-screen-Fumot-Original-E-cigarett-FDVAP-12-18x12.png 18w, https:\/\/pgvape.com\/wp-content\/uploads\/2025\/09\/Pgvape-MOVKIN-Tornado-25000-25k-Puffs-Disposable-Vape-pen-touch-screen-Fumot-Original-E-cigarett-FDVAP-12-600x387.png 600w, https:\/\/pgvape.com\/wp-content\/uploads\/2025\/09\/Pgvape-MOVKIN-Tornado-25000-25k-Puffs-Disposable-Vape-pen-touch-screen-Fumot-Original-E-cigarett-FDVAP-12-60x40.png 60w\" sizes=\"auto, (max-width: 2500px) 100vw, 2500px\" \/><\/p>\n<p>&nbsp;<\/p>\n<h3>Fumot Tornado 25000 | 25k Puffs Disponibel Vape <strong>Wideo:<\/strong><\/h3>\n<p><iframe loading=\"lazy\" title=\"Fumot Tornado 25000 | 25k zaci\u0105gni\u0119\u0107 Disponibel Vape | Ekran TFT | Vape Factory Direct pgvape\" width=\"563\" height=\"1000\" src=\"https:\/\/www.youtube.com\/embed\/Be4a8cFngCw?feature=oembed\" frameborder=\"0\" allow=\"accelerometer; autoplay; clipboard-write; encrypted-media; gyroscope; picture-in-picture; web-share\" referrerpolicy=\"strict-origin-when-cross-origin\" allowfullscreen><\/iframe><\/p>\n<p>&nbsp;<\/p>\n<h2 class=\"header-vfC6AV auto-hide-last-sibling-br\">Cz\u0119sto zadawane pytania dotycz\u0105ce Fumot Tornado 25000 | 25k Puffs Disponibel Vape<\/h2>\n<p data-sourcepos=\"57:1-58:118\">\u2753 <strong data-sourcepos=\"57:3-57:70\">Jakie moce nikotyny oferuje RandM Fumot Tornado 25K?<\/strong><br \/>\n\u2705To wchodzi <strong data-sourcepos=\"58:15-58:21\">2%<\/strong>, <strong data-sourcepos=\"58:23-58:29\">3%<\/strong>, I <strong data-sourcepos=\"58:35-58:41\">5%<\/strong> poziomu nikotyny, dostosowany zar\u00f3wno do preferencji lekkiego, jak i mocnego uderzenia w gard\u0142o.<\/p>\n<p data-sourcepos=\"60:1-61:95\">\u2753 <strong data-sourcepos=\"60:3-60:63\">Ile zaci\u0105gni\u0119\u0107 zapewnia RandM Fumot Tornado 25K?<\/strong><br \/>\n\u2705 Zapewnia <strong data-sourcepos=\"61:15-61:37\">do 25 000 zaci\u0105gni\u0119\u0107<\/strong>, zapewniaj\u0105c przed\u0142u\u017cone i satysfakcjonuj\u0105ce wra\u017cenia z wapowania.<\/p>\n<p data-sourcepos=\"63:1-64:64\">\u2753 <strong data-sourcepos=\"63:3-63:68\">Jaka jest pojemno\u015b\u0107 e-liquidu RandM Fumot Tornado 25K?<\/strong><br \/>\n\u2705Posiada <strong data-sourcepos=\"64:12-64:20\">20ml<\/strong> zbiornik na e-liquid, idealny do d\u0142ugotrwa\u0142ego u\u017cytkowania.<\/p>\n<p data-sourcepos=\"66:1-67:77\">\u2753 <strong data-sourcepos=\"66:3-66:51\">Czy RandM Fumot Tornado 25K mo\u017cna \u0142adowa\u0107?<\/strong><br \/>\n\u2705Tak, zawiera: <strong data-sourcepos=\"67:22-67:53\">Akumulator o pojemno\u015bci 700 mAh<\/strong> dla sta\u0142ej mocy.<\/p>\n<p data-sourcepos=\"69:1-70:71\">\u2753 <strong data-sourcepos=\"69:3-69:37\">Jakiego rodzaju cewki u\u017cywa?<\/strong><br \/>\n\u2705Wykorzystuje m.in <strong data-sourcepos=\"70:13-70:31\">cewka z podw\u00f3jn\u0105 siatk\u0105<\/strong> dla bogatszego smaku i g\u0142adszej pary.<\/p>\n<p data-sourcepos=\"72:1-73:56\">\u2753 <strong data-sourcepos=\"72:3-72:34\">Jak obs\u0142ugiwane jest urz\u0105dzenie?<\/strong><br \/>\n\u2705 Zawiera m.in <strong data-sourcepos=\"73:17-73:33\">prze\u0142\u0105cznik dotykowy<\/strong> dla \u0142atwej aktywacji.<\/p>\n<p data-sourcepos=\"75:1-76:74\">\u2753 <strong data-sourcepos=\"75:3-75:48\">Jaki ekran ma urz\u0105dzenie?<\/strong><br \/>\n\u2705Posiada <strong data-sourcepos=\"76:12-76:32\">Ekran TFT o przek\u0105tnej 1,77 cala<\/strong> dla jasnej widoczno\u015bci wska\u017anik\u00f3w waporyzacji.<\/p>\n<p data-sourcepos=\"78:1-79:75\">\u2753 <strong data-sourcepos=\"78:3-78:48\">Czy mog\u0119 monitorowa\u0107 poziom oleju i akumulatora?<\/strong><br \/>\n\u2705 Tak, wbudowany <strong data-sourcepos=\"79:17-79:31\">wska\u017aniki<\/strong> wy\u015bwietla poziom zar\u00f3wno e-p\u0142ynu, jak i poziomu na\u0142adowania baterii.<\/p>\n<p data-sourcepos=\"81:1-82:69\">\u2753 <strong data-sourcepos=\"81:3-81:40\">Jak dostosowa\u0107 moc wyj\u015bciow\u0105?<\/strong><br \/>\n\u2705 Naci\u015bnij przycisk <strong data-sourcepos=\"82:20-82:35\">trzykrotnie<\/strong> aby dostosowa\u0107 ustawienie mocy.<\/p>\n<p data-sourcepos=\"84:1-85:63\">\u2753 <strong data-sourcepos=\"84:3-84:46\">Jakiego rodzaju portu \u0142adowania u\u017cywa?<br \/>\n<\/strong> \u2705Wykorzystuje m.in <strong data-sourcepos=\"85:13-85:28\">Port typu C<\/strong> do szybkiego i wydajnego \u0142adowania.<\/p>\n<p>&nbsp;<\/p>\n<h3 id=\"brxe-najhln\" class=\"brxe-heading\">Cz\u0119sto zadawane pytania (FAQ)<\/h3>\n<div id=\"brxe-rajiac\" class=\"brxe-text\">\n<p><strong>P: Jakie metody p\u0142atno\u015bci akceptujecie?<\/strong><br \/>\nOdp.: Akceptujemy PayPal, Stripe, przelewy bankowe (obs\u0142ugiwane SEPA), g\u0142\u00f3wne karty kredytowe (Visa, MasterCard, American Express) i p\u0142atno\u015bci w kryptowalutach.<\/p>\n<p><strong>P: Jak d\u0142ugo trwa przygotowanie zam\u00f3wienia?<\/strong><br \/>\nOdp.: Przygotowanie zam\u00f3wienia zajmuje 1-3 dni robocze.<\/p>\n<p><strong>P: Jaki jest czas wysy\u0142ki?<\/strong><br \/>\nOdp.: Czas wysy\u0142ki wynosi 7-14 dni roboczych, w zale\u017cno\u015bci od Twojej lokalizacji.<\/p>\n<p><strong>P: Jak mog\u0119 \u015bledzi\u0107 moje zam\u00f3wienie?<\/strong><br \/>\nOdp.: Po wysy\u0142ce otrzymasz wiadomo\u015b\u0107 e-mail z potwierdzeniem i numerem przesy\u0142ki umo\u017cliwiaj\u0105cym \u015bledzenie w czasie rzeczywistym.<\/p>\n<p><strong>P: Jaka jest Twoja polityka zwrot\u00f3w?<\/strong><br \/>\nOdp.: Oferujemy 30-dniow\u0105 polityk\u0119 zwrot\u00f3w lub wymiany. .<\/p>\n<p><strong>P: Czy wyst\u0105pi\u0105 jakie\u015b problemy celne?<br \/>\n<\/strong>Obs\u0142ugujemy wszystkie procedury odprawy celnej, aby zapewni\u0107 Ci bezproblemow\u0105 obs\u0142ug\u0119. .<\/p>\n<p><strong>P: Jakie metody wysy\u0142ki s\u0105 stosowane?<\/strong><br \/>\nWsp\u00f3\u0142pracujemy z firmami UPS\/DHL\/FEDEX\/DPD itp. W zale\u017cno\u015bci od kraju dostawy wybierzemy odpowiedni\u0105 opcj\u0119 wysy\u0142ki, tak aby produkty dotar\u0142y do \u200b\u200bPa\u0144stwa najszybciej jak to mo\u017cliwe.<\/p>\n<p><a href=\"https:\/\/pgvape.com\/pl\/czesto-zadawane-pytania\/\">Kliknij tutaj, aby uzyska\u0107 wi\u0119cej cz\u0119sto zadawanych pyta\u0144<\/a><\/p>\n<p>Szanowni klienci, je\u015bli masz jakiekolwiek pytania dotycz\u0105ce zam\u00f3wienia lub przybycia towaru, skontaktuj si\u0119 z naszym dzia\u0142em obs\u0142ugi klienta. Dzi\u0119kuj\u0119!<\/p>\n<h3 data-sourcepos=\"73:1-73:21\"><strong data-sourcepos=\"73:7-73:21\">Skontaktuj si\u0119 z nami<\/strong><\/h3>\n<div id=\"text-2419739398\" class=\"text\">\n<p><strong data-sourcepos=\"75:3-75:12\">E-mail<\/strong>:\u00a0<a href=\"mailto:support@pgvape.com\"><strong>support@pgvape.com<\/strong><\/a><\/p>\n<p><strong data-sourcepos=\"76:3-76:15\">WhatsApp<\/strong>: <a href=\"https:\/\/wa.me\/+8618128481258\"><strong>+86 18128481258<\/strong><\/a><br \/>\n<strong>(Odpowied\u017a w ci\u0105gu 24 godzin w dni robocze)<\/strong><\/p>\n<\/div>\n<h3><strong>Dzi\u0119kujemy za wybranie pgvape.com! .<\/strong><\/h3>\n<\/div>","protected":false},"excerpt":{"rendered":"<p><strong data-sourcepos=\"90:5-90:54\">RandM Fumot Tornado 25K Puffs Jednorazowy Vape<\/strong> cechy: <strong data-sourcepos=\"90:66-90:92\">Pojemno\u015b\u0107 e-liquidu 20 ml<\/strong>, <strong data-sourcepos=\"90:94-90:112\">Bateria 700 mAh<\/strong>, I <strong data-sourcepos=\"90:118-90:136\">cewka z podw\u00f3jn\u0105 siatk\u0105<\/strong> dla intensywnego smaku. <strong data-sourcepos=\"90:161-90:181\">Ekran TFT o przek\u0105tnej 1,77 cala<\/strong> I <strong data-sourcepos=\"90:186-90:202\">prze\u0142\u0105cznik dotykowy<\/strong> oferuj\u0105 kontrol\u0119 premium, podczas gdy <strong data-sourcepos=\"90:232-90:246\">26 smak\u00f3w<\/strong> I <strong data-sourcepos=\"90:251-90:273\">Opakowanie 10 sztuk<\/strong> sprawiaj\u0105, \u017ce jest to najlepszy wyb\u00f3r zar\u00f3wno dla vaper\u00f3w, jak i sprzedawc\u00f3w.<\/p>","protected":false},"featured_media":1449,"comment_status":"open","ping_status":"closed","template":"","meta":{"_seopress_robots_primary_cat":"none","_seopress_titles_title":"%%post_title%% %%sep%% %%sitetitle%%","_seopress_titles_desc":"","_seopress_robots_index":""},"product_brand":[516,162],"product_cat":[94,515,26],"product_tag":[99,96,101,97,95,100,98],"class_list":{"0":"post-1044","1":"product","2":"type-product","3":"status-publish","4":"has-post-thumbnail","6":"product_brand-disposable-vape","7":"product_brand-fumot-vape","8":"product_cat-25k-puffs-vape","9":"product_cat-disposable-vape","10":"product_cat-fumot-vape","11":"product_tag-13smakar","12":"product_tag-25k-puffs","13":"product_tag-25k-vape","14":"product_tag-disponibel-vape","15":"product_tag-fumot-tornado-25000","16":"product_tag-pekskarm","17":"product_tag-tft-screen","19":"first","20":"outofstock","21":"sale","22":"shipping-taxable","23":"purchasable","24":"product-type-variable"},"_links":{"self":[{"href":"https:\/\/pgvape.com\/pl\/wp-json\/wp\/v2\/product\/1044","targetHints":{"allow":["GET"]}}],"collection":[{"href":"https:\/\/pgvape.com\/pl\/wp-json\/wp\/v2\/product"}],"about":[{"href":"https:\/\/pgvape.com\/pl\/wp-json\/wp\/v2\/types\/product"}],"replies":[{"embeddable":true,"href":"https:\/\/pgvape.com\/pl\/wp-json\/wp\/v2\/comments?post=1044"}],"wp:featuredmedia":[{"embeddable":true,"href":"https:\/\/pgvape.com\/pl\/wp-json\/wp\/v2\/media\/1449"}],"wp:attachment":[{"href":"https:\/\/pgvape.com\/pl\/wp-json\/wp\/v2\/media?parent=1044"}],"wp:term":[{"taxonomy":"product_brand","embeddable":true,"href":"https:\/\/pgvape.com\/pl\/wp-json\/wp\/v2\/product_brand?post=1044"},{"taxonomy":"product_cat","embeddable":true,"href":"https:\/\/pgvape.com\/pl\/wp-json\/wp\/v2\/product_cat?post=1044"},{"taxonomy":"product_tag","embeddable":true,"href":"https:\/\/pgvape.com\/pl\/wp-json\/wp\/v2\/product_tag?post=1044"}],"curies":[{"name":"wp","href":"https:\/\/api.w.org\/{rel}","templated":true}]}}