{"id":10253,"date":"2026-04-29T13:00:29","date_gmt":"2026-04-29T13:00:29","guid":{"rendered":"https:\/\/pgvape.com\/?post_type=product&#038;p=10253"},"modified":"2026-04-29T13:00:29","modified_gmt":"2026-04-29T13:00:29","slug":"jednorazowy-waporyzator-qq-bang-120k-z-szybkim-ladowaniem-120-000-zaciagniec-i-wyswietlaczem-led","status":"publish","type":"product","link":"https:\/\/pgvape.com\/pl\/produkt\/jednorazowy-waporyzator-qq-bang-120k-z-szybkim-ladowaniem-120-000-zaciagniec-i-wyswietlaczem-led\/","title":{"rendered":"Jednorazowy Vape QQ Bang 120K z szybkim \u0142adowaniem 120 000 zaci\u0105gni\u0119\u0107 i wy\u015bwietlaczem LED"},"content":{"rendered":"<h2 data-start=\"0\" data-end=\"76\"><strong data-start=\"3\" data-end=\"76\">Jednorazowy Vape QQ Bang 120K | Inteligentne przeno\u015bne urz\u0105dzenie o wysokiej wydajno\u015bci<\/strong><\/h2>\n<p data-start=\"78\" data-end=\"301\">Jednorazowy Vape QQ Bang 120K zosta\u0142 zaprojektowany dla u\u017cytkownik\u00f3w ceni\u0105cych przeno\u015bno\u015b\u0107, niezawodne dzia\u0142anie i nowoczesn\u0105 wygod\u0119, zapewniaj\u0105c p\u0142ynne i satysfakcjonuj\u0105ce wra\u017cenia z wapowania w kompaktowym urz\u0105dzeniu.<\/p>\n<p data-start=\"303\" data-end=\"530\">Wyposa\u017cony w system pojedynczego smaku i drut grzejny 1.0\u03a9, zapewnia czysty smak, zr\u00f3wnowa\u017cone uderzenie w gard\u0142o i stabiln\u0105 wydajno\u015b\u0107 pary. Dzi\u0119ki wielu opcjom mocy nikotyny i 12 popularnym smakom odpowiada szerokiemu zakresowi preferencji.<\/p>\n<p data-start=\"532\" data-end=\"764\">Zasilane akumulatorem 650 mAh z szybkim \u0142adowaniem typu C, urz\u0105dzenie to zapewnia wydajne codzienne u\u017cytkowanie i wygodne \u0142adowanie. Wbudowany wy\u015bwietlacz LED zapewnia monitorowanie stanu baterii w czasie rzeczywistym, co zapewnia dodatkow\u0105 kontrol\u0119 i \u0142atwo\u015b\u0107 obs\u0142ugi.<\/p>\n<p data-start=\"766\" data-end=\"858\" data-is-last-node=\"\" data-is-only-node=\"\">Idealny wyb\u00f3r dla u\u017cytkownik\u00f3w poszukuj\u0105cych stylu, funkcjonalno\u015bci i niezawodnego dzia\u0142ania na co dzie\u0144.<\/p>\n<p>&nbsp;<\/p>\n<h3 id=\"brxe-najhln\" class=\"brxe-heading\"><\/h3>\n<p data-start=\"766\" data-end=\"858\" data-is-last-node=\"\" data-is-only-node=\"\">\n<h2 data-start=\"766\" data-end=\"858\"><strong>Jednorazowy waporyzator QQ Bang 120 tys <\/strong><strong>Najwa\u017cniejsze cechy produktu<\/strong><\/h2>\n<p data-start=\"58\" data-end=\"170\"><strong data-start=\"58\" data-end=\"81\">Do 120 000 zaci\u0105gni\u0119\u0107<\/strong> \u2013 D\u0142ugotrwa\u0142a wydajno\u015b\u0107 zaprojektowana z my\u015bl\u0105 o niezawodnym codziennym wapowaniu przy mniejszej liczbie wymian.<\/p>\n<p data-start=\"172\" data-end=\"293\"><strong data-start=\"172\" data-end=\"201\">Wiele opcji nikotyny<\/strong> \u2013 Dost\u0119pne w <strong data-start=\"217\" data-end=\"235\">2%, 3% i 5%<\/strong> dla elastycznej satysfakcji opartej na osobistych preferencjach.<\/p>\n<p data-start=\"295\" data-end=\"384\"><strong data-start=\"295\" data-end=\"319\">System jednego smaku<\/strong> \u2013 Czysty i sp\u00f3jny smak od pierwszego do ostatniego zaci\u0105gni\u0119cia.<\/p>\n<p data-start=\"386\" data-end=\"500\"><strong data-start=\"386\" data-end=\"418\">1.0\u03a9 Technologia drutu grzejnego<\/strong> \u2013 P\u0142ynna produkcja pary, zr\u00f3wnowa\u017cone uderzenie w gard\u0142o i stabilna og\u00f3lna wydajno\u015b\u0107.<\/p>\n<p data-start=\"502\" data-end=\"598\"><strong data-start=\"502\" data-end=\"533\">Akumulator 650 mAh<\/strong> \u2013 Niezawodna wbudowana bateria umo\u017cliwia d\u0142u\u017csze sesje waporyzacji.<\/p>\n<p data-start=\"600\" data-end=\"703\"><strong data-start=\"600\" data-end=\"624\">Szybkie \u0142adowanie typu C<\/strong> \u2013 Szybkie i wydajne \u0142adowanie w celu skr\u00f3cenia przestoj\u00f3w i wi\u0119kszej wygody.<\/p>\n<p data-start=\"705\" data-end=\"801\"><strong data-start=\"705\" data-end=\"727\">Ekran wy\u015bwietlacza LED<\/strong> \u2013 Monitorowanie baterii w czasie rzeczywistym dla lepszej kontroli i wygody u\u017cytkownika.<\/p>\n<p data-start=\"803\" data-end=\"893\"><strong data-start=\"803\" data-end=\"832\">Kompaktowa i przeno\u015bna konstrukcja<\/strong> - Lekki i \u0142atwy do przenoszenia do codziennego u\u017cytku w dowolnym miejscu.<\/p>\n<p data-start=\"895\" data-end=\"980\"><strong data-start=\"895\" data-end=\"916\">12 opcji smakowych<\/strong> \u2013 Szeroki wyb\u00f3r popularnych smak\u00f3w dostosowanych do r\u00f3\u017cnych gust\u00f3w.<\/p>\n<p data-start=\"982\" data-end=\"1098\"><strong data-start=\"982\" data-end=\"1012\">G\u0142adka i sp\u00f3jna moc wyj\u015bciowa<\/strong> \u2013 Zoptymalizowany system ogrzewania zapewnia satysfakcjonuj\u0105cy pob\u00f3r przez ca\u0142y okres u\u017cytkowania urz\u0105dzenia.<\/p>\n<p data-start=\"1100\" data-end=\"1213\" data-is-last-node=\"\" data-is-only-node=\"\"><strong data-start=\"1100\" data-end=\"1127\">Nowoczesne urz\u0105dzenie codziennego u\u017cytku<\/strong> \u2013 \u0141\u0105czy w sobie przeno\u015bno\u015b\u0107, inteligentne funkcje i niezawodn\u0105 wydajno\u015b\u0107 w jednym eleganckim waporyzatorze.<\/p>\n<p>&nbsp;<\/p>\n<h2 data-start=\"766\" data-end=\"858\"><strong>QQ Bang 120 tys. puszek Jednorazowa lista smak\u00f3w Vape<\/strong><\/h2>\n<p><strong data-start=\"56\" data-end=\"84\">1.Je\u017cyna Czerwona Malina<\/strong><\/p>\n<p><strong data-start=\"89\" data-end=\"106\">2. Niebieski Razz L\u00f3d<\/strong><\/p>\n<p><strong data-start=\"111\" data-end=\"138\">3.Jagoda Czerwona Malina<\/strong><\/p>\n<p><strong data-start=\"143\" data-end=\"159\">4. Winogrono Sakura<\/strong><\/p>\n<p><strong data-start=\"164\" data-end=\"183\">5.Truskawkowe Kiwi<\/strong><\/p>\n<p><strong data-start=\"188\" data-end=\"214\">6. Arbuz Mango Brzoskwinia<\/strong><\/p>\n<p><strong data-start=\"219\" data-end=\"237\">7. L\u00f3d arbuzowy<\/strong><\/p>\n<p><strong data-start=\"242\" data-end=\"268\">8.Hubba Bubba Truskawka<\/strong><\/p>\n<p><strong data-start=\"273\" data-end=\"303\">9.Jagoda Malina Wi\u015bnia<\/strong><\/p>\n<p><strong data-start=\"308\" data-end=\"325\">10. Mieszane jagody<\/strong><\/p>\n<p><strong data-start=\"330\" data-end=\"358\">11. Wi\u015bniowy zamro\u017cony arbuz<\/strong><\/p>\n<p><strong data-start=\"363\" data-end=\"380\">12. Soczyste brzoskwinie<img loading=\"lazy\" decoding=\"async\" class=\"alignnone wp-image-10258 size-full\" src=\"https:\/\/pgvape.com\/wp-content\/uploads\/2026\/04\/QQ-Bang-120K-Disposable-Vape-With-120000-Puffs-Fast-Charging-And-LED-Display-3.png\" alt=\"Siatka 18 kolorowych butelek QQ Bang o r\u00f3\u017cnych smakach owocowych, wy\u015bwietlanych na gradientowym tle od r\u00f3\u017cowego do pomara\u0144czowego.\" width=\"1500\" height=\"1325\" srcset=\"https:\/\/pgvape.com\/wp-content\/uploads\/2026\/04\/QQ-Bang-120K-Disposable-Vape-With-120000-Puffs-Fast-Charging-And-LED-Display-3.png 1500w, https:\/\/pgvape.com\/wp-content\/uploads\/2026\/04\/QQ-Bang-120K-Disposable-Vape-With-120000-Puffs-Fast-Charging-And-LED-Display-3-408x360.png 408w, https:\/\/pgvape.com\/wp-content\/uploads\/2026\/04\/QQ-Bang-120K-Disposable-Vape-With-120000-Puffs-Fast-Charging-And-LED-Display-3-595x526.png 595w, https:\/\/pgvape.com\/wp-content\/uploads\/2026\/04\/QQ-Bang-120K-Disposable-Vape-With-120000-Puffs-Fast-Charging-And-LED-Display-3-400x353.png 400w, https:\/\/pgvape.com\/wp-content\/uploads\/2026\/04\/QQ-Bang-120K-Disposable-Vape-With-120000-Puffs-Fast-Charging-And-LED-Display-3-768x678.png 768w, https:\/\/pgvape.com\/wp-content\/uploads\/2026\/04\/QQ-Bang-120K-Disposable-Vape-With-120000-Puffs-Fast-Charging-And-LED-Display-3-14x12.png 14w, https:\/\/pgvape.com\/wp-content\/uploads\/2026\/04\/QQ-Bang-120K-Disposable-Vape-With-120000-Puffs-Fast-Charging-And-LED-Display-3-600x530.png 600w\" sizes=\"auto, (max-width: 1500px) 100vw, 1500px\" \/><\/strong><\/p>\n<p>&nbsp;<\/p>\n<h2 data-start=\"766\" data-end=\"858\"><strong>Cz\u0119sto zadawane pytania QQ Bang 120 tys. zaci\u0105gni\u0119\u0107 Jednorazowy waporyzator<\/strong><\/h2>\n<p data-start=\"45\" data-end=\"208\"><strong data-start=\"45\" data-end=\"89\">\u2753 Jakie moce nikotyny s\u0105 dost\u0119pne?<\/strong><br data-start=\"89\" data-end=\"92\" \/>\u2705Urz\u0105dzenie dost\u0119pne w <strong data-start=\"121\" data-end=\"156\">Opcje nikotyny 2%, 3% i 5%<\/strong>, daj\u0105c u\u017cytkownikom elastyczny wyb\u00f3r oparty na preferencjach.<\/p>\n<p data-start=\"210\" data-end=\"359\"><strong data-start=\"210\" data-end=\"255\">\u2753 Z jakiego rodzaju systemu smakowego korzysta?<\/strong><br data-start=\"255\" data-end=\"258\" \/>\u2705 Zawiera m.in <strong data-start=\"274\" data-end=\"298\">pojedynczy system smakowy<\/strong>, zapewniaj\u0105c czysty i sp\u00f3jny smak od pocz\u0105tku do ko\u0144ca.<\/p>\n<p data-start=\"361\" data-end=\"510\"><strong data-start=\"361\" data-end=\"395\">\u2753Jaka jest rezystancja cewki?<\/strong><br data-start=\"395\" data-end=\"398\" \/>\u2705 Urz\u0105dzenie wykorzystuje m.in <strong data-start=\"418\" data-end=\"439\">1.0\u03a9 przew\u00f3d grzejny<\/strong>, zapewniaj\u0105c g\u0142adk\u0105 par\u0119, zr\u00f3wnowa\u017cone uderzenie w gard\u0142o i stabiln\u0105 wydajno\u015b\u0107.<\/p>\n<p data-start=\"512\" data-end=\"629\"><strong data-start=\"512\" data-end=\"546\">\u2753 Czy akumulator mo\u017cna \u0142adowa\u0107?<\/strong><br data-start=\"546\" data-end=\"549\" \/>\u2705Tak, jest wyposa\u017cony w <strong data-start=\"572\" data-end=\"603\">Akumulator o pojemno\u015bci 650 mAh<\/strong> do niezawodnego codziennego u\u017cytku.<\/p>\n<p data-start=\"631\" data-end=\"776\"><strong data-start=\"631\" data-end=\"674\">\u2753Jak\u0105 metod\u0119 \u0142adowania obs\u0142uguje?<\/strong><br data-start=\"674\" data-end=\"677\" \/>\u2705Wspomaga <strong data-start=\"691\" data-end=\"715\">Szybkie \u0142adowanie typu C<\/strong>, umo\u017cliwiaj\u0105c szybkie i wydajne \u0142adowanie przy kr\u00f3tszych przestojach.<\/p>\n<p data-start=\"778\" data-end=\"896\"><strong data-start=\"778\" data-end=\"814\">\u2753 Czy posiada wy\u015bwietlacz?<\/strong><br data-start=\"814\" data-end=\"817\" \/>\u2705 Tak, urz\u0105dzenie posiada <strong data-start=\"847\" data-end=\"862\">Wy\u015bwietlacz LED<\/strong> do monitorowania baterii w czasie rzeczywistym.<\/p>\n<p data-start=\"898\" data-end=\"1015\"><strong data-start=\"898\" data-end=\"927\">\u2753 Czy urz\u0105dzenie jest przeno\u015bne?<\/strong><br data-start=\"927\" data-end=\"930\" \/>\u2705 Zdecydowanie. Jego <strong data-start=\"948\" data-end=\"982\">kompaktowa i lekka konstrukcja<\/strong> sprawia, \u017ce \u200b\u200bmo\u017cna go \u0142atwo przenosi\u0107 w dowolne miejsce.<\/p>\n<p data-start=\"1017\" data-end=\"1134\"><strong data-start=\"1017\" data-end=\"1054\">\u2753Ile smak\u00f3w jest dost\u0119pnych?<\/strong><br data-start=\"1054\" data-end=\"1057\" \/>\u2705To wchodzi <strong data-start=\"1071\" data-end=\"1092\">12 opcji smakowych<\/strong>, oferuj\u0105c szerok\u0105 gam\u0119 popularnych smak\u00f3w.<\/p>\n<p data-start=\"1136\" data-end=\"1334\" data-is-last-node=\"\" data-is-only-node=\"\"><strong data-start=\"1136\" data-end=\"1175\">\u2753 Dlaczego warto wybra\u0107 Vape QQ Bang 120K?<\/strong><br data-start=\"1175\" data-end=\"1178\" \/>\u2705 \u0141\u0105czy <strong data-start=\"1192\" data-end=\"1287\">nowoczesna funkcjonalno\u015b\u0107 LED, wygoda \u0142adowania, przeno\u015bna konstrukcja i p\u0142ynna wydajno\u015b\u0107<\/strong>, co czyni go doskona\u0142ym wyborem do codziennego wapowania.<\/p>\n<p>&nbsp;<\/p>\n<h3 id=\"brxe-najhln\" class=\"brxe-heading\">Cz\u0119sto zadawane pytania (FAQ)<\/h3>\n<div id=\"brxe-rajiac\" class=\"brxe-text\">\n<p><strong>P: Jakie metody p\u0142atno\u015bci akceptujecie?<\/strong><br \/>\nOdp.: Akceptujemy PayPal, Stripe, przelewy bankowe (obs\u0142ugiwane SEPA), g\u0142\u00f3wne karty kredytowe (Visa, MasterCard, American Express) i p\u0142atno\u015bci w kryptowalutach.<\/p>\n<p><strong>P: Jak d\u0142ugo trwa przygotowanie zam\u00f3wienia?<\/strong><br \/>\nOdp.: Przygotowanie zam\u00f3wienia zajmuje 1-3 dni robocze.<\/p>\n<p><strong>P: Jaki jest czas wysy\u0142ki?<\/strong><br \/>\nOdp.: Czas wysy\u0142ki wynosi 7-14 dni roboczych, w zale\u017cno\u015bci od Twojej lokalizacji. Dostawa towar\u00f3w z europejskich magazyn\u00f3w trwa zazwyczaj 3-6 dni roboczych.<\/p>\n<p><strong>P: Jak mog\u0119 \u015bledzi\u0107 moje zam\u00f3wienie?<\/strong><br \/>\nOdp.: Po wysy\u0142ce otrzymasz wiadomo\u015b\u0107 e-mail z potwierdzeniem i numerem przesy\u0142ki umo\u017cliwiaj\u0105cym \u015bledzenie w czasie rzeczywistym.<\/p>\n<p><strong>P: Jaka jest Twoja polityka zwrot\u00f3w?<\/strong><br \/>\nOdp.: Oferujemy 30-dniow\u0105 polityk\u0119 zwrot\u00f3w lub wymiany. .<\/p>\n<p><strong>P: Czy wyst\u0105pi\u0105 jakie\u015b problemy celne?<br \/>\n<\/strong>Obs\u0142ugujemy wszystkie procedury odprawy celnej, aby zapewni\u0107 Ci bezproblemow\u0105 obs\u0142ug\u0119. .<\/p>\n<p><strong>P: Jakie metody wysy\u0142ki s\u0105 stosowane?<\/strong><br \/>\nWsp\u00f3\u0142pracujemy z firmami UPS\/DHL\/FEDEX\/DPD itp. W zale\u017cno\u015bci od kraju dostawy wybierzemy odpowiedni\u0105 opcj\u0119 wysy\u0142ki, tak aby produkty dotar\u0142y do \u200b\u200bPa\u0144stwa najszybciej jak to mo\u017cliwe.<\/p>\n<p><a href=\"https:\/\/pgvape.com\/pl\/czesto-zadawane-pytania\/\">Kliknij tutaj, aby uzyska\u0107 wi\u0119cej cz\u0119sto zadawanych pyta\u0144<\/a><\/p>\n<p>Szanowni klienci, je\u015bli masz jakiekolwiek pytania dotycz\u0105ce zam\u00f3wienia lub przybycia towaru, skontaktuj si\u0119 z naszym dzia\u0142em obs\u0142ugi klienta. Dzi\u0119kuj\u0119!<\/p>\n<h3 data-sourcepos=\"73:1-73:21\"><strong data-sourcepos=\"73:7-73:21\">Skontaktuj si\u0119 z nami<\/strong><\/h3>\n<div id=\"text-2419739398\" class=\"text\">\n<p><strong data-sourcepos=\"75:3-75:12\">E-mail<\/strong>:\u00a0<a href=\"mailto:support@pgvape.com\"><strong>support@pgvape.com<\/strong><\/a><\/p>\n<p><strong data-sourcepos=\"76:3-76:15\">WhatsApp<\/strong>:\u00a0<a href=\"https:\/\/wa.me\/+8618128481258\"><strong>+86 18128481258<\/strong><\/a><br \/>\n<strong>(Odpowied\u017a w ci\u0105gu 24 godzin w dni robocze)<\/strong><\/p>\n<\/div>\n<h3><strong>Dzi\u0119kujemy za wybranie pgvape.com! .<\/strong><\/h3>\n<\/div>","protected":false},"excerpt":{"rendered":"<p data-start=\"0\" data-end=\"32\"><strong data-start=\"0\" data-end=\"32\">Jednorazowy Vape QQ Bang 120K <\/strong>Do 120 000 zaci\u0105gni\u0119\u0107 w systemie jednosmakowym zapewniaj\u0105cym czysty, sp\u00f3jny smak. Zasilany przewodem grzejnym 1.0\u03a9 i akumulatorem 650 mAh zapewniaj\u0105cym p\u0142ynn\u0105 i stabiln\u0105 prac\u0119. Zawiera szybkie \u0142adowanie typu C, wy\u015bwietlacz LED stanu baterii i 12 opcji smakowych w kompaktowej, przeno\u015bnej obudowie.<\/p>","protected":false},"featured_media":10257,"comment_status":"open","ping_status":"closed","template":"","meta":{"_seopress_robots_primary_cat":"","_seopress_titles_title":"","_seopress_titles_desc":"","_seopress_robots_index":""},"product_brand":[516,654],"product_cat":[69,515,653],"product_tag":[354,90,652,79,657],"class_list":{"0":"post-10253","1":"product","2":"type-product","3":"status-publish","4":"has-post-thumbnail","6":"product_brand-disposable-vape","7":"product_brand-qqbang-vape","8":"product_cat-120k-puffs-vape","9":"product_cat-disposable-vape","10":"product_cat-qqbang-vape","11":"product_tag-120k-puffs-vape","12":"product_tag-disposable-vape","13":"product_tag-fast-charging","14":"product_tag-led-display","15":"product_tag-qq-bang-120k","17":"first","18":"instock","19":"sale","20":"shipping-taxable","21":"purchasable","22":"product-type-variable"},"_links":{"self":[{"href":"https:\/\/pgvape.com\/pl\/wp-json\/wp\/v2\/product\/10253","targetHints":{"allow":["GET"]}}],"collection":[{"href":"https:\/\/pgvape.com\/pl\/wp-json\/wp\/v2\/product"}],"about":[{"href":"https:\/\/pgvape.com\/pl\/wp-json\/wp\/v2\/types\/product"}],"replies":[{"embeddable":true,"href":"https:\/\/pgvape.com\/pl\/wp-json\/wp\/v2\/comments?post=10253"}],"wp:featuredmedia":[{"embeddable":true,"href":"https:\/\/pgvape.com\/pl\/wp-json\/wp\/v2\/media\/10257"}],"wp:attachment":[{"href":"https:\/\/pgvape.com\/pl\/wp-json\/wp\/v2\/media?parent=10253"}],"wp:term":[{"taxonomy":"product_brand","embeddable":true,"href":"https:\/\/pgvape.com\/pl\/wp-json\/wp\/v2\/product_brand?post=10253"},{"taxonomy":"product_cat","embeddable":true,"href":"https:\/\/pgvape.com\/pl\/wp-json\/wp\/v2\/product_cat?post=10253"},{"taxonomy":"product_tag","embeddable":true,"href":"https:\/\/pgvape.com\/pl\/wp-json\/wp\/v2\/product_tag?post=10253"}],"curies":[{"name":"wp","href":"https:\/\/api.w.org\/{rel}","templated":true}]}}