{"id":10228,"date":"2026-04-29T12:35:29","date_gmt":"2026-04-29T12:35:29","guid":{"rendered":"https:\/\/pgvape.com\/?post_type=product&#038;p=10228"},"modified":"2026-04-29T12:35:29","modified_gmt":"2026-04-29T12:35:29","slug":"qq-bang-150k-jednorazowa-butelka-perfum-w-stylu-perfum-vape-z-65000-zaciagniec-i-szybkim-ladowaniem","status":"publish","type":"product","link":"https:\/\/pgvape.com\/pl\/produkt\/qq-bang-150k-jednorazowa-butelka-perfum-w-stylu-perfum-vape-z-65000-zaciagniec-i-szybkim-ladowaniem\/","title":{"rendered":"QQ Bang 150K Perfume Style Jednorazowa butelka na perfumy Vape z 65000 zaci\u0105gni\u0119\u0107 i szybkim \u0142adowaniem"},"content":{"rendered":"<h2 data-start=\"0\" data-end=\"78\"><strong data-start=\"3\" data-end=\"78\">Jednorazowy Vape QQ Bang 150K | Stylowe, przeno\u015bne urz\u0105dzenie o wysokiej wydajno\u015bci<\/strong><\/h2>\n<p data-start=\"80\" data-end=\"298\">Jednorazowy Vape QQ Bang 150K zosta\u0142 zaprojektowany dla u\u017cytkownik\u00f3w ceni\u0105cych przeno\u015bno\u015b\u0107, niezawodne dzia\u0142anie i elegancki styl, zapewniaj\u0105cy p\u0142ynne i satysfakcjonuj\u0105ce wra\u017cenia z wapowania w kompaktowym urz\u0105dzeniu.<\/p>\n<p data-start=\"300\" data-end=\"527\">Wyposa\u017cony w system pojedynczego smaku i drut grzejny 1.0\u03a9, zapewnia czysty smak, zr\u00f3wnowa\u017cone uderzenie w gard\u0142o i stabiln\u0105 wydajno\u015b\u0107 pary. Dzi\u0119ki wielu opcjom mocy nikotyny i 10 popularnym smakom odpowiada szerokiemu zakresowi preferencji.<\/p>\n<p data-start=\"529\" data-end=\"727\">Zasilane akumulatorem 650 mAh z szybkim \u0142adowaniem typu C, urz\u0105dzenie to zapewnia wygodne codzienne u\u017cytkowanie i wydajne \u0142adowanie. Konstrukcja butelki perfum dodaje luksusowego i modnego akcentu.<\/p>\n<p data-start=\"729\" data-end=\"819\" data-is-last-node=\"\" data-is-only-node=\"\">Idealny wyb\u00f3r dla u\u017cytkownik\u00f3w poszukuj\u0105cych stylu, wygody i niezawodnego dzia\u0142ania na co dzie\u0144.<\/p>\n<p>&nbsp;<\/p>\n<h3 id=\"brxe-najhln\" class=\"brxe-heading\"><\/h3>\n<p data-start=\"729\" data-end=\"819\" data-is-last-node=\"\" data-is-only-node=\"\">\n<h2 data-start=\"0\" data-end=\"78\"><strong data-start=\"3\" data-end=\"78\">Najwa\u017cniejsze cechy produktu jednorazowego Vape QQ Bang 150K Puffs<\/strong><\/h2>\n<p data-start=\"58\" data-end=\"170\"><strong data-start=\"58\" data-end=\"81\">Do 150 000 zaci\u0105gni\u0119\u0107<\/strong> \u2013 D\u0142ugotrwa\u0142a wydajno\u015b\u0107 zaprojektowana z my\u015bl\u0105 o niezawodnym codziennym wapowaniu przy mniejszej liczbie wymian.<\/p>\n<p data-start=\"172\" data-end=\"289\"><strong data-start=\"172\" data-end=\"201\">Wiele opcji nikotyny<\/strong> \u2013 Dost\u0119pne w <strong data-start=\"217\" data-end=\"235\">2%, 3% i 5%<\/strong> dla elastycznej satysfakcji opartej na preferencjach u\u017cytkownika.<\/p>\n<p data-start=\"291\" data-end=\"400\"><strong data-start=\"291\" data-end=\"315\">System jednego smaku<\/strong> \u2013 Czyste i sp\u00f3jne dostarczanie smaku zapewniaj\u0105ce czyste, nieprzerwane doznania smakowe.<\/p>\n<p data-start=\"402\" data-end=\"527\"><strong data-start=\"402\" data-end=\"434\">1.0\u03a9 Technologia drutu grzejnego<\/strong> \u2013 Zr\u00f3wnowa\u017cony system ogrzewania zapewnia g\u0142adk\u0105 par\u0119, stabiln\u0105 wydajno\u015b\u0107 i satysfakcjonuj\u0105ce uderzenie w gard\u0142o.<\/p>\n<p data-start=\"529\" data-end=\"625\"><strong data-start=\"529\" data-end=\"560\">Akumulator 650 mAh<\/strong> \u2013 Niezawodna wbudowana bateria umo\u017cliwia d\u0142u\u017csze sesje waporyzacji.<\/p>\n<p data-start=\"627\" data-end=\"712\"><strong data-start=\"627\" data-end=\"651\">Szybkie \u0142adowanie typu C<\/strong> \u2013 Szybkie i wydajne \u0142adowanie umo\u017cliwiaj\u0105ce wygodne u\u017cytkowanie przez ca\u0142y dzie\u0144.<\/p>\n<p data-start=\"714\" data-end=\"802\"><strong data-start=\"714\" data-end=\"739\">Projekt butelki perfum<\/strong> \u2013 Elegancki i stylowy wygl\u0105d w po\u0142\u0105czeniu z nowoczesnym wygl\u0105dem premium.<\/p>\n<p data-start=\"804\" data-end=\"895\"><strong data-start=\"804\" data-end=\"832\">Kompaktowa i przeno\u015bna konstrukcja<\/strong> \u2013 Lekka konstrukcja zaprojektowana z my\u015bl\u0105 o \u0142atwym przenoszeniu w dowolne miejsce.<\/p>\n<p data-start=\"897\" data-end=\"988\"><strong data-start=\"897\" data-end=\"918\">10 opcji smakowych<\/strong> \u2013 Szeroki wyb\u00f3r popularnych smak\u00f3w dostosowanych do r\u00f3\u017cnych preferencji.<\/p>\n<p data-start=\"990\" data-end=\"1115\"><strong data-start=\"990\" data-end=\"1025\">P\u0142ynna i sta\u0142a wydajno\u015b\u0107<\/strong> \u2013 Zoptymalizowany przep\u0142yw powietrza i system ogrzewania zapewniaj\u0105 satysfakcjonuj\u0105ce zaci\u0105gni\u0119cie si\u0119 od pierwszego do ostatniego zaci\u0105gni\u0119cia.<\/p>\n<p data-start=\"1117\" data-end=\"1215\" data-is-last-node=\"\" data-is-only-node=\"\"><strong data-start=\"1117\" data-end=\"1142\">Idealny do codziennego u\u017cytku<\/strong> \u2013 \u0141\u0105czy w sobie przeno\u015bno\u015b\u0107, styl i niezawodn\u0105 wydajno\u015b\u0107 w jednym urz\u0105dzeniu.<\/p>\n<p>&nbsp;<\/p>\n<h2 data-start=\"0\" data-end=\"78\"><strong data-start=\"3\" data-end=\"78\">Lista smak\u00f3w jednorazowego waporyzatora QQ Bang 150K Puffs<\/strong><\/h2>\n<p><strong data-start=\"56\" data-end=\"68\">1.Czerwona Fuji<\/strong><\/p>\n<p><strong data-start=\"73\" data-end=\"91\">2.L\u00f3d truskawkowy<\/strong><\/p>\n<p><strong data-start=\"96\" data-end=\"119\">3.Malina jagodowa<\/strong><\/p>\n<p><strong data-start=\"124\" data-end=\"137\">4. L\u00f3d winogronowy<\/strong><\/p>\n<p><strong data-start=\"142\" data-end=\"150\">5.Gruszka<\/strong><\/p>\n<p><strong data-start=\"155\" data-end=\"174\">6.Truskawkowe Kiwi<\/strong><\/p>\n<p><strong data-start=\"179\" data-end=\"196\">7.L\u00f3d jagodowy<\/strong><\/p>\n<p><strong data-start=\"201\" data-end=\"219\">8. L\u00f3d arbuzowy<\/strong><\/p>\n<p><strong data-start=\"224\" data-end=\"239\">9.Brzoskwinia Mango<\/strong><\/p>\n<p><strong data-start=\"244\" data-end=\"259\">10. Mieszane owoce<img loading=\"lazy\" decoding=\"async\" class=\"alignnone wp-image-10252 size-full\" src=\"https:\/\/pgvape.com\/wp-content\/uploads\/2026\/04\/QQ-Bang-150K-Perfume-Style-Disposable-Vape-With-65000-Puffs-And-Fast-Charging-12.png\" alt=\"Trzy rz\u0119dy pi\u0119tnastu pastelowych butelek vape z ikonami owoc\u00f3w i etykietami smakowymi, takimi jak Red Fuji, Strawberry Ice, Blueberry Raspberry.\" width=\"1500\" height=\"1353\" srcset=\"https:\/\/pgvape.com\/wp-content\/uploads\/2026\/04\/QQ-Bang-150K-Perfume-Style-Disposable-Vape-With-65000-Puffs-And-Fast-Charging-12.png 1500w, https:\/\/pgvape.com\/wp-content\/uploads\/2026\/04\/QQ-Bang-150K-Perfume-Style-Disposable-Vape-With-65000-Puffs-And-Fast-Charging-12-399x360.png 399w, https:\/\/pgvape.com\/wp-content\/uploads\/2026\/04\/QQ-Bang-150K-Perfume-Style-Disposable-Vape-With-65000-Puffs-And-Fast-Charging-12-595x537.png 595w, https:\/\/pgvape.com\/wp-content\/uploads\/2026\/04\/QQ-Bang-150K-Perfume-Style-Disposable-Vape-With-65000-Puffs-And-Fast-Charging-12-400x361.png 400w, https:\/\/pgvape.com\/wp-content\/uploads\/2026\/04\/QQ-Bang-150K-Perfume-Style-Disposable-Vape-With-65000-Puffs-And-Fast-Charging-12-768x693.png 768w, https:\/\/pgvape.com\/wp-content\/uploads\/2026\/04\/QQ-Bang-150K-Perfume-Style-Disposable-Vape-With-65000-Puffs-And-Fast-Charging-12-13x12.png 13w, https:\/\/pgvape.com\/wp-content\/uploads\/2026\/04\/QQ-Bang-150K-Perfume-Style-Disposable-Vape-With-65000-Puffs-And-Fast-Charging-12-600x541.png 600w\" sizes=\"auto, (max-width: 1500px) 100vw, 1500px\" \/><\/strong><\/p>\n<p>&nbsp;<\/p>\n<h2 data-start=\"0\" data-end=\"78\"><strong data-start=\"3\" data-end=\"78\">Cz\u0119sto zadawane pytania QQ Bang 150K Puffs Jednorazowy waporyzator<\/strong><\/h2>\n<p data-start=\"45\" data-end=\"208\"><strong data-start=\"45\" data-end=\"89\">\u2753 Jakie moce nikotyny s\u0105 dost\u0119pne?<\/strong><br data-start=\"89\" data-end=\"92\" \/>\u2705Urz\u0105dzenie dost\u0119pne w <strong data-start=\"121\" data-end=\"156\">Opcje nikotyny 2%, 3% i 5%<\/strong>, umo\u017cliwiaj\u0105c u\u017cytkownikom wyb\u00f3r preferowanej mocy.<\/p>\n<p data-start=\"210\" data-end=\"358\"><strong data-start=\"210\" data-end=\"255\">\u2753 Z jakiego rodzaju systemu waporyzuj\u0105cego korzysta?<\/strong><br data-start=\"255\" data-end=\"258\" \/>\u2705 Zawiera m.in <strong data-start=\"274\" data-end=\"298\">pojedynczy system smakowy<\/strong>, zapewniaj\u0105c czyste, czyste i sp\u00f3jne doznania smakowe.<\/p>\n<p data-start=\"360\" data-end=\"508\"><strong data-start=\"360\" data-end=\"394\">\u2753Jaka jest rezystancja cewki?<\/strong><br data-start=\"394\" data-end=\"397\" \/>\u2705 Urz\u0105dzenie wykorzystuje m.in <strong data-start=\"417\" data-end=\"438\">1.0\u03a9 przew\u00f3d grzejny<\/strong>, zapewniaj\u0105c g\u0142adk\u0105 par\u0119, zr\u00f3wnowa\u017cone uderzenie w gard\u0142o i stabiln\u0105 wydajno\u015b\u0107.<\/p>\n<p data-start=\"510\" data-end=\"625\"><strong data-start=\"510\" data-end=\"544\">\u2753 Czy akumulator mo\u017cna \u0142adowa\u0107?<\/strong><br data-start=\"544\" data-end=\"547\" \/>\u2705Tak, jest wyposa\u017cony w <strong data-start=\"570\" data-end=\"601\">Akumulator o pojemno\u015bci 650 mAh<\/strong> do niezawodnego codziennego u\u017cytku.<\/p>\n<p data-start=\"627\" data-end=\"753\"><strong data-start=\"627\" data-end=\"670\">\u2753Jak\u0105 metod\u0119 \u0142adowania obs\u0142uguje?<\/strong><br data-start=\"670\" data-end=\"673\" \/>\u2705Wspomaga <strong data-start=\"687\" data-end=\"711\">Szybkie \u0142adowanie typu C<\/strong>, umo\u017cliwiaj\u0105c szybkie i sprawne \u0142adowanie.<\/p>\n<p data-start=\"755\" data-end=\"893\"><strong data-start=\"755\" data-end=\"784\">\u2753 Czy urz\u0105dzenie jest przeno\u015bne?<\/strong><br data-start=\"784\" data-end=\"787\" \/>\u2705 Zdecydowanie. Jego <strong data-start=\"805\" data-end=\"839\">kompaktowa i lekka konstrukcja<\/strong> u\u0142atwia przenoszenie i idealnie nadaje si\u0119 do codziennego wapowania.<\/p>\n<p data-start=\"895\" data-end=\"1034\"><strong data-start=\"895\" data-end=\"931\">\u2753Co wyr\u00f3\u017cnia projekt?<\/strong><br data-start=\"931\" data-end=\"934\" \/>\u2705 Waporyzator charakteryzuje si\u0119 stylowym wygl\u0105dem <strong data-start=\"964\" data-end=\"989\">projekt butelki perfum<\/strong>, nadaj\u0105c mu luksusowy i elegancki wygl\u0105d.<\/p>\n<p data-start=\"1036\" data-end=\"1151\"><strong data-start=\"1036\" data-end=\"1073\">\u2753Ile smak\u00f3w jest dost\u0119pnych?<\/strong><br data-start=\"1073\" data-end=\"1076\" \/>\u2705To wchodzi <strong data-start=\"1090\" data-end=\"1111\">10 opcji smakowych<\/strong>, oferuj\u0105c wiele popularnych wybor\u00f3w.<\/p>\n<p data-start=\"1153\" data-end=\"1347\" data-is-last-node=\"\" data-is-only-node=\"\"><strong data-start=\"1153\" data-end=\"1192\">\u2753 Dlaczego warto wybra\u0107 Vape QQ Bang 150K?<\/strong><br data-start=\"1192\" data-end=\"1195\" \/>\u2705 \u0141\u0105czy <strong data-start=\"1209\" data-end=\"1298\">przeno\u015bna konstrukcja, wygoda \u0142adowania, p\u0142ynna wydajno\u015b\u0107 i stylowa estetyka<\/strong>, co czyni go doskona\u0142ym wyborem dla nowoczesnych u\u017cytkownik\u00f3w.<\/p>\n<p>&nbsp;<\/p>\n<h3 id=\"brxe-najhln\" class=\"brxe-heading\">Cz\u0119sto zadawane pytania (FAQ)<\/h3>\n<div id=\"brxe-rajiac\" class=\"brxe-text\">\n<p><strong>P: Jakie metody p\u0142atno\u015bci akceptujecie?<\/strong><br \/>\nOdp.: Akceptujemy PayPal, Stripe, przelewy bankowe (obs\u0142ugiwane SEPA), g\u0142\u00f3wne karty kredytowe (Visa, MasterCard, American Express) i p\u0142atno\u015bci w kryptowalutach.<\/p>\n<p><strong>P: Jak d\u0142ugo trwa przygotowanie zam\u00f3wienia?<\/strong><br \/>\nOdp.: Przygotowanie zam\u00f3wienia zajmuje 1-3 dni robocze.<\/p>\n<p><strong>P: Jaki jest czas wysy\u0142ki?<\/strong><br \/>\nOdp.: Czas wysy\u0142ki wynosi 7-14 dni roboczych, w zale\u017cno\u015bci od Twojej lokalizacji. Dostawa towar\u00f3w z europejskich magazyn\u00f3w trwa zazwyczaj 3-6 dni roboczych.<\/p>\n<p><strong>P: Jak mog\u0119 \u015bledzi\u0107 moje zam\u00f3wienie?<\/strong><br \/>\nOdp.: Po wysy\u0142ce otrzymasz wiadomo\u015b\u0107 e-mail z potwierdzeniem i numerem przesy\u0142ki umo\u017cliwiaj\u0105cym \u015bledzenie w czasie rzeczywistym.<\/p>\n<p><strong>P: Jaka jest Twoja polityka zwrot\u00f3w?<\/strong><br \/>\nOdp.: Oferujemy 30-dniow\u0105 polityk\u0119 zwrot\u00f3w lub wymiany. .<\/p>\n<p><strong>P: Czy wyst\u0105pi\u0105 jakie\u015b problemy celne?<br \/>\n<\/strong>Obs\u0142ugujemy wszystkie procedury odprawy celnej, aby zapewni\u0107 Ci bezproblemow\u0105 obs\u0142ug\u0119. .<\/p>\n<p><strong>P: Jakie metody wysy\u0142ki s\u0105 stosowane?<\/strong><br \/>\nWsp\u00f3\u0142pracujemy z firmami UPS\/DHL\/FEDEX\/DPD itp. W zale\u017cno\u015bci od kraju dostawy wybierzemy odpowiedni\u0105 opcj\u0119 wysy\u0142ki, tak aby produkty dotar\u0142y do \u200b\u200bPa\u0144stwa najszybciej jak to mo\u017cliwe.<\/p>\n<p><a href=\"https:\/\/pgvape.com\/pl\/czesto-zadawane-pytania\/\">Kliknij tutaj, aby uzyska\u0107 wi\u0119cej cz\u0119sto zadawanych pyta\u0144<\/a><\/p>\n<p>Szanowni klienci, je\u015bli masz jakiekolwiek pytania dotycz\u0105ce zam\u00f3wienia lub przybycia towaru, skontaktuj si\u0119 z naszym dzia\u0142em obs\u0142ugi klienta. Dzi\u0119kuj\u0119!<\/p>\n<h3 data-sourcepos=\"73:1-73:21\"><strong data-sourcepos=\"73:7-73:21\">Skontaktuj si\u0119 z nami<\/strong><\/h3>\n<div id=\"text-2419739398\" class=\"text\">\n<p><strong data-sourcepos=\"75:3-75:12\">E-mail<\/strong>:\u00a0<a href=\"mailto:support@pgvape.com\"><strong>support@pgvape.com<\/strong><\/a><\/p>\n<p><strong data-sourcepos=\"76:3-76:15\">WhatsApp<\/strong>:\u00a0<a href=\"https:\/\/wa.me\/+8618128481258\"><strong>+86 18128481258<\/strong><\/a><br \/>\n<strong>(Odpowied\u017a w ci\u0105gu 24 godzin w dni robocze)<\/strong><\/p>\n<\/div>\n<h3><strong>Dzi\u0119kujemy za wybranie pgvape.com! .<\/strong><\/h3>\n<\/div>","protected":false},"excerpt":{"rendered":"<section class=\"text-token-text-primary w-full focus:outline-none [--shadow-height:45px] has-data-writing-block:pointer-events-none has-data-writing-block:-mt-(--shadow-height) has-data-writing-block:pt-(--shadow-height) [&amp;:has([data-writing-block])&gt;*]:pointer-events-auto [content-visibility:auto] supports-[content-visibility:auto]:[contain-intrinsic-size:auto_100lvh] R6Vx5W_threadScrollVars scroll-mb-[calc(var(--scroll-root-safe-area-inset-bottom,0px)+var(--thread-response-height))] scroll-mt-[calc(var(--header-height)+min(200px,max(70px,20svh)))]\" dir=\"auto\" data-turn-id=\"request-690f3671-88fc-832d-8d9c-73e96f624343-20\" data-testid=\"conversation-turn-32\" data-scroll-anchor=\"false\" data-turn=\"assistant\">\n<div class=\"text-base my-auto mx-auto pb-10 [--thread-content-margin:var(--thread-content-margin-xs,calc(var(--spacing)*4))] @w-sm\/main:[--thread-content-margin:var(--thread-content-margin-sm,calc(var(--spacing)*6))] @w-lg\/main:[--thread-content-margin:var(--thread-content-margin-lg,calc(var(--spacing)*16))] px-(--thread-content-margin)\">\n<div class=\"[--thread-content-max-width:40rem] @w-lg\/main:[--thread-content-max-width:48rem] mx-auto max-w-(--thread-content-max-width) flex-1 group\/turn-messages focus-visible:outline-hidden relative flex w-full min-w-0 flex-col agent-turn\">\n<div class=\"flex max-w-full flex-col gap-4 grow\">\n<div class=\"min-h-8 text-message relative flex w-full flex-col items-end gap-2 text-start break-words whitespace-normal outline-none keyboard-focused:focus-ring [.text-message+&amp;]:mt-1\" dir=\"auto\" tabindex=\"0\" data-message-author-role=\"assistant\" data-message-id=\"f1ebdff0-90bf-4292-934d-1b0711e3864f\" data-message-model-slug=\"gpt-5-3\" data-turn-start-message=\"true\">\n<div class=\"flex w-full flex-col gap-1 empty:hidden\">\n<div class=\"markdown prose dark:prose-invert w-full wrap-break-word light markdown-new-styling\">\n<p data-start=\"0\" data-end=\"32\"><strong data-start=\"0\" data-end=\"32\">QQ Bang 150K Disposable Vape <\/strong>Up to 150,000 puffs in a stylish perfume bottle design that combines elegance with portability. Powered by a 1.0\u03a9 heating wire and 650mAh rechargeable battery for smooth, stable performance. Features Type-C fast charging, multiple nicotine options, and 10 flavor choices.<\/p>\n<\/div>\n<\/div>\n<\/div>\n<\/div>\n<div class=\"z-0 flex min-h-[46px] justify-start\"><\/div>\n<div class=\"mt-3 w-full empty:hidden\">\n<div class=\"text-center\"><\/div>\n<\/div>\n<\/div>\n<\/div>\n<\/section>\n<div class=\"pointer-events-none -mt-px h-px translate-y-[calc(var(--scroll-root-safe-area-inset-bottom)-14*var(--spacing))]\" aria-hidden=\"true\"><\/div>\n","protected":false},"featured_media":10242,"comment_status":"open","ping_status":"closed","template":"","meta":{"_seopress_robots_primary_cat":"","_seopress_titles_title":"","_seopress_titles_desc":"","_seopress_robots_index":""},"product_brand":[516,654],"product_cat":[368,515,653],"product_tag":[370,90,652,656,655],"class_list":{"0":"post-10228","1":"product","2":"type-product","3":"status-publish","4":"has-post-thumbnail","6":"product_brand-disposable-vape","7":"product_brand-qqbang-vape","8":"product_cat-150k-puffs-vape","9":"product_cat-disposable-vape","10":"product_cat-qqbang-vape","11":"product_tag-150k-puffs-vape","12":"product_tag-disposable-vape","13":"product_tag-fast-charging","14":"product_tag-perfume-style","15":"product_tag-qq-bang-150k","17":"first","18":"instock","19":"sale","20":"shipping-taxable","21":"purchasable","22":"product-type-variable"},"_links":{"self":[{"href":"https:\/\/pgvape.com\/pl\/wp-json\/wp\/v2\/product\/10228","targetHints":{"allow":["GET"]}}],"collection":[{"href":"https:\/\/pgvape.com\/pl\/wp-json\/wp\/v2\/product"}],"about":[{"href":"https:\/\/pgvape.com\/pl\/wp-json\/wp\/v2\/types\/product"}],"replies":[{"embeddable":true,"href":"https:\/\/pgvape.com\/pl\/wp-json\/wp\/v2\/comments?post=10228"}],"wp:featuredmedia":[{"embeddable":true,"href":"https:\/\/pgvape.com\/pl\/wp-json\/wp\/v2\/media\/10242"}],"wp:attachment":[{"href":"https:\/\/pgvape.com\/pl\/wp-json\/wp\/v2\/media?parent=10228"}],"wp:term":[{"taxonomy":"product_brand","embeddable":true,"href":"https:\/\/pgvape.com\/pl\/wp-json\/wp\/v2\/product_brand?post=10228"},{"taxonomy":"product_cat","embeddable":true,"href":"https:\/\/pgvape.com\/pl\/wp-json\/wp\/v2\/product_cat?post=10228"},{"taxonomy":"product_tag","embeddable":true,"href":"https:\/\/pgvape.com\/pl\/wp-json\/wp\/v2\/product_tag?post=10228"}],"curies":[{"name":"wp","href":"https:\/\/api.w.org\/{rel}","templated":true}]}}