{"id":10163,"date":"2026-04-18T09:13:03","date_gmt":"2026-04-18T09:13:03","guid":{"rendered":"https:\/\/pgvape.com\/?post_type=product&#038;p=10163"},"modified":"2026-04-18T09:13:45","modified_gmt":"2026-04-18T09:13:45","slug":"jednorazowy-waporyzator-qq-bang-100k-z-podwojna-siatka-100-000-zaciagniec-i-szybkim-ladowaniem","status":"publish","type":"product","link":"https:\/\/pgvape.com\/pl\/produkt\/jednorazowy-waporyzator-qq-bang-100k-z-podwojna-siatka-100-000-zaciagniec-i-szybkim-ladowaniem\/","title":{"rendered":"Jednorazowy Vape QQ Bang 100K Dual Mesh z 100 000 zaci\u0105gni\u0119\u0107 i szybkim \u0142adowaniem"},"content":{"rendered":"<h2 data-start=\"0\" data-end=\"68\"><strong data-start=\"3\" data-end=\"68\">Jednorazowy Vape QQ Bang 100K | Urz\u0105dzenie o du\u017cej pojemno\u015bci z podw\u00f3jn\u0105 siatk\u0105<\/strong><\/h2>\n<p data-start=\"70\" data-end=\"272\">Jednorazowy waporyzator QQ Bang 100K zosta\u0142 zaprojektowany z my\u015bl\u0105 o u\u017cytkownikach poszukuj\u0105cych d\u0142ugotrwa\u0142ej wydajno\u015bci i bogatego smaku, zapewniaj\u0105cych do 100 000 zaci\u0105gni\u0119\u0107 z wieloma opcjami mocy nikotyny.<\/p>\n<p data-start=\"274\" data-end=\"501\">Wyposa\u017cony w zaawansowan\u0105 technologi\u0119 podw\u00f3jnej cewki siatkowej, zapewnia g\u0142adsz\u0105 par\u0119, lepszy smak i sta\u0142\u0105 moc przy ka\u017cdym zaci\u0105gni\u0119ciu. Dzi\u0119ki 12 popularnym opcjom smakowym u\u017cytkownicy mog\u0105 cieszy\u0107 si\u0119 szerok\u0105 gam\u0105 satysfakcjonuj\u0105cych dozna\u0144 smakowych.<\/p>\n<p data-start=\"503\" data-end=\"642\">Zasilane akumulatorem 650 mAh z szybkim \u0142adowaniem przez USB typu C, urz\u0105dzenie to zapewnia niezawodne u\u017cytkowanie przez ca\u0142y dzie\u0144 i wygodne \u0142adowanie.<\/p>\n<p data-start=\"644\" data-end=\"735\" data-is-last-node=\"\" data-is-only-node=\"\">Idealny wyb\u00f3r dla u\u017cytkownik\u00f3w poszukuj\u0105cych pojemno\u015bci, r\u00f3\u017cnorodno\u015bci smak\u00f3w i niezawodnego dzia\u0142ania.<\/p>\n<p>&nbsp;<\/p>\n<h3 id=\"brxe-najhln\" class=\"brxe-heading\"><\/h3>\n<h2 data-start=\"0\" data-end=\"68\"><strong data-start=\"3\" data-end=\"68\">Najwa\u017cniejsze cechy produktu jednorazowego Vape QQ Bang 100K Puffs<\/strong><\/h2>\n<p data-start=\"56\" data-end=\"168\"><strong data-start=\"56\" data-end=\"79\">Do 100 000 zaci\u0105gni\u0119\u0107<\/strong> \u2013 Niezwykle d\u0142ugotrwa\u0142a wydajno\u015b\u0107, zaprojektowana z my\u015bl\u0105 o d\u0142u\u017cszym wapowaniu przy mniejszej liczbie wymian.<\/p>\n<p data-start=\"170\" data-end=\"273\"><strong data-start=\"170\" data-end=\"199\">Wiele opcji nikotyny<\/strong> \u2013 Dost\u0119pne w <strong data-start=\"215\" data-end=\"233\">2%, 3% i 5%<\/strong> dla spersonalizowanego do\u015bwiadczenia wapowania.<\/p>\n<p data-start=\"275\" data-end=\"402\"><strong data-start=\"275\" data-end=\"304\">Technologia podw\u00f3jnej cewki siatkowej<\/strong> \u2013 Zaawansowany system podw\u00f3jnej siatki zapewnia bogatszy smak, g\u0142adsz\u0105 par\u0119 i g\u0119stsz\u0105 produkcj\u0119 chmury.<\/p>\n<p data-start=\"404\" data-end=\"503\"><strong data-start=\"404\" data-end=\"425\">12 opcji smakowych<\/strong> \u2013 Szeroki wyb\u00f3r popularnych smak\u00f3w, pozwalaj\u0105cy zaspokoi\u0107 r\u00f3\u017cne preferencje smakowe.<\/p>\n<p data-start=\"505\" data-end=\"602\"><strong data-start=\"505\" data-end=\"536\">Akumulator 650 mAh<\/strong> \u2013 Niezawodny wbudowany akumulator zapewnia stabiln\u0105 prac\u0119 przez ca\u0142y dzie\u0144.<\/p>\n<p data-start=\"604\" data-end=\"692\"><strong data-start=\"604\" data-end=\"632\">Szybkie \u0142adowanie przez USB typu C<\/strong> \u2013 Szybkie i wydajne \u0142adowanie zapewniaj\u0105ce nieprzerwane u\u017cytkowanie.<\/p>\n<p data-start=\"694\" data-end=\"809\"><strong data-start=\"694\" data-end=\"724\">G\u0142adka i sp\u00f3jna moc wyj\u015bciowa<\/strong> \u2013 Zoptymalizowany system cewek utrzymuje stabiln\u0105 par\u0119 i smak od pierwszego do ostatniego zaci\u0105gni\u0119cia.<\/p>\n<p data-start=\"811\" data-end=\"916\"><strong data-start=\"811\" data-end=\"837\">Bogate doznania smakowe<\/strong> \u2013 Ulepszona technologia atomizacji sprawia, \u017ce \u200b\u200bka\u017cde poci\u0105gni\u0119cie jest satysfakcjonuj\u0105ce i aromatyczne.<\/p>\n<p data-start=\"918\" data-end=\"1004\"><strong data-start=\"918\" data-end=\"949\">Nowoczesna konstrukcja o du\u017cej pojemno\u015bci<\/strong> \u2013 Zbudowany z my\u015bl\u0105 o wygodzie, przeno\u015bno\u015bci i codziennym u\u017cytkowaniu.<\/p>\n<p data-start=\"1006\" data-end=\"1114\" data-is-last-node=\"\" data-is-only-node=\"\"><strong data-start=\"1006\" data-end=\"1038\">Idealny do sprzeda\u017cy detalicznej i hurtowej<\/strong> \u2013 Popularne, trwa\u0142e urz\u0105dzenie odpowiednie na rynki \u015bwiatowe i dystrybucj\u0119.<\/p>\n<p>&nbsp;<\/p>\n<h2 data-start=\"0\" data-end=\"68\"><strong data-start=\"3\" data-end=\"68\">QQ Bang 100 tys <\/strong><strong data-start=\"3\" data-end=\"68\">Pufy <\/strong><strong data-start=\"3\" data-end=\"68\">Jednorazowa lista smak\u00f3w Vape<\/strong><\/h2>\n<p><strong data-start=\"25\" data-end=\"38\">1.Brzoskwiniowy l\u00f3d<\/strong><\/p>\n<p><strong data-start=\"43\" data-end=\"61\">2. L\u00f3d arbuzowy<\/strong><\/p>\n<p><strong data-start=\"66\" data-end=\"82\">3. Mieszane owoce<\/strong><\/p>\n<p><strong data-start=\"87\" data-end=\"113\">4. Arbuz Mango Brzoskwiniowy<\/strong><\/p>\n<p><strong data-start=\"118\" data-end=\"138\">5.Mamba truskawkowa<\/strong><\/p>\n<p><strong data-start=\"143\" data-end=\"166\">6.Malina jagodowa<\/strong><\/p>\n<p><strong data-start=\"171\" data-end=\"184\">7. L\u00f3d winogronowy<\/strong><\/p>\n<p><strong data-start=\"189\" data-end=\"204\">8. Winogrono jab\u0142kowe<\/strong><\/p>\n<p><strong data-start=\"209\" data-end=\"225\">9. Nap\u00f3j energetyczny<\/strong><\/p>\n<p><strong data-start=\"230\" data-end=\"241\">10. Mi\u0142o\u015b\u0107 66<\/strong><\/p>\n<p><strong data-start=\"246\" data-end=\"266\">11. Truskawkowe Mango<\/strong><\/p>\n<p><strong data-start=\"271\" data-end=\"288\">12.L\u00f3d jagodowy<img loading=\"lazy\" decoding=\"async\" class=\"alignnone wp-image-10179 size-full\" src=\"https:\/\/pgvape.com\/wp-content\/uploads\/2026\/04\/QQ-Bang-100K-Dual-Mesh-Disposable-Vape-With-100000-Puffs-And-Fast-Charging-pgvape-14.png\" alt=\"Dwana\u015bcie butelek napoj\u00f3w energetycznych Bang u\u0142o\u017conych w dw\u00f3ch rz\u0119dach z kolorowymi etykietami o smaku owocowym i odwa\u017cnymi logo Bang.\" width=\"1500\" height=\"1460\" srcset=\"https:\/\/pgvape.com\/wp-content\/uploads\/2026\/04\/QQ-Bang-100K-Dual-Mesh-Disposable-Vape-With-100000-Puffs-And-Fast-Charging-pgvape-14.png 1500w, https:\/\/pgvape.com\/wp-content\/uploads\/2026\/04\/QQ-Bang-100K-Dual-Mesh-Disposable-Vape-With-100000-Puffs-And-Fast-Charging-pgvape-14-370x360.png 370w, https:\/\/pgvape.com\/wp-content\/uploads\/2026\/04\/QQ-Bang-100K-Dual-Mesh-Disposable-Vape-With-100000-Puffs-And-Fast-Charging-pgvape-14-595x579.png 595w, https:\/\/pgvape.com\/wp-content\/uploads\/2026\/04\/QQ-Bang-100K-Dual-Mesh-Disposable-Vape-With-100000-Puffs-And-Fast-Charging-pgvape-14-400x389.png 400w, https:\/\/pgvape.com\/wp-content\/uploads\/2026\/04\/QQ-Bang-100K-Dual-Mesh-Disposable-Vape-With-100000-Puffs-And-Fast-Charging-pgvape-14-768x748.png 768w, https:\/\/pgvape.com\/wp-content\/uploads\/2026\/04\/QQ-Bang-100K-Dual-Mesh-Disposable-Vape-With-100000-Puffs-And-Fast-Charging-pgvape-14-12x12.png 12w, https:\/\/pgvape.com\/wp-content\/uploads\/2026\/04\/QQ-Bang-100K-Dual-Mesh-Disposable-Vape-With-100000-Puffs-And-Fast-Charging-pgvape-14-600x584.png 600w\" sizes=\"auto, (max-width: 1500px) 100vw, 1500px\" \/><\/strong><\/p>\n<p>&nbsp;<\/p>\n<h2 data-start=\"0\" data-end=\"68\"><strong data-start=\"3\" data-end=\"68\">Cz\u0119sto zadawane pytania QQ Bang 100K Puffs Jednorazowy Vape<\/strong><\/h2>\n<p data-start=\"53\" data-end=\"205\"><strong data-start=\"53\" data-end=\"104\">\u2753 Ile zaci\u0105gni\u0119\u0107 zapewnia QQ Bang 100K?<\/strong><br data-start=\"104\" data-end=\"107\" \/>\u2705Urz\u0105dzenie dostarcza do <strong data-start=\"135\" data-end=\"152\">100 000 zaci\u0105gni\u0119\u0107<\/strong>, oferuj\u0105c d\u0142ugotrwa\u0142\u0105 wydajno\u015b\u0107 przy d\u0142ugotrwa\u0142ym u\u017cytkowaniu.<\/p>\n<p data-start=\"207\" data-end=\"362\"><strong data-start=\"207\" data-end=\"251\">\u2753 Jakie moce nikotyny s\u0105 dost\u0119pne?<\/strong><br data-start=\"251\" data-end=\"254\" \/>\u2705Jest dost\u0119pny m.in <strong data-start=\"275\" data-end=\"310\">Opcje nikotyny 2%, 3% i 5%<\/strong>, umo\u017cliwiaj\u0105c u\u017cytkownikom wyb\u00f3r preferowanej mocy.<\/p>\n<p data-start=\"364\" data-end=\"514\"><strong data-start=\"364\" data-end=\"400\">\u2753 Z jakiego rodzaju cewki korzysta?<\/strong><br data-start=\"400\" data-end=\"403\" \/>\u2705 Funkcje urz\u0105dzenia <strong data-start=\"425\" data-end=\"444\">podw\u00f3jne cewki siatkowe<\/strong>, zapewniaj\u0105c bogatszy smak, g\u0142adsz\u0105 par\u0119 i sta\u0142\u0105 wydajno\u015b\u0107.<\/p>\n<p data-start=\"516\" data-end=\"636\"><strong data-start=\"516\" data-end=\"550\">\u2753 Czy akumulator mo\u017cna \u0142adowa\u0107?<\/strong><br data-start=\"550\" data-end=\"553\" \/>\u2705Tak, jest wyposa\u017cony w <strong data-start=\"576\" data-end=\"607\">Akumulator o pojemno\u015bci 650 mAh<\/strong> do niezawodnego wapowania przez ca\u0142y dzie\u0144.<\/p>\n<p data-start=\"638\" data-end=\"768\"><strong data-start=\"638\" data-end=\"681\">\u2753Jak\u0105 metod\u0119 \u0142adowania obs\u0142uguje?<\/strong><br data-start=\"681\" data-end=\"684\" \/>\u2705Wspomaga <strong data-start=\"698\" data-end=\"726\">Szybkie \u0142adowanie przez USB typu C<\/strong>, umo\u017cliwiaj\u0105c szybkie i sprawne \u0142adowanie.<\/p>\n<p data-start=\"770\" data-end=\"911\"><strong data-start=\"770\" data-end=\"807\">\u2753Ile smak\u00f3w jest dost\u0119pnych?<\/strong><br data-start=\"807\" data-end=\"810\" \/>\u2705 Waporyzator dost\u0119pny w <strong data-start=\"837\" data-end=\"866\">12 popularnych opcji smakowych<\/strong>, daj\u0105c u\u017cytkownikom szerok\u0105 gam\u0119 wybor\u00f3w smakowych.<\/p>\n<p data-start=\"913\" data-end=\"1142\" data-is-last-node=\"\" data-is-only-node=\"\"><strong data-start=\"913\" data-end=\"952\">\u2753 Dlaczego warto wybra\u0107 Vape QQ Bang 100K?<\/strong><br data-start=\"952\" data-end=\"955\" \/>\u2705 \u0141\u0105czy <strong data-start=\"969\" data-end=\"1070\">Zaci\u0105gni\u0119cia 100 tys., wydajno\u015b\u0107 podw\u00f3jnej cewki siatkowej, wygoda \u0142adowania i wiele mocy nikotyny<\/strong>, co czyni go doskona\u0142ym wyborem dla u\u017cytkownik\u00f3w poszukuj\u0105cych trwa\u0142o\u015bci i bogatego smaku.<\/p>\n<p>&nbsp;<\/p>\n<h3 id=\"brxe-najhln\" class=\"brxe-heading\">Cz\u0119sto zadawane pytania (FAQ)<\/h3>\n<div id=\"brxe-rajiac\" class=\"brxe-text\">\n<p><strong>P: Jakie metody p\u0142atno\u015bci akceptujecie?<\/strong><br \/>\nOdp.: Akceptujemy PayPal, Stripe, przelewy bankowe (obs\u0142ugiwane SEPA), g\u0142\u00f3wne karty kredytowe (Visa, MasterCard, American Express) i p\u0142atno\u015bci w kryptowalutach.<\/p>\n<p><strong>P: Jak d\u0142ugo trwa przygotowanie zam\u00f3wienia?<\/strong><br \/>\nOdp.: Przygotowanie zam\u00f3wienia zajmuje 1-3 dni robocze.<\/p>\n<p><strong>P: Jaki jest czas wysy\u0142ki?<\/strong><br \/>\nOdp.: Czas wysy\u0142ki wynosi 7-14 dni roboczych, w zale\u017cno\u015bci od Twojej lokalizacji. Dostawa towar\u00f3w z europejskich magazyn\u00f3w trwa zazwyczaj 3-6 dni roboczych.<\/p>\n<p><strong>P: Jak mog\u0119 \u015bledzi\u0107 moje zam\u00f3wienie?<\/strong><br \/>\nOdp.: Po wysy\u0142ce otrzymasz wiadomo\u015b\u0107 e-mail z potwierdzeniem i numerem przesy\u0142ki umo\u017cliwiaj\u0105cym \u015bledzenie w czasie rzeczywistym.<\/p>\n<p><strong>P: Jaka jest Twoja polityka zwrot\u00f3w?<\/strong><br \/>\nOdp.: Oferujemy 30-dniow\u0105 polityk\u0119 zwrot\u00f3w lub wymiany. .<\/p>\n<p><strong>P: Czy wyst\u0105pi\u0105 jakie\u015b problemy celne?<br \/>\n<\/strong>Obs\u0142ugujemy wszystkie procedury odprawy celnej, aby zapewni\u0107 Ci bezproblemow\u0105 obs\u0142ug\u0119. .<\/p>\n<p><strong>P: Jakie metody wysy\u0142ki s\u0105 stosowane?<\/strong><br \/>\nWsp\u00f3\u0142pracujemy z firmami UPS\/DHL\/FEDEX\/DPD itp. W zale\u017cno\u015bci od kraju dostawy wybierzemy odpowiedni\u0105 opcj\u0119 wysy\u0142ki, tak aby produkty dotar\u0142y do \u200b\u200bPa\u0144stwa najszybciej jak to mo\u017cliwe.<\/p>\n<p><a href=\"https:\/\/pgvape.com\/pl\/czesto-zadawane-pytania\/\">Kliknij tutaj, aby uzyska\u0107 wi\u0119cej cz\u0119sto zadawanych pyta\u0144<\/a><\/p>\n<p>Szanowni klienci, je\u015bli masz jakiekolwiek pytania dotycz\u0105ce zam\u00f3wienia lub przybycia towaru, skontaktuj si\u0119 z naszym dzia\u0142em obs\u0142ugi klienta. Dzi\u0119kuj\u0119!<\/p>\n<h3 data-sourcepos=\"73:1-73:21\"><strong data-sourcepos=\"73:7-73:21\">Skontaktuj si\u0119 z nami<\/strong><\/h3>\n<div id=\"text-2419739398\" class=\"text\">\n<p><strong data-sourcepos=\"75:3-75:12\">E-mail<\/strong>:\u00a0<a href=\"mailto:support@pgvape.com\"><strong>support@pgvape.com<\/strong><\/a><\/p>\n<p><strong data-sourcepos=\"76:3-76:15\">WhatsApp<\/strong>:\u00a0<a href=\"https:\/\/wa.me\/+8618128481258\"><strong>+86 18128481258<\/strong><\/a><br \/>\n<strong>(Odpowied\u017a w ci\u0105gu 24 godzin w dni robocze)<\/strong><\/p>\n<\/div>\n<h3><strong>Dzi\u0119kujemy za wybranie pgvape.com! .<\/strong><\/h3>\n<\/div>","protected":false},"excerpt":{"rendered":"<p data-start=\"0\" data-end=\"32\"><strong data-start=\"0\" data-end=\"32\">Jednorazowy Vape QQ Bang 100K <\/strong>Do 100 000 zaci\u0105gni\u0119\u0107 z podw\u00f3jn\u0105 w\u0119\u017cownic\u0105 siatkow\u0105 dla bogatszego smaku i g\u0142adkiej, sp\u00f3jnej pary. Zasilany akumulatorem 650 mAh z szybkim \u0142adowaniem typu C, zapewniaj\u0105cym niezawodne u\u017cytkowanie przez ca\u0142y dzie\u0144. Dost\u0119pne w 12 smakach i wielu mocach nikotyny dla ka\u017cdych preferencji.<\/p>","protected":false},"featured_media":10167,"comment_status":"open","ping_status":"closed","template":"","meta":{"_seopress_robots_primary_cat":"none","_seopress_titles_title":"","_seopress_titles_desc":"","_seopress_robots_index":""},"product_brand":[36,516],"product_cat":[170,25,515],"product_tag":[395,90,243,652,651],"class_list":{"0":"post-10163","1":"product","2":"type-product","3":"status-publish","4":"has-post-thumbnail","6":"product_brand-bang-vape","7":"product_brand-disposable-vape","8":"product_cat-100k-puffs-vape","9":"product_cat-bang-vape","10":"product_cat-disposable-vape","11":"product_tag-100k-puffs-vape","12":"product_tag-disposable-vape","13":"product_tag-dual-mesh","14":"product_tag-fast-charging","15":"product_tag-qq-bang-100k","17":"first","18":"instock","19":"sale","20":"shipping-taxable","21":"purchasable","22":"product-type-variable"},"_links":{"self":[{"href":"https:\/\/pgvape.com\/pl\/wp-json\/wp\/v2\/product\/10163","targetHints":{"allow":["GET"]}}],"collection":[{"href":"https:\/\/pgvape.com\/pl\/wp-json\/wp\/v2\/product"}],"about":[{"href":"https:\/\/pgvape.com\/pl\/wp-json\/wp\/v2\/types\/product"}],"replies":[{"embeddable":true,"href":"https:\/\/pgvape.com\/pl\/wp-json\/wp\/v2\/comments?post=10163"}],"wp:featuredmedia":[{"embeddable":true,"href":"https:\/\/pgvape.com\/pl\/wp-json\/wp\/v2\/media\/10167"}],"wp:attachment":[{"href":"https:\/\/pgvape.com\/pl\/wp-json\/wp\/v2\/media?parent=10163"}],"wp:term":[{"taxonomy":"product_brand","embeddable":true,"href":"https:\/\/pgvape.com\/pl\/wp-json\/wp\/v2\/product_brand?post=10163"},{"taxonomy":"product_cat","embeddable":true,"href":"https:\/\/pgvape.com\/pl\/wp-json\/wp\/v2\/product_cat?post=10163"},{"taxonomy":"product_tag","embeddable":true,"href":"https:\/\/pgvape.com\/pl\/wp-json\/wp\/v2\/product_tag?post=10163"}],"curies":[{"name":"wp","href":"https:\/\/api.w.org\/{rel}","templated":true}]}}