{"id":10129,"date":"2026-04-14T08:46:11","date_gmt":"2026-04-14T08:46:11","guid":{"rendered":"https:\/\/pgvape.com\/?post_type=product&#038;p=10129"},"modified":"2026-04-14T08:46:56","modified_gmt":"2026-04-14T08:46:56","slug":"airmez-fox-160k-inteligentny-jednorazowy-waporyzator-8-w-1-z-160-000-zaciagniec-60-ml-czterozbiornikowy-i-cewka-siatkowa","status":"publish","type":"product","link":"https:\/\/pgvape.com\/pl\/produkt\/airmez-fox-160k-inteligentny-jednorazowy-waporyzator-8-w-1-z-160-000-zaciagniec-60-ml-czterozbiornikowy-i-cewka-siatkowa\/","title":{"rendered":"Airmez FOX 160K Inteligentny jednorazowy waporyzator 8 w 1 z 160 000 zaci\u0105gni\u0119\u0107, poczw\u00f3rnymi zbiornikami 60 ml i cewk\u0105 siatkow\u0105"},"content":{"rendered":"<h2 data-start=\"0\" data-end=\"88\"><strong data-start=\"3\" data-end=\"88\">Airmez FOX 8 w 1 160K Jednorazowy Vape | Zaawansowane wielozbiornikowe urz\u0105dzenie o du\u017cej pojemno\u015bci<\/strong><\/h2>\n<p data-start=\"90\" data-end=\"289\">Jednorazowy waporyzator AIRMEZ FOX 8 IN 1 160K zosta\u0142 zaprojektowany z my\u015bl\u0105 o wyj\u0105tkowej trwa\u0142o\u015bci i stabilnej wydajno\u015bci, zapewniaj\u0105c do 160 000 zaci\u0105gni\u0119\u0107 dzi\u0119ki zaawansowanej konstrukcji z wieloma zbiornikami.<\/p>\n<p data-start=\"291\" data-end=\"552\">Wyposa\u017cony w cztery niezale\u017cne zbiorniki o pojemno\u015bci 15 ml i \u0142\u0105cznej pojemno\u015bci 60 ml, pomaga zachowa\u0107 \u015bwie\u017co\u015b\u0107 e-liquidu i zapewnia sp\u00f3jny smak od pierwszego do ostatniego zaci\u0105gni\u0119cia. Zaawansowany system cewek siatkowych zapewnia p\u0142ynny przep\u0142yw powietrza, bogaty smak i g\u0119st\u0105 produkcj\u0119 pary.<\/p>\n<p data-start=\"554\" data-end=\"701\">Powered by a 650mAh rechargeable battery with Type-C charging, this device offers reliable output and convenient recharging for extended daily use.<\/p>\n<p data-start=\"703\" data-end=\"812\" data-is-last-node=\"\" data-is-only-node=\"\">An ideal choice for users seeking innovation, long-lasting performance, and premium multi-flavor convenience.<\/p>\n<p>&nbsp;<\/p>\n<h2 data-start=\"0\" data-end=\"88\"><\/h2>\n<h2 data-start=\"0\" data-end=\"88\"><strong data-start=\"3\" data-end=\"88\">Jednorazowy Vape Airmez FOX 8 w 1 160 tys. Najwa\u017cniejsze cechy produktu<\/strong><\/h2>\n<p data-start=\"59\" data-end=\"190\"><strong data-start=\"59\" data-end=\"82\">Do 160 000 zaci\u0105gni\u0119\u0107<\/strong> \u2013 Zaprojektowane z my\u015bl\u0105 o wyj\u0105tkowo d\u0142ugotrwa\u0142ej wydajno\u015bci i stabilnej mocy wyj\u015bciowej przez ca\u0142y okres u\u017cytkowania urz\u0105dzenia.<\/p>\n<p data-start=\"192\" data-end=\"340\"><strong data-start=\"192\" data-end=\"226\">Innowacja o wielu smakach 8 w 1<\/strong> \u2013 Zaawansowany system smakowy zapewnia wiele dozna\u0144 smakowych w jednym urz\u0105dzeniu, co zapewnia wi\u0119ksz\u0105 r\u00f3\u017cnorodno\u015b\u0107 i wygod\u0119.<\/p>\n<p data-start=\"342\" data-end=\"503\"><strong data-start=\"342\" data-end=\"378\">Pojemno\u015b\u0107 60 ml podzielonego na segmenty e-p\u0142ynu<\/strong> - Cechy <strong data-start=\"390\" data-end=\"420\">15 ml \u00d7 4 niezale\u017cne zbiorniki<\/strong> aby zachowa\u0107 \u015bwie\u017co\u015b\u0107, zmniejszy\u0107 utlenianie i zachowa\u0107 sta\u0142\u0105 jako\u015b\u0107 smaku.<\/p>\n<p data-start=\"505\" data-end=\"644\"><strong data-start=\"505\" data-end=\"535\">Niezale\u017cny projekt Izby<\/strong> \u2013 Oddzielne zbiorniki zapewniaj\u0105 zr\u00f3wnowa\u017cone zu\u017cycie p\u0142ynu i niezawodne dzia\u0142anie od pierwszego do ostatniego zaci\u0105gni\u0119cia.<\/p>\n<p data-start=\"646\" data-end=\"778\"><strong data-start=\"646\" data-end=\"679\">Zaawansowana technologia cewki siatkowej<\/strong> \u2013 Precyzyjny system atomizacji zapewnia r\u00f3wnomierne ogrzewanie, bogatszy smak i g\u0119stsz\u0105 produkcj\u0119 pary.<\/p>\n<p data-start=\"780\" data-end=\"914\"><strong data-start=\"780\" data-end=\"816\">G\u0142adka i sta\u0142a produkcja pary<\/strong> \u2013 Zoptymalizowany przep\u0142yw powietrza i kontrola termiczna utrzymuj\u0105 satysfakcjonuj\u0105cy pob\u00f3r bez spadku wydajno\u015bci.<\/p>\n<p data-start=\"916\" data-end=\"1018\"><strong data-start=\"916\" data-end=\"947\">Akumulator 650 mAh<\/strong> \u2013 Stabilny system zarz\u0105dzania energi\u0105 zaprojektowany z my\u015bl\u0105 o d\u0142u\u017cszych cyklach u\u017cytkowania.<\/p>\n<p data-start=\"1020\" data-end=\"1115\"><strong data-start=\"1020\" data-end=\"1044\">Szybkie \u0142adowanie typu C<\/strong> \u2013 Szybkie i wygodne \u0142adowanie umo\u017cliwiaj\u0105ce nieprzerwane sesje wapowania.<\/p>\n<p data-start=\"1117\" data-end=\"1255\"><strong data-start=\"1117\" data-end=\"1152\">Struktura in\u017cynierii precyzyjnej<\/strong> \u2013 Zbudowany w oparciu o zaawansowan\u0105 mikroelektronik\u0119 i wydajn\u0105 konstrukcj\u0119 termodynamiczn\u0105 zapewniaj\u0105c\u0105 d\u0142ugoterminow\u0105 niezawodno\u015b\u0107.<\/p>\n<p data-start=\"1257\" data-end=\"1374\" data-is-last-node=\"\" data-is-only-node=\"\"><strong data-start=\"1257\" data-end=\"1289\">Wysokiej klasy konstrukcja o du\u017cej pojemno\u015bci<\/strong> \u2013 \u0141\u0105czy w sobie najnowocze\u015bniejsz\u0105 technologi\u0119, trwa\u0142o\u015b\u0107 i nowoczesn\u0105 estetyk\u0119 w jednym urz\u0105dzeniu.<\/p>\n<p>&nbsp;<\/p>\n<h2 data-start=\"0\" data-end=\"88\"><strong data-start=\"3\" data-end=\"88\">Airmez FOX 8 w 1 160 tys. puff\u00f3w Jednorazowa lista smak\u00f3w Vape<\/strong><\/h2>\n<p data-start=\"23\" data-end=\"91\"><strong data-start=\"23\" data-end=\"89\">1. Bingo Crush i Triple Mango, mieszane jagody i l\u00f3d arbuzowy<\/strong><\/p>\n<p data-start=\"93\" data-end=\"162\"><strong data-start=\"93\" data-end=\"160\">2. Love66 &amp; Strawberry Ice &amp; Blue Razz Lemonade &amp; Pineapple Ice<\/strong><\/p>\n<p data-start=\"164\" data-end=\"225\"><strong data-start=\"164\" data-end=\"223\">3. Arbuz Ice &amp; Love66 oraz Podw\u00f3jne Jab\u0142ko i Mango Brzoskwinia<\/strong><\/p>\n<p data-start=\"227\" data-end=\"298\"><strong data-start=\"227\" data-end=\"296\">4. Mieszane lody jagodowe, jagodowe, malinowe i arbuzowe oraz lody typu cola<\/strong><\/p>\n<p data-start=\"300\" data-end=\"378\"><strong data-start=\"300\" data-end=\"376\">5. Lemoniada z mango, brzoskwini i owoc\u00f3w tropikalnych i jag\u00f3d oraz arbuza truskawkowego<\/strong><\/p>\n<p data-start=\"380\" data-end=\"452\"><strong data-start=\"380\" data-end=\"450\">6. Wi\u015bniowy l\u00f3d i truskawkowy smoczy owoc oraz potr\u00f3jne mango i niebieski Razz<\/strong><\/p>\n<p data-start=\"454\" data-end=\"526\"><strong data-start=\"454\" data-end=\"524\">7. Lody ze smoczych owoc\u00f3w i Bingo Crush &amp; Love66 i ananasowo-mango-brzoskwiniowe<\/strong><\/p>\n<p data-start=\"528\" data-end=\"597\"><strong data-start=\"528\" data-end=\"595\">8. Dr Blue &amp; Cherry Berry &amp; Truskawka Arbuz i Brzoskwinia Berry<\/strong><\/p>\n<p data-start=\"599\" data-end=\"670\"><strong data-start=\"599\" data-end=\"668\">9. L\u00f3d brzoskwiniowy i mieszane jagody, melon, marakuja i potr\u00f3jne mango<\/strong><\/p>\n<p data-start=\"672\" data-end=\"747\" data-is-last-node=\"\" data-is-only-node=\"\"><strong data-start=\"672\" data-end=\"747\" data-is-last-node=\"\">10. Lody z mango i gazowana cola wi\u015bniowa, truskawkowa, malinowa i mieszane jagody<img loading=\"lazy\" decoding=\"async\" class=\"alignnone wp-image-10133 size-full\" src=\"https:\/\/pgvape.com\/wp-content\/uploads\/2026\/04\/AIRMEZ-FOX-160K-8-In-1-Smart-Disposable-Vape-With-160000-Puffs-60ml-Quad-Tanks-And-Mesh-Coil-pgvape-2.png\" alt=\"Dwa rz\u0119dy kolorowych butelek do waporyzacji Airmez 8 w 1, ka\u017cda z inn\u0105 ilustracj\u0105 zwierz\u0119cia na etykiecie i pasuj\u0105c\u0105 pastelow\u0105 zakr\u0119tk\u0105.\" width=\"1500\" height=\"926\" srcset=\"https:\/\/pgvape.com\/wp-content\/uploads\/2026\/04\/AIRMEZ-FOX-160K-8-In-1-Smart-Disposable-Vape-With-160000-Puffs-60ml-Quad-Tanks-And-Mesh-Coil-pgvape-2.png 1500w, https:\/\/pgvape.com\/wp-content\/uploads\/2026\/04\/AIRMEZ-FOX-160K-8-In-1-Smart-Disposable-Vape-With-160000-Puffs-60ml-Quad-Tanks-And-Mesh-Coil-pgvape-2-555x343.png 555w, https:\/\/pgvape.com\/wp-content\/uploads\/2026\/04\/AIRMEZ-FOX-160K-8-In-1-Smart-Disposable-Vape-With-160000-Puffs-60ml-Quad-Tanks-And-Mesh-Coil-pgvape-2-595x367.png 595w, https:\/\/pgvape.com\/wp-content\/uploads\/2026\/04\/AIRMEZ-FOX-160K-8-In-1-Smart-Disposable-Vape-With-160000-Puffs-60ml-Quad-Tanks-And-Mesh-Coil-pgvape-2-400x247.png 400w, https:\/\/pgvape.com\/wp-content\/uploads\/2026\/04\/AIRMEZ-FOX-160K-8-In-1-Smart-Disposable-Vape-With-160000-Puffs-60ml-Quad-Tanks-And-Mesh-Coil-pgvape-2-768x474.png 768w, https:\/\/pgvape.com\/wp-content\/uploads\/2026\/04\/AIRMEZ-FOX-160K-8-In-1-Smart-Disposable-Vape-With-160000-Puffs-60ml-Quad-Tanks-And-Mesh-Coil-pgvape-2-18x12.png 18w, https:\/\/pgvape.com\/wp-content\/uploads\/2026\/04\/AIRMEZ-FOX-160K-8-In-1-Smart-Disposable-Vape-With-160000-Puffs-60ml-Quad-Tanks-And-Mesh-Coil-pgvape-2-600x370.png 600w\" sizes=\"auto, (max-width: 1500px) 100vw, 1500px\" \/><\/strong><\/p>\n<p>&nbsp;<\/p>\n<h2 data-start=\"0\" data-end=\"88\"><strong data-start=\"3\" data-end=\"88\">Airmez FOX 8 w 1 160 tys. Puff\u00f3w Jednorazowe wideo Vape<\/strong><\/h2>\n<p><iframe loading=\"lazy\" title=\"AIRMEZ FOX 160K Inteligentny jednorazowy waporyzator 8 w 1 z 160 000 zaci\u0105gni\u0119\u0107, poczw\u00f3rnymi zbiornikami 60 ml i cewk\u0105 siatkow\u0105\" width=\"1020\" height=\"574\" src=\"https:\/\/www.youtube.com\/embed\/8v9vW-z5h6Y?feature=oembed\" frameborder=\"0\" allow=\"accelerometer; autoplay; clipboard-write; encrypted-media; gyroscope; picture-in-picture; web-share\" referrerpolicy=\"strict-origin-when-cross-origin\" allowfullscreen><\/iframe><\/p>\n<p>&nbsp;<\/p>\n<h2 data-start=\"0\" data-end=\"88\"><strong data-start=\"3\" data-end=\"88\">Cz\u0119sto zadawane pytania Airmez FOX 8 w 1 160K Puffs Jednorazowy Vape<\/strong><\/h2>\n<p data-start=\"63\" data-end=\"216\"><strong data-start=\"63\" data-end=\"119\">\u2753 Ile zaci\u0105gni\u0119\u0107 zapewnia Airmez Fox 8 w 1?<\/strong><br data-start=\"119\" data-end=\"122\" \/>\u2705Urz\u0105dzenie dostarcza do <strong data-start=\"150\" data-end=\"167\">160 000 zaci\u0105gni\u0119\u0107<\/strong>, oferuj\u0105cy wyj\u0105tkowo d\u0142ugotrwa\u0142\u0105 wydajno\u015b\u0107 waporyzacji.<\/p>\n<p data-start=\"218\" data-end=\"387\"><strong data-start=\"218\" data-end=\"254\">\u2753 Jaka jest pojemno\u015b\u0107 e-liquidu?<\/strong><br data-start=\"254\" data-end=\"257\" \/>\u2705 Zawiera w sumie <strong data-start=\"282\" data-end=\"299\">60ml e-p\u0142ynu<\/strong>, podzielony na <strong data-start=\"314\" data-end=\"342\">4 niezale\u017cne zbiorniki o pojemno\u015bci 15 mL<\/strong> dla lepszej \u015bwie\u017co\u015bci i konsystencji smaku.<\/p>\n<p data-start=\"389\" data-end=\"526\"><strong data-start=\"389\" data-end=\"425\">\u2753 Z jakiego rodzaju cewki korzysta?<\/strong><br data-start=\"425\" data-end=\"428\" \/>\u2705 Urz\u0105dzenie wykorzystuje <strong data-start=\"449\" data-end=\"471\">zaawansowana cewka siatkowa<\/strong>, zapewniaj\u0105c r\u00f3wnomierne ogrzewanie, g\u0119st\u0105 par\u0119 i bogaty smak.<\/p>\n<p data-start=\"528\" data-end=\"647\"><strong data-start=\"528\" data-end=\"562\">\u2753 Czy akumulator mo\u017cna \u0142adowa\u0107?<\/strong><br data-start=\"562\" data-end=\"565\" \/>\u2705Tak, jest wyposa\u017cony w <strong data-start=\"588\" data-end=\"619\">Akumulator o pojemno\u015bci 650 mAh<\/strong> for reliable long-term use.<\/p>\n<p data-start=\"649\" data-end=\"770\"><strong data-start=\"649\" data-end=\"692\">\u2753Jak\u0105 metod\u0119 \u0142adowania obs\u0142uguje?<\/strong><br data-start=\"692\" data-end=\"695\" \/>\u2705Wspomaga <strong data-start=\"709\" data-end=\"733\">Szybkie \u0142adowanie typu C<\/strong> do szybkiego i wygodnego \u0142adowania.<\/p>\n<p data-start=\"772\" data-end=\"1011\" data-is-last-node=\"\" data-is-only-node=\"\"><strong data-start=\"772\" data-end=\"811\">\u2753 Dlaczego warto wybra\u0107 Airmez Fox 8 w 1?<\/strong><br data-start=\"811\" data-end=\"814\" \/>\u2705 \u0141\u0105czy <strong data-start=\"828\" data-end=\"922\">Zaci\u0105gni\u0119cia 160 tys., technologia zbiornik\u00f3w segmentowych, wydajno\u015b\u0107 cewki siatkowej i wygoda \u0142adowania<\/strong>, making it an excellent choice for users who want durability and premium flavor quality.<\/p>\n<p>&nbsp;<\/p>\n<h3 id=\"brxe-najhln\" class=\"brxe-heading\">Cz\u0119sto zadawane pytania (FAQ)<\/h3>\n<div id=\"brxe-rajiac\" class=\"brxe-text\">\n<p><strong>P: Jakie metody p\u0142atno\u015bci akceptujecie?<\/strong><br \/>\nOdp.: Akceptujemy PayPal, Stripe, przelewy bankowe (obs\u0142ugiwane SEPA), g\u0142\u00f3wne karty kredytowe (Visa, MasterCard, American Express) i p\u0142atno\u015bci w kryptowalutach.<\/p>\n<p><strong>P: Jak d\u0142ugo trwa przygotowanie zam\u00f3wienia?<\/strong><br \/>\nOdp.: Przygotowanie zam\u00f3wienia zajmuje 1-3 dni robocze.<\/p>\n<p><strong>P: Jaki jest czas wysy\u0142ki?<\/strong><br \/>\nOdp.: Czas wysy\u0142ki wynosi 7-14 dni roboczych, w zale\u017cno\u015bci od Twojej lokalizacji. Dostawa towar\u00f3w z europejskich magazyn\u00f3w trwa zazwyczaj 3-6 dni roboczych.<\/p>\n<p><strong>P: Jak mog\u0119 \u015bledzi\u0107 moje zam\u00f3wienie?<\/strong><br \/>\nOdp.: Po wysy\u0142ce otrzymasz wiadomo\u015b\u0107 e-mail z potwierdzeniem i numerem przesy\u0142ki umo\u017cliwiaj\u0105cym \u015bledzenie w czasie rzeczywistym.<\/p>\n<p><strong>P: Jaka jest Twoja polityka zwrot\u00f3w?<\/strong><br \/>\nOdp.: Oferujemy 30-dniow\u0105 polityk\u0119 zwrot\u00f3w lub wymiany. .<\/p>\n<p><strong>P: Czy wyst\u0105pi\u0105 jakie\u015b problemy celne?<br \/>\n<\/strong>Obs\u0142ugujemy wszystkie procedury odprawy celnej, aby zapewni\u0107 Ci bezproblemow\u0105 obs\u0142ug\u0119. .<\/p>\n<p><strong>P: Jakie metody wysy\u0142ki s\u0105 stosowane?<\/strong><br \/>\nWsp\u00f3\u0142pracujemy z firmami UPS\/DHL\/FEDEX\/DPD itp. W zale\u017cno\u015bci od kraju dostawy wybierzemy odpowiedni\u0105 opcj\u0119 wysy\u0142ki, tak aby produkty dotar\u0142y do \u200b\u200bPa\u0144stwa najszybciej jak to mo\u017cliwe.<\/p>\n<p><a href=\"https:\/\/pgvape.com\/pl\/czesto-zadawane-pytania\/\">Kliknij tutaj, aby uzyska\u0107 wi\u0119cej cz\u0119sto zadawanych pyta\u0144<\/a><\/p>\n<p>Szanowni klienci, je\u015bli masz jakiekolwiek pytania dotycz\u0105ce zam\u00f3wienia lub przybycia towaru, skontaktuj si\u0119 z naszym dzia\u0142em obs\u0142ugi klienta. Dzi\u0119kuj\u0119!<\/p>\n<h3 data-sourcepos=\"73:1-73:21\"><strong data-sourcepos=\"73:7-73:21\">Skontaktuj si\u0119 z nami<\/strong><\/h3>\n<div id=\"text-2419739398\" class=\"text\">\n<p><strong data-sourcepos=\"75:3-75:12\">E-mail<\/strong>:\u00a0<a href=\"mailto:support@pgvape.com\"><strong>support@pgvape.com<\/strong><\/a><\/p>\n<p><strong data-sourcepos=\"76:3-76:15\">WhatsApp<\/strong>:\u00a0<a href=\"https:\/\/wa.me\/+8618128481258\"><strong>+86 18128481258<\/strong><\/a><br \/>\n<strong>(Odpowied\u017a w ci\u0105gu 24 godzin w dni robocze)<\/strong><\/p>\n<\/div>\n<h3><strong>Dzi\u0119kujemy za wybranie pgvape.com! .<\/strong><\/h3>\n<\/div>","protected":false},"excerpt":{"rendered":"<p data-start=\"0\" data-end=\"42\"><strong data-start=\"0\" data-end=\"42\">Jednorazowy waporyzator AIRMEZ FOX 8 w 1 160 tys <\/strong>Do 160 000 zaci\u0105gni\u0119\u0107 dzi\u0119ki zaawansowanej konstrukcji 8 w 1 zaprojektowanej z my\u015bl\u0105 o d\u0142ugotrwa\u0142ej wydajno\u015bci. Zawiera 4 niezale\u017cne zbiorniki o pojemno\u015bci 15 ml (\u0142\u0105cznie 60 ml) zapewniaj\u0105ce zachowanie \u015bwie\u017co\u015bci smaku, zaawansowan\u0105 cewk\u0119 siatkow\u0105 zapewniaj\u0105c\u0105 g\u0142adk\u0105, g\u0119st\u0105 par\u0119 oraz akumulator 650 mAh z szybkim \u0142adowaniem typu C zapewniaj\u0105cy niezawodne u\u017cytkowanie przez ca\u0142y dzie\u0144.<\/p>","protected":false},"featured_media":10134,"comment_status":"open","ping_status":"closed","template":"","meta":{"_seopress_robots_primary_cat":"none","_seopress_titles_title":"","_seopress_titles_desc":"","_seopress_robots_index":""},"product_brand":[154,516],"product_cat":[595,155,515],"product_tag":[597,649,647,646,90,631,650,648],"class_list":{"0":"post-10129","1":"product","2":"type-product","3":"status-publish","4":"has-post-thumbnail","6":"product_brand-airmez-fox-vape","7":"product_brand-disposable-vape","8":"product_cat-160k-puffs-vape","9":"product_cat-airmez-fox-vape","10":"product_cat-disposable-vape","11":"product_tag-160k-puffs-vape","12":"product_tag-60ml","13":"product_tag-8-in-1","14":"product_tag-airmez-fox-160k","15":"product_tag-disposable-vape","16":"product_tag-mesh-coil","17":"product_tag-quad-tanks","18":"product_tag-smart","20":"first","21":"instock","22":"sale","23":"shipping-taxable","24":"purchasable","25":"product-type-variable"},"_links":{"self":[{"href":"https:\/\/pgvape.com\/pl\/wp-json\/wp\/v2\/product\/10129","targetHints":{"allow":["GET"]}}],"collection":[{"href":"https:\/\/pgvape.com\/pl\/wp-json\/wp\/v2\/product"}],"about":[{"href":"https:\/\/pgvape.com\/pl\/wp-json\/wp\/v2\/types\/product"}],"replies":[{"embeddable":true,"href":"https:\/\/pgvape.com\/pl\/wp-json\/wp\/v2\/comments?post=10129"}],"wp:featuredmedia":[{"embeddable":true,"href":"https:\/\/pgvape.com\/pl\/wp-json\/wp\/v2\/media\/10134"}],"wp:attachment":[{"href":"https:\/\/pgvape.com\/pl\/wp-json\/wp\/v2\/media?parent=10129"}],"wp:term":[{"taxonomy":"product_brand","embeddable":true,"href":"https:\/\/pgvape.com\/pl\/wp-json\/wp\/v2\/product_brand?post=10129"},{"taxonomy":"product_cat","embeddable":true,"href":"https:\/\/pgvape.com\/pl\/wp-json\/wp\/v2\/product_cat?post=10129"},{"taxonomy":"product_tag","embeddable":true,"href":"https:\/\/pgvape.com\/pl\/wp-json\/wp\/v2\/product_tag?post=10129"}],"curies":[{"name":"wp","href":"https:\/\/api.w.org\/{rel}","templated":true}]}}