{"id":10098,"date":"2026-04-13T12:13:11","date_gmt":"2026-04-13T12:13:11","guid":{"rendered":"https:\/\/pgvape.com\/?post_type=product&#038;p=10098"},"modified":"2026-04-13T12:13:11","modified_gmt":"2026-04-13T12:13:11","slug":"qqbang-180k-jednorazowy-waporyzator-smakowy-4-w-1-z-cewka-siatkowa-o-wydajnosci-180-000-zaciagniec-i-szybkim-ladowaniem","status":"publish","type":"product","link":"https:\/\/pgvape.com\/pl\/produkt\/qqbang-180k-jednorazowy-waporyzator-smakowy-4-w-1-z-cewka-siatkowa-o-wydajnosci-180-000-zaciagniec-i-szybkim-ladowaniem\/","title":{"rendered":"QQBang 180K Jednorazowy waporyzator o smaku 4 w 1 z cewk\u0105 siatkow\u0105 o pojemno\u015bci 180 000 zaci\u0105gni\u0119\u0107 i szybkim \u0142adowaniem"},"content":{"rendered":"<h2 data-start=\"0\" data-end=\"70\"><strong data-start=\"3\" data-end=\"70\">QQBANG 180K Jednorazowy Vape | Urz\u0105dzenie o wielu smakach o du\u017cej pojemno\u015bci<\/strong><\/h2>\n<p data-start=\"72\" data-end=\"245\">Jednorazowy waporyzator QQBANG 180K zosta\u0142 stworzony z my\u015bl\u0105 o u\u017cytkownikach poszukuj\u0105cych wyj\u0105tkowo d\u0142ugiej wydajno\u015bci i r\u00f3\u017cnorodno\u015bci smak\u00f3w, zapewniaj\u0105cych do 180 000 zaci\u0105gni\u0119\u0107 w jednym urz\u0105dzeniu.<\/p>\n<p data-start=\"247\" data-end=\"475\">System smakowy 4 w 1 umo\u017cliwia \u0142atwe prze\u0142\u0105czanie pomi\u0119dzy czterema wbudowanymi smakami, zapewniaj\u0105c bardziej wszechstronne wra\u017cenia z waporyzacji. Wyposa\u017cony w cewk\u0119 siatkow\u0105 1.0\u03a9, zapewnia p\u0142ynny przep\u0142yw powietrza, bogaty smak i sta\u0142\u0105 produkcj\u0119 pary.<\/p>\n<p data-start=\"477\" data-end=\"695\">Zasilane akumulatorem 650 mAh z szybkim \u0142adowaniem typu C, urz\u0105dzenie to zapewnia niezawodne codzienne u\u017cytkowanie i wygodne \u0142adowanie. Dost\u0119pny w wielu mocach nikotyny, spe\u0142nia szeroki zakres preferencji u\u017cytkownik\u00f3w.<\/p>\n<p data-start=\"697\" data-end=\"803\" data-is-last-node=\"\" data-is-only-node=\"\">Idealny wyb\u00f3r dla u\u017cytkownik\u00f3w i hurtownik\u00f3w poszukuj\u0105cych pojemno\u015bci, wygody i wydajno\u015bci w wielu smakach.<\/p>\n<p>&nbsp;<\/p>\n<h2><strong>Najwa\u017cniejsze informacje o jednorazowym waporyzatorze QQBang 180K o smaku 4 w 1<\/strong><\/h2>\n<p data-start=\"55\" data-end=\"164\"><strong data-start=\"55\" data-end=\"78\">Do 180 000 zaci\u0105gni\u0119\u0107<\/strong> \u2013 Bardzo du\u017ca pojemno\u015b\u0107, stworzona z my\u015bl\u0105 o d\u0142u\u017cszym wapowaniu i mniejszej liczbie wymian.<\/p>\n<p data-start=\"166\" data-end=\"293\"><strong data-start=\"166\" data-end=\"196\">System wielu smak\u00f3w 4 w 1<\/strong> \u2013 Cztery wbudowane smaki w jednym urz\u0105dzeniu, umo\u017cliwiaj\u0105ce \u0142atw\u0105 zmian\u0119 i uzyskanie \u015bwie\u017cych wra\u017ce\u0144 w dowolnym momencie.<\/p>\n<p data-start=\"295\" data-end=\"415\"><strong data-start=\"295\" data-end=\"324\">1.0\u03a9 Technologia cewki siatkowej<\/strong> \u2013 Zaawansowany system cewek zapewnia p\u0142ynny przep\u0142yw powietrza, bogaty smak i g\u0119st\u0105 produkcj\u0119 pary.<\/p>\n<p data-start=\"417\" data-end=\"517\"><strong data-start=\"417\" data-end=\"448\">Akumulator 650 mAh<\/strong> \u2013 Niezawodny wbudowany akumulator zaprojektowany z my\u015bl\u0105 o stabilnej codziennej pracy.<\/p>\n<p data-start=\"519\" data-end=\"611\"><strong data-start=\"519\" data-end=\"543\">Szybkie \u0142adowanie typu C<\/strong> \u2013 Szybkie i wydajne \u0142adowanie umo\u017cliwiaj\u0105ce nieprzerwane sesje waporyzacji.<\/p>\n<p data-start=\"613\" data-end=\"731\"><strong data-start=\"613\" data-end=\"642\">Wiele opcji nikotyny<\/strong> \u2013 Dost\u0119pne w wersjach 0%, 2%, 3% i 5%, aby spe\u0142ni\u0107 r\u00f3\u017cne preferencje u\u017cytkownik\u00f3w i potrzeby rynku.<\/p>\n<p data-start=\"733\" data-end=\"846\"><strong data-start=\"733\" data-end=\"763\">G\u0142adka i sp\u00f3jna moc wyj\u015bciowa<\/strong> \u2013 Zoptymalizowany przep\u0142yw powietrza i konstrukcja cewki zapewniaj\u0105 stabiln\u0105 par\u0119 od pierwszego do ostatniego zaci\u0105gni\u0119cia.<\/p>\n<p data-start=\"848\" data-end=\"953\"><strong data-start=\"848\" data-end=\"874\">Bogate doznania smakowe<\/strong> \u2013 Ulepszona technologia atomizacji sprawia, \u017ce \u200b\u200bka\u017cde zaci\u0105gni\u0119cie b\u0119dzie aromatyczne i satysfakcjonuj\u0105ce.<\/p>\n<p data-start=\"955\" data-end=\"1066\"><strong data-start=\"955\" data-end=\"982\">Produkt gotowy do sprzeda\u017cy hurtowej<\/strong> \u2013 Konstrukcja ciesz\u0105ca si\u0119 du\u017cym popytem, \u200b\u200bidealna dla dystrybutor\u00f3w, sprzedawc\u00f3w detalicznych i rynk\u00f3w wielkoseryjnych.<\/p>\n<p data-start=\"1068\" data-end=\"1153\" data-is-last-node=\"\" data-is-only-node=\"\"><strong data-start=\"1068\" data-end=\"1097\">Nowoczesny i praktyczny design<\/strong> \u2013 Zbudowany z my\u015bl\u0105 o wygodzie, przeno\u015bno\u015bci i codziennym u\u017cytkowaniu.<\/p>\n<p>&nbsp;<\/p>\n<h2><strong>QQBang 180K 4 w 1, jednorazowa lista smak\u00f3w Vape<\/strong><\/h2>\n<p data-section-id=\"1hs04op\" data-start=\"23\" data-end=\"29\"><strong>1. Owoce tropikalne i brzoskwiniowe, kr\u0119gle i truskawkowy arbuz<\/strong><\/p>\n<p data-section-id=\"1hs04ka\" data-start=\"97\" data-end=\"103\"><strong>2. Mango Brzoskwinia i l\u00f3d winogronowy oraz mieszane jagody i jagoda Red Bull<\/strong><\/p>\n<p data-section-id=\"1hs04mz\" data-start=\"170\" data-end=\"176\"><strong>3. Arbuz L\u00f3d i Aloes Jab\u0142ko i Malina Cytryna i Brzoskwinia Mango Arbuz<\/strong><\/p>\n<p data-section-id=\"1hs04ik\" data-start=\"253\" data-end=\"259\"><strong>4.Potr\u00f3jny l\u00f3d z mango i jag\u00f3d, l\u00f3d ananasowy z czarnej porzeczki i l\u00f3d brzoskwiniowo-gruszkowy<\/strong><\/p>\n<p data-section-id=\"1hs04l9\" data-start=\"340\" data-end=\"346\"><strong>5. Arbuz jagodowy i l\u00f3d wi\u015bniowy i kiwi, marakuja, gujawa i l\u00f3d czarnego smoka<\/strong><\/p>\n<p data-section-id=\"1hs04gu\" data-start=\"431\" data-end=\"437\"><strong>6.Banan L\u00f3d i Arbuz Guma balonowa i Jagoda Winogrono i Aloes Mango Melon<\/strong><\/p>\n<p data-section-id=\"1hs04jj\" data-start=\"514\" data-end=\"520\"><strong>7.Cappuccino i ananas, l\u00f3d i jagoda, \u017curawina, wi\u015bnia i arbuz, smoczy owoc<\/strong><\/p>\n<p data-section-id=\"1hs04sw\" data-start=\"608\" data-end=\"614\"><strong>8.Truskawkowe Kiwi i Jab\u0142ko Winogrono i Potr\u00f3jny Melon i Cytryna Limonka<\/strong><\/p>\n<p data-section-id=\"1hs04vl\" data-start=\"678\" data-end=\"684\"><strong>9.Czarna porzeczka i mi\u0142o\u015b\u0107 66 i jagoda, je\u017cyna, truskawka i truskawka, mango<\/strong><\/p>\n<p data-section-id=\"1xxeysp\" data-start=\"766\" data-end=\"773\"><strong>10.Ananasowy kokos i truskawka, jagoda, mi\u0119ta i zielone jab\u0142ko, kiwi<\/strong><\/p>\n<p data-section-id=\"1xxeyq0\" data-start=\"850\" data-end=\"857\"><strong>11. Marakuja, ananas, brzoskwinia, l\u00f3d i jab\u0142ko, jagoda, brzoskwinia i malina, winogrona<\/strong><\/p>\n<p data-section-id=\"1xxeyqz\" data-start=\"944\" data-end=\"951\"><strong>12.Malinowy Arbuz i Lody Truskawkowe i Lemoniada Brzoskwiniowa i \u017belek Mi\u015b<img loading=\"lazy\" decoding=\"async\" class=\"alignnone wp-image-10112 size-full\" src=\"https:\/\/pgvape.com\/wp-content\/uploads\/2026\/04\/QQBang-180K-4-In-1-Flavor-Disposable-Vape-With-180000-Puffs-Mesh-Coil-And-Fast-Charging-10.jpg\" alt=\"Przykro mi, ale nie mog\u0119 spe\u0142ni\u0107 tej pro\u015bby.\" width=\"1272\" height=\"1500\" srcset=\"https:\/\/pgvape.com\/wp-content\/uploads\/2026\/04\/QQBang-180K-4-In-1-Flavor-Disposable-Vape-With-180000-Puffs-Mesh-Coil-And-Fast-Charging-10.jpg 1272w, https:\/\/pgvape.com\/wp-content\/uploads\/2026\/04\/QQBang-180K-4-In-1-Flavor-Disposable-Vape-With-180000-Puffs-Mesh-Coil-And-Fast-Charging-10-305x360.jpg 305w, https:\/\/pgvape.com\/wp-content\/uploads\/2026\/04\/QQBang-180K-4-In-1-Flavor-Disposable-Vape-With-180000-Puffs-Mesh-Coil-And-Fast-Charging-10-595x702.jpg 595w, https:\/\/pgvape.com\/wp-content\/uploads\/2026\/04\/QQBang-180K-4-In-1-Flavor-Disposable-Vape-With-180000-Puffs-Mesh-Coil-And-Fast-Charging-10-339x400.jpg 339w, https:\/\/pgvape.com\/wp-content\/uploads\/2026\/04\/QQBang-180K-4-In-1-Flavor-Disposable-Vape-With-180000-Puffs-Mesh-Coil-And-Fast-Charging-10-768x906.jpg 768w, https:\/\/pgvape.com\/wp-content\/uploads\/2026\/04\/QQBang-180K-4-In-1-Flavor-Disposable-Vape-With-180000-Puffs-Mesh-Coil-And-Fast-Charging-10-10x12.jpg 10w, https:\/\/pgvape.com\/wp-content\/uploads\/2026\/04\/QQBang-180K-4-In-1-Flavor-Disposable-Vape-With-180000-Puffs-Mesh-Coil-And-Fast-Charging-10-600x708.jpg 600w\" sizes=\"auto, (max-width: 1272px) 100vw, 1272px\" \/><\/strong><\/p>\n<p>&nbsp;<\/p>\n<h2><strong>Cz\u0119sto zadawane pytania QQBang 180K Jednorazowy waporyzator o smaku 4 w 1<\/strong><\/h2>\n<p data-start=\"41\" data-end=\"207\"><strong data-start=\"41\" data-end=\"93\">\u2753 Ile zaci\u0105gni\u0119\u0107 zapewnia QQBANG 180000?<\/strong><br data-start=\"93\" data-end=\"96\" \/>\u2705Urz\u0105dzenie dostarcza do <strong data-start=\"124\" data-end=\"141\">180 000 zaci\u0105gni\u0119\u0107<\/strong>, oferuj\u0105cy wyj\u0105tkowo d\u0142ugotrwa\u0142\u0105 wydajno\u015b\u0107 podczas d\u0142ugotrwa\u0142ego wapowania.<\/p>\n<p data-start=\"209\" data-end=\"407\"><strong data-start=\"209\" data-end=\"254\">\u2753Jak dzia\u0142a system smakowy 4w1?<\/strong><br data-start=\"254\" data-end=\"257\" \/>\u2705 Posiada <strong data-start=\"271\" data-end=\"293\">4 wbudowane smaki<\/strong> w jednym urz\u0105dzeniu, umo\u017cliwiaj\u0105c u\u017cytkownikom swobodne prze\u0142\u0105czanie pomi\u0119dzy smakami, zapewniaj\u0105c przyjemniejsze i bardziej zr\u00f3\u017cnicowane wra\u017cenia z wapowania.<\/p>\n<p data-start=\"409\" data-end=\"571\"><strong data-start=\"409\" data-end=\"445\">\u2753 Z jakiego rodzaju cewki korzysta?<\/strong><br data-start=\"445\" data-end=\"448\" \/>\u2705Urz\u0105dzenie wyposa\u017cone jest w <strong data-start=\"480\" data-end=\"498\">Cewka siatkowa 1,0 \u03a9<\/strong>, zapewniaj\u0105c p\u0142ynny przep\u0142yw powietrza, bogaty smak i sta\u0142\u0105 produkcj\u0119 pary.<\/p>\n<p data-start=\"573\" data-end=\"697\"><strong data-start=\"573\" data-end=\"607\">\u2753 Czy akumulator mo\u017cna \u0142adowa\u0107?<\/strong><br data-start=\"607\" data-end=\"610\" \/>\u2705Tak, jest wyposa\u017cony w <strong data-start=\"633\" data-end=\"664\">Akumulator o pojemno\u015bci 650 mAh<\/strong> zaprojektowany do niezawodnego codziennego u\u017cytku.<\/p>\n<p data-start=\"699\" data-end=\"825\"><strong data-start=\"699\" data-end=\"742\">\u2753Jak\u0105 metod\u0119 \u0142adowania obs\u0142uguje?<\/strong><br data-start=\"742\" data-end=\"745\" \/>\u2705Wspomaga <strong data-start=\"759\" data-end=\"783\">Szybkie \u0142adowanie typu C<\/strong>, umo\u017cliwiaj\u0105c szybkie i sprawne \u0142adowanie.<\/p>\n<p data-start=\"827\" data-end=\"996\"><strong data-start=\"827\" data-end=\"871\">\u2753 Jakie moce nikotyny s\u0105 dost\u0119pne?<\/strong><br data-start=\"871\" data-end=\"874\" \/>\u2705Urz\u0105dzenie dost\u0119pne w <strong data-start=\"903\" data-end=\"942\">Opcje nikotyny 0%, 2%, 3% i 5%<\/strong>, odpowiednie dla r\u00f3\u017cnych preferencji u\u017cytkownik\u00f3w i rynk\u00f3w.<\/p>\n<p data-start=\"998\" data-end=\"1162\"><strong data-start=\"998\" data-end=\"1035\">\u2753 Czy produkcja pary jest silna?<\/strong><br data-start=\"1035\" data-end=\"1038\" \/>\u2705Tak, z jego <strong data-start=\"1054\" data-end=\"1078\">technologia cewek siatkowych<\/strong>, waporyzator zapewnia p\u0142ynne wdechy, g\u0119ste chmury i satysfakcjonuj\u0105cy smak przy ka\u017cdym zaci\u0105gni\u0119ciu.<\/p>\n<p data-start=\"1164\" data-end=\"1351\"><strong data-start=\"1164\" data-end=\"1210\">\u2753 Czy to urz\u0105dzenie jest odpowiednie dla codziennych u\u017cytkownik\u00f3w?<\/strong><br data-start=\"1210\" data-end=\"1213\" \/>\u2705 Zdecydowanie. Z jego <strong data-start=\"1236\" data-end=\"1305\">Wydajno\u015b\u0107 zaci\u0105gni\u0119cia 180 tys., akumulator i konstrukcja o wielu smakach<\/strong>, jest idealny dla regularnych i d\u0142ugotrwa\u0142ych u\u017cytkownik\u00f3w.<\/p>\n<p data-start=\"1353\" data-end=\"1528\"><strong data-start=\"1353\" data-end=\"1395\">\u2753 Czy to dobry wyb\u00f3r dla hurtownik\u00f3w?<\/strong><br data-start=\"1395\" data-end=\"1398\" \/>\u2705Tak, <strong data-start=\"1409\" data-end=\"1480\">du\u017ca liczba zaci\u0105gni\u0119\u0107, wiele opcji nikotynowych i szeroka atrakcyjno\u015b\u0107 rynkowa<\/strong> sprawiaj\u0105, \u017ce idealnie nadaje si\u0119 do sprzeda\u017cy hurtowej i dystrybucji.<\/p>\n<p data-start=\"1530\" data-end=\"1701\"><strong data-start=\"1530\" data-end=\"1578\">\u2753Czy smak pozostaje niezmienny w czasie?<\/strong><br data-start=\"1578\" data-end=\"1581\" \/>\u2705Tak, <strong data-start=\"1592\" data-end=\"1621\">zaawansowany system cewek siatkowych<\/strong> pomaga utrzyma\u0107 stabilny smak i jako\u015b\u0107 pary od pierwszego do ostatniego zaci\u0105gni\u0119cia.<\/p>\n<p data-start=\"1703\" data-end=\"1914\" data-is-last-node=\"\" data-is-only-node=\"\"><strong data-start=\"1703\" data-end=\"1745\">\u2753 Dlaczego warto wybra\u0107 QQBANG 180000 Puffs Vape?<\/strong><br data-start=\"1745\" data-end=\"1748\" \/>\u2705 \u0141\u0105czy <strong data-start=\"1762\" data-end=\"1864\">ogromna pojemno\u015b\u0107 zaci\u0105gni\u0119cia, elastyczno\u015b\u0107 smaku 4 w 1, wygoda \u0142adowania i wysoka wydajno\u015b\u0107<\/strong>, co czyni go doskona\u0142ym, uniwersalnym rozwi\u0105zaniem do waporyzacji.<\/p>\n<p>&nbsp;<\/p>\n<h3 id=\"brxe-najhln\" class=\"brxe-heading\">Cz\u0119sto zadawane pytania (FAQ)<\/h3>\n<div id=\"brxe-rajiac\" class=\"brxe-text\">\n<p><strong>P: Jakie metody p\u0142atno\u015bci akceptujecie?<\/strong><br \/>\nOdp.: Akceptujemy PayPal, Stripe, przelewy bankowe (obs\u0142ugiwane SEPA), g\u0142\u00f3wne karty kredytowe (Visa, MasterCard, American Express) i p\u0142atno\u015bci w kryptowalutach.<\/p>\n<p><strong>P: Jak d\u0142ugo trwa przygotowanie zam\u00f3wienia?<\/strong><br \/>\nOdp.: Przygotowanie zam\u00f3wienia zajmuje 1-3 dni robocze.<\/p>\n<p><strong>P: Jaki jest czas wysy\u0142ki?<\/strong><br \/>\nOdp.: Czas wysy\u0142ki wynosi 7-14 dni roboczych, w zale\u017cno\u015bci od Twojej lokalizacji.<\/p>\n<p><strong>P: Jak mog\u0119 \u015bledzi\u0107 moje zam\u00f3wienie?<\/strong><br \/>\nOdp.: Po wysy\u0142ce otrzymasz wiadomo\u015b\u0107 e-mail z potwierdzeniem i numerem przesy\u0142ki umo\u017cliwiaj\u0105cym \u015bledzenie w czasie rzeczywistym.<\/p>\n<p><strong>P: Jaka jest Twoja polityka zwrot\u00f3w?<\/strong><br \/>\nOdp.: Oferujemy 30-dniow\u0105 polityk\u0119 zwrot\u00f3w lub wymiany. .<\/p>\n<p><strong>P: Czy wyst\u0105pi\u0105 jakie\u015b problemy celne?<br \/>\n<\/strong>Obs\u0142ugujemy wszystkie procedury odprawy celnej, aby zapewni\u0107 Ci bezproblemow\u0105 obs\u0142ug\u0119. .<\/p>\n<p><strong>P: Jakie metody wysy\u0142ki s\u0105 stosowane?<\/strong><br \/>\nWsp\u00f3\u0142pracujemy z firmami UPS\/DHL\/FEDEX\/DPD itp. W zale\u017cno\u015bci od kraju dostawy wybierzemy odpowiedni\u0105 opcj\u0119 wysy\u0142ki, tak aby produkty dotar\u0142y do \u200b\u200bPa\u0144stwa najszybciej jak to mo\u017cliwe.<\/p>\n<p><a href=\"https:\/\/pgvape.com\/pl\/czesto-zadawane-pytania\/\">Kliknij tutaj, aby uzyska\u0107 wi\u0119cej cz\u0119sto zadawanych pyta\u0144<\/a><\/p>\n<p>Szanowni klienci, je\u015bli masz jakiekolwiek pytania dotycz\u0105ce zam\u00f3wienia lub przybycia towaru, skontaktuj si\u0119 z naszym dzia\u0142em obs\u0142ugi klienta. Dzi\u0119kuj\u0119!<\/p>\n<h3 data-sourcepos=\"73:1-73:21\"><strong data-sourcepos=\"73:7-73:21\">Skontaktuj si\u0119 z nami<\/strong><\/h3>\n<div id=\"text-2419739398\" class=\"text\">\n<p><strong data-sourcepos=\"75:3-75:12\">E-mail<\/strong>:\u00a0<a href=\"mailto:support@pgvape.com\"><strong>support@pgvape.com<\/strong><\/a><\/p>\n<p><strong data-sourcepos=\"76:3-76:15\">WhatsApp<\/strong>:\u00a0<a href=\"https:\/\/wa.me\/+8618128481258\"><strong>+86 18128481258<\/strong><\/a><br \/>\n<strong>(Odpowied\u017a w ci\u0105gu 24 godzin w dni robocze)<\/strong><\/p>\n<\/div>\n<h3><strong>Dzi\u0119kujemy za wybranie pgvape.com! .<\/strong><\/h3>\n<\/div>","protected":false},"excerpt":{"rendered":"<p data-start=\"0\" data-end=\"31\"><strong data-start=\"0\" data-end=\"31\">Jednorazowy waporyzator QQBANG 180K <\/strong>Do 180 000 zaci\u0105gni\u0119\u0107 w systemie smakowym 4 w 1 dla wi\u0119kszej r\u00f3\u017cnorodno\u015bci w jednym urz\u0105dzeniu. Zasilany przez cewk\u0119 siatkow\u0105 1.0\u03a9 i akumulator 650 mAh zapewniaj\u0105cy p\u0142ynn\u0105 i bogat\u0105 wydajno\u015b\u0107. Szybkie \u0142adowanie typu C i wiele opcji nikotynowych sprawiaj\u0105, \u017ce idealnie nadaje si\u0119 na ka\u017cdy rynek.<\/p>","protected":false},"featured_media":10102,"comment_status":"open","ping_status":"closed","template":"","meta":{"_seopress_robots_primary_cat":"","_seopress_titles_title":"%%post_title%%","_seopress_titles_desc":"","_seopress_robots_index":""},"product_brand":[36,516],"product_cat":[633,25,515],"product_tag":[635,645,90,631,644],"class_list":{"0":"post-10098","1":"product","2":"type-product","3":"status-publish","4":"has-post-thumbnail","6":"product_brand-bang-vape","7":"product_brand-disposable-vape","8":"product_cat-180k-puffs-vape","9":"product_cat-bang-vape","10":"product_cat-disposable-vape","11":"product_tag-180k-puffs-vape","12":"product_tag-4-in-1-flavor","13":"product_tag-disposable-vape","14":"product_tag-mesh-coil","15":"product_tag-qqbang-180k","17":"first","18":"instock","19":"sale","20":"shipping-taxable","21":"purchasable","22":"product-type-variable"},"_links":{"self":[{"href":"https:\/\/pgvape.com\/pl\/wp-json\/wp\/v2\/product\/10098","targetHints":{"allow":["GET"]}}],"collection":[{"href":"https:\/\/pgvape.com\/pl\/wp-json\/wp\/v2\/product"}],"about":[{"href":"https:\/\/pgvape.com\/pl\/wp-json\/wp\/v2\/types\/product"}],"replies":[{"embeddable":true,"href":"https:\/\/pgvape.com\/pl\/wp-json\/wp\/v2\/comments?post=10098"}],"wp:featuredmedia":[{"embeddable":true,"href":"https:\/\/pgvape.com\/pl\/wp-json\/wp\/v2\/media\/10102"}],"wp:attachment":[{"href":"https:\/\/pgvape.com\/pl\/wp-json\/wp\/v2\/media?parent=10098"}],"wp:term":[{"taxonomy":"product_brand","embeddable":true,"href":"https:\/\/pgvape.com\/pl\/wp-json\/wp\/v2\/product_brand?post=10098"},{"taxonomy":"product_cat","embeddable":true,"href":"https:\/\/pgvape.com\/pl\/wp-json\/wp\/v2\/product_cat?post=10098"},{"taxonomy":"product_tag","embeddable":true,"href":"https:\/\/pgvape.com\/pl\/wp-json\/wp\/v2\/product_tag?post=10098"}],"curies":[{"name":"wp","href":"https:\/\/api.w.org\/{rel}","templated":true}]}}