{"id":10055,"date":"2026-04-11T12:55:57","date_gmt":"2026-04-11T12:55:57","guid":{"rendered":"https:\/\/pgvape.com\/?post_type=product&#038;p=10055"},"modified":"2026-04-11T12:55:57","modified_gmt":"2026-04-11T12:55:57","slug":"al-fakher-crown-bar-60k-jednorazowy-waporyzator-premium-z-zakrzywionym-wyswietlaczem-lcd-o-wydajnosci-60000-zaciagniec-i-podwojnym-trybem-przeplywu-powietrza","status":"publish","type":"product","link":"https:\/\/pgvape.com\/pl\/produkt\/al-fakher-crown-bar-60k-jednorazowy-waporyzator-premium-z-zakrzywionym-wyswietlaczem-lcd-o-wydajnosci-60000-zaciagniec-i-podwojnym-trybem-przeplywu-powietrza\/","title":{"rendered":"AL Fakher Crown Bar 60K Premium Jednorazowy Vape z 60000 zaci\u0105gni\u0119\u0107 zakrzywionym wy\u015bwietlaczem LCD i podw\u00f3jnym trybem przep\u0142ywu powietrza"},"content":{"rendered":"<h2 data-start=\"0\" data-end=\"85\"><strong data-start=\"3\" data-end=\"85\">AL Fakher Crown Bar 60K Jednorazowy Vape | Inteligentne urz\u0105dzenie o du\u017cej pojemno\u015bci, pracuj\u0105ce w dw\u00f3ch trybach<\/strong><\/h2>\n<p data-start=\"87\" data-end=\"297\">Jednorazowy waporyzator AL Fakher Crown Bar 60K przeznaczony jest dla u\u017cytkownik\u00f3w ceni\u0105cych wydajno\u015b\u0107, wygod\u0119 i d\u0142ugotrwa\u0142e u\u017cytkowanie, zapewniaj\u0105c do 60 000 zaci\u0105gni\u0119\u0107 przy pojemno\u015bci 50 ml e-liquidu.<\/p>\n<p data-start=\"299\" data-end=\"525\">Wyposa\u017cony w zaawansowan\u0105 technologi\u0119 cewki siatkowej, zapewnia bogaty smak i g\u0142adk\u0105 par\u0119 przy ka\u017cdym zaci\u0105gni\u0119ciu. System podw\u00f3jnego trybu obs\u0142uguje style waporyzacji MTL i DTL, a regulowany przep\u0142yw powietrza pozwala na bardziej spersonalizowane wra\u017cenia.<\/p>\n<p data-start=\"527\" data-end=\"735\">Zasilane akumulatorem 1000 mAh z \u0142adowaniem typu C i wyposa\u017cone w zakrzywiony wy\u015bwietlacz LCD umo\u017cliwiaj\u0105cy wyra\u017ane monitorowanie stanu w czasie rzeczywistym, to urz\u0105dzenie oferuje nowoczesn\u0105 funkcjonalno\u015b\u0107 w eleganckiej i trwa\u0142ej obudowie.<\/p>\n<p data-start=\"737\" data-end=\"827\" data-is-last-node=\"\" data-is-only-node=\"\">Idealny wyb\u00f3r dla u\u017cytkownik\u00f3w poszukuj\u0105cych wszechstronno\u015bci, niezawodno\u015bci i najwy\u017cszej jako\u015bci codziennej wydajno\u015bci.<\/p>\n<p>&nbsp;<\/p>\n<h3 id=\"brxe-najhln\" class=\"brxe-heading\"><\/h3>\n<p data-start=\"737\" data-end=\"827\" data-is-last-node=\"\" data-is-only-node=\"\">\n<h2 data-section-id=\"1mrb6kp\" data-start=\"0\" data-end=\"60\"><span role=\"text\"><strong data-start=\"6\" data-end=\"60\">AL Fakher Crown Bar Dual Mode 60000 Puffs Jednorazowy Vape Najwa\u017cniejsze cechy produktu<\/strong><\/span><\/h2>\n<p data-start=\"62\" data-end=\"177\"><strong data-start=\"62\" data-end=\"84\">Do 60 000 zaci\u0105gni\u0119\u0107<\/strong> \u2013 Wysoka wydajno\u015b\u0107 zaprojektowana z my\u015bl\u0105 o d\u0142ugotrwa\u0142ym waporyzacji bez cz\u0119stej wymiany.<\/p>\n<p data-start=\"179\" data-end=\"294\"><strong data-start=\"179\" data-end=\"211\">Du\u017ca pojemno\u015b\u0107 e-liquidu o pojemno\u015bci 50 ml<\/strong> \u2013 Wyd\u0142u\u017cone u\u017cytkowanie ze sta\u0142ym dostarczaniem smaku przez ca\u0142y okres u\u017cytkowania urz\u0105dzenia.<\/p>\n<p data-start=\"296\" data-end=\"399\"><strong data-start=\"296\" data-end=\"322\">Si\u0142a nikotyny 0,6%<\/strong> \u2013 P\u0142ynny i zr\u00f3wnowa\u017cony poziom nikotyny zapewniaj\u0105cy satysfakcjonuj\u0105ce codzienne do\u015bwiadczenia.<\/p>\n<p data-start=\"401\" data-end=\"516\"><strong data-start=\"401\" data-end=\"425\">Technologia cewki siatkowej<\/strong> \u2013 R\u00f3wnomierny system ogrzewania zapewnia bogatszy smak, g\u0142adsze zaci\u0105ganie i g\u0119stsz\u0105 produkcj\u0119 pary.<\/p>\n<p data-start=\"518\" data-end=\"647\"><strong data-start=\"518\" data-end=\"550\">System dwumodowy (DTL i MTL)<\/strong> \u2013 Prze\u0142\u0105czaj pomi\u0119dzy chmurami pobieranymi bezpo\u015brednio do p\u0142uc lub wci\u0105gami z ust do p\u0142uc, aby uzyska\u0107 spersonalizowany styl wapowania.<\/p>\n<p data-start=\"649\" data-end=\"748\"><strong data-start=\"649\" data-end=\"679\">Regulowana kontrola przep\u0142ywu powietrza<\/strong> \u2013 \u0141atwo dostosuj przep\u0142yw powietrza od ciasnego i g\u0142adkiego do otwartego i przestronnego.<\/p>\n<p data-start=\"750\" data-end=\"852\"><strong data-start=\"750\" data-end=\"772\">Zakrzywiony wy\u015bwietlacz LCD<\/strong> \u2013 Nowoczesny wygl\u0105d ekranu pokazuj\u0105cy stan urz\u0105dzenia i informacje o u\u017cytkowaniu w czasie rzeczywistym.<\/p>\n<p data-start=\"854\" data-end=\"955\"><strong data-start=\"854\" data-end=\"886\">Akumulator 1000 mAh<\/strong> \u2013 Wydajny wbudowany akumulator zapewnia niezawodn\u0105 prac\u0119 przez ca\u0142y dzie\u0144.<\/p>\n<p data-start=\"957\" data-end=\"1036\"><strong data-start=\"957\" data-end=\"981\">Szybkie \u0142adowanie typu C<\/strong> \u2013 Szybkie i wydajne \u0142adowanie zapewniaj\u0105ce minimalne przestoje.<\/p>\n<p data-start=\"1038\" data-end=\"1138\"><strong data-start=\"1038\" data-end=\"1073\">P\u0142ynna i sta\u0142a wydajno\u015b\u0107<\/strong> \u2013 Stabilna wydajno\u015b\u0107 pary i bogaty smak od pierwszego do ostatniego zaci\u0105gni\u0119cia.<\/p>\n<p data-start=\"1140\" data-end=\"1237\" data-is-last-node=\"\" data-is-only-node=\"\"><strong data-start=\"1140\" data-end=\"1166\">Trwa\u0142a konstrukcja klasy premium<\/strong> \u2013 Elegancka, nowoczesna konstrukcja stworzona z my\u015bl\u0105 o codziennym u\u017cytkowaniu i d\u0142ugotrwa\u0142ym komforcie.<\/p>\n<p>&nbsp;<\/p>\n<h3 id=\"brxe-najhln\" class=\"brxe-heading\"><\/h3>\n<p data-start=\"1140\" data-end=\"1237\" data-is-last-node=\"\" data-is-only-node=\"\">\n<h2 data-section-id=\"1mrb6kp\" data-start=\"0\" data-end=\"60\"><span role=\"text\"><strong data-start=\"6\" data-end=\"60\">Jednorazowy Vape AL Fakher Crown Bar Dual Mode 60000 Puffs <\/strong><\/span><span role=\"text\"><strong data-start=\"6\" data-end=\"21\">Lista smak\u00f3w<\/strong><\/span><\/h2>\n<p><strong data-start=\"25\" data-end=\"33\">1.Mi\u0119ta<\/strong><\/p>\n<p><strong data-start=\"38\" data-end=\"52\">2.Jagodowy b\u0142\u0119kit<\/strong><\/p>\n<p><strong data-start=\"57\" data-end=\"76\">3.Ananas Mango<\/strong><\/p>\n<p><strong data-start=\"81\" data-end=\"94\">4.Dwa jab\u0142ka<\/strong><\/p>\n<p><strong data-start=\"99\" data-end=\"119\">5. Poncz truskawkowy<\/strong><\/p>\n<p><strong data-start=\"124\" data-end=\"138\">6. Fajne mango<\/strong><\/p>\n<p><strong data-start=\"143\" data-end=\"158\">7. Kosmiczny sen<\/strong><\/p>\n<p><strong data-start=\"163\" data-end=\"177\">8.Mi\u0119ta winogronowa<\/strong><\/p>\n<p><strong data-start=\"182\" data-end=\"195\">9. L\u00f3d jagodowy<\/strong><\/p>\n<p><strong data-start=\"200\" data-end=\"209\">10. Winogrono<\/strong><\/p>\n<p><strong data-start=\"214\" data-end=\"228\">11. Cytryna Limonka<\/strong><\/p>\n<p><strong data-start=\"233\" data-end=\"247\">12. Magiczna mi\u0142o\u015b\u0107<\/strong><\/p>\n<p><strong data-start=\"252\" data-end=\"266\">13. Cytrynowo-mi\u0119towa<\/strong><\/p>\n<p><strong data-start=\"271\" data-end=\"288\">14. Wi\u015bniowa Fiesta<\/strong><\/p>\n<p><strong data-start=\"293\" data-end=\"310\">15. Guma jagodowa<\/strong><\/p>\n<p><strong data-start=\"315\" data-end=\"337\">16. Niebieska lemoniada Razz<\/strong><\/p>\n<p><strong data-start=\"342\" data-end=\"362\">17.L\u00f3d z czarnej porzeczki<\/strong><\/p>\n<p><strong data-start=\"367\" data-end=\"379\">18. Guma mi\u0119towa<\/strong><\/p>\n<p><strong data-start=\"384\" data-end=\"405\">19. Wi\u015bnia Truskawkowa<\/strong><\/p>\n<p><strong data-start=\"410\" data-end=\"429\">20. Arbuz Kiwi<img loading=\"lazy\" decoding=\"async\" class=\"alignnone wp-image-10060 size-full\" src=\"https:\/\/pgvape.com\/wp-content\/uploads\/2026\/04\/AL-Fakher-Crown-Bar-60K-Premium-Disposable-Vape-With-60000-Puffs-Curved-LCD-Display-And-Dual-Mode-Airflow-3.png\" alt=\"Plakat promocyjny Crown Bar E-HoseX 60K przedstawiaj\u0105cy 23 karty smakowe ze zdj\u0119ciami butelek i grafik\u0105 powitaln\u0105 w jasnych ramkach.\" width=\"1433\" height=\"1980\" srcset=\"https:\/\/pgvape.com\/wp-content\/uploads\/2026\/04\/AL-Fakher-Crown-Bar-60K-Premium-Disposable-Vape-With-60000-Puffs-Curved-LCD-Display-And-Dual-Mode-Airflow-3.png 1433w, https:\/\/pgvape.com\/wp-content\/uploads\/2026\/04\/AL-Fakher-Crown-Bar-60K-Premium-Disposable-Vape-With-60000-Puffs-Curved-LCD-Display-And-Dual-Mode-Airflow-3-261x360.png 261w, https:\/\/pgvape.com\/wp-content\/uploads\/2026\/04\/AL-Fakher-Crown-Bar-60K-Premium-Disposable-Vape-With-60000-Puffs-Curved-LCD-Display-And-Dual-Mode-Airflow-3-595x822.png 595w, https:\/\/pgvape.com\/wp-content\/uploads\/2026\/04\/AL-Fakher-Crown-Bar-60K-Premium-Disposable-Vape-With-60000-Puffs-Curved-LCD-Display-And-Dual-Mode-Airflow-3-289x400.png 289w, https:\/\/pgvape.com\/wp-content\/uploads\/2026\/04\/AL-Fakher-Crown-Bar-60K-Premium-Disposable-Vape-With-60000-Puffs-Curved-LCD-Display-And-Dual-Mode-Airflow-3-768x1061.png 768w, https:\/\/pgvape.com\/wp-content\/uploads\/2026\/04\/AL-Fakher-Crown-Bar-60K-Premium-Disposable-Vape-With-60000-Puffs-Curved-LCD-Display-And-Dual-Mode-Airflow-3-1112x1536.png 1112w, https:\/\/pgvape.com\/wp-content\/uploads\/2026\/04\/AL-Fakher-Crown-Bar-60K-Premium-Disposable-Vape-With-60000-Puffs-Curved-LCD-Display-And-Dual-Mode-Airflow-3-9x12.png 9w, https:\/\/pgvape.com\/wp-content\/uploads\/2026\/04\/AL-Fakher-Crown-Bar-60K-Premium-Disposable-Vape-With-60000-Puffs-Curved-LCD-Display-And-Dual-Mode-Airflow-3-600x829.png 600w\" sizes=\"auto, (max-width: 1433px) 100vw, 1433px\" \/><\/strong><\/p>\n<p>&nbsp;<\/p>\n<h3 class=\"auto-hide-last-sibling-br paragraph-pP9ZLC paragraph-element br-paragraph-space\">Dlaczego warto wybra\u0107 europejski magazyn PGVape?<\/h3>\n<p>Szybka wysy\u0142ka: Dostawa do wi\u0119kszo\u015bci kraj\u00f3w UE w ci\u0105gu 3-7 dni roboczych.<\/p>\n<p>Dostawa bezc\u0142owa: Lokalne zapasy w UE zapewniaj\u0105 p\u0142ynn\u0105 i bezc\u0142ow\u0105 wysy\u0142k\u0119.<\/p>\n<p>100% Autentyczna gwarancja: Oryginalna <strong data-start=\"0\" data-end=\"43\">Pasek koronny AL Fakher<\/strong><span role=\"text\"><strong data-start=\"4\" data-end=\"60\">\u00a0<\/strong><\/span>e-papierosy od certyfikowanych dostawc\u00f3w.<\/p>\n<p>\u015awie\u017ce zapasy: Przechowywane w kontrolowanych warunkach, aby zapewni\u0107 optymaln\u0105 jako\u015b\u0107.<\/p>\n<p>Zaufali Europejczycy: Tysi\u0105ce klient\u00f3w korzysta z szybkich i bezpiecznych us\u0142ug e-papieros\u00f3w oferowanych przez PGVape.<\/p>\n<p>&nbsp;<\/p>\n<h3 data-section-id=\"47aogy\" data-start=\"0\" data-end=\"62\"><span role=\"text\"><strong data-start=\"4\" data-end=\"62\">Cz\u0119sto zadawane pytania \u2013 jednorazowy waporyzator AL Fakher Crown Bar 60000 Puffs<\/strong><\/span><\/h3>\n<p data-start=\"64\" data-end=\"239\"><strong data-start=\"64\" data-end=\"126\">\u2753 Ile zaci\u0105gni\u0119\u0107 zapewnia AL Fakher Crown Bar 60K?<\/strong><br data-start=\"126\" data-end=\"129\" \/>\u2705Urz\u0105dzenie dostarcza do <strong data-start=\"157\" data-end=\"173\">60 000 zaci\u0105gni\u0119\u0107<\/strong>, oferuj\u0105c d\u0142ugotrwa\u0142\u0105 wydajno\u015b\u0107 bez cz\u0119stych wymian.<\/p>\n<p data-start=\"241\" data-end=\"379\"><strong data-start=\"241\" data-end=\"277\">\u2753 Jaka jest pojemno\u015b\u0107 e-liquidu?<\/strong><br data-start=\"277\" data-end=\"280\" \/>\u2705W zestawie znajduje si\u0119 <strong data-start=\"298\" data-end=\"324\">Pojemno\u015b\u0107 e-liquidu 50 ml<\/strong>, zapewniaj\u0105c d\u0142ugotrwa\u0142e u\u017cytkowanie i sp\u00f3jne dostarczanie smaku.<\/p>\n<p data-start=\"381\" data-end=\"529\"><strong data-start=\"381\" data-end=\"426\">\u2753Jak\u0105 zawarto\u015b\u0107 nikotyny zawiera?<\/strong><br data-start=\"426\" data-end=\"429\" \/>\u2705 Funkcje urz\u0105dzenia <strong data-start=\"451\" data-end=\"477\">Si\u0142a nikotyny 0,6%<\/strong>, zapewniaj\u0105c p\u0142ynne i zr\u00f3wnowa\u017cone wra\u017cenia z wapowania.<\/p>\n<p data-start=\"531\" data-end=\"687\"><strong data-start=\"531\" data-end=\"567\">\u2753 Z jakiego rodzaju cewki korzysta?<\/strong><br data-start=\"567\" data-end=\"570\" \/>\u2705Jest wyposa\u017cony w <strong data-start=\"592\" data-end=\"616\">technologia cewek siatkowych<\/strong>, co zapewnia r\u00f3wnomierne ogrzewanie, bogaty smak i p\u0142ynn\u0105 produkcj\u0119 pary.<\/p>\n<p data-start=\"689\" data-end=\"866\"><strong data-start=\"689\" data-end=\"724\">\u2753Co to jest system dual mode?<\/strong><br data-start=\"724\" data-end=\"727\" \/>\u2705 Waporyzator obs\u0142uguje jedno i drugie <strong data-start=\"752\" data-end=\"776\">DTL (bezpo\u015brednio do p\u0142uc)<\/strong> I <strong data-start=\"781\" data-end=\"804\">MTL (od ust do p\u0142uc)<\/strong> tryby, pozwalaj\u0105ce u\u017cytkownikom wybra\u0107 preferowany styl wapowania.<\/p>\n<p data-start=\"868\" data-end=\"1023\"><strong data-start=\"868\" data-end=\"899\">\u2753 Czy mog\u0119 regulowa\u0107 przep\u0142yw powietrza?<\/strong><br data-start=\"899\" data-end=\"902\" \/>\u2705Tak, posiada <strong data-start=\"924\" data-end=\"953\">regulowany system przep\u0142ywu powietrza<\/strong>, dzi\u0119ki czemu mo\u017cesz \u0142atwo prze\u0142\u0105cza\u0107 si\u0119 mi\u0119dzy w\u0119\u017cszym zaci\u0105giem a bardziej otwartym przep\u0142ywem powietrza.<\/p>\n<p data-start=\"1025\" data-end=\"1187\"><strong data-start=\"1025\" data-end=\"1061\">\u2753 Czy posiada wy\u015bwietlacz?<\/strong><br data-start=\"1061\" data-end=\"1064\" \/>\u2705 Tak, urz\u0105dzenie zawiera <strong data-start=\"1093\" data-end=\"1115\">zakrzywiony wy\u015bwietlacz LCD<\/strong> kt\u00f3ry wyra\u017anie pokazuje poziom na\u0142adowania baterii, stan urz\u0105dzenia i informacje o u\u017cytkowaniu.<\/p>\n<p data-start=\"1189\" data-end=\"1315\"><strong data-start=\"1189\" data-end=\"1223\">\u2753 Czy akumulator mo\u017cna \u0142adowa\u0107?<\/strong><br data-start=\"1223\" data-end=\"1226\" \/>\u2705Tak, ma wbudowany <strong data-start=\"1251\" data-end=\"1283\">Akumulator o pojemno\u015bci 1000 mAh<\/strong> dla niezawodnej codziennej pracy.<\/p>\n<p data-start=\"1317\" data-end=\"1440\"><strong data-start=\"1317\" data-end=\"1360\">\u2753Jak\u0105 metod\u0119 \u0142adowania obs\u0142uguje?<\/strong><br data-start=\"1360\" data-end=\"1363\" \/>\u2705Wykorzystuje <strong data-start=\"1373\" data-end=\"1397\">Szybkie \u0142adowanie typu C<\/strong>, umo\u017cliwiaj\u0105c szybkie i wygodne \u0142adowanie.<\/p>\n<p data-start=\"1442\" data-end=\"1628\"><strong data-start=\"1442\" data-end=\"1479\">\u2753 Czy produkcja pary jest silna?<\/strong><br data-start=\"1479\" data-end=\"1482\" \/>\u2705Tak, dzi\u0119ki <strong data-start=\"1503\" data-end=\"1552\">cewka siatkowa, regulowany przep\u0142yw powietrza i dwa tryby<\/strong>, zapewnia zar\u00f3wno p\u0142ynne rysowanie, jak i g\u0119ste chmury, w zale\u017cno\u015bci od ustawie\u0144.<\/p>\n<p data-start=\"1630\" data-end=\"1795\"><strong data-start=\"1630\" data-end=\"1674\">\u2753Czy to urz\u0105dzenie nadaje si\u0119 do codziennego u\u017cytku?<\/strong><br data-start=\"1674\" data-end=\"1677\" \/>\u2705 Zdecydowanie. Z jego <strong data-start=\"1700\" data-end=\"1761\">trwa\u0142a konstrukcja, du\u017ca liczba zaci\u0105gni\u0119\u0107 i akumulator<\/strong>, jest przeznaczony do codziennego wapowania.<\/p>\n<p data-start=\"1797\" data-end=\"2035\" data-is-last-node=\"\" data-is-only-node=\"\"><strong data-start=\"1797\" data-end=\"1836\">\u2753Co wyr\u00f3\u017cnia to urz\u0105dzenie?<\/strong><br data-start=\"1836\" data-end=\"1839\" \/>\u2705Jego po\u0142\u0105czenie <strong data-start=\"1860\" data-end=\"1966\">Zaci\u0105gni\u0119cia 60 tys., du\u017ca pojemno\u015b\u0107 e-liquidu, dwa tryby waporyzacji, zakrzywiony ekran LCD i najwy\u017cszej klasy konstrukcja AL Fakher<\/strong> sprawia, \u017ce \u200b\u200bjest to najlepszy wyb\u00f3r dla u\u017cytkownik\u00f3w poszukuj\u0105cych wydajno\u015bci i wygody.<\/p>\n<p>&nbsp;<\/p>\n<h3 id=\"brxe-najhln\" class=\"brxe-heading\">Cz\u0119sto zadawane pytania (FAQ)<\/h3>\n<div id=\"brxe-rajiac\" class=\"brxe-text\">\n<p><strong>P: Jakie metody p\u0142atno\u015bci akceptujecie?<\/strong><br \/>\nOdp.: Akceptujemy PayPal, Stripe, przelewy bankowe (obs\u0142ugiwane SEPA), g\u0142\u00f3wne karty kredytowe (Visa, MasterCard, American Express) i p\u0142atno\u015bci w kryptowalutach.<\/p>\n<p><strong>P: Jak d\u0142ugo trwa przygotowanie zam\u00f3wienia?<\/strong><br \/>\nOdp.: Przygotowanie zam\u00f3wienia zajmuje 1-3 dni robocze.<\/p>\n<p><strong>P: Jaki jest czas wysy\u0142ki?<\/strong><br \/>\nOdp.: Czas wysy\u0142ki wynosi 7-14 dni roboczych, w zale\u017cno\u015bci od Twojej lokalizacji.<\/p>\n<p><strong>P: Jak mog\u0119 \u015bledzi\u0107 moje zam\u00f3wienie?<\/strong><br \/>\nOdp.: Po wysy\u0142ce otrzymasz wiadomo\u015b\u0107 e-mail z potwierdzeniem i numerem przesy\u0142ki umo\u017cliwiaj\u0105cym \u015bledzenie w czasie rzeczywistym.<\/p>\n<p><strong>P: Jaka jest Twoja polityka zwrot\u00f3w?<\/strong><br \/>\nOdp.: Oferujemy 30-dniow\u0105 polityk\u0119 zwrot\u00f3w lub wymiany. .<\/p>\n<p><strong>P: Czy wyst\u0105pi\u0105 jakie\u015b problemy celne?<br \/>\n<\/strong>Obs\u0142ugujemy wszystkie procedury odprawy celnej, aby zapewni\u0107 Ci bezproblemow\u0105 obs\u0142ug\u0119. .<\/p>\n<p><strong>P: Jakie metody wysy\u0142ki s\u0105 stosowane?<\/strong><br \/>\nWsp\u00f3\u0142pracujemy z firmami UPS\/DHL\/FEDEX\/DPD itp. W zale\u017cno\u015bci od kraju dostawy wybierzemy odpowiedni\u0105 opcj\u0119 wysy\u0142ki, tak aby produkty dotar\u0142y do \u200b\u200bPa\u0144stwa najszybciej jak to mo\u017cliwe.<\/p>\n<p><a href=\"https:\/\/pgvape.com\/pl\/czesto-zadawane-pytania\/\">Kliknij tutaj, aby uzyska\u0107 wi\u0119cej cz\u0119sto zadawanych pyta\u0144<\/a><\/p>\n<p>Szanowni klienci, je\u015bli masz jakiekolwiek pytania dotycz\u0105ce zam\u00f3wienia lub przybycia towaru, skontaktuj si\u0119 z naszym dzia\u0142em obs\u0142ugi klienta. Dzi\u0119kuj\u0119!<\/p>\n<h3 data-sourcepos=\"73:1-73:21\"><strong data-sourcepos=\"73:7-73:21\">Skontaktuj si\u0119 z nami<\/strong><\/h3>\n<div id=\"text-2419739398\" class=\"text\">\n<p><strong data-sourcepos=\"75:3-75:12\">E-mail<\/strong>:\u00a0<a href=\"mailto:support@pgvape.com\"><strong>support@pgvape.com<\/strong><\/a><\/p>\n<p><strong data-sourcepos=\"76:3-76:15\">WhatsApp<\/strong>:\u00a0<a href=\"https:\/\/wa.me\/+8618128481258\"><strong>+86 18128481258<\/strong><\/a><br \/>\n<strong>(Odpowied\u017a w ci\u0105gu 24 godzin w dni robocze)<\/strong><\/p>\n<\/div>\n<h3><strong>Dzi\u0119kujemy za wybranie pgvape.com! .<\/strong><\/h3>\n<\/div>","protected":false},"excerpt":{"rendered":"<div class=\"flex flex-col text-sm pb-25\">\n<section class=\"text-token-text-primary w-full focus:outline-none [--shadow-height:45px] has-data-writing-block:pointer-events-none has-data-writing-block:-mt-(--shadow-height) has-data-writing-block:pt-(--shadow-height) [&amp;:has([data-writing-block])&gt;*]:pointer-events-auto scroll-mt-[calc(var(--header-height)+min(200px,max(70px,20svh)))]\" dir=\"auto\" data-turn-id=\"request-690f3671-88fc-832d-8d9c-73e96f624343-43\" data-testid=\"conversation-turn-24\" data-scroll-anchor=\"true\" data-turn=\"assistant\">\n<div class=\"text-base my-auto mx-auto pb-10 [--thread-content-margin:var(--thread-content-margin-xs,calc(var(--spacing)*4))] @w-sm\/main:[--thread-content-margin:var(--thread-content-margin-sm,calc(var(--spacing)*6))] @w-lg\/main:[--thread-content-margin:var(--thread-content-margin-lg,calc(var(--spacing)*16))] px-(--thread-content-margin)\">\n<div class=\"[--thread-content-max-width:40rem] @w-lg\/main:[--thread-content-max-width:48rem] mx-auto max-w-(--thread-content-max-width) flex-1 group\/turn-messages focus-visible:outline-hidden relative flex w-full min-w-0 flex-col agent-turn\">\n<div class=\"flex max-w-full flex-col gap-4 grow\">\n<div class=\"min-h-8 text-message relative flex w-full flex-col items-end gap-2 text-start break-words whitespace-normal outline-none keyboard-focused:focus-ring [.text-message+&amp;]:mt-1\" dir=\"auto\" tabindex=\"0\" data-message-author-role=\"assistant\" data-message-id=\"42c15cae-2af8-42cc-a0a9-8e108db47175\" data-message-model-slug=\"gpt-5-3\" data-turn-start-message=\"true\">\n<div class=\"flex w-full flex-col gap-1 empty:hidden\">\n<div class=\"markdown prose dark:prose-invert w-full wrap-break-word light markdown-new-styling\">\n<p data-start=\"0\" data-end=\"43\"><strong data-start=\"0\" data-end=\"43\">AL Fakher Crown Bar 60K Disposable Vape <\/strong>Up to 60,000 puffs with 50ml e-liquid for long-lasting enjoyment. Features mesh coil technology, adjustable airflow, and dual modes (DTL &amp; MTL) for a customized experience. Powered by a 1000mAh rechargeable battery with Type-C charging and a curved LCD display for smart control.<\/p>\n<\/div>\n<\/div>\n<\/div>\n<\/div>\n<div class=\"z-0 flex min-h-[46px] justify-start\"><\/div>\n<div class=\"mt-3 w-full empty:hidden\">\n<div class=\"text-center\"><\/div>\n<\/div>\n<\/div>\n<\/div>\n<\/section>\n<\/div>\n<div class=\"pointer-events-none h-px w-px absolute bottom-0\" aria-hidden=\"true\" data-edge=\"true\"><\/div>\n","protected":false},"featured_media":10059,"comment_status":"open","ping_status":"closed","template":"","meta":{"_seopress_robots_primary_cat":"","_seopress_titles_title":"","_seopress_titles_desc":"","_seopress_robots_index":""},"product_brand":[639,516],"product_cat":[48,638,515],"product_tag":[315,640,643,67,90,642,59,641,203],"class_list":{"0":"post-10055","1":"product","2":"type-product","3":"status-publish","4":"has-post-thumbnail","6":"product_brand-al-fakher-vape","7":"product_brand-disposable-vape","8":"product_cat-60k-puffs-vape","9":"product_cat-al-fakher-vape-eu","10":"product_cat-disposable-vape","11":"product_tag-60k-puffs-vape","12":"product_tag-al-fakher-crown-bar-60k","13":"product_tag-curved-lcd-display","14":"product_tag-direct-to-lung-dtl","15":"product_tag-disposable-vape","16":"product_tag-dual-mode-airflow","17":"product_tag-mouth-to-lung-mtl","18":"product_tag-premium","19":"product_tag-shipment-from-eu","21":"first","22":"instock","23":"sale","24":"shipping-taxable","25":"purchasable","26":"product-type-variable"},"_links":{"self":[{"href":"https:\/\/pgvape.com\/pl\/wp-json\/wp\/v2\/product\/10055","targetHints":{"allow":["GET"]}}],"collection":[{"href":"https:\/\/pgvape.com\/pl\/wp-json\/wp\/v2\/product"}],"about":[{"href":"https:\/\/pgvape.com\/pl\/wp-json\/wp\/v2\/types\/product"}],"replies":[{"embeddable":true,"href":"https:\/\/pgvape.com\/pl\/wp-json\/wp\/v2\/comments?post=10055"}],"wp:featuredmedia":[{"embeddable":true,"href":"https:\/\/pgvape.com\/pl\/wp-json\/wp\/v2\/media\/10059"}],"wp:attachment":[{"href":"https:\/\/pgvape.com\/pl\/wp-json\/wp\/v2\/media?parent=10055"}],"wp:term":[{"taxonomy":"product_brand","embeddable":true,"href":"https:\/\/pgvape.com\/pl\/wp-json\/wp\/v2\/product_brand?post=10055"},{"taxonomy":"product_cat","embeddable":true,"href":"https:\/\/pgvape.com\/pl\/wp-json\/wp\/v2\/product_cat?post=10055"},{"taxonomy":"product_tag","embeddable":true,"href":"https:\/\/pgvape.com\/pl\/wp-json\/wp\/v2\/product_tag?post=10055"}],"curies":[{"name":"wp","href":"https:\/\/api.w.org\/{rel}","templated":true}]}}