{"id":87,"date":"2025-07-11T13:57:05","date_gmt":"2025-07-11T13:57:05","guid":{"rendered":"https:\/\/pgvape.com\/?page_id=87"},"modified":"2025-11-19T08:00:16","modified_gmt":"2025-11-19T08:00:16","slug":"polityka-wysylkowa","status":"publish","type":"page","link":"https:\/\/pgvape.com\/pl\/polityka-wysylkowa\/","title":{"rendered":"Polityka wysy\u0142ki"},"content":{"rendered":"<div id=\"text-755206349\" class=\"text\">\n\t\t\n\n<h1>\ud83d\udce6\u00a0<strong data-sourcepos=\"5:6-5:25\">Zasady wysy\u0142ki<\/strong><\/h1>\n\t\t\n<style>\n#text-755206349 {\n  text-align: left;\n  color: rgb(0, 0, 0);\n}\n#text-755206349 > * {\n  color: rgb(0, 0, 0);\n}\n@media (min-width:550px) {\n  #text-755206349 {\n    text-align: center;\n  }\n}\n<\/style>\n\t<\/div>\n\t\n<div class=\"is-divider divider clearfix\" style=\"margin-top:20px;margin-bottom:20px;max-width:1000px;\"><\/div>\n\n\t<div id=\"text-1872013582\" class=\"text\">\n\t\t\n\n<h3><strong data-sourcepos=\"8:1-8:23\">Zaanga\u017cowanie w s\u0142u\u017cb\u0119<\/strong>: Na <strong data-sourcepos=\"8:28-8:42\">pgvape.com<\/strong>, dok\u0142adamy wszelkich stara\u0144, aby zapewni\u0107 szybk\u0105, bezpieczn\u0105 i sprawn\u0105 dostaw\u0119 zam\u00f3wie\u0144. .<\/h3>\n\t\t\n<style>\n#text-1872013582 {\n  font-size: 0.9rem;\n  color: rgb(0, 0, 0);\n}\n#text-1872013582 > * {\n  color: rgb(0, 0, 0);\n}\n<\/style>\n\t<\/div>\n\t\n<div class=\"is-divider divider clearfix\" style=\"margin-top:15px;margin-bottom:15px;max-width:1000px;\"><\/div>\n\n\t<div id=\"text-1324843365\" class=\"text\">\n\t\t\n\n<h3 data-sourcepos=\"12:1-12:35\">1.\ud83d\udd52 <strong data-sourcepos=\"12:10-12:35\">Czas realizacji zam\u00f3wienia<\/strong><\/h3>\n<p data-sourcepos=\"14:3-15:147\"><strong data-sourcepos=\"14:3-14:31\">Standardowy czas przetwarzania<\/strong>: Po otrzymaniu p\u0142atno\u015bci Twoje zam\u00f3wienie zostanie zrealizowane w ci\u0105gu <strong data-sourcepos=\"15:64-15:85\">1-3 dni robocze<\/strong>, \u0142\u0105cznie z weryfikacj\u0105 zam\u00f3wienia, pakowaniem i obr\u00f3bk\u0105 wst\u0119pn\u0105.<\/p>\n<p data-sourcepos=\"17:3-18:142\"><strong>Szczeg\u00f3lne okoliczno\u015bci:<\/strong> Czas przetwarzania mo\u017ce zosta\u0107 przed\u0142u\u017cony w przypadku \u015bwi\u0105t, odleg\u0142ych obszar\u00f3w lub kontroli celnych. .<\/p>\n\t\t\n<style>\n#text-1324843365 {\n  font-size: 0.9rem;\n  line-height: 1.75;\n  color: rgb(0, 0, 0);\n}\n#text-1324843365 > * {\n  color: rgb(0, 0, 0);\n}\n<\/style>\n\t<\/div>\n\t\n<div class=\"is-divider divider clearfix\" style=\"margin-top:15px;margin-bottom:15px;max-width:1000px;\"><\/div>\n\n\t<div id=\"text-2100704849\" class=\"text\">\n\t\t\n\n<h2 data-sourcepos=\"22:1-22:41\">2. \ud83d\ude9a\u00a0<strong data-sourcepos=\"22:10-22:41\">Logistyka i czas wysy\u0142ki<\/strong><\/h2>\n<p data-sourcepos=\"24:3-25:103\"><strong data-sourcepos=\"24:3-24:29\">Standardowy czas dostawy<\/strong>: Dostawa zazwyczaj trwa <strong data-sourcepos=\"25:28-25:50\">7-14 dni roboczych<\/strong>, a dok\u0142adny czas trwania zale\u017cy od Twojej lokalizacji.<\/p>\n<p data-sourcepos=\"27:3-28:111\"><strong data-sourcepos=\"27:3-27:22\">Mo\u017cliwe op\u00f3\u017anienia<\/strong>: Odleg\u0142e obszary, \u015bwi\u0119ta, kontrole celne lub inne nieprzewidziane okoliczno\u015bci mog\u0105 powodowa\u0107 op\u00f3\u017anienia w wysy\u0142ce.<\/p>\n\t\t\n<style>\n#text-2100704849 {\n  font-size: 0.9rem;\n  line-height: 1.75;\n  color: rgb(0, 0, 0);\n}\n#text-2100704849 > * {\n  color: rgb(0, 0, 0);\n}\n<\/style>\n\t<\/div>\n\t\n<div class=\"is-divider divider clearfix\" style=\"margin-top:15px;margin-bottom:15px;max-width:1000px;\"><\/div>\n\n\t<div id=\"text-3492768317\" class=\"text\">\n\t\t\n\n<h2 data-sourcepos=\"32:1-32:31\">3. \ud83e\udd1d\u00a0<strong data-sourcepos=\"32:10-32:31\">Partnerzy wysy\u0142kowi<\/strong><\/h2>\n<p data-sourcepos=\"34:1-34:140\">Wsp\u00f3\u0142pracujemy z zaufanymi na ca\u0142ym \u015bwiecie dostawcami us\u0142ug logistycznych, aby zapewni\u0107 kompleksow\u0105 kontrol\u0119 nad transportem Twoich zam\u00f3wie\u0144.<\/p>\n<p><strong data-sourcepos=\"35:3-35:10\">DHL<\/strong><\/p>\n<p><strong data-sourcepos=\"36:3-36:10\">DPD<\/strong><\/p>\n<p><strong data-sourcepos=\"37:3-37:10\">UPS-em<\/strong><\/p>\n<p><strong data-sourcepos=\"38:3-38:40\">System pocztowy kraju docelowego<\/strong><\/p>\n\t\t\n<style>\n#text-3492768317 {\n  font-size: 0.9rem;\n  line-height: 1.75;\n  color: rgb(0, 0, 0);\n}\n#text-3492768317 > * {\n  color: rgb(0, 0, 0);\n}\n<\/style>\n\t<\/div>\n\t\n<div class=\"is-divider divider clearfix\" style=\"margin-top:15px;margin-bottom:15px;max-width:1000px;\"><\/div>\n\n\t<div id=\"text-2167415849\" class=\"text\">\n\t\t\n\n<h2 data-sourcepos=\"42:1-42:36\">4. \ud83d\udd0d\u00a0<strong data-sourcepos=\"42:10-42:36\">Us\u0142uga \u015bledzenia zam\u00f3wie\u0144<\/strong><\/h2>\n<p data-sourcepos=\"44:3-45:97\"><strong data-sourcepos=\"44:3-44:28\">Powiadomienie o \u015bledzeniu<\/strong>: Po wysy\u0142ce numer \u015bledzenia zostanie automatycznie wys\u0142any na zarejestrowany adres e-mail.<\/p>\n<p data-sourcepos=\"47:3-47:26\"><strong data-sourcepos=\"47:3-47:23\">Opcje \u015bledzenia<\/strong>:<\/p>\n<p>Sprawd\u017a status swojej przesy\u0142ki, wprowadzaj\u0105c numer \u015bledzenia na stronie \u201cMoje zam\u00f3wienia\u201d w naszej witrynie.<\/p>\n<p>Zaloguj si\u0119 na oficjalnej platformie przewo\u017anika (np. na stronie DHL\/UPS).<\/p>\n\t\t\n<style>\n#text-2167415849 {\n  font-size: 0.9rem;\n  line-height: 1.75;\n  color: rgb(0, 0, 0);\n}\n#text-2167415849 > * {\n  color: rgb(0, 0, 0);\n}\n<\/style>\n\t<\/div>\n\t\n<div class=\"is-divider divider clearfix\" style=\"margin-top:15px;margin-bottom:15px;max-width:1000px;\"><\/div>\n\n\t<div id=\"text-3152294631\" class=\"text\">\n\t\t\n\n<h2 data-sourcepos=\"53:1-53:55\">5. \ud83d\udcb0\u00a0<strong data-sourcepos=\"53:10-53:55\">Koszty wysy\u0142ki i odpowiedzialno\u015b\u0107 celna<\/strong><\/h2>\n<p data-sourcepos=\"55:3-56:152\"><strong data-sourcepos=\"55:3-55:26\">Zasady dotycz\u0105ce koszt\u00f3w wysy\u0142ki<\/strong>: Koszty wysy\u0142ki s\u0105 obliczane na podstawie wagi zam\u00f3wienia, miejsca docelowego i wybranej metody wysy\u0142ki. .<\/p>\n<p data-sourcepos=\"58:3-58:32\"><strong data-sourcepos=\"58:3-58:29\">Odpowiedzialno\u015b\u0107 celna<\/strong>:<\/p>\n<p>W przypadku zam\u00f3wie\u0144 wysy\u0142anych do kraj\u00f3w lub region\u00f3w poza Kanad\u0105 wszelkie c\u0142a i podatki importowe zostan\u0105 przez nas pokryte.<\/p>\n<p>W przypadku zam\u00f3wie\u0144 kanadyjskich za podatki importowe odpowiada klient. .<\/p>\n\t\t\n<style>\n#text-3152294631 {\n  font-size: 0.9rem;\n  line-height: 1.75;\n  color: rgb(0, 0, 0);\n}\n#text-3152294631 > * {\n  color: rgb(0, 0, 0);\n}\n<\/style>\n\t<\/div>\n\t\n<div class=\"is-divider divider clearfix\" style=\"margin-top:15px;margin-bottom:15px;max-width:1000px;\"><\/div>\n\n\t<div id=\"text-3453248538\" class=\"text\">\n\t\t\n\n<h2 data-sourcepos=\"64:1-64:42\">6. \ud83d\udea8\u00a0<strong data-sourcepos=\"64:10-64:42\">Obs\u0142uga wyj\u0105tk\u00f3w dotycz\u0105cych wysy\u0142ki<\/strong><\/h2>\n<p data-sourcepos=\"66:1-66:106\">Je\u015bli napotkasz kt\u00f3r\u0105kolwiek z poni\u017cszych sytuacji, natychmiast skontaktuj si\u0119 z naszym zespo\u0142em obs\u0142ugi klienta:<\/p>\n<ul data-sourcepos=\"67:1-69:58\">\n<li data-sourcepos=\"67:1-67:72\">Op\u00f3\u017anienie wysy\u0142ki przekraczaj\u0105ce szacowany czas do\u00a0<strong data-sourcepos=\"67:50-67:69\">5 dni roboczych<\/strong>.<\/li>\n<li data-sourcepos=\"68:1-68:70\">Zagubione, uszkodzone lub nieprawid\u0142owe informacje o \u015bledzeniu przesy\u0142ki.<\/li>\n<li data-sourcepos=\"69:1-69:58\">Musisz zaktualizowa\u0107 adres wysy\u0142ki lub inne szczeg\u00f3\u0142y.<\/li>\n<\/ul>\n<p data-sourcepos=\"71:1-71:141\">B\u0119dziemy monitorowa\u0107 ca\u0142y proces i koordynowa\u0107 z dostawc\u0105 us\u0142ug logistycznych, aby zaoferowa\u0107 rozwi\u0105zania, takie jak ponowna wysy\u0142ka lub zwrot pieni\u0119dzy, w zale\u017cno\u015bci od sytuacji.<\/p>\n\t\t\n<style>\n#text-3453248538 {\n  font-size: 0.9rem;\n  line-height: 1.75;\n  color: rgb(0, 0, 0);\n}\n#text-3453248538 > * {\n  color: rgb(0, 0, 0);\n}\n<\/style>\n\t<\/div>\n\t\n<div class=\"is-divider divider clearfix\" style=\"margin-top:15px;margin-bottom:15px;max-width:1000px;\"><\/div>\n\n\t<div id=\"text-214170490\" class=\"text\">\n\t\t\n\n<h2 data-sourcepos=\"75:1-75:30\">7. \ud83d\udce8\u00a0<strong data-sourcepos=\"75:10-75:30\">Obs\u0142uga klienta<\/strong><\/h2>\n<ul data-sourcepos=\"77:1-78:77\">\n<li data-sourcepos=\"77:1-77:36\">\n<h4><strong data-sourcepos=\"77:3-77:12\">E-mail<\/strong>: <span style=\"color: #0000ff;\"><a style=\"color: #0000ff;\" href=\"\/pl\/support@pgvape.com\/\">support@pgvape.com<\/a><\/span><\/h4>\n<\/li>\n<li data-sourcepos=\"78:1-78:77\">\n<h4><strong data-sourcepos=\"78:3-78:15\">WhatsApp<\/strong>: <span style=\"color: #00ff00;\"><a style=\"color: #00ff00;\" href=\"https:\/\/wa.me\/+8618128481258\">+8618128481258<\/a> <\/span>(Odpowied\u017a w ci\u0105gu 24 godzin w dni robocze)<\/h4>\n<\/li>\n<\/ul>\n\t\t\n<style>\n#text-214170490 {\n  font-size: 0.9rem;\n  line-height: 1.75;\n  color: rgb(0, 0, 0);\n}\n#text-214170490 > * {\n  color: rgb(0, 0, 0);\n}\n<\/style>\n\t<\/div>\n\t\n<div class=\"is-divider divider clearfix\" style=\"margin-top:15px;margin-bottom:15px;max-width:1000px;\"><\/div>\n\n\t<div id=\"text-4133720121\" class=\"text\">\n\t\t\n\n<h3><strong data-sourcepos=\"82:1-82:39\">Dzi\u0119kujemy za wybranie pgvape.com!<\/strong><\/h3>\n<p>Cenimy Twoje zaufanie i dok\u0142adamy wszelkich stara\u0144, aby zapewni\u0107 sprawne i bezpieczne us\u0142ugi wysy\u0142kowe.<\/p>\n\t\t\n<style>\n#text-4133720121 {\n  font-size: 0.9rem;\n  line-height: 1.75;\n  color: rgb(0, 0, 0);\n}\n#text-4133720121 > * {\n  color: rgb(0, 0, 0);\n}\n<\/style>\n\t<\/div>","protected":false},"excerpt":{"rendered":"","protected":false},"author":2,"featured_media":0,"parent":0,"menu_order":0,"comment_status":"closed","ping_status":"closed","template":"","meta":{"_seopress_robots_primary_cat":"","_seopress_titles_title":"","_seopress_titles_desc":"","_seopress_robots_index":"","footnotes":""},"class_list":["post-87","page","type-page","status-publish","hentry"],"_links":{"self":[{"href":"https:\/\/pgvape.com\/pl\/wp-json\/wp\/v2\/pages\/87","targetHints":{"allow":["GET"]}}],"collection":[{"href":"https:\/\/pgvape.com\/pl\/wp-json\/wp\/v2\/pages"}],"about":[{"href":"https:\/\/pgvape.com\/pl\/wp-json\/wp\/v2\/types\/page"}],"author":[{"embeddable":true,"href":"https:\/\/pgvape.com\/pl\/wp-json\/wp\/v2\/users\/2"}],"replies":[{"embeddable":true,"href":"https:\/\/pgvape.com\/pl\/wp-json\/wp\/v2\/comments?post=87"}],"version-history":[{"count":0,"href":"https:\/\/pgvape.com\/pl\/wp-json\/wp\/v2\/pages\/87\/revisions"}],"wp:attachment":[{"href":"https:\/\/pgvape.com\/pl\/wp-json\/wp\/v2\/media?parent=87"}],"curies":[{"name":"wp","href":"https:\/\/api.w.org\/{rel}","templated":true}]}}