{"id":3,"date":"2025-07-09T13:14:25","date_gmt":"2025-07-09T13:14:25","guid":{"rendered":"http:\/\/pgvape.com\/?page_id=3"},"modified":"2025-11-19T08:01:49","modified_gmt":"2025-11-19T08:01:49","slug":"polityka-prywatnosci","status":"publish","type":"page","link":"https:\/\/pgvape.com\/pl\/polityka-prywatnosci\/","title":{"rendered":"Polityka prywatno\u015bci"},"content":{"rendered":"<div id=\"text-3466925887\" class=\"text\">\n\t\t\n\n<h1>\ud83d\udcdcPolityka prywatno\u015bci<\/h1>\n\t\t\n<style>\n#text-3466925887 {\n  font-size: 1rem;\n  line-height: 1.05;\n  text-align: left;\n  color: rgb(0, 0, 0);\n}\n#text-3466925887 > * {\n  color: rgb(0, 0, 0);\n}\n@media (min-width:550px) {\n  #text-3466925887 {\n    font-size: 1.2rem;\n    line-height: 1.5;\n    text-align: left;\n  }\n}\n@media (min-width:850px) {\n  #text-3466925887 {\n    font-size: 1.5rem;\n    text-align: center;\n  }\n}\n<\/style>\n\t<\/div>\n\t\n\n\n\n<h2 class=\"wp-block-heading\"><\/h2>\n\n\n\n\t<div id=\"text-1130459882\" class=\"text\">\n\t\t\n\n<h3><span style=\"color: #282828;\">W Pgvape cenimy Twoje zaufanie i zobowi\u0105zujemy si\u0119 do ochrony Twoich danych osobowych. .<\/span><\/h3>\n\t\t\n<style>\n#text-1130459882 {\n  font-size: 0.75rem;\n  color: rgb(0, 0, 0);\n}\n#text-1130459882 > * {\n  color: rgb(0, 0, 0);\n}\n@media (min-width:550px) {\n  #text-1130459882 {\n    font-size: 1rem;\n  }\n}\n@media (min-width:850px) {\n  #text-1130459882 {\n    font-size: 1.1rem;\n  }\n}\n<\/style>\n\t<\/div>\n\t\n<div class=\"is-divider divider clearfix\" style=\"max-width:1000px;background-color:rgb(230, 230, 230);\"><\/div>\n\n\t<div id=\"text-887682464\" class=\"text\">\n\t\t\n\n<h3 data-sourcepos=\"7:1-7:27\"><span style=\"color: #000000;\"><strong data-sourcepos=\"7:6-7:25\">Co zbieramy<\/strong><\/span><\/h3>\n<p data-sourcepos=\"8:1-8:53\"><span style=\"color: #000000;\">Mo\u017cemy gromadzi\u0107 nast\u0119puj\u0105ce rodzaje informacji:<\/span><\/p>\n<ol data-sourcepos=\"9:1-12:150\">\n<li data-sourcepos=\"9:1-9:163\"><span style=\"color: #000000;\"><strong data-sourcepos=\"9:4-9:28\">Dane osobowe<\/strong>: w tym imi\u0119 i nazwisko, adres e-mail, szczeg\u00f3\u0142y wysy\u0142ki, informacje rozliczeniowe i numer telefonu, gdy dokonujesz zakupu lub kontaktujesz si\u0119 z nami.<\/span><\/li>\n<li data-sourcepos=\"10:1-10:85\"><span style=\"color: #000000;\"><strong data-sourcepos=\"10:4-10:30\">Dane zam\u00f3wienia i konta<\/strong>: Historia zakup\u00f3w, preferencje i zapisane adresy.<\/span><\/li>\n<li data-sourcepos=\"11:1-11:123\"><span style=\"color: #000000;\"><strong data-sourcepos=\"11:4-11:32\">Dane urz\u0105dzenia i przegl\u0105dania<\/strong>: adres IP, typ przegl\u0105darki, typ urz\u0105dzenia, odwiedzane strony i dzia\u0142ania podejmowane w naszej witrynie.<\/span><\/li>\n<li data-sourcepos=\"12:1-12:150\"><span style=\"color: #000000;\"><strong data-sourcepos=\"12:4-12:24\">Weryfikacja wieku<\/strong>: zgodnie z wymogami prawa mo\u017cemy poprosi\u0107 o weryfikacj\u0119 wieku, aby upewni\u0107 si\u0119, \u017ce klienci osi\u0105gn\u0119li wiek wymagany prawem do zakupu produkt\u00f3w do waporyzacji.<\/span><\/li>\n<\/ol>\n\t\t\n<style>\n#text-887682464 {\n  font-size: 0.75rem;\n  color: rgb(0, 0, 0);\n}\n#text-887682464 > * {\n  color: rgb(0, 0, 0);\n}\n@media (min-width:550px) {\n  #text-887682464 {\n    font-size: 1rem;\n  }\n}\n@media (min-width:850px) {\n  #text-887682464 {\n    font-size: 1.1rem;\n  }\n}\n<\/style>\n\t<\/div>\n\t\n<div class=\"is-divider divider clearfix\" style=\"max-width:1000px;background-color:rgb(230, 230, 230);\"><\/div>\n\n\t<div id=\"text-1419342218\" class=\"text\">\n\t\t\n\n<h3 data-sourcepos=\"16:1-16:39\"><strong><span style=\"color: #000000;\">Jak wykorzystujemy Twoje dane<\/span><\/strong><\/h3>\n<p data-sourcepos=\"17:1-17:30\"><span style=\"color: #000000;\">U\u017cywamy Twoich danych, aby:<\/span><\/p>\n<ol data-sourcepos=\"18:1-23:51\">\n<li data-sourcepos=\"18:1-18:38\"><span style=\"color: #000000;\">Realizuj i dostarczaj swoje zam\u00f3wienia.<\/span><\/li>\n<li data-sourcepos=\"19:1-19:56\"><span style=\"color: #000000;\">Zapewnij obs\u0142ug\u0119 klienta i odpowiadaj na zapytania.<\/span><\/li>\n<li data-sourcepos=\"20:1-20:43\"><span style=\"color: #000000;\">Spersonalizuj swoje zakupy.<\/span><\/li>\n<li data-sourcepos=\"21:1-21:51\"><span style=\"color: #000000;\">Ulepszaj nasze us\u0142ugi i wydajno\u015b\u0107 witryny.<\/span><\/li>\n<li data-sourcepos=\"22:1-22:93\"><span style=\"color: #000000;\">Wysy\u0142aj aktualizacje zam\u00f3wie\u0144, informacje promocyjne (je\u015bli wyrazi\u0142e\u015b tak\u0105 zgod\u0119) i wa\u017cne powiadomienia.<\/span><\/li>\n<li data-sourcepos=\"23:1-23:51\"><span style=\"color: #000000;\">Przestrzegaj obowi\u0105zk\u00f3w prawnych i regulacyjnych.<\/span><\/li>\n<\/ol>\n\t\t\n<style>\n#text-1419342218 {\n  font-size: 0.75rem;\n  color: rgb(0, 0, 0);\n}\n#text-1419342218 > * {\n  color: rgb(0, 0, 0);\n}\n@media (min-width:550px) {\n  #text-1419342218 {\n    font-size: 1rem;\n  }\n}\n@media (min-width:850px) {\n  #text-1419342218 {\n    font-size: 1.1rem;\n  }\n}\n<\/style>\n\t<\/div>\n\t\n<div class=\"is-divider divider clearfix\" style=\"max-width:1000px;background-color:rgb(230, 230, 230);\"><\/div>\n\n\t<div id=\"text-1508267098\" class=\"text\">\n\t\t\n\n<h3 data-sourcepos=\"27:1-27:36\"><span style=\"color: #000000;\"><strong data-sourcepos=\"27:6-27:34\">Jak chronimy Twoje dane<\/strong><\/span><\/h3>\n<h4 data-sourcepos=\"28:1-28:52\"><span style=\"color: #000000;\"><strong>Wdra\u017camy rygorystyczne \u015brodki bezpiecze\u0144stwa, m.in.:<\/strong><\/span><\/h4>\n<ol data-sourcepos=\"29:1-31:123\">\n<li data-sourcepos=\"29:1-29:62\"><span style=\"color: #000000;\"><strong data-sourcepos=\"29:4-29:22\">Szyfrowanie SSL<\/strong>: Aby chroni\u0107 dane podczas transmisji.<\/span><\/li>\n<li data-sourcepos=\"30:1-30:114\"><span style=\"color: #000000;\"><strong data-sourcepos=\"30:4-30:54\">Bezpieczne serwery i protoko\u0142y ograniczonego dost\u0119pu<\/strong>: Zapewnienie dost\u0119pu do Twoich danych wy\u0142\u0105cznie upowa\u017cnionym pracownikom.<\/span><\/li>\n<li data-sourcepos=\"31:1-31:123\"><span style=\"color: #000000;\"><strong data-sourcepos=\"31:4-31:50\">Regularne audyty bezpiecze\u0144stwa i aktualizacje systemu<\/strong>: przestrzeganie najlepszych praktyk bran\u017cowych, aby zapewni\u0107 bezpiecze\u0144stwo danych.<\/span><\/li>\n<\/ol>\n<p data-sourcepos=\"33:1-33:101\"><span style=\"color: #000000;\">Bardzo powa\u017cnie podchodzimy do ochrony danych i podejmujemy wszelkie niezb\u0119dne kroki, aby chroni\u0107 Twoje dane.<\/span><\/p>\n\t\t\n<style>\n#text-1508267098 {\n  font-size: 0.75rem;\n  color: rgb(0, 0, 0);\n}\n#text-1508267098 > * {\n  color: rgb(0, 0, 0);\n}\n@media (min-width:550px) {\n  #text-1508267098 {\n    font-size: 1rem;\n  }\n}\n@media (min-width:850px) {\n  #text-1508267098 {\n    font-size: 1.1rem;\n  }\n}\n<\/style>\n\t<\/div>\n\t\n<div class=\"is-divider divider clearfix\" style=\"max-width:1000px;background-color:rgb(230, 230, 230);\"><\/div>\n\n\t<div id=\"text-2281001344\" class=\"text\">\n\t\t\n\n<h3 data-sourcepos=\"37:1-37:31\"><span style=\"color: #000000;\"><strong data-sourcepos=\"37:6-37:29\">Udost\u0119pnianie informacji<\/strong><\/span><\/h3>\n<p data-sourcepos=\"38:1-38:91\"><span style=\"color: #000000;\"><strong>Nie sprzedajemy Twoich danych osobowych.<\/strong><\/span><\/p>\n<ol data-sourcepos=\"39:1-41:60\">\n<li data-sourcepos=\"39:1-39:102\"><span style=\"color: #000000;\"><strong>Zaufani dostawcy us\u0142ug:<\/strong> Takie jak bramki p\u0142atnicze, partnerzy wysy\u0142kowi i platformy e-mailowe.<\/span><\/li>\n<li data-sourcepos=\"40:1-40:67\"><span style=\"color: #000000;\"><strong data-sourcepos=\"40:4-40:44\">Organy egzekwowania prawa lub organy regulacyjne<\/strong>: Je\u015bli wymaga tego prawo.<\/span><\/li>\n<li data-sourcepos=\"41:1-41:60\"><span style=\"color: #000000;\"><strong data-sourcepos=\"41:4-41:27\">Platformy marketingowe<\/strong>: Tylko za Twoj\u0105 uprzedni\u0105 zgod\u0105.<\/span><\/li>\n<\/ol>\n\t\t\n<style>\n#text-2281001344 {\n  font-size: 0.75rem;\n  color: rgb(0, 0, 0);\n}\n#text-2281001344 > * {\n  color: rgb(0, 0, 0);\n}\n@media (min-width:550px) {\n  #text-2281001344 {\n    font-size: 1rem;\n  }\n}\n@media (min-width:850px) {\n  #text-2281001344 {\n    font-size: 1.1rem;\n  }\n}\n<\/style>\n\t<\/div>\n\t\n<div class=\"is-divider divider clearfix\" style=\"max-width:1000px;background-color:rgb(230, 230, 230);\"><\/div>\n\n\t<div id=\"text-2409371496\" class=\"text\">\n\t\t\n\n<h3 data-sourcepos=\"45:1-45:32\"><span style=\"color: #000000;\"><strong data-sourcepos=\"45:6-45:30\">Pliki cookie i \u015bledzenie<\/strong><\/span><\/h3>\n<p data-sourcepos=\"46:1-46:39\"><span style=\"color: #000000;\"><strong>U\u017cywamy plik\u00f3w cookie i podobnych narz\u0119dzi w celu:<\/strong><\/span><\/p>\n<ol data-sourcepos=\"47:1-49:54\">\n<li data-sourcepos=\"47:1-47:45\"><span style=\"color: #000000;\">W\u0142\u0105cz niezb\u0119dn\u0105 funkcjonalno\u015b\u0107 witryny.<\/span><\/li>\n<li data-sourcepos=\"48:1-48:40\"><span style=\"color: #000000;\">Analizuj ruch i zachowania u\u017cytkownik\u00f3w.<\/span><\/li>\n<li data-sourcepos=\"49:1-49:54\"><span style=\"color: #000000;\">Zapewnij bardziej spersonalizowane do\u015bwiadczenia zakupowe.<\/span><\/li>\n<\/ol>\n<p data-sourcepos=\"51:1-51:72\"><span style=\"color: #000000;\">Mo\u017cesz zmieni\u0107 swoje preferencje dotycz\u0105ce plik\u00f3w cookies w ustawieniach swojej przegl\u0105darki.<\/span><\/p>\n\t\t\n<style>\n#text-2409371496 {\n  font-size: 0.75rem;\n  color: rgb(0, 0, 0);\n}\n#text-2409371496 > * {\n  color: rgb(0, 0, 0);\n}\n@media (min-width:550px) {\n  #text-2409371496 {\n    font-size: 1rem;\n  }\n}\n@media (min-width:850px) {\n  #text-2409371496 {\n    font-size: 1.1rem;\n  }\n}\n<\/style>\n\t<\/div>\n\t\n<div class=\"is-divider divider clearfix\" style=\"max-width:1000px;background-color:rgb(230, 230, 230);\"><\/div>\n\n\t<div id=\"text-2639327246\" class=\"text\">\n\t\t\n\n<h3 data-sourcepos=\"55:1-55:23\"><span style=\"color: #000000;\"><strong data-sourcepos=\"55:6-55:21\">Twoje prawa<\/strong><\/span><\/h3>\n<p data-sourcepos=\"56:1-56:69\"><span style=\"color: #000000;\">W zale\u017cno\u015bci od jurysdykcji mo\u017cesz mie\u0107 nast\u0119puj\u0105ce prawa:<\/span><\/p>\n<ol data-sourcepos=\"57:1-60:58\">\n<li data-sourcepos=\"57:1-57:36\"><span style=\"color: #000000;\"><strong data-sourcepos=\"57:4-57:33\">Uzyskaj dost\u0119p do swoich danych osobowych<\/strong>.<\/span><\/li>\n<li data-sourcepos=\"58:1-58:41\"><span style=\"color: #000000;\"><strong data-sourcepos=\"58:4-58:38\">Popro\u015b o poprawki lub aktualizacje<\/strong>.<\/span><\/li>\n<li data-sourcepos=\"59:1-59:47\"><span style=\"color: #000000;\"><strong data-sourcepos=\"59:4-59:44\">Popro\u015b o usuni\u0119cie swoich danych<\/strong>.<\/span><\/li>\n<li data-sourcepos=\"60:1-60:58\"><span style=\"color: #000000;\"><strong data-sourcepos=\"60:4-60:55\">Zrezygnuj w dowolnym momencie z komunikacji marketingowej<\/strong>.<\/span><\/li>\n<\/ol>\n<p data-sourcepos=\"62:1-62:73\"><span style=\"color: #000000;\">Aby skorzysta\u0107 z tych praw, skontaktuj si\u0119 z nami pod adresem <strong data-sourcepos=\"62:48-62:70\"><a style=\"color: #000000;\" href=\"mailto:support@pgvape.com\" data-sentry-component=\"CustomLink\" data-sentry-source-file=\"index.tsx\">support@pgvape.com<\/a><\/strong>.<\/span><\/p>\n\t\t\n<style>\n#text-2639327246 {\n  font-size: 0.75rem;\n  color: rgb(0, 0, 0);\n}\n#text-2639327246 > * {\n  color: rgb(0, 0, 0);\n}\n@media (min-width:550px) {\n  #text-2639327246 {\n    font-size: 1rem;\n  }\n}\n@media (min-width:850px) {\n  #text-2639327246 {\n    font-size: 1.1rem;\n  }\n}\n<\/style>\n\t<\/div>\n\t\n<div class=\"is-divider divider clearfix\" style=\"max-width:1000px;background-color:rgb(230, 230, 230);\"><\/div>\n\n\t<div id=\"text-3321570355\" class=\"text\">\n\t\t\n\n<h3 data-sourcepos=\"66:1-66:31\"><span style=\"color: #000000;\"><strong data-sourcepos=\"66:6-66:29\">U\u017cytkownicy mi\u0119dzynarodowi<\/strong><\/span><\/h3>\n<p><strong><span style=\"color: #000000;\">Wchodz\u0105c na nasz\u0105 stron\u0119 internetow\u0105 spoza swojego kraju, wyra\u017casz zgod\u0119 na przesy\u0142anie i przetwarzanie swoich danych zgodnie z niniejsz\u0105 polityk\u0105 i obowi\u0105zuj\u0105cymi przepisami lokalnymi.<\/span><\/strong><\/p>\n\t\t\n<style>\n#text-3321570355 {\n  font-size: 0.75rem;\n  color: rgb(2, 0, 0);\n}\n#text-3321570355 > * {\n  color: rgb(2, 0, 0);\n}\n@media (min-width:550px) {\n  #text-3321570355 {\n    font-size: 1rem;\n  }\n}\n@media (min-width:850px) {\n  #text-3321570355 {\n    font-size: 1.1rem;\n  }\n}\n<\/style>\n\t<\/div>\n\t\n<div class=\"is-divider divider clearfix\" style=\"max-width:1000px;background-color:rgb(230, 230, 230);\"><\/div>\n\n\t<div id=\"text-560545321\" class=\"text\">\n\t\t\n\n<h3 data-sourcepos=\"71:1-71:34\"><span style=\"color: #000000;\"><strong data-sourcepos=\"71:6-71:32\">Zmiany w niniejszej Polityce<\/strong><\/span><\/h3>\n<p data-sourcepos=\"72:1-72:221\"><span style=\"color: #000000;\"><strong>Mo\u017cemy aktualizowa\u0107 niniejsz\u0105 polityk\u0119 prywatno\u015bci, aby odzwierciedli\u0107 zmiany w naszych praktykach lub wymaganiach prawnych. .<\/strong><\/span><\/p>\n\t\t\n<style>\n#text-560545321 {\n  font-size: 0.75rem;\n  color: rgb(0, 0, 0);\n}\n#text-560545321 > * {\n  color: rgb(0, 0, 0);\n}\n@media (min-width:550px) {\n  #text-560545321 {\n    font-size: 1rem;\n  }\n}\n@media (min-width:850px) {\n  #text-560545321 {\n    font-size: 1.1rem;\n  }\n}\n<\/style>\n\t<\/div>\n\t\n<div class=\"is-divider divider clearfix\" style=\"max-width:1000px;background-color:rgb(230, 230, 230);\"><\/div>\n\n\t<div id=\"text-580452869\" class=\"text\">\n\t\t\n\n<h3 data-sourcepos=\"76:1-76:22\"><span style=\"color: #000000;\"><strong data-sourcepos=\"76:6-76:20\">Skontaktuj si\u0119 z nami<\/strong><\/span><\/h3>\n<p data-sourcepos=\"77:1-77:90\"><span style=\"color: #000000;\">Je\u015bli masz jakiekolwiek pytania, w\u0105tpliwo\u015bci lub pro\u015bby zwi\u0105zane z danymi, skontaktuj si\u0119 z naszym zespo\u0142em:<\/span><\/p>\n<ul data-sourcepos=\"78:1-79:33\">\n<li data-sourcepos=\"78:1-78:34\">\n<h4><span style=\"color: #000000;\"><strong data-sourcepos=\"78:3-78:12\">E-mail<\/strong>:<span style=\"color: #0000ff;\">\u00a0<a style=\"color: #0000ff;\" href=\"\/pl\/support@pgvape.com\/\" data-sentry-component=\"CustomLink\" data-sentry-source-file=\"index.tsx\">support@pgvape.com<\/a><\/span><\/span><\/h4>\n<\/li>\n<li data-sourcepos=\"79:1-79:33\">\n<h4><span style=\"color: #000000;\"><strong data-sourcepos=\"79:3-79:15\">WhatsApp<\/strong>: <span style=\"color: #00ff00;\"><a style=\"color: #00ff00;\" href=\"https:\/\/wa.me\/+8618128481258\">+8618128481258<\/a><\/span><\/span><\/h4>\n<\/li>\n<\/ul>\n<p data-sourcepos=\"81:1-81:84\"><span style=\"color: #000000;\">Jeste\u015bmy zawsze gotowi do pomocy i odpowiemy w ci\u0105gu 24 godzin w dni robocze.<\/span><\/p>\n\t\t\n<style>\n#text-580452869 {\n  font-size: 0.75rem;\n  color: rgb(0, 0, 0);\n}\n#text-580452869 > * {\n  color: rgb(0, 0, 0);\n}\n@media (min-width:550px) {\n  #text-580452869 {\n    font-size: 1rem;\n  }\n}\n@media (min-width:850px) {\n  #text-580452869 {\n    font-size: 1.1rem;\n  }\n}\n<\/style>\n\t<\/div>\n\t\n<div class=\"is-divider divider clearfix\" style=\"max-width:1000px;background-color:rgb(230, 230, 230);\"><\/div>\n\n\t<div id=\"text-737216790\" class=\"text\">\n\t\t\n\n<p><span style=\"color: #000000;\">Dzi\u0119kujemy za wyb\u00f3r <strong data-sourcepos=\"85:24-85:34\">Pgvape<\/strong>. .<\/span><\/p>\n\t\t\n<style>\n#text-737216790 {\n  font-size: 0.75rem;\n  color: rgb(0, 0, 0);\n}\n#text-737216790 > * {\n  color: rgb(0, 0, 0);\n}\n@media (min-width:550px) {\n  #text-737216790 {\n    font-size: 1rem;\n  }\n}\n@media (min-width:850px) {\n  #text-737216790 {\n    font-size: 1.2rem;\n  }\n}\n<\/style>\n\t<\/div>","protected":false},"excerpt":{"rendered":"","protected":false},"author":1,"featured_media":0,"parent":0,"menu_order":0,"comment_status":"closed","ping_status":"open","template":"","meta":{"_seopress_robots_primary_cat":"","_seopress_titles_title":"","_seopress_titles_desc":"","_seopress_robots_index":"","footnotes":""},"class_list":["post-3","page","type-page","status-publish","hentry"],"_links":{"self":[{"href":"https:\/\/pgvape.com\/pl\/wp-json\/wp\/v2\/pages\/3","targetHints":{"allow":["GET"]}}],"collection":[{"href":"https:\/\/pgvape.com\/pl\/wp-json\/wp\/v2\/pages"}],"about":[{"href":"https:\/\/pgvape.com\/pl\/wp-json\/wp\/v2\/types\/page"}],"author":[{"embeddable":true,"href":"https:\/\/pgvape.com\/pl\/wp-json\/wp\/v2\/users\/1"}],"replies":[{"embeddable":true,"href":"https:\/\/pgvape.com\/pl\/wp-json\/wp\/v2\/comments?post=3"}],"version-history":[{"count":0,"href":"https:\/\/pgvape.com\/pl\/wp-json\/wp\/v2\/pages\/3\/revisions"}],"wp:attachment":[{"href":"https:\/\/pgvape.com\/pl\/wp-json\/wp\/v2\/media?parent=3"}],"curies":[{"name":"wp","href":"https:\/\/api.w.org\/{rel}","templated":true}]}}