{"id":18,"date":"2025-07-11T13:22:06","date_gmt":"2025-07-11T13:22:06","guid":{"rendered":"https:\/\/pgvape.com\/?page_id=18"},"modified":"2025-11-19T07:58:14","modified_gmt":"2025-11-19T07:58:14","slug":"zwrot_zwrotow","status":"publish","type":"page","link":"https:\/\/pgvape.com\/pl\/zwrot_zwrotow\/","title":{"rendered":"Polityka zwrot\u00f3w i zwrot\u00f3w"},"content":{"rendered":"<div id=\"text-1252889644\" class=\"text\">\n\t\t\n\n<h1 data-sourcepos=\"5:1-5:34\">\ud83d\udcddZasady zwrot\u00f3w i zwrot\u00f3w<\/h1>\n\t\t\n<style>\n#text-1252889644 {\n  text-align: center;\n}\n<\/style>\n\t<\/div>\n\t\n<div class=\"is-divider divider clearfix\" style=\"margin-top:15px;margin-bottom:15px;max-width:1000px;background-color:rgb(179, 179, 179);\"><\/div>\n\n\t<div id=\"text-811806262\" class=\"text\">\n\t\t\n\n<h3>W pgvape.com zadowolenie klienta jest naszym najwy\u017cszym priorytetem. .<\/h3>\n\t\t\n<style>\n#text-811806262 {\n  font-size: 0.9rem;\n}\n@media (min-width:550px) {\n  #text-811806262 {\n    font-size: 1rem;\n  }\n}\n<\/style>\n\t<\/div>\n\t\n<div class=\"is-divider divider clearfix\" style=\"margin-top:15px;margin-bottom:15px;max-width:1000px;background-color:rgb(179, 179, 179);\"><\/div>\n\n\t<div id=\"text-2254851145\" class=\"text\">\n\t\t\n\n<h2>\ud83d\udea8 Anulowanie zam\u00f3wienia<\/h2>\n\t\t\n<style>\n#text-2254851145 {\n  font-size: 0.9rem;\n  color: rgb(0, 0, 0);\n}\n#text-2254851145 > * {\n  color: rgb(0, 0, 0);\n}\n@media (min-width:550px) {\n  #text-2254851145 {\n    font-size: 1rem;\n  }\n}\n<\/style>\n\t<\/div>\n\t\n\t<div id=\"text-3418336322\" class=\"text\">\n\t\t\n\n<h3><strong data-sourcepos=\"15:4-15:27\">Zasady anulowania<\/strong>:<\/h3>\n<p>Mo\u017cesz anulowa\u0107 swoje zam\u00f3wienie w ci\u0105gu\u00a0<strong data-sourcepos=\"16:39-16:51\">24 godziny<\/strong>\u00a0zakupu i otrzymania\u00a0<strong data-sourcepos=\"16:78-16:93\">pe\u0142ny zwrot pieni\u0119dzy<\/strong>.<\/p>\n<p>Je\u015bli zam\u00f3wienie zosta\u0142o ju\u017c zrealizowane lub wys\u0142ane, anulowanie nie b\u0119dzie mo\u017cliwe.<\/p>\n\t\t\n<style>\n#text-3418336322 {\n  font-size: 0.9rem;\n  color: rgb(0, 0, 0);\n}\n#text-3418336322 > * {\n  color: rgb(0, 0, 0);\n}\n@media (min-width:550px) {\n  #text-3418336322 {\n    font-size: 1rem;\n  }\n}\n<\/style>\n\t<\/div>\n\t\n\t<div id=\"text-3336037184\" class=\"text\">\n\t\t\n\n<h3><strong data-sourcepos=\"19:4-19:28\">Proces anulowania<\/strong>:<\/h3>\n<p>Skontaktuj si\u0119 z naszym zespo\u0142em obs\u0142ugi klienta tak szybko, jak to mo\u017cliwe, aby przes\u0142a\u0107 pro\u015bb\u0119 o anulowanie:<\/p>\n<p><strong data-sourcepos=\"21:8-21:17\">E-mail<\/strong>: wsparcie@pgvape.com<\/p>\n<p><strong data-sourcepos=\"22:8-22:20\">WhatsApp<\/strong>: +8613480381755<\/p>\n\t\t\n<style>\n#text-3336037184 {\n  font-size: 0.9rem;\n}\n@media (min-width:550px) {\n  #text-3336037184 {\n    font-size: 1rem;\n  }\n}\n<\/style>\n\t<\/div>\n\t\n<div class=\"is-divider divider clearfix\" style=\"margin-top:15px;margin-bottom:15px;max-width:1000px;background-color:rgb(179, 179, 179);\"><\/div>\n\n\t<div id=\"text-1835152044\" class=\"text\">\n\t\t\n\n<h2 data-sourcepos=\"26:1-26:40\">\ud83d\udce6\u00a0<strong data-sourcepos=\"26:7-26:40\">Zwrot pieni\u0119dzy i mo\u017cliwo\u015b\u0107 zwrotu<\/strong><\/h2>\n\t\t\n<style>\n#text-1835152044 {\n  font-size: 0.9rem;\n  color: rgb(0, 0, 0);\n}\n#text-1835152044 > * {\n  color: rgb(0, 0, 0);\n}\n@media (min-width:550px) {\n  #text-1835152044 {\n    font-size: 1rem;\n  }\n}\n<\/style>\n\t<\/div>\n\t\n\t<div id=\"text-1809842416\" class=\"text\">\n\t\t\n\n<h3><strong data-sourcepos=\"28:4-28:30\">1. Warunki kwalifikowalno\u015bci<\/strong>:<\/h3>\n<p>Je\u015bli otrzymany towar jest\u00a0<strong data-sourcepos=\"29:32-29:43\">uszkodzony<\/strong>\u00a0Lub\u00a0<strong data-sourcepos=\"29:47-29:60\">wadliwy<\/strong>, mo\u017cesz ubiega\u0107 si\u0119 o zwrot pieni\u0119dzy lub wymian\u0119.<\/p>\n<p>Zwroty podlegaj\u0105 nast\u0119puj\u0105cym wymogom:<\/p>\n<p>Produkt musi by\u0107\u00a0<strong data-sourcepos=\"31:28-31:38\">nie u\u017cywany<\/strong>\u00a0i w oryginalnym opakowaniu.<\/p>\n<p>Nale\u017cy przedstawi\u0107 dow\u00f3d zakupu (numer zam\u00f3wienia, paragon itp.).<\/p>\n<p>\u017b\u0105danie zwrotu nale\u017cy z\u0142o\u017cy\u0107 w ci\u0105gu\u00a0<strong data-sourcepos=\"33:44-33:56\">48 godzin<\/strong>\u00a0otrzymania produktu.<\/p>\n\t\t\n<style>\n#text-1809842416 {\n  font-size: 0.9rem;\n  color: rgb(0, 0, 0);\n}\n#text-1809842416 > * {\n  color: rgb(0, 0, 0);\n}\n@media (min-width:550px) {\n  #text-1809842416 {\n    font-size: 1rem;\n  }\n}\n<\/style>\n\t<\/div>\n\t\n\t<div id=\"text-3845800957\" class=\"text\">\n\t\t\n\n<h3><strong data-sourcepos=\"35:4-35:28\">2. Przedmioty nie podlegaj\u0105ce zwrotowi<\/strong>:<\/h3>\n<p>Karty podarunkowe.<\/p>\n<p>Przedmioty oznaczone jako \u201cWyprzeda\u017c ostateczna\u201d.<\/p>\n<p>Produkty zwr\u00f3cone po ponad 48 godzinach od dostawy.<\/p>\n<p>Op\u0142aty za wysy\u0142k\u0119: Koszty wysy\u0142ki w przypadku zwrot\u00f3w nie zostan\u0105 zwr\u00f3cone i zostan\u0105 odliczone od kwoty zwrotu.<\/p>\n\t\t\n<style>\n#text-3845800957 {\n  font-size: 0.9rem;\n  color: rgb(0, 0, 0);\n}\n#text-3845800957 > * {\n  color: rgb(0, 0, 0);\n}\n@media (min-width:550px) {\n  #text-3845800957 {\n    font-size: 1rem;\n  }\n}\n<\/style>\n\t<\/div>\n\t\n<div class=\"is-divider divider clearfix\" style=\"margin-top:15px;margin-bottom:15px;max-width:1000px;background-color:rgb(179, 179, 179);\"><\/div>\n\n\t<div id=\"text-2051883556\" class=\"text\">\n\t\t\n\n<h2 data-sourcepos=\"43:1-43:25\">\ud83d\udd0d\u00a0<strong data-sourcepos=\"43:7-43:25\">Proces zwrotu<\/strong><\/h2>\n\t\t\n<style>\n#text-2051883556 {\n  font-size: 0.9rem;\n  color: rgb(0, 0, 0);\n}\n#text-2051883556 > * {\n  color: rgb(0, 0, 0);\n}\n@media (min-width:550px) {\n  #text-2051883556 {\n    font-size: 1rem;\n  }\n}\n<\/style>\n\t<\/div>\n\t\n\t<div id=\"text-893142263\" class=\"text\">\n\t\t\n\n<h3><strong data-sourcepos=\"45:4-45:32\">1. Skontaktuj si\u0119 z obs\u0142ug\u0105 klienta<\/strong>:<\/h3>\n<p>Prze\u015blij pro\u015bb\u0119 o zwrot na adres: support@pgvape.com<\/p>\n<p>Podaj numer zam\u00f3wienia, opis problemu oraz odpowiednie zdj\u0119cia lub filmy.<\/p>\n\t\t\n<style>\n#text-893142263 {\n  font-size: 0.9rem;\n  color: rgb(0, 0, 0);\n}\n#text-893142263 > * {\n  color: rgb(0, 0, 0);\n}\n@media (min-width:550px) {\n  #text-893142263 {\n    font-size: 1rem;\n  }\n}\n<\/style>\n\t<\/div>\n\t\n\t<div id=\"text-1949765654\" class=\"text\">\n\t\t\n\n<h3><strong data-sourcepos=\"49:4-49:21\">2. Autoryzacja<\/strong>:<\/h3>\n<p>Nasz zesp\u00f3\u0142 wsparcia rozpatrzy Twoj\u0105 pro\u015bb\u0119 i przeka\u017ce autoryzacj\u0119 zwrotu wraz ze szczeg\u00f3\u0142owymi instrukcjami.<\/p>\n<p><strong data-sourcepos=\"51:6-51:14\">Notatka<\/strong>: Niezatwierdzone zwroty nie b\u0119d\u0105 rozpatrywane.<\/p>\n\t\t\n<style>\n#text-1949765654 {\n  font-size: 0.9rem;\n  color: rgb(0, 0, 0);\n}\n#text-1949765654 > * {\n  color: rgb(0, 0, 0);\n}\n@media (min-width:550px) {\n  #text-1949765654 {\n    font-size: 1rem;\n  }\n}\n<\/style>\n\t<\/div>\n\t\n\t<div id=\"text-2865617224\" class=\"text\">\n\t\t\n\n<h3><strong data-sourcepos=\"53:4-53:33\">3.Wy\u015blij zwracany Produkt<\/strong>:<\/h3>\n<p>U\u017cyj mo\u017cliwej do \u015bledzenia metody wysy\u0142ki, aby wys\u0142a\u0107 produkt na podany adres.<\/p>\n<p>Upewnij si\u0119, \u017ce produkt jest bezpiecznie zapakowany.<\/p>\n\t\t\n<style>\n#text-2865617224 {\n  font-size: 0.9rem;\n  color: rgb(0, 0, 0);\n}\n#text-2865617224 > * {\n  color: rgb(0, 0, 0);\n}\n@media (min-width:550px) {\n  #text-2865617224 {\n    font-size: 1rem;\n  }\n}\n<\/style>\n\t<\/div>\n\t\n\t<div id=\"text-3793864300\" class=\"text\">\n\t\t\n\n<h3><strong data-sourcepos=\"57:4-57:33\">4. Kontrola i przetwarzanie<\/strong>:<\/h3>\n<p>Po otrzymaniu zwr\u00f3conego produktu sprawdzimy go i powiadomimy Ci\u0119 o zatwierdzeniu lub odrzuceniu zwrotu pieni\u0119dzy lub wymiany.<\/p>\n\t\t\n<style>\n#text-3793864300 {\n  font-size: 0.9rem;\n  color: rgb(0, 0, 0);\n}\n#text-3793864300 > * {\n  color: rgb(0, 0, 0);\n}\n@media (min-width:550px) {\n  #text-3793864300 {\n    font-size: 1rem;\n  }\n}\n<\/style>\n\t<\/div>\n\t\n<div class=\"is-divider divider clearfix\" style=\"margin-top:15px;margin-bottom:15px;max-width:1000px;background-color:rgb(179, 179, 179);\"><\/div>\n\n\t<div id=\"text-2472906834\" class=\"text\">\n\t\t\n\n<h2 data-sourcepos=\"62:1-62:32\">\ud83d\udcb3\u00a0<strong data-sourcepos=\"62:7-62:32\">Zwroty pieni\u0119dzy i wymiany<\/strong><\/h2>\n\t\t\n<style>\n#text-2472906834 {\n  font-size: 0.9rem;\n  color: rgb(0, 0, 0);\n}\n#text-2472906834 > * {\n  color: rgb(0, 0, 0);\n}\n@media (min-width:550px) {\n  #text-2472906834 {\n    font-size: 1rem;\n  }\n}\n<\/style>\n\t<\/div>\n\t\n\t<div id=\"text-2873881201\" class=\"text\">\n\t\t\n\n<h3><strong data-sourcepos=\"64:4-64:15\">1.Zwroty pieni\u0119dzy<\/strong>:<\/h3>\n<p>Je\u015bli Tw\u00f3j zwrot zostanie zatwierdzony, zwrot \u015brodk\u00f3w zostanie przetworzony z powrotem przy u\u017cyciu pierwotnej metody p\u0142atno\u015bci.<\/p>\n<p>Banki lub wydawcy kart kredytowych mog\u0105 potrzebowa\u0107 dodatkowego czasu na przetworzenie zwrotu.<\/p>\n\t\t\n<style>\n#text-2873881201 {\n  font-size: 0.9rem;\n  color: rgb(8, 3, 3);\n}\n#text-2873881201 > * {\n  color: rgb(8, 3, 3);\n}\n@media (min-width:550px) {\n  #text-2873881201 {\n    font-size: 1rem;\n  }\n}\n<\/style>\n\t<\/div>\n\t\n\t<div id=\"text-3544695362\" class=\"text\">\n\t\t\n\n<h3><strong data-sourcepos=\"68:4-68:17\">2.Wymiany<\/strong>:<\/h3>\n<p>Je\u017celi wyrazisz zgod\u0119 na wymian\u0119, wy\u015blemy bezp\u0142atnie produkt zast\u0119pczy.<\/p>\n\t\t\n<style>\n#text-3544695362 {\n  font-size: 0.9rem;\n  color: rgb(0, 0, 0);\n}\n#text-3544695362 > * {\n  color: rgb(0, 0, 0);\n}\n@media (min-width:550px) {\n  #text-3544695362 {\n    font-size: 1rem;\n  }\n}\n<\/style>\n\t<\/div>\n\t\n<div class=\"is-divider divider clearfix\" style=\"margin-top:15px;margin-bottom:15px;max-width:1000px;background-color:rgb(179, 179, 179);\"><\/div>\n\n\t<div id=\"text-371926735\" class=\"text\">\n\t\t\n\n<h2 data-sourcepos=\"73:1-73:21\">\ud83d\udce8\u00a0<strong data-sourcepos=\"73:7-73:21\">Skontaktuj si\u0119 z nami<\/strong><\/h2>\n\t\t\n<style>\n#text-371926735 {\n  font-size: 0.9rem;\n  color: rgb(0, 0, 0);\n}\n#text-371926735 > * {\n  color: rgb(0, 0, 0);\n}\n@media (min-width:550px) {\n  #text-371926735 {\n    font-size: 1rem;\n  }\n}\n<\/style>\n\t<\/div>\n\t\n\t<div id=\"text-2921596064\" class=\"text\">\n\t\t\n\n<h3><strong data-sourcepos=\"75:3-75:12\">E-mail<\/strong>:<span style=\"color: #0000ff;\"><a style=\"color: #0000ff;\" href=\"\/pl\/support@pgvape.com\/\">support@pgvape.com<\/a><\/span><\/h3>\n<h3><strong data-sourcepos=\"76:3-76:15\">WhatsApp<\/strong>: <span style=\"color: #00ff00;\"><a style=\"color: #00ff00;\" href=\"https:\/\/wa.me\/+8618128481258\">+8618128481258<\/a><\/span><br \/>(Odpowied\u017a w ci\u0105gu 24 godzin w dni robocze)<\/h3>\n<p>\u00a0<\/p>\n\t\t\n<style>\n#text-2921596064 {\n  font-size: 0.9rem;\n  color: rgb(0, 0, 0);\n}\n#text-2921596064 > * {\n  color: rgb(0, 0, 0);\n}\n@media (min-width:550px) {\n  #text-2921596064 {\n    font-size: 1rem;\n  }\n}\n<\/style>\n\t<\/div>\n\t\n\t<div id=\"text-2575427565\" class=\"text\">\n\t\t\n\n<h3><strong>Dzi\u0119kujemy za wybranie pgvape.com! .<\/strong><\/h3>\n\t\t\n<style>\n#text-2575427565 {\n  font-size: 0.9rem;\n  color: rgb(0, 0, 0);\n}\n#text-2575427565 > * {\n  color: rgb(0, 0, 0);\n}\n@media (min-width:550px) {\n  #text-2575427565 {\n    font-size: 1rem;\n  }\n}\n<\/style>\n\t<\/div>","protected":false},"excerpt":{"rendered":"","protected":false},"author":1,"featured_media":0,"parent":0,"menu_order":0,"comment_status":"closed","ping_status":"closed","template":"","meta":{"_seopress_robots_primary_cat":"","_seopress_titles_title":"","_seopress_titles_desc":"","_seopress_robots_index":"","footnotes":""},"class_list":["post-18","page","type-page","status-publish","hentry"],"_links":{"self":[{"href":"https:\/\/pgvape.com\/pl\/wp-json\/wp\/v2\/pages\/18","targetHints":{"allow":["GET"]}}],"collection":[{"href":"https:\/\/pgvape.com\/pl\/wp-json\/wp\/v2\/pages"}],"about":[{"href":"https:\/\/pgvape.com\/pl\/wp-json\/wp\/v2\/types\/page"}],"author":[{"embeddable":true,"href":"https:\/\/pgvape.com\/pl\/wp-json\/wp\/v2\/users\/1"}],"replies":[{"embeddable":true,"href":"https:\/\/pgvape.com\/pl\/wp-json\/wp\/v2\/comments?post=18"}],"version-history":[{"count":0,"href":"https:\/\/pgvape.com\/pl\/wp-json\/wp\/v2\/pages\/18\/revisions"}],"wp:attachment":[{"href":"https:\/\/pgvape.com\/pl\/wp-json\/wp\/v2\/media?parent=18"}],"curies":[{"name":"wp","href":"https:\/\/api.w.org\/{rel}","templated":true}]}}