{"id":105,"date":"2025-07-12T08:18:42","date_gmt":"2025-07-12T08:18:42","guid":{"rendered":"https:\/\/pgvape.com\/?page_id=105"},"modified":"2025-11-19T07:55:16","modified_gmt":"2025-11-19T07:55:16","slug":"o-nas","status":"publish","type":"page","link":"https:\/\/pgvape.com\/pl\/o-nas\/","title":{"rendered":"O nas"},"content":{"rendered":"<div id=\"text-918248427\" class=\"text\">\n\t\t\n\n<h1 data-sourcepos=\"5:1-5:28\">\ud83d\ude80\u00a0<strong data-sourcepos=\"5:6-5:26\">O pgvape<\/strong><\/h1>\n\t\t\n<style>\n#text-918248427 {\n  text-align: center;\n  color: rgb(0,0,0);\n}\n#text-918248427 > * {\n  color: rgb(0,0,0);\n}\n<\/style>\n\t<\/div>\n\t\n<div class=\"is-divider divider clearfix\" style=\"margin-top:20px;margin-bottom:20px;max-width:1000px;background-color:rgb(209, 209, 209);\"><\/div>\n\n\t<div id=\"text-3652608796\" class=\"text\">\n\t\t\n\n<h3><strong data-sourcepos=\"6:1-6:54\">Tw\u00f3j zaufany partner w zakresie jednorazowych waporyzator\u00f3w Premium<\/strong><\/h3>\n<p data-sourcepos=\"8:1-8:255\">Witamy w <strong data-sourcepos=\"8:12-8:26\">pgvape.com<\/strong>, Twoje najlepsze miejsce docelowe wysokiej jako\u015bci jednorazowych e-papieros\u00f3w i niestandardowych rozwi\u0105za\u0144 waporyzacyjnych. <strong data-sourcepos=\"8:204-8:224\">produkty premium<\/strong> I <strong data-sourcepos=\"8:229-8:252\">wyj\u0105tkowa obs\u0142uga<\/strong>.<\/p>\n<p data-sourcepos=\"10:1-10:236\">Nasz\u0105 misj\u0105 jest zrobienie ka\u017cdego zaci\u0105gni\u0119cia <strong data-sourcepos=\"10:35-10:78\">wygodne, przyjemne i godne zaufania<\/strong>. <strong data-sourcepos=\"10:186-10:200\">innowacja<\/strong> I <strong data-sourcepos=\"10:205-10:216\">jako\u015b\u0107<\/strong> aby spe\u0142ni\u0107 Twoje potrzeby.<\/p>\n\t\t\n<style>\n#text-3652608796 {\n  font-size: 0.85rem;\n  line-height: 1.75;\n  color: rgb(0,0,0);\n}\n#text-3652608796 > * {\n  color: rgb(0,0,0);\n}\n@media (min-width:550px) {\n  #text-3652608796 {\n    font-size: 0.9rem;\n  }\n}\n@media (min-width:850px) {\n  #text-3652608796 {\n    font-size: 1rem;\n  }\n}\n<\/style>\n\t<\/div>\n\t\n<div class=\"is-divider divider clearfix\" style=\"margin-top:15px;margin-bottom:15px;max-width:1000px;background-color:rgb(209, 209, 209);\"><\/div>\n\n\t<div id=\"text-1870679079\" class=\"text\">\n\t\t\n\n<h2 data-sourcepos=\"14:1-14:35\">\ud83c\udf1f\u00a0<strong data-sourcepos=\"14:7-14:33\">Nasza misja i wizja<\/strong><\/h2>\n<h5 data-sourcepos=\"15:1-15:95\">W pgvape.com wierzymy, \u017ce wapowanie to nie tylko wyb\u00f3r, ale styl \u017cycia.<\/h5>\n<p><strong data-sourcepos=\"16:3-16:25\">Uproszczenie wapowania<\/strong>: Oferowanie produkt\u00f3w wysokiej jako\u015bci, kt\u00f3re u\u0142atwiaj\u0105 dokonanie wyboru.<\/p>\n<p><strong data-sourcepos=\"17:3-17:31\">Wzmocnienie do\u015bwiadczenia<\/strong>: Innowacyjne technologie optymalizuj\u0105ce satysfakcj\u0119 z wapowania.<\/p>\n<p><strong data-sourcepos=\"18:3-18:31\">Budowanie d\u0142ugoterminowego zaufania<\/strong>: Dostarczanie przejrzystych us\u0142ug w celu tworzenia trwa\u0142ych relacji.<\/p>\n<p data-sourcepos=\"20:1-20:367\">\u00a0<\/p>\n\t\t\n<style>\n#text-1870679079 {\n  font-size: 0.9rem;\n  line-height: 1.75;\n  color: rgb(0,0,0);\n}\n#text-1870679079 > * {\n  color: rgb(0,0,0);\n}\n@media (min-width:550px) {\n  #text-1870679079 {\n    font-size: 0.9rem;\n  }\n}\n@media (min-width:850px) {\n  #text-1870679079 {\n    font-size: 1rem;\n  }\n}\n<\/style>\n\t<\/div>\n\t\n\t<div id=\"text-1852062640\" class=\"text\">\n\t\t\n\n<h4>Za\u0142o\u017cona przez entuzjast\u00f3w waporyzacji i profesjonalist\u00f3w z bran\u017cy, zidentyfikowali\u015bmy luk\u0119 na rynku naprawd\u0119 wysokiej jako\u015bci i rygorystycznie przetestowanych produkt\u00f3w. .<\/h4>\n\t\t\n<style>\n#text-1852062640 {\n  font-size: 0.9rem;\n  line-height: 1.75;\n  color: rgb(0,0,0);\n}\n#text-1852062640 > * {\n  color: rgb(0,0,0);\n}\n@media (min-width:550px) {\n  #text-1852062640 {\n    font-size: 0.9rem;\n  }\n}\n@media (min-width:850px) {\n  #text-1852062640 {\n    font-size: 1rem;\n  }\n}\n<\/style>\n\t<\/div>\n\t\n<div class=\"is-divider divider clearfix\" style=\"margin-top:15px;margin-bottom:15px;max-width:1000px;background-color:rgb(209, 209, 209);\"><\/div>\n\n\t<div id=\"text-1907024512\" class=\"text\">\n\t\t\n\n<h2 data-sourcepos=\"24:1-24:27\">\ud83d\udecd\ufe0f\u00a0<strong data-sourcepos=\"24:8-24:25\">Co oferujemy<\/strong><\/h2>\n\t\t\n<style>\n#text-1907024512 {\n  color: rgb(0,0,0);\n}\n#text-1907024512 > * {\n  color: rgb(0,0,0);\n}\n<\/style>\n\t<\/div>\n\t\n\t<div id=\"text-1251996360\" class=\"text\">\n\t\t\n\n<h3 data-sourcepos=\"26:1-26:37\">\u2705\u00a0<strong data-sourcepos=\"26:7-26:35\">Jednorazowe waporyzatory Premium<\/strong><\/h3>\n<p data-sourcepos=\"27:1-27:306\">Nasza wyselekcjonowana kolekcja jednorazowych vape \u0142\u0105czy <strong data-sourcepos=\"27:49-27:76\">najnowocze\u015bniejsza technologia<\/strong> z <strong data-sourcepos=\"27:82-27:112\">autentyczne i odwa\u017cne smaki<\/strong>\u2014 od klasycznych tytoni po mieszanki owoc\u00f3w egzotycznych. <strong data-sourcepos=\"27:190-27:210\">rygorystyczne testy<\/strong> aby spe\u0142ni\u0107 mi\u0119dzynarodowe standardy bezpiecze\u0144stwa, zapewniaj\u0105c p\u0142ynn\u0105 i przyjemn\u0105 prac\u0119 za ka\u017cdym razem.<\/p>\n\t\t\n<style>\n#text-1251996360 {\n  font-size: 0.9rem;\n  line-height: 1.75;\n  color: rgb(0, 0, 0);\n}\n#text-1251996360 > * {\n  color: rgb(0, 0, 0);\n}\n@media (min-width:850px) {\n  #text-1251996360 {\n    font-size: 1rem;\n  }\n}\n<\/style>\n\t<\/div>\n\t\n\t<div id=\"text-3359156448\" class=\"text\">\n\t\t\n\n<h3 data-sourcepos=\"29:1-29:37\">\u2705\u00a0<strong data-sourcepos=\"29:7-29:35\">Us\u0142ugi OEM i hurtowe<\/strong><\/h3>\n<p data-sourcepos=\"30:1-30:310\">Dla klient\u00f3w biznesowych zapewniamy rozwi\u0105zania szyte na miar\u0119 <strong data-sourcepos=\"30:43-30:81\">niestandardowe rozwi\u0105zania produkcyjne<\/strong> kt\u00f3re pomog\u0105 Ci stworzy\u0107 unikalne produkty vape. <strong data-sourcepos=\"30:181-30:212\">najnowocze\u015bniejsze udogodnienia<\/strong> I <strong data-sourcepos=\"30:217-30:250\">elastyczne procesy produkcyjne<\/strong> uczy\u0144 nas idealnym partnerem do skalowania Twojego biznesu vape.<\/p>\n\t\t\n<style>\n#text-3359156448 {\n  font-size: 0.9rem;\n  line-height: 1.75;\n  color: rgb(0,0,0);\n}\n#text-3359156448 > * {\n  color: rgb(0,0,0);\n}\n<\/style>\n\t<\/div>\n\t\n\t<div id=\"text-1136440078\" class=\"text\">\n\t\t\n\n<h3 data-sourcepos=\"32:1-32:42\">\u2705\u00a0<strong data-sourcepos=\"32:7-32:40\">Szybka i bezpieczna wysy\u0142ka globalna<\/strong><\/h3>\n<p data-sourcepos=\"33:1-33:233\">Zam\u00f3wienia realizowane s\u0105 w ci\u0105gu <strong data-sourcepos=\"33:29-33:50\">1-3 dni robocze<\/strong> i wysy\u0142ane za po\u015brednictwem zaufanych przewo\u017anik\u00f3w, takich jak <strong data-sourcepos=\"33:92-33:109\">DHL, UPS, DPD<\/strong>, oraz lokalne us\u0142ugi pocztowe. .<\/p>\n\t\t\n<style>\n#text-1136440078 {\n  font-size: 0.9rem;\n  line-height: 1.75;\n  color: rgb(0,0,0);\n}\n#text-1136440078 > * {\n  color: rgb(0,0,0);\n}\n<\/style>\n\t<\/div>\n\t\n\t<div id=\"text-824865336\" class=\"text\">\n\t\t\n\n<h3 data-sourcepos=\"35:1-35:35\">\u2705\u00a0<strong data-sourcepos=\"35:7-35:33\">Bezpieczne opcje p\u0142atno\u015bci<\/strong><\/h3>\n<p data-sourcepos=\"36:1-36:45\">Wybierz jedn\u0105 z nast\u0119puj\u0105cych metod p\u0142atno\u015bci:<\/p>\n<ul data-sourcepos=\"37:1-40:32\">\n<li data-sourcepos=\"37:1-37:15\"><strong data-sourcepos=\"37:3-37:13\">PayPal<\/strong><\/li>\n<li data-sourcepos=\"38:1-38:58\"><strong data-sourcepos=\"38:3-38:19\">Karty kredytowe<\/strong>\u00a0(Visa, MasterCard, American Express)<\/li>\n<li data-sourcepos=\"39:1-39:40\"><strong data-sourcepos=\"39:3-39:21\">Przelewy bankowe<\/strong>\u00a0(obs\u0142ugiwane SEPA)<\/li>\n<li data-sourcepos=\"40:1-40:32\"><strong data-sourcepos=\"40:3-40:30\">P\u0142atno\u015bci kryptowalutami<\/strong><\/li>\n<\/ul>\n<p data-sourcepos=\"42:1-42:80\">Wszystkie transakcje s\u0105 chronione przez <strong data-sourcepos=\"42:35-42:53\">Szyfrowanie SSL<\/strong> aby zapewni\u0107 bezpiecze\u0144stwo danych.<\/p>\n\t\t\n<style>\n#text-824865336 {\n  font-size: 0.9rem;\n  line-height: 1.75;\n  color: rgb(0,0,0);\n}\n#text-824865336 > * {\n  color: rgb(0,0,0);\n}\n<\/style>\n\t<\/div>\n\t\n<div class=\"is-divider divider clearfix\" style=\"margin-top:15px;margin-bottom:15px;max-width:1000px;background-color:rgb(209, 209, 209);\"><\/div>\n\n\t<div id=\"text-2098615821\" class=\"text\">\n\t\t\n\n<h2 data-sourcepos=\"46:1-46:35\">\ud83c\udf0d\u00a0<strong data-sourcepos=\"46:7-46:33\">Dlaczego warto wybra\u0107 pgvape.com?<\/strong><\/h2>\n\t\t\n<style>\n#text-2098615821 {\n  color: rgb(0,0,0);\n}\n#text-2098615821 > * {\n  color: rgb(0,0,0);\n}\n<\/style>\n\t<\/div>\n\t\n\t<div id=\"text-471465869\" class=\"text\">\n\t\t\n\n<h3><strong data-sourcepos=\"48:3-48:22\">Zaufana jako\u015b\u0107<\/strong>:\u00a0<\/h3>\n<p>Ka\u017cdy produkt jest rygorystycznie testowany pod k\u0105tem bezpiecze\u0144stwa, wydajno\u015bci i dok\u0142adno\u015bci smaku.\u00a0<strong data-sourcepos=\"48:130-48:161\">Producenci posiadaj\u0105cy certyfikaty ISO<\/strong>\u00a0u\u017cywaj\u0105c\u00a0<strong data-sourcepos=\"48:168-48:195\">materia\u0142y klasy medycznej<\/strong>.<\/p>\n\t\t\n<style>\n#text-471465869 {\n  font-size: 0.9rem;\n  line-height: 1.75;\n  color: rgb(0,0,0);\n}\n#text-471465869 > * {\n  color: rgb(0,0,0);\n}\n<\/style>\n\t<\/div>\n\t\n\t<div id=\"text-2779558450\" class=\"text\">\n\t\t\n\n<h3><strong data-sourcepos=\"49:3-49:31\">Obs\u0142uga zorientowana na klienta<\/strong>:\u00a0<\/h3>\n<p>Nasz oddany zesp\u00f3\u0142 wsparcia jest dost\u0119pny 24 godziny na dob\u0119, 7 dni w tygodniu za po\u015brednictwem poczty elektronicznej i WhatsApp, aby odpowiedzie\u0107 na Twoje pytania, rozwi\u0105za\u0107 problemy i zapewni\u0107 niezr\u00f3wnane wra\u017cenia.<\/p>\n\t\t\n<style>\n#text-2779558450 {\n  font-size: 0.9rem;\n  line-height: 1.75;\n  color: rgb(0,0,0);\n}\n#text-2779558450 > * {\n  color: rgb(0,0,0);\n}\n<\/style>\n\t<\/div>\n\t\n\t<div id=\"text-1504653206\" class=\"text\">\n\t\t\n\n<h3><strong data-sourcepos=\"50:3-50:28\">Ci\u0105g\u0142e innowacje<\/strong>:\u00a0<\/h3>\n<p>Wyprzedzamy trendy w bran\u017cy, wprowadzaj\u0105c nowe smaki, projekty i technologie, kt\u00f3re usprawni\u0105 Twoj\u0105 przygod\u0119 z wapowaniem.<\/p>\n\t\t\n<style>\n#text-1504653206 {\n  font-size: 0.9rem;\n  line-height: 1.75;\n  color: rgb(0,0,0);\n}\n#text-1504653206 > * {\n  color: rgb(0,0,0);\n}\n<\/style>\n\t<\/div>\n\t\n<div class=\"is-divider divider clearfix\" style=\"margin-top:15px;margin-bottom:15px;max-width:1000px;background-color:rgb(209, 209, 209);\"><\/div>\n\n\t<div id=\"text-3623804689\" class=\"text\">\n\t\t\n\n<h2 data-sourcepos=\"54:1-54:31\">\ud83d\udce2\u00a0<strong data-sourcepos=\"54:7-54:29\">Do\u0142\u0105cz do naszej spo\u0142eczno\u015bci<\/strong><\/h2>\n\t\t\n<style>\n#text-3623804689 {\n  color: rgb(0,0,0);\n}\n#text-3623804689 > * {\n  color: rgb(0,0,0);\n}\n<\/style>\n\t<\/div>\n\t\n\t<div id=\"text-2553344513\" class=\"text\">\n\t\t\n\n<h3 data-sourcepos=\"56:1-56:103\">Jeste\u015bmy czym\u015b wi\u0119cej ni\u017c tylko mark\u0105 \u2014 jeste\u015bmy spo\u0142eczno\u015bci\u0105 waper\u00f3w, tw\u00f3rc\u00f3w i partner\u00f3w.<\/h3>\n\t\t\n<style>\n#text-2553344513 {\n  font-size: 0.9rem;\n  line-height: 1.75;\n}\n<\/style>\n\t<\/div>\n\t\n\t<div id=\"text-3291135508\" class=\"text\">\n\t\t\n\n<p><strong data-sourcepos=\"57:3-57:27\">Ekskluzywne promocje<\/strong>\u00a0i premiery nowych produkt\u00f3w.<\/p>\n\t\t\n<style>\n#text-3291135508 {\n  font-size: 0.9rem;\n  line-height: 1.75;\n  color: rgb(0,0,0);\n}\n#text-3291135508 > * {\n  color: rgb(0,0,0);\n}\n<\/style>\n\t<\/div>\n\t\n\t<div id=\"text-1329201292\" class=\"text\">\n\t\t\n\n<p><strong data-sourcepos=\"58:3-58:28\">Zasoby edukacyjne<\/strong>\u00a0aby zoptymalizowa\u0107 swoje wra\u017cenia z wapowania.<\/p>\n\t\t\n<style>\n#text-1329201292 {\n  line-height: 1.75;\n  color: rgb(0,0,0);\n}\n#text-1329201292 > * {\n  color: rgb(0,0,0);\n}\n<\/style>\n\t<\/div>\n\t\n\t<div id=\"text-3347719772\" class=\"text\">\n\t\t\n\n<p><strong data-sourcepos=\"59:3-59:36\">Inicjatywy zwi\u0105zane z opiniami klient\u00f3w<\/strong>\u00a0aby pom\u00f3c kszta\u0142towa\u0107 przysz\u0142o\u015b\u0107 pgvape.com.<\/p>\n\t\t\n<style>\n#text-3347719772 {\n  font-size: 0.9rem;\n  line-height: 1.75;\n  color: rgb(0,0,0);\n}\n#text-3347719772 > * {\n  color: rgb(0,0,0);\n}\n<\/style>\n\t<\/div>\n\t\n\t<div id=\"text-4247655979\" class=\"text\">\n\t\t\n\n<h4 data-sourcepos=\"61:1-61:90\">Zapisz si\u0119 do naszego newslettera lub \u015bled\u017a nas w mediach spo\u0142eczno\u015bciowych, aby do\u0142\u0105czy\u0107 do rozmowy!<\/h4>\n\t\t\n<style>\n#text-4247655979 {\n  font-size: 0.9rem;\n  line-height: 1.75;\n  color: rgb(0,0,0);\n}\n#text-4247655979 > * {\n  color: rgb(0,0,0);\n}\n<\/style>\n\t<\/div>\n\t\n<div class=\"is-divider divider clearfix\" style=\"margin-top:15px;margin-bottom:15px;max-width:1000px;background-color:rgb(209, 209, 209);\"><\/div>\n\n\t<div id=\"text-4195610292\" class=\"text\">\n\t\t\n\n<h2 data-sourcepos=\"65:1-65:25\">\ud83e\udd1d\u00a0<strong data-sourcepos=\"65:7-65:23\">Skontaktuj si\u0119<\/strong><\/h2>\n\t\t\n<style>\n#text-4195610292 {\n  color: rgb(0,0,0);\n}\n#text-4195610292 > * {\n  color: rgb(0,0,0);\n}\n<\/style>\n\t<\/div>\n\t\n\t<div id=\"text-3702053355\" class=\"text\">\n\t\t\n\n<h3 data-sourcepos=\"67:1-67:114\">Je\u015bli masz jakie\u015b pytania lub chcesz dowiedzie\u0107 si\u0119 wi\u0119cej o naszych produktach i us\u0142ugach, skontaktuj si\u0119 z nami:<\/h3>\n\t\t\n<style>\n#text-3702053355 {\n  font-size: 0.9rem;\n  line-height: 1.75;\n  color: rgb(0,0,0);\n}\n#text-3702053355 > * {\n  color: rgb(0,0,0);\n}\n<\/style>\n\t<\/div>\n\t\n\t<div id=\"text-3728828250\" class=\"text\">\n\t\t\n\n<h3><strong data-sourcepos=\"68:3-68:12\">E-mail<\/strong>:\u00a0<span style=\"background-color: #ffffff; color: #0000ff;\"><a style=\"background-color: #ffffff; color: #0000ff;\" href=\"\/pl\/support@pgvape.com\/\" data-sentry-component=\"CustomLink\" data-sentry-source-file=\"index.tsx\">support@pgvape.com<\/a><\/span><\/h3>\n\t\t\n<style>\n#text-3728828250 {\n  font-size: 0.9rem;\n  line-height: 1.75;\n  color: rgb(0,0,0);\n}\n#text-3728828250 > * {\n  color: rgb(0,0,0);\n}\n<\/style>\n\t<\/div>\n\t\n\t<div id=\"text-1476767959\" class=\"text\">\n\t\t\n\n<h3><strong data-sourcepos=\"69:3-69:15\">WhatsApp<\/strong>:<span style=\"background-color: #ffffff; color: #00ff00;\"> <a style=\"background-color: #ffffff; color: #00ff00;\" href=\"https:\/\/wa.me\/+8618128481258\">+8618128481258<\/a><\/span><br \/>(Odpowied\u017a w ci\u0105gu 24 godzin, 7 dni w tygodniu)<\/h3>\n\t\t\n<style>\n#text-1476767959 {\n  font-size: 0.9rem;\n  line-height: 1.75;\n  color: rgb(0,0,0);\n}\n#text-1476767959 > * {\n  color: rgb(0,0,0);\n}\n<\/style>\n\t<\/div>\n\t\n\t<div id=\"text-1972043711\" class=\"text\">\n\t\t\n\n<h4><strong data-sourcepos=\"73:1-73:38\">Dzi\u0119kujemy za wybranie pgvape.com<\/strong>\u2014 gdzie ka\u017cde zaci\u0105gni\u0119cie jest krokiem w stron\u0119 lepszych wra\u017ce\u0144 z wapowania.<\/h4>\n\t\t\n<style>\n#text-1972043711 {\n  font-size: 0.9rem;\n  line-height: 1.75;\n  color: rgb(0, 0, 0);\n}\n#text-1972043711 > * {\n  color: rgb(0, 0, 0);\n}\n<\/style>\n\t<\/div>\n\t\n<div class=\"is-divider divider clearfix\" style=\"margin-top:15px;margin-bottom:15px;max-width:1000px;background-color:rgb(209, 209, 209);\"><\/div>","protected":false},"excerpt":{"rendered":"","protected":false},"author":2,"featured_media":0,"parent":0,"menu_order":0,"comment_status":"closed","ping_status":"closed","template":"","meta":{"_seopress_robots_primary_cat":"","_seopress_titles_title":"","_seopress_titles_desc":"","_seopress_robots_index":"","footnotes":""},"class_list":["post-105","page","type-page","status-publish","hentry"],"_links":{"self":[{"href":"https:\/\/pgvape.com\/pl\/wp-json\/wp\/v2\/pages\/105","targetHints":{"allow":["GET"]}}],"collection":[{"href":"https:\/\/pgvape.com\/pl\/wp-json\/wp\/v2\/pages"}],"about":[{"href":"https:\/\/pgvape.com\/pl\/wp-json\/wp\/v2\/types\/page"}],"author":[{"embeddable":true,"href":"https:\/\/pgvape.com\/pl\/wp-json\/wp\/v2\/users\/2"}],"replies":[{"embeddable":true,"href":"https:\/\/pgvape.com\/pl\/wp-json\/wp\/v2\/comments?post=105"}],"version-history":[{"count":0,"href":"https:\/\/pgvape.com\/pl\/wp-json\/wp\/v2\/pages\/105\/revisions"}],"wp:attachment":[{"href":"https:\/\/pgvape.com\/pl\/wp-json\/wp\/v2\/media?parent=105"}],"curies":[{"name":"wp","href":"https:\/\/api.w.org\/{rel}","templated":true}]}}