{"id":7555,"date":"2025-12-07T09:52:05","date_gmt":"2025-12-07T09:52:05","guid":{"rendered":"https:\/\/pgvape.com\/?post_type=product&#038;p=7555"},"modified":"2026-03-05T14:37:54","modified_gmt":"2026-03-05T14:37:54","slug":"bang-leader-30000-30k-trekjes-dubbele-smaak-wegwerpvape-0-2-3-5-nicotine-lcd-scherm-vape-fabriek-direct","status":"publish","type":"product","link":"https:\/\/pgvape.com\/nl\/product\/bang-leader-30000-30k-trekjes-dubbele-smaak-wegwerpvape-0-2-3-5-nicotine-lcd-scherm-vape-fabriek-direct\/","title":{"rendered":"Bang leider 30000 30k Rookwolken Dubbele Smaak Wegwerp Vape 0% 2% 3% 5% Nicotine LCD Display Vape Fabriek Direct"},"content":{"rendered":"<p>Ervaar uitzonderlijke prestaties met de <strong data-sourcepos=\"7:45-7:88\">Bang Leader 30000 Rookwolken Wegwerpvape<\/strong> \u2013 Een apparaat van topniveau dat een indrukwekkende levensduur combineert met baanbrekende innovatie. <strong data-sourcepos=\"7:292-7:314\">12 Diverse smaken<\/strong>, Geavanceerd <strong data-sourcepos=\"7:325-7:347\">Mesh verwarmingsdraden<\/strong>, En dankzij de slanke, ergonomische constructie biedt dit wegwerpproduct een uitstekende stoomproductie en consistentie van de smaak, voor werkelijk bevredigende dampsessies.<img loading=\"lazy\" decoding=\"async\" class=\"alignnone wp-image-7566 size-full\" src=\"https:\/\/pgvape.com\/wp-content\/uploads\/2025\/12\/Bang-leader-30000-30k-Puffs-Double-Taste-Disposable-Vape-0-2-3-5-Nicotine-12Tastes-LCD-Display-Vape-Factory-Direct-9.png\" alt=\"Twee felgekleurde wegwerpvape-apparaten \u2013 \u00e9\u00e9n neongroen en \u00e9\u00e9n cyaanblauw \u2013 elk met een brullende katachtige illustratie en &#039;BANG LEADER&#039;-logo, zwevend boven een gloeiend blauwgroen voetstuk tegen een geometrische achtergrond, met nabijgelegen pictogrammen die 36 ml, 550 mAh, 30.000 trekjes, mesh-spiraal en een afbeelding met een roterende sigarettenhouder tonen.\" width=\"1920\" height=\"899\" srcset=\"https:\/\/pgvape.com\/wp-content\/uploads\/2025\/12\/Bang-leader-30000-30k-Puffs-Double-Taste-Disposable-Vape-0-2-3-5-Nicotine-12Tastes-LCD-Display-Vape-Factory-Direct-9.png 1920w, https:\/\/pgvape.com\/wp-content\/uploads\/2025\/12\/Bang-leader-30000-30k-Puffs-Double-Taste-Disposable-Vape-0-2-3-5-Nicotine-12Tastes-LCD-Display-Vape-Factory-Direct-9-555x260.png 555w, https:\/\/pgvape.com\/wp-content\/uploads\/2025\/12\/Bang-leader-30000-30k-Puffs-Double-Taste-Disposable-Vape-0-2-3-5-Nicotine-12Tastes-LCD-Display-Vape-Factory-Direct-9-595x279.png 595w, https:\/\/pgvape.com\/wp-content\/uploads\/2025\/12\/Bang-leader-30000-30k-Puffs-Double-Taste-Disposable-Vape-0-2-3-5-Nicotine-12Tastes-LCD-Display-Vape-Factory-Direct-9-400x187.png 400w, https:\/\/pgvape.com\/wp-content\/uploads\/2025\/12\/Bang-leader-30000-30k-Puffs-Double-Taste-Disposable-Vape-0-2-3-5-Nicotine-12Tastes-LCD-Display-Vape-Factory-Direct-9-768x360.png 768w, https:\/\/pgvape.com\/wp-content\/uploads\/2025\/12\/Bang-leader-30000-30k-Puffs-Double-Taste-Disposable-Vape-0-2-3-5-Nicotine-12Tastes-LCD-Display-Vape-Factory-Direct-9-1536x719.png 1536w, https:\/\/pgvape.com\/wp-content\/uploads\/2025\/12\/Bang-leader-30000-30k-Puffs-Double-Taste-Disposable-Vape-0-2-3-5-Nicotine-12Tastes-LCD-Display-Vape-Factory-Direct-9-18x8.png 18w, https:\/\/pgvape.com\/wp-content\/uploads\/2025\/12\/Bang-leader-30000-30k-Puffs-Double-Taste-Disposable-Vape-0-2-3-5-Nicotine-12Tastes-LCD-Display-Vape-Factory-Direct-9-600x281.png 600w\" sizes=\"auto, (max-width: 1920px) 100vw, 1920px\" \/><\/p>\n<p>&nbsp;<\/p>\n<h2><span style=\"font-size: 90%;\">Bang leader 30000 30k Rookwolken Dubbele Smaak Wegwerp Vape Specificatie<\/span><\/h2>\n<p><strong data-sourcepos=\"12:3-12:21\">Bladerdeegcapaciteit:<\/strong>\u00a0Tot\u00a0<strong data-sourcepos=\"12:28-12:44\">30.000 trekjes<\/strong><\/p>\n<p><strong data-sourcepos=\"13:3-13:23\">E-vloeistofvolume:<\/strong>\u00a0<strong data-sourcepos=\"13:24-13:32\">36 ml<\/strong><\/p>\n<p><strong data-sourcepos=\"14:3-14:15\">Batterij:<\/strong>\u00a0<strong data-sourcepos=\"14:16-14:37\">550 mAh ge\u00efntegreerd<\/strong>\u00a0Met USB-opladen<\/p>\n<p><strong data-sourcepos=\"15:3-15:15\">Weergave:<\/strong>\u00a0Interactief LCD-scherm met batterij- en e-vloeistofstatus<\/p>\n<p><strong data-sourcepos=\"16:3-16:17\">Roltype:<\/strong>\u00a0<strong data-sourcepos=\"16:18-16:36\">1,0\u03a9 gaasdraad<\/strong>\u00a0Voor superieure verwarming<\/p>\n<p><strong data-sourcepos=\"17:3-17:16\">Functies:<\/strong>\u00a0<strong data-sourcepos=\"17:17-17:39\">Verstelbare luchtstroom<\/strong>\u00a0\u2022\u00a0<strong data-sourcepos=\"17:42-17:60\">Teken-geactiveerd<\/strong>\u00a0\u2022\u00a0<strong data-sourcepos=\"17:63-17:90\">Compact draagbaar ontwerp<\/strong><\/p>\n<p><strong data-sourcepos=\"18:3-18:24\">Nicotine-opties:<\/strong>\u00a0<strong data-sourcepos=\"18:25-18:46\">0%, 2%, 3% of 5%<\/strong><\/p>\n<p>&nbsp;<\/p>\n<h3><span style=\"font-size: 90%;\">Bang leader 30000 30k Puffs Double Taste Wegwerp Vape-smaaklijst<\/span><\/h3>\n<p><strong data-sourcepos=\"24:4-24:39\">1. Watermeloenijs \/ Bosbessenmunt<\/strong><\/p>\n<p><strong data-sourcepos=\"25:4-25:41\">2. Watermeloenijs \/ Aardbeienmango<\/strong><\/p>\n<p><strong data-sourcepos=\"26:4-26:56\">3. Aardbei Watermeloen \/ Kiwi Passievrucht Guave<\/strong><\/p>\n<p><strong data-sourcepos=\"27:4-27:41\">4. Aardbei-watermeloen \/ druivenijs<\/strong><\/p>\n<p><strong data-sourcepos=\"28:4-28:52\">5. Bosbes Framboos \/ Perzik Mango Watermeloen<\/strong><\/p>\n<p><strong data-sourcepos=\"29:4-29:48\">6. Bosbessenframboos \/ gemengd beschimmeld fruit<\/strong><\/p>\n<p><strong data-sourcepos=\"30:4-30:40\">7. Bosbessenijs \/ Zwart Drakenijs<\/strong><\/p>\n<p><strong data-sourcepos=\"31:4-31:41\">8. Bosbessenijs \/ Aardbeienbanaan<\/strong><\/p>\n<p><strong data-sourcepos=\"32:4-32:39\">9.Red Bull \/ Bosbessenwatermeloen<\/strong><\/p>\n<p><strong data-sourcepos=\"33:5-33:43\">10. Red Bull \/ Watermeloen Bubble Candy<\/strong><\/p>\n<p><strong data-sourcepos=\"34:5-34:36\">11. Aardbei-kiwi \/ perzikijs<\/strong><\/p>\n<p><strong data-sourcepos=\"35:5-35:47\">12. Aardbei Kiwi \/ Zure Appel Framboos<img loading=\"lazy\" decoding=\"async\" class=\"alignnone wp-image-7561 size-full\" src=\"https:\/\/pgvape.com\/wp-content\/uploads\/2025\/12\/Bang-leader-30000-30k-Puffs-Double-Taste-Disposable-Vape-0-2-3-5-Nicotine-12Tastes-LCD-Display-Vape-Factory-Direct-4.png\" alt=\"Rij van twaalf felgekleurde rechthoekige &#039;Bang Leader&#039; wegwerpvape-apparaten met zwarte mondstukken, elk voorzien van een gestileerd tijgerkoplogo en smaaknamen op levendige gradi\u00ebntpanelen tegen een paarse rokerige achtergrond en de kop &#039;Bang leader 30k Puffs Double Taste Wegwerp Vape&#039; aan de bovenkant.\" width=\"1600\" height=\"1026\" srcset=\"https:\/\/pgvape.com\/wp-content\/uploads\/2025\/12\/Bang-leader-30000-30k-Puffs-Double-Taste-Disposable-Vape-0-2-3-5-Nicotine-12Tastes-LCD-Display-Vape-Factory-Direct-4.png 1600w, https:\/\/pgvape.com\/wp-content\/uploads\/2025\/12\/Bang-leader-30000-30k-Puffs-Double-Taste-Disposable-Vape-0-2-3-5-Nicotine-12Tastes-LCD-Display-Vape-Factory-Direct-4-555x356.png 555w, https:\/\/pgvape.com\/wp-content\/uploads\/2025\/12\/Bang-leader-30000-30k-Puffs-Double-Taste-Disposable-Vape-0-2-3-5-Nicotine-12Tastes-LCD-Display-Vape-Factory-Direct-4-595x382.png 595w, https:\/\/pgvape.com\/wp-content\/uploads\/2025\/12\/Bang-leader-30000-30k-Puffs-Double-Taste-Disposable-Vape-0-2-3-5-Nicotine-12Tastes-LCD-Display-Vape-Factory-Direct-4-400x257.png 400w, https:\/\/pgvape.com\/wp-content\/uploads\/2025\/12\/Bang-leader-30000-30k-Puffs-Double-Taste-Disposable-Vape-0-2-3-5-Nicotine-12Tastes-LCD-Display-Vape-Factory-Direct-4-768x492.png 768w, https:\/\/pgvape.com\/wp-content\/uploads\/2025\/12\/Bang-leader-30000-30k-Puffs-Double-Taste-Disposable-Vape-0-2-3-5-Nicotine-12Tastes-LCD-Display-Vape-Factory-Direct-4-1536x985.png 1536w, https:\/\/pgvape.com\/wp-content\/uploads\/2025\/12\/Bang-leader-30000-30k-Puffs-Double-Taste-Disposable-Vape-0-2-3-5-Nicotine-12Tastes-LCD-Display-Vape-Factory-Direct-4-18x12.png 18w, https:\/\/pgvape.com\/wp-content\/uploads\/2025\/12\/Bang-leader-30000-30k-Puffs-Double-Taste-Disposable-Vape-0-2-3-5-Nicotine-12Tastes-LCD-Display-Vape-Factory-Direct-4-600x385.png 600w\" sizes=\"auto, (max-width: 1600px) 100vw, 1600px\" \/><\/strong><\/p>\n<p>&nbsp;<\/p>\n<h3><span style=\"font-size: 90%;\">Bang leader 30000 30k Rookwolken Dubbele Smaak Wegwerp Vape Video:<\/span><\/h3>\n<p>&nbsp;<\/p>\n<h2 class=\"header-vfC6AV auto-hide-last-sibling-br\"><span style=\"font-size: 90%;\">Veelgestelde vragen over Bang Leader 30000 30k Puffs Double Taste wegwerpvape<\/span><\/h2>\n<p>\u2753 <strong class=\"\">Hoe wissel ik de twee smaken?<\/strong><br \/>\n\u2705 <strong>Dubbele smaak<\/strong> structuur: veeg om tussen de <strong>gepaarde smaken<\/strong> onmiddellijk.<\/p>\n<p>\u2753 <strong class=\"\">Hoeveel trekjes per apparaat?<\/strong><br \/>\n\u2705 Fabriekswaarde <strong>tot 30.000 trekjes<\/strong>, het werkelijke aantal varieert met de treksterkte.<\/p>\n<p>\u2753 <strong class=\"\">Hoe controleer ik de batterij of vloeistof?<\/strong><br \/>\n\u2705 <strong class=\"\">Digitaal LCD-display<\/strong> toont realtime <strong>batterij<\/strong> En <strong>resterende e-vloeistof<\/strong>.<\/p>\n<p>\u2753 <strong class=\"\">Welke nicotinesterktes zijn er beschikbaar?<\/strong><br \/>\n\u2705 <strong class=\"\">0 %, 2 %, 3 %, 5 %<\/strong>\u2014versie bevestigen bij bestelling.<\/p>\n<p>\u2753 <strong class=\"\">Is het apparaat oplaadbaar?<\/strong><br \/>\n\u2705 Ingebouwd <strong class=\"\">550mAh<\/strong> batterij met <strong class=\"\">Type-C<\/strong> poort voor snel opwaarderen.<\/p>\n<p>\u2753 <strong class=\"\">Kan ik de luchtstroom aanpassen?<\/strong><br \/>\n\u2705 <strong class=\"\">Verstelbare luchtstroom<\/strong> laat je kiezen <strong class=\"\">strak, medium of open<\/strong> tekenen.<\/p>\n<p>&nbsp;<\/p>\n<h3 id=\"brxe-najhln\" class=\"brxe-heading\">Veelgestelde vragen (FAQ)<\/h3>\n<div id=\"brxe-rajiac\" class=\"brxe-text\">\n<p><strong>Vraag: Welke betaalmethoden accepteert u?<\/strong><br \/>\nA: Wij accepteren PayPal, Stripe, bankoverschrijvingen (SEPA ondersteund), de belangrijkste creditcards (Visa, MasterCard, American Express) en cryptocurrency-betalingen.<\/p>\n<p><strong>Vraag: Hoe lang duurt het voorbereiden van de bestelling?<\/strong><br \/>\nA: Het voorbereiden van bestellingen duurt 1-3 werkdagen.<\/p>\n<p><strong>Vraag: Wat is de levertijd?<\/strong><br \/>\nA: De verzendtijd bedraagt \u200b\u200b7-14 werkdagen, afhankelijk van uw locatie.<\/p>\n<p><strong>Vraag: Hoe kan ik mijn bestelling volgen?<\/strong><br \/>\nA: Na verzending ontvangt u een bevestigingsmail met een trackingnummer voor realtime tracking.<\/p>\n<p><strong>Vraag: Wat is uw retourbeleid?<\/strong><br \/>\nA: We bieden een retourbeleid van 30 dagen voor terugbetalingen of omruilingen. .<\/p>\n<p><strong>Vraag: Zijn er douaneproblemen?<br \/>\n<\/strong>Wij verzorgen alle inklaringsprocedures om u een probleemloze ervaring te garanderen. .<\/p>\n<p><strong>Vraag: Welke verzendmethoden worden gebruikt?<\/strong><br \/>\nWij werken samen met UPS\/DHL\/FEDEX\/DPD etc. Afhankelijk van het land van levering kiezen wij de juiste verzendoptie om ervoor te zorgen dat u uw producten zo snel mogelijk ontvangt.<\/p>\n<p><a href=\"https:\/\/pgvape.com\/nl\/veelgestelde-vragen\/\">Klik hier voor meer veelgestelde vragen<\/a><\/p>\n<p>Beste klanten, Als u vragen heeft over uw bestelling of de aankomst van goederen, neem dan contact op met onze klantenservice. Bedankt!<\/p>\n<h3 data-sourcepos=\"73:1-73:21\"><strong data-sourcepos=\"73:7-73:21\">Neem contact met ons op<\/strong><\/h3>\n<div id=\"text-2419739398\" class=\"text\">\n<p><strong data-sourcepos=\"75:3-75:12\">E-mail<\/strong>:\u00a0<a href=\"mailto:support@pgvape.com\"><strong>support@pgvape.com<\/strong><\/a><\/p>\n<p><strong data-sourcepos=\"76:3-76:15\">WhatsAppen<\/strong>:\u00a0<a href=\"https:\/\/wa.me\/+8618128481258\"><strong>+86 18128481258<\/strong><\/a><br \/>\n<strong>(Reactie binnen 24 uur op werkdagen)<\/strong><\/p>\n<\/div>\n<h3><strong>Bedankt dat u voor pgvape.com hebt gekozen! .<\/strong><\/h3>\n<\/div>","protected":false},"excerpt":{"rendered":"<p><strong>Bang Leader 30000<\/strong> \u2014 <strong>30K trekjes<\/strong>, <strong>36 ml<\/strong>, <strong>Dubbele smaak<\/strong>, <strong>LCD-scherm<\/strong>, <strong>1,0 \u03a9 gaas<\/strong>, <strong>Type-C<\/strong>, <strong>Verstelbare luchtstroom<\/strong>, <strong>0-5% Nic<\/strong>. <strong>Schuif, schakel, geniet<\/strong>.<\/p>","protected":false},"featured_media":7560,"comment_status":"open","ping_status":"closed","template":"","meta":{"_seopress_robots_primary_cat":"none","_seopress_titles_title":"","_seopress_titles_desc":"","_seopress_robots_index":""},"product_brand":[54,516],"product_cat":[35,32,515],"product_tag":[349,497,90,68,352],"class_list":{"0":"post-7555","1":"product","2":"type-product","3":"status-publish","4":"has-post-thumbnail","6":"product_brand-bang-leader-vape","7":"product_brand-disposable-vape","8":"product_cat-30k-puffs-vape","9":"product_cat-bang-leader-vape","10":"product_cat-disposable-vape","11":"product_tag-30k-puffs-vape","12":"product_tag-bang-leader-30000","13":"product_tag-disposable-vape","14":"product_tag-double-taste","15":"product_tag-dual-pod","17":"first","18":"outofstock","19":"sale","20":"shipping-taxable","21":"purchasable","22":"product-type-variable"},"_links":{"self":[{"href":"https:\/\/pgvape.com\/nl\/wp-json\/wp\/v2\/product\/7555","targetHints":{"allow":["GET"]}}],"collection":[{"href":"https:\/\/pgvape.com\/nl\/wp-json\/wp\/v2\/product"}],"about":[{"href":"https:\/\/pgvape.com\/nl\/wp-json\/wp\/v2\/types\/product"}],"replies":[{"embeddable":true,"href":"https:\/\/pgvape.com\/nl\/wp-json\/wp\/v2\/comments?post=7555"}],"wp:featuredmedia":[{"embeddable":true,"href":"https:\/\/pgvape.com\/nl\/wp-json\/wp\/v2\/media\/7560"}],"wp:attachment":[{"href":"https:\/\/pgvape.com\/nl\/wp-json\/wp\/v2\/media?parent=7555"}],"wp:term":[{"taxonomy":"product_brand","embeddable":true,"href":"https:\/\/pgvape.com\/nl\/wp-json\/wp\/v2\/product_brand?post=7555"},{"taxonomy":"product_cat","embeddable":true,"href":"https:\/\/pgvape.com\/nl\/wp-json\/wp\/v2\/product_cat?post=7555"},{"taxonomy":"product_tag","embeddable":true,"href":"https:\/\/pgvape.com\/nl\/wp-json\/wp\/v2\/product_tag?post=7555"}],"curies":[{"name":"wp","href":"https:\/\/api.w.org\/{rel}","templated":true}]}}