{"id":9401,"date":"2026-03-13T06:10:06","date_gmt":"2026-03-13T06:10:06","guid":{"rendered":"https:\/\/pgvape.com\/?post_type=product&#038;p=9401"},"modified":"2026-03-19T15:35:10","modified_gmt":"2026-03-19T15:35:10","slug":"bang-legend-300000-300k-sbuffi-8in1-sapore-usa-e-getta-vape-0-2-3-5nicotina-12taste-schermo-led-vape-allingrosso-della-fabbrica","status":"publish","type":"product","link":"https:\/\/pgvape.com\/it\/prodotto\/bang-legend-300000-300k-sbuffi-8in1-sapore-usa-e-getta-vape-0-2-3-5nicotina-12taste-schermo-led-vape-allingrosso-della-fabbrica\/","title":{"rendered":"Bang Legend 300000 300k soffi 8in1 sapore monouso Vape 0% 2% 3% 5%Nicotina 12 gusti schermo LED Vape all'ingrosso della fabbrica"},"content":{"rendered":"<p><strong>Bang Leggenda 300K<\/strong> consegna <strong class=\"\">300.000 sbuffi<\/strong> da <strong class=\"\">40 ml<\/strong> di e-liquid, alimentato da <strong>quattro bobine mesh 1.0 \u03a9<\/strong>, UN <strong class=\"\">850 mAh di tipo C<\/strong> batteria e un <strong>Schermo LED<\/strong>.<br \/>\n<strong>Sistema di aromi 8 in 1<\/strong>, <strong>0 % \/ 2 % \/ 3 % \/ 5 %<\/strong> nicotina e <strong>12 combinazioni di sapori diversi<\/strong> darti <strong>estrema longevit\u00e0, massima variet\u00e0, comodit\u00e0 moderna<\/strong>\u2013 il massimo <strong>usa e getta ad alta capacit\u00e0<\/strong>.<\/p>\n<p>&nbsp;<\/p>\n<h2><span style=\"font-size: 90%;\">Bang Legend 300000 300k Puffs 8in1 Vape usa e getta <strong>Specifiche:<\/strong><\/span><\/h2>\n<p><strong>Soffi<\/strong>: Fino a <strong>300,000<\/strong> \u2013 estremamente duraturo<\/p>\n<p><strong>E-Liquido<\/strong>: <strong>40 ml<\/strong> \u2013 utilizzo prolungato senza sostituzione<\/p>\n<p><strong>Sistema di sapori<\/strong>: <strong>8-in-1<\/strong> \u2013 combinazioni multiple, un unico dispositivo<\/p>\n<p><strong>Bobine<\/strong>: <strong>Maglia 4 \u00d7 1.0 \u03a9<\/strong> \u2013 sapore pi\u00f9 ricco, vapore pi\u00f9 morbido<\/p>\n<p><strong>Batteria<\/strong>: <strong>850 mAh<\/strong>, <strong>Tipo C<\/strong> ricarica rapida: prestazioni quotidiane stabili<\/p>\n<p><strong>Display<\/strong>: <strong class=\"\">Schermo LED<\/strong> \u2013 stato della batteria a colpo d'occhio<\/p>\n<p><strong>Nicotina<\/strong>: <strong>0 %, 2 %, 3 %, 5 %<\/strong> \u2013 flessibile per tutte le preferenze<\/p>\n<p><strong>Progetto<\/strong>: Moderno, pratico, pronto per tutti i giorni<\/p>\n<p>&nbsp;<\/p>\n<h3><span style=\"font-size: 90%;\">Bang Legend 300000 300k Puffs 8in1 Vape usa e getta <strong>Elenco dei gusti:<\/strong><\/span><\/h3>\n<p><strong>1.Anguria di mamba e mango alla pesca, bevanda energetica e ghiaccio all'uva<\/strong><\/p>\n<p><strong>2. Frutto della passione, mango, pesca, ananas, mirtillo, lampone e ghiaccio all'anguria<\/strong><\/p>\n<p><strong>3. Arancia amara al limone, pesca al mango, ghiaccio all'anguria e ghiaccio ai frutti di bosco<\/strong><\/p>\n<p><strong>4. Mela, pera, fragola, mango, fragola, anguria e mirtillo ghiacciato<\/strong><\/p>\n<p><strong>5.Anguria Bacche E Mango Pesca Albicocca E Fragola Kiwi E Pesca Mango Anguria<\/strong><\/p>\n<p><strong>6.Summer Time &amp; Mango Ice &amp; Love 66 &amp; Sour Mango Ananas<\/strong><\/p>\n<p><strong>7. Kiwi Frutto della passione Guava e ghiaccio all'uva &amp; Baci appassionati e Pesca acida all'anguria<\/strong><\/p>\n<p><strong>8. Anguria Pitaya e mela, pera e frutto della passione, kiwi, lime e mirtillo, pesca ghiacciata<\/strong><\/p>\n<p><strong>9. Gelato alla fragola, banana, frutti di bosco, mirtillo e ghiaccio Fuji<\/strong><\/p>\n<p><strong>10. Orsetto gommoso e frutti di bosco misti, fragola, anguria e lime<\/strong><\/p>\n<p><strong>11. Gomma da masticare all'anguria e mirtillo, pesca, ghiaccio, melone, mela e fragola, banana<\/strong><\/p>\n<p><strong>12. Anguria, pesca acida e ghiaccio al mirtillo, ciliegia della California e mango alla fragola<img loading=\"lazy\" decoding=\"async\" class=\"alignnone wp-image-9406 size-full\" src=\"https:\/\/pgvape.com\/wp-content\/uploads\/2026\/03\/Bang-Legend-300000-300k-Puffs-8-in-1-Flavor-Disposable-Vape-0-2-3-5Nicotine-12Taste-LED-Screen-Vape-Factory-Wholesale-3.png\" alt=\"Lattine assortite per bevanda energetica Bang Legend 8in1 con scimmie cartoon dai colori vivaci, disposte in due file su sfondo neon.\" width=\"1976\" height=\"1909\" srcset=\"https:\/\/pgvape.com\/wp-content\/uploads\/2026\/03\/Bang-Legend-300000-300k-Puffs-8-in-1-Flavor-Disposable-Vape-0-2-3-5Nicotine-12Taste-LED-Screen-Vape-Factory-Wholesale-3.png 1976w, https:\/\/pgvape.com\/wp-content\/uploads\/2026\/03\/Bang-Legend-300000-300k-Puffs-8-in-1-Flavor-Disposable-Vape-0-2-3-5Nicotine-12Taste-LED-Screen-Vape-Factory-Wholesale-3-373x360.png 373w, https:\/\/pgvape.com\/wp-content\/uploads\/2026\/03\/Bang-Legend-300000-300k-Puffs-8-in-1-Flavor-Disposable-Vape-0-2-3-5Nicotine-12Taste-LED-Screen-Vape-Factory-Wholesale-3-595x575.png 595w, https:\/\/pgvape.com\/wp-content\/uploads\/2026\/03\/Bang-Legend-300000-300k-Puffs-8-in-1-Flavor-Disposable-Vape-0-2-3-5Nicotine-12Taste-LED-Screen-Vape-Factory-Wholesale-3-400x386.png 400w, https:\/\/pgvape.com\/wp-content\/uploads\/2026\/03\/Bang-Legend-300000-300k-Puffs-8-in-1-Flavor-Disposable-Vape-0-2-3-5Nicotine-12Taste-LED-Screen-Vape-Factory-Wholesale-3-768x742.png 768w, https:\/\/pgvape.com\/wp-content\/uploads\/2026\/03\/Bang-Legend-300000-300k-Puffs-8-in-1-Flavor-Disposable-Vape-0-2-3-5Nicotine-12Taste-LED-Screen-Vape-Factory-Wholesale-3-1536x1484.png 1536w, https:\/\/pgvape.com\/wp-content\/uploads\/2026\/03\/Bang-Legend-300000-300k-Puffs-8-in-1-Flavor-Disposable-Vape-0-2-3-5Nicotine-12Taste-LED-Screen-Vape-Factory-Wholesale-3-12x12.png 12w, https:\/\/pgvape.com\/wp-content\/uploads\/2026\/03\/Bang-Legend-300000-300k-Puffs-8-in-1-Flavor-Disposable-Vape-0-2-3-5Nicotine-12Taste-LED-Screen-Vape-Factory-Wholesale-3-600x580.png 600w\" sizes=\"auto, (max-width: 1976px) 100vw, 1976px\" \/><\/strong><\/p>\n<p>&nbsp;<\/p>\n<h2>Domande frequenti su Bang Legend 300000 300k Puffs 8in1 Flavor Vape usa e getta<\/h2>\n<p>\u2753 <strong>Quanti soffi?<\/strong><br \/>\n\u2705 <strong>Fino a 300.000<\/strong> \u2013 esperienza estremamente duratura.<\/p>\n<p>\u2753 <strong>Sono disponibili dosaggi di nicotina?<\/strong><br \/>\n\u2705 <strong>0 %, 2 %, 3 %, 5 %<\/strong> \u2013 scegli il tuo livello preferito.<\/p>\n<p>\u2753 <strong>\u00c8 ricaricabile?<\/strong><br \/>\n\u2705 <strong class=\"\">S\u00cc<\/strong> \u2013 <strong>850 mAh<\/strong> batteria con <strong>Tipo C<\/strong> ricarica rapida.<\/p>\n<p>\u2753 <strong>Cosa lo rende unico?<\/strong><br \/>\n\u2705 <strong>Gusti 8 in 1<\/strong> + <strong>bobine quad-mesh<\/strong> + <strong>Display a LED<\/strong> + <strong>Capacit\u00e0 40ml<\/strong> = versatile, durevole, performante.<\/p>\n<p>\u2753 <strong>Dove acquistare?<\/strong><br \/>\n\u2705Disponibile su <strong>KingApeVape<\/strong> \u2013 ampia gamma di monouso e aromi ad alta capacit\u00e0.<\/p>\n<p>&nbsp;<\/p>\n<h3 id=\"brxe-najhln\" class=\"brxe-heading\">Domande frequenti (FAQ)<\/h3>\n<div id=\"brxe-rajiac\" class=\"brxe-text\">\n<p><strong>D: Quali metodi di pagamento accettate?<\/strong><br \/>\nR: Accettiamo PayPal, Stripe, bonifici bancari (supportati SEPA), le principali carte di credito (Visa, MasterCard, American Express) e pagamenti in criptovaluta.<\/p>\n<p><strong>D: Quanto tempo richiede la preparazione dell'ordine?<\/strong><br \/>\nR: La preparazione dell'ordine richiede 1-3 giorni lavorativi.<\/p>\n<p><strong>D: Qual \u00e8 il tempo di spedizione?<\/strong><br \/>\nR: Il tempo di spedizione \u00e8 di 7-14 giorni lavorativi, a seconda della localit\u00e0. Le merci spedite dai magazzini europei richiedono in genere 3-6 giorni lavorativi per la consegna.<\/p>\n<p><strong>D: Come posso monitorare il mio ordine?<\/strong><br \/>\nR: Dopo la spedizione riceverai un'e-mail di conferma con un numero di tracciabilit\u00e0 per il monitoraggio in tempo reale.<\/p>\n<p><strong>D: Qual \u00e8 la vostra politica di restituzione?<\/strong><br \/>\nR: Offriamo una politica di restituzione di 30 giorni per rimborsi o cambi. .<\/p>\n<p><strong>D: Ci saranno problemi doganali?<br \/>\n<\/strong>Gestiamo tutte le procedure di sdoganamento per garantirti un'esperienza senza problemi. .<\/p>\n<p><strong>D: Quali metodi di spedizione vengono utilizzati?<\/strong><br \/>\nCollaboriamo con UPS\/DHL\/FEDEX\/DPD, ecc. Sceglieremo l'opzione di spedizione appropriata a seconda del paese di consegna per assicurarti di ricevere i tuoi prodotti il \u200b\u200bpi\u00f9 rapidamente possibile.<\/p>\n<p><a href=\"https:\/\/pgvape.com\/it\/domande-frequenti\/\">Fare clic qui per ulteriori domande frequenti<\/a><\/p>\n<p>Cari clienti, se avete domande sul vostro ordine o sull'arrivo della merce, contattate il nostro servizio clienti. Grazie!<\/p>\n<h3 data-sourcepos=\"73:1-73:21\"><strong data-sourcepos=\"73:7-73:21\">Contattaci<\/strong><\/h3>\n<div id=\"text-2419739398\" class=\"text\">\n<p><strong data-sourcepos=\"75:3-75:12\">E-mail<\/strong>:\u00a0<a href=\"mailto:support@pgvape.com\"><strong>support@pgvape.com<\/strong><\/a><\/p>\n<p><strong data-sourcepos=\"76:3-76:15\">Whatsapp<\/strong>:\u00a0<a href=\"https:\/\/wa.me\/+8618128481258\"><strong>+86 18128481258<\/strong><\/a><br \/>\n<strong>(Risposta entro 24 ore nei giorni lavorativi)<\/strong><\/p>\n<\/div>\n<h3><strong>Grazie per aver scelto pgvape.com! .<\/strong><\/h3>\n<\/div>","protected":false},"excerpt":{"rendered":"<p><strong>Bang Leggenda 300000<\/strong> <strong>300k sbuffi<\/strong>, <strong>40 ml<\/strong>, <strong>Gusti 8 in 1<\/strong>, <strong>maglia quadrupla<\/strong>, <strong>Display a LED<\/strong>, <strong>Tipo C<\/strong>, <strong>0-5% nic<\/strong>.<strong>Capacit\u00e0 leggendaria, otto sapori, uno svapo epico.<\/strong><\/p>","protected":false},"featured_media":9405,"comment_status":"open","ping_status":"closed","template":"","meta":{"_seopress_robots_primary_cat":"none","_seopress_titles_title":"%%post_title%%","_seopress_titles_desc":"","_seopress_robots_index":""},"product_brand":[72,516],"product_cat":[517,71,515],"product_tag":[519,601,603,606,90,490],"class_list":{"0":"post-9401","1":"product","2":"type-product","3":"status-publish","4":"has-post-thumbnail","6":"product_brand-bang-legend-vape","7":"product_brand-disposable-vape","8":"product_cat-300k-puffs-vape","9":"product_cat-bang-legend-vape","10":"product_cat-disposable-vape","11":"product_tag-300k-puffs-vape","12":"product_tag-8in1-flavor","13":"product_tag-bang-legend-300000","14":"product_tag-bang-legend-vape","15":"product_tag-disposable-vape","16":"product_tag-minimum-2-pieces","18":"first","19":"instock","20":"sale","21":"shipping-taxable","22":"purchasable","23":"product-type-variable"},"_links":{"self":[{"href":"https:\/\/pgvape.com\/it\/wp-json\/wp\/v2\/product\/9401","targetHints":{"allow":["GET"]}}],"collection":[{"href":"https:\/\/pgvape.com\/it\/wp-json\/wp\/v2\/product"}],"about":[{"href":"https:\/\/pgvape.com\/it\/wp-json\/wp\/v2\/types\/product"}],"replies":[{"embeddable":true,"href":"https:\/\/pgvape.com\/it\/wp-json\/wp\/v2\/comments?post=9401"}],"wp:featuredmedia":[{"embeddable":true,"href":"https:\/\/pgvape.com\/it\/wp-json\/wp\/v2\/media\/9405"}],"wp:attachment":[{"href":"https:\/\/pgvape.com\/it\/wp-json\/wp\/v2\/media?parent=9401"}],"wp:term":[{"taxonomy":"product_brand","embeddable":true,"href":"https:\/\/pgvape.com\/it\/wp-json\/wp\/v2\/product_brand?post=9401"},{"taxonomy":"product_cat","embeddable":true,"href":"https:\/\/pgvape.com\/it\/wp-json\/wp\/v2\/product_cat?post=9401"},{"taxonomy":"product_tag","embeddable":true,"href":"https:\/\/pgvape.com\/it\/wp-json\/wp\/v2\/product_tag?post=9401"}],"curies":[{"name":"wp","href":"https:\/\/api.w.org\/{rel}","templated":true}]}}