{"id":9152,"date":"2026-03-07T09:09:35","date_gmt":"2026-03-07T09:09:35","guid":{"rendered":"https:\/\/pgvape.com\/?post_type=product&#038;p=9152"},"modified":"2026-03-15T14:05:19","modified_gmt":"2026-03-15T14:05:19","slug":"uwin-digital-box-68000-68k-sbuffi-vape-usa-e-getta-0-2-3-5nicotina-10gusto-display-digitale-a-led","status":"publish","type":"product","link":"https:\/\/pgvape.com\/it\/prodotto\/uwin-digital-box-68000-68k-sbuffi-vape-usa-e-getta-0-2-3-5nicotina-10gusto-display-digitale-a-led\/","title":{"rendered":"Uwin Digital Box 68000 68k Soffi Vape usa e getta 0% 2% 3% 5% Display digitale a LED con nicotina 10 gusti"},"content":{"rendered":"<p><strong>Scatola digitale Uwin 68K<\/strong> consegna <strong>68.000 sbuffi<\/strong> da <strong>20 ml<\/strong> di e-liquid, alimentato da a <strong>650 mAh di tipo C<\/strong> batteria e <strong>0.6 Bobine a doppia maglia \u03a9<\/strong>.<br \/>\n<strong>Display intelligente del liquido e della batteria<\/strong>, <strong>0 % \/ 2 % \/ 3 % \/ 5 %<\/strong> opzioni di nicotina e <strong>10 gusti premium<\/strong> darti <strong class=\"\">massima capacit\u00e0, massimo controllo<\/strong>\u2014<strong>10 pezzi\/scatola<\/strong>, pronto per la vendita al dettaglio\/all'ingrosso.<\/p>\n<p>&nbsp;<\/p>\n<h2><span style=\"font-size: 90%;\">Specifiche di Vape usa e getta Uwin Digital Box 68000 68k<\/span><\/h2>\n<p><strong>Soffi<\/strong>: Fino a <strong>68,000<\/strong><\/p>\n<p><strong>E-Liquido<\/strong>: <strong>20 ml<\/strong> precompilato<\/p>\n<p><strong>Nicotina<\/strong>: <strong>0 %, 2 %, 3 %, 5 %<\/strong> \u2013 quattro opzioni di forza<\/p>\n<p><strong>Batteria<\/strong>: <strong>650 mAh<\/strong>, <strong>Tipo C<\/strong> carica veloce<\/p>\n<p><strong>Bobina<\/strong>: <strong>0.6 \u03a9 doppia maglia<\/strong> \u2013 riscaldamento pi\u00f9 rapido, vapore pi\u00f9 denso, sapore pi\u00f9 ricco<\/p>\n<p><strong>Display<\/strong>: <strong>Digitale intelligente<\/strong> \u2013 Livelli di liquidi e batteria in tempo reale<\/p>\n<p><strong>Pacchetto<\/strong>: <strong class=\"\">10 pezzi\/scatola<\/strong> \u2013 ideale per la vendita al dettaglio e all'ingrosso<\/p>\n<p><strong>Progetto<\/strong>: Elegante, moderno, ottimizzato per utenti pesanti<\/p>\n<p>&nbsp;<\/p>\n<h3><span style=\"font-size: 90%;\">Elenco dei sapori di Vape usa e getta Uwin Digital Box 68000 68k<\/span><\/h3>\n<p><strong>1. Lampone Mirtillo<\/strong><\/p>\n<p><strong>2. Anguria alla fragola<\/strong><\/p>\n<p><strong>3. Ghiaccio all'anguria<\/strong><\/p>\n<p><strong>4.Ghiaccio alla ciliegia<\/strong><\/p>\n<p><strong>5. Kiwi Guava al frutto della passione<\/strong><\/p>\n<p><strong>6. Ghiaccio estivo alla pesca<\/strong><\/p>\n<p><strong class=\"\">7. Kiwi alla fragola<\/strong><\/p>\n<p><strong>8. Bacche miste<\/strong><\/p>\n<p><strong class=\"\">9. Signor Blu<\/strong><\/p>\n<p><strong>10.RedBull<img loading=\"lazy\" decoding=\"async\" class=\"alignnone wp-image-9162 size-full\" src=\"https:\/\/pgvape.com\/wp-content\/uploads\/2026\/03\/Uwin-Digital-Box-68k-Puffs-Disposable-Vape-0-2-3-5Nicotine-10Taste-LED-Digital-Display-pgvape-3.png\" alt=\"Griglia colorata di dispositivi di vaporizzazione usa e getta UWIN in alloggiamenti luminosi, ciascuno con nomi di sapori come Lampone Mirtillo, Ghiaccio Anguria, Kiwi Fragola, Ghiaccio Ciliegia.\" width=\"1500\" height=\"1500\" srcset=\"https:\/\/pgvape.com\/wp-content\/uploads\/2026\/03\/Uwin-Digital-Box-68k-Puffs-Disposable-Vape-0-2-3-5Nicotine-10Taste-LED-Digital-Display-pgvape-3.png 1500w, https:\/\/pgvape.com\/wp-content\/uploads\/2026\/03\/Uwin-Digital-Box-68k-Puffs-Disposable-Vape-0-2-3-5Nicotine-10Taste-LED-Digital-Display-pgvape-3-360x360.png 360w, https:\/\/pgvape.com\/wp-content\/uploads\/2026\/03\/Uwin-Digital-Box-68k-Puffs-Disposable-Vape-0-2-3-5Nicotine-10Taste-LED-Digital-Display-pgvape-3-595x595.png 595w, https:\/\/pgvape.com\/wp-content\/uploads\/2026\/03\/Uwin-Digital-Box-68k-Puffs-Disposable-Vape-0-2-3-5Nicotine-10Taste-LED-Digital-Display-pgvape-3-400x400.png 400w, https:\/\/pgvape.com\/wp-content\/uploads\/2026\/03\/Uwin-Digital-Box-68k-Puffs-Disposable-Vape-0-2-3-5Nicotine-10Taste-LED-Digital-Display-pgvape-3-768x768.png 768w, https:\/\/pgvape.com\/wp-content\/uploads\/2026\/03\/Uwin-Digital-Box-68k-Puffs-Disposable-Vape-0-2-3-5Nicotine-10Taste-LED-Digital-Display-pgvape-3-12x12.png 12w, https:\/\/pgvape.com\/wp-content\/uploads\/2026\/03\/Uwin-Digital-Box-68k-Puffs-Disposable-Vape-0-2-3-5Nicotine-10Taste-LED-Digital-Display-pgvape-3-300x300.png 300w, https:\/\/pgvape.com\/wp-content\/uploads\/2026\/03\/Uwin-Digital-Box-68k-Puffs-Disposable-Vape-0-2-3-5Nicotine-10Taste-LED-Digital-Display-pgvape-3-600x600.png 600w, https:\/\/pgvape.com\/wp-content\/uploads\/2026\/03\/Uwin-Digital-Box-68k-Puffs-Disposable-Vape-0-2-3-5Nicotine-10Taste-LED-Digital-Display-pgvape-3-100x100.png 100w\" sizes=\"auto, (max-width: 1500px) 100vw, 1500px\" \/><\/strong><\/p>\n<p>&nbsp;<\/p>\n<h2 class=\"header-vfC6AV auto-hide-last-sibling-br\">Domande frequenti sullo svapo monouso Uwin Digital Box 68000 68k<\/h2>\n<p>\u2753 <strong class=\"\">Cosa lo distingue?<\/strong><br \/>\n\u2705 <strong>68.000 sbuffi<\/strong> + <strong>display digitale intelligente<\/strong> \u2013 La capacit\u00e0 ultraelevata incontra la tecnologia avanzata.<\/p>\n<p>\u2753 <strong>Quanto durano i puff da 68K?<\/strong><br \/>\n\u2705 <strong>Uso prolungato<\/strong> \u2013 significativamente meno sostituzioni rispetto ai prodotti usa e getta standard.<\/p>\n<p>\u2753 <strong>Personalizzazione della nicotina?<\/strong><br \/>\n\u2705 <strong>Quattro opzioni<\/strong>: <strong>0 %<\/strong> (senza nicotina), <strong>2 %<\/strong>, <strong>3 %<\/strong>, <strong>5 %<\/strong> \u2013 scegli la tua soddisfazione.<\/p>\n<p>\u2753 <strong>Tecnologia della bobina?<\/strong><br \/>\n\u2705 <strong>0.6 \u03a9 doppia maglia<\/strong> \u2013 Calore rapido, aspirazioni fluide, strati di sapore ricchi, nuvole dense.<\/p>\n<p>\u2753 <strong class=\"\">\u00c8 ricaricabile?<\/strong><br \/>\n\u2705 <strong>650 mAh<\/strong> + <strong>Tipo C<\/strong> \u2013 potenza stabile, ricarica veloce e conveniente.<\/p>\n<p>\u2753 <strong>Come posso monitorare i livelli?<\/strong><br \/>\n\u2705 <strong>Visualizzazione intelligente<\/strong> \u2013 in tempo reale <strong class=\"\">batteria %<\/strong> E <strong>stato dell'e-liquid<\/strong> \u2013 nessuna sorpresa.<\/p>\n<p>\u2753 <strong>Adatto al dettaglio\/all'ingrosso?<\/strong><br \/>\n\u2705 <strong>10 pezzi\/scatola<\/strong> \u2013 perfetto per <strong>negozi di svapo, distributori, acquirenti all'ingrosso<\/strong>.<\/p>\n<p>\u2753 <strong>Per chi \u00e8 questo?<\/strong><br \/>\n\u2705 <strong>Utenti pesanti<\/strong> cercando <strong>ad alta capacit\u00e0<\/strong>, <strong>ricaricabile<\/strong>, <strong class=\"\">display intelligente<\/strong> prestazione premium.<\/p>\n<p>&nbsp;<\/p>\n<h3 id=\"brxe-najhln\" class=\"brxe-heading\">Domande frequenti (FAQ)<\/h3>\n<div id=\"brxe-rajiac\" class=\"brxe-text\">\n<p><strong>D: Quali metodi di pagamento accettate?<\/strong><br \/>\nR: Accettiamo PayPal, Stripe, bonifici bancari (supportati SEPA), le principali carte di credito (Visa, MasterCard, American Express) e pagamenti in criptovaluta.<\/p>\n<p><strong>D: Quanto tempo richiede la preparazione dell'ordine?<\/strong><br \/>\nR: La preparazione dell'ordine richiede 1-3 giorni lavorativi.<\/p>\n<p><strong>D: Qual \u00e8 il tempo di spedizione?<\/strong><br \/>\nR: Il tempo di spedizione \u00e8 di 7-14 giorni lavorativi, a seconda della localit\u00e0.<\/p>\n<p><strong>D: Come posso monitorare il mio ordine?<\/strong><br \/>\nR: Dopo la spedizione riceverai un'e-mail di conferma con un numero di tracciabilit\u00e0 per il monitoraggio in tempo reale.<\/p>\n<p><strong>D: Qual \u00e8 la vostra politica di restituzione?<\/strong><br \/>\nR: Offriamo una politica di restituzione di 30 giorni per rimborsi o cambi. .<\/p>\n<p><strong>D: Ci saranno problemi doganali?<br \/>\n<\/strong>Gestiamo tutte le procedure di sdoganamento per garantirti un'esperienza senza problemi. .<\/p>\n<p><strong>D: Quali metodi di spedizione vengono utilizzati?<\/strong><br \/>\nCollaboriamo con UPS\/DHL\/FEDEX\/DPD, ecc. Sceglieremo l'opzione di spedizione appropriata a seconda del paese di consegna per assicurarti di ricevere i tuoi prodotti il \u200b\u200bpi\u00f9 rapidamente possibile.<\/p>\n<p><a href=\"https:\/\/pgvape.com\/it\/domande-frequenti\/\">Fare clic qui per ulteriori domande frequenti<\/a><\/p>\n<p>Cari clienti, se avete domande sul vostro ordine o sull'arrivo della merce, contattate il nostro servizio clienti. Grazie!<\/p>\n<h3 data-sourcepos=\"73:1-73:21\"><strong data-sourcepos=\"73:7-73:21\">Contattaci<\/strong><\/h3>\n<div id=\"text-2419739398\" class=\"text\">\n<p><strong data-sourcepos=\"75:3-75:12\">E-mail<\/strong>:\u00a0<a href=\"mailto:support@pgvape.com\"><strong>support@pgvape.com<\/strong><\/a><\/p>\n<p><strong data-sourcepos=\"76:3-76:15\">Whatsapp<\/strong>:\u00a0<a href=\"https:\/\/wa.me\/+8618128481258\"><strong>+86 18128481258<\/strong><\/a><br \/>\n<strong>(Risposta entro 24 ore nei giorni lavorativi)<\/strong><\/p>\n<\/div>\n<h3><strong>Grazie per aver scelto pgvape.com! .<\/strong><\/h3>\n<\/div>","protected":false},"excerpt":{"rendered":"<p><strong>Scatola digitale Uwin 68000<\/strong> \u2013 <strong>68k sbuffi<\/strong>, <strong>20 ml<\/strong>, <strong>0.6 \u03a9 doppia maglia<\/strong>, <strong>visualizzazione intelligente<\/strong>, <strong>quattro livelli di nicotina<\/strong>, <strong>Tipo C<\/strong>.<strong class=\"\">Precisione digitale, massima resistenza, la tua forza.<\/strong><\/p>","protected":false},"featured_media":9160,"comment_status":"open","ping_status":"closed","template":"","meta":{"_seopress_robots_primary_cat":"none","_seopress_titles_title":"","_seopress_titles_desc":"","_seopress_robots_index":""},"product_brand":[516,207],"product_cat":[584,515,205],"product_tag":[586,90,250,585],"class_list":{"0":"post-9152","1":"product","2":"type-product","3":"status-publish","4":"has-post-thumbnail","6":"product_brand-disposable-vape","7":"product_brand-uwin-vape","8":"product_cat-68k-puffs-vape","9":"product_cat-disposable-vape","10":"product_cat-uwin-vape","11":"product_tag-68k-puffs-vape","12":"product_tag-disposable-vape","13":"product_tag-led-digital-display","14":"product_tag-uwin-digital-box-68000","16":"first","17":"instock","18":"sale","19":"shipping-taxable","20":"purchasable","21":"product-type-variable"},"_links":{"self":[{"href":"https:\/\/pgvape.com\/it\/wp-json\/wp\/v2\/product\/9152","targetHints":{"allow":["GET"]}}],"collection":[{"href":"https:\/\/pgvape.com\/it\/wp-json\/wp\/v2\/product"}],"about":[{"href":"https:\/\/pgvape.com\/it\/wp-json\/wp\/v2\/types\/product"}],"replies":[{"embeddable":true,"href":"https:\/\/pgvape.com\/it\/wp-json\/wp\/v2\/comments?post=9152"}],"wp:featuredmedia":[{"embeddable":true,"href":"https:\/\/pgvape.com\/it\/wp-json\/wp\/v2\/media\/9160"}],"wp:attachment":[{"href":"https:\/\/pgvape.com\/it\/wp-json\/wp\/v2\/media?parent=9152"}],"wp:term":[{"taxonomy":"product_brand","embeddable":true,"href":"https:\/\/pgvape.com\/it\/wp-json\/wp\/v2\/product_brand?post=9152"},{"taxonomy":"product_cat","embeddable":true,"href":"https:\/\/pgvape.com\/it\/wp-json\/wp\/v2\/product_cat?post=9152"},{"taxonomy":"product_tag","embeddable":true,"href":"https:\/\/pgvape.com\/it\/wp-json\/wp\/v2\/product_tag?post=9152"}],"curies":[{"name":"wp","href":"https:\/\/api.w.org\/{rel}","templated":true}]}}