{"id":8725,"date":"2026-01-26T12:33:33","date_gmt":"2026-01-26T12:33:33","guid":{"rendered":"https:\/\/pgvape.com\/?post_type=product&#038;p=8725"},"modified":"2026-03-15T13:48:39","modified_gmt":"2026-03-15T13:48:39","slug":"atvs-40000-40k-sbuffi-vape-usa-e-getta-2-5flusso-daria-regolabile-nicotina-14taste-smart-touch-screen-vape-allingrosso-della-fabbrica","status":"publish","type":"product","link":"https:\/\/pgvape.com\/it\/prodotto\/atvs-40000-40k-sbuffi-vape-usa-e-getta-2-5flusso-daria-regolabile-nicotina-14taste-smart-touch-screen-vape-allingrosso-della-fabbrica\/","title":{"rendered":"ATVS 40000 40K Soffi monouso Vape 2% 5% Flusso d'aria regolabile con nicotina 14 Gusto Smart Touch Screen Vape all'ingrosso della fabbrica"},"content":{"rendered":"<p><strong data-sourcepos=\"2:5-2:30\">ATVS 40000 Puff Vape<\/strong> Fornisce An <strong data-sourcepos=\"2:43-2:76\">Esperienza di svapo eccezionale<\/strong> Con <strong data-sourcepos=\"2:82-2:104\">Fino a 40.000 sbuffi<\/strong> E l'A <strong data-sourcepos=\"2:111-2:137\">Capacit\u00e0 del liquido elettronico da 35 ml<\/strong>, Perfetto per gli utenti che desiderano <strong data-sourcepos=\"2:166-2:192\">Piacere duraturo<\/strong> Senza ricariche frequenti. <strong data-sourcepos=\"2:231-2:261\">Opzioni di nicotina 2% e 5%<\/strong>, soddisfacendo entrambi <strong data-sourcepos=\"2:280-2:320\">Utenti con preferenza moderata e forte<\/strong>. <strong data-sourcepos=\"2:326-2:357\">Batteria ricaricabile da 750 mAh<\/strong> Fornisce <strong data-sourcepos=\"2:367-2:385\">Potenza affidabile<\/strong>, Mentre <strong data-sourcepos=\"2:393-2:417\">Ricarica rapida di tipo C<\/strong> Garantisce ricariche rapide. <strong data-sourcepos=\"2:457-2:491\">Bobine a doppia maglia (0,4\u03a9 \/ 0,48\u03a9)<\/strong>, Produce <strong data-sourcepos=\"2:505-2:530\">Vapore ricco e saporito<\/strong> E <strong data-sourcepos=\"2:535-2:550\">Colpi fluidi<\/strong>. <strong data-sourcepos=\"2:556-2:578\">Flusso d'aria regolabile<\/strong> Consente la personalizzazione per <strong data-sourcepos=\"2:604-2:626\">Stili MTL e DTL<\/strong>, E il <strong data-sourcepos=\"2:636-2:658\">Touchscreen intelligente<\/strong> Visualizza <strong data-sourcepos=\"2:668-2:709\">Livelli di liquido elettronico e batteria in tempo reale<\/strong>.<\/p>\n<p>&nbsp;<\/p>\n<h2><span style=\"font-size: 90%;\">Specifiche di vaporizzazione usa e getta ATVS 40000 40K<\/span><\/h2>\n<p><strong data-sourcepos=\"7:3-7:24\">Forza della nicotina<\/strong>:\u00a0<strong data-sourcepos=\"7:26-7:37\">2% \/ 5%<\/strong><\/p>\n<p><strong data-sourcepos=\"8:3-8:17\">Conteggio dei soffi<\/strong>:\u00a0<strong data-sourcepos=\"8:19-8:41\">Fino a 40.000 sbuffi<\/strong><\/p>\n<p><strong data-sourcepos=\"9:3-9:24\">Capacit\u00e0 del liquido elettronico<\/strong>:\u00a0<strong data-sourcepos=\"9:26-9:34\">35 ml<\/strong><\/p>\n<p><strong data-sourcepos=\"10:3-10:23\">Capacit\u00e0 della batteria<\/strong>:\u00a0<strong data-sourcepos=\"10:25-10:48\">Ricaricabile da 750 mAh<\/strong><\/p>\n<p><strong data-sourcepos=\"11:3-11:16\">Tipo di bobina<\/strong>:\u00a0<strong data-sourcepos=\"11:18-11:49\">Bobina a doppia maglia da 0,4 \u03a9 \/ 0,48 \u03a9<\/strong><\/p>\n<p><strong data-sourcepos=\"12:3-12:22\">Controllo del flusso d'aria<\/strong>:\u00a0<strong data-sourcepos=\"12:24-12:38\">Regolabile<\/strong><\/p>\n<p><strong data-sourcepos=\"13:3-13:14\">Display<\/strong>:\u00a0<strong data-sourcepos=\"13:16-13:38\">Touchscreen intelligente<\/strong><\/p>\n<p><strong data-sourcepos=\"14:3-14:20\">Porta di ricarica<\/strong>:\u00a0<strong data-sourcepos=\"14:22-14:47\">Ricarica rapida di tipo C<\/strong><\/p>\n<p><strong data-sourcepos=\"15:3-15:16\">Confezione<\/strong>:\u00a0<strong data-sourcepos=\"15:18-15:35\">10 pezzi\/confezione<\/strong><\/p>\n<p><strong data-sourcepos=\"16:3-16:21\">Opzioni di sapore<\/strong>:\u00a0<strong data-sourcepos=\"16:23-16:46\">14 sapori distinti<\/strong><\/p>\n<p>&nbsp;<\/p>\n<h3><span style=\"font-size: 90%;\">Elenco dei sapori di Vape usa e getta ATVS 40000 40K<\/span><\/h3>\n<p><strong data-sourcepos=\"21:4-21:22\">1.Ghiaccio alla fragola<\/strong><\/p>\n<p><strong data-sourcepos=\"22:4-22:18\">2. Ghiaccio al litchi<\/strong><\/p>\n<p><strong data-sourcepos=\"23:4-23:29\">3. Anguria alla fragola<\/strong><\/p>\n<p><strong data-sourcepos=\"24:4-24:16\">4.Cola Ghiaccio<\/strong><\/p>\n<p><strong data-sourcepos=\"25:4-25:16\">5.Taro Ghiaccio<\/strong><\/p>\n<p><strong data-sourcepos=\"26:4-26:22\">6. Ghiaccio Di Cantalupo<\/strong><\/p>\n<p><strong data-sourcepos=\"27:4-27:17\">7.Ghiaccio alla pesca<\/strong><\/p>\n<p><strong data-sourcepos=\"28:4-28:25\">8. Ghiaccio alla banana e arancia<\/strong><\/p>\n<p><strong data-sourcepos=\"29:4-29:17\">9.Ghiaccio alla mela<\/strong><\/p>\n<p><strong data-sourcepos=\"30:5-30:19\">10.Limone e lime<\/strong><\/p>\n<p><strong data-sourcepos=\"31:5-31:23\">11. Ghiaccio all'anguria<\/strong><\/p>\n<p><strong data-sourcepos=\"32:5-32:18\">12.Ghiaccio all'uva<\/strong><\/p>\n<p><strong data-sourcepos=\"33:5-33:22\">13.Ghiaccio al mirtillo<\/strong><\/p>\n<p><strong data-sourcepos=\"34:5-34:18\">14.Ghiaccio di guava<\/strong><\/p>\n<p>&nbsp;<\/p>\n<h2 class=\"header-vfC6AV auto-hide-last-sibling-br\"><span style=\"font-size: 90%;\">Domande frequenti sullo svapo monouso ATVS 40000 40K<\/span><\/h2>\n<p>\u2753 <strong class=\"\">Quanti puff per dispositivo?<\/strong><br \/>\n\u2705 Valutato in fabbrica <strong>40.000 sbuffi<\/strong>\u2014settimane di uso intenso.<\/p>\n<p>\u2753 <strong>\u00c8 ricaricabile?<\/strong><br \/>\n\u2705 <strong>750 mAh<\/strong> batteria + <strong>Tipo C<\/strong> port; ricarica completa in ~30 min.<\/p>\n<p>\u2753 <strong class=\"\">Quale tecnologia a bobina viene utilizzata?<\/strong><br \/>\n\u2705 <strong>Bobine a doppia maglia (0,4 \u03a9 \/ 0,48 \u03a9)<\/strong>\u2014riscaldamento pi\u00f9 rapido, vapore pi\u00f9 denso, gusto pi\u00f9 ricco.<\/p>\n<p>\u2753 <strong class=\"\">Posso modificare il sorteggio?<\/strong><br \/>\n\u2705 <strong>Flusso d'aria regolabile<\/strong>-cambia tra <strong>MTL stretto<\/strong> E <strong class=\"\">DTL arioso<\/strong> immediatamente.<\/p>\n<p>\u2753 <strong class=\"\">Quali dosaggi di nicotina sono offerti?<\/strong><br \/>\n\u2705 <strong>2 %<\/strong> moderato o <strong>5 %<\/strong> forte: scegli il tuo colpo.<\/p>\n<p>\u2753 <strong class=\"\">Come posso monitorare la batteria o il succo?<\/strong><br \/>\n\u2705 <strong>Touchscreen intelligente<\/strong> spettacoli <strong>livelli di e-liquid e batteria in tempo reale<\/strong>.<\/p>\n<p>\u2753 <strong class=\"\">Confezione pronta per la vendita al dettaglio?<\/strong><br \/>\n\u2705 <strong>10 pezzi\/confezione<\/strong>\u2014ideale per la distribuzione a scaffale o all'ingrosso.<\/p>\n<p>&nbsp;<\/p>\n<h3 id=\"brxe-najhln\" class=\"brxe-heading\">Domande frequenti (FAQ)<\/h3>\n<div id=\"brxe-rajiac\" class=\"brxe-text\">\n<p><strong>D: Quali metodi di pagamento accettate?<\/strong><br \/>\nR: Accettiamo PayPal, Stripe, bonifici bancari (supportati SEPA), le principali carte di credito (Visa, MasterCard, American Express) e pagamenti in criptovaluta.<\/p>\n<p><strong>D: Quanto tempo richiede la preparazione dell'ordine?<\/strong><br \/>\nR: La preparazione dell'ordine richiede 1-3 giorni lavorativi.<\/p>\n<p><strong>D: Qual \u00e8 il tempo di spedizione?<\/strong><br \/>\nR: Il tempo di spedizione \u00e8 di 7-14 giorni lavorativi, a seconda della localit\u00e0.<\/p>\n<p><strong>D: Come posso monitorare il mio ordine?<\/strong><br \/>\nR: Dopo la spedizione riceverai un'e-mail di conferma con un numero di tracciabilit\u00e0 per il monitoraggio in tempo reale.<\/p>\n<p><strong>D: Qual \u00e8 la vostra politica di restituzione?<\/strong><br \/>\nR: Offriamo una politica di restituzione di 30 giorni per rimborsi o cambi. .<\/p>\n<p><strong>D: Ci saranno problemi doganali?<br \/>\n<\/strong>Gestiamo tutte le procedure di sdoganamento per garantirti un'esperienza senza problemi. .<\/p>\n<p><strong>D: Quali metodi di spedizione vengono utilizzati?<\/strong><br \/>\nCollaboriamo con UPS\/DHL\/FEDEX\/DPD, ecc. Sceglieremo l'opzione di spedizione appropriata a seconda del paese di consegna per assicurarti di ricevere i tuoi prodotti il \u200b\u200bpi\u00f9 rapidamente possibile.<\/p>\n<p><a href=\"https:\/\/pgvape.com\/it\/domande-frequenti\/\">Fare clic qui per ulteriori domande frequenti<\/a><\/p>\n<p>Cari clienti, se avete domande sul vostro ordine o sull'arrivo della merce, contattate il nostro servizio clienti. Grazie!<\/p>\n<h3 data-sourcepos=\"73:1-73:21\"><strong data-sourcepos=\"73:7-73:21\">Contattaci<\/strong><\/h3>\n<div id=\"text-2419739398\" class=\"text\">\n<p><strong data-sourcepos=\"75:3-75:12\">E-mail<\/strong>:\u00a0<a href=\"mailto:support@pgvape.com\"><strong>support@pgvape.com<\/strong><\/a><\/p>\n<p><strong data-sourcepos=\"76:3-76:15\">Whatsapp<\/strong>:\u00a0<a href=\"https:\/\/wa.me\/+8618128481258\"><strong>+86 18128481258<\/strong><\/a><br \/>\n<strong>(Risposta entro 24 ore nei giorni lavorativi)<\/strong><\/p>\n<\/div>\n<h3><strong>Grazie per aver scelto pgvape.com! .<\/strong><\/h3>\n<\/div>","protected":false},"excerpt":{"rendered":"<p><strong data-sourcepos=\"60:5-60:30\">ATVS 40000 Puff Vape<\/strong> Offerte <strong data-sourcepos=\"60:38-60:66\">Prestazioni di lunga durata<\/strong> Con <strong data-sourcepos=\"60:72-60:88\">40.000 sbuffi<\/strong>, <strong data-sourcepos=\"60:90-60:107\">Liquido elettronico da 35 ml<\/strong>, E <strong data-sourcepos=\"60:113-60:132\">Bobine a doppia maglia<\/strong>. <strong data-sourcepos=\"60:144-60:166\">Flusso d'aria regolabile<\/strong>, <strong data-sourcepos=\"60:168-60:190\">Touchscreen intelligente<\/strong>, E <strong data-sourcepos=\"60:196-60:215\">Ricarica di tipo C<\/strong>, \u00c8 perfetto per <strong data-sourcepos=\"60:234-60:268\">Svapo saporito e personalizzabile<\/strong>. <strong data-sourcepos=\"60:283-60:297\">14 sapori<\/strong> E <strong data-sourcepos=\"60:302-60:330\">Opzioni di nicotina 2% \/ 5%<\/strong>.<\/p>","protected":false},"featured_media":8729,"comment_status":"open","ping_status":"closed","template":"","meta":{"_seopress_robots_primary_cat":"","_seopress_titles_title":"","_seopress_titles_desc":"","_seopress_robots_index":""},"product_brand":[261,516],"product_cat":[103,260,515],"product_tag":[413,135,563,90,257,564],"class_list":{"0":"post-8725","1":"product","2":"type-product","3":"status-publish","4":"has-post-thumbnail","6":"product_brand-atvs-vape","7":"product_brand-disposable-vape","8":"product_cat-40k-puffs-vape","9":"product_cat-atvs-vape","10":"product_cat-disposable-vape","11":"product_tag-40k-puffs-vape","12":"product_tag-adjustable-airflow","13":"product_tag-atvs-40000","14":"product_tag-disposable-vape","15":"product_tag-dual-mesh-coil","16":"product_tag-smart-touch-screen","18":"first","19":"instock","20":"sale","21":"shipping-taxable","22":"purchasable","23":"product-type-variable"},"_links":{"self":[{"href":"https:\/\/pgvape.com\/it\/wp-json\/wp\/v2\/product\/8725","targetHints":{"allow":["GET"]}}],"collection":[{"href":"https:\/\/pgvape.com\/it\/wp-json\/wp\/v2\/product"}],"about":[{"href":"https:\/\/pgvape.com\/it\/wp-json\/wp\/v2\/types\/product"}],"replies":[{"embeddable":true,"href":"https:\/\/pgvape.com\/it\/wp-json\/wp\/v2\/comments?post=8725"}],"wp:featuredmedia":[{"embeddable":true,"href":"https:\/\/pgvape.com\/it\/wp-json\/wp\/v2\/media\/8729"}],"wp:attachment":[{"href":"https:\/\/pgvape.com\/it\/wp-json\/wp\/v2\/media?parent=8725"}],"wp:term":[{"taxonomy":"product_brand","embeddable":true,"href":"https:\/\/pgvape.com\/it\/wp-json\/wp\/v2\/product_brand?post=8725"},{"taxonomy":"product_cat","embeddable":true,"href":"https:\/\/pgvape.com\/it\/wp-json\/wp\/v2\/product_cat?post=8725"},{"taxonomy":"product_tag","embeddable":true,"href":"https:\/\/pgvape.com\/it\/wp-json\/wp\/v2\/product_tag?post=8725"}],"curies":[{"name":"wp","href":"https:\/\/api.w.org\/{rel}","templated":true}]}}