{"id":8666,"date":"2026-01-24T09:07:42","date_gmt":"2026-01-24T09:07:42","guid":{"rendered":"https:\/\/pgvape.com\/?post_type=product&#038;p=8666"},"modified":"2026-03-15T13:48:39","modified_gmt":"2026-03-15T13:48:39","slug":"fihp-90k-sbuffi-90000-3-in-1-tripli-gusti-usa-e-getta-vape-2-5nicotina-10taste-smart-screen-vape-allingrosso-della-fabbrica","status":"publish","type":"product","link":"https:\/\/pgvape.com\/it\/prodotto\/fihp-90k-sbuffi-90000-3-in-1-tripli-gusti-usa-e-getta-vape-2-5nicotina-10taste-smart-screen-vape-allingrosso-della-fabbrica\/","title":{"rendered":"FIHP 90K Puffs 90000 3 in 1 Triple Flavors Vape usa e getta 2% 5%Nicotina 10Taste Smart Screen Vape all'ingrosso della fabbrica"},"content":{"rendered":"<p><strong data-sourcepos=\"6:5-6:28\">FIHP 3in1 90K Soffi<\/strong> \u00e8 un vaporizzatore usa e getta ad alta capacit\u00e0 progettato per variet\u00e0 e longevit\u00e0. <strong data-sourcepos=\"6:130-6:154\">Sistema di aromi 3 in 1<\/strong>, consentendo agli utenti di passare da tre versioni distinte in un unico dispositivo, eliminando la necessit\u00e0 di trasportare pi\u00f9 unit\u00e0. <strong data-sourcepos=\"6:292-6:318\">Capacit\u00e0 dell'e-liquid da 42 ml<\/strong> e un <strong data-sourcepos=\"6:325-6:343\">Bobina a maglie da 0,9 \u03a9<\/strong>, offre un sapore morbido e coerente fino a <strong data-sourcepos=\"6:393-6:409\">90.000 sbuffi<\/strong>. <strong data-sourcepos=\"6:415-6:430\">Display a LED<\/strong> fornisce un chiaro monitoraggio della batteria e dei liquidi, mentre il <strong data-sourcepos=\"6:487-6:518\">Batteria ricaricabile da 650 mAh<\/strong> con <strong data-sourcepos=\"6:524-6:543\">Ricarica di tipo C<\/strong> garantisce l'usabilit\u00e0 per tutto il giorno. .<\/p>\n<p>&nbsp;<\/p>\n<h2><span style=\"font-size: 90%;\">FIHP 90K Puffs\u00a0 3 in 1 Triple Flavors Disposable Vape Specification<\/span><\/h2>\n<p><strong data-sourcepos=\"11:6-11:30\">Design cristallino<\/strong>\u00a0\u2013 Estetica moderna e trasparente con livelli di e-liquid visibili.<\/p>\n<p><strong data-sourcepos=\"12:6-12:30\">Sistema di aromi 3 in 1<\/strong>\u00a0\u2013 Tre cialde aromatiche separate in un unico dispositivo per una variet\u00e0 istantanea.<\/p>\n<p><strong data-sourcepos=\"13:6-13:22\">90.000 sbuffi<\/strong>\u00a0\u2013 Exceptional longevity for extended, reliable use.<\/p>\n<p><strong data-sourcepos=\"14:6-14:30\">Bobine Mesh doppie da 0,9\u03a9<\/strong>\u00a0\u2013 Area di riscaldamento migliorata per un sapore morbido, ricco e un vapore denso.<\/p>\n<p><strong data-sourcepos=\"15:6-15:37\">Batteria ricaricabile da 650 mAh<\/strong>\u00a0\u2013 Potenza per tutto il giorno con rapidit\u00e0\u00a0<strong data-sourcepos=\"15:65-15:84\">Ricarica di tipo C<\/strong>.<\/p>\n<p><strong data-sourcepos=\"16:7-16:31\">Schermo di visualizzazione intelligente<\/strong>\u00a0\u2013 Monitoraggio in tempo reale del livello della batteria e del liquido.<\/p>\n<p><strong data-sourcepos=\"17:6-17:31\">Nicotina conforme all'UE<\/strong>\u00a0\u2013 Disponibile in\u00a0<strong data-sourcepos=\"17:47-17:63\">2% (20 mg\/ml)<\/strong>\u00a0E\u00a0<strong data-sourcepos=\"17:68-17:84\">5% (50 mg\/ml)<\/strong>\u00a0per una soddisfazione controllata.<\/p>\n<p><strong data-sourcepos=\"18:6-18:25\">Pronto per l'ingrosso<\/strong>\u00a0\u2013 Ideale per i negozi che cercano articoli monouso ad alta capacit\u00e0 e ricchi di funzionalit\u00e0.<\/p>\n<p>&nbsp;<\/p>\n<h3><span style=\"font-size: 90%;\">FIHP 90K Puffs Elenco aromi vaporizzatore usa e getta 3 in 1 tripli gusti<\/span><\/h3>\n<p><strong class=\"\">1.Ciliegia frizzante, Lady Killer e Orsetto Gommoso<\/strong><\/p>\n<p><strong>2. Lampone al mirtillo e amore 666 e ghiaccio alla pesca<\/strong><\/p>\n<p><strong>3. Anguria al lampone, frutti di bosco misti e pesca al mango<\/strong><\/p>\n<p><strong class=\"\">4.Limonata Blue Razz, lampone alla fragola e caramelle arcobaleno<\/strong><\/p>\n<p><strong class=\"\">5. Gomma da masticare all'anguria, ghiaccio all'uva e ghiaccio al drago nero<\/strong><\/p>\n<p><strong>6. Ananas Cocco, Frutta Mista E Pesca Al Limone<\/strong><\/p>\n<p><strong>7.Doppia mela e fragola, banana e anguria al lampone<\/strong><\/p>\n<p><strong>8. Ghiaccio all'anguria, Red Bull e kiwi alla fragola<\/strong><\/p>\n<p><strong class=\"\">9. Ghiaccio al mirtillo e fragola, anguria e limone e lime<\/strong><\/p>\n<p><strong>10. Bacche di pesca, triplo melone e ghiaccio di anguria<img loading=\"lazy\" decoding=\"async\" class=\"alignnone wp-image-8672 size-full\" src=\"https:\/\/pgvape.com\/wp-content\/uploads\/2026\/01\/FIHP-90000-90K-Puffs-3-in-1-Triple-Flavors-Disposable-Vape-4.png\" alt=\"Colorati dispositivi di vaporizzazione usa e getta FIHP visualizzati con etichette aromatiche e una grande grafica 9000 PUFF.\" width=\"1595\" height=\"2000\" srcset=\"https:\/\/pgvape.com\/wp-content\/uploads\/2026\/01\/FIHP-90000-90K-Puffs-3-in-1-Triple-Flavors-Disposable-Vape-4.png 1595w, https:\/\/pgvape.com\/wp-content\/uploads\/2026\/01\/FIHP-90000-90K-Puffs-3-in-1-Triple-Flavors-Disposable-Vape-4-287x360.png 287w, https:\/\/pgvape.com\/wp-content\/uploads\/2026\/01\/FIHP-90000-90K-Puffs-3-in-1-Triple-Flavors-Disposable-Vape-4-595x746.png 595w, https:\/\/pgvape.com\/wp-content\/uploads\/2026\/01\/FIHP-90000-90K-Puffs-3-in-1-Triple-Flavors-Disposable-Vape-4-319x400.png 319w, https:\/\/pgvape.com\/wp-content\/uploads\/2026\/01\/FIHP-90000-90K-Puffs-3-in-1-Triple-Flavors-Disposable-Vape-4-768x963.png 768w, https:\/\/pgvape.com\/wp-content\/uploads\/2026\/01\/FIHP-90000-90K-Puffs-3-in-1-Triple-Flavors-Disposable-Vape-4-1225x1536.png 1225w, https:\/\/pgvape.com\/wp-content\/uploads\/2026\/01\/FIHP-90000-90K-Puffs-3-in-1-Triple-Flavors-Disposable-Vape-4-10x12.png 10w, https:\/\/pgvape.com\/wp-content\/uploads\/2026\/01\/FIHP-90000-90K-Puffs-3-in-1-Triple-Flavors-Disposable-Vape-4-600x752.png 600w\" sizes=\"auto, (max-width: 1595px) 100vw, 1595px\" \/><\/strong><\/p>\n<p>&nbsp;<\/p>\n<h2 class=\"header-vfC6AV auto-hide-last-sibling-br\"><span style=\"font-size: 90%;\">Domande frequenti sui bign\u00e8 FIHP 90K Vape monouso 3 in 1 a triplo gusto<\/span><\/h2>\n<p>\u2753 <strong class=\"\">Quanti puff per dispositivo?<\/strong><br \/>\n\u2705 Valutato in fabbrica <strong>90.000 sbuffi<\/strong>\u2014mesi di utilizzo quotidiano.<\/p>\n<p>\u2753 <strong class=\"\">Come cambio i gusti?<\/strong><br \/>\n\u2705 <strong>Sistema a camera 3 in 1<\/strong>\u2014fai clic o ruota per passare da una all'altra <strong>tre sapori distinti<\/strong>.<\/p>\n<p>\u2753 <strong>\u00c8 ricaricabile?<\/strong><br \/>\n\u2705 <strong>650 mAh<\/strong> batteria + <strong>Tipo C<\/strong> porta; <strong>30 minuti<\/strong> carica completa.<\/p>\n<p>\u2753 <strong class=\"\">Quali dosaggi di nicotina sono offerti?<\/strong><br \/>\n\u2705 <strong>2 %<\/strong> liscio o <strong class=\"\">5 %<\/strong> forte-<strong>EU-compliant<\/strong> soddisfazione della gola.<\/p>\n<p>\u2753 <strong>Come posso monitorare la batteria o il succo?<\/strong><br \/>\n\u2705 <strong>Schermo intelligente<\/strong> visualizza <strong>batteria in tempo reale %<\/strong> E <strong>livelli di e-liquid<\/strong>.<\/p>\n<p>\u2753 <strong>What makes the vapor smooth?<\/strong><br \/>\n\u2705 <strong>Bobine a doppia maglia da 0,9 \u03a9<\/strong>\u2014area di riscaldamento pi\u00f9 ampia, <strong>sapore pi\u00f9 ricco<\/strong>, <strong>nubi pi\u00f9 dense<\/strong>.<\/p>\n<p>\u2753 <strong>\u00c8 discreto per l'uso al lavoro o al bar?<\/strong><br \/>\n\u2705 <strong>Tiraggio MTL fluido<\/strong>, <strong>nuvola minima<\/strong>\u2014perfetto per <strong>ritmo continentale<\/strong>.<\/p>\n<p>&nbsp;<\/p>\n<h3 id=\"brxe-najhln\" class=\"brxe-heading\">Domande frequenti (FAQ)<\/h3>\n<div id=\"brxe-rajiac\" class=\"brxe-text\">\n<p><strong>D: Quali metodi di pagamento accettate?<\/strong><br \/>\nR: Accettiamo PayPal, Stripe, bonifici bancari (supportati SEPA), le principali carte di credito (Visa, MasterCard, American Express) e pagamenti in criptovaluta.<\/p>\n<p><strong>D: Quanto tempo richiede la preparazione dell'ordine?<\/strong><br \/>\nR: La preparazione dell'ordine richiede 1-3 giorni lavorativi.<\/p>\n<p><strong>D: Qual \u00e8 il tempo di spedizione?<\/strong><br \/>\nR: Il tempo di spedizione \u00e8 di 7-14 giorni lavorativi, a seconda della localit\u00e0.<\/p>\n<p><strong>D: Come posso monitorare il mio ordine?<\/strong><br \/>\nR: Dopo la spedizione riceverai un'e-mail di conferma con un numero di tracciabilit\u00e0 per il monitoraggio in tempo reale.<\/p>\n<p><strong>D: Qual \u00e8 la vostra politica di restituzione?<\/strong><br \/>\nR: Offriamo una politica di restituzione di 30 giorni per rimborsi o cambi. .<\/p>\n<p><strong>D: Ci saranno problemi doganali?<br \/>\n<\/strong>Gestiamo tutte le procedure di sdoganamento per garantirti un'esperienza senza problemi. .<\/p>\n<p><strong>D: Quali metodi di spedizione vengono utilizzati?<\/strong><br \/>\nCollaboriamo con UPS\/DHL\/FEDEX\/DPD, ecc. Sceglieremo l'opzione di spedizione appropriata a seconda del paese di consegna per assicurarti di ricevere i tuoi prodotti il \u200b\u200bpi\u00f9 rapidamente possibile.<\/p>\n<p><a href=\"https:\/\/pgvape.com\/it\/domande-frequenti\/\">Fare clic qui per ulteriori domande frequenti<\/a><\/p>\n<p>Cari clienti, se avete domande sul vostro ordine o sull'arrivo della merce, contattate il nostro servizio clienti. Grazie!<\/p>\n<h3 data-sourcepos=\"73:1-73:21\"><strong data-sourcepos=\"73:7-73:21\">Contattaci<\/strong><\/h3>\n<div id=\"text-2419739398\" class=\"text\">\n<p><strong data-sourcepos=\"75:3-75:12\">E-mail<\/strong>:\u00a0<a href=\"mailto:support@pgvape.com\"><strong>support@pgvape.com<\/strong><\/a><\/p>\n<p><strong data-sourcepos=\"76:3-76:15\">Whatsapp<\/strong>:\u00a0<a href=\"https:\/\/wa.me\/+8618128481258\"><strong>+86 18128481258<\/strong><\/a><br \/>\n<strong>(Risposta entro 24 ore nei giorni lavorativi)<\/strong><\/p>\n<\/div>\n<h3><strong>Grazie per aver scelto pgvape.com! .<\/strong><\/h3>\n<\/div>","protected":false},"excerpt":{"rendered":"<p><strong>Cristallo FIHP 90K<\/strong>\u2014<strong>90k sbuffi<\/strong>, <strong>interruttore a triplo sapore<\/strong>, <strong>Doppia maglia da 0,9 \u03a9<\/strong>, <strong>schermo intelligente<\/strong>, <strong>Tipo C<\/strong>, <strong>cristallino<\/strong>.<strong>Tre gusti, un cristallo, mesi di nuvole.<\/strong><\/p>","protected":false},"featured_media":8669,"comment_status":"open","ping_status":"closed","template":"","meta":{"_seopress_robots_primary_cat":"","_seopress_titles_title":"","_seopress_titles_desc":"","_seopress_robots_index":""},"product_brand":[516,275],"product_cat":[558,515,274],"product_tag":[46,560,90,559,280],"class_list":{"0":"post-8666","1":"product","2":"type-product","3":"status-publish","4":"has-post-thumbnail","6":"product_brand-disposable-vape","7":"product_brand-fihp-vape","8":"product_cat-90k-puffs-vape","9":"product_cat-disposable-vape","10":"product_cat-fihp-vape","11":"product_tag-3-in-1","12":"product_tag-90k-puffs-vape","13":"product_tag-disposable-vape","14":"product_tag-fihp-90k","15":"product_tag-triple-flavors","17":"first","18":"instock","19":"sale","20":"shipping-taxable","21":"purchasable","22":"product-type-variable"},"_links":{"self":[{"href":"https:\/\/pgvape.com\/it\/wp-json\/wp\/v2\/product\/8666","targetHints":{"allow":["GET"]}}],"collection":[{"href":"https:\/\/pgvape.com\/it\/wp-json\/wp\/v2\/product"}],"about":[{"href":"https:\/\/pgvape.com\/it\/wp-json\/wp\/v2\/types\/product"}],"replies":[{"embeddable":true,"href":"https:\/\/pgvape.com\/it\/wp-json\/wp\/v2\/comments?post=8666"}],"wp:featuredmedia":[{"embeddable":true,"href":"https:\/\/pgvape.com\/it\/wp-json\/wp\/v2\/media\/8669"}],"wp:attachment":[{"href":"https:\/\/pgvape.com\/it\/wp-json\/wp\/v2\/media?parent=8666"}],"wp:term":[{"taxonomy":"product_brand","embeddable":true,"href":"https:\/\/pgvape.com\/it\/wp-json\/wp\/v2\/product_brand?post=8666"},{"taxonomy":"product_cat","embeddable":true,"href":"https:\/\/pgvape.com\/it\/wp-json\/wp\/v2\/product_cat?post=8666"},{"taxonomy":"product_tag","embeddable":true,"href":"https:\/\/pgvape.com\/it\/wp-json\/wp\/v2\/product_tag?post=8666"}],"curies":[{"name":"wp","href":"https:\/\/api.w.org\/{rel}","templated":true}]}}