{"id":8503,"date":"2026-01-15T11:01:03","date_gmt":"2026-01-15T11:01:03","guid":{"rendered":"https:\/\/pgvape.com\/?post_type=product&#038;p=8503"},"modified":"2026-03-25T11:34:15","modified_gmt":"2026-03-25T11:34:15","slug":"bang-blaze-140000-140k-sbuffi-3in1-3-gusti-puri-vape-usa-e-getta-0-2-3-5nicotina-12taste-vape-fabbrica-allingrosso","status":"publish","type":"product","link":"https:\/\/pgvape.com\/it\/prodotto\/bang-blaze-140000-140k-sbuffi-3in1-3-gusti-puri-vape-usa-e-getta-0-2-3-5nicotina-12taste-vape-fabbrica-allingrosso\/","title":{"rendered":"Bang Blaze 140000 140K Soffi 3in1 3 Sapori puri Vape usa e getta 0% 2% 3% 5%Nicotina 12Taste Vape All'ingrosso della fabbrica"},"content":{"rendered":"<p><strong data-sourcepos=\"6:5-6:24\">Bang Blaze 140K<\/strong> stabilisce un nuovo standard per lo svapo ad alta capacit\u00e0 e multi-sapore. <strong data-sourcepos=\"6:145-6:177\">tre serbatoi indipendenti da 15 ml<\/strong> (45 ml in totale) con un prodotto unico <strong data-sourcepos=\"6:205-6:242\">Meccanismo di cambio sapore 3 in 1<\/strong>, consentendo la commutazione istantanea tra profili aromatici distinti. <strong data-sourcepos=\"6:320-6:355\">tre bobine mesh dedicate da 1,0 \u03a9<\/strong> per prevenire la contaminazione incrociata dei sapori e supportato da a <strong data-sourcepos=\"6:410-6:441\">Batteria ricaricabile da 650 mAh<\/strong> con <strong data-sourcepos=\"6:447-6:471\">Ricarica rapida di tipo C<\/strong>, offre prestazioni costanti e potenti attraverso un livello senza precedenti <strong data-sourcepos=\"6:543-6:560\">140.000 sbuffi<\/strong>., \u00e8 costruito per i vapers esigenti che rifiutano di scendere a compromessi in termini di variet\u00e0 o longevit\u00e0.<\/p>\n<p>&nbsp;<\/p>\n<h2><span style=\"font-size: 90%;\"><span style=\"color: #ed1c24;\"><a style=\"color: #ed1c24;\" href=\"https:\/\/pgvape.com\/it\/categoria-prodotto\/presto-verranno-lanciati-modelli-piu-entusiasmanti-resta-sintonizzato-e-sfreccia-avanti-con-bang-blaze\/\"><span style=\"color: #0000ff;\">Bang Blaze<\/span><\/a><\/span> 140000 140K Soffi 3in1 3 Sapori puri Vape usa e getta Specifiche<\/span><\/h2>\n<p><strong>Soffi<\/strong>: Fino a <strong class=\"\">140,000<\/strong><\/p>\n<p><strong>E-Liquido<\/strong>: <strong>45 ml<\/strong> (tre <strong class=\"\">15 ml<\/strong> serbatoi indipendenti)<\/p>\n<p><strong>Nicotina<\/strong>: <strong>0 %, 2 %, 3 %, 5 %<\/strong> opzioni di sale<\/p>\n<p><strong>Batteria<\/strong>: <strong>650 mAh<\/strong>, <strong>Tipo C<\/strong> carica veloce<\/p>\n<p><strong>Bobine<\/strong>: <strong>Maglia tripla da 1,0 \u03a9<\/strong> (uno per serbatoio)<\/p>\n<p><strong>Interruttore<\/strong>: <strong class=\"\">Commutatore manuale 3 in 1<\/strong>\u2014scambio di sapori istantaneo<\/p>\n<p>&nbsp;<\/p>\n<h3><span style=\"font-size: 90%;\">Bang Blaze 140000 140K Puffs 3in1 3 Pure Flavors Vape usa e getta Elenco dei sapori:<\/span><\/h3>\n<p>1. Ghiaccio all'anguria, litchi alla fragola e orsetti gommosi<\/p>\n<p>2.Ghiaccio alla pesca, anguria, mirtilli e fragola, limone<\/p>\n<p>3.Ghiaccio all'uva, mango alla fragola e frutti di bosco misti<\/p>\n<p>4.Ghiaccio al mirtillo, LOVE66 e anguria, mango e pesca<\/p>\n<p>5. Mirtillo, lampone e kiwi, frutto della passione, guava e ananas, cocco<\/p>\n<p>6. Fragola, anguria, pesca al mirtillo e ananas al ribes nero<\/p>\n<p>7. Gomma da masticare alla fragola, kiwi, anguria e ciliegia al mirtillo<\/p>\n<p>8.Black Dragon Ice, Mamba alla fragola e uva al lampone<\/p>\n<p>9. Mango, pesca, mirtillo, Red Bull e uva mela<\/p>\n<p>10.Triplo Mango, Lampone, Limone e Mirtillo<\/p>\n<p>11. Limone, lime e aloe, mango, melone e anguria, frutto del drago<\/p>\n<p>12. Gelato alla banana, gelato alla fragola e bacche di anguria<img loading=\"lazy\" decoding=\"async\" class=\"alignnone wp-image-8546 size-full\" src=\"https:\/\/pgvape.com\/wp-content\/uploads\/2026\/01\/Bang-Blaze-140000-140K-Puffs-3in1-3-Pure-Flavors-Disposable-Vape-0-2-3-5Nicotine-12Taste-Vape-Factory-Wholesale-pgvape-14.png\" alt=\"Due file di sei bottiglie di e-liquid Bang Blaze, nere con illustrazioni di animali colorate e un&#039;etichetta da 140k, ciascuna con il nome del sapore mostrato sotto.\" width=\"1500\" height=\"1011\" srcset=\"https:\/\/pgvape.com\/wp-content\/uploads\/2026\/01\/Bang-Blaze-140000-140K-Puffs-3in1-3-Pure-Flavors-Disposable-Vape-0-2-3-5Nicotine-12Taste-Vape-Factory-Wholesale-pgvape-14.png 1500w, https:\/\/pgvape.com\/wp-content\/uploads\/2026\/01\/Bang-Blaze-140000-140K-Puffs-3in1-3-Pure-Flavors-Disposable-Vape-0-2-3-5Nicotine-12Taste-Vape-Factory-Wholesale-pgvape-14-534x360.png 534w, https:\/\/pgvape.com\/wp-content\/uploads\/2026\/01\/Bang-Blaze-140000-140K-Puffs-3in1-3-Pure-Flavors-Disposable-Vape-0-2-3-5Nicotine-12Taste-Vape-Factory-Wholesale-pgvape-14-595x401.png 595w, https:\/\/pgvape.com\/wp-content\/uploads\/2026\/01\/Bang-Blaze-140000-140K-Puffs-3in1-3-Pure-Flavors-Disposable-Vape-0-2-3-5Nicotine-12Taste-Vape-Factory-Wholesale-pgvape-14-400x270.png 400w, https:\/\/pgvape.com\/wp-content\/uploads\/2026\/01\/Bang-Blaze-140000-140K-Puffs-3in1-3-Pure-Flavors-Disposable-Vape-0-2-3-5Nicotine-12Taste-Vape-Factory-Wholesale-pgvape-14-768x518.png 768w, https:\/\/pgvape.com\/wp-content\/uploads\/2026\/01\/Bang-Blaze-140000-140K-Puffs-3in1-3-Pure-Flavors-Disposable-Vape-0-2-3-5Nicotine-12Taste-Vape-Factory-Wholesale-pgvape-14-18x12.png 18w, https:\/\/pgvape.com\/wp-content\/uploads\/2026\/01\/Bang-Blaze-140000-140K-Puffs-3in1-3-Pure-Flavors-Disposable-Vape-0-2-3-5Nicotine-12Taste-Vape-Factory-Wholesale-pgvape-14-600x404.png 600w\" sizes=\"auto, (max-width: 1500px) 100vw, 1500px\" \/><\/p>\n<p>&nbsp;<\/p>\n<h2><span style=\"font-size: 90%;\">Domande frequenti su Bang Blaze 140000 140K Puffs 3in1 3 Pure Flavors Vape usa e getta<\/span><\/h2>\n<p>\u2753 <strong class=\"\">Come funziona la commutazione 3 in 1?<\/strong><br \/>\n\u2705 <strong class=\"\">Commutazione manuale<\/strong> scambia tra <strong>tre serbatoi separati<\/strong>\u2014zero ghosting di sapori.<\/p>\n<p>\u2753 <strong class=\"\">D\u00e0 davvero 140k boccate?<\/strong><br \/>\n\u2705 <strong>45 ml di liquido totale<\/strong> supporta <strong>140k sbuffi<\/strong>; il conteggio effettivo varia in base allo stile di disegno.<\/p>\n<p>\u2753 <strong class=\"\">Perch\u00e9 triple bobine?<\/strong><br \/>\n\u2705 <strong class=\"\">Ogni serbatoio possiede una bobina a maglie da 1,0 \u03a9<\/strong>-nessun gusto incrociato, fresca saturazione, carico di lavoro condiviso.<\/p>\n<p>\u2753 <strong>Quanto dura la batteria?<\/strong><br \/>\n\u2705 <strong>550 mAh<\/strong> = uso intensivo per l'intera giornata; <strong>Tipo C<\/strong> la ricarica mantiene la tensione stabile fino all'ultimo soffio.<\/p>\n<p>\u2753 <strong class=\"\">Quali dosaggi di nicotina sono offerti?<\/strong><br \/>\n\u2705 <strong>0 %, 2 %, 3 %, 5 %<\/strong>\u2014scegli al momento del pagamento.<\/p>\n<p>\u2753 <strong>Posso ricaricarlo o riutilizzarlo?<\/strong><br \/>\n\u2705 <strong class=\"\">NO<\/strong>\u2014smaltire in modo responsabile una volta tutto <strong>tre serbatoi<\/strong> sono vuoti.<\/p>\n<p>&nbsp;<\/p>\n<h3 id=\"brxe-najhln\" class=\"brxe-heading\">Domande frequenti (FAQ)<\/h3>\n<div id=\"brxe-rajiac\" class=\"brxe-text\">\n<p><strong>D: Quali metodi di pagamento accettate?<\/strong><br \/>\nR: Accettiamo PayPal, Stripe, bonifici bancari (supportati SEPA), le principali carte di credito (Visa, MasterCard, American Express) e pagamenti in criptovaluta.<\/p>\n<p><strong>D: Quanto tempo richiede la preparazione dell'ordine?<\/strong><br \/>\nR: La preparazione dell'ordine richiede 1-3 giorni lavorativi.<\/p>\n<p><strong>D: Qual \u00e8 il tempo di spedizione?<\/strong><br \/>\nR: Il tempo di spedizione \u00e8 di 7-14 giorni lavorativi, a seconda della localit\u00e0. Le merci spedite dai magazzini europei richiedono in genere 3-6 giorni lavorativi per la consegna.<\/p>\n<p><strong>D: Come posso monitorare il mio ordine?<\/strong><br \/>\nR: Dopo la spedizione riceverai un'e-mail di conferma con un numero di tracciabilit\u00e0 per il monitoraggio in tempo reale.<\/p>\n<p><strong>D: Qual \u00e8 la vostra politica di restituzione?<\/strong><br \/>\nR: Offriamo una politica di restituzione di 30 giorni per rimborsi o cambi. .<\/p>\n<p><strong>D: Ci saranno problemi doganali?<br \/>\n<\/strong>Gestiamo tutte le procedure di sdoganamento per garantirti un'esperienza senza problemi. .<\/p>\n<p><strong>D: Quali metodi di spedizione vengono utilizzati?<\/strong><br \/>\nCollaboriamo con UPS\/DHL\/FEDEX\/DPD, ecc. Sceglieremo l'opzione di spedizione appropriata a seconda del paese di consegna per assicurarti di ricevere i tuoi prodotti il \u200b\u200bpi\u00f9 rapidamente possibile.<\/p>\n<p><a href=\"https:\/\/pgvape.com\/it\/domande-frequenti\/\">Fare clic qui per ulteriori domande frequenti<\/a><\/p>\n<p>Cari clienti, se avete domande sul vostro ordine o sull'arrivo della merce, contattate il nostro servizio clienti. Grazie!<\/p>\n<h3 data-sourcepos=\"73:1-73:21\"><strong data-sourcepos=\"73:7-73:21\">Contattaci<\/strong><\/h3>\n<div id=\"text-2419739398\" class=\"text\">\n<p><strong data-sourcepos=\"75:3-75:12\">E-mail<\/strong>:\u00a0<a href=\"mailto:support@pgvape.com\"><strong>support@pgvape.com<\/strong><\/a><\/p>\n<p><strong data-sourcepos=\"76:3-76:15\">Whatsapp<\/strong>:\u00a0<a href=\"https:\/\/wa.me\/+8618128481258\"><strong>+86 18128481258<\/strong><\/a><br \/>\n<strong>(Risposta entro 24 ore nei giorni lavorativi)<\/strong><\/p>\n<\/div>\n<h3><strong>Grazie per aver scelto pgvape.com! .<\/strong><\/h3>\n<\/div>","protected":false},"excerpt":{"rendered":"<p><strong>BANG BLAZE 140K<\/strong>\u2014<strong>140k sbuffi<\/strong>, <strong>45 ml<\/strong>, <strong>maglia tripla da 1,0 \u03a9<\/strong>, <strong>Commutatore 3 in 1<\/strong>, \u00a0<strong>0-5 % nic<\/strong>.<strong>Tre sapori, una fiammata, mesi di nuvole.<\/strong><\/p>","protected":false},"featured_media":8533,"comment_status":"open","ping_status":"closed","template":"","meta":{"_seopress_robots_primary_cat":"none","_seopress_titles_title":"","_seopress_titles_desc":"","_seopress_robots_index":""},"product_brand":[49,516],"product_cat":[529,33,515],"product_tag":[531,555,554,553,90,59],"class_list":{"0":"post-8503","1":"product","2":"type-product","3":"status-publish","4":"has-post-thumbnail","6":"product_brand-bang-blaze-vape","7":"product_brand-disposable-vape","8":"product_cat-140k-puffs-vape","9":"product_cat-bang-blaze-vape","10":"product_cat-disposable-vape","11":"product_tag-140k-puffs-vape","12":"product_tag-3-pure-flavors","13":"product_tag-3in1","14":"product_tag-bang-blaze-140000","15":"product_tag-disposable-vape","16":"product_tag-mouth-to-lung-mtl","18":"first","19":"instock","20":"sale","21":"shipping-taxable","22":"purchasable","23":"product-type-variable"},"_links":{"self":[{"href":"https:\/\/pgvape.com\/it\/wp-json\/wp\/v2\/product\/8503","targetHints":{"allow":["GET"]}}],"collection":[{"href":"https:\/\/pgvape.com\/it\/wp-json\/wp\/v2\/product"}],"about":[{"href":"https:\/\/pgvape.com\/it\/wp-json\/wp\/v2\/types\/product"}],"replies":[{"embeddable":true,"href":"https:\/\/pgvape.com\/it\/wp-json\/wp\/v2\/comments?post=8503"}],"wp:featuredmedia":[{"embeddable":true,"href":"https:\/\/pgvape.com\/it\/wp-json\/wp\/v2\/media\/8533"}],"wp:attachment":[{"href":"https:\/\/pgvape.com\/it\/wp-json\/wp\/v2\/media?parent=8503"}],"wp:term":[{"taxonomy":"product_brand","embeddable":true,"href":"https:\/\/pgvape.com\/it\/wp-json\/wp\/v2\/product_brand?post=8503"},{"taxonomy":"product_cat","embeddable":true,"href":"https:\/\/pgvape.com\/it\/wp-json\/wp\/v2\/product_cat?post=8503"},{"taxonomy":"product_tag","embeddable":true,"href":"https:\/\/pgvape.com\/it\/wp-json\/wp\/v2\/product_tag?post=8503"}],"curies":[{"name":"wp","href":"https:\/\/api.w.org\/{rel}","templated":true}]}}