{"id":8460,"date":"2026-01-14T07:58:10","date_gmt":"2026-01-14T07:58:10","guid":{"rendered":"https:\/\/pgvape.com\/?post_type=product&#038;p=8460"},"modified":"2026-03-15T13:48:39","modified_gmt":"2026-03-15T13:48:39","slug":"bang-blaze-200000-6in1-sapori-200k-sbuffi-vape-usa-e-getta-0-2-3-5nicotina-12taste-smart-screen-vape-allingrosso-della-fabbrica","status":"publish","type":"product","link":"https:\/\/pgvape.com\/it\/prodotto\/bang-blaze-200000-6in1-sapori-200k-sbuffi-vape-usa-e-getta-0-2-3-5nicotina-12taste-smart-screen-vape-allingrosso-della-fabbrica\/","title":{"rendered":"Bang Blaze 200000 6in1 Sapori 200k Soffi Vape usa e getta 0% 2% 3% 5%Nicotina 12Taste Smart Screen Vape All'ingrosso della fabbrica"},"content":{"rendered":"<p><strong data-sourcepos=\"6:5-6:25\">BANG BLAZE 200K<\/strong> \u00e8 un innovativo vaporizzatore usa e getta multigusto che ridefinisce capacit\u00e0 e variet\u00e0. <strong data-sourcepos=\"6:136-6:154\">corpo esagonale<\/strong> alloggiamento <strong data-sourcepos=\"6:163-6:200\">sei camere e-liquid indipendenti<\/strong>, consente agli utenti di ruotare istantaneamente tra sei gusti distinti senza contaminazione incrociata. <strong data-sourcepos=\"6:321-6:344\">Punteggio di 200.000 puff<\/strong> e un enorme <strong data-sourcepos=\"6:359-6:391\">Capacit\u00e0 totale dell'e-liquid 72 ml<\/strong>, \u00e8 progettato per una longevit\u00e0 estrema. <strong data-sourcepos=\"6:446-6:463\">visualizzazione intelligente<\/strong>, <strong data-sourcepos=\"6:465-6:496\">Batteria ricaricabile da 650 mAh<\/strong>, <strong data-sourcepos=\"6:498-6:522\">Ricarica rapida di tipo C<\/strong>, E <strong data-sourcepos=\"6:528-6:551\">sei bobine mesh da 1,0 \u03a9<\/strong>, offre un'esperienza di svapo premium, fluida e versatile per tutti i livelli di utente.<\/p>\n<p>&nbsp;<\/p>\n<h2><span style=\"font-size: 90%;\">Bang Blaze 200000 gusti 6in1 200k bign\u00e8 <a href=\"https:\/\/pgvape.com\/it\/categoria-prodotto\/vaporizzatore-usa-e-getta\/\">Vape usa e getta<\/a> Specifiche:<\/span><\/h2>\n<p>\ud83d\udd04\u00a0<strong data-sourcepos=\"11:6-11:32\">Rotazione dei sapori 6 in 1<\/strong>\u00a0\u2013 Sei camere separate da 12 ml; ruotano il bocchino per cambiare sapore.<\/p>\n<p>\ud83d\udca8\u00a0<strong data-sourcepos=\"12:6-12:29\">Longevit\u00e0 senza pari<\/strong>\u00a0\u2013 Fino a 200.000 sbuffi da una capacit\u00e0 totale di e-liquid di 72 ml.<\/p>\n<p>\ud83d\udda5\ufe0f\u00a0<strong data-sourcepos=\"13:7-13:31\">Schermo di visualizzazione intelligente<\/strong>\u00a0\u2013 Livello della batteria in tempo reale e monitoraggio individuale del serbatoio dell'e-liquid.<\/p>\n<p>\ud83d\udd0b\u00a0<strong data-sourcepos=\"14:6-14:46\">Batteria da 650 mAh + ricarica rapida USB-C<\/strong>\u00a0\u2013 Ricaricabile per un uso prolungato.<\/p>\n<p>\ud83d\udd25\u00a0<strong data-sourcepos=\"15:6-15:29\">Sei bobine mesh da 1,0 \u03a9<\/strong>\u00a0\u2013 Uno per camera per un vapore uniforme e morbido e un sapore puro.<\/p>\n<p>\u2699\ufe0f\u00a0<strong data-sourcepos=\"16:6-16:36\">Design ergonomico esagonale<\/strong>\u00a0\u2013 Stabile, elegante e facile da impugnare.<\/p>\n<p>\ud83d\udce6\u00a0<strong data-sourcepos=\"17:6-17:24\">Imballaggio sfuso<\/strong>\u00a0\u2013 10 pezzi per scatola, 100 pezzi per cartone per efficienza all\u2019ingrosso.<\/p>\n<p>&nbsp;<\/p>\n<h3><span style=\"font-size: 90%;\">Bang Blaze 200000 6in1 Aromi 200k Puffs Vape usa e getta Elenco aromi:<\/span><\/h3>\n<p>1.Ghiaccio alla pesca\/Lime al limone\/Anguria alla fragola\/Uva al lampone\/Mamba alla fragola\/Melograno alla ciliegia<\/p>\n<p>2. Ghiaccio di anguria \/ Uva mela \/ Lampone mirtillo \/ Pesca mango \/ Arancia ananas \/ Pesca mirtillo<\/p>\n<p>3.Ghiaccio all'uva \/ Limone al lampone \/ Red Bull al mirtillo \/ Cocco all'ananas \/ Litchi alla fragola \/ Dragon Ice nero<\/p>\n<p>4.Ghiaccio al mirtillo \/ Anguria al lampone \/ Uva all'aloe vera \/ Banana alla fragola \/ Love 66 \/ Ciliegia al mirtillo<\/p>\n<p>5.Ghiaccio di mela \/ Frutti di bosco misti \/ Gomma da masticare all'anguria \/ Anguria al mirtillo \/ Mango alla fragola \/ Cantalupo al mango e all'aloe<\/p>\n<p>6. Ghiaccio all'ananas \/ Guava al frutto della passione kiwi \/ Caramelle gommose a forma di orso \/ Frutto del drago di anguria \/ Anguria al mango pesca \/ Mirtillo Mirtillo rosso Ciliegia<\/p>\n<p>7. Fragola \/ Ribes nero, ananas ghiacciato \/ Frutti tropicali \/ Gomma da masticare all'uva \/ Uva al mirtillo \/ Frutto della passione al mango<\/p>\n<p>8.Triplo mango \/ Pesca all'uva \/ Gelato alla fragola \/ Kiwi alla fragola \/ Energia all'uva \/ Cola rossa<\/p>\n<p>9. Ghiaccio alla banana \/ Mela all'aloe vera \/ Uva al frutto della passione \/ Cocco alla fragola \/ Gomma da masticare alla fragola e all'anguria \/ Ghiaccio al lime e all'anguria<\/p>\n<p>10. Gelato alla ciliegia \/ Limone rosa \/ Mirtillo alla menta \/ Gelato alla banana \/ Gelato alla pesca con ananas al frutto della passione \/ Kiwi alla mela verde<\/p>\n<p>11.Arcobaleno CY \/ Pesca Pera Ice \/ Cappuccino \/ Mojito alla menta fresca \/ Fragola Mango Ribes nero \/ Marshmallow<\/p>\n<p>12. Ribes nero \/ Triplo melone \/ Lampone fragola \/ Super Berry \/ Mirtillo Mora Fragola \/ Pesca Limone Acqua<img loading=\"lazy\" decoding=\"async\" class=\"alignnone wp-image-8471 size-full\" src=\"https:\/\/pgvape.com\/wp-content\/uploads\/2026\/01\/Bang-Blaze-200000-6in1-Flavors-200k-Puffs-Disposable-Vape-0-2-3-5Nicotine-12Taste-Smart-Screen-Vape-Factory-Wholesale-9.png\" alt=\"Due file di bottiglie di bevande energetiche Bang con personaggi dei cartoni animati sulle etichette, nomi di gusti colorati e uno striscione con 12 gusti.\" width=\"1500\" height=\"1564\" srcset=\"https:\/\/pgvape.com\/wp-content\/uploads\/2026\/01\/Bang-Blaze-200000-6in1-Flavors-200k-Puffs-Disposable-Vape-0-2-3-5Nicotine-12Taste-Smart-Screen-Vape-Factory-Wholesale-9.png 1500w, https:\/\/pgvape.com\/wp-content\/uploads\/2026\/01\/Bang-Blaze-200000-6in1-Flavors-200k-Puffs-Disposable-Vape-0-2-3-5Nicotine-12Taste-Smart-Screen-Vape-Factory-Wholesale-9-345x360.png 345w, https:\/\/pgvape.com\/wp-content\/uploads\/2026\/01\/Bang-Blaze-200000-6in1-Flavors-200k-Puffs-Disposable-Vape-0-2-3-5Nicotine-12Taste-Smart-Screen-Vape-Factory-Wholesale-9-595x620.png 595w, https:\/\/pgvape.com\/wp-content\/uploads\/2026\/01\/Bang-Blaze-200000-6in1-Flavors-200k-Puffs-Disposable-Vape-0-2-3-5Nicotine-12Taste-Smart-Screen-Vape-Factory-Wholesale-9-384x400.png 384w, https:\/\/pgvape.com\/wp-content\/uploads\/2026\/01\/Bang-Blaze-200000-6in1-Flavors-200k-Puffs-Disposable-Vape-0-2-3-5Nicotine-12Taste-Smart-Screen-Vape-Factory-Wholesale-9-768x801.png 768w, https:\/\/pgvape.com\/wp-content\/uploads\/2026\/01\/Bang-Blaze-200000-6in1-Flavors-200k-Puffs-Disposable-Vape-0-2-3-5Nicotine-12Taste-Smart-Screen-Vape-Factory-Wholesale-9-1473x1536.png 1473w, https:\/\/pgvape.com\/wp-content\/uploads\/2026\/01\/Bang-Blaze-200000-6in1-Flavors-200k-Puffs-Disposable-Vape-0-2-3-5Nicotine-12Taste-Smart-Screen-Vape-Factory-Wholesale-9-12x12.png 12w, https:\/\/pgvape.com\/wp-content\/uploads\/2026\/01\/Bang-Blaze-200000-6in1-Flavors-200k-Puffs-Disposable-Vape-0-2-3-5Nicotine-12Taste-Smart-Screen-Vape-Factory-Wholesale-9-600x626.png 600w\" sizes=\"auto, (max-width: 1500px) 100vw, 1500px\" \/><\/p>\n<p>&nbsp;<\/p>\n<h2>Domande frequenti su Bang Blaze 200000 6in1 Flavors 200k Puffs Vape usa e getta<\/h2>\n<p>\u2753 <strong>Cosa ha di speciale questo dispositivo?<\/strong><br \/>\n\u2705 <strong>Sei serbatoi indipendenti<\/strong>\u2014un dispositivo, <strong>sei sapori puri<\/strong>, <strong>200.000 sbuffi<\/strong>.<\/p>\n<p>\u2753 <strong>Come cambio i gusti?<\/strong><br \/>\n\u2705 <strong>Sollevare e ruotare il boccaglio<\/strong>\u2014il serbatoio cambia istantaneamente, zero sapori incrociati.<\/p>\n<p>\u2753 <strong class=\"\">\u00c8 ricaricabile?<\/strong><br \/>\n\u2705 <strong>650 mAh<\/strong> batteria + <strong>Tipo C<\/strong>; <strong>45-60 minuti<\/strong> carica completa.<\/p>\n<p>\u2753 <strong>Quanti puff posso ottenere?<\/strong><br \/>\n\u2705 Valutato in laboratorio <strong>200.000 sbuffi<\/strong>\u2014mesi di utilizzo quotidiano (l'utilizzo effettivo pu\u00f2 variare).<\/p>\n<p>\u2753 <strong>Ha uno schermo?<\/strong><br \/>\n\u2705 <strong>Visualizzazione intelligente<\/strong> spettacoli <strong>batteria<\/strong> E <strong>liquido rimanente<\/strong> per serbatoio.<\/p>\n<p>\u2753 <strong>Quali concentrazioni di nicotina sono disponibili?<\/strong><br \/>\n\u2705 <strong>0 %, 2 %, 3 %, 5 %<\/strong>\u2014scegli la forza al momento del pagamento.<\/p>\n<p>\u2753 <strong>Pu\u00f2 essere ricaricato o riutilizzato?<\/strong><br \/>\n\u2705 <strong>NO<\/strong>\u2014smaltire in modo responsabile una volta tutto <strong>sei carri armati<\/strong> sono vuoti.<\/p>\n<p>\u2753 <strong>Il vapore \u00e8 fluido?<\/strong><br \/>\n\u2705 <strong>Sei bobine di rete<\/strong> consegnare <strong>ricco, liscio, inodore<\/strong> vaporizza ogni boccata.<\/p>\n<p>\u2753 <strong>Adatto ai principianti?<\/strong><br \/>\n\u2705 <strong>Draw-attivato<\/strong>, <strong>nessuna configurazione<\/strong>, <strong>visualizzazione intelligente<\/strong>\u2014pronto per essere svapato appena uscito dalla scatola.<\/p>\n<p>&nbsp;<\/p>\n<h3 id=\"brxe-najhln\" class=\"brxe-heading\">Domande frequenti (FAQ)<\/h3>\n<div id=\"brxe-rajiac\" class=\"brxe-text\">\n<p><strong>D: Quali metodi di pagamento accettate?<\/strong><br \/>\nR: Accettiamo PayPal, Stripe, bonifici bancari (supportati SEPA), le principali carte di credito (Visa, MasterCard, American Express) e pagamenti in criptovaluta.<\/p>\n<p><strong>D: Quanto tempo richiede la preparazione dell'ordine?<\/strong><br \/>\nR: La preparazione dell'ordine richiede 1-3 giorni lavorativi.<\/p>\n<p><strong>D: Qual \u00e8 il tempo di spedizione?<\/strong><br \/>\nR: Il tempo di spedizione \u00e8 di 7-14 giorni lavorativi, a seconda della localit\u00e0. Le merci spedite dai magazzini europei richiedono in genere 3-6 giorni lavorativi per la consegna.<\/p>\n<p><strong>D: Come posso monitorare il mio ordine?<\/strong><br \/>\nR: Dopo la spedizione riceverai un'e-mail di conferma con un numero di tracciabilit\u00e0 per il monitoraggio in tempo reale.<\/p>\n<p><strong>D: Qual \u00e8 la vostra politica di restituzione?<\/strong><br \/>\nR: Offriamo una politica di restituzione di 30 giorni per rimborsi o cambi. .<\/p>\n<p><strong>D: Ci saranno problemi doganali?<br \/>\n<\/strong>Gestiamo tutte le procedure di sdoganamento per garantirti un'esperienza senza problemi. .<\/p>\n<p><strong>D: Quali metodi di spedizione vengono utilizzati?<\/strong><br \/>\nCollaboriamo con UPS\/DHL\/FEDEX\/DPD, ecc. Sceglieremo l'opzione di spedizione appropriata a seconda del paese di consegna per assicurarti di ricevere i tuoi prodotti il \u200b\u200bpi\u00f9 rapidamente possibile.<\/p>\n<p><a href=\"https:\/\/pgvape.com\/it\/domande-frequenti\/\">Fare clic qui per ulteriori domande frequenti<\/a><\/p>\n<p>Cari clienti, se avete domande sul vostro ordine o sull'arrivo della merce, contattate il nostro servizio clienti. Grazie!<\/p>\n<h3 data-sourcepos=\"73:1-73:21\"><strong data-sourcepos=\"73:7-73:21\">Contattaci<\/strong><\/h3>\n<div id=\"text-2419739398\" class=\"text\">\n<p><strong data-sourcepos=\"75:3-75:12\">E-mail<\/strong>:\u00a0<a href=\"mailto:support@pgvape.com\"><strong>support@pgvape.com<\/strong><\/a><\/p>\n<p><strong data-sourcepos=\"76:3-76:15\">Whatsapp<\/strong>:\u00a0<a href=\"https:\/\/wa.me\/+8618128481258\"><strong>+86 18128481258<\/strong><\/a><br \/>\n<strong>(Risposta entro 24 ore nei giorni lavorativi)<\/strong><\/p>\n<\/div>\n<h3><strong>Grazie per aver scelto pgvape.com! .<\/strong><\/h3>\n<\/div>","protected":false},"excerpt":{"rendered":"<p><strong>BANG BLAZE 6 in 1<\/strong>\u2014<strong>200.000 sbuffi<\/strong>, <strong>72 ml<\/strong>, <strong>sei carri armati<\/strong>, <strong>corpo esagonale<\/strong>, <strong>visualizzazione intelligente<\/strong>, <strong>0-5 % nic<\/strong>.<strong class=\"\">Ruota una volta, assaggia sei, svapa per sei mesi.<\/strong><\/p>","protected":false},"featured_media":8463,"comment_status":"open","ping_status":"closed","template":"","meta":{"_seopress_robots_primary_cat":"none","_seopress_titles_title":"","_seopress_titles_desc":"","_seopress_robots_index":""},"product_brand":[549,49,516],"product_cat":[548,33,515],"product_tag":[552,551,550,90,81],"class_list":{"0":"post-8460","1":"product","2":"type-product","3":"status-publish","4":"has-post-thumbnail","6":"product_brand-200k-puffs-vape","7":"product_brand-bang-blaze-vape","8":"product_brand-disposable-vape","9":"product_cat-200k-puffs-vape","10":"product_cat-bang-blaze-vape","11":"product_cat-disposable-vape","12":"product_tag-200k-puffs-vape","13":"product_tag-6in1-flavors","14":"product_tag-bang-blaze-200000","15":"product_tag-disposable-vape","16":"product_tag-mouth-to-lung","18":"first","19":"instock","20":"sale","21":"shipping-taxable","22":"purchasable","23":"product-type-variable"},"_links":{"self":[{"href":"https:\/\/pgvape.com\/it\/wp-json\/wp\/v2\/product\/8460","targetHints":{"allow":["GET"]}}],"collection":[{"href":"https:\/\/pgvape.com\/it\/wp-json\/wp\/v2\/product"}],"about":[{"href":"https:\/\/pgvape.com\/it\/wp-json\/wp\/v2\/types\/product"}],"replies":[{"embeddable":true,"href":"https:\/\/pgvape.com\/it\/wp-json\/wp\/v2\/comments?post=8460"}],"wp:featuredmedia":[{"embeddable":true,"href":"https:\/\/pgvape.com\/it\/wp-json\/wp\/v2\/media\/8463"}],"wp:attachment":[{"href":"https:\/\/pgvape.com\/it\/wp-json\/wp\/v2\/media?parent=8460"}],"wp:term":[{"taxonomy":"product_brand","embeddable":true,"href":"https:\/\/pgvape.com\/it\/wp-json\/wp\/v2\/product_brand?post=8460"},{"taxonomy":"product_cat","embeddable":true,"href":"https:\/\/pgvape.com\/it\/wp-json\/wp\/v2\/product_cat?post=8460"},{"taxonomy":"product_tag","embeddable":true,"href":"https:\/\/pgvape.com\/it\/wp-json\/wp\/v2\/product_tag?post=8460"}],"curies":[{"name":"wp","href":"https:\/\/api.w.org\/{rel}","templated":true}]}}