{"id":8412,"date":"2026-01-08T12:56:25","date_gmt":"2026-01-08T12:56:25","guid":{"rendered":"https:\/\/pgvape.com\/?post_type=product&#038;p=8412"},"modified":"2026-03-15T13:42:00","modified_gmt":"2026-03-15T13:42:00","slug":"bang-ricaricabile-60000-60k-sbuffi-2-in-1-doppi-gusti-monouso-vape-flusso-daria-regolabile-0-5nicotina-12taste-smart-screen-vape-allingrosso-della-fabbrica","status":"publish","type":"product","link":"https:\/\/pgvape.com\/it\/prodotto\/bang-ricaricabile-60000-60k-sbuffi-2-in-1-doppi-gusti-monouso-vape-flusso-daria-regolabile-0-5nicotina-12taste-smart-screen-vape-allingrosso-della-fabbrica\/","title":{"rendered":"Bang ricaricabile 60000 60k sbuffi 2 in 1 doppi sapori monouso Vape flusso d'aria regolabile 0%-5%Nicotina 12Taste Smart Screen Vape all'ingrosso della fabbrica"},"content":{"rendered":"<p><strong data-sourcepos=\"6:5-6:26\">Bang 60000 2 in 1<\/strong> \u00e8 un punto di svolta nello svapo sostenibile, offrendo la comodit\u00e0 di un prodotto usa e getta con la longevit\u00e0 e l'eco-compatibilit\u00e0 di un sistema ricaricabile. <strong data-sourcepos=\"6:183-6:201\">due serbatoi da 18 ml<\/strong> (capacit\u00e0 totale di 36 ml) per un cambio di sapore istantaneo e per offrire un gusto senza precedenti <strong data-sourcepos=\"6:285-6:301\">60.000 sbuffi<\/strong>, unisce potenza, controllo e ridotto impatto ambientale. <strong data-sourcepos=\"6:369-6:386\">visualizzazione intelligente<\/strong> fornisce un monitoraggio chiaro della batteria e dell'e-liquid, mentre il <strong data-sourcepos=\"6:445-6:476\">Batteria ricaricabile da 550 mAh<\/strong> con <strong data-sourcepos=\"6:482-6:505\">Ricarica rapida USB-C<\/strong>, <strong data-sourcepos=\"6:507-6:525\">Bobina a rete da 1,0 \u03a9<\/strong>, E <strong data-sourcepos=\"6:531-6:553\">flusso d'aria regolabile<\/strong> garantire un'esperienza di svapo premium e personalizzabile. .<\/p>\n<p>&nbsp;<\/p>\n<h2><strong><span style=\"font-size: 90%;\">Bang ricaricabile 60000 60k soffi 2 in 1 doppi sapori Vape usa e getta Specifiche<\/span><\/strong><\/h2>\n<p><strong data-sourcepos=\"11:6-11:37\">Sistema ricaricabile a doppio serbatoio<\/strong>\u00a0\u2013 Due serbatoi da 18 ml per il cambio istantaneo del sapore e un uso prolungato.<\/p>\n<p><strong data-sourcepos=\"12:6-12:30\">Design eco-consapevole<\/strong>\u00a0\u2013 Ricaricabili per ridurre gli sprechi, offrendo pi\u00f9 valore nel tempo.<\/p>\n<p><strong data-sourcepos=\"13:7-13:31\">Schermo di visualizzazione intelligente<\/strong>\u00a0\u2013 Lettura chiara della percentuale della batteria e dei livelli di e-liquid.<\/p>\n<p><strong data-sourcepos=\"14:6-14:46\">Batteria da 550 mAh + ricarica rapida USB-C<\/strong>\u00a0\u2013 Energia affidabile per tutto il giorno con ricarica rapida.<\/p>\n<p><strong data-sourcepos=\"15:6-15:24\">Bobina a rete da 1,0 \u03a9<\/strong>\u00a0\u2013 Vapore morbido e ricco e erogazione di sapore uniforme.<\/p>\n<p><strong data-sourcepos=\"16:7-16:29\">Flusso d'aria regolabile<\/strong>\u00a0\u2013 Personalizza il tuo disegno da stretto ad arioso.<\/p>\n<p><strong data-sourcepos=\"17:6-17:28\">Fino a 60.000 sbuffi<\/strong>\u00a0\u2013 Durata eccezionale per un uso intensivo e a lungo termine.<\/p>\n<p><strong data-sourcepos=\"18:6-18:26\">Pronto per la vendita al dettaglio<\/strong>\u00a0\u2013 Design moderno con packaging user-friendly.<\/p>\n<p>&nbsp;<\/p>\n<h3><strong><span style=\"font-size: 90%;\">Elenco dei gusti Vape usa e getta Bang ricaricabili 60000 60k sbuffi 2 in 1 a doppio gusto:<\/span><\/strong><\/h3>\n<p><strong class=\"\">1. Ghiaccio all'anguria e anguria alla fragola<\/strong><\/p>\n<p><strong>2.Ghiaccio al mango e mango alla fragola<\/strong><\/p>\n<p><strong class=\"\">3.Ghiaccio alla pesca e pesca al mango<\/strong><\/p>\n<p><strong class=\"\">4. Ghiaccio all'anguria e anguria ai mirtilli<\/strong><\/p>\n<p><strong class=\"\">5. Frutta mista e tripla bacca<\/strong><\/p>\n<p><strong class=\"\">6.Ghiaccio alla fragola e banana alla fragola<\/strong><\/p>\n<p><strong class=\"\">7.Ghiaccio al mirtillo e lampone al mirtillo<\/strong><\/p>\n<p><strong class=\"\">8. Anguria e coca cola alla ciliegia<\/strong><\/p>\n<p><strong class=\"\">9. Ghiaccio al mirtillo e menta al mirtillo<\/strong><\/p>\n<p><strong class=\"\">10. Ananas, cocco e gelato all'ananas<\/strong><\/p>\n<p><strong class=\"\">11. Bevanda energetica e ghiaccio all'anguria<\/strong><\/p>\n<p><strong class=\"\">12.Ghiaccio all'uva e uva al mirtillo<img loading=\"lazy\" decoding=\"async\" class=\"alignnone wp-image-8429 size-full\" src=\"https:\/\/pgvape.com\/wp-content\/uploads\/2026\/01\/Bang-Refillable-60000-60k-Puffs-2-in-1-Double-Flavors-Disposable-Vape-0-2-3-5Nicotine-12Taste-Smart-Screen-Vape-Factory-Wholesale-15.png\" alt=\"File di penne vaporizzate colorate con serbatoi trasparenti e corpi al neon, etichettati con aromi di frutta su sfondo blu.\" width=\"1500\" height=\"1246\" srcset=\"https:\/\/pgvape.com\/wp-content\/uploads\/2026\/01\/Bang-Refillable-60000-60k-Puffs-2-in-1-Double-Flavors-Disposable-Vape-0-2-3-5Nicotine-12Taste-Smart-Screen-Vape-Factory-Wholesale-15.png 1500w, https:\/\/pgvape.com\/wp-content\/uploads\/2026\/01\/Bang-Refillable-60000-60k-Puffs-2-in-1-Double-Flavors-Disposable-Vape-0-2-3-5Nicotine-12Taste-Smart-Screen-Vape-Factory-Wholesale-15-433x360.png 433w, https:\/\/pgvape.com\/wp-content\/uploads\/2026\/01\/Bang-Refillable-60000-60k-Puffs-2-in-1-Double-Flavors-Disposable-Vape-0-2-3-5Nicotine-12Taste-Smart-Screen-Vape-Factory-Wholesale-15-595x494.png 595w, https:\/\/pgvape.com\/wp-content\/uploads\/2026\/01\/Bang-Refillable-60000-60k-Puffs-2-in-1-Double-Flavors-Disposable-Vape-0-2-3-5Nicotine-12Taste-Smart-Screen-Vape-Factory-Wholesale-15-400x332.png 400w, https:\/\/pgvape.com\/wp-content\/uploads\/2026\/01\/Bang-Refillable-60000-60k-Puffs-2-in-1-Double-Flavors-Disposable-Vape-0-2-3-5Nicotine-12Taste-Smart-Screen-Vape-Factory-Wholesale-15-768x638.png 768w, https:\/\/pgvape.com\/wp-content\/uploads\/2026\/01\/Bang-Refillable-60000-60k-Puffs-2-in-1-Double-Flavors-Disposable-Vape-0-2-3-5Nicotine-12Taste-Smart-Screen-Vape-Factory-Wholesale-15-14x12.png 14w, https:\/\/pgvape.com\/wp-content\/uploads\/2026\/01\/Bang-Refillable-60000-60k-Puffs-2-in-1-Double-Flavors-Disposable-Vape-0-2-3-5Nicotine-12Taste-Smart-Screen-Vape-Factory-Wholesale-15-600x498.png 600w\" sizes=\"auto, (max-width: 1500px) 100vw, 1500px\" \/><\/strong><\/p>\n<p>&nbsp;<\/p>\n<h2><span style=\"font-size: 90%;\">Domande frequenti su Bang Refillable 60000 60k Puffs 2 in 1 Vape usa e getta a doppio gusto<\/span><\/h2>\n<p>\u2753 Il Bang 60000 2 in 1 \u00e8 davvero ricaricabile?<br \/>\n\u2705 S\u00ec, questo dispositivo \u00e8 progettato come vaporizzatore usa e getta ricaricabile. .<\/p>\n<p>\u2753Come posso passare da un gusto all'altro?<br \/>\n\u2705 Il Bang 60000 2-in-1 ha due serbatoi separati. .<\/p>\n<p>\u2753 Cosa mostra lo schermo intelligente?<br \/>\n\u2705 Lo schermo mostra chiaramente il livello rimanente di e-liquid e la percentuale della batteria, aiutandoti a gestire la tua esperienza di svapo.<\/p>\n<p>\u2753Quanti puff posso effettivamente ottenere?<br \/>\n\u2705 Questo dispositivo \u00e8 valutato per ben 60.000 boccate, rendendo il Bang 60000 2-in-1 un'opzione incredibilmente duratura.a<\/p>\n<p>\u2753Come lo carico?<br \/>\n\u2705 La ricarica \u00e8 semplice e moderna. .<\/p>\n<p>\u2753 Cosa lo rende un dispositivo \u201c2 in 1\u201d?<br \/>\n\u2705 Il \u201c2-in-1\u201d si riferisce al sistema a doppio serbatoio di e-liquid, che consente di avere due gusti diversi pronti all'uso in un unico dispositivo Bang 60000.<\/p>\n<p>\u2753 \u00c8 facile sapere quando il liquido \u00e8 in esaurimento?<br \/>\n\u2705 S\u00ec, lo schermo intelligente del Bang 60000 2-in-1 indicher\u00e0 chiaramente quando il livello del tuo liquido si sta abbassando, cos\u00ec potrai riempirlo in tempo.<\/p>\n<p>&nbsp;<\/p>\n<h3 id=\"brxe-najhln\" class=\"brxe-heading\">Domande frequenti (FAQ)<\/h3>\n<div id=\"brxe-rajiac\" class=\"brxe-text\">\n<p><strong>D: Quali metodi di pagamento accettate?<\/strong><br \/>\nR: Accettiamo PayPal, Stripe, bonifici bancari (supportati SEPA), le principali carte di credito (Visa, MasterCard, American Express) e pagamenti in criptovaluta.<\/p>\n<p><strong>D: Quanto tempo richiede la preparazione dell'ordine?<\/strong><br \/>\nR: La preparazione dell'ordine richiede 1-3 giorni lavorativi.<\/p>\n<p><strong>D: Qual \u00e8 il tempo di spedizione?<\/strong><br \/>\nR: Il tempo di spedizione \u00e8 di 7-14 giorni lavorativi, a seconda della localit\u00e0. Le merci spedite dai magazzini europei richiedono in genere 3-6 giorni lavorativi per la consegna.<\/p>\n<p><strong>D: Come posso monitorare il mio ordine?<\/strong><br \/>\nR: Dopo la spedizione riceverai un'e-mail di conferma con un numero di tracciabilit\u00e0 per il monitoraggio in tempo reale.<\/p>\n<p><strong>D: Qual \u00e8 la vostra politica di restituzione?<\/strong><br \/>\nR: Offriamo una politica di restituzione di 30 giorni per rimborsi o cambi. .<\/p>\n<p><strong>D: Ci saranno problemi doganali?<br \/>\n<\/strong>Gestiamo tutte le procedure di sdoganamento per garantirti un'esperienza senza problemi. .<\/p>\n<p><strong>D: Quali metodi di spedizione vengono utilizzati?<\/strong><br \/>\nCollaboriamo con UPS\/DHL\/FEDEX\/DPD, ecc. Sceglieremo l'opzione di spedizione appropriata a seconda del paese di consegna per assicurarti di ricevere i tuoi prodotti il \u200b\u200bpi\u00f9 rapidamente possibile.<\/p>\n<p><a href=\"https:\/\/pgvape.com\/it\/domande-frequenti\/\">Fare clic qui per ulteriori domande frequenti<\/a><\/p>\n<p>Cari clienti, se avete domande sul vostro ordine o sull'arrivo della merce, contattate il nostro servizio clienti. Grazie!<\/p>\n<h3 data-sourcepos=\"73:1-73:21\"><strong data-sourcepos=\"73:7-73:21\">Contattaci<\/strong><\/h3>\n<div id=\"text-2419739398\" class=\"text\">\n<p><strong data-sourcepos=\"75:3-75:12\">E-mail<\/strong>:\u00a0<a href=\"mailto:support@pgvape.com\"><strong>support@pgvape.com<\/strong><\/a><\/p>\n<p><strong data-sourcepos=\"76:3-76:15\">Whatsapp<\/strong>:\u00a0<a href=\"https:\/\/wa.me\/+8618128481258\"><strong>+86 18128481258<\/strong><\/a><br \/>\n<strong>(Risposta entro 24 ore nei giorni lavorativi)<\/strong><\/p>\n<\/div>\n<h3><strong>Grazie per aver scelto pgvape.com! .<\/strong><\/h3>\n<\/div>","protected":false},"excerpt":{"rendered":"<p><strong>Vape ricaricabile Bang 60000 2 in 1<\/strong> dispone di 60.000 sbuffi, doppi serbatoi da 36 ml, ricarica di tipo C da 550 mAh, uno schermo intelligente e flusso d'aria regolabile, offrendo versatilit\u00e0 di sapori, prestazioni di lunga durata e valore ecologico per i vapers pi\u00f9 esigenti.<\/p>","protected":false},"featured_media":8447,"comment_status":"open","ping_status":"closed","template":"","meta":{"_seopress_robots_primary_cat":"none","_seopress_titles_title":"","_seopress_titles_desc":"","_seopress_robots_index":""},"product_brand":[36,516],"product_cat":[48,25,515],"product_tag":[161,315,135,547,67,90,278],"class_list":{"0":"post-8412","1":"product","2":"type-product","3":"status-publish","4":"has-post-thumbnail","6":"product_brand-bang-vape","7":"product_brand-disposable-vape","8":"product_cat-60k-puffs-vape","9":"product_cat-bang-vape","10":"product_cat-disposable-vape","11":"product_tag-2-in-1","12":"product_tag-60k-puffs-vape","13":"product_tag-adjustable-airflow","14":"product_tag-bang-refillable","15":"product_tag-direct-to-lung-dtl","16":"product_tag-disposable-vape","17":"product_tag-double-flavors","19":"first","20":"instock","21":"sale","22":"shipping-taxable","23":"purchasable","24":"product-type-variable"},"_links":{"self":[{"href":"https:\/\/pgvape.com\/it\/wp-json\/wp\/v2\/product\/8412","targetHints":{"allow":["GET"]}}],"collection":[{"href":"https:\/\/pgvape.com\/it\/wp-json\/wp\/v2\/product"}],"about":[{"href":"https:\/\/pgvape.com\/it\/wp-json\/wp\/v2\/types\/product"}],"replies":[{"embeddable":true,"href":"https:\/\/pgvape.com\/it\/wp-json\/wp\/v2\/comments?post=8412"}],"wp:featuredmedia":[{"embeddable":true,"href":"https:\/\/pgvape.com\/it\/wp-json\/wp\/v2\/media\/8447"}],"wp:attachment":[{"href":"https:\/\/pgvape.com\/it\/wp-json\/wp\/v2\/media?parent=8412"}],"wp:term":[{"taxonomy":"product_brand","embeddable":true,"href":"https:\/\/pgvape.com\/it\/wp-json\/wp\/v2\/product_brand?post=8412"},{"taxonomy":"product_cat","embeddable":true,"href":"https:\/\/pgvape.com\/it\/wp-json\/wp\/v2\/product_cat?post=8412"},{"taxonomy":"product_tag","embeddable":true,"href":"https:\/\/pgvape.com\/it\/wp-json\/wp\/v2\/product_tag?post=8412"}],"curies":[{"name":"wp","href":"https:\/\/api.w.org\/{rel}","templated":true}]}}