{"id":8357,"date":"2026-01-08T09:59:45","date_gmt":"2026-01-08T09:59:45","guid":{"rendered":"https:\/\/pgvape.com\/?post_type=product&#038;p=8357"},"modified":"2026-03-15T13:42:00","modified_gmt":"2026-03-15T13:42:00","slug":"fumot-eco-2in1-50000-50k-sbuffi-doppi-gusti-usa-e-getta-vape-2-3-5nicotina-24gusto-bagliore-iridescente-schermo-di-visualizzazione-intelligente-vape-allingrosso-della-fabbrica","status":"publish","type":"product","link":"https:\/\/pgvape.com\/it\/prodotto\/fumot-eco-2in1-50000-50k-sbuffi-doppi-gusti-usa-e-getta-vape-2-3-5nicotina-24gusto-bagliore-iridescente-schermo-di-visualizzazione-intelligente-vape-allingrosso-della-fabbrica\/","title":{"rendered":"Fumot ECO 2in1 50000 50K Soffi Doppi Sapori Monouso Vape 2% 3% 5%Nicotina 24 Gusto Iridescente Bagliore Smart Display Screen Vape All'ingrosso della fabbrica"},"content":{"rendered":"<p><strong data-sourcepos=\"6:5-6:29\">Fumot ECO 2 in 1 50K<\/strong> ridefinisce lo svapo usa e getta con il suo <strong data-sourcepos=\"6:67-6:97\">sistema a camera a doppio sapore<\/strong> (10 ml + 10 ml), consentendo agli utenti di passare da due gusti premium in un unico elegante dispositivo. <strong data-sourcepos=\"6:202-6:218\">50.000 sbuffi<\/strong> e alimentato da una lunga durata <strong data-sourcepos=\"6:249-6:280\">Batteria ricaricabile da 950 mAh<\/strong>, combina prestazioni eccezionali con funzionalit\u00e0 intelligenti, tra cui a <strong data-sourcepos=\"6:357-6:381\">schermo di visualizzazione intelligente<\/strong> e accattivante <strong data-sourcepos=\"6:399-6:430\">illuminazione dinamica iridescente<\/strong>. <strong data-sourcepos=\"6:437-6:467\">24 abbinamenti di sapori curati<\/strong>, <strong data-sourcepos=\"6:469-6:497\">tre punti di forza della nicotina<\/strong>, e ad alte prestazioni <strong data-sourcepos=\"6:522-6:540\">Bobina a maglie da 0,9 \u03a9<\/strong>, \u00e8 progettato per i vapers che richiedono variet\u00e0, longevit\u00e0 e stile.<\/p>\n<p>&nbsp;<\/p>\n<h2><strong><span style=\"font-size: 90%;\">Fumot ECO 2in1 50000 50K soffi doppi sapori Vape usa e getta Specifiche<\/span><\/strong><\/h2>\n<p><strong data-sourcepos=\"11:6-11:28\">Sistema a doppio sapore<\/strong>\u00a0\u2013 Passa tra due camere aromatiche da 10 ml per un'esperienza di svapo versatile.<\/p>\n<p><strong data-sourcepos=\"12:7-12:31\">Schermo di visualizzazione intelligente<\/strong>\u00a0\u2013 Durata della batteria in tempo reale e stato del dispositivo a colpo d'occhio.<\/p>\n<p><strong data-sourcepos=\"13:5-13:36\">Illuminazione dinamica iridescente<\/strong>\u00a0\u2013 Effetto visivo premium che migliora l'attrattiva sullo scaffale.<\/p>\n<p><strong data-sourcepos=\"14:6-14:46\">Batteria da 950 mAh + ricarica rapida USB-C<\/strong>\u00a0\u2013 Alimentazione ricaricabile ad alta capacit\u00e0 per un uso prolungato.<\/p>\n<p><strong data-sourcepos=\"15:6-15:24\">Bobina a maglie da 0,9 \u03a9<\/strong>\u00a0\u2013 Vapore morbido e saporito con un rendimento costante.<\/p>\n<p><strong data-sourcepos=\"16:6-16:28\">Fino a 50.000 sbuffi<\/strong>\u00a0\u2013 Durata di vita eccezionale per utenti pesanti.<\/p>\n<p><strong data-sourcepos=\"17:6-17:25\">5 unit\u00e0 per scatola<\/strong>\u00a0\u2013 Imballaggio semplificato per la vendita al dettaglio e all'ingrosso.<\/p>\n<p><strong data-sourcepos=\"18:6-18:36\">Design ergonomico ed elegante<\/strong>\u00a0\u2013 Impugnatura comoda con un\u2019estetica moderna.<\/p>\n<p>&nbsp;<\/p>\n<h3><strong><span style=\"font-size: 90%;\">Elenco dei sapori di Vape usa e getta Fumot ECO 2in1 50000 50K Soffi doppi sapori:<\/span><\/strong><\/h3>\n<p>1.Black Mamba e Mr Blue<\/p>\n<p>2. Ghiaccio nero e ghiaccio all'uva<\/p>\n<p>3. Ghiaccio alla pesca e mamba bianco<\/p>\n<p>4.Lady Killer e Amore 66<\/p>\n<p>5. Hubba Bubba al mirtillo e Hubba Bubba all'anguria<\/p>\n<p>6.Orsetto gommoso all'uva e Orsetto gommoso alla fragola<\/p>\n<p>7.Mela acida e pesca succosa<\/p>\n<p>8.Fanta &amp; Cola Ghiaccio<\/p>\n<p>9. Orsetto gommoso e birilli<\/p>\n<p>10. Ghiaccio di cactus e kiwi di cactus<\/p>\n<p>11. Anguria, mango e pesca e pina colada<\/p>\n<p>12.Cherry Ice e Blue Razz Cherry<\/p>\n<p>13. Ghiaccio alla menta fresca e anguria<\/p>\n<p>14. Anguria al limone, lime e fragole<\/p>\n<p>15.Limonata rosa e caramelle acide<\/p>\n<p>16. Gomma da masticare Vimto e anguria<\/p>\n<p>17. Ghiaccio alla banana e ghiaccio al drago nero<\/p>\n<p>18.Orsetto gommoso Blue Razz e ghiacciolo Blue Razz<\/p>\n<p>19.Ice Pop e kiwi frutto della passione guava<\/p>\n<p>20.Ghiaccio alla fragola e mirtilli rossi<\/p>\n<p>21. Frutti di bosco misti e limonata Blue Razz<\/p>\n<p>22.Red Bull Ice e gelato alla pesca al mirtillo<\/p>\n<p>23. Kiwi alla fragola e lampone acido al mirtillo<\/p>\n<p>24.Cola Limone e Ananas Limone Mela Verde<img loading=\"lazy\" decoding=\"async\" class=\"alignnone wp-image-8386 size-full\" src=\"https:\/\/pgvape.com\/wp-content\/uploads\/2026\/01\/Fumot-ECO-2-in-1-50000-50K-Puffs-Double-Flavors-Disposable-Vape-2-3-5Nicotine-24Taste-Smart-Display-Screen-Vape-Factory-Wholesale.png\" alt=\"Griglia di colorati dispositivi di vaporizzazione ECO 2in1 50K in corpi sfumati con piccoli display ed etichette aromatiche.\" width=\"1229\" height=\"1754\" srcset=\"https:\/\/pgvape.com\/wp-content\/uploads\/2026\/01\/Fumot-ECO-2-in-1-50000-50K-Puffs-Double-Flavors-Disposable-Vape-2-3-5Nicotine-24Taste-Smart-Display-Screen-Vape-Factory-Wholesale.png 1229w, https:\/\/pgvape.com\/wp-content\/uploads\/2026\/01\/Fumot-ECO-2-in-1-50000-50K-Puffs-Double-Flavors-Disposable-Vape-2-3-5Nicotine-24Taste-Smart-Display-Screen-Vape-Factory-Wholesale-252x360.png 252w, https:\/\/pgvape.com\/wp-content\/uploads\/2026\/01\/Fumot-ECO-2-in-1-50000-50K-Puffs-Double-Flavors-Disposable-Vape-2-3-5Nicotine-24Taste-Smart-Display-Screen-Vape-Factory-Wholesale-595x849.png 595w, https:\/\/pgvape.com\/wp-content\/uploads\/2026\/01\/Fumot-ECO-2-in-1-50000-50K-Puffs-Double-Flavors-Disposable-Vape-2-3-5Nicotine-24Taste-Smart-Display-Screen-Vape-Factory-Wholesale-280x400.png 280w, https:\/\/pgvape.com\/wp-content\/uploads\/2026\/01\/Fumot-ECO-2-in-1-50000-50K-Puffs-Double-Flavors-Disposable-Vape-2-3-5Nicotine-24Taste-Smart-Display-Screen-Vape-Factory-Wholesale-768x1096.png 768w, https:\/\/pgvape.com\/wp-content\/uploads\/2026\/01\/Fumot-ECO-2-in-1-50000-50K-Puffs-Double-Flavors-Disposable-Vape-2-3-5Nicotine-24Taste-Smart-Display-Screen-Vape-Factory-Wholesale-1076x1536.png 1076w, https:\/\/pgvape.com\/wp-content\/uploads\/2026\/01\/Fumot-ECO-2-in-1-50000-50K-Puffs-Double-Flavors-Disposable-Vape-2-3-5Nicotine-24Taste-Smart-Display-Screen-Vape-Factory-Wholesale-8x12.png 8w, https:\/\/pgvape.com\/wp-content\/uploads\/2026\/01\/Fumot-ECO-2-in-1-50000-50K-Puffs-Double-Flavors-Disposable-Vape-2-3-5Nicotine-24Taste-Smart-Display-Screen-Vape-Factory-Wholesale-600x856.png 600w\" sizes=\"auto, (max-width: 1229px) 100vw, 1229px\" \/><\/p>\n<p>&nbsp;<\/p>\n<h3><strong><span style=\"font-size: 90%;\">Fumot ECO 2in1 50000 50K Sbuffi Doppi Sapori Vape Usa E Getta Video:<\/span><\/strong><\/h3>\n<p><iframe loading=\"lazy\" title=\"Fumot ECO 2in1 50000 50K Soffi Doppi Sapori Vape Monouso Iridescente Glow Vape Commercio All&#039;ingrosso Della Fabbrica\" width=\"1020\" height=\"574\" src=\"https:\/\/www.youtube.com\/embed\/kVNLWrUJ9Ps?feature=oembed\" frameborder=\"0\" allow=\"accelerometer; autoplay; clipboard-write; encrypted-media; gyroscope; picture-in-picture; web-share\" referrerpolicy=\"strict-origin-when-cross-origin\" allowfullscreen><\/iframe><\/p>\n<p>&nbsp;<\/p>\n<h2><strong><span style=\"font-size: 90%;\">Domande frequenti su Fumot ECO 2in1 50000 50K Sbuffi Doppi sapori Vape usa e getta<\/span><\/strong><\/h2>\n<p>\u2753 <strong class=\"\">Quanti puff per dispositivo?<\/strong><br \/>\n\u2705 Valutato in fabbrica <strong>50.000 sbuffi<\/strong>\u2014settimane di utilizzo quotidiano.<\/p>\n<p>\u2753 <strong>Come cambio i gusti?<\/strong><br \/>\n\u2705 <strong>Bicamerale 2 in 1<\/strong>-scambiare tra <strong>due gusti preriempiti<\/strong> immediatamente.<\/p>\n<p>\u2753 <strong>\u00c8 ricaricabile?<\/strong><br \/>\n\u2705 <strong>950 mAh<\/strong> batteria + <strong>Tipo C<\/strong> port; ricarica completa in ~30 min.<\/p>\n<p>\u2753 <strong>Quali dosaggi di nicotina sono offerti?<\/strong><br \/>\n\u2705 <strong>2 %, 3 %, 5 %<\/strong>-scegli liscio, equilibrato o forte.<\/p>\n<p>\u2753 <strong>Come fa il sapore a rimanere ricco?<\/strong><br \/>\n\u2705 <strong>Bobina a maglie da 0,9 \u03a9<\/strong> si riscalda uniformemente per nuvole setose e dense.<\/p>\n<p>\u2753 <strong>Come posso monitorare lo stato?<\/strong><br \/>\n\u2705 <strong>Visualizzazione intelligente<\/strong> mostra la batteria e la camera attiva.<\/p>\n<p>\u2753 <strong>Sembra premium sullo scaffale?<\/strong><br \/>\n\u2705 <strong>Luce dinamica iridescente<\/strong> crea un bagliore da capogiro.<\/p>\n<p>\u2753 <strong>Confezione pronta per la vendita al dettaglio?<\/strong><br \/>\n\u2705 <strong>5 pezzi\/scatola<\/strong>\u2014display compatto, ideale per ordini all'ingrosso.<\/p>\n<p>&nbsp;<\/p>\n<h3 id=\"brxe-najhln\" class=\"brxe-heading\">Domande frequenti (FAQ)<\/h3>\n<div id=\"brxe-rajiac\" class=\"brxe-text\">\n<p><strong>D: Quali metodi di pagamento accettate?<\/strong><br \/>\nR: Accettiamo PayPal, Stripe, bonifici bancari (supportati SEPA), le principali carte di credito (Visa, MasterCard, American Express) e pagamenti in criptovaluta.<\/p>\n<p><strong>D: Quanto tempo richiede la preparazione dell'ordine?<\/strong><br \/>\nR: La preparazione dell'ordine richiede 1-3 giorni lavorativi.<\/p>\n<p><strong>D: Qual \u00e8 il tempo di spedizione?<\/strong><br \/>\nR: Il tempo di spedizione \u00e8 di 7-14 giorni lavorativi, a seconda della localit\u00e0. Le merci spedite dai magazzini europei richiedono in genere 3-6 giorni lavorativi per la consegna.<\/p>\n<p><strong>D: Come posso monitorare il mio ordine?<\/strong><br \/>\nR: Dopo la spedizione riceverai un'e-mail di conferma con un numero di tracciabilit\u00e0 per il monitoraggio in tempo reale.<\/p>\n<p><strong>D: Qual \u00e8 la vostra politica di restituzione?<\/strong><br \/>\nR: Offriamo una politica di restituzione di 30 giorni per rimborsi o cambi. .<\/p>\n<p><strong>D: Ci saranno problemi doganali?<br \/>\n<\/strong>Gestiamo tutte le procedure di sdoganamento per garantirti un'esperienza senza problemi. .<\/p>\n<p><strong>D: Quali metodi di spedizione vengono utilizzati?<\/strong><br \/>\nCollaboriamo con UPS\/DHL\/FEDEX\/DPD, ecc. Sceglieremo l'opzione di spedizione appropriata a seconda del paese di consegna per assicurarti di ricevere i tuoi prodotti il \u200b\u200bpi\u00f9 rapidamente possibile.<\/p>\n<p><a href=\"https:\/\/pgvape.com\/it\/domande-frequenti\/\">Fare clic qui per ulteriori domande frequenti<\/a><\/p>\n<p>Cari clienti, se avete domande sul vostro ordine o sull'arrivo della merce, contattate il nostro servizio clienti. Grazie!<\/p>\n<h3 data-sourcepos=\"73:1-73:21\"><strong data-sourcepos=\"73:7-73:21\">Contattaci<\/strong><\/h3>\n<div id=\"text-2419739398\" class=\"text\">\n<p><strong data-sourcepos=\"75:3-75:12\">E-mail<\/strong>:\u00a0<a href=\"mailto:support@pgvape.com\"><strong>support@pgvape.com<\/strong><\/a><\/p>\n<p><strong data-sourcepos=\"76:3-76:15\">Whatsapp<\/strong>:\u00a0<a href=\"https:\/\/wa.me\/+8618128481258\"><strong>+86 18128481258<\/strong><\/a><br \/>\n<strong>(Risposta entro 24 ore nei giorni lavorativi)<\/strong><\/p>\n<\/div>\n<h3><strong>Grazie per aver scelto pgvape.com! .<\/strong><\/h3>\n<\/div>","protected":false},"excerpt":{"rendered":"<p><strong>Fumot ECO 2 in 1 50K<\/strong>\u2014<strong>Soffi da 50.000<\/strong>, <strong>doppio 10 ml<\/strong>, <strong>Maglia da 0,9 \u03a9<\/strong>, <strong>visualizzazione intelligente<\/strong>, <strong>bagliore iridescente<\/strong>, <strong>2-5 % nic<\/strong>.<strong>Capovolgi i sapori, accendi, vaporizza per settimane.<\/strong><\/p>","protected":false},"featured_media":8360,"comment_status":"open","ping_status":"closed","template":"","meta":{"_seopress_robots_primary_cat":"none","_seopress_titles_title":"","_seopress_titles_desc":"","_seopress_robots_index":""},"product_brand":[516,162],"product_cat":[61,515,26],"product_tag":[370,545,90,278,544,546,217],"class_list":{"0":"post-8357","1":"product","2":"type-product","3":"status-publish","4":"has-post-thumbnail","6":"product_brand-disposable-vape","7":"product_brand-fumot-vape","8":"product_cat-50k-puffs-vape","9":"product_cat-disposable-vape","10":"product_cat-fumot-vape","11":"product_tag-150k-puffs-vape","12":"product_tag-2in1","13":"product_tag-disposable-vape","14":"product_tag-double-flavors","15":"product_tag-fumot-eco","16":"product_tag-iridescent-glow","17":"product_tag-smart-display-screen","19":"first","20":"instock","21":"sale","22":"shipping-taxable","23":"purchasable","24":"product-type-variable"},"_links":{"self":[{"href":"https:\/\/pgvape.com\/it\/wp-json\/wp\/v2\/product\/8357","targetHints":{"allow":["GET"]}}],"collection":[{"href":"https:\/\/pgvape.com\/it\/wp-json\/wp\/v2\/product"}],"about":[{"href":"https:\/\/pgvape.com\/it\/wp-json\/wp\/v2\/types\/product"}],"replies":[{"embeddable":true,"href":"https:\/\/pgvape.com\/it\/wp-json\/wp\/v2\/comments?post=8357"}],"wp:featuredmedia":[{"embeddable":true,"href":"https:\/\/pgvape.com\/it\/wp-json\/wp\/v2\/media\/8360"}],"wp:attachment":[{"href":"https:\/\/pgvape.com\/it\/wp-json\/wp\/v2\/media?parent=8357"}],"wp:term":[{"taxonomy":"product_brand","embeddable":true,"href":"https:\/\/pgvape.com\/it\/wp-json\/wp\/v2\/product_brand?post=8357"},{"taxonomy":"product_cat","embeddable":true,"href":"https:\/\/pgvape.com\/it\/wp-json\/wp\/v2\/product_cat?post=8357"},{"taxonomy":"product_tag","embeddable":true,"href":"https:\/\/pgvape.com\/it\/wp-json\/wp\/v2\/product_tag?post=8357"}],"curies":[{"name":"wp","href":"https:\/\/api.w.org\/{rel}","templated":true}]}}