{"id":8175,"date":"2025-12-24T08:43:12","date_gmt":"2025-12-24T08:43:12","guid":{"rendered":"https:\/\/pgvape.com\/?post_type=product&#038;p=8175"},"modified":"2025-12-24T08:46:59","modified_gmt":"2025-12-24T08:46:59","slug":"uor-cristallo-12000-12k-sbuffi-vape-usa-e-getta-25nicotina-12taste-rgb-luce-vape-allingrosso-della-fabbrica","status":"publish","type":"product","link":"https:\/\/pgvape.com\/it\/prodotto\/uor-cristallo-12000-12k-sbuffi-vape-usa-e-getta-25nicotina-12taste-rgb-luce-vape-allingrosso-della-fabbrica\/","title":{"rendered":"UOR Crystal 12000 12K Soffi Vape usa e getta 2%, 5% Nicotina 12Taste RGB Light Vape Vendita all'ingrosso della fabbrica"},"content":{"rendered":"<p><strong data-sourcepos=\"6:5-6:26\">UORCristallo 12000<\/strong> \u00e8 un vaporizzatore usa e getta premium ad alta capacit\u00e0, progettato per longevit\u00e0, consistenza del sapore e appeal visivo. <strong data-sourcepos=\"6:147-6:163\">12.000 sbuffi<\/strong> supportato da un <strong data-sourcepos=\"6:180-6:206\">Capacit\u00e0 dell'e-liquid da 18 ml<\/strong>, UN <strong data-sourcepos=\"6:210-6:228\">Bobina a rete da 1,0 \u03a9<\/strong>, e a <strong data-sourcepos=\"6:236-6:267\">Batteria ricaricabile da 650 mAh<\/strong>, eroga un vapore morbido e soddisfacente ad ogni boccata. <strong data-sourcepos=\"6:335-6:366\">Dosaggi di nicotina 2% o 5%<\/strong> e 12 gusti sapientemente realizzati, tutti racchiusi in un dispositivo elegante e accattivante <strong data-sourcepos=\"6:454-6:477\">Indicatore luminoso RGB<\/strong>. .<\/p>\n<p>&nbsp;<\/p>\n<h2><strong><span style=\"font-size: 90%;\">Specifiche del vaporizzatore monouso UOR Crystal 12000 12K<\/span><\/strong><\/h2>\n<p>\ud83d\udd0b\u00a0<strong data-sourcepos=\"11:6-11:37\">Batteria ricaricabile da 650 mAh<\/strong>\u00a0\u2013 Ricarica rapida USB Type-C<\/p>\n<p>\ud83d\udca7\u00a0<strong data-sourcepos=\"12:6-12:34\">E-liquid preriempito da 18 ml<\/strong>\u00a0\u2013 Emissione di sapore stabile e di lunga durata<\/p>\n<p>\ud83d\udd25\u00a0<strong data-sourcepos=\"13:6-13:24\">Bobina a rete da 1,0 \u03a9<\/strong>\u00a0\u2013 Vapore morbido, maggiore chiarezza del sapore<\/p>\n<p>\ud83c\udf08\u00a0<strong data-sourcepos=\"14:6-14:29\">Indicatore luminoso RGB<\/strong>\u00a0\u2013 Feedback visivo moderno durante l'uso<\/p>\n<p>\ud83d\udca8\u00a0<strong data-sourcepos=\"15:6-15:28\">Fino a 12.000 sbuffi<\/strong>\u00a0\u2013 Riduce la necessit\u00e0 di sostituzioni frequenti<\/p>\n<p>\ud83d\udc4c\u00a0<strong data-sourcepos=\"16:6-16:32\">Design elegante e portatile<\/strong>\u00a0\u2013 Sta comodamente in mano e in tasca<\/p>\n<p>\ud83d\udce6\u00a0<strong data-sourcepos=\"17:6-17:33\">10 unit\u00e0 per confezione al dettaglio<\/strong>\u00a0\u2013 Conveniente per la vendita al dettaglio e all\u2019ingrosso<\/p>\n<p>&nbsp;<\/p>\n<h3><strong><span style=\"font-size: 90%;\">Elenco dei sapori di Vape usa e getta UOR Crystal 12000 12K:<\/span><\/strong><\/h3>\n<p><strong>1. Lampone Mirtillo<\/strong><\/p>\n<p><strong>2. Cola alla ciliegia<\/strong><\/p>\n<p><strong>3.Ghiaccio all'uva<\/strong><\/p>\n<p><strong>4. Kiwi frutto della passione Guava<\/strong><\/p>\n<p><strong>5. Bacche miste<\/strong><\/p>\n<p><strong>6. Signor Blu<\/strong><\/p>\n<p><strong>7.Ghiaccio alla pesca<\/strong><\/p>\n<p><strong>8.Doppia mela<\/strong><\/p>\n<p><strong>9.Ghiaccio alla fragola<\/strong><\/p>\n<p><strong>10. Anguria alla fragola<\/strong><\/p>\n<p><strong>11. Kiwi alla fragola<\/strong><\/p>\n<p><strong>12. Ghiaccio all'anguria<img loading=\"lazy\" decoding=\"async\" class=\"alignnone wp-image-8179 size-full\" src=\"https:\/\/pgvape.com\/wp-content\/uploads\/2025\/12\/UOR-Crystal-12000-12K-Puffs-Disposable-Vape-2-5-Nicotine-12Taste-RGB-Light-Vape-Factory-Wholesale-pgvape-2.png\" alt=\"Banner promozionale blu che mostra bottiglie di vaporizzatore usa e getta UOR Crystal 12K Puffs in vari gusti con grafica di scimmie e confezione rossa sulla destra.\" width=\"2000\" height=\"1125\" srcset=\"https:\/\/pgvape.com\/wp-content\/uploads\/2025\/12\/UOR-Crystal-12000-12K-Puffs-Disposable-Vape-2-5-Nicotine-12Taste-RGB-Light-Vape-Factory-Wholesale-pgvape-2.png 2000w, https:\/\/pgvape.com\/wp-content\/uploads\/2025\/12\/UOR-Crystal-12000-12K-Puffs-Disposable-Vape-2-5-Nicotine-12Taste-RGB-Light-Vape-Factory-Wholesale-pgvape-2-555x312.png 555w, https:\/\/pgvape.com\/wp-content\/uploads\/2025\/12\/UOR-Crystal-12000-12K-Puffs-Disposable-Vape-2-5-Nicotine-12Taste-RGB-Light-Vape-Factory-Wholesale-pgvape-2-595x335.png 595w, https:\/\/pgvape.com\/wp-content\/uploads\/2025\/12\/UOR-Crystal-12000-12K-Puffs-Disposable-Vape-2-5-Nicotine-12Taste-RGB-Light-Vape-Factory-Wholesale-pgvape-2-400x225.png 400w, https:\/\/pgvape.com\/wp-content\/uploads\/2025\/12\/UOR-Crystal-12000-12K-Puffs-Disposable-Vape-2-5-Nicotine-12Taste-RGB-Light-Vape-Factory-Wholesale-pgvape-2-768x432.png 768w, https:\/\/pgvape.com\/wp-content\/uploads\/2025\/12\/UOR-Crystal-12000-12K-Puffs-Disposable-Vape-2-5-Nicotine-12Taste-RGB-Light-Vape-Factory-Wholesale-pgvape-2-1536x864.png 1536w, https:\/\/pgvape.com\/wp-content\/uploads\/2025\/12\/UOR-Crystal-12000-12K-Puffs-Disposable-Vape-2-5-Nicotine-12Taste-RGB-Light-Vape-Factory-Wholesale-pgvape-2-18x10.png 18w, https:\/\/pgvape.com\/wp-content\/uploads\/2025\/12\/UOR-Crystal-12000-12K-Puffs-Disposable-Vape-2-5-Nicotine-12Taste-RGB-Light-Vape-Factory-Wholesale-pgvape-2-600x338.png 600w\" sizes=\"auto, (max-width: 2000px) 100vw, 2000px\" \/><\/strong><\/p>\n<p>&nbsp;<\/p>\n<h2><span style=\"font-size: 90%;\">Domande frequenti sul vaporizzatore monouso UOR Crystal 12000 12K<\/span><\/h2>\n<p>\u2753 <strong>Quali dosaggi di nicotina sono offerti?<\/strong><br \/>\n\u2705 <strong>2 %<\/strong> liscio o <strong>5 %<\/strong> forte: scegli il tuo colpo.<\/p>\n<p>\u2753 <strong class=\"\">Come fa il sapore a rimanere coerente?<\/strong><br \/>\n\u2705 <strong>18 ml<\/strong> serbatoio + <strong>Bobina a maglie da 1,0 \u03a9<\/strong> = produzione costante e ricca.<\/p>\n<p>\u2753 <strong>Il vapore \u00e8 omogeneo?<\/strong><br \/>\n\u2705 <strong>Bobina a rete<\/strong> si riscalda uniformemente per nuvole setose e saporite.<\/p>\n<p>\u2753 <strong>\u00c8 ricaricabile?<\/strong><br \/>\n\u2705 <strong>650 mAh<\/strong> batteria + <strong>Tipo C<\/strong> porto: ricariche rapide.<\/p>\n<p>\u2753 <strong>Come faccio a sapere che funziona?<\/strong><br \/>\n\u2705 <strong>Luce RGB<\/strong> si illumina quando disegni: stile + stato.<\/p>\n<p>\u2753 <strong>Quante scelte di gusto?<\/strong><br \/>\n\u2705 <strong>12 miscele curate<\/strong> da <strong>Cola alla ciliegia<\/strong> A <strong>Guava al frutto della passione Kiwi<\/strong>.<\/p>\n<p>\u2753 <strong>Confezione pronta per la vendita al dettaglio?<\/strong><br \/>\n\u2705 <strong>10 pezzi\/scatola<\/strong>\u2014perfetto per scaffali o carrelli sfusi.<\/p>\n<p>&nbsp;<\/p>\n<h3 id=\"brxe-najhln\" class=\"brxe-heading\">Domande frequenti (FAQ)<\/h3>\n<div id=\"brxe-rajiac\" class=\"brxe-text\">\n<p><strong>D: Quali metodi di pagamento accettate?<\/strong><br \/>\nR: Accettiamo PayPal, Stripe, bonifici bancari (supportati SEPA), le principali carte di credito (Visa, MasterCard, American Express) e pagamenti in criptovaluta.<\/p>\n<p><strong>D: Quanto tempo richiede la preparazione dell'ordine?<\/strong><br \/>\nR: La preparazione dell'ordine richiede 1-3 giorni lavorativi.<\/p>\n<p><strong>D: Qual \u00e8 il tempo di spedizione?<\/strong><br \/>\nR: Il tempo di spedizione \u00e8 di 7-14 giorni lavorativi, a seconda della localit\u00e0. Le merci spedite dai magazzini europei richiedono in genere 3-6 giorni lavorativi per la consegna.<\/p>\n<p><strong>D: Come posso monitorare il mio ordine?<\/strong><br \/>\nR: Dopo la spedizione riceverai un'e-mail di conferma con un numero di tracciabilit\u00e0 per il monitoraggio in tempo reale.<\/p>\n<p><strong>D: Qual \u00e8 la vostra politica di restituzione?<\/strong><br \/>\nR: Offriamo una politica di restituzione di 30 giorni per rimborsi o cambi. .<\/p>\n<p><strong>D: Ci saranno problemi doganali?<br \/>\n<\/strong>Gestiamo tutte le procedure di sdoganamento per garantirti un'esperienza senza problemi. .<\/p>\n<p><strong>D: Quali metodi di spedizione vengono utilizzati?<\/strong><br \/>\nCollaboriamo con UPS\/DHL\/FEDEX\/DPD, ecc. Sceglieremo l'opzione di spedizione appropriata a seconda del paese di consegna per assicurarti di ricevere i tuoi prodotti il \u200b\u200bpi\u00f9 rapidamente possibile.<\/p>\n<p><a href=\"https:\/\/pgvape.com\/it\/domande-frequenti\/\">Fare clic qui per ulteriori domande frequenti<\/a><\/p>\n<p>Cari clienti, se avete domande sul vostro ordine o sull'arrivo della merce, contattate il nostro servizio clienti. Grazie!<\/p>\n<h3 data-sourcepos=\"73:1-73:21\"><strong data-sourcepos=\"73:7-73:21\">Contattaci<\/strong><\/h3>\n<div id=\"text-2419739398\" class=\"text\">\n<p><strong data-sourcepos=\"75:3-75:12\">E-mail<\/strong>:\u00a0<a href=\"mailto:support@pgvape.com\"><strong>support@pgvape.com<\/strong><\/a><\/p>\n<p><strong data-sourcepos=\"76:3-76:15\">Whatsapp<\/strong>:\u00a0<a href=\"https:\/\/wa.me\/+8618128481258\"><strong>+86 18128481258<\/strong><\/a><br \/>\n<strong>(Risposta entro 24 ore nei giorni lavorativi)<\/strong><\/p>\n<\/div>\n<h3><strong>Grazie per aver scelto pgvape.com! .<\/strong><\/h3>\n<\/div>","protected":false},"excerpt":{"rendered":"<p><strong>UORCristallo 12000<\/strong>\u2014<strong>Soffi da 12K<\/strong>, <strong>18 ml<\/strong>, <strong>bobina a rete<\/strong>, <strong>Bagliore RGB<\/strong>, <strong>Tipo C<\/strong>, <strong>2 %\/5 % nic<\/strong>.<strong>Cristallo fuori, sapore dentro.<\/strong><\/p>","protected":false},"featured_media":8178,"comment_status":"open","ping_status":"closed","template":"","meta":{"_seopress_robots_primary_cat":"none","_seopress_titles_title":"","_seopress_titles_desc":"","_seopress_robots_index":""},"product_brand":[516,345],"product_cat":[147,515,344],"product_tag":[376,90,490,539,538],"class_list":{"0":"post-8175","1":"product","2":"type-product","3":"status-publish","4":"has-post-thumbnail","6":"product_brand-disposable-vape","7":"product_brand-uor-vape","8":"product_cat-12k-puffs-vape","9":"product_cat-disposable-vape","10":"product_cat-uor-vape","11":"product_tag-12k-puffs-vape","12":"product_tag-disposable-vape","13":"product_tag-minimum-2-pieces","14":"product_tag-rgb-light","15":"product_tag-uor-crystal-12000","17":"first","18":"instock","19":"sale","20":"shipping-taxable","21":"purchasable","22":"product-type-variable"},"_links":{"self":[{"href":"https:\/\/pgvape.com\/it\/wp-json\/wp\/v2\/product\/8175","targetHints":{"allow":["GET"]}}],"collection":[{"href":"https:\/\/pgvape.com\/it\/wp-json\/wp\/v2\/product"}],"about":[{"href":"https:\/\/pgvape.com\/it\/wp-json\/wp\/v2\/types\/product"}],"replies":[{"embeddable":true,"href":"https:\/\/pgvape.com\/it\/wp-json\/wp\/v2\/comments?post=8175"}],"wp:featuredmedia":[{"embeddable":true,"href":"https:\/\/pgvape.com\/it\/wp-json\/wp\/v2\/media\/8178"}],"wp:attachment":[{"href":"https:\/\/pgvape.com\/it\/wp-json\/wp\/v2\/media?parent=8175"}],"wp:term":[{"taxonomy":"product_brand","embeddable":true,"href":"https:\/\/pgvape.com\/it\/wp-json\/wp\/v2\/product_brand?post=8175"},{"taxonomy":"product_cat","embeddable":true,"href":"https:\/\/pgvape.com\/it\/wp-json\/wp\/v2\/product_cat?post=8175"},{"taxonomy":"product_tag","embeddable":true,"href":"https:\/\/pgvape.com\/it\/wp-json\/wp\/v2\/product_tag?post=8175"}],"curies":[{"name":"wp","href":"https:\/\/api.w.org\/{rel}","templated":true}]}}