{"id":7904,"date":"2025-12-17T12:50:31","date_gmt":"2025-12-17T12:50:31","guid":{"rendered":"https:\/\/pgvape.com\/?post_type=product&#038;p=7904"},"modified":"2026-03-15T13:36:50","modified_gmt":"2026-03-15T13:36:50","slug":"bang-leader-stoll-300000-300k-sbuffi-6-in-1-vape-usa-e-getta-0-2-3-5-nicotina-12-gusti-smart-screen-vape-fabbrica-diretta","status":"publish","type":"product","link":"https:\/\/pgvape.com\/it\/prodotto\/bang-leader-stoll-300000-300k-sbuffi-6-in-1-vape-usa-e-getta-0-2-3-5-nicotina-12-gusti-smart-screen-vape-fabbrica-diretta\/","title":{"rendered":"Bang Leader Stoll 300000 300K sbuffi 6 in 1 Vape usa e getta 0% 2% 3% 5% Nicotina 12Tastes Smart Screen Vape Factory Direct"},"content":{"rendered":"<p>Bang Leader Stoll \u00e8 un punto di svolta: 300.000 boccate, sei gusti in una capsula e una batteria che dura.\u00a0<strong>Vape<\/strong>\u00a0Combina una longevit\u00e0 senza pari con opzioni di sapore versatili.\u00a0<strong>Bobine di rete<\/strong>, Fornisce nuvole omogenee, pi\u00f9 ricche e sapore intenso attraverso la sua area di riscaldamento ampliata.\u00a0<strong>Svapare<\/strong>\u00a0Soluzione progettata per un uso prolungato.<\/p>\n<p>&nbsp;<\/p>\n<h2><span style=\"font-size: 90%;\">Bang Leader Stoll 300000 300K Puffs 6 in 1 Vape usa e getta Specifiche<\/span><\/h2>\n<p><strong data-sourcepos=\"11:5-11:35\">\u00a0300.000 sbuffi impareggiabili<\/strong>: Capacit\u00e0 leader del settore progettata per una longevit\u00e0 estrema.<\/p>\n<p><strong data-sourcepos=\"12:5-12:33\">\u00a06 gusti in 1 dispositivo<\/strong>: Un sistema a cialde rotanti ospita sei distinti serbatoi di aromi.<\/p>\n<p><strong data-sourcepos=\"13:5-13:30\">\u00a0Display OLED intelligente<\/strong>: Monitoraggio in tempo reale della percentuale della batteria e dei livelli individuali di e-liquid.<\/p>\n<p><strong data-sourcepos=\"14:5-14:31\">\u00a0Ricarica USB-C veloce<\/strong>: La batteria da 650 mAh supporta ricariche rapide per tempi di inattivit\u00e0 minimi.<\/p>\n<p><strong data-sourcepos=\"15:5-15:31\">\u00a0Bobine a rete avanzate<\/strong>: Garantisce un sapore ricco e una produzione di vapore denso dal primo tiro all'ultimo.<\/p>\n<p><strong data-sourcepos=\"16:5-16:34\">\u00a0Nicotina personalizzabile<\/strong>: Disponibile nelle concentrazioni di nicotina 0%, 2%, 3% e 5%.<\/p>\n<p><strong data-sourcepos=\"17:5-17:33\">\u00a0Quadrante intuitivo del sapore<\/strong>: Ruota senza sforzo tra le sei camere degli aromi preriempite.<\/p>\n<p>&nbsp;<\/p>\n<h3><span style=\"font-size: 90%;\">Bang Leader Stoll 300000 300K Puff 6 in 1 Elenco aromi Vape usa e getta<\/span><\/h3>\n<p>1. Ghiaccio all'anguria, Red Bull, fragola, kiwi, mirtilli, limone, lime, fragola e anguria<\/p>\n<p>2. Fragola, banana, mela doppia, lampone, anguria, mango acido, ananas, frutta tropicale e pesca al limone<\/p>\n<p>3. Ananas Cocco &amp; Blue Razz &amp; Frutti Di Bosco &amp; Mango Pesca &amp; Mirtillo Lampone &amp; Fragola Coca Cola Alla Vaniglia<\/p>\n<p>4. Bacche di pesca, triplo melone, ghiaccio all'uva, drago nero, ghiaccio frizzante alla ciliegia e orsetto gommoso<\/p>\n<p>5. Caramelle arcobaleno e ghiaccio alla cola alla ciliegia e amore 666 e ghiaccio al mango e zucchero filato ai mirtilli e ghiaccio alla pesca<\/p>\n<p>6.Aloe Litchi Ghiaccio &amp; Limonata Rosa &amp; Ghiaccio Glacier &amp; Aghi Di Pino Menta &amp; Ghiaccio Ribes Nero &amp; Anguria Limone<\/p>\n<p>7. Ghiaccio di anguria e frutti di bosco misti, mela, pera, mirtillo, menta, ora legale e pesca<\/p>\n<p>8. Bevanda energetica, ghiaccio alla pesca, ghiaccio al mango, bacche di Goji, ribes nero e mamba<\/p>\n<p>9. Coca-Cola alla ciliegia e mirtillo, lampone, ghiaccio Black Dragon e caramelle arcobaleno, ghiaccio Fuji e pesca acida all'anguria<\/p>\n<p>10.Red Bull &amp; Fragola Kiwi &amp; Fragola Banana &amp; Litchi Ghiaccio &amp; Anguria Bacche &amp; Mango Frutto Della Passione<\/p>\n<p>11.Red Bull Cola Ice &amp; Fragola Lampone Ciliegia &amp; Mora Dragon Fruit &amp; Limone Lime &amp; Lampone Pomp &amp; Anguria Kiwi<\/p>\n<p>12. Ghiaccio alla cola e bevanda energetica, ghiaccio alla ciliegia, frutto della passione al melone, ghiaccio alla mora e kiwi alla mela<img loading=\"lazy\" decoding=\"async\" class=\"alignnone wp-image-7909 size-full\" src=\"https:\/\/pgvape.com\/wp-content\/uploads\/2025\/12\/Bang-Leader-Stoll-300000-300K-Puffs-6-in-1-Disposable-Vape-0-2-3-5-Nicotine-12Tastes-Smart-Screen-Vape-Factory-Direct-3.png\" alt=\"\" width=\"1280\" height=\"1518\" srcset=\"https:\/\/pgvape.com\/wp-content\/uploads\/2025\/12\/Bang-Leader-Stoll-300000-300K-Puffs-6-in-1-Disposable-Vape-0-2-3-5-Nicotine-12Tastes-Smart-Screen-Vape-Factory-Direct-3.png 1280w, https:\/\/pgvape.com\/wp-content\/uploads\/2025\/12\/Bang-Leader-Stoll-300000-300K-Puffs-6-in-1-Disposable-Vape-0-2-3-5-Nicotine-12Tastes-Smart-Screen-Vape-Factory-Direct-3-304x360.png 304w, https:\/\/pgvape.com\/wp-content\/uploads\/2025\/12\/Bang-Leader-Stoll-300000-300K-Puffs-6-in-1-Disposable-Vape-0-2-3-5-Nicotine-12Tastes-Smart-Screen-Vape-Factory-Direct-3-595x706.png 595w, https:\/\/pgvape.com\/wp-content\/uploads\/2025\/12\/Bang-Leader-Stoll-300000-300K-Puffs-6-in-1-Disposable-Vape-0-2-3-5-Nicotine-12Tastes-Smart-Screen-Vape-Factory-Direct-3-337x400.png 337w, https:\/\/pgvape.com\/wp-content\/uploads\/2025\/12\/Bang-Leader-Stoll-300000-300K-Puffs-6-in-1-Disposable-Vape-0-2-3-5-Nicotine-12Tastes-Smart-Screen-Vape-Factory-Direct-3-768x911.png 768w, https:\/\/pgvape.com\/wp-content\/uploads\/2025\/12\/Bang-Leader-Stoll-300000-300K-Puffs-6-in-1-Disposable-Vape-0-2-3-5-Nicotine-12Tastes-Smart-Screen-Vape-Factory-Direct-3-10x12.png 10w, https:\/\/pgvape.com\/wp-content\/uploads\/2025\/12\/Bang-Leader-Stoll-300000-300K-Puffs-6-in-1-Disposable-Vape-0-2-3-5-Nicotine-12Tastes-Smart-Screen-Vape-Factory-Direct-3-600x712.png 600w\" sizes=\"auto, (max-width: 1280px) 100vw, 1280px\" \/><\/p>\n<p>&nbsp;<\/p>\n<h3><span style=\"font-size: 90%;\">Bang Leader Stoll 300000 300K Puff 6 in 1 Vape usa e getta <strong>Video:<\/strong><\/span><\/h3>\n<p>&nbsp;<\/p>\n<h2 class=\"header-vfC6AV auto-hide-last-sibling-br\"><span style=\"font-size: 90%;\">Domande frequenti su Bang Leader Stoll 300000 300K Puffs 6 in 1 Vape usa e getta<\/span><\/h2>\n<p>\u2753Quanti sbuffi pu\u00f2 bere il leader di Bang 300K\u00a0<strong>Vape<\/strong> Consegnare?<br \/>\n\u2705Offre fino a 300.000 sbuffi, garantendo una durata ultra lunga <strong style=\"font-size: 14.4px;\">Svapare<\/strong><span style=\"font-size: 14.4px;\">\u00a0Senza frequenti sostituzioni del dispositivo.<\/span><\/p>\n<p>\u2753Quali concentrazioni di nicotina sono disponibili per questo scopo\u00a0<strong>Vape<\/strong>?<br \/>\n\u2705Scegli tra 0% \/ 2% \/ 3% \/ 5% Nicotina: si adatta a diverse preferenze, dall'assunzione senza nicotina a quella alternativa alla sigaretta.<\/p>\n<p>\u2753Come posso cambiare sapore sul\u00a0<strong>Vape<\/strong>?<br \/>\n\u2705\u00c8 dotato di un sistema di sapori 6 in 1: passa facilmente tra sei gusti diversi in un unico dispositivo ogni volta che desideri un cambiamento.<\/p>\n<p>\u2753Qual \u00e8 la durata della batteria e la velocit\u00e0 di ricarica del\u00a0<strong>Vape<\/strong>?<br \/>\n\u2705La batteria da 650 mAh dura tutto il giorno con una singola carica e la porta di tipo C consente una ricarica rapida di 30 minuti per evitare tempi di inattivit\u00e0.<\/p>\n<p>\u2753Come funziona The\u00a0<strong>Vape<\/strong> Garantire sapore e vapore morbidi?<br \/>\n\u2705Attrezza <strong style=\"font-size: 14.4px;\">Bobine di rete<\/strong><span style=\"font-size: 14.4px;\">\u00a0Con un'area di riscaldamento ampliata, aumenta l'intensit\u00e0 del sapore e produce nuvole omogenee e pi\u00f9 ricche.<\/span><\/p>\n<p>\u2753Come posso monitorare la batteria e\u00a0<strong>E-Liquido<\/strong> Livelli?<br \/>\n\u2705Lo schermo intelligente e trasparente mostra la durata della batteria in tempo reale e <strong style=\"font-size: 14.4px;\">E-Liquido<\/strong><span style=\"font-size: 14.4px;\">\u00a0Livelli a colpo d'occhio, per tenerti sotto controllo.<\/span><\/p>\n<p>\u2753\u00c8 questo\u00a0<strong>Vape<\/strong> Adatto per acquisti all'ingrosso?<br \/>\n\u2705S\u00ec, \u00e8 progettato per la vendita all'ingrosso con la sua capacit\u00e0 di sbuffata ultra lunga, opzioni di sapore versatili e prestazioni affidabili - Ideale per negozi al dettaglio e ordini all'ingrosso<\/p>\n<p>&nbsp;<\/p>\n<h3 id=\"brxe-najhln\" class=\"brxe-heading\">Domande frequenti (FAQ)<\/h3>\n<div id=\"brxe-rajiac\" class=\"brxe-text\">\n<p><strong>D: Quali metodi di pagamento accettate?<\/strong><br \/>\nR: Accettiamo PayPal, Stripe, bonifici bancari (supportati SEPA), le principali carte di credito (Visa, MasterCard, American Express) e pagamenti in criptovaluta.<\/p>\n<p><strong>D: Quanto tempo richiede la preparazione dell'ordine?<\/strong><br \/>\nR: La preparazione dell'ordine richiede 1-3 giorni lavorativi.<\/p>\n<p><strong>D: Qual \u00e8 il tempo di spedizione?<\/strong><br \/>\nR: Il tempo di spedizione \u00e8 di 7-14 giorni lavorativi, a seconda della localit\u00e0.<\/p>\n<p><strong>D: Come posso monitorare il mio ordine?<\/strong><br \/>\nR: Dopo la spedizione riceverai un'e-mail di conferma con un numero di tracciabilit\u00e0 per il monitoraggio in tempo reale.<\/p>\n<p><strong>D: Qual \u00e8 la vostra politica di restituzione?<\/strong><br \/>\nR: Offriamo una politica di restituzione di 30 giorni per rimborsi o cambi. .<\/p>\n<p><strong>D: Ci saranno problemi doganali?<br \/>\n<\/strong>Gestiamo tutte le procedure di sdoganamento per garantirti un'esperienza senza problemi. .<\/p>\n<p><strong>D: Quali metodi di spedizione vengono utilizzati?<\/strong><br \/>\nCollaboriamo con UPS\/DHL\/FEDEX\/DPD, ecc. Sceglieremo l'opzione di spedizione appropriata a seconda del paese di consegna per assicurarti di ricevere i tuoi prodotti il \u200b\u200bpi\u00f9 rapidamente possibile.<\/p>\n<p><a href=\"https:\/\/pgvape.com\/it\/domande-frequenti\/\">Fare clic qui per ulteriori domande frequenti<\/a><\/p>\n<p>Cari clienti, se avete domande sul vostro ordine o sull'arrivo della merce, contattate il nostro servizio clienti. Grazie!<\/p>\n<h3 data-sourcepos=\"73:1-73:21\"><strong data-sourcepos=\"73:7-73:21\">Contattaci<\/strong><\/h3>\n<div id=\"text-2419739398\" class=\"text\">\n<p><strong data-sourcepos=\"75:3-75:12\">E-mail<\/strong>:\u00a0<a href=\"mailto:support@pgvape.com\"><strong>support@pgvape.com<\/strong><\/a><\/p>\n<p><strong data-sourcepos=\"76:3-76:15\">Whatsapp<\/strong>:\u00a0<a href=\"https:\/\/wa.me\/+8618128481258\"><strong>+86 18128481258<\/strong><\/a><br \/>\n<strong>(Risposta entro 24 ore nei giorni lavorativi)<\/strong><\/p>\n<\/div>\n<h3><strong>Grazie per aver scelto pgvape.com! .<\/strong><\/h3>\n<\/div>","protected":false},"excerpt":{"rendered":"<p><strong>Bang Leader Stoll 300K<\/strong>\u2014<strong>300.000 sbuffi<\/strong>, <strong>65 ml<\/strong>, <strong>6 gusti<\/strong>, <strong>bobina a rete<\/strong>, <strong>Tipo C<\/strong>, <strong>schermo intelligente<\/strong>.<strong>Gira, clicca, vaporizza per mesi.<\/strong><\/p>","protected":false},"featured_media":7907,"comment_status":"open","ping_status":"closed","template":"","meta":{"_seopress_robots_primary_cat":"none","_seopress_titles_title":"%%post_title%% %%sep%% %%sitetitle%%","_seopress_titles_desc":"","_seopress_robots_index":""},"product_brand":[54,516],"product_cat":[517,32,515],"product_tag":[519,122,518,90,490],"class_list":{"0":"post-7904","1":"product","2":"type-product","3":"status-publish","4":"has-post-thumbnail","6":"product_brand-bang-leader-vape","7":"product_brand-disposable-vape","8":"product_cat-300k-puffs-vape","9":"product_cat-bang-leader-vape","10":"product_cat-disposable-vape","11":"product_tag-300k-puffs-vape","12":"product_tag-6-in-1","13":"product_tag-bang-leader-stoll-300000","14":"product_tag-disposable-vape","15":"product_tag-minimum-2-pieces","17":"first","18":"instock","19":"sale","20":"shipping-taxable","21":"purchasable","22":"product-type-variable"},"_links":{"self":[{"href":"https:\/\/pgvape.com\/it\/wp-json\/wp\/v2\/product\/7904","targetHints":{"allow":["GET"]}}],"collection":[{"href":"https:\/\/pgvape.com\/it\/wp-json\/wp\/v2\/product"}],"about":[{"href":"https:\/\/pgvape.com\/it\/wp-json\/wp\/v2\/types\/product"}],"replies":[{"embeddable":true,"href":"https:\/\/pgvape.com\/it\/wp-json\/wp\/v2\/comments?post=7904"}],"wp:featuredmedia":[{"embeddable":true,"href":"https:\/\/pgvape.com\/it\/wp-json\/wp\/v2\/media\/7907"}],"wp:attachment":[{"href":"https:\/\/pgvape.com\/it\/wp-json\/wp\/v2\/media?parent=7904"}],"wp:term":[{"taxonomy":"product_brand","embeddable":true,"href":"https:\/\/pgvape.com\/it\/wp-json\/wp\/v2\/product_brand?post=7904"},{"taxonomy":"product_cat","embeddable":true,"href":"https:\/\/pgvape.com\/it\/wp-json\/wp\/v2\/product_cat?post=7904"},{"taxonomy":"product_tag","embeddable":true,"href":"https:\/\/pgvape.com\/it\/wp-json\/wp\/v2\/product_tag?post=7904"}],"curies":[{"name":"wp","href":"https:\/\/api.w.org\/{rel}","templated":true}]}}