{"id":6985,"date":"2025-11-25T09:02:33","date_gmt":"2025-11-25T09:02:33","guid":{"rendered":"https:\/\/pgvape.com\/?post_type=product&#038;p=6985"},"modified":"2025-12-15T11:55:06","modified_gmt":"2025-12-15T11:55:06","slug":"bang-king-triple-100000-100k-sbuffi-vape-usa-e-getta-speciale-natalizio-3-in-1-gusti-confezione-regalo-limitata-per-le-vacanze","status":"publish","type":"product","link":"https:\/\/pgvape.com\/it\/prodotto\/bang-king-triple-100000-100k-sbuffi-vape-usa-e-getta-speciale-natalizio-3-in-1-gusti-confezione-regalo-limitata-per-le-vacanze\/","title":{"rendered":"Bang King Triple 100000 100K Puffs Vape usa e getta Speciale Natale - Confezione regalo natalizia limitata di gusti 3 in 1"},"content":{"rendered":"<p>Festeggia le festivit\u00e0 natalizie con l'edizione natalizia Bang King Triple 100K, dotata di un magico sistema di aromi regolabili 3 in 1 e un'enorme capacit\u00e0 di 100.000 boccate progettata per una gioia festosa di lunga durata.\u00a0<strong>Bobina a rete<\/strong>\u00a0Tecnologia per un gusto pi\u00f9 ricco e un vapore pi\u00f9 denso, dotata di una batteria ricaricabile ad alta capacit\u00e0 + ricarica rapida di tipo C e presenta una struttura a tripla camera anti-perdite per fornire nicotina uniforme e un sapore forte.\u00a0<strong>Vape<\/strong>\u00a0Dispositivo Per Le Festivit\u00e0.<\/p>\n<p>&nbsp;<\/p>\n<h2><span style=\"font-size: 90%;\">Bang King Triple 100K Puffs Specifiche speciali natalizie<\/span><\/h2>\n<p><strong>Tipo di edizione<\/strong>: Confezione regalo in edizione limitata di Natale: set completo di 12 dispositivi<\/p>\n<p><strong>Conteggio dei soffi<\/strong>: 100.000 sbuffi per dispositivo per un divertimento stagionale ultra lungo<\/p>\n<p><strong>Sistema di sapori<\/strong>: Sistema di aroma regolabile 3 in 1 (3X24 ml\u00a0<strong>E-Liquido<\/strong>) \u2014 Scegli tra 3 gusti puri o una miscela per esperienze uniche<\/p>\n<p><strong>Stile di progettazione<\/strong>: Design a tema natalizio con grafica a fiocchi di neve e colori festivi<\/p>\n<p><strong>Tecnologia della bobina<\/strong>:\u00a0<strong>Bobina a rete<\/strong>\u00a0Tecnologia per un gusto pi\u00f9 ricco e un vapore pi\u00f9 denso<\/p>\n<p><strong>Batteria e ricarica<\/strong>: Batteria ricaricabile ad alta capacit\u00e0 + Ricarica di tipo C<\/p>\n<p><strong>Caratteristica della struttura<\/strong>: Struttura a tripla camera anti-perdite<\/p>\n<p><strong>Prestazioni in uscita<\/strong>: Nicotina morbida e sapore forte<\/p>\n<p><strong>Scenari applicabili<\/strong>: perfetto per regali, espositori per la vendita al dettaglio e campagne natalizie<\/p>\n<p>&nbsp;<\/p>\n<h3><span style=\"font-size: 90%;\">Elenco dei sapori speciali di Natale di Bang King Triple 100K Puffs<\/span><\/h3>\n<p>1. Ghiaccio all'anguria, Red Bull e kiwi alla fragola<\/p>\n<p>2. Limone, lime, anguria, fragole e ghiaccio al mirtillo<\/p>\n<p>3. Banana alla fragola, anguria al lampone e limonata rosa<\/p>\n<p>4.Blue Razz Cherry, menta fresca e mango pesca<\/p>\n<p>5. Frutta tropicale e fragola, anguria e pesca al limone<\/p>\n<p>6. Ananas, cocco, banana, fragola e Blue Razz<\/p>\n<p>7. Gelato alla fragola, vaniglia, pesca e drago nero<\/p>\n<p>8. Ghiaccio lussureggiante e kiwi, frutto della passione, guava e mango di paglia<\/p>\n<p>9. Anguria alla fragola e ghiaccio all'anguria e ghiaccio Blue Razz<\/p>\n<p>10.Limonata ai frutti di bosco e fragole Red Bull e pompa alle fragole<\/p>\n<p>11.Doppia mela, fusione fruttata e ghiaccio all'ananas<\/p>\n<p>12.Cola Ice &amp; Mr Blue &amp; Cherry Cola<img loading=\"lazy\" decoding=\"async\" class=\"alignnone wp-image-6991 size-full\" src=\"https:\/\/pgvape.com\/wp-content\/uploads\/2025\/11\/pgvape-Bang-King-Triple-100K-Puffs-Christmas-Special-3.png\" alt=\"Dodici dispositivi di vaporizzazione usa e getta dai colori vivaci disposti su due file sotto una grande intestazione &quot;3 in 1&quot; e &quot;12 gusti&quot;, ciascun tubo mostra un&#039;illustrazione unica a tema festivo o di frutta e il nome del sapore con piccole icone delle specifiche (Tipo-C, 600mAh, 24 ml\u00d73) lungo la parte superiore.\" width=\"1500\" height=\"1305\" srcset=\"https:\/\/pgvape.com\/wp-content\/uploads\/2025\/11\/pgvape-Bang-King-Triple-100K-Puffs-Christmas-Special-3.png 1500w, https:\/\/pgvape.com\/wp-content\/uploads\/2025\/11\/pgvape-Bang-King-Triple-100K-Puffs-Christmas-Special-3-414x360.png 414w, https:\/\/pgvape.com\/wp-content\/uploads\/2025\/11\/pgvape-Bang-King-Triple-100K-Puffs-Christmas-Special-3-595x518.png 595w, https:\/\/pgvape.com\/wp-content\/uploads\/2025\/11\/pgvape-Bang-King-Triple-100K-Puffs-Christmas-Special-3-400x348.png 400w, https:\/\/pgvape.com\/wp-content\/uploads\/2025\/11\/pgvape-Bang-King-Triple-100K-Puffs-Christmas-Special-3-768x668.png 768w, https:\/\/pgvape.com\/wp-content\/uploads\/2025\/11\/pgvape-Bang-King-Triple-100K-Puffs-Christmas-Special-3-14x12.png 14w, https:\/\/pgvape.com\/wp-content\/uploads\/2025\/11\/pgvape-Bang-King-Triple-100K-Puffs-Christmas-Special-3-600x522.png 600w\" sizes=\"auto, (max-width: 1500px) 100vw, 1500px\" \/><\/p>\n<p>&nbsp;<\/p>\n<h3><span style=\"font-size: 90%;\">Video speciale natalizio di Bang King Triple 100K Puffs<strong>:<\/strong><\/span><\/h3>\n<p>&nbsp;<\/p>\n<h2 class=\"header-vfC6AV auto-hide-last-sibling-br\"><span style=\"font-size: 90%;\">Domande frequenti sullo speciale natalizio Bang King Triple 100K Puffs<\/span><\/h2>\n<div class=\"auto-hide-last-sibling-br paragraph-pP9ZLC paragraph-element br-paragraph-space\">\n<p>\u2753Quanti sbuffi offre The Bang King Triple 100K?<br \/>\n<span style=\"font-size: 14.4px;\">\u2705Eroga fino a 100.000 sbuffi, a seconda delle abitudini di utilizzo personali.<\/span><\/p>\n<\/div>\n<div class=\"auto-hide-last-sibling-br paragraph-pP9ZLC paragraph-element br-paragraph-space\">\n<p>\u2753Fa questo\u00a0<strong>Vape<\/strong>\u00a0Utilizzo del dispositivo\u00a0<strong>Bobina a rete<\/strong>\u00a0Tecnologia?<br \/>\n<span style=\"font-size: 14.4px;\">\u2705S\u00ec. <\/span><strong style=\"font-size: 14.4px;\">Bobina a rete<\/strong><span style=\"font-size: 14.4px;\">\u00a0Per un vapore pi\u00f9 forte, un riscaldamento pi\u00f9 rapido e una migliore chiarezza del sapore.<\/span><\/p>\n<\/div>\n<div class=\"auto-hide-last-sibling-br paragraph-pP9ZLC paragraph-element br-paragraph-space\">\n<p>\u2753Ci sono tre gusti in uno\u00a0<strong>Vape<\/strong>\u00a0Dispositivo?<br \/>\n<span style=\"font-size: 14.4px;\">\u2705S\u00ec. .<\/span><\/p>\n<\/div>\n<div class=\"auto-hide-last-sibling-br paragraph-pP9ZLC paragraph-element br-paragraph-space\">\n<p>\u2753\u00c8 The\u00a0<strong>Vape<\/strong>\u00a0La batteria del dispositivo \u00e8 ricaricabile?<br \/>\n<span style=\"font-size: 14.4px;\">\u2705S\u00ec, viene fornito con una batteria ricaricabile, garantendo il pieno <\/span><strong style=\"font-size: 14.4px;\">E-Liquido<\/strong><span style=\"font-size: 14.4px;\">\u00a0La capacit\u00e0 pu\u00f2 essere utilizzata.<\/span><\/p>\n<\/div>\n<div class=\"auto-hide-last-sibling-br paragraph-pP9ZLC paragraph-element br-paragraph-space\">\n<p>\u2753Quanto dura il\u00a0<strong>Vape<\/strong>\u00a0Ultimo dispositivo?<br \/>\n<span style=\"font-size: 14.4px;\">\u2705La durata varia in base alla frequenza del soffio, ma in genere dura da settimane a mesi per la maggior parte degli utenti.<\/span><\/p>\n<\/div>\n<div class=\"auto-hide-last-sibling-br paragraph-pP9ZLC paragraph-element br-paragraph-space\">\n<p>\u2753The Bang King \u00e8 Triple 100K\u00a0<strong>Vape<\/strong>\u00a0Dispositivo sicuro da usare?<br \/>\n<span style=\"font-size: 14.4px;\">\u2705S\u00ec. <\/span><strong style=\"font-size: 14.4px;\">E-Liquido<\/strong><span style=\"font-size: 14.4px;\">\u00a0Ingredienti.<\/span><\/p>\n<\/div>\n<div class=\"auto-hide-last-sibling-br paragraph-pP9ZLC paragraph-element br-paragraph-space\">\u2753Posso acquistare solo alcuni articoli del set regalo?<br \/>\n\u2705No, questo \u00e8 un set regalo natalizio in edizione limitata e i singoli articoli non sono disponibili per l'acquisto. .<\/div>\n<div class=\"auto-hide-last-sibling-br paragraph-pP9ZLC paragraph-element br-paragraph-space\">\n<p>&nbsp;<\/p>\n<h3 id=\"brxe-najhln\" class=\"brxe-heading\">Domande frequenti (FAQ)<\/h3>\n<div id=\"brxe-rajiac\" class=\"brxe-text\">\n<p><strong>D: Quali metodi di pagamento accettate?<\/strong><br \/>\nR: Accettiamo PayPal, Stripe, bonifici bancari (supportati SEPA), le principali carte di credito (Visa, MasterCard, American Express) e pagamenti in criptovaluta.<\/p>\n<p><strong>D: Quanto tempo richiede la preparazione dell'ordine?<\/strong><br \/>\nR: La preparazione dell'ordine richiede 1-3 giorni lavorativi.<\/p>\n<p><strong>D: Qual \u00e8 il tempo di spedizione?<\/strong><br \/>\nR: Il tempo di spedizione \u00e8 di 7-14 giorni lavorativi, a seconda della localit\u00e0.<\/p>\n<p><strong>D: Come posso monitorare il mio ordine?<\/strong><br \/>\nR: Dopo la spedizione riceverai un'e-mail di conferma con un numero di tracciabilit\u00e0 per il monitoraggio in tempo reale.<\/p>\n<p><strong>D: Qual \u00e8 la vostra politica di restituzione?<\/strong><br \/>\nR: Offriamo una politica di restituzione di 30 giorni per rimborsi o cambi. .<\/p>\n<p><strong>D: Ci saranno problemi doganali?<br \/>\n<\/strong>Gestiamo tutte le procedure di sdoganamento per garantirti un'esperienza senza problemi. .<\/p>\n<p><strong>D: Quali metodi di spedizione vengono utilizzati?<\/strong><br \/>\nCollaboriamo con UPS\/DHL\/FEDEX\/DPD, ecc. Sceglieremo l'opzione di spedizione appropriata a seconda del paese di consegna per assicurarti di ricevere i tuoi prodotti il \u200b\u200bpi\u00f9 rapidamente possibile.<\/p>\n<p><a href=\"https:\/\/pgvape.com\/it\/domande-frequenti\/\">Fare clic qui per ulteriori domande frequenti<\/a><\/p>\n<p>Cari clienti, se avete domande sul vostro ordine o sull'arrivo della merce, contattate il nostro servizio clienti. Grazie!<\/p>\n<h3 data-sourcepos=\"73:1-73:21\"><strong data-sourcepos=\"73:7-73:21\">Contattaci<\/strong><\/h3>\n<div id=\"text-2419739398\" class=\"text\">\n<p><strong data-sourcepos=\"75:3-75:12\">E-mail<\/strong>:\u00a0<a href=\"mailto:support@pgvape.com\"><strong>support@pgvape.com<\/strong><\/a><\/p>\n<p><strong data-sourcepos=\"76:3-76:15\">Whatsapp<\/strong>:\u00a0<a href=\"https:\/\/wa.me\/+8618128481258\"><strong>+86 18128481258<\/strong><\/a><br \/>\n<strong>(Risposta entro 24 ore nei giorni lavorativi)<\/strong><\/p>\n<\/div>\n<h3><strong>Grazie per aver scelto pgvape.com! .<\/strong><\/h3>\n<\/div>\n<\/div>","protected":false},"excerpt":{"rendered":"<p>L'edizione natalizia Bang King Triple 100K \u00e8 limitata\u00a0<strong>Vape<\/strong>\u00a0Dispositivo con 100.000 sbuffi, sistema di aroma regolabile 3 in 1 (3X24 ml\u00a0<strong>E-Liquido<\/strong>),\u00a0<strong>Bobina a rete<\/strong>\u00a0Tecnologia, batteria ricaricabile e design festivo: ideali come regalo per le feste e di lunga durata\u00a0<strong>Svapare<\/strong>\u00a0Gioia.<\/p>","protected":false},"featured_media":6989,"comment_status":"open","ping_status":"closed","template":"","meta":{"_seopress_robots_primary_cat":"none","_seopress_titles_title":"","_seopress_titles_desc":"","_seopress_robots_index":""},"product_brand":[19,516],"product_cat":[170,18,515],"product_tag":[395,24,327,474,475],"class_list":{"0":"post-6985","1":"product","2":"type-product","3":"status-publish","4":"has-post-thumbnail","6":"product_brand-bang-king-vape","7":"product_brand-disposable-vape","8":"product_cat-100k-puffs-vape","9":"product_cat-bang-king-vape","10":"product_cat-disposable-vape","11":"product_tag-100k-puffs-vape","12":"product_tag-3-in-1-flavors","13":"product_tag-bang-king-triple","14":"product_tag-christmas-special","15":"product_tag-mtlmouth-to-lung","17":"first","18":"instock","19":"sale","20":"shipping-taxable","21":"purchasable","22":"product-type-variable"},"_links":{"self":[{"href":"https:\/\/pgvape.com\/it\/wp-json\/wp\/v2\/product\/6985","targetHints":{"allow":["GET"]}}],"collection":[{"href":"https:\/\/pgvape.com\/it\/wp-json\/wp\/v2\/product"}],"about":[{"href":"https:\/\/pgvape.com\/it\/wp-json\/wp\/v2\/types\/product"}],"replies":[{"embeddable":true,"href":"https:\/\/pgvape.com\/it\/wp-json\/wp\/v2\/comments?post=6985"}],"wp:featuredmedia":[{"embeddable":true,"href":"https:\/\/pgvape.com\/it\/wp-json\/wp\/v2\/media\/6989"}],"wp:attachment":[{"href":"https:\/\/pgvape.com\/it\/wp-json\/wp\/v2\/media?parent=6985"}],"wp:term":[{"taxonomy":"product_brand","embeddable":true,"href":"https:\/\/pgvape.com\/it\/wp-json\/wp\/v2\/product_brand?post=6985"},{"taxonomy":"product_cat","embeddable":true,"href":"https:\/\/pgvape.com\/it\/wp-json\/wp\/v2\/product_cat?post=6985"},{"taxonomy":"product_tag","embeddable":true,"href":"https:\/\/pgvape.com\/it\/wp-json\/wp\/v2\/product_tag?post=6985"}],"curies":[{"name":"wp","href":"https:\/\/api.w.org\/{rel}","templated":true}]}}