{"id":6733,"date":"2025-11-18T09:04:43","date_gmt":"2025-11-18T09:04:43","guid":{"rendered":"https:\/\/pgvape.com\/?post_type=product&#038;p=6733"},"modified":"2026-03-15T13:15:56","modified_gmt":"2026-03-15T13:15:56","slug":"jnr-aurora-27000-27k-sbuffi-monouso-vape-tpd-certificato-sistema-pod-ricaricabile-vape-fabbrica-diretta","status":"publish","type":"product","link":"https:\/\/pgvape.com\/it\/prodotto\/jnr-aurora-27000-27k-sbuffi-monouso-vape-tpd-certificato-sistema-pod-ricaricabile-vape-fabbrica-diretta\/","title":{"rendered":"JNR Aurora 27000 27K soffi Vape monouso TPD ricaricabile certificato Pod System Vape Factory diretta"},"content":{"rendered":"<p>Sperimenta il massimo dell'innovazione nello svapo con <strong data-sourcepos=\"5:55-5:77\">Kit pod JNR Aurora<\/strong>. <strong data-sourcepos=\"5:93-5:112\">Vape usa e getta<\/strong> Miscele senza eguali <strong data-sourcepos=\"5:130-5:147\">Capacit\u00e0 del soffio<\/strong> Con un design eco-consapevole. <strong data-sourcepos=\"5:196-5:214\">Pod preriempito<\/strong> E l'A <strong data-sourcepos=\"5:221-5:242\">Bottiglia ricaricabile<\/strong> Per un utilizzo flessibile. .<\/p>\n<p>&nbsp;<\/p>\n<h2><span style=\"font-size: 90%;\">JNR Aurora 27000 | Vape monouso con soffio 27K <strong data-sourcepos=\"10:5-10:31\">SpecificheDettagli delle caratteristiche<\/strong><\/span><\/h2>\n<p><strong><span style=\"font-size: 90%;\">Capacit\u00e0 di soffio Fino a 27.000 soffi<\/span><\/strong><\/p>\n<p><strong><span style=\"font-size: 90%;\">Intensit\u00e0 della nicotina 2% (20 mg di sale di nicotina)<\/span><\/strong><\/p>\n<p><strong><span style=\"font-size: 90%;\">Pod preriempito con capacit\u00e0 E-Liquid da 2 ml + flacone di ricarica da 10 ml<\/span><\/strong><\/p>\n<p><strong><span style=\"font-size: 90%;\">Batteria 900 mAh, ricaricabile (tipo C)<\/span><\/strong><\/p>\n<p><strong><span style=\"font-size: 90%;\">Bobina Bobina a doppia maglia (1,0 \u03a9)<\/span><\/strong><\/p>\n<p><strong><span style=\"font-size: 90%;\">Visualizza lo schermo intelligente con indicatori LED<\/span><\/strong><\/p>\n<p><strong><span style=\"font-size: 90%;\">Ricarica Ricarica rapida di tipo C<\/span><\/strong><\/p>\n<p><strong><span style=\"font-size: 90%;\">Certificazione TPD Conforme<\/span><\/strong><\/p>\n<p>&nbsp;<\/p>\n<h3><span style=\"font-size: 90%;\">JNR Aurora 27000 | Vape monouso con soffio 27K <strong data-sourcepos=\"22:5-22:20\">Elenco dei sapori<\/strong><\/span><\/h3>\n<p>1. Lampone rosso mirtillo<\/p>\n<p>2. Kiwi del frutto della passione<\/p>\n<p>3.Ghiaccio di anguria e fragola<\/p>\n<p>4. Ghiaccio all'anguria<\/p>\n<p>5. Bacche miste<\/p>\n<p>6.Ciliegia blu Razz<\/p>\n<p>7. Ghiaccio estivo alla pesca<\/p>\n<p>8.Ghiaccio alla fragola<\/p>\n<p>9. Cola frizzante alla ciliegia<\/p>\n<p>10. Gomma da masticare all'anguria<\/p>\n<p>11.Bacca di pesca<\/p>\n<p>12. Congelamento di anguria alla ciliegia<\/p>\n<p>13.Ghiaccio al mirtillo e melograno<\/p>\n<p>14. Kiwi alla fragola<\/p>\n<p>15.Mirtillo Lampone Ciliegia<img loading=\"lazy\" decoding=\"async\" class=\"alignnone wp-image-7339 size-full\" src=\"https:\/\/pgvape.com\/wp-content\/uploads\/2025\/11\/JNR-Aurora-27000-Puff-Disposable-Vape-pgvape-4.png\" alt=\"Banner promozionale per JNR che mostra una gamma colorata di 15 dispositivi metallici per vaporizzazione usa e getta disposti in file su uno sfondo montano simile a un&#039;aurora, con un titolo in grassetto &#039;15 NUOVI GUSTI EMOZIONANTI!&#039;, una nota &#039;Circa 27000 sbuffi&#039; e i nomi dei sapori sotto ciascun dispositivo.\" width=\"1920\" height=\"1080\" srcset=\"https:\/\/pgvape.com\/wp-content\/uploads\/2025\/11\/JNR-Aurora-27000-Puff-Disposable-Vape-pgvape-4.png 1920w, https:\/\/pgvape.com\/wp-content\/uploads\/2025\/11\/JNR-Aurora-27000-Puff-Disposable-Vape-pgvape-4-555x312.png 555w, https:\/\/pgvape.com\/wp-content\/uploads\/2025\/11\/JNR-Aurora-27000-Puff-Disposable-Vape-pgvape-4-595x335.png 595w, https:\/\/pgvape.com\/wp-content\/uploads\/2025\/11\/JNR-Aurora-27000-Puff-Disposable-Vape-pgvape-4-400x225.png 400w, https:\/\/pgvape.com\/wp-content\/uploads\/2025\/11\/JNR-Aurora-27000-Puff-Disposable-Vape-pgvape-4-768x432.png 768w, https:\/\/pgvape.com\/wp-content\/uploads\/2025\/11\/JNR-Aurora-27000-Puff-Disposable-Vape-pgvape-4-1536x864.png 1536w, https:\/\/pgvape.com\/wp-content\/uploads\/2025\/11\/JNR-Aurora-27000-Puff-Disposable-Vape-pgvape-4-18x10.png 18w, https:\/\/pgvape.com\/wp-content\/uploads\/2025\/11\/JNR-Aurora-27000-Puff-Disposable-Vape-pgvape-4-600x338.png 600w\" sizes=\"auto, (max-width: 1920px) 100vw, 1920px\" \/><\/p>\n<p>&nbsp;<\/p>\n<h3><span style=\"font-size: 90%;\">JNR Aurora 27000 | Vape monouso con soffio 27K <strong>Video<\/strong>:<\/span><\/h3>\n<p><iframe loading=\"lazy\" title=\"JNR Aurora 27K soffi monouso Vape TPD ricaricabile certificato Pod System Vape Factory Direct pgvape\" width=\"1020\" height=\"574\" src=\"https:\/\/www.youtube.com\/embed\/1x1PTYH79CA?feature=oembed\" frameborder=\"0\" allow=\"accelerometer; autoplay; clipboard-write; encrypted-media; gyroscope; picture-in-picture; web-share\" referrerpolicy=\"strict-origin-when-cross-origin\" allowfullscreen><\/iframe><\/p>\n<p>&nbsp;<\/p>\n<h2><span style=\"font-size: 90%;\">Domande frequenti su JNR Aurora 27000 | Vape monouso con soffio 27K<\/span><\/h2>\n<p data-sourcepos=\"49:1-50:121\">\u2753 <strong data-sourcepos=\"49:3-49:42\">Questo dispositivo \u00e8 veramente certificato TPD?<\/strong><br \/>\n\u2705 S\u00ec, il <strong data-sourcepos=\"50:12-50:26\">JNR Aurora<\/strong> \u00e8 completamente <strong data-sourcepos=\"50:36-50:53\">Certificato TPD<\/strong>, rispettando tutte le normative UE per una distribuzione sicura e legale.<\/p>\n<p data-sourcepos=\"52:1-53:96\">\u2753 <strong data-sourcepos=\"52:3-52:35\">Cosa \u00e8 incluso nella confezione?<\/strong><br \/>\n\u2705 Ogni kit contiene il corpo principale del dispositivo, uno <strong data-sourcepos=\"53:47-53:64\">Pod precompilato<\/strong>, e uno <strong data-sourcepos=\"53:74-53:95\">Bottiglia ricaricabile<\/strong>.<\/p>\n<p data-sourcepos=\"55:1-56:122\">\u2753 <strong data-sourcepos=\"55:3-55:43\">Come funziona il sistema ricaricabile?<\/strong><br \/>\n\u2705Inizia con il <strong data-sourcepos=\"56:18-56:39\">Pod preriempito da 2 ml<\/strong>, quindi utilizzare il file fornito <strong data-sourcepos=\"56:63-56:78\">Flacone da 10 ml<\/strong> per riempire manualmente la stessa pod quando \u00e8 vuota.<\/p>\n<p data-sourcepos=\"61:1-62:127\">\u2753 <strong data-sourcepos=\"61:3-61:45\">Chi \u00e8 l'utente ideale per questo dispositivo?<br \/>\n<\/strong> \u2705 \u00c8 perfetto per i vapers che cercano un <strong data-sourcepos=\"62:37-62:60\">Dispositivo di lunga durata<\/strong> con l'ulteriore vantaggio di a <strong data-sourcepos=\"62:89-62:110\">Opzione ricaricabile<\/strong> per ridurre gli sprechi.<\/p>\n<p data-sourcepos=\"40:1-41:184\">\u2753 <strong data-sourcepos=\"40:3-40:67\">Cosa distingue questo dispositivo dai tradizionali dispositivi usa e getta?<\/strong><br \/>\n\u2705 Pur mantenendo la praticit\u00e0 dell'usa e getta, introduce un prodotto ecologico <strong data-sourcepos=\"41:75-41:99\">Componente ricaricabile<\/strong> Riduzione significativa dell'impatto ambientale rispetto ai dispositivi monouso standard.<\/p>\n<p data-sourcepos=\"43:1-44:114\">\u2753 <strong data-sourcepos=\"43:3-43:59\">In che modo il display migliora l'esperienza complessiva?<\/strong><br \/>\n\u2705 L'interfaccia intelligente monitora continuamente le metriche essenziali come il liquido rimanente e il livello di potenza attuale<\/p>\n<p data-sourcepos=\"46:1-47:78\">\u2753 <strong data-sourcepos=\"46:3-46:39\">\u00c8 necessaria una manutenzione speciale?<br \/>\n<\/strong> \u2705 La pulizia ordinaria tra le ricariche massimizza le prestazioni e l'integrit\u00e0 del sapore<\/p>\n<p>&nbsp;<\/p>\n<h3 id=\"brxe-najhln\" class=\"brxe-heading\">Domande frequenti (FAQ)<\/h3>\n<div id=\"brxe-rajiac\" class=\"brxe-text\">\n<p><strong>D: Quali metodi di pagamento accettate?<\/strong><br \/>\nR: Accettiamo PayPal, Stripe, bonifici bancari (supportati SEPA), le principali carte di credito (Visa, MasterCard, American Express) e pagamenti in criptovaluta.<\/p>\n<p><strong>D: Quanto tempo richiede la preparazione dell'ordine?<\/strong><br \/>\nR: La preparazione dell'ordine richiede 1-3 giorni lavorativi.<\/p>\n<p><strong>D: Qual \u00e8 il tempo di spedizione?<\/strong><br \/>\nR: Il tempo di spedizione \u00e8 di 7-14 giorni lavorativi, a seconda della localit\u00e0.<\/p>\n<p><strong>D: Come posso monitorare il mio ordine?<\/strong><br \/>\nR: Dopo la spedizione riceverai un'e-mail di conferma con un numero di tracciabilit\u00e0 per il monitoraggio in tempo reale.<\/p>\n<p><strong>D: Qual \u00e8 la vostra politica di restituzione?<\/strong><br \/>\nR: Offriamo una politica di restituzione di 30 giorni per rimborsi o cambi. .<\/p>\n<p><strong>D: Ci saranno problemi doganali?<br \/>\n<\/strong>Gestiamo tutte le procedure di sdoganamento per garantirti un'esperienza senza problemi. .<\/p>\n<p><strong>D: Quali metodi di spedizione vengono utilizzati?<\/strong><br \/>\nCollaboriamo con UPS\/DHL\/FEDEX\/DPD, ecc. Sceglieremo l'opzione di spedizione appropriata a seconda del paese di consegna per assicurarti di ricevere i tuoi prodotti il \u200b\u200bpi\u00f9 rapidamente possibile.<\/p>\n<p><a href=\"https:\/\/pgvape.com\/it\/domande-frequenti\/\">Fare clic qui per ulteriori domande frequenti<\/a><\/p>\n<p>Cari clienti, se avete domande sul vostro ordine o sull'arrivo della merce, contattate il nostro servizio clienti. Grazie!<\/p>\n<h3 data-sourcepos=\"73:1-73:21\"><strong data-sourcepos=\"73:7-73:21\">Contattaci<\/strong><\/h3>\n<div id=\"text-2419739398\" class=\"text\">\n<p><strong data-sourcepos=\"75:3-75:12\">E-mail<\/strong>:\u00a0<a href=\"mailto:support@pgvape.com\"><strong>support@pgvape.com<\/strong><\/a><\/p>\n<p><strong data-sourcepos=\"76:3-76:15\">Whatsapp<\/strong>:\u00a0<a href=\"https:\/\/wa.me\/+8618128481258\"><strong>+86 18128481258<\/strong><\/a><br \/>\n<strong>(Risposta entro 24 ore nei giorni lavorativi)<\/strong><\/p>\n<\/div>\n<h3><strong>Grazie per aver scelto pgvape.com! .<\/strong><\/h3>\n<\/div>","protected":false},"excerpt":{"rendered":"<p><strong>Luce respiratoria colorata:<\/strong>\u00a0La luce respiratoria colorata aggiunge un tocco di stile, rendendo ogni boccata pi\u00f9 emozionante con i suoi effetti visivi dinamici.<br \/>\n<strong>Kit pod sostituibile:<\/strong>\u00a0Goditi il \u200b\u200bmeglio di entrambi i mondi con una capsula preriempita da 2 ml e una bottiglia ricaricabile da 10 ml, che offrono flessibilit\u00e0 e utilizzo prolungato per un'esperienza soddisfacente.<br \/>\n<strong><b>Vaporizzatore certificato TPD:<\/b><\/strong>\u00a0\u00a0Certificato TPD per sicurezza e conformit\u00e0, garantendoti la possibilit\u00e0 di svapare in tutta sicurezza secondo gli standard pi\u00f9 elevati.<\/p>\n<p>&nbsp;<\/p>","protected":false},"featured_media":7336,"comment_status":"open","ping_status":"closed","template":"","meta":{"_seopress_robots_primary_cat":"none","_seopress_titles_title":"","_seopress_titles_desc":"","_seopress_robots_index":""},"product_brand":[516,228],"product_cat":[469,515,29],"product_tag":[],"class_list":{"0":"post-6733","1":"product","2":"type-product","3":"status-publish","4":"has-post-thumbnail","6":"product_brand-disposable-vape","7":"product_brand-jnr-vape","8":"product_cat-27k-puffs-vape","9":"product_cat-disposable-vape","10":"product_cat-jnr-vape","12":"first","13":"instock","14":"sale","15":"shipping-taxable","16":"purchasable","17":"product-type-variable"},"_links":{"self":[{"href":"https:\/\/pgvape.com\/it\/wp-json\/wp\/v2\/product\/6733","targetHints":{"allow":["GET"]}}],"collection":[{"href":"https:\/\/pgvape.com\/it\/wp-json\/wp\/v2\/product"}],"about":[{"href":"https:\/\/pgvape.com\/it\/wp-json\/wp\/v2\/types\/product"}],"replies":[{"embeddable":true,"href":"https:\/\/pgvape.com\/it\/wp-json\/wp\/v2\/comments?post=6733"}],"wp:featuredmedia":[{"embeddable":true,"href":"https:\/\/pgvape.com\/it\/wp-json\/wp\/v2\/media\/7336"}],"wp:attachment":[{"href":"https:\/\/pgvape.com\/it\/wp-json\/wp\/v2\/media?parent=6733"}],"wp:term":[{"taxonomy":"product_brand","embeddable":true,"href":"https:\/\/pgvape.com\/it\/wp-json\/wp\/v2\/product_brand?post=6733"},{"taxonomy":"product_cat","embeddable":true,"href":"https:\/\/pgvape.com\/it\/wp-json\/wp\/v2\/product_cat?post=6733"},{"taxonomy":"product_tag","embeddable":true,"href":"https:\/\/pgvape.com\/it\/wp-json\/wp\/v2\/product_tag?post=6733"}],"curies":[{"name":"wp","href":"https:\/\/api.w.org\/{rel}","templated":true}]}}